{"id":2089,"date":"2025-06-18T06:14:12","date_gmt":"2025-06-18T06:14:12","guid":{"rendered":"https:\/\/www.usborkeychain.com\/?post_type=product&#038;p=2089"},"modified":"2025-08-02T16:18:31","modified_gmt":"2025-08-02T16:18:31","slug":"usb2-0-keychain-leather-usb-flash-drive","status":"publish","type":"product","link":"https:\/\/www.usborkeychain.com\/es\/producto\/usb2-0-keychain-leather-usb-flash-drive\/","title":{"rendered":"Llavero USB2.0 Memoria USB de cuero"},"content":{"rendered":"<div class=\"wp-block-columns are-vertically-aligned-center is-layout-flex wp-container-core-columns-is-layout-28f84493 wp-block-columns-is-layout-flex\">\n<div class=\"wp-block-column is-vertically-aligned-center is-layout-flow wp-block-column-is-layout-flow\">\n<figure class=\"wp-block-image size-full\"><img fetchpriority=\"high\" decoding=\"async\" width=\"800\" height=\"800\" src=\"https:\/\/www.usborkeychain.com\/wp-content\/uploads\/USB2.0-Keychain-Leather-USB-Flash-Drive-1-1.jpg\" alt=\"USB2.0 Keychain Leather USB Flash Drive-1\" class=\"wp-image-2121\" srcset=\"https:\/\/www.usborkeychain.com\/wp-content\/uploads\/USB2.0-Keychain-Leather-USB-Flash-Drive-1-1.jpg 800w, https:\/\/www.usborkeychain.com\/wp-content\/uploads\/USB2.0-Keychain-Leather-USB-Flash-Drive-1-1-300x300.jpg 300w, https:\/\/www.usborkeychain.com\/wp-content\/uploads\/USB2.0-Keychain-Leather-USB-Flash-Drive-1-1-150x150.jpg 150w, https:\/\/www.usborkeychain.com\/wp-content\/uploads\/USB2.0-Keychain-Leather-USB-Flash-Drive-1-1-768x768.jpg 768w, https:\/\/www.usborkeychain.com\/wp-content\/uploads\/USB2.0-Keychain-Leather-USB-Flash-Drive-1-1-12x12.jpg 12w, https:\/\/www.usborkeychain.com\/wp-content\/uploads\/USB2.0-Keychain-Leather-USB-Flash-Drive-1-1-600x600.jpg 600w, https:\/\/www.usborkeychain.com\/wp-content\/uploads\/USB2.0-Keychain-Leather-USB-Flash-Drive-1-1-100x100.jpg 100w\" sizes=\"(max-width: 800px) 100vw, 800px\" \/><\/figure>\n<\/div>\n\n\n\n<div class=\"wp-block-column is-vertically-aligned-center is-layout-flow wp-block-column-is-layout-flow\">\n<p>Esta memoria USB de cuero con llavero USB 2.0 rompe con el mon\u00f3tono dise\u00f1o de las memorias USB tradicionales al integrar ingeniosamente elementos de llavero. <\/p>\n\n\n\n<p>No s\u00f3lo es c\u00f3modo de llevar, sino tambi\u00e9n un accesorio de moda. La unidad flash cuenta con una funda de cuero de alta calidad, que ofrece un tacto suave y una excelente resistencia al desgaste, lo que resalta su calidad. <\/p>\n\n\n\n<p>El remache met\u00e1lico de la parte superior de la funda de piel no s\u00f3lo sirve de refuerzo, sino que a\u00f1ade un toque de estilo industrial retro al dise\u00f1o general. La funda de piel est\u00e1 unida a la unidad USB mediante una cadena met\u00e1lica, lo que garantiza una fijaci\u00f3n segura y elimina la preocupaci\u00f3n de una p\u00e9rdida accidental. <\/p>\n\n\n\n<p>Ya sea para uso personal o como regalo, este llavero memoria USB de cuero con el dise\u00f1o m\u00e1s - sentido es una excelente opci\u00f3n, \u00a1haciendo que el almacenamiento de datos sea m\u00e1s elegante!<\/p>\n<\/div>\n<\/div>\n\n\n\n<div style=\"height:50px\" aria-hidden=\"true\" class=\"wp-block-spacer\"><\/div>\n\n\n\n<h2 class=\"wp-block-heading\">Interfaces y par\u00e1metros de la memoria USB de cuero USB 2.0 tipo llavero<\/h2>\n\n\n\n<p>Como dispositivo de almacenamiento basado en el protocolo USB2.0, este llavero USB ha sido sometido a estrictas pruebas en cuanto a velocidad de transmisi\u00f3n, compatibilidad, durabilidad, etc. A continuaci\u00f3n se muestra la tabla de par\u00e1metros b\u00e1sicos (tomando como ejemplo la versi\u00f3n de 16 GB):<\/p>\n\n\n\n<figure class=\"wp-block-table\"><table class=\"has-fixed-layout\"><thead><tr><th>Tipo de par\u00e1metro<\/th><th>Par\u00e1metros espec\u00edficos<\/th><\/tr><\/thead><tbody><tr><td>Tipo de interfaz<\/td><td>USB2.0 (compatible con USB1.1\/3.0, retrocompatible con dispositivos convencionales)<\/td><\/tr><tr><td>Capacidad de almacenamiento<\/td><td>8GB, 16GB, 32GB, 64GB<\/td><\/tr><tr><td>Velocidad de lectura\/escritura<\/td><td>Velocidad de lectura: 15 MB\/s; Velocidad de escritura: 5 MB\/s<\/td><\/tr><tr><td>Tensi\u00f3n de trabajo<\/td><td>5V\u00b10,25V<\/td><\/tr><tr><td>Temperatura de trabajo<\/td><td>0\u2103 - 60\u2103<\/td><\/tr><tr><td>Material<\/td><td>Capa exterior: piel de vaca de grano superior; capa interior: silicona suave (para proteger la interfaz USB de ara\u00f1azos)<\/td><\/tr><tr><td>Talla<\/td><td>35*<em>15<\/em>*8mm<\/td><\/tr><tr><td>Peso<\/td><td>15g<\/td><\/tr><\/tbody><\/table><\/figure>\n\n\n\n<div style=\"height:50px\" aria-hidden=\"true\" class=\"wp-block-spacer\"><\/div>\n\n\n\n<h2 class=\"wp-block-heading\">\u00bfSe puede personalizar el logotipo de la memoria USB 2.0 llavero de piel?<\/h2>\n\n\n\n<div class=\"wp-block-columns is-layout-flex wp-container-core-columns-is-layout-28f84493 wp-block-columns-is-layout-flex\">\n<div class=\"wp-block-column is-vertically-aligned-center is-layout-flow wp-block-column-is-layout-flow\">\n<p>Por supuesto. Esta unidad USB admite la personalizaci\u00f3n del logotipo tanto en el anverso como en el reverso, y se ofrecen tres m\u00e9todos: grabado por l\u00e1ser, serigraf\u00eda y gofrado. <\/p>\n\n\n\n<p>El logotipo grabado por l\u00e1ser es claro y delicado, y tiene la caracter\u00edstica de mantener el color durante mucho tiempo. La serigraf\u00eda puede presentar colores intensos, haciendo que el logotipo sea m\u00e1s vivo. <\/p>\n\n\n\n<p>El repujado formar\u00e1 una textura c\u00f3ncava - convexa \u00fanica en la superficie de la funda de cuero, mostrando una calidad de gama alta. Adem\u00e1s, tambi\u00e9n podemos personalizar el logotipo del embalaje. <\/p>\n\n\n\n<p>Tanto si se utiliza como regalo promocional de empresa como si es un recuerdo personal exclusivo, la personalizaci\u00f3n del logotipo permite mostrar la personalidad \u00fanica y el encanto de la marca.<\/p>\n<\/div>\n\n\n\n<div class=\"wp-block-column is-layout-flow wp-block-column-is-layout-flow\">\n<figure class=\"wp-block-image size-full\"><img decoding=\"async\" width=\"800\" height=\"800\" src=\"https:\/\/www.usborkeychain.com\/wp-content\/uploads\/Vintage-inspired-leather-USB-drive.jpg\" alt=\"Vintage-inspired-leather-USB-drive\" class=\"wp-image-2123\" srcset=\"https:\/\/www.usborkeychain.com\/wp-content\/uploads\/Vintage-inspired-leather-USB-drive.jpg 800w, https:\/\/www.usborkeychain.com\/wp-content\/uploads\/Vintage-inspired-leather-USB-drive-300x300.jpg 300w, https:\/\/www.usborkeychain.com\/wp-content\/uploads\/Vintage-inspired-leather-USB-drive-150x150.jpg 150w, https:\/\/www.usborkeychain.com\/wp-content\/uploads\/Vintage-inspired-leather-USB-drive-768x768.jpg 768w, https:\/\/www.usborkeychain.com\/wp-content\/uploads\/Vintage-inspired-leather-USB-drive-12x12.jpg 12w, https:\/\/www.usborkeychain.com\/wp-content\/uploads\/Vintage-inspired-leather-USB-drive-600x600.jpg 600w, https:\/\/www.usborkeychain.com\/wp-content\/uploads\/Vintage-inspired-leather-USB-drive-100x100.jpg 100w\" sizes=\"(max-width: 800px) 100vw, 800px\" \/><\/figure>\n<\/div>\n<\/div>\n\n\n\n<h2 class=\"wp-block-heading\">\u00bfCu\u00e1l es el embalaje de la memoria USB 2.0 llavero de piel?<\/h2>\n\n\n\n<div class=\"wp-block-columns is-layout-flex wp-container-core-columns-is-layout-28f84493 wp-block-columns-is-layout-flex\">\n<div class=\"wp-block-column is-layout-flow wp-block-column-is-layout-flow\">\n<figure class=\"wp-block-image size-full\"><img decoding=\"async\" width=\"800\" height=\"975\" src=\"https:\/\/www.usborkeychain.com\/wp-content\/uploads\/Packaging-Options.jpg\" alt=\"Packaging Options\" class=\"wp-image-2125\" srcset=\"https:\/\/www.usborkeychain.com\/wp-content\/uploads\/Packaging-Options.jpg 800w, https:\/\/www.usborkeychain.com\/wp-content\/uploads\/Packaging-Options-246x300.jpg 246w, https:\/\/www.usborkeychain.com\/wp-content\/uploads\/Packaging-Options-768x936.jpg 768w, https:\/\/www.usborkeychain.com\/wp-content\/uploads\/Packaging-Options-10x12.jpg 10w, https:\/\/www.usborkeychain.com\/wp-content\/uploads\/Packaging-Options-600x731.jpg 600w\" sizes=\"(max-width: 800px) 100vw, 800px\" \/><\/figure>\n<\/div>\n\n\n\n<div class=\"wp-block-column is-vertically-aligned-center is-layout-flow wp-block-column-is-layout-flow\">\n<p>Ofrecemos varias opciones de embalaje para esta unidad USB. El embalaje est\u00e1ndar de f\u00e1brica es una bolsa de PP, que es ligera y puede proteger eficazmente la unidad USB, adecuada para el uso diario y escenarios de regalo sencillos. <\/p>\n\n\n\n<p>Al mismo tiempo, tambi\u00e9n proporcionamos embalaje de caja de hierro de apoyo y embalaje de caja de pl\u00e1stico. <\/p>\n\n\n\n<p>El embalaje en caja de hierro es resistente y duradero, con un cierto valor de colecci\u00f3n. El embalaje de caja de pl\u00e1stico es transparente y bonito, que puede mostrar intuitivamente el exquisito aspecto de la unidad USB. <\/p>\n\n\n\n<p>Ya sea para el almacenamiento personal o para regalar, puede a\u00f1adir brillo al producto.<\/p>\n<\/div>\n<\/div>\n\n\n\n<h2 class=\"wp-block-heading\">Conclusi\u00f3n<\/h2>\n\n\n\n<p>Esta unidad flash USB 2.0 llavero de cuero, con su exclusivo dise\u00f1o de llavero, material de cuero de alta calidad, par\u00e1metros de rendimiento estables y numerosas opciones de personalizaci\u00f3n y embalaje, se ha convertido en un dispositivo de almacenamiento que combina practicidad y est\u00e9tica. Tanto para el almacenamiento de datos personales como para la adquisici\u00f3n de regalos de empresa, puede adaptarse perfectamente a diversos escenarios. Elegir esta unidad USB significa elegir calidad y estilo. Haga su pedido ahora y empiece una nueva experiencia de almacenamiento a la moda.<\/p>","protected":false},"excerpt":{"rendered":"<ul>\n<li>Llavero USB2.0 Memoria USB de cuero<\/li>\n<li>La parte delantera y trasera de la funda de piel se pueden personalizar con logotipos.<\/li>\n<li>Interfaz: USB2.0\/USB3.0<\/li>\n<li>Capacidades disponibles: 8GB, 16GB, 32GB, 64GB, 128GB.<\/li>\n<\/ul>","protected":false},"featured_media":2117,"comment_status":"open","ping_status":"closed","template":"","meta":{"_seopress_robots_primary_cat":"","_seopress_titles_title":"","_seopress_titles_desc":"","_seopress_robots_index":"","site-sidebar-layout":"default","site-content-layout":"","ast-site-content-layout":"","site-content-style":"default","site-sidebar-style":"default","ast-global-header-display":"","ast-banner-title-visibility":"","ast-main-header-display":"","ast-hfb-above-header-display":"","ast-hfb-below-header-display":"","ast-hfb-mobile-header-display":"","site-post-title":"","ast-breadcrumbs-content":"","ast-featured-img":"","footer-sml-layout":"","theme-transparent-header-meta":"","adv-header-id-meta":"","stick-header-meta":"","header-above-stick-meta":"","header-main-stick-meta":"","header-below-stick-meta":"","astra-migrate-meta-layouts":"default","ast-page-background-enabled":"default","ast-page-background-meta":{"desktop":{"background-color":"var(--ast-global-color-5)","background-image":"","background-repeat":"repeat","background-position":"center center","background-size":"auto","background-attachment":"scroll","background-type":"","background-media":"","overlay-type":"","overlay-color":"","overlay-opacity":"","overlay-gradient":""},"tablet":{"background-color":"","background-image":"","background-repeat":"repeat","background-position":"center center","background-size":"auto","background-attachment":"scroll","background-type":"","background-media":"","overlay-type":"","overlay-color":"","overlay-opacity":"","overlay-gradient":""},"mobile":{"background-color":"","background-image":"","background-repeat":"repeat","background-position":"center center","background-size":"auto","background-attachment":"scroll","background-type":"","background-media":"","overlay-type":"","overlay-color":"","overlay-opacity":"","overlay-gradient":""}},"ast-content-background-meta":{"desktop":{"background-color":"var(--ast-global-color-4)","background-image":"","background-repeat":"repeat","background-position":"center center","background-size":"auto","background-attachment":"scroll","background-type":"","background-media":"","overlay-type":"","overlay-color":"","overlay-opacity":"","overlay-gradient":""},"tablet":{"background-color":"var(--ast-global-color-4)","background-image":"","background-repeat":"repeat","background-position":"center center","background-size":"auto","background-attachment":"scroll","background-type":"","background-media":"","overlay-type":"","overlay-color":"","overlay-opacity":"","overlay-gradient":""},"mobile":{"background-color":"var(--ast-global-color-4)","background-image":"","background-repeat":"repeat","background-position":"center center","background-size":"auto","background-attachment":"scroll","background-type":"","background-media":"","overlay-type":"","overlay-color":"","overlay-opacity":"","overlay-gradient":""}}},"product_brand":[],"product_cat":[90,101],"product_tag":[],"class_list":{"0":"post-2089","1":"product","2":"type-product","3":"status-publish","4":"has-post-thumbnail","6":"product_cat-leather-usb-pendrive","7":"product_cat-usb-pendrive-with-keychain","8":"desktop-align-left","9":"tablet-align-left","10":"mobile-align-left","12":"first","13":"instock","14":"sale","15":"shipping-taxable","16":"purchasable","17":"product-type-variable"},"_links":{"self":[{"href":"https:\/\/www.usborkeychain.com\/es\/wp-json\/wp\/v2\/product\/2089","targetHints":{"allow":["GET"]}}],"collection":[{"href":"https:\/\/www.usborkeychain.com\/es\/wp-json\/wp\/v2\/product"}],"about":[{"href":"https:\/\/www.usborkeychain.com\/es\/wp-json\/wp\/v2\/types\/product"}],"replies":[{"embeddable":true,"href":"https:\/\/www.usborkeychain.com\/es\/wp-json\/wp\/v2\/comments?post=2089"}],"wp:featuredmedia":[{"embeddable":true,"href":"https:\/\/www.usborkeychain.com\/es\/wp-json\/wp\/v2\/media\/2117"}],"wp:attachment":[{"href":"https:\/\/www.usborkeychain.com\/es\/wp-json\/wp\/v2\/media?parent=2089"}],"wp:term":[{"taxonomy":"product_brand","embeddable":true,"href":"https:\/\/www.usborkeychain.com\/es\/wp-json\/wp\/v2\/product_brand?post=2089"},{"taxonomy":"product_cat","embeddable":true,"href":"https:\/\/www.usborkeychain.com\/es\/wp-json\/wp\/v2\/product_cat?post=2089"},{"taxonomy":"product_tag","embeddable":true,"href":"https:\/\/www.usborkeychain.com\/es\/wp-json\/wp\/v2\/product_tag?post=2089"}],"curies":[{"name":"wp","href":"https:\/\/api.w.org\/{rel}","templated":true}]}}