{"id":2100,"date":"2025-06-18T05:06:53","date_gmt":"2025-06-18T05:06:53","guid":{"rendered":"https:\/\/www.usborkeychain.com\/?post_type=product&#038;p=2100"},"modified":"2025-07-10T00:23:05","modified_gmt":"2025-07-10T00:23:05","slug":"the-elliptical-wooden-usb-flash-drive","status":"publish","type":"product","link":"https:\/\/www.usborkeychain.com\/es\/producto\/the-elliptical-wooden-usb-flash-drive\/","title":{"rendered":"La memoria USB el\u00edptica de madera"},"content":{"rendered":"<h2 class=\"wp-block-heading\">\u00bfQu\u00e9 es la memoria USB el\u00edptica de madera?<\/h2>\n\n\n\n<div class=\"wp-block-columns is-layout-flex wp-container-core-columns-is-layout-28f84493 wp-block-columns-is-layout-flex\">\n<div class=\"wp-block-column is-layout-flow wp-block-column-is-layout-flow\">\n<figure class=\"wp-block-image aligncenter size-full is-resized\"><img fetchpriority=\"high\" decoding=\"async\" width=\"800\" height=\"800\" src=\"https:\/\/www.usborkeychain.com\/wp-content\/uploads\/Oval-Wooden-USB-Pen-Drive-Package-box.jpg\" alt=\"Oval Wooden USB Pen Drive Package box\" class=\"wp-image-2110\" style=\"width:450px\" srcset=\"https:\/\/www.usborkeychain.com\/wp-content\/uploads\/Oval-Wooden-USB-Pen-Drive-Package-box.jpg 800w, https:\/\/www.usborkeychain.com\/wp-content\/uploads\/Oval-Wooden-USB-Pen-Drive-Package-box-300x300.jpg 300w, https:\/\/www.usborkeychain.com\/wp-content\/uploads\/Oval-Wooden-USB-Pen-Drive-Package-box-150x150.jpg 150w, https:\/\/www.usborkeychain.com\/wp-content\/uploads\/Oval-Wooden-USB-Pen-Drive-Package-box-768x768.jpg 768w, https:\/\/www.usborkeychain.com\/wp-content\/uploads\/Oval-Wooden-USB-Pen-Drive-Package-box-12x12.jpg 12w, https:\/\/www.usborkeychain.com\/wp-content\/uploads\/Oval-Wooden-USB-Pen-Drive-Package-box-600x600.jpg 600w, https:\/\/www.usborkeychain.com\/wp-content\/uploads\/Oval-Wooden-USB-Pen-Drive-Package-box-100x100.jpg 100w\" sizes=\"(max-width: 800px) 100vw, 800px\" \/><\/figure>\n<\/div>\n\n\n\n<div class=\"wp-block-column is-vertically-aligned-center is-layout-flow wp-block-column-is-layout-flow\">\n<p>La memoria USB el\u00edptica de madera adopta un dise\u00f1o de tapa el\u00edptica integrada. La cubierta USB est\u00e1 equipada con una fuerte hebilla magn\u00e9tica que se adhiere firmemente cuando est\u00e1 cerrada, resolviendo por completo el problema de \"perder la tapa\".<\/p>\n\n\n\n<p>El cuerpo principal es de madera natural de alta calidad, procesada mediante m\u00faltiples procesos de esmerilado fino, con una superficie suave como la seda y un tacto c\u00e1lido y delicado.<\/p>\n\n\n\n<p>Se adapta al arco de la palma de la mano cuando se sostiene, y tiene las caracter\u00edsticas de ser fuerte y resistente al desgaste, no es f\u00e1cil de rayar o deformar en el uso diario, haciendo que la experiencia de almacenamiento sea m\u00e1s texturizada y c\u00e1lida.<\/p>\n<\/div>\n<\/div>\n\n\n\n<h2 class=\"wp-block-heading\"><strong>\u00bfCu\u00e1l es la interfaz y los par\u00e1metros de la memoria USB el\u00edptica de madera? <\/strong><\/h2>\n\n\n\n<figure class=\"wp-block-table\"><table class=\"has-fixed-layout\"><tbody><tr><td>Par\u00e1metro Elemento<\/td><td>Memoria USB el\u00edptica de madera<\/td><td>Memoria USB ordinaria USB2.0<\/td><\/tr><tr><td>Interfaz est\u00e1ndar<\/td><td>USB3.0<\/td><td>USB2.0<\/td><\/tr><tr><td>Capacidad<\/td><td>8G\/16G\/32G\/64G\/128G<\/td><td>Mismas opciones de capacidad<\/td><\/tr><tr><td>Talla<\/td><td>60\u00d728\u00d79mm<\/td><td>Var\u00eda seg\u00fan el estilo<\/td><\/tr><tr><td>Peso<\/td><td>20g<\/td><td>Aproximadamente 8-15 g (los modelos de pl\u00e1stico son m\u00e1s ligeros)<\/td><\/tr><tr><td>Velocidad de lectura<\/td><td>Hasta 80 MB\/s<\/td><td>Hasta unos 30 MB\/s<\/td><\/tr><tr><td>Velocidad de escritura<\/td><td>Hasta 30 MB\/s<\/td><td>Hasta unos 15 MB\/s<\/td><\/tr><\/tbody><\/table><\/figure>\n\n\n\n<h2 class=\"wp-block-heading\"><strong>Qu\u00e9 colores<\/strong><strong>\u00a0son<\/strong><strong>\u00a0\u00bfla memoria USB el\u00edptica de madera? <\/strong><\/h2>\n\n\n\n<p>La memoria USB el\u00edptica de madera ofrece 5 combinaciones de colores de materiales naturales, cada una de las cuales demuestra el car\u00e1cter \u00fanico de la madera:<\/p>\n\n\n\n<div class=\"wp-block-columns is-layout-flex wp-container-core-columns-is-layout-28f84493 wp-block-columns-is-layout-flex\">\n<div class=\"wp-block-column is-layout-flow wp-block-column-is-layout-flow\">\n<figure class=\"wp-block-image aligncenter size-full is-resized\"><img decoding=\"async\" width=\"1000\" height=\"1000\" src=\"https:\/\/www.usborkeychain.com\/wp-content\/uploads\/Elliptical-Maple-USB-Flash-Drive.jpg\" alt=\"Elliptical Maple USB Flash Drive\" class=\"wp-image-2105\" style=\"width:450px\" srcset=\"https:\/\/www.usborkeychain.com\/wp-content\/uploads\/Elliptical-Maple-USB-Flash-Drive.jpg 1000w, https:\/\/www.usborkeychain.com\/wp-content\/uploads\/Elliptical-Maple-USB-Flash-Drive-300x300.jpg 300w, https:\/\/www.usborkeychain.com\/wp-content\/uploads\/Elliptical-Maple-USB-Flash-Drive-150x150.jpg 150w, https:\/\/www.usborkeychain.com\/wp-content\/uploads\/Elliptical-Maple-USB-Flash-Drive-768x768.jpg 768w, https:\/\/www.usborkeychain.com\/wp-content\/uploads\/Elliptical-Maple-USB-Flash-Drive-12x12.jpg 12w, https:\/\/www.usborkeychain.com\/wp-content\/uploads\/Elliptical-Maple-USB-Flash-Drive-600x600.jpg 600w, https:\/\/www.usborkeychain.com\/wp-content\/uploads\/Elliptical-Maple-USB-Flash-Drive-100x100.jpg 100w\" sizes=\"(max-width: 1000px) 100vw, 1000px\" \/><\/figure>\n<\/div>\n\n\n\n<div class=\"wp-block-column is-vertically-aligned-center is-layout-flow wp-block-column-is-layout-flow\">\n<p>Arce: <\/p>\n\n\n\n<p>El tono marr\u00f3n claro es como la c\u00e1lida luz del sol en la bruma matinal, con texturas finas y densas como la seda, que desprenden una atm\u00f3sfera natural fresca y suave, adecuada para escenarios rom\u00e1nticos como la creaci\u00f3n literaria y los recuerdos de boda.<\/p>\n<\/div>\n<\/div>\n\n\n\n<p><\/p>\n\n\n\n<div class=\"wp-block-columns is-layout-flex wp-container-core-columns-is-layout-28f84493 wp-block-columns-is-layout-flex\">\n<div class=\"wp-block-column is-vertically-aligned-center is-layout-flow wp-block-column-is-layout-flow\">\n<p>Caoba: <\/p>\n\n\n\n<p>El rico color, del rojo intenso al rojo parduzco, se entrelaza con magn\u00edficas texturas, como un tesoro precipitado por el tiempo, con un temperamento natural cl\u00e1sico y solemne, que hace que los regalos de empresa sean m\u00e1s de alta gama.<\/p>\n<\/div>\n\n\n\n<div class=\"wp-block-column is-layout-flow wp-block-column-is-layout-flow\">\n<figure class=\"wp-block-image aligncenter size-full is-resized\"><img decoding=\"async\" width=\"1000\" height=\"1000\" src=\"https:\/\/www.usborkeychain.com\/wp-content\/uploads\/Elliptical-Mahogany-USB-Flash-Drive.jpg\" alt=\"Elliptical Mahogany USB Flash Drive\" class=\"wp-image-2104\" style=\"width:450px\" srcset=\"https:\/\/www.usborkeychain.com\/wp-content\/uploads\/Elliptical-Mahogany-USB-Flash-Drive.jpg 1000w, https:\/\/www.usborkeychain.com\/wp-content\/uploads\/Elliptical-Mahogany-USB-Flash-Drive-300x300.jpg 300w, https:\/\/www.usborkeychain.com\/wp-content\/uploads\/Elliptical-Mahogany-USB-Flash-Drive-150x150.jpg 150w, https:\/\/www.usborkeychain.com\/wp-content\/uploads\/Elliptical-Mahogany-USB-Flash-Drive-768x768.jpg 768w, https:\/\/www.usborkeychain.com\/wp-content\/uploads\/Elliptical-Mahogany-USB-Flash-Drive-12x12.jpg 12w, https:\/\/www.usborkeychain.com\/wp-content\/uploads\/Elliptical-Mahogany-USB-Flash-Drive-600x600.jpg 600w, https:\/\/www.usborkeychain.com\/wp-content\/uploads\/Elliptical-Mahogany-USB-Flash-Drive-100x100.jpg 100w\" sizes=\"(max-width: 1000px) 100vw, 1000px\" \/><\/figure>\n<\/div>\n<\/div>\n\n\n\n<p><\/p>\n\n\n\n<div class=\"wp-block-columns is-layout-flex wp-container-core-columns-is-layout-28f84493 wp-block-columns-is-layout-flex\">\n<div class=\"wp-block-column is-layout-flow wp-block-column-is-layout-flow\">\n<figure class=\"wp-block-image aligncenter size-full is-resized\"><img loading=\"lazy\" decoding=\"async\" width=\"1000\" height=\"1000\" src=\"https:\/\/www.usborkeychain.com\/wp-content\/uploads\/Elliptical-Walnut-USB-Flash-Drive.jpg\" alt=\"Elliptical Walnut USB Flash Drive\" class=\"wp-image-2107\" style=\"width:450px\" srcset=\"https:\/\/www.usborkeychain.com\/wp-content\/uploads\/Elliptical-Walnut-USB-Flash-Drive.jpg 1000w, https:\/\/www.usborkeychain.com\/wp-content\/uploads\/Elliptical-Walnut-USB-Flash-Drive-300x300.jpg 300w, https:\/\/www.usborkeychain.com\/wp-content\/uploads\/Elliptical-Walnut-USB-Flash-Drive-150x150.jpg 150w, https:\/\/www.usborkeychain.com\/wp-content\/uploads\/Elliptical-Walnut-USB-Flash-Drive-768x768.jpg 768w, https:\/\/www.usborkeychain.com\/wp-content\/uploads\/Elliptical-Walnut-USB-Flash-Drive-12x12.jpg 12w, https:\/\/www.usborkeychain.com\/wp-content\/uploads\/Elliptical-Walnut-USB-Flash-Drive-600x600.jpg 600w, https:\/\/www.usborkeychain.com\/wp-content\/uploads\/Elliptical-Walnut-USB-Flash-Drive-100x100.jpg 100w\" sizes=\"(max-width: 1000px) 100vw, 1000px\" \/><\/figure>\n<\/div>\n\n\n\n<div class=\"wp-block-column is-vertically-aligned-center is-layout-flow wp-block-column-is-layout-flow\">\n<p>Nogal: <\/p>\n\n\n\n<p>La base de color marr\u00f3n oscuro est\u00e1 te\u00f1ida con texturas similares al \u00e1mbar, mostrando una sensaci\u00f3n discreta y lujosa al sostenerla, adecuada para diversecenarios como los negocios y la creatividad cultural.<\/p>\n<\/div>\n<\/div>\n\n\n\n<div class=\"wp-block-columns is-layout-flex wp-container-core-columns-is-layout-28f84493 wp-block-columns-is-layout-flex\">\n<div class=\"wp-block-column is-vertically-aligned-center is-layout-flow wp-block-column-is-layout-flow\">\n<p>Bamb\u00fa carbonizado: <\/p>\n\n\n\n<p>Gracias a la tecnolog\u00eda de carbonizaci\u00f3n a alta temperatura, el cuerpo de bamb\u00fa presenta un profundo color marr\u00f3n t\u00e9, con vigorosas texturas como viejas enredaderas enroll\u00e1ndose, teniendo a la vez la ligereza y agilidad del bamb\u00fa y a\u00f1adiendo la gruesa textura de la \"frescura duradera\".<\/p>\n<\/div>\n\n\n\n<div class=\"wp-block-column is-layout-flow wp-block-column-is-layout-flow\">\n<figure class=\"wp-block-image aligncenter size-full is-resized\"><img loading=\"lazy\" decoding=\"async\" width=\"1000\" height=\"1000\" src=\"https:\/\/www.usborkeychain.com\/wp-content\/uploads\/Elliptical-Carbonized-Bamboo-USB-Flash-Drive.jpg\" alt=\"Elliptical Carbonized Bamboo USB Flash Drive\" class=\"wp-image-2103\" style=\"width:450px\" srcset=\"https:\/\/www.usborkeychain.com\/wp-content\/uploads\/Elliptical-Carbonized-Bamboo-USB-Flash-Drive.jpg 1000w, https:\/\/www.usborkeychain.com\/wp-content\/uploads\/Elliptical-Carbonized-Bamboo-USB-Flash-Drive-300x300.jpg 300w, https:\/\/www.usborkeychain.com\/wp-content\/uploads\/Elliptical-Carbonized-Bamboo-USB-Flash-Drive-150x150.jpg 150w, https:\/\/www.usborkeychain.com\/wp-content\/uploads\/Elliptical-Carbonized-Bamboo-USB-Flash-Drive-768x768.jpg 768w, https:\/\/www.usborkeychain.com\/wp-content\/uploads\/Elliptical-Carbonized-Bamboo-USB-Flash-Drive-12x12.jpg 12w, https:\/\/www.usborkeychain.com\/wp-content\/uploads\/Elliptical-Carbonized-Bamboo-USB-Flash-Drive-600x600.jpg 600w, https:\/\/www.usborkeychain.com\/wp-content\/uploads\/Elliptical-Carbonized-Bamboo-USB-Flash-Drive-100x100.jpg 100w\" sizes=\"(max-width: 1000px) 100vw, 1000px\" \/><\/figure>\n<\/div>\n<\/div>\n\n\n\n<p><\/p>\n\n\n\n<div class=\"wp-block-columns is-layout-flex wp-container-core-columns-is-layout-28f84493 wp-block-columns-is-layout-flex\">\n<div class=\"wp-block-column is-layout-flow wp-block-column-is-layout-flow\">\n<figure class=\"wp-block-image aligncenter size-full is-resized\"><img loading=\"lazy\" decoding=\"async\" width=\"1000\" height=\"1000\" src=\"https:\/\/www.usborkeychain.com\/wp-content\/uploads\/Elliptical-Natural-Bamboo-USB-Flash-Drive.jpg\" alt=\"Elliptical Natural Bamboo USB Flash Drive\" class=\"wp-image-2106\" style=\"width:450px\" srcset=\"https:\/\/www.usborkeychain.com\/wp-content\/uploads\/Elliptical-Natural-Bamboo-USB-Flash-Drive.jpg 1000w, https:\/\/www.usborkeychain.com\/wp-content\/uploads\/Elliptical-Natural-Bamboo-USB-Flash-Drive-300x300.jpg 300w, https:\/\/www.usborkeychain.com\/wp-content\/uploads\/Elliptical-Natural-Bamboo-USB-Flash-Drive-150x150.jpg 150w, https:\/\/www.usborkeychain.com\/wp-content\/uploads\/Elliptical-Natural-Bamboo-USB-Flash-Drive-768x768.jpg 768w, https:\/\/www.usborkeychain.com\/wp-content\/uploads\/Elliptical-Natural-Bamboo-USB-Flash-Drive-12x12.jpg 12w, https:\/\/www.usborkeychain.com\/wp-content\/uploads\/Elliptical-Natural-Bamboo-USB-Flash-Drive-600x600.jpg 600w, https:\/\/www.usborkeychain.com\/wp-content\/uploads\/Elliptical-Natural-Bamboo-USB-Flash-Drive-100x100.jpg 100w\" sizes=\"(max-width: 1000px) 100vw, 1000px\" \/><\/figure>\n<\/div>\n\n\n\n<div class=\"wp-block-column is-vertically-aligned-center is-layout-flow wp-block-column-is-layout-flow\">\n<p>Bamb\u00fa natural: <\/p>\n\n\n\n<p>Conservando el color amarillo claro original del bamb\u00fa, con texturas rectas y n\u00edtidas y una textura clara y ligera, como si condensara el viento y el roc\u00edo del bosque de bamb\u00fa en la palma, mostrando la sencillez y autenticidad originales.<\/p>\n<\/div>\n<\/div>\n\n\n\n<h2 class=\"wp-block-heading\"><strong>4\u3001\u00bfSe puede personalizar la memoria USB el\u00edptica de madera y el embalaje con un logotipo? <\/strong><strong><\/strong><\/h2>\n\n\n\n<p>La memoria USB el\u00edptica de madera se puede personalizar con un logotipo: tanto la parte delantera como la trasera de la memoria USB se pueden personalizar con un logotipo, ofreciendo tres procesos: serigraf\u00eda, impresi\u00f3n en color y grabado l\u00e1ser para satisfacer diferentes necesidades de dise\u00f1o.<\/p>\n\n\n\n<p>El embalaje de madera abatible de apoyo se abre y cierra con suavidad, y la superficie del embalaje tambi\u00e9n admite la personalizaci\u00f3n del logotipo, con lo que se consigue una \"configuraci\u00f3n de marca integrada\" desde la memoria USB hasta el embalaje. Ya sea para regalos de empresa, recuerdos de boda o creatividad cultural personal, puede crear un s\u00edmbolo de recuerdo exclusivo.<\/p>\n\n\n\n<p><\/p>","protected":false},"excerpt":{"rendered":"<ul>\n<li>Dise\u00f1o el\u00edptico<\/li>\n<li>Material de madera<\/li>\n<li>Resistente a los ara\u00f1azos y al desgaste<\/li>\n<li>Mayor velocidad y alta calidad<\/li>\n<li>Fiabilidad y seguridad<\/li>\n<li>Ideal para todos los usos<\/li>\n<\/ul>","protected":false},"featured_media":2109,"comment_status":"open","ping_status":"closed","template":"","meta":{"_seopress_robots_primary_cat":"","_seopress_titles_title":"The elliptical wooden USB flash drive, Elliptical Natural Bamboo USB Flash Drive, Oval-Shaped Wood USB Memory Stick","_seopress_titles_desc":"","_seopress_robots_index":"","site-sidebar-layout":"default","site-content-layout":"","ast-site-content-layout":"","site-content-style":"default","site-sidebar-style":"default","ast-global-header-display":"","ast-banner-title-visibility":"","ast-main-header-display":"","ast-hfb-above-header-display":"","ast-hfb-below-header-display":"","ast-hfb-mobile-header-display":"","site-post-title":"","ast-breadcrumbs-content":"","ast-featured-img":"","footer-sml-layout":"","theme-transparent-header-meta":"","adv-header-id-meta":"","stick-header-meta":"","header-above-stick-meta":"","header-main-stick-meta":"","header-below-stick-meta":"","astra-migrate-meta-layouts":"default","ast-page-background-enabled":"default","ast-page-background-meta":{"desktop":{"background-color":"var(--ast-global-color-5)","background-image":"","background-repeat":"repeat","background-position":"center center","background-size":"auto","background-attachment":"scroll","background-type":"","background-media":"","overlay-type":"","overlay-color":"","overlay-opacity":"","overlay-gradient":""},"tablet":{"background-color":"","background-image":"","background-repeat":"repeat","background-position":"center center","background-size":"auto","background-attachment":"scroll","background-type":"","background-media":"","overlay-type":"","overlay-color":"","overlay-opacity":"","overlay-gradient":""},"mobile":{"background-color":"","background-image":"","background-repeat":"repeat","background-position":"center center","background-size":"auto","background-attachment":"scroll","background-type":"","background-media":"","overlay-type":"","overlay-color":"","overlay-opacity":"","overlay-gradient":""}},"ast-content-background-meta":{"desktop":{"background-color":"var(--ast-global-color-4)","background-image":"","background-repeat":"repeat","background-position":"center center","background-size":"auto","background-attachment":"scroll","background-type":"","background-media":"","overlay-type":"","overlay-color":"","overlay-opacity":"","overlay-gradient":""},"tablet":{"background-color":"var(--ast-global-color-4)","background-image":"","background-repeat":"repeat","background-position":"center center","background-size":"auto","background-attachment":"scroll","background-type":"","background-media":"","overlay-type":"","overlay-color":"","overlay-opacity":"","overlay-gradient":""},"mobile":{"background-color":"var(--ast-global-color-4)","background-image":"","background-repeat":"repeat","background-position":"center center","background-size":"auto","background-attachment":"scroll","background-type":"","background-media":"","overlay-type":"","overlay-color":"","overlay-opacity":"","overlay-gradient":""}}},"product_brand":[],"product_cat":[168],"product_tag":[],"class_list":{"0":"post-2100","1":"product","2":"type-product","3":"status-publish","4":"has-post-thumbnail","6":"product_cat-wood-usb-flash-drive","7":"desktop-align-left","8":"tablet-align-left","9":"mobile-align-left","11":"first","12":"instock","13":"shipping-taxable","14":"product-type-simple"},"_links":{"self":[{"href":"https:\/\/www.usborkeychain.com\/es\/wp-json\/wp\/v2\/product\/2100","targetHints":{"allow":["GET"]}}],"collection":[{"href":"https:\/\/www.usborkeychain.com\/es\/wp-json\/wp\/v2\/product"}],"about":[{"href":"https:\/\/www.usborkeychain.com\/es\/wp-json\/wp\/v2\/types\/product"}],"replies":[{"embeddable":true,"href":"https:\/\/www.usborkeychain.com\/es\/wp-json\/wp\/v2\/comments?post=2100"}],"wp:featuredmedia":[{"embeddable":true,"href":"https:\/\/www.usborkeychain.com\/es\/wp-json\/wp\/v2\/media\/2109"}],"wp:attachment":[{"href":"https:\/\/www.usborkeychain.com\/es\/wp-json\/wp\/v2\/media?parent=2100"}],"wp:term":[{"taxonomy":"product_brand","embeddable":true,"href":"https:\/\/www.usborkeychain.com\/es\/wp-json\/wp\/v2\/product_brand?post=2100"},{"taxonomy":"product_cat","embeddable":true,"href":"https:\/\/www.usborkeychain.com\/es\/wp-json\/wp\/v2\/product_cat?post=2100"},{"taxonomy":"product_tag","embeddable":true,"href":"https:\/\/www.usborkeychain.com\/es\/wp-json\/wp\/v2\/product_tag?post=2100"}],"curies":[{"name":"wp","href":"https:\/\/api.w.org\/{rel}","templated":true}]}}