{"id":2150,"date":"2025-06-18T11:54:54","date_gmt":"2025-06-18T11:54:54","guid":{"rendered":"https:\/\/www.usborkeychain.com\/?post_type=product&#038;p=2150"},"modified":"2025-06-24T00:43:53","modified_gmt":"2025-06-24T00:43:53","slug":"usb2-0-biodegradable-mini-card-usb-drive","status":"publish","type":"product","link":"https:\/\/www.usborkeychain.com\/es\/producto\/usb2-0-biodegradable-mini-card-usb-drive\/","title":{"rendered":"Memoria USB ecol\u00f3gica Mini Square Card"},"content":{"rendered":"<div class=\"wp-block-columns is-layout-flex wp-container-core-columns-is-layout-28f84493 wp-block-columns-is-layout-flex\">\n<div class=\"wp-block-column is-layout-flow wp-block-column-is-layout-flow\">\n<figure class=\"wp-block-image aligncenter size-large is-resized\"><img fetchpriority=\"high\" decoding=\"async\" width=\"1024\" height=\"1024\" src=\"https:\/\/www.usborkeychain.com\/wp-content\/uploads\/Biodegradable-Paper-Card-USB-Drive-from-Factory-1024x1024.jpg\" alt=\"Biodegradable Paper Card USB Drive from Factory\" class=\"wp-image-2155\" style=\"width:450px\" srcset=\"https:\/\/www.usborkeychain.com\/wp-content\/uploads\/Biodegradable-Paper-Card-USB-Drive-from-Factory-1024x1024.jpg 1024w, https:\/\/www.usborkeychain.com\/wp-content\/uploads\/Biodegradable-Paper-Card-USB-Drive-from-Factory-300x300.jpg 300w, https:\/\/www.usborkeychain.com\/wp-content\/uploads\/Biodegradable-Paper-Card-USB-Drive-from-Factory-150x150.jpg 150w, https:\/\/www.usborkeychain.com\/wp-content\/uploads\/Biodegradable-Paper-Card-USB-Drive-from-Factory-768x768.jpg 768w, https:\/\/www.usborkeychain.com\/wp-content\/uploads\/Biodegradable-Paper-Card-USB-Drive-from-Factory-1536x1536.jpg 1536w, https:\/\/www.usborkeychain.com\/wp-content\/uploads\/Biodegradable-Paper-Card-USB-Drive-from-Factory-12x12.jpg 12w, https:\/\/www.usborkeychain.com\/wp-content\/uploads\/Biodegradable-Paper-Card-USB-Drive-from-Factory-600x600.jpg 600w, https:\/\/www.usborkeychain.com\/wp-content\/uploads\/Biodegradable-Paper-Card-USB-Drive-from-Factory-100x100.jpg 100w, https:\/\/www.usborkeychain.com\/wp-content\/uploads\/Biodegradable-Paper-Card-USB-Drive-from-Factory.jpg 1600w\" sizes=\"(max-width: 1024px) 100vw, 1024px\" \/><\/figure>\n<\/div>\n\n\n\n<div class=\"wp-block-column is-vertically-aligned-center is-layout-flow wp-block-column-is-layout-flow\">\n<p>Revolucionando el voluminoso dise\u00f1o de las unidades USB tradicionales, esta unidad USB 2.0 biodegradable con forma de tarjeta ultrafina tiene la mitad del tama\u00f1o de una tarjeta de cr\u00e9dito.<\/p>\n\n\n\n<p>Fabricado con fibra de paja de trigo renovable y materiales reciclables, emplea la tecnolog\u00eda de chip coloidal negro integrado l\u00edder del sector, que encapsula por completo el m\u00f3dulo del circuito en un coloide impermeable y a prueba de golpes para garantizar la seguridad de los datos incluso en caso de inmersi\u00f3n accidental en agua o ca\u00eddas.<\/p>\n\n\n\n<p>Al ser la unidad USB con tarjeta m\u00e1s ecol\u00f3gica del mercado, no s\u00f3lo sirve como herramienta de almacenamiento de datos, sino tambi\u00e9n como elegante accesorio para una vida con bajas emisiones de carbono.<\/p>\n<\/div>\n<\/div>\n\n\n\n<h2 class=\"wp-block-heading\">Material y dise\u00f1o de la memoria USB biodegradable USB 2.0 Mini Card <\/h2>\n\n\n\n<div class=\"wp-block-columns is-layout-flex wp-container-core-columns-is-layout-28f84493 wp-block-columns-is-layout-flex\">\n<div class=\"wp-block-column is-vertically-aligned-center is-layout-flow wp-block-column-is-layout-flow\">\n<p>El cuerpo principal utiliza fibra de paja de trigo + resina biodegradable de grado alimentario, que puede degradarse de forma natural despu\u00e9s de su eliminaci\u00f3n, reduciendo la contaminaci\u00f3n blanca; la capa de encapsulaci\u00f3n del chip es un coloide negro ecol\u00f3gico con un rendimiento de impermeabilidad IP67 y resistencia a los golpes de 1,5 m.<\/p>\n\n\n\n<p>Con s\u00f3lo 2,3 mm de grosor y unos 8 g de peso, el frontal de la tarjeta tiene una ranura est\u00e1ndar en forma de ojo de cerradura para colgarla directamente en llaveros o tarjeteros, lo que elimina el riesgo de p\u00e9rdida; el cuerpo ultrafino puede introducirse f\u00e1cilmente en carteras o compartimentos de port\u00e1tiles, por lo que resulta adecuado para diversas situaciones de transporte.<\/p>\n\n\n\n<p>La producci\u00f3n rechaza el uso de sustancias nocivas como el PVC, y los materiales de envasado pueden seleccionarse como papel reciclable o madera, aplicando conceptos ecol\u00f3gicos de dentro a fuera.<\/p>\n<\/div>\n\n\n\n<div class=\"wp-block-column is-layout-flow wp-block-column-is-layout-flow\">\n<figure class=\"wp-block-image aligncenter size-large is-resized\"><img decoding=\"async\" width=\"1024\" height=\"1024\" src=\"https:\/\/www.usborkeychain.com\/wp-content\/uploads\/Eco-Friendly-Card-USB-Stick-1024x1024.jpg\" alt=\"Eco-Friendly Card USB Stick\" class=\"wp-image-2157\" style=\"width:450px\" srcset=\"https:\/\/www.usborkeychain.com\/wp-content\/uploads\/Eco-Friendly-Card-USB-Stick-1024x1024.jpg 1024w, https:\/\/www.usborkeychain.com\/wp-content\/uploads\/Eco-Friendly-Card-USB-Stick-300x300.jpg 300w, https:\/\/www.usborkeychain.com\/wp-content\/uploads\/Eco-Friendly-Card-USB-Stick-150x150.jpg 150w, https:\/\/www.usborkeychain.com\/wp-content\/uploads\/Eco-Friendly-Card-USB-Stick-768x768.jpg 768w, https:\/\/www.usborkeychain.com\/wp-content\/uploads\/Eco-Friendly-Card-USB-Stick-1536x1536.jpg 1536w, https:\/\/www.usborkeychain.com\/wp-content\/uploads\/Eco-Friendly-Card-USB-Stick-12x12.jpg 12w, https:\/\/www.usborkeychain.com\/wp-content\/uploads\/Eco-Friendly-Card-USB-Stick-600x600.jpg 600w, https:\/\/www.usborkeychain.com\/wp-content\/uploads\/Eco-Friendly-Card-USB-Stick-100x100.jpg 100w, https:\/\/www.usborkeychain.com\/wp-content\/uploads\/Eco-Friendly-Card-USB-Stick.jpg 1920w\" sizes=\"(max-width: 1024px) 100vw, 1024px\" \/><\/figure>\n<\/div>\n<\/div>\n\n\n\n<h2 class=\"wp-block-heading\"><strong>Interfaz y par\u00e1metros t\u00e9cnicos de la minitarjeta USB biodegradable USB2.0 <\/strong><strong><\/strong><\/h2>\n\n\n\n<figure class=\"wp-block-table\"><table class=\"has-fixed-layout\"><tbody><tr><td>Tipo de par\u00e1metro<\/td><td>Par\u00e1metros espec\u00edficos<\/td><\/tr><tr><td>Tipo de chip<\/td><td>USB2.0 (compatible con USB3.0)<\/td><\/tr><tr><td>Capacidad de almacenamiento<\/td><td>8GB\/16GB\/32GB\/64GB\/128GB<\/td><\/tr><tr><td>Velocidad de lectura\/escritura<\/td><td>Modo USB3.1: Lectura \u2248100MB\/s, Escritura \u224830MB\/sModo USB2.0: Lectura \u224815MB\/s, Escritura \u22485MB\/s<\/td><\/tr><tr><td>Rendimiento impermeable<\/td><td>Clasificaci\u00f3n IP67 (inmersi\u00f3n a 1 m bajo el agua durante 30 minutos sin afectar al uso)<\/td><\/tr><tr><td>Resistencia a los golpes<\/td><td>Ca\u00edda libre de 1,5 m sobre suelo de hormig\u00f3n sin p\u00e9rdida de datos<\/td><\/tr><tr><td>Temperatura de funcionamiento<\/td><td>-10\u00b0C~60\u00b0C<\/td><\/tr><tr><td>Temperatura de almacenamiento<\/td><td>-20\u00b0C~85\u00b0C<\/td><\/tr><tr><td>Dimensiones<\/td><td>54\u00d732\u00d72,3 mm<\/td><\/tr><tr><td>Peso<\/td><td>8g<\/td><\/tr><\/tbody><\/table><\/figure>\n\n\n\n<h2 class=\"wp-block-heading\"><strong>Packag<\/strong><strong>e<\/strong><strong>&nbsp;para USB2.0 Biodegradable Mini Card USB Drive <\/strong><strong><\/strong><\/h2>\n\n\n\n<p>Bolsa de PP respetuosa con el medio ambiente, ligera y rentable, adecuada para la venta al por menor y para regalos b\u00e1sicos.<\/p>\n\n\n\n<p>Caja de regalo de madera: Hecho de madera ecol\u00f3gica certificada FSC con franela a prueba de golpes en el interior, adecuado para regalos de empresa de gama alta.<\/p>\n\n\n\n<p>Caj\u00f3n de papel: Fabricado con papel kraft reciclable 100%, admite estampaci\u00f3n en oro\/impresi\u00f3n UV para mostrar los conceptos medioambientales de la marca.<\/p>\n\n\n\n<p>Embalaje de caja de hierro: Embalaje de textura met\u00e1lica duradera, adecuado para aniversarios corporativos, promociones de exposiciones, etc.<\/p>\n\n\n\n<h2 class=\"wp-block-heading\"><strong>Servicios de personalizaci\u00f3n para USB2.0 Biodegradable Mini Card USB Drive <\/strong><strong><\/strong><\/h2>\n\n\n\n<div class=\"wp-block-columns is-layout-flex wp-container-core-columns-is-layout-28f84493 wp-block-columns-is-layout-flex\">\n<div class=\"wp-block-column is-layout-flow wp-block-column-is-layout-flow\">\n<figure class=\"wp-block-image aligncenter size-large is-resized\"><img decoding=\"async\" width=\"1024\" height=\"1024\" src=\"https:\/\/www.usborkeychain.com\/wp-content\/uploads\/Biodegradable-Card-Shaped-USB-Flash-Drive-1024x1024.jpg\" alt=\"Biodegradable Card-Shaped USB Flash Drive\" class=\"wp-image-2154\" style=\"width:450px\" srcset=\"https:\/\/www.usborkeychain.com\/wp-content\/uploads\/Biodegradable-Card-Shaped-USB-Flash-Drive-1024x1024.jpg 1024w, https:\/\/www.usborkeychain.com\/wp-content\/uploads\/Biodegradable-Card-Shaped-USB-Flash-Drive-300x300.jpg 300w, https:\/\/www.usborkeychain.com\/wp-content\/uploads\/Biodegradable-Card-Shaped-USB-Flash-Drive-150x150.jpg 150w, https:\/\/www.usborkeychain.com\/wp-content\/uploads\/Biodegradable-Card-Shaped-USB-Flash-Drive-768x768.jpg 768w, https:\/\/www.usborkeychain.com\/wp-content\/uploads\/Biodegradable-Card-Shaped-USB-Flash-Drive-1536x1536.jpg 1536w, https:\/\/www.usborkeychain.com\/wp-content\/uploads\/Biodegradable-Card-Shaped-USB-Flash-Drive-12x12.jpg 12w, https:\/\/www.usborkeychain.com\/wp-content\/uploads\/Biodegradable-Card-Shaped-USB-Flash-Drive-600x600.jpg 600w, https:\/\/www.usborkeychain.com\/wp-content\/uploads\/Biodegradable-Card-Shaped-USB-Flash-Drive-100x100.jpg 100w, https:\/\/www.usborkeychain.com\/wp-content\/uploads\/Biodegradable-Card-Shaped-USB-Flash-Drive.jpg 1920w\" sizes=\"(max-width: 1024px) 100vw, 1024px\" \/><\/figure>\n<\/div>\n\n\n\n<div class=\"wp-block-column is-vertically-aligned-center is-layout-flow wp-block-column-is-layout-flow\">\n<p> <strong>Personalizaci\u00f3n del logotipo<\/strong>:\u25e6 Admite dos procesos: serigraf\u00eda frontal (admite colores Pantone, colores vibrantes) e impresi\u00f3n en color (restauraci\u00f3n de patrones a todo color, adecuada para dise\u00f1os complejos).\u25e6 Cantidad m\u00ednima de pedido (MOQ): 100 piezas (serigraf\u00eda\/impresi\u00f3n en color).<\/p>\n\n\n\n<p><strong>Personalizaci\u00f3n de envases<\/strong>:\u25e6 Puede imprimir logotipos de marca y esl\u00f3ganes promocionales en bolsas de PP, cajas de madera, cajas de papel, etc., y las cajas de hierro admiten el grabado por l\u00e1ser o la personalizaci\u00f3n por serigraf\u00eda.\u25e6 Ofrece servicios exclusivos de personalizaci\u00f3n, incluidos los materiales de embalaje y el dise\u00f1o estructural (como modelos personalizados que combinan unidades USB de tarjetas con tarjetas de visita).<\/p>\n<\/div>\n<\/div>\n\n\n\n<h2 class=\"wp-block-heading\"><strong>Conclusiones: La tecnolog\u00eda medioambiental favorece la personalizaci\u00f3n empresarial y las compras a granel <\/strong><strong><\/strong><\/h2>\n\n\n\n<p>Esta minitarjeta USB 2.0 biodegradable utiliza materiales biodegradables de paja de trigo como principal argumento de venta, integra transmisi\u00f3n de alta velocidad USB3.1 y tecnolog\u00eda de coloide negro impermeable y a prueba de golpes, y combina conceptos medioambientales con prestaciones pr\u00e1cticas.<\/p>\n\n\n\n<p>Tanto si se trata de regalos ecol\u00f3gicos personalizados para empresas, materiales de promoci\u00f3n para ferias o compras al por mayor en plataformas de comercio electr\u00f3nico, puede ofrecer servicios integrales, desde la personalizaci\u00f3n del logotipo y el dise\u00f1o del envase hasta la producci\u00f3n en serie.<\/p>","protected":false},"excerpt":{"rendered":"<ul>\n<li>Dise\u00f1o en forma de tarjeta<\/li>\n<li>Materiales ecol\u00f3gicos<\/li>\n<li>Fino y ligero<\/li>\n<li>F\u00e1cil de transportar<\/li>\n<li>Ideal para todos los usos<\/li>\n<\/ul>","protected":false},"featured_media":2158,"comment_status":"open","ping_status":"closed","template":"","meta":{"_seopress_robots_primary_cat":"none","_seopress_titles_title":"USB2.0 Biodegradable Mini Card USB Drive","_seopress_titles_desc":"","_seopress_robots_index":"","site-sidebar-layout":"default","site-content-layout":"","ast-site-content-layout":"","site-content-style":"default","site-sidebar-style":"default","ast-global-header-display":"","ast-banner-title-visibility":"","ast-main-header-display":"","ast-hfb-above-header-display":"","ast-hfb-below-header-display":"","ast-hfb-mobile-header-display":"","site-post-title":"","ast-breadcrumbs-content":"","ast-featured-img":"","footer-sml-layout":"","theme-transparent-header-meta":"","adv-header-id-meta":"","stick-header-meta":"","header-above-stick-meta":"","header-main-stick-meta":"","header-below-stick-meta":"","astra-migrate-meta-layouts":"default","ast-page-background-enabled":"default","ast-page-background-meta":{"desktop":{"background-color":"var(--ast-global-color-5)","background-image":"","background-repeat":"repeat","background-position":"center center","background-size":"auto","background-attachment":"scroll","background-type":"","background-media":"","overlay-type":"","overlay-color":"","overlay-opacity":"","overlay-gradient":""},"tablet":{"background-color":"","background-image":"","background-repeat":"repeat","background-position":"center center","background-size":"auto","background-attachment":"scroll","background-type":"","background-media":"","overlay-type":"","overlay-color":"","overlay-opacity":"","overlay-gradient":""},"mobile":{"background-color":"","background-image":"","background-repeat":"repeat","background-position":"center center","background-size":"auto","background-attachment":"scroll","background-type":"","background-media":"","overlay-type":"","overlay-color":"","overlay-opacity":"","overlay-gradient":""}},"ast-content-background-meta":{"desktop":{"background-color":"var(--ast-global-color-4)","background-image":"","background-repeat":"repeat","background-position":"center center","background-size":"auto","background-attachment":"scroll","background-type":"","background-media":"","overlay-type":"","overlay-color":"","overlay-opacity":"","overlay-gradient":""},"tablet":{"background-color":"var(--ast-global-color-4)","background-image":"","background-repeat":"repeat","background-position":"center center","background-size":"auto","background-attachment":"scroll","background-type":"","background-media":"","overlay-type":"","overlay-color":"","overlay-opacity":"","overlay-gradient":""},"mobile":{"background-color":"var(--ast-global-color-4)","background-image":"","background-repeat":"repeat","background-position":"center center","background-size":"auto","background-attachment":"scroll","background-type":"","background-media":"","overlay-type":"","overlay-color":"","overlay-opacity":"","overlay-gradient":""}}},"product_brand":[],"product_cat":[96,170],"product_tag":[],"class_list":{"0":"post-2150","1":"product","2":"type-product","3":"status-publish","4":"has-post-thumbnail","6":"product_cat-card-usb-pendrive","7":"product_cat-biodegradable-usb-pendrive-2","8":"desktop-align-left","9":"tablet-align-left","10":"mobile-align-left","12":"first","13":"instock","14":"sale","15":"shipping-taxable","16":"purchasable","17":"product-type-simple"},"_links":{"self":[{"href":"https:\/\/www.usborkeychain.com\/es\/wp-json\/wp\/v2\/product\/2150","targetHints":{"allow":["GET"]}}],"collection":[{"href":"https:\/\/www.usborkeychain.com\/es\/wp-json\/wp\/v2\/product"}],"about":[{"href":"https:\/\/www.usborkeychain.com\/es\/wp-json\/wp\/v2\/types\/product"}],"replies":[{"embeddable":true,"href":"https:\/\/www.usborkeychain.com\/es\/wp-json\/wp\/v2\/comments?post=2150"}],"wp:featuredmedia":[{"embeddable":true,"href":"https:\/\/www.usborkeychain.com\/es\/wp-json\/wp\/v2\/media\/2158"}],"wp:attachment":[{"href":"https:\/\/www.usborkeychain.com\/es\/wp-json\/wp\/v2\/media?parent=2150"}],"wp:term":[{"taxonomy":"product_brand","embeddable":true,"href":"https:\/\/www.usborkeychain.com\/es\/wp-json\/wp\/v2\/product_brand?post=2150"},{"taxonomy":"product_cat","embeddable":true,"href":"https:\/\/www.usborkeychain.com\/es\/wp-json\/wp\/v2\/product_cat?post=2150"},{"taxonomy":"product_tag","embeddable":true,"href":"https:\/\/www.usborkeychain.com\/es\/wp-json\/wp\/v2\/product_tag?post=2150"}],"curies":[{"name":"wp","href":"https:\/\/api.w.org\/{rel}","templated":true}]}}