{"id":2208,"date":"2025-06-19T05:33:57","date_gmt":"2025-06-19T05:33:57","guid":{"rendered":"https:\/\/www.usborkeychain.com\/?post_type=product&#038;p=2208"},"modified":"2025-08-19T03:39:08","modified_gmt":"2025-08-19T03:39:08","slug":"rotating-acrylic-glow-usb-flash-drive","status":"publish","type":"product","link":"https:\/\/www.usborkeychain.com\/es\/producto\/rotating-acrylic-glow-usb-flash-drive\/","title":{"rendered":"Memoria USB giratoria acr\u00edlica brillante"},"content":{"rendered":"<h2 class=\"wp-block-heading\"><strong>\u00bfQu\u00e9 es una memoria USB giratoria acr\u00edlica incandescente? <\/strong><strong><\/strong><\/h2>\n\n\n\n<div class=\"wp-block-columns is-layout-flex wp-container-core-columns-is-layout-28f84493 wp-block-columns-is-layout-flex\">\n<div class=\"wp-block-column is-layout-flow wp-block-column-is-layout-flow\">\n<figure class=\"wp-block-image aligncenter size-large is-resized\"><img fetchpriority=\"high\" decoding=\"async\" width=\"1024\" height=\"1024\" src=\"https:\/\/www.usborkeychain.com\/wp-content\/uploads\/Spinning-Acrylic-Glow-USB-Flash-Drive-with-Logo-1024x1024.jpg\" alt=\"Spinning Acrylic Glow USB Flash Drive with Logo\" class=\"wp-image-2213\" style=\"width:450px\" srcset=\"https:\/\/www.usborkeychain.com\/wp-content\/uploads\/Spinning-Acrylic-Glow-USB-Flash-Drive-with-Logo-1024x1024.jpg 1024w, https:\/\/www.usborkeychain.com\/wp-content\/uploads\/Spinning-Acrylic-Glow-USB-Flash-Drive-with-Logo-300x300.jpg 300w, https:\/\/www.usborkeychain.com\/wp-content\/uploads\/Spinning-Acrylic-Glow-USB-Flash-Drive-with-Logo-150x150.jpg 150w, https:\/\/www.usborkeychain.com\/wp-content\/uploads\/Spinning-Acrylic-Glow-USB-Flash-Drive-with-Logo-768x768.jpg 768w, https:\/\/www.usborkeychain.com\/wp-content\/uploads\/Spinning-Acrylic-Glow-USB-Flash-Drive-with-Logo-1536x1536.jpg 1536w, https:\/\/www.usborkeychain.com\/wp-content\/uploads\/Spinning-Acrylic-Glow-USB-Flash-Drive-with-Logo-12x12.jpg 12w, https:\/\/www.usborkeychain.com\/wp-content\/uploads\/Spinning-Acrylic-Glow-USB-Flash-Drive-with-Logo-600x600.jpg 600w, https:\/\/www.usborkeychain.com\/wp-content\/uploads\/Spinning-Acrylic-Glow-USB-Flash-Drive-with-Logo-100x100.jpg 100w, https:\/\/www.usborkeychain.com\/wp-content\/uploads\/Spinning-Acrylic-Glow-USB-Flash-Drive-with-Logo.jpg 1920w\" sizes=\"(max-width: 1024px) 100vw, 1024px\" \/><\/figure>\n<\/div>\n\n\n\n<div class=\"wp-block-column is-vertically-aligned-center is-layout-flow wp-block-column-is-layout-flow\">\n<p>La unidad flash USB con brillo acr\u00edlico giratorio adopta una estructura de empalme de un cabezal giratorio met\u00e1lico y un cuerpo acr\u00edlico transparente. Puede exponer u ocultar r\u00e1pidamente la interfaz USB a trav\u00e9s de una acci\u00f3n giratoria, que no s\u00f3lo es conveniente para enchufar y desenchufar todos los d\u00edas, sino que tambi\u00e9n protege eficazmente la interfaz de ara\u00f1azos y acumulaci\u00f3n de polvo.<\/p>\n\n\n\n<p>La parte acr\u00edlica est\u00e1 equipada con elementos de iluminaci\u00f3n LED incorporados que se encienden autom\u00e1ticamente al encenderse o activarse. Esto no s\u00f3lo resuelve el problema de \"encontrar la unidad USB por la noche\", sino que tambi\u00e9n a\u00f1ade una atm\u00f3sfera tecnol\u00f3gica y realces visuales a trav\u00e9s de la textura cristalina del acr\u00edlico, rompiendo la imagen mon\u00f3tona de las unidades USB tradicionales.<\/p>\n<\/div>\n<\/div>\n\n\n\n<p><\/p>\n\n\n\n<h2 class=\"wp-block-heading\"><strong>Interfaz y par\u00e1metros de la memoria USB acr\u00edlica giratoria Glow <\/strong><strong><\/strong><\/h2>\n\n\n\n<figure class=\"wp-block-table\"><table class=\"has-fixed-layout\"><tbody><tr><td>Par\u00e1metro Elemento<\/td><td>Memoria USB giratoria acr\u00edlica brillante (USB3.0)<\/td><td>Unidad USB normal (USB2.0)<\/td><\/tr><tr><td>Opciones de capacidad<\/td><td>8GB\/16GB\/32GB\/64GB\/128GB\/256GB<\/td><td>Mismas opciones de capacidad<\/td><\/tr><tr><td>Talla<\/td><td>62\u00d716\u00d79mm<\/td><td>Var\u00eda seg\u00fan el modelo<\/td><\/tr><tr><td>Peso<\/td><td>30g<\/td><td>Unos 20-40 g (gran diferencia de material)<\/td><\/tr><tr><td>Velocidad de lectura<\/td><td>Alrededor de 60-80 MB\/s (hasta 100 MB\/s)<\/td><td>Alrededor de 10-20 MB\/s<\/td><\/tr><tr><td>Velocidad de escritura<\/td><td>Alrededor de 20-30 MB\/s (hasta 40 MB\/s)<\/td><td>Entre 5 y 10 MB\/s<\/td><\/tr><\/tbody><\/table><\/figure>\n\n\n\n<h2 class=\"wp-block-heading\"><strong>&nbsp;<\/strong><\/h2>\n\n\n\n<h2 class=\"wp-block-heading\"><strong>\u00bfQu\u00e9 luces emite la memoria USB Rotating Acrylic Glow? <\/strong><strong><\/strong><\/h2>\n\n\n\n<p>La unidad USB admite tres modos de iluminaci\u00f3n: morado, azul y rojo. Combinada con la textura \"cristalina\" del acr\u00edlico, cada luz crea una atm\u00f3sfera \u00fanica:<\/p>\n\n\n\n<p><strong>Luz violeta<\/strong>: Misterioso y profundo, cuando se enciende, es como sellar \"fragmentos estrellados\" dentro del acr\u00edlico. La luz refracta un suave halo a trav\u00e9s del material transparente, haciendo que se sienta como sostener una \"gema resplandeciente\" por la noche, rom\u00e1ntica y avanzada.<\/p>\n\n\n\n<p><strong>Luz azul<\/strong>: Fresco y brillante, con un sentido tecnol\u00f3gico incorporado. Cuando se enciende, es como un \"r\u00edo de luz\" que fluye a trav\u00e9s del acr\u00edlico, adecuado para los entusiastas digitales que buscan una \"sensaci\u00f3n futurista\", visualmente fresco y llamativo.<\/p>\n\n\n\n<p><strong>Luz roja<\/strong>: Vibrante y ardiente, causa un fuerte impacto desde el momento en que se enciende. Incluso durante el d\u00eda, la unidad USB puede localizarse r\u00e1pidamente, como si escondiera una \"chispa\" en un soporte transparente, c\u00e1lido y llamativo.<\/p>\n\n\n\n<div class=\"wp-block-columns is-layout-flex wp-container-core-columns-is-layout-28f84493 wp-block-columns-is-layout-flex\">\n<div class=\"wp-block-column is-layout-flow wp-block-column-is-layout-flow\">\n<figure class=\"wp-block-image aligncenter size-large is-resized\"><img decoding=\"async\" width=\"1024\" height=\"1024\" src=\"https:\/\/www.usborkeychain.com\/wp-content\/uploads\/Swiveling-Acrylic-Purple-Light-Up-USB-Stick-1024x1024.jpg\" alt=\"Swiveling Acrylic Purple Light-Up USB Stick\" class=\"wp-image-2215\" style=\"width:450px\" srcset=\"https:\/\/www.usborkeychain.com\/wp-content\/uploads\/Swiveling-Acrylic-Purple-Light-Up-USB-Stick-1024x1024.jpg 1024w, https:\/\/www.usborkeychain.com\/wp-content\/uploads\/Swiveling-Acrylic-Purple-Light-Up-USB-Stick-300x300.jpg 300w, https:\/\/www.usborkeychain.com\/wp-content\/uploads\/Swiveling-Acrylic-Purple-Light-Up-USB-Stick-150x150.jpg 150w, https:\/\/www.usborkeychain.com\/wp-content\/uploads\/Swiveling-Acrylic-Purple-Light-Up-USB-Stick-768x768.jpg 768w, https:\/\/www.usborkeychain.com\/wp-content\/uploads\/Swiveling-Acrylic-Purple-Light-Up-USB-Stick-1536x1536.jpg 1536w, https:\/\/www.usborkeychain.com\/wp-content\/uploads\/Swiveling-Acrylic-Purple-Light-Up-USB-Stick-12x12.jpg 12w, https:\/\/www.usborkeychain.com\/wp-content\/uploads\/Swiveling-Acrylic-Purple-Light-Up-USB-Stick-600x600.jpg 600w, https:\/\/www.usborkeychain.com\/wp-content\/uploads\/Swiveling-Acrylic-Purple-Light-Up-USB-Stick-100x100.jpg 100w, https:\/\/www.usborkeychain.com\/wp-content\/uploads\/Swiveling-Acrylic-Purple-Light-Up-USB-Stick.jpg 1920w\" sizes=\"(max-width: 1024px) 100vw, 1024px\" \/><\/figure>\n<\/div>\n\n\n\n<div class=\"wp-block-column is-layout-flow wp-block-column-is-layout-flow\">\n<figure class=\"wp-block-image aligncenter size-large is-resized\"><img decoding=\"async\" width=\"1024\" height=\"1024\" src=\"https:\/\/www.usborkeychain.com\/wp-content\/uploads\/Swiveling-Acrylic-Blue-Light-Up-USB-Stick-1024x1024.jpg\" alt=\"Swiveling Acrylic Blue Light-Up USB Stick\" class=\"wp-image-2214\" style=\"width:450px\" srcset=\"https:\/\/www.usborkeychain.com\/wp-content\/uploads\/Swiveling-Acrylic-Blue-Light-Up-USB-Stick-1024x1024.jpg 1024w, https:\/\/www.usborkeychain.com\/wp-content\/uploads\/Swiveling-Acrylic-Blue-Light-Up-USB-Stick-300x300.jpg 300w, https:\/\/www.usborkeychain.com\/wp-content\/uploads\/Swiveling-Acrylic-Blue-Light-Up-USB-Stick-150x150.jpg 150w, https:\/\/www.usborkeychain.com\/wp-content\/uploads\/Swiveling-Acrylic-Blue-Light-Up-USB-Stick-768x768.jpg 768w, https:\/\/www.usborkeychain.com\/wp-content\/uploads\/Swiveling-Acrylic-Blue-Light-Up-USB-Stick-1536x1536.jpg 1536w, https:\/\/www.usborkeychain.com\/wp-content\/uploads\/Swiveling-Acrylic-Blue-Light-Up-USB-Stick-12x12.jpg 12w, https:\/\/www.usborkeychain.com\/wp-content\/uploads\/Swiveling-Acrylic-Blue-Light-Up-USB-Stick-600x600.jpg 600w, https:\/\/www.usborkeychain.com\/wp-content\/uploads\/Swiveling-Acrylic-Blue-Light-Up-USB-Stick-100x100.jpg 100w, https:\/\/www.usborkeychain.com\/wp-content\/uploads\/Swiveling-Acrylic-Blue-Light-Up-USB-Stick.jpg 1920w\" sizes=\"(max-width: 1024px) 100vw, 1024px\" \/><\/figure>\n<\/div>\n\n\n\n<div class=\"wp-block-column is-layout-flow wp-block-column-is-layout-flow\">\n<figure class=\"wp-block-image aligncenter size-large is-resized\"><img loading=\"lazy\" decoding=\"async\" width=\"1024\" height=\"1024\" src=\"https:\/\/www.usborkeychain.com\/wp-content\/uploads\/Swiveling-Acrylic-Red-Light-Up-USB-Stick-1024x1024.jpg\" alt=\"Swiveling Acrylic Red Light-Up USB Stick\" class=\"wp-image-2216\" style=\"width:450px\" srcset=\"https:\/\/www.usborkeychain.com\/wp-content\/uploads\/Swiveling-Acrylic-Red-Light-Up-USB-Stick-1024x1024.jpg 1024w, https:\/\/www.usborkeychain.com\/wp-content\/uploads\/Swiveling-Acrylic-Red-Light-Up-USB-Stick-300x300.jpg 300w, https:\/\/www.usborkeychain.com\/wp-content\/uploads\/Swiveling-Acrylic-Red-Light-Up-USB-Stick-150x150.jpg 150w, https:\/\/www.usborkeychain.com\/wp-content\/uploads\/Swiveling-Acrylic-Red-Light-Up-USB-Stick-768x768.jpg 768w, https:\/\/www.usborkeychain.com\/wp-content\/uploads\/Swiveling-Acrylic-Red-Light-Up-USB-Stick-1536x1536.jpg 1536w, https:\/\/www.usborkeychain.com\/wp-content\/uploads\/Swiveling-Acrylic-Red-Light-Up-USB-Stick-12x12.jpg 12w, https:\/\/www.usborkeychain.com\/wp-content\/uploads\/Swiveling-Acrylic-Red-Light-Up-USB-Stick-600x600.jpg 600w, https:\/\/www.usborkeychain.com\/wp-content\/uploads\/Swiveling-Acrylic-Red-Light-Up-USB-Stick-100x100.jpg 100w, https:\/\/www.usborkeychain.com\/wp-content\/uploads\/Swiveling-Acrylic-Red-Light-Up-USB-Stick.jpg 1920w\" sizes=\"(max-width: 1024px) 100vw, 1024px\" \/><\/figure>\n<\/div>\n<\/div>\n\n\n\n<h2 class=\"wp-block-heading\"><strong>\u00bfSe puede personalizar con un logotipo la memoria USB giratoria acr\u00edlica incandescente? <\/strong><strong><\/strong><\/h2>\n\n\n\n<div class=\"wp-block-columns is-layout-flex wp-container-core-columns-is-layout-28f84493 wp-block-columns-is-layout-flex\">\n<div class=\"wp-block-column is-vertically-aligned-center is-layout-flow wp-block-column-is-layout-flow\">\n<p>\u00a1S\u00ed! Esta unidad USB admite la personalizaci\u00f3n de LOGOTIPO de doble \u00e1rea en el anverso y el reverso, mediante tecnolog\u00eda de grabado 3D por l\u00e1ser: los dise\u00f1os\/textos se graban directamente en el interior del acr\u00edlico (no en la superficie), lo que no s\u00f3lo evita los problemas de desgaste y decoloraci\u00f3n habituales con la impresi\u00f3n o las pegatinas, sino que tambi\u00e9n aprovecha la transparencia del acr\u00edlico para presentar un \"efecto 3D flotante\".<\/p>\n\n\n\n<p>Ya sea para que las empresas personalicen regalos de empresa, recuerdos de eventos o los particulares creen art\u00edculos personales \u00fanicos, se puede conseguir f\u00e1cilmente, convirtiendo cada unidad USB en un exclusivo portador de recuerdos.<\/p>\n<\/div>\n\n\n\n<div class=\"wp-block-column is-layout-flow wp-block-column-is-layout-flow\">\n<figure class=\"wp-block-image aligncenter size-full is-resized\"><img loading=\"lazy\" decoding=\"async\" width=\"800\" height=\"800\" src=\"https:\/\/www.usborkeychain.com\/wp-content\/uploads\/Revolving-Acrylic-Color-Lit-USB-Memory.jpg\" alt=\"Revolving Acrylic Color-Lit USB Memory\" class=\"wp-image-2211\" style=\"width:450px\" srcset=\"https:\/\/www.usborkeychain.com\/wp-content\/uploads\/Revolving-Acrylic-Color-Lit-USB-Memory.jpg 800w, https:\/\/www.usborkeychain.com\/wp-content\/uploads\/Revolving-Acrylic-Color-Lit-USB-Memory-300x300.jpg 300w, https:\/\/www.usborkeychain.com\/wp-content\/uploads\/Revolving-Acrylic-Color-Lit-USB-Memory-150x150.jpg 150w, https:\/\/www.usborkeychain.com\/wp-content\/uploads\/Revolving-Acrylic-Color-Lit-USB-Memory-768x768.jpg 768w, https:\/\/www.usborkeychain.com\/wp-content\/uploads\/Revolving-Acrylic-Color-Lit-USB-Memory-12x12.jpg 12w, https:\/\/www.usborkeychain.com\/wp-content\/uploads\/Revolving-Acrylic-Color-Lit-USB-Memory-600x600.jpg 600w, https:\/\/www.usborkeychain.com\/wp-content\/uploads\/Revolving-Acrylic-Color-Lit-USB-Memory-100x100.jpg 100w\" sizes=\"(max-width: 800px) 100vw, 800px\" \/><\/figure>\n<\/div>\n<\/div>\n\n\n\n<p><\/p>\n\n\n\n<h2 class=\"wp-block-heading\"><strong>Resumen <\/strong><strong><\/strong><\/h2>\n\n\n\n<p>La memoria USB acr\u00edlica brillante giratoria integra \"comodidad\" (apertura y cierre giratorios para proteger la interfaz), \"atractivo est\u00e9tico\" (transmisi\u00f3n de luz y colisi\u00f3n de materiales), \"eficacia\" (transmisi\u00f3n de alta velocidad USB3.0) y \"exclusividad\" (personalizaci\u00f3n con grabado 3D).&nbsp;<\/p>\n\n\n\n<p>No s\u00f3lo resuelve los puntos d\u00e9biles de las unidades USB tradicionales, como \"la facilidad para ensuciarse, la dificultad para encontrarlas y la lentitud de transmisi\u00f3n\", sino que tambi\u00e9n dota al producto de un alma \u00fanica gracias a la iluminaci\u00f3n y la personalizaci\u00f3n. Ya sea un profesional, un comprador de regalos o un entusiasta de la belleza, puede convertirse en un nuevo favorito digital \"atractivo y f\u00e1cil de usar\", haciendo del almacenamiento de datos algo ritual.<\/p>\n\n\n\n<p><\/p>","protected":false},"excerpt":{"rendered":"<ul>\n<li>Dise\u00f1o giratorio<\/li>\n<li>Iluminaci\u00f3n multicolor<\/li>\n<li>Elegante y duradero<\/li>\n<li>Mayor velocidad y alta calidad<\/li>\n<li>Fiabilidad y seguridad<\/li>\n<li>Ideal para todos los usos<\/li>\n<\/ul>","protected":false},"featured_media":2212,"comment_status":"open","ping_status":"closed","template":"","meta":{"_seopress_robots_primary_cat":"none","_seopress_titles_title":"Rotating Acrylic Glow USB Flash Drive","_seopress_titles_desc":"","_seopress_robots_index":"","site-sidebar-layout":"default","site-content-layout":"","ast-site-content-layout":"","site-content-style":"default","site-sidebar-style":"default","ast-global-header-display":"","ast-banner-title-visibility":"","ast-main-header-display":"","ast-hfb-above-header-display":"","ast-hfb-below-header-display":"","ast-hfb-mobile-header-display":"","site-post-title":"","ast-breadcrumbs-content":"","ast-featured-img":"","footer-sml-layout":"","theme-transparent-header-meta":"","adv-header-id-meta":"","stick-header-meta":"","header-above-stick-meta":"","header-main-stick-meta":"","header-below-stick-meta":"","astra-migrate-meta-layouts":"default","ast-page-background-enabled":"default","ast-page-background-meta":{"desktop":{"background-color":"var(--ast-global-color-5)","background-image":"","background-repeat":"repeat","background-position":"center center","background-size":"auto","background-attachment":"scroll","background-type":"","background-media":"","overlay-type":"","overlay-color":"","overlay-opacity":"","overlay-gradient":""},"tablet":{"background-color":"","background-image":"","background-repeat":"repeat","background-position":"center center","background-size":"auto","background-attachment":"scroll","background-type":"","background-media":"","overlay-type":"","overlay-color":"","overlay-opacity":"","overlay-gradient":""},"mobile":{"background-color":"","background-image":"","background-repeat":"repeat","background-position":"center center","background-size":"auto","background-attachment":"scroll","background-type":"","background-media":"","overlay-type":"","overlay-color":"","overlay-opacity":"","overlay-gradient":""}},"ast-content-background-meta":{"desktop":{"background-color":"var(--ast-global-color-4)","background-image":"","background-repeat":"repeat","background-position":"center center","background-size":"auto","background-attachment":"scroll","background-type":"","background-media":"","overlay-type":"","overlay-color":"","overlay-opacity":"","overlay-gradient":""},"tablet":{"background-color":"var(--ast-global-color-4)","background-image":"","background-repeat":"repeat","background-position":"center center","background-size":"auto","background-attachment":"scroll","background-type":"","background-media":"","overlay-type":"","overlay-color":"","overlay-opacity":"","overlay-gradient":""},"mobile":{"background-color":"var(--ast-global-color-4)","background-image":"","background-repeat":"repeat","background-position":"center center","background-size":"auto","background-attachment":"scroll","background-type":"","background-media":"","overlay-type":"","overlay-color":"","overlay-opacity":"","overlay-gradient":""}}},"product_brand":[],"product_cat":[91,107,106],"product_tag":[406],"class_list":{"0":"post-2208","1":"product","2":"type-product","3":"status-publish","4":"has-post-thumbnail","6":"product_cat-acrylic-usb-pendrive","7":"product_cat-led-usb-pendrive","8":"product_cat-rotating-usb-pendrive","9":"product_tag-metal-swivel-usb-drive","10":"desktop-align-left","11":"tablet-align-left","12":"mobile-align-left","14":"first","15":"instock","16":"sale","17":"shipping-taxable","18":"purchasable","19":"product-type-simple"},"_links":{"self":[{"href":"https:\/\/www.usborkeychain.com\/es\/wp-json\/wp\/v2\/product\/2208","targetHints":{"allow":["GET"]}}],"collection":[{"href":"https:\/\/www.usborkeychain.com\/es\/wp-json\/wp\/v2\/product"}],"about":[{"href":"https:\/\/www.usborkeychain.com\/es\/wp-json\/wp\/v2\/types\/product"}],"replies":[{"embeddable":true,"href":"https:\/\/www.usborkeychain.com\/es\/wp-json\/wp\/v2\/comments?post=2208"}],"wp:featuredmedia":[{"embeddable":true,"href":"https:\/\/www.usborkeychain.com\/es\/wp-json\/wp\/v2\/media\/2212"}],"wp:attachment":[{"href":"https:\/\/www.usborkeychain.com\/es\/wp-json\/wp\/v2\/media?parent=2208"}],"wp:term":[{"taxonomy":"product_brand","embeddable":true,"href":"https:\/\/www.usborkeychain.com\/es\/wp-json\/wp\/v2\/product_brand?post=2208"},{"taxonomy":"product_cat","embeddable":true,"href":"https:\/\/www.usborkeychain.com\/es\/wp-json\/wp\/v2\/product_cat?post=2208"},{"taxonomy":"product_tag","embeddable":true,"href":"https:\/\/www.usborkeychain.com\/es\/wp-json\/wp\/v2\/product_tag?post=2208"}],"curies":[{"name":"wp","href":"https:\/\/api.w.org\/{rel}","templated":true}]}}