{"id":2217,"date":"2025-06-19T06:03:50","date_gmt":"2025-06-19T06:03:50","guid":{"rendered":"https:\/\/www.usborkeychain.com\/?post_type=product&#038;p=2217"},"modified":"2025-08-19T03:38:40","modified_gmt":"2025-08-19T03:38:40","slug":"clave-usb-rotativa-de-acrilico-iluminada","status":"publish","type":"product","link":"https:\/\/www.usborkeychain.com\/es\/producto\/clave-usb-rotativa-de-acrilico-iluminada\/","title":{"rendered":"Clave USB Rotativa de Acr\u00edlico Iluminada"},"content":{"rendered":"<h2 class=\"wp-block-heading\"><strong>\u00bfQu\u00e9 es la Clave USB Rotativa de Acr\u00edlico Iluminada? <\/strong><strong><\/strong><\/h2>\n\n\n\n<div class=\"wp-block-columns is-layout-flex wp-container-core-columns-is-layout-28f84493 wp-block-columns-is-layout-flex\">\n<div class=\"wp-block-column is-layout-flow wp-block-column-is-layout-flow\">\n<figure class=\"wp-block-image aligncenter size-large is-resized\"><img fetchpriority=\"high\" decoding=\"async\" width=\"1024\" height=\"1024\" src=\"https:\/\/www.usborkeychain.com\/wp-content\/uploads\/Clave-USB-Rotativa-de-Acrilico-Iluminada-1024x1024.jpg\" alt=\"Clave USB Rotativa de Acr\u00edlico Iluminada\" class=\"wp-image-2220\" style=\"width:450px\" srcset=\"https:\/\/www.usborkeychain.com\/wp-content\/uploads\/Clave-USB-Rotativa-de-Acrilico-Iluminada-1024x1024.jpg 1024w, https:\/\/www.usborkeychain.com\/wp-content\/uploads\/Clave-USB-Rotativa-de-Acrilico-Iluminada-300x300.jpg 300w, https:\/\/www.usborkeychain.com\/wp-content\/uploads\/Clave-USB-Rotativa-de-Acrilico-Iluminada-150x150.jpg 150w, https:\/\/www.usborkeychain.com\/wp-content\/uploads\/Clave-USB-Rotativa-de-Acrilico-Iluminada-768x768.jpg 768w, https:\/\/www.usborkeychain.com\/wp-content\/uploads\/Clave-USB-Rotativa-de-Acrilico-Iluminada-1536x1536.jpg 1536w, https:\/\/www.usborkeychain.com\/wp-content\/uploads\/Clave-USB-Rotativa-de-Acrilico-Iluminada-12x12.jpg 12w, https:\/\/www.usborkeychain.com\/wp-content\/uploads\/Clave-USB-Rotativa-de-Acrilico-Iluminada-600x600.jpg 600w, https:\/\/www.usborkeychain.com\/wp-content\/uploads\/Clave-USB-Rotativa-de-Acrilico-Iluminada-100x100.jpg 100w, https:\/\/www.usborkeychain.com\/wp-content\/uploads\/Clave-USB-Rotativa-de-Acrilico-Iluminada.jpg 1920w\" sizes=\"(max-width: 1024px) 100vw, 1024px\" \/><\/figure>\n<\/div>\n\n\n\n<div class=\"wp-block-column is-vertically-aligned-center is-layout-flow wp-block-column-is-layout-flow\">\n<p>La clave USB rotativa de acr\u00edlico iluminada cuenta con una estructura combinada de cabezal giratorio met\u00e1lico y cuerpo transparente de acr\u00edlico. Mediante un movimiento giratorio, se puede exponer u ocultar r\u00e1pidamente la interfaz USB, lo que no solo facilita la inserci\u00f3n y extracci\u00f3n diaria, sino que tambi\u00e9n protege eficazmente la interfaz de rayos y polvo.<\/p>\n\n\n\n<p>La parte de acr\u00edlico incorpora elementos LED iluminados, que se encienden autom\u00e1ticamente al conectarse o ser activados. Esto no s\u00f3lo resuelve la molestia de \"encontrar la clave USB en la oscuridad\", sino que tambi\u00e9n a\u00f1ade un ambiente tecnol\u00f3gico y puntos visuales mediante la textura cristalina del acr\u00edlico, rompiendo con la imagen mon\u00f3tona de las claves USB tradicionales.<\/p>\n<\/div>\n<\/div>\n\n\n\n<p><\/p>\n\n\n\n<h2 class=\"wp-block-heading\"><strong>Interfaz y Par\u00e1metros de la Clave USB Rotativa de Acr\u00edlico Iluminada <\/strong><\/h2>\n\n\n\n<figure class=\"wp-block-table\"><table class=\"has-fixed-layout\"><tbody><tr><td>Par\u00e1metro<\/td><td>Clave USB Rotativa de Acr\u00edlico Iluminada (USB 3.0)<\/td><td>Clave USB Com\u00fan (USB 2.0)<\/td><\/tr><tr><td>Capacidad disponible<\/td><td>8GB\/16GB\/32GB\/64GB\/128GB\/256GB<\/td><td>Capacidades similares<\/td><\/tr><tr><td>Dimensiones<\/td><td>62\u00d716\u00d79mm<\/td><td>Var\u00eda seg\u00fan el modelo<\/td><\/tr><tr><td>Peso<\/td><td>30g<\/td><td>Aprox. 20-40g (var\u00eda por material)<\/td><\/tr><tr><td>Velocidad de lectura<\/td><td>Aprox. 60-80MB\/s (hasta 100MB\/s)<\/td><td>Aprox. 10-20MB\/s<\/td><\/tr><tr><td>Velocidad de escritura<\/td><td>Aprox. 20-30MB\/s (hasta 40MB\/s)<\/td><td>Aprox. 5-10 MB\/s<\/td><\/tr><\/tbody><\/table><\/figure>\n\n\n\n<h2 class=\"wp-block-heading\"><strong>\u00bfQu\u00e9 tipos de luz emite la Clave USB Rotativa de Acr\u00edlico Iluminada? <\/strong><\/h2>\n\n\n\n<p>La clave USB soporta tres modos de luz: violeta, azul y rojo. Combinados con el material de acr\u00edlico \"transparente como el cristal\", cada luz crea un ambiente \u00fanico:<\/p>\n\n\n\n<p>- <strong>Luz Violeta<\/strong>: Misteriosa y profunda, al encenderse parece que \"fragmentos de cielo estrellado\" est\u00e9n sellados en el acr\u00edlico. La luz se refracta a trav\u00e9s del material transparente en un halo suave, y por la noche se utiliza como una \"joya iluminada\", rom\u00e1ntica y de alto nivel.<\/p>\n\n\n\n<p>- <strong>Luz Azul<\/strong>: Fresca y transparente, con un toque tecnol\u00f3gico. Cuando se enciende, parece un \"r\u00edo de luz fluida\" que se mueve por el acr\u00edlico, adaptado a la b\u00fasqueda de \"sensaci\u00f3n futurista\" de los amantes de la tecnolog\u00eda digital, visualmente fresca y llamativa.<\/p>\n\n\n\n<p>- <strong>Luz Roja<\/strong>: V\u00edvida y ardiente, con un impacto inmediato al encenderse. Incluso durante el d\u00eda, permite localizar r\u00e1pidamente la clave USB, como si se guardara un \"hogar\" en un portador transparente, ardiente y llamativo.<\/p>\n\n\n\n<div class=\"wp-block-columns is-layout-flex wp-container-core-columns-is-layout-28f84493 wp-block-columns-is-layout-flex\">\n<div class=\"wp-block-column is-layout-flow wp-block-column-is-layout-flow\">\n<figure class=\"wp-block-image aligncenter size-large is-resized\"><img decoding=\"async\" width=\"1024\" height=\"1024\" src=\"https:\/\/www.usborkeychain.com\/wp-content\/uploads\/Clave-USB-Rotativa-de-Acrilico-Iluminado-Purpura-1024x1024.jpg\" alt=\"Clave USB Rotativa de Acr\u00edlico Iluminado P\u00farpura\" class=\"wp-image-2222\" style=\"width:450px\" srcset=\"https:\/\/www.usborkeychain.com\/wp-content\/uploads\/Clave-USB-Rotativa-de-Acrilico-Iluminado-Purpura-1024x1024.jpg 1024w, https:\/\/www.usborkeychain.com\/wp-content\/uploads\/Clave-USB-Rotativa-de-Acrilico-Iluminado-Purpura-300x300.jpg 300w, https:\/\/www.usborkeychain.com\/wp-content\/uploads\/Clave-USB-Rotativa-de-Acrilico-Iluminado-Purpura-150x150.jpg 150w, https:\/\/www.usborkeychain.com\/wp-content\/uploads\/Clave-USB-Rotativa-de-Acrilico-Iluminado-Purpura-768x768.jpg 768w, https:\/\/www.usborkeychain.com\/wp-content\/uploads\/Clave-USB-Rotativa-de-Acrilico-Iluminado-Purpura-1536x1536.jpg 1536w, https:\/\/www.usborkeychain.com\/wp-content\/uploads\/Clave-USB-Rotativa-de-Acrilico-Iluminado-Purpura-12x12.jpg 12w, https:\/\/www.usborkeychain.com\/wp-content\/uploads\/Clave-USB-Rotativa-de-Acrilico-Iluminado-Purpura-600x600.jpg 600w, https:\/\/www.usborkeychain.com\/wp-content\/uploads\/Clave-USB-Rotativa-de-Acrilico-Iluminado-Purpura-100x100.jpg 100w, https:\/\/www.usborkeychain.com\/wp-content\/uploads\/Clave-USB-Rotativa-de-Acrilico-Iluminado-Purpura.jpg 1920w\" sizes=\"(max-width: 1024px) 100vw, 1024px\" \/><\/figure>\n<\/div>\n\n\n\n<div class=\"wp-block-column is-layout-flow wp-block-column-is-layout-flow\">\n<figure class=\"wp-block-image aligncenter size-large is-resized\"><img decoding=\"async\" width=\"1024\" height=\"1024\" src=\"https:\/\/www.usborkeychain.com\/wp-content\/uploads\/Clave-USB-Rotativa-de-Acrilico-Iluminado-Azul-1024x1024.jpg\" alt=\"Clave USB Rotativa de Acr\u00edlico Iluminado Azul\" class=\"wp-image-2221\" style=\"width:450px\" srcset=\"https:\/\/www.usborkeychain.com\/wp-content\/uploads\/Clave-USB-Rotativa-de-Acrilico-Iluminado-Azul-1024x1024.jpg 1024w, https:\/\/www.usborkeychain.com\/wp-content\/uploads\/Clave-USB-Rotativa-de-Acrilico-Iluminado-Azul-300x300.jpg 300w, https:\/\/www.usborkeychain.com\/wp-content\/uploads\/Clave-USB-Rotativa-de-Acrilico-Iluminado-Azul-150x150.jpg 150w, https:\/\/www.usborkeychain.com\/wp-content\/uploads\/Clave-USB-Rotativa-de-Acrilico-Iluminado-Azul-768x768.jpg 768w, https:\/\/www.usborkeychain.com\/wp-content\/uploads\/Clave-USB-Rotativa-de-Acrilico-Iluminado-Azul-1536x1536.jpg 1536w, https:\/\/www.usborkeychain.com\/wp-content\/uploads\/Clave-USB-Rotativa-de-Acrilico-Iluminado-Azul-12x12.jpg 12w, https:\/\/www.usborkeychain.com\/wp-content\/uploads\/Clave-USB-Rotativa-de-Acrilico-Iluminado-Azul-600x600.jpg 600w, https:\/\/www.usborkeychain.com\/wp-content\/uploads\/Clave-USB-Rotativa-de-Acrilico-Iluminado-Azul-100x100.jpg 100w, https:\/\/www.usborkeychain.com\/wp-content\/uploads\/Clave-USB-Rotativa-de-Acrilico-Iluminado-Azul.jpg 1920w\" sizes=\"(max-width: 1024px) 100vw, 1024px\" \/><\/figure>\n<\/div>\n\n\n\n<div class=\"wp-block-column is-layout-flow wp-block-column-is-layout-flow\">\n<figure class=\"wp-block-image aligncenter size-large is-resized\"><img loading=\"lazy\" decoding=\"async\" width=\"1024\" height=\"1024\" src=\"https:\/\/www.usborkeychain.com\/wp-content\/uploads\/Swiveling-Acrylic-Red-Light-Up-USB-Stick-1024x1024.jpg\" alt=\"Swiveling Acrylic Red Light-Up USB Stick\" class=\"wp-image-2216\" style=\"width:450px\" srcset=\"https:\/\/www.usborkeychain.com\/wp-content\/uploads\/Swiveling-Acrylic-Red-Light-Up-USB-Stick-1024x1024.jpg 1024w, https:\/\/www.usborkeychain.com\/wp-content\/uploads\/Swiveling-Acrylic-Red-Light-Up-USB-Stick-300x300.jpg 300w, https:\/\/www.usborkeychain.com\/wp-content\/uploads\/Swiveling-Acrylic-Red-Light-Up-USB-Stick-150x150.jpg 150w, https:\/\/www.usborkeychain.com\/wp-content\/uploads\/Swiveling-Acrylic-Red-Light-Up-USB-Stick-768x768.jpg 768w, https:\/\/www.usborkeychain.com\/wp-content\/uploads\/Swiveling-Acrylic-Red-Light-Up-USB-Stick-1536x1536.jpg 1536w, https:\/\/www.usborkeychain.com\/wp-content\/uploads\/Swiveling-Acrylic-Red-Light-Up-USB-Stick-12x12.jpg 12w, https:\/\/www.usborkeychain.com\/wp-content\/uploads\/Swiveling-Acrylic-Red-Light-Up-USB-Stick-600x600.jpg 600w, https:\/\/www.usborkeychain.com\/wp-content\/uploads\/Swiveling-Acrylic-Red-Light-Up-USB-Stick-100x100.jpg 100w, https:\/\/www.usborkeychain.com\/wp-content\/uploads\/Swiveling-Acrylic-Red-Light-Up-USB-Stick.jpg 1920w\" sizes=\"(max-width: 1024px) 100vw, 1024px\" \/><\/figure>\n<\/div>\n<\/div>\n\n\n\n<h2 class=\"wp-block-heading\"><strong>\u00bfSe puede personalizar el logotipo en la clave USB rotativa de acr\u00edlico iluminada?<\/strong><\/h2>\n\n\n\n<div class=\"wp-block-columns is-layout-flex wp-container-core-columns-is-layout-28f84493 wp-block-columns-is-layout-flex\">\n<div class=\"wp-block-column is-vertically-aligned-center is-layout-flow wp-block-column-is-layout-flow\">\n<p>\u00a1S\u00ed! Esta clave USB permite la personalizaci\u00f3n de logotipos en doble \u00e1rea frontal + trasera, utilizando la tecnolog\u00eda de escultura 3D l\u00e1ser: el dise\u00f1o \/texto se esculpe directamente en el interior del acr\u00edlico (no en la superficie), lo que no solo evita el problema de desgaste o decoloraci\u00f3n de la impresi\u00f3n \/etiqueta, sino que tambi\u00e9n utiliza la transparencia del acr\u00edlico para presentar un efecto \"3D flotante\".<\/p>\n\n\n\n<p>&nbsp;Ya sea para personalizar regalos comerciales empresariales, regalos de eventos o art\u00edculos personales \u00fanicos, se puede lograr con facilidad, convirtiendo cada clave USB en un \"portador de memoria exclusivo\".<\/p>\n<\/div>\n\n\n\n<div class=\"wp-block-column is-layout-flow wp-block-column-is-layout-flow\">\n<figure class=\"wp-block-image aligncenter size-full is-resized\"><img loading=\"lazy\" decoding=\"async\" width=\"800\" height=\"800\" src=\"https:\/\/www.usborkeychain.com\/wp-content\/uploads\/Unidad-USB-Acrilica-Giratoria-con-Efecto-Iluminado.jpg\" alt=\"Unidad USB Acr\u00edlica Giratoria con Efecto Iluminado\" class=\"wp-image-2224\" style=\"width:450px\" srcset=\"https:\/\/www.usborkeychain.com\/wp-content\/uploads\/Unidad-USB-Acrilica-Giratoria-con-Efecto-Iluminado.jpg 800w, https:\/\/www.usborkeychain.com\/wp-content\/uploads\/Unidad-USB-Acrilica-Giratoria-con-Efecto-Iluminado-300x300.jpg 300w, https:\/\/www.usborkeychain.com\/wp-content\/uploads\/Unidad-USB-Acrilica-Giratoria-con-Efecto-Iluminado-150x150.jpg 150w, https:\/\/www.usborkeychain.com\/wp-content\/uploads\/Unidad-USB-Acrilica-Giratoria-con-Efecto-Iluminado-768x768.jpg 768w, https:\/\/www.usborkeychain.com\/wp-content\/uploads\/Unidad-USB-Acrilica-Giratoria-con-Efecto-Iluminado-12x12.jpg 12w, https:\/\/www.usborkeychain.com\/wp-content\/uploads\/Unidad-USB-Acrilica-Giratoria-con-Efecto-Iluminado-600x600.jpg 600w, https:\/\/www.usborkeychain.com\/wp-content\/uploads\/Unidad-USB-Acrilica-Giratoria-con-Efecto-Iluminado-100x100.jpg 100w\" sizes=\"(max-width: 800px) 100vw, 800px\" \/><\/figure>\n<\/div>\n<\/div>\n\n\n\n<p><strong> <\/strong><\/p>\n\n\n\n<p><\/p>\n\n\n\n<h2 class=\"wp-block-heading\"><strong>Resumir<\/strong><\/h2>\n\n\n\n<p>La clave USB giratoria de acr\u00edlico iluminada combina \"comodidad\" (apertura y cierre giratorio para proteger la interfaz), \"est\u00e9tica\" (transparencia y luz + contraste de materiales), \"eficiencia\" (transmisi\u00f3n r\u00e1pida USB 3.0) y \"sensaci\u00f3n exclusiva\" (personalizaci\u00f3n por escultura interna) en un solo producto.<\/p>\n\n\n\n<p>Resuelve los problemas de las claves USB tradicionales (\"f\u00e1cil de ensuciar, dif\u00edcil de encontrar, lenta transmisi\u00f3n\") y otorga un alma \u00fanica a trav\u00e9s de la luz y la personalizaci\u00f3n. Ya sea que seas un profesional, comprador de regalos o amante de la est\u00e9tica, puede convertirse en el nuevo favorito digital \"funcional y atractivo\" - haciendo que almacenar datos sea tambi\u00e9n un acto con sentido de ceremonia.<\/p>\n\n\n\n<p><\/p>","protected":false},"excerpt":{"rendered":"<ul>\n<li>Dise\u00f1o Rotativo<\/li>\n<li>Iluminaci\u00f3n Multicolor<\/li>\n<li>Estiloso y Duradero<\/li>\n<li>Velocidad m\u00e1s r\u00e1pida y alta calidad<\/li>\n<li>Fiable y Segura<\/li>\n<li>Perfecta para Todos los Usos<\/li>\n<\/ul>\n<p>&nbsp;<\/p>","protected":false},"featured_media":2220,"comment_status":"open","ping_status":"closed","template":"","meta":{"_seopress_robots_primary_cat":"","_seopress_titles_title":"Clave USB Rotativa de Acr\u00edlico Iluminada","_seopress_titles_desc":"","_seopress_robots_index":"","site-sidebar-layout":"default","site-content-layout":"","ast-site-content-layout":"","site-content-style":"default","site-sidebar-style":"default","ast-global-header-display":"","ast-banner-title-visibility":"","ast-main-header-display":"","ast-hfb-above-header-display":"","ast-hfb-below-header-display":"","ast-hfb-mobile-header-display":"","site-post-title":"","ast-breadcrumbs-content":"","ast-featured-img":"","footer-sml-layout":"","theme-transparent-header-meta":"","adv-header-id-meta":"","stick-header-meta":"","header-above-stick-meta":"","header-main-stick-meta":"","header-below-stick-meta":"","astra-migrate-meta-layouts":"default","ast-page-background-enabled":"default","ast-page-background-meta":{"desktop":{"background-color":"var(--ast-global-color-5)","background-image":"","background-repeat":"repeat","background-position":"center center","background-size":"auto","background-attachment":"scroll","background-type":"","background-media":"","overlay-type":"","overlay-color":"","overlay-opacity":"","overlay-gradient":""},"tablet":{"background-color":"","background-image":"","background-repeat":"repeat","background-position":"center center","background-size":"auto","background-attachment":"scroll","background-type":"","background-media":"","overlay-type":"","overlay-color":"","overlay-opacity":"","overlay-gradient":""},"mobile":{"background-color":"","background-image":"","background-repeat":"repeat","background-position":"center center","background-size":"auto","background-attachment":"scroll","background-type":"","background-media":"","overlay-type":"","overlay-color":"","overlay-opacity":"","overlay-gradient":""}},"ast-content-background-meta":{"desktop":{"background-color":"var(--ast-global-color-4)","background-image":"","background-repeat":"repeat","background-position":"center center","background-size":"auto","background-attachment":"scroll","background-type":"","background-media":"","overlay-type":"","overlay-color":"","overlay-opacity":"","overlay-gradient":""},"tablet":{"background-color":"var(--ast-global-color-4)","background-image":"","background-repeat":"repeat","background-position":"center center","background-size":"auto","background-attachment":"scroll","background-type":"","background-media":"","overlay-type":"","overlay-color":"","overlay-opacity":"","overlay-gradient":""},"mobile":{"background-color":"var(--ast-global-color-4)","background-image":"","background-repeat":"repeat","background-position":"center center","background-size":"auto","background-attachment":"scroll","background-type":"","background-media":"","overlay-type":"","overlay-color":"","overlay-opacity":"","overlay-gradient":""}}},"product_brand":[],"product_cat":[91,107,106],"product_tag":[406],"class_list":{"0":"post-2217","1":"product","2":"type-product","3":"status-publish","4":"has-post-thumbnail","6":"product_cat-acrylic-usb-pendrive","7":"product_cat-led-usb-pendrive","8":"product_cat-rotating-usb-pendrive","9":"product_tag-metal-swivel-usb-drive","10":"desktop-align-left","11":"tablet-align-left","12":"mobile-align-left","14":"first","15":"instock","16":"sale","17":"shipping-taxable","18":"purchasable","19":"product-type-simple"},"_links":{"self":[{"href":"https:\/\/www.usborkeychain.com\/es\/wp-json\/wp\/v2\/product\/2217","targetHints":{"allow":["GET"]}}],"collection":[{"href":"https:\/\/www.usborkeychain.com\/es\/wp-json\/wp\/v2\/product"}],"about":[{"href":"https:\/\/www.usborkeychain.com\/es\/wp-json\/wp\/v2\/types\/product"}],"replies":[{"embeddable":true,"href":"https:\/\/www.usborkeychain.com\/es\/wp-json\/wp\/v2\/comments?post=2217"}],"wp:featuredmedia":[{"embeddable":true,"href":"https:\/\/www.usborkeychain.com\/es\/wp-json\/wp\/v2\/media\/2220"}],"wp:attachment":[{"href":"https:\/\/www.usborkeychain.com\/es\/wp-json\/wp\/v2\/media?parent=2217"}],"wp:term":[{"taxonomy":"product_brand","embeddable":true,"href":"https:\/\/www.usborkeychain.com\/es\/wp-json\/wp\/v2\/product_brand?post=2217"},{"taxonomy":"product_cat","embeddable":true,"href":"https:\/\/www.usborkeychain.com\/es\/wp-json\/wp\/v2\/product_cat?post=2217"},{"taxonomy":"product_tag","embeddable":true,"href":"https:\/\/www.usborkeychain.com\/es\/wp-json\/wp\/v2\/product_tag?post=2217"}],"curies":[{"name":"wp","href":"https:\/\/api.w.org\/{rel}","templated":true}]}}