{"id":2226,"date":"2025-06-19T09:26:42","date_gmt":"2025-06-19T09:26:42","guid":{"rendered":"https:\/\/www.usborkeychain.com\/?post_type=product&#038;p=2226"},"modified":"2025-07-22T14:22:28","modified_gmt":"2025-07-22T14:22:28","slug":"key-shape-wooden-usb-flash-drive","status":"publish","type":"product","link":"https:\/\/www.usborkeychain.com\/es\/producto\/key-shape-wooden-usb-flash-drive\/","title":{"rendered":"Memoria USB de madera en forma de llave"},"content":{"rendered":"<h2 class=\"wp-block-heading\"><strong>\u00bfQu\u00e9 es un <\/strong><strong>Memoria USB de madera en forma de llave<\/strong><strong>? <\/strong><strong><\/strong><\/h2>\n\n\n\n<div class=\"wp-block-columns is-layout-flex wp-container-core-columns-is-layout-28f84493 wp-block-columns-is-layout-flex\">\n<div class=\"wp-block-column is-layout-flow wp-block-column-is-layout-flow\">\n<figure class=\"wp-block-image aligncenter size-full is-resized\"><img fetchpriority=\"high\" decoding=\"async\" width=\"800\" height=\"800\" src=\"https:\/\/www.usborkeychain.com\/wp-content\/uploads\/bulk-key-shape-wooden-usb-flash-drive.jpg\" alt=\"bulk key shape wooden usb flash drive\" class=\"wp-image-2229\" style=\"width:450px\" srcset=\"https:\/\/www.usborkeychain.com\/wp-content\/uploads\/bulk-key-shape-wooden-usb-flash-drive.jpg 800w, https:\/\/www.usborkeychain.com\/wp-content\/uploads\/bulk-key-shape-wooden-usb-flash-drive-300x300.jpg 300w, https:\/\/www.usborkeychain.com\/wp-content\/uploads\/bulk-key-shape-wooden-usb-flash-drive-150x150.jpg 150w, https:\/\/www.usborkeychain.com\/wp-content\/uploads\/bulk-key-shape-wooden-usb-flash-drive-768x768.jpg 768w, https:\/\/www.usborkeychain.com\/wp-content\/uploads\/bulk-key-shape-wooden-usb-flash-drive-12x12.jpg 12w, https:\/\/www.usborkeychain.com\/wp-content\/uploads\/bulk-key-shape-wooden-usb-flash-drive-600x600.jpg 600w, https:\/\/www.usborkeychain.com\/wp-content\/uploads\/bulk-key-shape-wooden-usb-flash-drive-100x100.jpg 100w\" sizes=\"(max-width: 800px) 100vw, 800px\" \/><\/figure>\n<\/div>\n\n\n\n<div class=\"wp-block-column is-vertically-aligned-center is-layout-flow wp-block-column-is-layout-flow\">\n<p>La memoria USB de madera Key Shape reproduce el contorno cl\u00e1sico de las llaves met\u00e1licas tradicionales, con todos los detalles, desde la cabeza angular de la llave hasta la ca\u00f1a dentada, de est\u00e9tica retro.<\/p>\n\n\n\n<p>Fabricado con madera natural seleccionada, el cuerpo presenta delicadas vetas de madera y una textura c\u00e1lida. Mediante seis procesos de pulido, la superficie presenta un tacto suave como la piel de un beb\u00e9, preservando la transpirabilidad natural de la madera y garantizando al mismo tiempo su resistencia al desgaste y a las ca\u00eddas.<\/p>\n\n\n\n<p>El dise\u00f1o m\u00e1s ingenioso es el mini orificio para colgar en el extremo, id\u00e9ntico al de las llaves de verdad, que permite engancharlo f\u00e1cilmente a llaveros, cremalleras de mochilas o cordones de identificaci\u00f3n, diciendo adi\u00f3s al \"s\u00edndrome de la unidad USB perdida\" y convirtiendo el dispositivo de almacenamiento en un exquisito accesorio port\u00e1til.<\/p>\n<\/div>\n<\/div>\n\n\n\n<h2 class=\"wp-block-heading\"><strong>Interfaz de alta velocidad USB3.0 + par\u00e1metros Hardcore <\/strong><strong><\/strong><\/h2>\n\n\n\n<figure class=\"wp-block-table\"><table class=\"has-fixed-layout\"><tbody><tr><td>Tipo de par\u00e1metro<\/td><td>Memoria USB de madera en forma de llave (USB3.0)<\/td><td>Unidad USB 2.0 normal<\/td><td>An\u00e1lisis de ventajas<\/td><\/tr><tr><td>Capacidad de almacenamiento<\/td><td>8GB\/16GB\/32GB\/64GB\/128GB<\/td><td>Capacidad regular<\/td><td>Cubre todas las necesidades, desde la oficina diaria hasta el dise\u00f1o profesional<\/td><\/tr><tr><td>Tama\u00f1o del cuerpo<\/td><td>60\u00d729\u00d710mm<\/td><td>Ninguna norma uniforme<\/td><td>Tama\u00f1o miniatura que se adapta a todos los bolsillos\/carteras, cero carga para llevar<\/td><\/tr><tr><td>Peso<\/td><td>15g<\/td><td>20-30g<\/td><td>Dise\u00f1o ligero, no se carga al colgarlo en llaveros<\/td><\/tr><tr><td>Velocidad de lectura<\/td><td>Hasta 100 MB\/s (archivos grandes transferidos en segundos)<\/td><td>15-20 MB\/s<\/td><td>Transfiere una pel\u00edcula de 1 GB en s\u00f3lo 10 segundos, 5 veces m\u00e1s r\u00e1pido que las unidades USB normales<\/td><\/tr><tr><td>Velocidad de escritura<\/td><td>Hasta 30 MB\/s (preferible para un almacenamiento eficiente)<\/td><td>5-10 MB\/s<\/td><td>Ahorra tiempo de espera del 70% al importar datos por lotes.<\/td><\/tr><tr><td>Material<\/td><td>Madera maciza natural + contactos met\u00e1licos<\/td><td>Pl\u00e1stico\/metal<\/td><td>C\u00e1lida y agradable a la piel, cada pieza es una obra de arte \u00fanica con vetas de madera<\/td><\/tr><\/tbody><\/table><\/figure>\n\n\n\n<h2 class=\"wp-block-heading\"><strong>Tres cl\u00e1sicos <\/strong><strong>Memoria USB de madera en forma de llave<\/strong><strong>s <\/strong><strong><\/strong><\/h2>\n\n\n\n<div class=\"wp-block-columns is-layout-flex wp-container-core-columns-is-layout-28f84493 wp-block-columns-is-layout-flex\">\n<div class=\"wp-block-column is-vertically-aligned-center is-layout-flow wp-block-column-is-layout-flow\">\n<p><strong>Modelo de cabeza cuadrada <\/strong><\/p>\n\n\n\n<p>La cabeza de la llave adopta un dise\u00f1o rectangular con bordes definidos, en el que las aristas mec\u00e1nicas en \u00e1ngulo recto desprenden un aura afilada, pero est\u00e1n suavemente envueltas por las vetas naturales de la madera de color marr\u00f3n claro, como las sombras de los \u00e1rboles: esos patrones irregulares son como suaves huellas del tiempo, que a\u00f1aden un toque de afinidad a las l\u00edneas duras.<\/p>\n\n\n\n<p>El agujero colgante de la esquina superior izquierda est\u00e1 descentrado intencionadamente, convirti\u00e9ndose en un \"huevo de pascua asim\u00e9trico\" oculto por el dise\u00f1ador, como diciendo: \"M\u00e1s all\u00e1 de las reglas, hay sorpresas\". Cuando las yemas de los dedos se deslizan sobre los bordes en \u00e1ngulo recto, el c\u00e1lido tacto mate de la madera choca con los contactos met\u00e1licos negro-dorado de la interfaz USB, creando un contraste maravilloso, como si inyect\u00e1ramos el alma de una llave retro en la tecnolog\u00eda moderna, haciendo que el almacenamiento se llene de ritual.<\/p>\n<\/div>\n\n\n\n<div class=\"wp-block-column is-layout-flow wp-block-column-is-layout-flow\">\n<figure class=\"wp-block-image aligncenter size-full is-resized\"><img decoding=\"async\" width=\"800\" height=\"800\" src=\"https:\/\/www.usborkeychain.com\/wp-content\/uploads\/China-Square-Head-Key-Shape-Wooden-usb-flash-drive.jpg\" alt=\"China Square Head Key Shape Wooden usb flash drive\" class=\"wp-image-2230\" style=\"width:450px\" srcset=\"https:\/\/www.usborkeychain.com\/wp-content\/uploads\/China-Square-Head-Key-Shape-Wooden-usb-flash-drive.jpg 800w, https:\/\/www.usborkeychain.com\/wp-content\/uploads\/China-Square-Head-Key-Shape-Wooden-usb-flash-drive-300x300.jpg 300w, https:\/\/www.usborkeychain.com\/wp-content\/uploads\/China-Square-Head-Key-Shape-Wooden-usb-flash-drive-150x150.jpg 150w, https:\/\/www.usborkeychain.com\/wp-content\/uploads\/China-Square-Head-Key-Shape-Wooden-usb-flash-drive-768x768.jpg 768w, https:\/\/www.usborkeychain.com\/wp-content\/uploads\/China-Square-Head-Key-Shape-Wooden-usb-flash-drive-12x12.jpg 12w, https:\/\/www.usborkeychain.com\/wp-content\/uploads\/China-Square-Head-Key-Shape-Wooden-usb-flash-drive-600x600.jpg 600w, https:\/\/www.usborkeychain.com\/wp-content\/uploads\/China-Square-Head-Key-Shape-Wooden-usb-flash-drive-100x100.jpg 100w\" sizes=\"(max-width: 800px) 100vw, 800px\" \/><\/figure>\n<\/div>\n<\/div>\n\n\n\n<div class=\"wp-block-columns is-layout-flex wp-container-core-columns-is-layout-28f84493 wp-block-columns-is-layout-flex\">\n<div class=\"wp-block-column is-layout-flow wp-block-column-is-layout-flow\">\n<figure class=\"wp-block-image aligncenter size-full is-resized\"><img decoding=\"async\" width=\"800\" height=\"800\" src=\"https:\/\/www.usborkeychain.com\/wp-content\/uploads\/key-shape-wooden-usb-flash-drive-with-triangular-head.jpg\" alt=\"key shape wooden usb flash drive with triangular head\" class=\"wp-image-2231\" style=\"width:450px\" srcset=\"https:\/\/www.usborkeychain.com\/wp-content\/uploads\/key-shape-wooden-usb-flash-drive-with-triangular-head.jpg 800w, https:\/\/www.usborkeychain.com\/wp-content\/uploads\/key-shape-wooden-usb-flash-drive-with-triangular-head-300x300.jpg 300w, https:\/\/www.usborkeychain.com\/wp-content\/uploads\/key-shape-wooden-usb-flash-drive-with-triangular-head-150x150.jpg 150w, https:\/\/www.usborkeychain.com\/wp-content\/uploads\/key-shape-wooden-usb-flash-drive-with-triangular-head-768x768.jpg 768w, https:\/\/www.usborkeychain.com\/wp-content\/uploads\/key-shape-wooden-usb-flash-drive-with-triangular-head-12x12.jpg 12w, https:\/\/www.usborkeychain.com\/wp-content\/uploads\/key-shape-wooden-usb-flash-drive-with-triangular-head-600x600.jpg 600w, https:\/\/www.usborkeychain.com\/wp-content\/uploads\/key-shape-wooden-usb-flash-drive-with-triangular-head-100x100.jpg 100w\" sizes=\"(max-width: 800px) 100vw, 800px\" \/><\/figure>\n<\/div>\n\n\n\n<div class=\"wp-block-column is-vertically-aligned-center is-layout-flow wp-block-column-is-layout-flow\">\n<p><strong>Modelo de cabeza triangular <\/strong><\/p>\n\n\n\n<p>El modelo de cabeza triangular, cuidadosamente seleccionado a partir de material de bamb\u00fa, presenta hipotenusas de corte agudo como l\u00edneas afiladas talladas por los vientos de monta\u00f1a, pero aligeradas al instante por la fina textura vertical del bamb\u00fa: la superficie transparente de bamb\u00fa dorado parece encerrar la luz del sol de todo un bosque de bamb\u00fa, haci\u00e9ndole sentir como si pudiera o\u00edr el susurro de las hojas de bamb\u00fa al sostenerlo.<\/p>\n\n\n\n<p>El orificio para colgar se aferra al borde de la parte superior triangular, este dise\u00f1o de posici\u00f3n \"aventurera\" hace que est\u00e9 listo para engancharse a llaveros y emprender el siguiente viaje en cualquier momento. Cuando los dedos se deslizan sobre las hipotenusas y acarician suavemente en la direcci\u00f3n de la textura del bamb\u00fa, es como perseguir la luz y la sombra en las monta\u00f1as, siendo cada roce un di\u00e1logo con la naturaleza.<\/p>\n<\/div>\n<\/div>\n\n\n\n<div class=\"wp-block-columns is-layout-flex wp-container-core-columns-is-layout-28f84493 wp-block-columns-is-layout-flex\">\n<div class=\"wp-block-column is-vertically-aligned-center is-layout-flow wp-block-column-is-layout-flow\">\n<p><strong>Modelo de cabeza redonda <\/strong><\/p>\n\n\n\n<p>La cabeza de la llave es un c\u00edrculo completo envuelto por un arco suave, con bordes tan fluidos como guijarros lavados por un arroyo durante a\u00f1os. La textura de madera clara se extiende por la superficie circular, como si condensara los anillos anuales del bosque en una peque\u00f1a luna en la palma.<\/p>\n\n\n\n<p>El orificio para colgar est\u00e1 oculto ligeramente por encima del centro del c\u00edrculo, lo que hace que todo el contorno se parezca m\u00e1s a una vieja llave cuyos bordes han sido suavizados por el tiempo, con un filtro retro incorporado.<\/p>\n\n\n\n<p>Cuando las yemas de los dedos se deslizan por el arco, se puede sentir claramente la transici\u00f3n de la madera de dura a blanda, e incluso la interfaz USB met\u00e1lica que sobresale es como una \"antena moderna\" que se extiende desde los viejos tiempos, conectando suavemente el pasado y el presente.<\/p>\n<\/div>\n\n\n\n<div class=\"wp-block-column is-layout-flow wp-block-column-is-layout-flow\">\n<figure class=\"wp-block-image aligncenter size-full is-resized\"><img loading=\"lazy\" decoding=\"async\" width=\"800\" height=\"800\" src=\"https:\/\/www.usborkeychain.com\/wp-content\/uploads\/low-price-key-shape-wooden-usb-flash-drive-with-round-head.jpg\" alt=\"low price key shape wooden usb flash drive with round head\" class=\"wp-image-2232\" style=\"width:450px\" srcset=\"https:\/\/www.usborkeychain.com\/wp-content\/uploads\/low-price-key-shape-wooden-usb-flash-drive-with-round-head.jpg 800w, https:\/\/www.usborkeychain.com\/wp-content\/uploads\/low-price-key-shape-wooden-usb-flash-drive-with-round-head-300x300.jpg 300w, https:\/\/www.usborkeychain.com\/wp-content\/uploads\/low-price-key-shape-wooden-usb-flash-drive-with-round-head-150x150.jpg 150w, https:\/\/www.usborkeychain.com\/wp-content\/uploads\/low-price-key-shape-wooden-usb-flash-drive-with-round-head-768x768.jpg 768w, https:\/\/www.usborkeychain.com\/wp-content\/uploads\/low-price-key-shape-wooden-usb-flash-drive-with-round-head-12x12.jpg 12w, https:\/\/www.usborkeychain.com\/wp-content\/uploads\/low-price-key-shape-wooden-usb-flash-drive-with-round-head-600x600.jpg 600w, https:\/\/www.usborkeychain.com\/wp-content\/uploads\/low-price-key-shape-wooden-usb-flash-drive-with-round-head-100x100.jpg 100w\" sizes=\"(max-width: 800px) 100vw, 800px\" \/><\/figure>\n<\/div>\n<\/div>\n\n\n\n<h2 class=\"wp-block-heading\"><strong>Personalizaci\u00f3n exclusiva <\/strong><strong><\/strong><\/h2>\n\n\n\n<p>Admite la personalizaci\u00f3n de LOGOTIPOS exclusivos tanto en el anverso como en el reverso, ofreciendo tres procesos:<\/p>\n\n\n\n<p><strong>Serigraf\u00eda<\/strong>: Los colores de alta saturaci\u00f3n restauran con precisi\u00f3n la marca VI, adecuada para LOGOTIPOS sencillos o patrones de un solo color;<\/p>\n\n\n\n<p><strong>Impresi\u00f3n en color<\/strong>: Restauraci\u00f3n a todo color de dise\u00f1os complejos, haciendo que los degradados\/ilustraciones y otros detalles se presenten con claridad;<\/p>\n\n\n\n<p><strong>Grabado por l\u00e1ser<\/strong>: Un proceso calcogr\u00e1fico que profundiza en la textura de la madera, creando una textura discreta y lujosa. La combinaci\u00f3n natural de grano de madera y grabado hace que cada LOGO sea una obra de arte \u00fanica. Ya sea para regalos de empresa, art\u00edculos conmemorativos de eventos o logotipos personales exclusivos, la personalizaci\u00f3n de esta unidad USB puede convertirla en una tarjeta de visita de marca \"parlante\".<\/p>\n\n\n\n<p><\/p>","protected":false},"excerpt":{"rendered":"<ul>\n<li>Diferentes dise\u00f1os de cabezal<\/li>\n<li>Material de madera<\/li>\n<li>Resistente a los ara\u00f1azos y al desgaste<\/li>\n<li>Mayor velocidad y alta calidad<\/li>\n<li>Fiabilidad y seguridad<\/li>\n<li>Ideal para todos los usos<\/li>\n<\/ul>","protected":false},"featured_media":2229,"comment_status":"open","ping_status":"closed","template":"","meta":{"_seopress_robots_primary_cat":"none","_seopress_titles_title":"Key Shape Wooden USB Flash Drive","_seopress_titles_desc":"","_seopress_robots_index":"","site-sidebar-layout":"default","site-content-layout":"","ast-site-content-layout":"","site-content-style":"default","site-sidebar-style":"default","ast-global-header-display":"","ast-banner-title-visibility":"","ast-main-header-display":"","ast-hfb-above-header-display":"","ast-hfb-below-header-display":"","ast-hfb-mobile-header-display":"","site-post-title":"","ast-breadcrumbs-content":"","ast-featured-img":"","footer-sml-layout":"","theme-transparent-header-meta":"","adv-header-id-meta":"","stick-header-meta":"","header-above-stick-meta":"","header-main-stick-meta":"","header-below-stick-meta":"","astra-migrate-meta-layouts":"default","ast-page-background-enabled":"default","ast-page-background-meta":{"desktop":{"background-color":"var(--ast-global-color-5)","background-image":"","background-repeat":"repeat","background-position":"center center","background-size":"auto","background-attachment":"scroll","background-type":"","background-media":"","overlay-type":"","overlay-color":"","overlay-opacity":"","overlay-gradient":""},"tablet":{"background-color":"","background-image":"","background-repeat":"repeat","background-position":"center center","background-size":"auto","background-attachment":"scroll","background-type":"","background-media":"","overlay-type":"","overlay-color":"","overlay-opacity":"","overlay-gradient":""},"mobile":{"background-color":"","background-image":"","background-repeat":"repeat","background-position":"center center","background-size":"auto","background-attachment":"scroll","background-type":"","background-media":"","overlay-type":"","overlay-color":"","overlay-opacity":"","overlay-gradient":""}},"ast-content-background-meta":{"desktop":{"background-color":"var(--ast-global-color-4)","background-image":"","background-repeat":"repeat","background-position":"center center","background-size":"auto","background-attachment":"scroll","background-type":"","background-media":"","overlay-type":"","overlay-color":"","overlay-opacity":"","overlay-gradient":""},"tablet":{"background-color":"var(--ast-global-color-4)","background-image":"","background-repeat":"repeat","background-position":"center center","background-size":"auto","background-attachment":"scroll","background-type":"","background-media":"","overlay-type":"","overlay-color":"","overlay-opacity":"","overlay-gradient":""},"mobile":{"background-color":"var(--ast-global-color-4)","background-image":"","background-repeat":"repeat","background-position":"center center","background-size":"auto","background-attachment":"scroll","background-type":"","background-media":"","overlay-type":"","overlay-color":"","overlay-opacity":"","overlay-gradient":""}}},"product_brand":[],"product_cat":[168,108,101],"product_tag":[],"class_list":{"0":"post-2226","1":"product","2":"type-product","3":"status-publish","4":"has-post-thumbnail","6":"product_cat-wood-usb-flash-drive","7":"product_cat-key-shaped-usb-pendrive","8":"product_cat-usb-pendrive-with-keychain","9":"desktop-align-left","10":"tablet-align-left","11":"mobile-align-left","13":"first","14":"instock","15":"shipping-taxable","16":"product-type-simple"},"_links":{"self":[{"href":"https:\/\/www.usborkeychain.com\/es\/wp-json\/wp\/v2\/product\/2226","targetHints":{"allow":["GET"]}}],"collection":[{"href":"https:\/\/www.usborkeychain.com\/es\/wp-json\/wp\/v2\/product"}],"about":[{"href":"https:\/\/www.usborkeychain.com\/es\/wp-json\/wp\/v2\/types\/product"}],"replies":[{"embeddable":true,"href":"https:\/\/www.usborkeychain.com\/es\/wp-json\/wp\/v2\/comments?post=2226"}],"wp:featuredmedia":[{"embeddable":true,"href":"https:\/\/www.usborkeychain.com\/es\/wp-json\/wp\/v2\/media\/2229"}],"wp:attachment":[{"href":"https:\/\/www.usborkeychain.com\/es\/wp-json\/wp\/v2\/media?parent=2226"}],"wp:term":[{"taxonomy":"product_brand","embeddable":true,"href":"https:\/\/www.usborkeychain.com\/es\/wp-json\/wp\/v2\/product_brand?post=2226"},{"taxonomy":"product_cat","embeddable":true,"href":"https:\/\/www.usborkeychain.com\/es\/wp-json\/wp\/v2\/product_cat?post=2226"},{"taxonomy":"product_tag","embeddable":true,"href":"https:\/\/www.usborkeychain.com\/es\/wp-json\/wp\/v2\/product_tag?post=2226"}],"curies":[{"name":"wp","href":"https:\/\/api.w.org\/{rel}","templated":true}]}}