{"id":2448,"date":"2025-06-20T07:23:41","date_gmt":"2025-06-20T07:23:41","guid":{"rendered":"https:\/\/www.usborkeychain.com\/?post_type=product&#038;p=2448"},"modified":"2025-07-10T00:22:43","modified_gmt":"2025-07-10T00:22:43","slug":"wooden-card-usb-flash-drive","status":"publish","type":"product","link":"https:\/\/www.usborkeychain.com\/es\/producto\/wooden-card-usb-flash-drive\/","title":{"rendered":"Tarjeta de madera Memoria USB"},"content":{"rendered":"<div class=\"wp-block-columns is-layout-flex wp-container-core-columns-is-layout-28f84493 wp-block-columns-is-layout-flex\">\n<div class=\"wp-block-column is-layout-flow wp-block-column-is-layout-flow\">\n<figure class=\"wp-block-image aligncenter size-full is-resized\"><img fetchpriority=\"high\" decoding=\"async\" width=\"800\" height=\"800\" src=\"https:\/\/www.usborkeychain.com\/wp-content\/uploads\/china-wood-card-usb-flash-drive-manufacturer.jpg\" alt=\"China wood card usb flash drive manufacturer\" class=\"wp-image-2467\" style=\"width:450px\" srcset=\"https:\/\/www.usborkeychain.com\/wp-content\/uploads\/china-wood-card-usb-flash-drive-manufacturer.jpg 800w, https:\/\/www.usborkeychain.com\/wp-content\/uploads\/china-wood-card-usb-flash-drive-manufacturer-300x300.jpg 300w, https:\/\/www.usborkeychain.com\/wp-content\/uploads\/china-wood-card-usb-flash-drive-manufacturer-150x150.jpg 150w, https:\/\/www.usborkeychain.com\/wp-content\/uploads\/china-wood-card-usb-flash-drive-manufacturer-768x768.jpg 768w, https:\/\/www.usborkeychain.com\/wp-content\/uploads\/china-wood-card-usb-flash-drive-manufacturer-12x12.jpg 12w, https:\/\/www.usborkeychain.com\/wp-content\/uploads\/china-wood-card-usb-flash-drive-manufacturer-600x600.jpg 600w, https:\/\/www.usborkeychain.com\/wp-content\/uploads\/china-wood-card-usb-flash-drive-manufacturer-100x100.jpg 100w\" sizes=\"(max-width: 800px) 100vw, 800px\" \/><\/figure>\n<\/div>\n\n\n\n<div class=\"wp-block-column is-vertically-aligned-center is-layout-flow wp-block-column-is-layout-flow\">\n<p>Rompiendo con los dise\u00f1os tradicionales de las memorias USB, la memoria USB Wooden Card tiene un delgado perfil en forma de tarjeta. Con un tama\u00f1o de tarjeta bancaria est\u00e1ndar de 85,6 mm \u00d7 53,98 mm y un grosor de apenas 2 mm, se desliza sin esfuerzo en carteras, bolsillos o tarjeteros.<\/p>\n\n\n\n<p>Fabricada en madera natural, esta innovadora herramienta de almacenamiento fusiona a la perfecci\u00f3n la textura org\u00e1nica con la funcionalidad tecnol\u00f3gica, ofreciendo una c\u00e1lida experiencia t\u00e1ctil, un veteado \u00fanico y un almacenamiento estable, tanto por su uso pr\u00e1ctico como por su atractivo est\u00e9tico.<\/p>\n<\/div>\n<\/div>\n\n\n\n<p><\/p>\n\n\n\n<h2 class=\"wp-block-heading\"><strong>Qu\u00e9 materiales y dimensiones <\/strong><strong>son<\/strong><strong>&nbsp;el <\/strong><strong>Tarjeta de madera Memoria USB<\/strong><strong>? <\/strong><strong><\/strong><\/h2>\n\n\n\n<p>La memoria USB Wooden Card est\u00e1 disponible en varios materiales de primera calidad:<\/p>\n\n\n\n<p><strong>Arce<\/strong>: Presenta un grano claro con un tono claro y elegante.<\/p>\n\n\n\n<p><strong>Caoba<\/strong>: Presume de un tono rico y profundo y de una madera resistente.<\/p>\n\n\n\n<p><strong>Nogal<\/strong>: Muestra patrones de grano \u00fanicos con una durabilidad resistente.<\/p>\n\n\n\n<p><strong>Bamb\u00fa carbonizado<\/strong>: Se somete a un tratamiento de alta temperatura para formar una capa carbonizada resistente al desgaste.<\/p>\n\n\n\n<p><strong>Bamb\u00fa natural<\/strong>: Conserva las vetas originales del bamb\u00fa para un aspecto fresco y natural.<\/p>\n\n\n\n<div class=\"wp-block-columns is-layout-flex wp-container-core-columns-is-layout-28f84493 wp-block-columns-is-layout-flex\">\n<div class=\"wp-block-column is-layout-flow wp-block-column-is-layout-flow\">\n<figure class=\"wp-block-image aligncenter size-full is-resized\"><img decoding=\"async\" width=\"800\" height=\"800\" src=\"https:\/\/www.usborkeychain.com\/wp-content\/uploads\/bulk-wood-card-usb-flash-drive.jpg\" alt=\"bulk wood card usb flash drive\" class=\"wp-image-2465\" style=\"width:450px\" srcset=\"https:\/\/www.usborkeychain.com\/wp-content\/uploads\/bulk-wood-card-usb-flash-drive.jpg 800w, https:\/\/www.usborkeychain.com\/wp-content\/uploads\/bulk-wood-card-usb-flash-drive-300x300.jpg 300w, https:\/\/www.usborkeychain.com\/wp-content\/uploads\/bulk-wood-card-usb-flash-drive-150x150.jpg 150w, https:\/\/www.usborkeychain.com\/wp-content\/uploads\/bulk-wood-card-usb-flash-drive-768x768.jpg 768w, https:\/\/www.usborkeychain.com\/wp-content\/uploads\/bulk-wood-card-usb-flash-drive-12x12.jpg 12w, https:\/\/www.usborkeychain.com\/wp-content\/uploads\/bulk-wood-card-usb-flash-drive-600x600.jpg 600w, https:\/\/www.usborkeychain.com\/wp-content\/uploads\/bulk-wood-card-usb-flash-drive-100x100.jpg 100w\" sizes=\"(max-width: 800px) 100vw, 800px\" \/><\/figure>\n<\/div>\n\n\n\n<div class=\"wp-block-column is-layout-flow wp-block-column-is-layout-flow\">\n<figure class=\"wp-block-image aligncenter size-full is-resized\"><img decoding=\"async\" width=\"800\" height=\"800\" src=\"https:\/\/www.usborkeychain.com\/wp-content\/uploads\/china-wood-card-usb-flash-drive-customized.jpg\" alt=\"China wood card usb flash drive customized\" class=\"wp-image-2466\" style=\"width:450px\" srcset=\"https:\/\/www.usborkeychain.com\/wp-content\/uploads\/china-wood-card-usb-flash-drive-customized.jpg 800w, https:\/\/www.usborkeychain.com\/wp-content\/uploads\/china-wood-card-usb-flash-drive-customized-300x300.jpg 300w, https:\/\/www.usborkeychain.com\/wp-content\/uploads\/china-wood-card-usb-flash-drive-customized-150x150.jpg 150w, https:\/\/www.usborkeychain.com\/wp-content\/uploads\/china-wood-card-usb-flash-drive-customized-768x768.jpg 768w, https:\/\/www.usborkeychain.com\/wp-content\/uploads\/china-wood-card-usb-flash-drive-customized-12x12.jpg 12w, https:\/\/www.usborkeychain.com\/wp-content\/uploads\/china-wood-card-usb-flash-drive-customized-600x600.jpg 600w, https:\/\/www.usborkeychain.com\/wp-content\/uploads\/china-wood-card-usb-flash-drive-customized-100x100.jpg 100w\" sizes=\"(max-width: 800px) 100vw, 800px\" \/><\/figure>\n<\/div>\n<\/div>\n\n\n\n<p>Manteniendo unas estrictas dimensiones de tarjeta bancaria de 85,6 mm \u00d7 53,98 mm \u00d7 2 mm, su tama\u00f1o de bolsillo garantiza una portabilidad sin esfuerzo.<\/p>\n\n\n\n<h2 class=\"wp-block-heading\"><strong>\u00bfQu\u00e9 interfaces y capacidades de almacenamiento hay disponibles? <\/strong><strong><\/strong><\/h2>\n\n\n\n<p><strong>USB 2.0<\/strong>: Ofrece una velocidad de transferencia te\u00f3rica de 480 Mbps, ideal para la transferencia diaria de documentos.<\/p>\n\n\n\n<p><strong>USB 3.0<\/strong>: Se actualiza a 5 Gbps, lo que reduce significativamente los tiempos de transferencia de archivos grandes.<\/p>\n\n\n\n<p>Las capacidades de almacenamiento oscilan entre 8 GB, 16 GB, 32 GB, 64 GB y 128 GB, para satisfacer las distintas necesidades de los usuarios.<\/p>\n\n\n\n<h2 class=\"wp-block-heading\"><strong>\u00bfHasta qu\u00e9 punto es eficaz el grabado por l\u00e1ser para personalizar un logotipo como regalo? <\/strong><strong><\/strong><\/h2>\n\n\n\n<div class=\"wp-block-columns is-layout-flex wp-container-core-columns-is-layout-28f84493 wp-block-columns-is-layout-flex\">\n<div class=\"wp-block-column is-vertically-aligned-center is-layout-flow wp-block-column-is-layout-flow\">\n<figure class=\"wp-block-image aligncenter size-full is-resized\"><img loading=\"lazy\" decoding=\"async\" width=\"800\" height=\"800\" src=\"https:\/\/www.usborkeychain.com\/wp-content\/uploads\/odm-wood-card-usb-flash-drive-china-factory.jpg\" alt=\"odm wood card usb flash drive china factory\" class=\"wp-image-2489\" style=\"width:450px\" srcset=\"https:\/\/www.usborkeychain.com\/wp-content\/uploads\/odm-wood-card-usb-flash-drive-china-factory.jpg 800w, https:\/\/www.usborkeychain.com\/wp-content\/uploads\/odm-wood-card-usb-flash-drive-china-factory-300x300.jpg 300w, https:\/\/www.usborkeychain.com\/wp-content\/uploads\/odm-wood-card-usb-flash-drive-china-factory-150x150.jpg 150w, https:\/\/www.usborkeychain.com\/wp-content\/uploads\/odm-wood-card-usb-flash-drive-china-factory-768x768.jpg 768w, https:\/\/www.usborkeychain.com\/wp-content\/uploads\/odm-wood-card-usb-flash-drive-china-factory-12x12.jpg 12w, https:\/\/www.usborkeychain.com\/wp-content\/uploads\/odm-wood-card-usb-flash-drive-china-factory-600x600.jpg 600w, https:\/\/www.usborkeychain.com\/wp-content\/uploads\/odm-wood-card-usb-flash-drive-china-factory-100x100.jpg 100w\" sizes=\"(max-width: 800px) 100vw, 800px\" \/><\/figure>\n<\/div>\n\n\n\n<div class=\"wp-block-column is-vertically-aligned-center is-layout-flow wp-block-column-is-layout-flow\">\n<p>Gracias a la tecnolog\u00eda de grabado por l\u00e1ser, los logotipos, textos o motivos se graban con precisi\u00f3n en la superficie de madera. Con una profundidad de grabado controlada entre 0,1 y 0,2 mm, el proceso garantiza detalles claros y delicados sin comprometer la integridad de la madera.<\/p>\n\n\n\n<p>Como regalo, el grabado personalizado mejora el recuerdo de la marca o la expresi\u00f3n emocional, transformando la unidad USB en un recuerdo pr\u00e1ctico y memorable.<\/p>\n<\/div>\n<\/div>\n\n\n\n<h2 class=\"wp-block-heading\"><strong>Conclusi\u00f3n <\/strong><strong><\/strong><\/h2>\n\n\n\n<p>Fabricadas por una reputada f\u00e1brica con procesos avanzados en una moderna instalaci\u00f3n de unidades USB, cada unidad garantiza una calidad de material y un rendimiento constantes.<\/p>\n\n\n\n<p>Ofrecemos servicios de venta al por mayor a granel para empresas y distribuidores, que permiten una gran personalizaci\u00f3n, incluida la selecci\u00f3n de materiales, el tipo de interfaz, la capacidad de almacenamiento y el contenido del grabado l\u00e1ser.<\/p>\n\n\n\n<p>Ya sea para la adquisici\u00f3n de regalos de empresa, recuerdos de eventos o pedidos al por mayor de distribuidores, satisfacemos todas las necesidades: no dude en consultarnos sobre los detalles de la colaboraci\u00f3n.<\/p>\n\n\n\n<p><\/p>","protected":false},"excerpt":{"rendered":"<ul>\n<li>Dise\u00f1o de tarjetas<\/li>\n<li>Material de madera<\/li>\n<li>Resistente a los ara\u00f1azos y al desgaste<\/li>\n<li>Mayor velocidad y alta calidad<\/li>\n<li>Fiabilidad y seguridad<\/li>\n<li>Ideal para todos los usos<\/li>\n<\/ul>","protected":false},"featured_media":2468,"comment_status":"open","ping_status":"closed","template":"","meta":{"_seopress_robots_primary_cat":"none","_seopress_titles_title":"Wooden Card USB Flash Drive","_seopress_titles_desc":"","_seopress_robots_index":"","site-sidebar-layout":"default","site-content-layout":"","ast-site-content-layout":"","site-content-style":"default","site-sidebar-style":"default","ast-global-header-display":"","ast-banner-title-visibility":"","ast-main-header-display":"","ast-hfb-above-header-display":"","ast-hfb-below-header-display":"","ast-hfb-mobile-header-display":"","site-post-title":"","ast-breadcrumbs-content":"","ast-featured-img":"","footer-sml-layout":"","theme-transparent-header-meta":"","adv-header-id-meta":"","stick-header-meta":"","header-above-stick-meta":"","header-main-stick-meta":"","header-below-stick-meta":"","astra-migrate-meta-layouts":"default","ast-page-background-enabled":"default","ast-page-background-meta":{"desktop":{"background-color":"var(--ast-global-color-5)","background-image":"","background-repeat":"repeat","background-position":"center center","background-size":"auto","background-attachment":"scroll","background-type":"","background-media":"","overlay-type":"","overlay-color":"","overlay-opacity":"","overlay-gradient":""},"tablet":{"background-color":"","background-image":"","background-repeat":"repeat","background-position":"center center","background-size":"auto","background-attachment":"scroll","background-type":"","background-media":"","overlay-type":"","overlay-color":"","overlay-opacity":"","overlay-gradient":""},"mobile":{"background-color":"","background-image":"","background-repeat":"repeat","background-position":"center center","background-size":"auto","background-attachment":"scroll","background-type":"","background-media":"","overlay-type":"","overlay-color":"","overlay-opacity":"","overlay-gradient":""}},"ast-content-background-meta":{"desktop":{"background-color":"var(--ast-global-color-4)","background-image":"","background-repeat":"repeat","background-position":"center center","background-size":"auto","background-attachment":"scroll","background-type":"","background-media":"","overlay-type":"","overlay-color":"","overlay-opacity":"","overlay-gradient":""},"tablet":{"background-color":"var(--ast-global-color-4)","background-image":"","background-repeat":"repeat","background-position":"center center","background-size":"auto","background-attachment":"scroll","background-type":"","background-media":"","overlay-type":"","overlay-color":"","overlay-opacity":"","overlay-gradient":""},"mobile":{"background-color":"var(--ast-global-color-4)","background-image":"","background-repeat":"repeat","background-position":"center center","background-size":"auto","background-attachment":"scroll","background-type":"","background-media":"","overlay-type":"","overlay-color":"","overlay-opacity":"","overlay-gradient":""}}},"product_brand":[],"product_cat":[168,96],"product_tag":[],"class_list":{"0":"post-2448","1":"product","2":"type-product","3":"status-publish","4":"has-post-thumbnail","6":"product_cat-wood-usb-flash-drive","7":"product_cat-card-usb-pendrive","8":"desktop-align-left","9":"tablet-align-left","10":"mobile-align-left","12":"first","13":"instock","14":"shipping-taxable","15":"product-type-simple"},"_links":{"self":[{"href":"https:\/\/www.usborkeychain.com\/es\/wp-json\/wp\/v2\/product\/2448","targetHints":{"allow":["GET"]}}],"collection":[{"href":"https:\/\/www.usborkeychain.com\/es\/wp-json\/wp\/v2\/product"}],"about":[{"href":"https:\/\/www.usborkeychain.com\/es\/wp-json\/wp\/v2\/types\/product"}],"replies":[{"embeddable":true,"href":"https:\/\/www.usborkeychain.com\/es\/wp-json\/wp\/v2\/comments?post=2448"}],"wp:featuredmedia":[{"embeddable":true,"href":"https:\/\/www.usborkeychain.com\/es\/wp-json\/wp\/v2\/media\/2468"}],"wp:attachment":[{"href":"https:\/\/www.usborkeychain.com\/es\/wp-json\/wp\/v2\/media?parent=2448"}],"wp:term":[{"taxonomy":"product_brand","embeddable":true,"href":"https:\/\/www.usborkeychain.com\/es\/wp-json\/wp\/v2\/product_brand?post=2448"},{"taxonomy":"product_cat","embeddable":true,"href":"https:\/\/www.usborkeychain.com\/es\/wp-json\/wp\/v2\/product_cat?post=2448"},{"taxonomy":"product_tag","embeddable":true,"href":"https:\/\/www.usborkeychain.com\/es\/wp-json\/wp\/v2\/product_tag?post=2448"}],"curies":[{"name":"wp","href":"https:\/\/api.w.org\/{rel}","templated":true}]}}