{"id":2520,"date":"2025-06-20T08:20:25","date_gmt":"2025-06-20T08:20:25","guid":{"rendered":"https:\/\/www.usborkeychain.com\/?post_type=product&#038;p=2520"},"modified":"2025-07-10T00:22:29","modified_gmt":"2025-07-10T00:22:29","slug":"wooden-cross-usb-flash-drive","status":"publish","type":"product","link":"https:\/\/www.usborkeychain.com\/es\/producto\/wooden-cross-usb-flash-drive\/","title":{"rendered":"Cruz de madera Memoria USB"},"content":{"rendered":"<div class=\"wp-block-columns is-layout-flex wp-container-core-columns-is-layout-28f84493 wp-block-columns-is-layout-flex\">\n<div class=\"wp-block-column is-layout-flow wp-block-column-is-layout-flow\">\n<figure class=\"wp-block-image size-full is-resized\"><img fetchpriority=\"high\" decoding=\"async\" width=\"800\" height=\"800\" src=\"https:\/\/www.usborkeychain.com\/wp-content\/uploads\/odm-wooden-cross-usb-drive.jpg\" alt=\"odm wooden cross usb drive\" class=\"wp-image-2524\" style=\"width:450px\" srcset=\"https:\/\/www.usborkeychain.com\/wp-content\/uploads\/odm-wooden-cross-usb-drive.jpg 800w, https:\/\/www.usborkeychain.com\/wp-content\/uploads\/odm-wooden-cross-usb-drive-300x300.jpg 300w, https:\/\/www.usborkeychain.com\/wp-content\/uploads\/odm-wooden-cross-usb-drive-150x150.jpg 150w, https:\/\/www.usborkeychain.com\/wp-content\/uploads\/odm-wooden-cross-usb-drive-768x768.jpg 768w, https:\/\/www.usborkeychain.com\/wp-content\/uploads\/odm-wooden-cross-usb-drive-12x12.jpg 12w, https:\/\/www.usborkeychain.com\/wp-content\/uploads\/odm-wooden-cross-usb-drive-600x600.jpg 600w, https:\/\/www.usborkeychain.com\/wp-content\/uploads\/odm-wooden-cross-usb-drive-100x100.jpg 100w\" sizes=\"(max-width: 800px) 100vw, 800px\" \/><\/figure>\n<\/div>\n\n\n\n<div class=\"wp-block-column is-vertically-aligned-center is-layout-flow wp-block-column-is-layout-flow\">\n<p>La memoria USB Wooden Cross toma como n\u00facleo el cl\u00e1sico dise\u00f1o en forma de cruz e integra un conector met\u00e1lico tipo llavero para crear un dispositivo de almacenamiento que combina connotaciones culturales religiosas con modernas funciones tecnol\u00f3gicas.<\/p>\n\n\n\n<p>El cuerpo principal mide 80 mm \u00d7 50 mm \u00d7 8 mm, con un travesa\u00f1o de 35 mm de ancho. Fabricado con madera natural como material principal, su superficie se somete a 8 procesos de pulido manual, presentando un tacto c\u00e1lido y una textura clara, sirviendo como doble soporte para la expresi\u00f3n de la fe y el almacenamiento de datos.<\/p>\n<\/div>\n<\/div>\n\n\n\n<p><\/p>\n\n\n\n<h2 class=\"wp-block-heading\"><strong>\u00bfPor qu\u00e9 es popular la memoria USB Cruz de Madera? <\/strong><strong><\/strong><\/h2>\n\n\n\n<p>La memoria USB con forma de cruz de madera es muy apreciada por su dise\u00f1o creativo y su profundo simbolismo. La cl\u00e1sica forma de cruz tiene un significado religioso y responde a las necesidades espirituales de las comunidades religiosas.<\/p>\n\n\n\n<p>El material de madera transmite una textura natural y r\u00fastica, mientras que el conector met\u00e1lico realza la calidad del producto. Simboliza la paz, la protecci\u00f3n y la herencia de la fe.<\/p>\n\n\n\n<p>Tanto si se utiliza como regalo religioso, recuerdo conmemorativo o herramienta de almacenamiento diario, imparte valor emocional, satisfaciendo la doble b\u00fasqueda de funcionalidad y connotaciones espirituales de los usuarios.<\/p>\n\n\n\n<div class=\"wp-block-columns is-layout-flex wp-container-core-columns-is-layout-28f84493 wp-block-columns-is-layout-flex\">\n<div class=\"wp-block-column is-layout-flow wp-block-column-is-layout-flow\">\n<figure class=\"wp-block-image aligncenter size-full is-resized\"><img decoding=\"async\" width=\"800\" height=\"800\" src=\"https:\/\/www.usborkeychain.com\/wp-content\/uploads\/promotional-wooden-cross-usb-drive.jpg\" alt=\"promotional wooden cross usb drive\" class=\"wp-image-2525\" style=\"width:450px\" srcset=\"https:\/\/www.usborkeychain.com\/wp-content\/uploads\/promotional-wooden-cross-usb-drive.jpg 800w, https:\/\/www.usborkeychain.com\/wp-content\/uploads\/promotional-wooden-cross-usb-drive-300x300.jpg 300w, https:\/\/www.usborkeychain.com\/wp-content\/uploads\/promotional-wooden-cross-usb-drive-150x150.jpg 150w, https:\/\/www.usborkeychain.com\/wp-content\/uploads\/promotional-wooden-cross-usb-drive-768x768.jpg 768w, https:\/\/www.usborkeychain.com\/wp-content\/uploads\/promotional-wooden-cross-usb-drive-12x12.jpg 12w, https:\/\/www.usborkeychain.com\/wp-content\/uploads\/promotional-wooden-cross-usb-drive-600x600.jpg 600w, https:\/\/www.usborkeychain.com\/wp-content\/uploads\/promotional-wooden-cross-usb-drive-100x100.jpg 100w\" sizes=\"(max-width: 800px) 100vw, 800px\" \/><\/figure>\n<\/div>\n\n\n\n<div class=\"wp-block-column is-layout-flow wp-block-column-is-layout-flow\">\n<figure class=\"wp-block-image aligncenter size-full is-resized\"><img decoding=\"async\" width=\"800\" height=\"800\" src=\"https:\/\/www.usborkeychain.com\/wp-content\/uploads\/wholesale-wooden-cross-usb-drive.jpg\" alt=\"wholesale wooden cross usb drive\" class=\"wp-image-2526\" style=\"width:450px\" srcset=\"https:\/\/www.usborkeychain.com\/wp-content\/uploads\/wholesale-wooden-cross-usb-drive.jpg 800w, https:\/\/www.usborkeychain.com\/wp-content\/uploads\/wholesale-wooden-cross-usb-drive-300x300.jpg 300w, https:\/\/www.usborkeychain.com\/wp-content\/uploads\/wholesale-wooden-cross-usb-drive-150x150.jpg 150w, https:\/\/www.usborkeychain.com\/wp-content\/uploads\/wholesale-wooden-cross-usb-drive-768x768.jpg 768w, https:\/\/www.usborkeychain.com\/wp-content\/uploads\/wholesale-wooden-cross-usb-drive-12x12.jpg 12w, https:\/\/www.usborkeychain.com\/wp-content\/uploads\/wholesale-wooden-cross-usb-drive-600x600.jpg 600w, https:\/\/www.usborkeychain.com\/wp-content\/uploads\/wholesale-wooden-cross-usb-drive-100x100.jpg 100w\" sizes=\"(max-width: 800px) 100vw, 800px\" \/><\/figure>\n<\/div>\n<\/div>\n\n\n\n<h2 class=\"wp-block-heading\"><strong>\u00bfCu\u00e1les son los materiales, interfaces y capacidades de la memoria USB Wooden Cross? <\/strong><strong><\/strong><\/h2>\n\n\n\n<p>En cuanto a los materiales, se seleccionan cuidadosamente maderas de alta calidad como el arce (densidad de 0,6 g\/cm\u00b3, textura fina), el nogal (densidad de 0,85 g\/cm\u00b3, color estable) y el bamb\u00fa (densidad de 0,7 g\/cm\u00b3, duro y resistente al desgaste). Las interfaces ofrecen dos opciones: USB2.0 (velocidad de transferencia 480 Mbps) y USB3.0 (velocidad de transferencia 5 Gbps).<\/p>\n\n\n\n<p>Las capacidades van de 1 GB a 1 TB, cubriendo 12 especificaciones, entre las que 16 GB-128 GB son las capacidades convencionales m\u00e1s vendidas, y la capacidad supergrande de 1 TB satisface las necesidades profesionales de almacenamiento de datos, adapt\u00e1ndose plenamente a los diferentes escenarios de los usuarios.<\/p>\n\n\n\n<h2 class=\"wp-block-heading\"><strong>\u00bfC\u00f3mo personalizar un logotipo en la memoria USB Cruz de Madera? <\/strong><strong><\/strong><\/h2>\n\n\n\n<div class=\"wp-block-columns is-layout-flex wp-container-core-columns-is-layout-28f84493 wp-block-columns-is-layout-flex\">\n<div class=\"wp-block-column is-layout-flow wp-block-column-is-layout-flow\">\n<figure class=\"wp-block-image aligncenter size-full is-resized\"><img loading=\"lazy\" decoding=\"async\" width=\"800\" height=\"800\" src=\"https:\/\/www.usborkeychain.com\/wp-content\/uploads\/bulk-wooden-cross-usb-drive.jpg\" alt=\"bulk wooden cross usb drive\" class=\"wp-image-2523\" style=\"width:450px\" srcset=\"https:\/\/www.usborkeychain.com\/wp-content\/uploads\/bulk-wooden-cross-usb-drive.jpg 800w, https:\/\/www.usborkeychain.com\/wp-content\/uploads\/bulk-wooden-cross-usb-drive-300x300.jpg 300w, https:\/\/www.usborkeychain.com\/wp-content\/uploads\/bulk-wooden-cross-usb-drive-150x150.jpg 150w, https:\/\/www.usborkeychain.com\/wp-content\/uploads\/bulk-wooden-cross-usb-drive-768x768.jpg 768w, https:\/\/www.usborkeychain.com\/wp-content\/uploads\/bulk-wooden-cross-usb-drive-12x12.jpg 12w, https:\/\/www.usborkeychain.com\/wp-content\/uploads\/bulk-wooden-cross-usb-drive-600x600.jpg 600w, https:\/\/www.usborkeychain.com\/wp-content\/uploads\/bulk-wooden-cross-usb-drive-100x100.jpg 100w\" sizes=\"(max-width: 800px) 100vw, 800px\" \/><\/figure>\n<\/div>\n\n\n\n<div class=\"wp-block-column is-vertically-aligned-center is-layout-flow wp-block-column-is-layout-flow\">\n<p>La unidad flash USB con cruz de madera admite dos procesos de personalizaci\u00f3n principales: el grabado por l\u00e1ser y la impresi\u00f3n en color. El grabado por l\u00e1ser puede formar patrones claros con una profundidad de 0,1-0,2 mm en la superficie de madera, con una precisi\u00f3n de l\u00ednea de 0,05 mm, adecuada para presentar logotipos o textos sencillos.<\/p>\n\n\n\n<p>La impresi\u00f3n en color adopta la tecnolog\u00eda de tinta UV, que cubre 95% de la gama de colores sRGB, capaz de restaurar patrones de color complejos y superar una prueba de desgaste de 500 ciclos de fricci\u00f3n sin decoloraci\u00f3n.<\/p>\n\n\n\n<p>Ambos procesos admiten una cantidad m\u00ednima de pedido de 100 piezas, con un ciclo de personalizaci\u00f3n de 3 a 5 d\u00edas laborables, lo que satisface las necesidades de personalizaci\u00f3n de regalos de empresa, recuerdos de actividades religiosas, etc.<\/p>\n<\/div>\n<\/div>\n\n\n\n<h2 class=\"wp-block-heading\"><strong>Resumen<\/strong><\/h2>\n\n\n\n<p>Este producto lo fabrica una f\u00e1brica con 10 a\u00f1os de experiencia en el sector, que cuenta con equipos y procesos avanzados en instalaciones estandarizadas. Admite la personalizaci\u00f3n flexible de materiales, interfaces y capacidades, y puede realizar pedidos al por mayor de 100 unidades o m\u00e1s.<\/p>\n\n\n\n<p>Tanto si las instituciones religiosas necesitan memorias USB conmemorativas personalizadas como si las empresas necesitan regalos promocionales, ofrecemos servicios integrales desde el dise\u00f1o hasta la producci\u00f3n. Si desea m\u00e1s informaci\u00f3n, no dude en consultarnos.<\/p>","protected":false},"excerpt":{"rendered":"<ul>\n<li>Dise\u00f1o en cruz<\/li>\n<li>Material de madera<\/li>\n<li>Resistente a los ara\u00f1azos y al desgaste<\/li>\n<li>Mayor velocidad y alta calidad<\/li>\n<li>Fiabilidad y seguridad<\/li>\n<li>Ideal para todos los usos<\/li>\n<\/ul>","protected":false},"featured_media":2525,"comment_status":"open","ping_status":"closed","template":"","meta":{"_seopress_robots_primary_cat":"none","_seopress_titles_title":"Wooden Cross USB Flash Drive","_seopress_titles_desc":"","_seopress_robots_index":"","site-sidebar-layout":"default","site-content-layout":"","ast-site-content-layout":"","site-content-style":"default","site-sidebar-style":"default","ast-global-header-display":"","ast-banner-title-visibility":"","ast-main-header-display":"","ast-hfb-above-header-display":"","ast-hfb-below-header-display":"","ast-hfb-mobile-header-display":"","site-post-title":"","ast-breadcrumbs-content":"","ast-featured-img":"","footer-sml-layout":"","theme-transparent-header-meta":"","adv-header-id-meta":"","stick-header-meta":"","header-above-stick-meta":"","header-main-stick-meta":"","header-below-stick-meta":"","astra-migrate-meta-layouts":"default","ast-page-background-enabled":"default","ast-page-background-meta":{"desktop":{"background-color":"var(--ast-global-color-5)","background-image":"","background-repeat":"repeat","background-position":"center center","background-size":"auto","background-attachment":"scroll","background-type":"","background-media":"","overlay-type":"","overlay-color":"","overlay-opacity":"","overlay-gradient":""},"tablet":{"background-color":"","background-image":"","background-repeat":"repeat","background-position":"center center","background-size":"auto","background-attachment":"scroll","background-type":"","background-media":"","overlay-type":"","overlay-color":"","overlay-opacity":"","overlay-gradient":""},"mobile":{"background-color":"","background-image":"","background-repeat":"repeat","background-position":"center center","background-size":"auto","background-attachment":"scroll","background-type":"","background-media":"","overlay-type":"","overlay-color":"","overlay-opacity":"","overlay-gradient":""}},"ast-content-background-meta":{"desktop":{"background-color":"var(--ast-global-color-4)","background-image":"","background-repeat":"repeat","background-position":"center center","background-size":"auto","background-attachment":"scroll","background-type":"","background-media":"","overlay-type":"","overlay-color":"","overlay-opacity":"","overlay-gradient":""},"tablet":{"background-color":"var(--ast-global-color-4)","background-image":"","background-repeat":"repeat","background-position":"center center","background-size":"auto","background-attachment":"scroll","background-type":"","background-media":"","overlay-type":"","overlay-color":"","overlay-opacity":"","overlay-gradient":""},"mobile":{"background-color":"var(--ast-global-color-4)","background-image":"","background-repeat":"repeat","background-position":"center center","background-size":"auto","background-attachment":"scroll","background-type":"","background-media":"","overlay-type":"","overlay-color":"","overlay-opacity":"","overlay-gradient":""}}},"product_brand":[],"product_cat":[168],"product_tag":[175],"class_list":{"0":"post-2520","1":"product","2":"type-product","3":"status-publish","4":"has-post-thumbnail","6":"product_cat-wood-usb-flash-drive","7":"product_tag-cross-usb-flash-drive","8":"desktop-align-left","9":"tablet-align-left","10":"mobile-align-left","12":"first","13":"instock","14":"shipping-taxable","15":"product-type-simple"},"_links":{"self":[{"href":"https:\/\/www.usborkeychain.com\/es\/wp-json\/wp\/v2\/product\/2520","targetHints":{"allow":["GET"]}}],"collection":[{"href":"https:\/\/www.usborkeychain.com\/es\/wp-json\/wp\/v2\/product"}],"about":[{"href":"https:\/\/www.usborkeychain.com\/es\/wp-json\/wp\/v2\/types\/product"}],"replies":[{"embeddable":true,"href":"https:\/\/www.usborkeychain.com\/es\/wp-json\/wp\/v2\/comments?post=2520"}],"wp:featuredmedia":[{"embeddable":true,"href":"https:\/\/www.usborkeychain.com\/es\/wp-json\/wp\/v2\/media\/2525"}],"wp:attachment":[{"href":"https:\/\/www.usborkeychain.com\/es\/wp-json\/wp\/v2\/media?parent=2520"}],"wp:term":[{"taxonomy":"product_brand","embeddable":true,"href":"https:\/\/www.usborkeychain.com\/es\/wp-json\/wp\/v2\/product_brand?post=2520"},{"taxonomy":"product_cat","embeddable":true,"href":"https:\/\/www.usborkeychain.com\/es\/wp-json\/wp\/v2\/product_cat?post=2520"},{"taxonomy":"product_tag","embeddable":true,"href":"https:\/\/www.usborkeychain.com\/es\/wp-json\/wp\/v2\/product_tag?post=2520"}],"curies":[{"name":"wp","href":"https:\/\/api.w.org\/{rel}","templated":true}]}}