{"id":2544,"date":"2025-06-20T11:40:44","date_gmt":"2025-06-20T11:40:44","guid":{"rendered":"https:\/\/www.usborkeychain.com\/?post_type=product&#038;p=2544"},"modified":"2025-07-10T00:23:50","modified_gmt":"2025-07-10T00:23:50","slug":"rectangular-wood-usb-flash-drive","status":"publish","type":"product","link":"https:\/\/www.usborkeychain.com\/es\/producto\/rectangular-wood-usb-flash-drive\/","title":{"rendered":"Memoria USB rectangular de madera"},"content":{"rendered":"<div class=\"wp-block-columns is-layout-flex wp-container-core-columns-is-layout-28f84493 wp-block-columns-is-layout-flex\">\n<div class=\"wp-block-column is-layout-flow wp-block-column-is-layout-flow\">\n<figure class=\"wp-block-image aligncenter size-full is-resized\"><img fetchpriority=\"high\" decoding=\"async\" width=\"800\" height=\"800\" src=\"https:\/\/www.usborkeychain.com\/wp-content\/uploads\/Rectangular-Wood-USB-Flash-Drive.jpg\" alt=\"Rectangular Wood USB Flash Drive\" class=\"wp-image-2550\" style=\"width:450px\" srcset=\"https:\/\/www.usborkeychain.com\/wp-content\/uploads\/Rectangular-Wood-USB-Flash-Drive.jpg 800w, https:\/\/www.usborkeychain.com\/wp-content\/uploads\/Rectangular-Wood-USB-Flash-Drive-300x300.jpg 300w, https:\/\/www.usborkeychain.com\/wp-content\/uploads\/Rectangular-Wood-USB-Flash-Drive-150x150.jpg 150w, https:\/\/www.usborkeychain.com\/wp-content\/uploads\/Rectangular-Wood-USB-Flash-Drive-768x768.jpg 768w, https:\/\/www.usborkeychain.com\/wp-content\/uploads\/Rectangular-Wood-USB-Flash-Drive-12x12.jpg 12w, https:\/\/www.usborkeychain.com\/wp-content\/uploads\/Rectangular-Wood-USB-Flash-Drive-600x600.jpg 600w, https:\/\/www.usborkeychain.com\/wp-content\/uploads\/Rectangular-Wood-USB-Flash-Drive-100x100.jpg 100w\" sizes=\"(max-width: 800px) 100vw, 800px\" \/><\/figure>\n<\/div>\n\n\n\n<div class=\"wp-block-column is-vertically-aligned-center is-layout-flow wp-block-column-is-layout-flow\">\n<p>La memoria USB rectangular de madera es el estilo m\u00e1s popular de nuestra serie de memorias USB de madera. Se trata de una colecci\u00f3n de 3 modelos de tendencia, fabricados en madera natural y basados en un dise\u00f1o rectangular cl\u00e1sico, que ofrece tres estilos distintos.<\/p>\n\n\n\n<p>Todos los productos se someten a 9 refinados procesos de pulido y presentan una superficie lisa y c\u00e1lida con vetas de madera visibles. Con diversas especificaciones de tama\u00f1o para satisfacer diferentes escenarios de uso, es una opci\u00f3n ideal para el almacenamiento de datos y la personalizaci\u00f3n de regalos.<\/p>\n<\/div>\n<\/div>\n\n\n\n<h2 class=\"wp-block-heading\"><strong>Rectangular cl\u00e1sico <\/strong><strong>USB de madera<\/strong><strong>&nbsp;Conducir <\/strong><strong><\/strong><\/h2>\n\n\n\n<div class=\"wp-block-columns is-layout-flex wp-container-core-columns-is-layout-28f84493 wp-block-columns-is-layout-flex\">\n<div class=\"wp-block-column is-vertically-aligned-center is-layout-flow wp-block-column-is-layout-flow\">\n<p>\u00bfPor qu\u00e9 es el estilo de USB de madera m\u00e1s popular? La memoria USB de madera rectangular cl\u00e1sica se ha convertido en una de las favoritas del mercado por su dise\u00f1o sencillo y elegante. La forma de rect\u00e1ngulo recto se combina con un dise\u00f1o de cubierta magn\u00e9tica de solo 8 mm de grosor para facilitar su transporte.<\/p>\n\n\n\n<p>Mide 55 mm de largo y 30 mm de ancho, por lo que ofrece un agarre c\u00f3modo. La tapa magn\u00e9tica utiliza un im\u00e1n de neodimio hierro-boro con una fuerza de succi\u00f3n de 1,8 N, lo que garantiza que no se desprenda f\u00e1cilmente durante el uso.<\/p>\n\n\n\n<p>Gracias a su dise\u00f1o vers\u00e1til y a su extraordinaria textura, se ha convertido en la primera opci\u00f3n para regalos, recuerdos de boda y almacenamiento de datos de fot\u00f3grafos, y representa una elevada proporci\u00f3n en la personalizaci\u00f3n de USB de madera.<\/p>\n<\/div>\n\n\n\n<div class=\"wp-block-column is-layout-flow wp-block-column-is-layout-flow\">\n<figure class=\"wp-block-image aligncenter size-full is-resized\"><img decoding=\"async\" width=\"800\" height=\"800\" src=\"https:\/\/www.usborkeychain.com\/wp-content\/uploads\/Classic-Rectangular-Wood-USB-Drive.jpg\" alt=\"Classic Rectangular Wood USB Drive\" class=\"wp-image-2547\" style=\"width:450px\" srcset=\"https:\/\/www.usborkeychain.com\/wp-content\/uploads\/Classic-Rectangular-Wood-USB-Drive.jpg 800w, https:\/\/www.usborkeychain.com\/wp-content\/uploads\/Classic-Rectangular-Wood-USB-Drive-300x300.jpg 300w, https:\/\/www.usborkeychain.com\/wp-content\/uploads\/Classic-Rectangular-Wood-USB-Drive-150x150.jpg 150w, https:\/\/www.usborkeychain.com\/wp-content\/uploads\/Classic-Rectangular-Wood-USB-Drive-768x768.jpg 768w, https:\/\/www.usborkeychain.com\/wp-content\/uploads\/Classic-Rectangular-Wood-USB-Drive-12x12.jpg 12w, https:\/\/www.usborkeychain.com\/wp-content\/uploads\/Classic-Rectangular-Wood-USB-Drive-600x600.jpg 600w, https:\/\/www.usborkeychain.com\/wp-content\/uploads\/Classic-Rectangular-Wood-USB-Drive-100x100.jpg 100w\" sizes=\"(max-width: 800px) 100vw, 800px\" \/><\/figure>\n<\/div>\n<\/div>\n\n\n\n<h2 class=\"wp-block-heading\"><strong>Mini banda larga <\/strong><strong>USB de madera<\/strong><strong>&nbsp;Conducir <\/strong><strong><\/strong><\/h2>\n\n\n\n<div class=\"wp-block-columns is-layout-flex wp-container-core-columns-is-layout-28f84493 wp-block-columns-is-layout-flex\">\n<div class=\"wp-block-column is-layout-flow wp-block-column-is-layout-flow\">\n<figure class=\"wp-block-image aligncenter size-full is-resized\"><img decoding=\"async\" width=\"800\" height=\"800\" src=\"https:\/\/www.usborkeychain.com\/wp-content\/uploads\/Mini-Long-Strip-Wood-USB-Drive.jpg\" alt=\"Mini Long-Strip Wood USB Drive\" class=\"wp-image-2548\" style=\"width:450px\" srcset=\"https:\/\/www.usborkeychain.com\/wp-content\/uploads\/Mini-Long-Strip-Wood-USB-Drive.jpg 800w, https:\/\/www.usborkeychain.com\/wp-content\/uploads\/Mini-Long-Strip-Wood-USB-Drive-300x300.jpg 300w, https:\/\/www.usborkeychain.com\/wp-content\/uploads\/Mini-Long-Strip-Wood-USB-Drive-150x150.jpg 150w, https:\/\/www.usborkeychain.com\/wp-content\/uploads\/Mini-Long-Strip-Wood-USB-Drive-768x768.jpg 768w, https:\/\/www.usborkeychain.com\/wp-content\/uploads\/Mini-Long-Strip-Wood-USB-Drive-12x12.jpg 12w, https:\/\/www.usborkeychain.com\/wp-content\/uploads\/Mini-Long-Strip-Wood-USB-Drive-600x600.jpg 600w, https:\/\/www.usborkeychain.com\/wp-content\/uploads\/Mini-Long-Strip-Wood-USB-Drive-100x100.jpg 100w\" sizes=\"(max-width: 800px) 100vw, 800px\" \/><\/figure>\n<\/div>\n\n\n\n<div class=\"wp-block-column is-vertically-aligned-center is-layout-flow wp-block-column-is-layout-flow\">\n<p>La memoria USB Mini Long-Strip Wood adopta un dise\u00f1o cl\u00e1sico de banda larga, disponible en materiales como arce (densidad 0,6 g\/cm\u00b3), nogal (0,85 g\/cm\u00b3), bamb\u00fa (0,7 g\/cm\u00b3) y madera en bruto.<\/p>\n\n\n\n<p>Ofrece dos opciones de interfaz: USB2.0 (velocidad de transferencia 480Mbps) y USB3.0 (velocidad de transferencia 5Gbps) para satisfacer diferentes necesidades de transmisi\u00f3n de datos.<\/p>\n\n\n\n<p>&nbsp;Su perfil delgado -70 mm de largo, 12 mm de ancho y 8 mm de grosor- cabe f\u00e1cilmente en carteras, bolsillos, etc., lo que lo hace adecuado para los usuarios que priorizan la portabilidad, ya sea para el uso diario en la oficina o sobre la marcha.<\/p>\n<\/div>\n<\/div>\n\n\n\n<h2 class=\"wp-block-heading\"><strong>Rectangular <\/strong><strong>Madera<\/strong><strong>&nbsp;Unidad USB m\u00f3vil <\/strong><strong><\/strong><\/h2>\n\n\n\n<div class=\"wp-block-columns is-layout-flex wp-container-core-columns-is-layout-28f84493 wp-block-columns-is-layout-flex\">\n<div class=\"wp-block-column is-vertically-aligned-center is-layout-flow wp-block-column-is-layout-flow\">\n<p>Como \u00faltimo modelo, la unidad USB m\u00f3vil de madera rectangular realiza una doble funcionalidad para el almacenamiento USB y m\u00f3vil. Cuenta con un dise\u00f1o de doble interfaz: un extremo es un puerto USB y el otro es un puerto Type-C o Lightning (opcional seg\u00fan sea necesario), compatible tanto con ordenadores como con dispositivos m\u00f3viles. Ofrece varias capacidades, desde 1 GB hasta 1 TB, para satisfacer las diferentes necesidades de almacenamiento de los usuarios.<\/p>\n\n\n\n<p>El tama\u00f1o de 60 mm de longitud, 25 mm de anchura y 10 mm de grosor equilibra la estabilidad de la conexi\u00f3n del tel\u00e9fono m\u00f3vil y la textura del material de madera. Se trata de un producto innovador que combina tecnolog\u00eda y naturaleza, ofreciendo a los usuarios una c\u00f3moda experiencia de transmisi\u00f3n de datos entre dispositivos.<\/p>\n<\/div>\n\n\n\n<div class=\"wp-block-column is-layout-flow wp-block-column-is-layout-flow\">\n<figure class=\"wp-block-image aligncenter size-full is-resized\"><img loading=\"lazy\" decoding=\"async\" width=\"800\" height=\"800\" src=\"https:\/\/www.usborkeychain.com\/wp-content\/uploads\/Rectangular-Wood-Mobile-USB-Drive.jpg\" alt=\"Rectangular Wood Mobile USB Drive\" class=\"wp-image-2549\" style=\"width:450px\" srcset=\"https:\/\/www.usborkeychain.com\/wp-content\/uploads\/Rectangular-Wood-Mobile-USB-Drive.jpg 800w, https:\/\/www.usborkeychain.com\/wp-content\/uploads\/Rectangular-Wood-Mobile-USB-Drive-300x300.jpg 300w, https:\/\/www.usborkeychain.com\/wp-content\/uploads\/Rectangular-Wood-Mobile-USB-Drive-150x150.jpg 150w, https:\/\/www.usborkeychain.com\/wp-content\/uploads\/Rectangular-Wood-Mobile-USB-Drive-768x768.jpg 768w, https:\/\/www.usborkeychain.com\/wp-content\/uploads\/Rectangular-Wood-Mobile-USB-Drive-12x12.jpg 12w, https:\/\/www.usborkeychain.com\/wp-content\/uploads\/Rectangular-Wood-Mobile-USB-Drive-600x600.jpg 600w, https:\/\/www.usborkeychain.com\/wp-content\/uploads\/Rectangular-Wood-Mobile-USB-Drive-100x100.jpg 100w\" sizes=\"(max-width: 800px) 100vw, 800px\" \/><\/figure>\n<\/div>\n<\/div>\n\n\n\n<h2 class=\"wp-block-heading\"><strong>Conclusi\u00f3n<\/strong><\/h2>\n\n\n\n<p>Esta serie de memorias USB rectangulares de madera es producida por fabricantes profesionales con procesos de producci\u00f3n avanzados en f\u00e1bricas modernas. Admite dos procesos de personalizaci\u00f3n principales -grabado por l\u00e1ser e impresi\u00f3n en color- para presentar con precisi\u00f3n logotipos, texto o patrones en la superficie del USB.<\/p>\n\n\n\n<p>Tambi\u00e9n disponemos de cajas de regalo de madera para realzar la elegancia del regalo. Tanto si se trata de la personalizaci\u00f3n de regalos de empresa, como de la adquisici\u00f3n de recuerdos de boda o la venta al por mayor para distribuidores, podemos satisfacer sus necesidades.<\/p>\n\n\n\n<p>Le invitamos a consultar nuestros servicios de personalizaci\u00f3n directa de f\u00e1brica y de venta al por mayor, que le proporcionar\u00e1n productos de alta calidad y soluciones integrales.<\/p>","protected":false},"excerpt":{"rendered":"<ul>\n<li>Dise\u00f1o rectangular<\/li>\n<li>Material de madera<\/li>\n<li>Resistente a los ara\u00f1azos y al desgaste<\/li>\n<li>Mayor velocidad y alta calidad<\/li>\n<li>Fiabilidad y seguridad<\/li>\n<li>Ideal para todos los usos<\/li>\n<\/ul>","protected":false},"featured_media":2550,"comment_status":"open","ping_status":"closed","template":"","meta":{"_seopress_robots_primary_cat":"","_seopress_titles_title":"Rectangular Wood USB Flash Drive","_seopress_titles_desc":"","_seopress_robots_index":"","site-sidebar-layout":"default","site-content-layout":"","ast-site-content-layout":"","site-content-style":"default","site-sidebar-style":"default","ast-global-header-display":"","ast-banner-title-visibility":"","ast-main-header-display":"","ast-hfb-above-header-display":"","ast-hfb-below-header-display":"","ast-hfb-mobile-header-display":"","site-post-title":"","ast-breadcrumbs-content":"","ast-featured-img":"","footer-sml-layout":"","theme-transparent-header-meta":"","adv-header-id-meta":"","stick-header-meta":"","header-above-stick-meta":"","header-main-stick-meta":"","header-below-stick-meta":"","astra-migrate-meta-layouts":"default","ast-page-background-enabled":"default","ast-page-background-meta":{"desktop":{"background-color":"var(--ast-global-color-5)","background-image":"","background-repeat":"repeat","background-position":"center center","background-size":"auto","background-attachment":"scroll","background-type":"","background-media":"","overlay-type":"","overlay-color":"","overlay-opacity":"","overlay-gradient":""},"tablet":{"background-color":"","background-image":"","background-repeat":"repeat","background-position":"center center","background-size":"auto","background-attachment":"scroll","background-type":"","background-media":"","overlay-type":"","overlay-color":"","overlay-opacity":"","overlay-gradient":""},"mobile":{"background-color":"","background-image":"","background-repeat":"repeat","background-position":"center center","background-size":"auto","background-attachment":"scroll","background-type":"","background-media":"","overlay-type":"","overlay-color":"","overlay-opacity":"","overlay-gradient":""}},"ast-content-background-meta":{"desktop":{"background-color":"var(--ast-global-color-4)","background-image":"","background-repeat":"repeat","background-position":"center center","background-size":"auto","background-attachment":"scroll","background-type":"","background-media":"","overlay-type":"","overlay-color":"","overlay-opacity":"","overlay-gradient":""},"tablet":{"background-color":"var(--ast-global-color-4)","background-image":"","background-repeat":"repeat","background-position":"center center","background-size":"auto","background-attachment":"scroll","background-type":"","background-media":"","overlay-type":"","overlay-color":"","overlay-opacity":"","overlay-gradient":""},"mobile":{"background-color":"var(--ast-global-color-4)","background-image":"","background-repeat":"repeat","background-position":"center center","background-size":"auto","background-attachment":"scroll","background-type":"","background-media":"","overlay-type":"","overlay-color":"","overlay-opacity":"","overlay-gradient":""}}},"product_brand":[],"product_cat":[168],"product_tag":[],"class_list":{"0":"post-2544","1":"product","2":"type-product","3":"status-publish","4":"has-post-thumbnail","6":"product_cat-wood-usb-flash-drive","7":"desktop-align-left","8":"tablet-align-left","9":"mobile-align-left","11":"first","12":"instock","13":"shipping-taxable","14":"product-type-simple"},"_links":{"self":[{"href":"https:\/\/www.usborkeychain.com\/es\/wp-json\/wp\/v2\/product\/2544","targetHints":{"allow":["GET"]}}],"collection":[{"href":"https:\/\/www.usborkeychain.com\/es\/wp-json\/wp\/v2\/product"}],"about":[{"href":"https:\/\/www.usborkeychain.com\/es\/wp-json\/wp\/v2\/types\/product"}],"replies":[{"embeddable":true,"href":"https:\/\/www.usborkeychain.com\/es\/wp-json\/wp\/v2\/comments?post=2544"}],"wp:featuredmedia":[{"embeddable":true,"href":"https:\/\/www.usborkeychain.com\/es\/wp-json\/wp\/v2\/media\/2550"}],"wp:attachment":[{"href":"https:\/\/www.usborkeychain.com\/es\/wp-json\/wp\/v2\/media?parent=2544"}],"wp:term":[{"taxonomy":"product_brand","embeddable":true,"href":"https:\/\/www.usborkeychain.com\/es\/wp-json\/wp\/v2\/product_brand?post=2544"},{"taxonomy":"product_cat","embeddable":true,"href":"https:\/\/www.usborkeychain.com\/es\/wp-json\/wp\/v2\/product_cat?post=2544"},{"taxonomy":"product_tag","embeddable":true,"href":"https:\/\/www.usborkeychain.com\/es\/wp-json\/wp\/v2\/product_tag?post=2544"}],"curies":[{"name":"wp","href":"https:\/\/api.w.org\/{rel}","templated":true}]}}