{"id":2551,"date":"2025-06-20T12:18:17","date_gmt":"2025-06-20T12:18:17","guid":{"rendered":"https:\/\/www.usborkeychain.com\/?post_type=product&#038;p=2551"},"modified":"2025-07-10T00:21:46","modified_gmt":"2025-07-10T00:21:46","slug":"oval-wood-mobile-usb-drives","status":"publish","type":"product","link":"https:\/\/www.usborkeychain.com\/es\/producto\/oval-wood-mobile-usb-drives\/","title":{"rendered":"Memorias USB C ovaladas de madera"},"content":{"rendered":"<div class=\"wp-block-columns is-layout-flex wp-container-core-columns-is-layout-28f84493 wp-block-columns-is-layout-flex\">\n<div class=\"wp-block-column is-layout-flow wp-block-column-is-layout-flow\">\n<figure class=\"wp-block-image aligncenter size-full is-resized\"><img fetchpriority=\"high\" decoding=\"async\" width=\"1000\" height=\"1000\" src=\"https:\/\/www.usborkeychain.com\/wp-content\/uploads\/Oval-Wood-Mobile-USB-Drives.jpg\" alt=\"Oval Wood Mobile USB Drives\" class=\"wp-image-2559\" style=\"width:450px\" srcset=\"https:\/\/www.usborkeychain.com\/wp-content\/uploads\/Oval-Wood-Mobile-USB-Drives.jpg 1000w, https:\/\/www.usborkeychain.com\/wp-content\/uploads\/Oval-Wood-Mobile-USB-Drives-300x300.jpg 300w, https:\/\/www.usborkeychain.com\/wp-content\/uploads\/Oval-Wood-Mobile-USB-Drives-150x150.jpg 150w, https:\/\/www.usborkeychain.com\/wp-content\/uploads\/Oval-Wood-Mobile-USB-Drives-768x768.jpg 768w, https:\/\/www.usborkeychain.com\/wp-content\/uploads\/Oval-Wood-Mobile-USB-Drives-12x12.jpg 12w, https:\/\/www.usborkeychain.com\/wp-content\/uploads\/Oval-Wood-Mobile-USB-Drives-600x600.jpg 600w, https:\/\/www.usborkeychain.com\/wp-content\/uploads\/Oval-Wood-Mobile-USB-Drives-100x100.jpg 100w\" sizes=\"(max-width: 1000px) 100vw, 1000px\" \/><\/figure>\n<\/div>\n\n\n\n<div class=\"wp-block-column is-vertically-aligned-center is-layout-flow wp-block-column-is-layout-flow\">\n<p>La unidad USB m\u00f3vil Oval Wood es una serie que integra dise\u00f1o cl\u00e1sico con tecnolog\u00eda innovadora.<\/p>\n\n\n\n<p>Utilizando madera natural como material de base, a\u00f1ade la funcionalidad OTG (On-The-Go) a la tradicional forma ovalada del USB, permitiendo la transmisi\u00f3n directa de datos entre los tel\u00e9fonos m\u00f3viles y la unidad USB.<\/p>\n\n\n\n<p>La serie se somete a 8 procesos de pulido manual, con una rugosidad superficial de Ra0,8\u03bcm, mostrando la textura original de la madera. Con un di\u00e1metro de 40-50 mm y un grosor de 8-10 mm, ofrece una soluci\u00f3n de almacenamiento m\u00f3vil port\u00e1til y funcional.<\/p>\n<\/div>\n<\/div>\n\n\n\n<h2 class=\"wp-block-heading\"><strong>\u00bfCu\u00e1les son las caracter\u00edsticas de dise\u00f1o del Oval? <\/strong><strong>Madera<\/strong><strong>&nbsp;\u00bfDispositivo USB m\u00f3vil? <\/strong><strong><\/strong><\/h2>\n\n\n\n<p>Como uno de los \u00faltimos modelos de la marca, adopta un dise\u00f1o oval minimalista con una estructura cubierta magn\u00e9tica. El \u00f3valo regular tiene un di\u00e1metro de 45 mm y un grosor de 8 mm.<\/p>\n\n\n\n<p>La tapa magn\u00e9tica utiliza un im\u00e1n de neodimio hierro boro N35 con una fuerza de succi\u00f3n de 2,2 N, que supera una prueba de vida \u00fatil de apertura y cierre de m\u00e1s de 10.000 ciclos.<\/p>\n\n\n\n<p>Los bordes est\u00e1n pulidos en un arco de 15\u00b0, lo que proporciona un agarre c\u00e1lido adecuado para manejarlo con una sola mano, convirti\u00e9ndolo en una obra innovadora en la categor\u00eda Wood USB que combina el sentido de la tecnolog\u00eda y la textura natural.<\/p>\n\n\n\n<h2 class=\"wp-block-heading\"><strong>Qu\u00e9 materiales e interfaces <\/strong><strong>es<\/strong><strong>&nbsp;el Oval <\/strong><strong>Madera<\/strong><strong>&nbsp;\u00bfDispositivo USB m\u00f3vil? <\/strong><strong><\/strong><\/h2>\n\n\n\n<p>Hay disponibles m\u00faltiples materiales, principalmente madera en bruto, caoba, arce y bamb\u00fa:<\/p>\n\n\n\n<p>El arce presenta un color marfil claro con texturas delicadas y suaves como el agua, siendo ligero y flexible.<\/p>\n\n\n\n<p>El nogal presenta patrones naturales de color marr\u00f3n intenso, con un brillo estable y elegante, madera dura y resistente al desgaste, y un tacto c\u00e1lido como el jade.<\/p>\n\n\n\n<p>El bamb\u00fa, tras el tratamiento de carbonizaci\u00f3n, se convierte en bronce, formando una densa capa de dureza HRC25 en la superficie, con claras texturas de juntas de bamb\u00fa, combinando belleza r\u00fastica y caracter\u00edsticas resistentes.<\/p>\n\n\n\n<p>La madera en bruto conserva el color natural de la madera, con texturas \u00fanicas y cambiantes, mostrando el encanto natural original.<\/p>\n\n\n\n<div class=\"wp-block-columns is-layout-flex wp-container-core-columns-is-layout-28f84493 wp-block-columns-is-layout-flex\">\n<div class=\"wp-block-column is-layout-flow wp-block-column-is-layout-flow\">\n<figure class=\"wp-block-image aligncenter size-full is-resized\"><img decoding=\"async\" width=\"1000\" height=\"1000\" src=\"https:\/\/www.usborkeychain.com\/wp-content\/uploads\/Oval-Wood-Mobile-USB-Drives-supplier.jpg\" alt=\"Oval Wood Mobile USB Drives supplier\" class=\"wp-image-2558\" style=\"width:450px\" srcset=\"https:\/\/www.usborkeychain.com\/wp-content\/uploads\/Oval-Wood-Mobile-USB-Drives-supplier.jpg 1000w, https:\/\/www.usborkeychain.com\/wp-content\/uploads\/Oval-Wood-Mobile-USB-Drives-supplier-300x300.jpg 300w, https:\/\/www.usborkeychain.com\/wp-content\/uploads\/Oval-Wood-Mobile-USB-Drives-supplier-150x150.jpg 150w, https:\/\/www.usborkeychain.com\/wp-content\/uploads\/Oval-Wood-Mobile-USB-Drives-supplier-768x768.jpg 768w, https:\/\/www.usborkeychain.com\/wp-content\/uploads\/Oval-Wood-Mobile-USB-Drives-supplier-12x12.jpg 12w, https:\/\/www.usborkeychain.com\/wp-content\/uploads\/Oval-Wood-Mobile-USB-Drives-supplier-600x600.jpg 600w, https:\/\/www.usborkeychain.com\/wp-content\/uploads\/Oval-Wood-Mobile-USB-Drives-supplier-100x100.jpg 100w\" sizes=\"(max-width: 1000px) 100vw, 1000px\" \/><\/figure>\n<\/div>\n\n\n\n<div class=\"wp-block-column is-layout-flow wp-block-column-is-layout-flow\">\n<figure class=\"wp-block-image aligncenter size-full is-resized\"><img decoding=\"async\" width=\"1000\" height=\"1000\" src=\"https:\/\/www.usborkeychain.com\/wp-content\/uploads\/Oval-Wood-Mobile-USB-Drives-factory.jpg\" alt=\"Oval Wood Mobile USB Drives factory\" class=\"wp-image-2557\" style=\"width:450px\" srcset=\"https:\/\/www.usborkeychain.com\/wp-content\/uploads\/Oval-Wood-Mobile-USB-Drives-factory.jpg 1000w, https:\/\/www.usborkeychain.com\/wp-content\/uploads\/Oval-Wood-Mobile-USB-Drives-factory-300x300.jpg 300w, https:\/\/www.usborkeychain.com\/wp-content\/uploads\/Oval-Wood-Mobile-USB-Drives-factory-150x150.jpg 150w, https:\/\/www.usborkeychain.com\/wp-content\/uploads\/Oval-Wood-Mobile-USB-Drives-factory-768x768.jpg 768w, https:\/\/www.usborkeychain.com\/wp-content\/uploads\/Oval-Wood-Mobile-USB-Drives-factory-12x12.jpg 12w, https:\/\/www.usborkeychain.com\/wp-content\/uploads\/Oval-Wood-Mobile-USB-Drives-factory-600x600.jpg 600w, https:\/\/www.usborkeychain.com\/wp-content\/uploads\/Oval-Wood-Mobile-USB-Drives-factory-100x100.jpg 100w\" sizes=\"(max-width: 1000px) 100vw, 1000px\" \/><\/figure>\n<\/div>\n\n\n\n<div class=\"wp-block-column is-layout-flow wp-block-column-is-layout-flow\">\n<figure class=\"wp-block-image aligncenter size-full is-resized\"><img loading=\"lazy\" decoding=\"async\" width=\"1000\" height=\"1000\" src=\"https:\/\/www.usborkeychain.com\/wp-content\/uploads\/China-Oval-Wood-Mobile-USB-Drives.jpg\" alt=\"China Oval Wood Mobile USB Drives\" class=\"wp-image-2555\" style=\"width:450px\" srcset=\"https:\/\/www.usborkeychain.com\/wp-content\/uploads\/China-Oval-Wood-Mobile-USB-Drives.jpg 1000w, https:\/\/www.usborkeychain.com\/wp-content\/uploads\/China-Oval-Wood-Mobile-USB-Drives-300x300.jpg 300w, https:\/\/www.usborkeychain.com\/wp-content\/uploads\/China-Oval-Wood-Mobile-USB-Drives-150x150.jpg 150w, https:\/\/www.usborkeychain.com\/wp-content\/uploads\/China-Oval-Wood-Mobile-USB-Drives-768x768.jpg 768w, https:\/\/www.usborkeychain.com\/wp-content\/uploads\/China-Oval-Wood-Mobile-USB-Drives-12x12.jpg 12w, https:\/\/www.usborkeychain.com\/wp-content\/uploads\/China-Oval-Wood-Mobile-USB-Drives-600x600.jpg 600w, https:\/\/www.usborkeychain.com\/wp-content\/uploads\/China-Oval-Wood-Mobile-USB-Drives-100x100.jpg 100w\" sizes=\"(max-width: 1000px) 100vw, 1000px\" \/><\/figure>\n<\/div>\n<\/div>\n\n\n\n<p>La configuraci\u00f3n de la interfaz incluye modos duales de USB2.0 (25 Mbps) y USB3.0 (450 Mbps), al tiempo que integra un m\u00f3dulo de funci\u00f3n OTG para soportar plug-and-play en tel\u00e9fonos m\u00f3viles. Cubre 12 especificaciones de 8 GB a 1 TB, que satisfacen diferentes necesidades de almacenamiento de archivos.<\/p>\n\n\n\n<h2 class=\"wp-block-heading\"><strong>\u00bfC\u00f3mo funciona el <\/strong><strong>Madera<\/strong><strong>&nbsp;La unidad USB m\u00f3vil logra la conexi\u00f3n directa del tel\u00e9fono m\u00f3vil? <\/strong><strong><\/strong><\/h2>\n\n\n\n<div class=\"wp-block-columns is-layout-flex wp-container-core-columns-is-layout-28f84493 wp-block-columns-is-layout-flex\">\n<div class=\"wp-block-column is-layout-flow wp-block-column-is-layout-flow\">\n<figure class=\"wp-block-image aligncenter size-full is-resized\"><img loading=\"lazy\" decoding=\"async\" width=\"1000\" height=\"1000\" src=\"https:\/\/www.usborkeychain.com\/wp-content\/uploads\/Bulk-Oval-Wood-Mobile-USB-Drives.jpg\" alt=\"Bulk Oval Wood Mobile USB Drives\" class=\"wp-image-2554\" style=\"width:450px\" srcset=\"https:\/\/www.usborkeychain.com\/wp-content\/uploads\/Bulk-Oval-Wood-Mobile-USB-Drives.jpg 1000w, https:\/\/www.usborkeychain.com\/wp-content\/uploads\/Bulk-Oval-Wood-Mobile-USB-Drives-300x300.jpg 300w, https:\/\/www.usborkeychain.com\/wp-content\/uploads\/Bulk-Oval-Wood-Mobile-USB-Drives-150x150.jpg 150w, https:\/\/www.usborkeychain.com\/wp-content\/uploads\/Bulk-Oval-Wood-Mobile-USB-Drives-768x768.jpg 768w, https:\/\/www.usborkeychain.com\/wp-content\/uploads\/Bulk-Oval-Wood-Mobile-USB-Drives-12x12.jpg 12w, https:\/\/www.usborkeychain.com\/wp-content\/uploads\/Bulk-Oval-Wood-Mobile-USB-Drives-600x600.jpg 600w, https:\/\/www.usborkeychain.com\/wp-content\/uploads\/Bulk-Oval-Wood-Mobile-USB-Drives-100x100.jpg 100w\" sizes=\"(max-width: 1000px) 100vw, 1000px\" \/><\/figure>\n<\/div>\n\n\n\n<div class=\"wp-block-column is-vertically-aligned-center is-layout-flow wp-block-column-is-layout-flow\">\n<p>Al usarlo, primero selecciona la interfaz compatible: hay tres especificaciones disponibles, entre ellas Apple Lightning, Android Micro-USB y Type-C.<\/p>\n\n\n\n<p>La interfaz del tel\u00e9fono m\u00f3vil se inserta directamente en el puerto de datos del dispositivo sin necesidad de instalar aplicaciones de terceros, y admite la gesti\u00f3n nativa de archivos para sistemas iOS 13+ y Android 6.0+.<\/p>\n\n\n\n<p>A trav\u00e9s del protocolo OTG, se realiza la transmisi\u00f3n bidireccional de archivos entre el tel\u00e9fono m\u00f3vil y la unidad USB. Las mediciones reales muestran que la transferencia de un archivo de v\u00eddeo de 1 GB a un tel\u00e9fono m\u00f3vil s\u00f3lo tarda 22 segundos (combinaci\u00f3n de interfaz USB3.0+Tipo-C).<\/p>\n<\/div>\n<\/div>\n\n\n\n<h2 class=\"wp-block-heading\"><strong>Conclusi\u00f3n<\/strong><\/h2>\n\n\n\n<p>Esta serie est\u00e1 elaborada por una f\u00e1brica USB con 15 a\u00f1os de ingenio, que utiliza equipos de grabado CNC automatizados para conseguir mejoras triples en material, proceso y funci\u00f3n. El grabado por l\u00e1ser perfila los detalles con una precisi\u00f3n de 0,05 mm, y la impresi\u00f3n en color alcanza la exactitud de color Pantone 98%.<\/p>\n\n\n\n<p>Desde la textura clara del arce hasta el brillo marr\u00f3n intenso del nogal, desde la textura resistente del bamb\u00fa carbonizado hasta la textura natural de la madera en bruto, cada material se somete a 8 pasos de procesamiento para presentar una experiencia visual y t\u00e1ctil \u00fanica.<\/p>\n\n\n\n<p>Admite un modelo mayorista con un pedido m\u00ednimo de 100 piezas, proporcionando productos diferenciados para plataformas de comercio electr\u00f3nico, inyectando una est\u00e9tica natural a la personalizaci\u00f3n de regalos corporativos y ofreciendo a los distribuidores una soluci\u00f3n de enlace completo que abarca la selecci\u00f3n de materiales, la adaptaci\u00f3n de interfaces (Apple\/Android\/Tipo-C) y la configuraci\u00f3n de capacidades (8 GB-1 TB).<\/p>\n\n\n\n<p>El modelo de suministro directo de f\u00e1brica garantiza plazos de entrega y ventajas de costes. Invitamos sinceramente a socios de todos los canales a explorar juntos el mercado de regalos digitales de madera.<\/p>\n\n\n\n<p><\/p>","protected":false},"excerpt":{"rendered":"<ul>\n<li>Dise\u00f1o ovalado<\/li>\n<li>Material de madera<\/li>\n<li>Resistente a los ara\u00f1azos y al desgaste<\/li>\n<li>Mayor velocidad y alta calidad<\/li>\n<li>Fiabilidad y seguridad<\/li>\n<li>Ideal para todos los usos<\/li>\n<\/ul>","protected":false},"featured_media":2559,"comment_status":"open","ping_status":"closed","template":"","meta":{"_seopress_robots_primary_cat":"","_seopress_titles_title":"Oval Wood\u00a0Mobile USB Drives","_seopress_titles_desc":"","_seopress_robots_index":"","site-sidebar-layout":"default","site-content-layout":"","ast-site-content-layout":"","site-content-style":"default","site-sidebar-style":"default","ast-global-header-display":"","ast-banner-title-visibility":"","ast-main-header-display":"","ast-hfb-above-header-display":"","ast-hfb-below-header-display":"","ast-hfb-mobile-header-display":"","site-post-title":"","ast-breadcrumbs-content":"","ast-featured-img":"","footer-sml-layout":"","theme-transparent-header-meta":"","adv-header-id-meta":"","stick-header-meta":"","header-above-stick-meta":"","header-main-stick-meta":"","header-below-stick-meta":"","astra-migrate-meta-layouts":"default","ast-page-background-enabled":"default","ast-page-background-meta":{"desktop":{"background-color":"var(--ast-global-color-5)","background-image":"","background-repeat":"repeat","background-position":"center center","background-size":"auto","background-attachment":"scroll","background-type":"","background-media":"","overlay-type":"","overlay-color":"","overlay-opacity":"","overlay-gradient":""},"tablet":{"background-color":"","background-image":"","background-repeat":"repeat","background-position":"center center","background-size":"auto","background-attachment":"scroll","background-type":"","background-media":"","overlay-type":"","overlay-color":"","overlay-opacity":"","overlay-gradient":""},"mobile":{"background-color":"","background-image":"","background-repeat":"repeat","background-position":"center center","background-size":"auto","background-attachment":"scroll","background-type":"","background-media":"","overlay-type":"","overlay-color":"","overlay-opacity":"","overlay-gradient":""}},"ast-content-background-meta":{"desktop":{"background-color":"var(--ast-global-color-4)","background-image":"","background-repeat":"repeat","background-position":"center center","background-size":"auto","background-attachment":"scroll","background-type":"","background-media":"","overlay-type":"","overlay-color":"","overlay-opacity":"","overlay-gradient":""},"tablet":{"background-color":"var(--ast-global-color-4)","background-image":"","background-repeat":"repeat","background-position":"center center","background-size":"auto","background-attachment":"scroll","background-type":"","background-media":"","overlay-type":"","overlay-color":"","overlay-opacity":"","overlay-gradient":""},"mobile":{"background-color":"var(--ast-global-color-4)","background-image":"","background-repeat":"repeat","background-position":"center center","background-size":"auto","background-attachment":"scroll","background-type":"","background-media":"","overlay-type":"","overlay-color":"","overlay-opacity":"","overlay-gradient":""}}},"product_brand":[],"product_cat":[168,105],"product_tag":[],"class_list":{"0":"post-2551","1":"product","2":"type-product","3":"status-publish","4":"has-post-thumbnail","6":"product_cat-wood-usb-flash-drive","7":"product_cat-usb-c-pendrive","8":"desktop-align-left","9":"tablet-align-left","10":"mobile-align-left","12":"first","13":"instock","14":"shipping-taxable","15":"product-type-simple"},"_links":{"self":[{"href":"https:\/\/www.usborkeychain.com\/es\/wp-json\/wp\/v2\/product\/2551","targetHints":{"allow":["GET"]}}],"collection":[{"href":"https:\/\/www.usborkeychain.com\/es\/wp-json\/wp\/v2\/product"}],"about":[{"href":"https:\/\/www.usborkeychain.com\/es\/wp-json\/wp\/v2\/types\/product"}],"replies":[{"embeddable":true,"href":"https:\/\/www.usborkeychain.com\/es\/wp-json\/wp\/v2\/comments?post=2551"}],"wp:featuredmedia":[{"embeddable":true,"href":"https:\/\/www.usborkeychain.com\/es\/wp-json\/wp\/v2\/media\/2559"}],"wp:attachment":[{"href":"https:\/\/www.usborkeychain.com\/es\/wp-json\/wp\/v2\/media?parent=2551"}],"wp:term":[{"taxonomy":"product_brand","embeddable":true,"href":"https:\/\/www.usborkeychain.com\/es\/wp-json\/wp\/v2\/product_brand?post=2551"},{"taxonomy":"product_cat","embeddable":true,"href":"https:\/\/www.usborkeychain.com\/es\/wp-json\/wp\/v2\/product_cat?post=2551"},{"taxonomy":"product_tag","embeddable":true,"href":"https:\/\/www.usborkeychain.com\/es\/wp-json\/wp\/v2\/product_tag?post=2551"}],"curies":[{"name":"wp","href":"https:\/\/api.w.org\/{rel}","templated":true}]}}