{"id":2560,"date":"2025-06-21T23:38:41","date_gmt":"2025-06-21T23:38:41","guid":{"rendered":"https:\/\/www.usborkeychain.com\/?post_type=product&#038;p=2560"},"modified":"2025-08-17T13:19:53","modified_gmt":"2025-08-17T13:19:53","slug":"eco-friendly-degradable-rotating-usb-flash-drive","status":"publish","type":"product","link":"https:\/\/www.usborkeychain.com\/es\/producto\/eco-friendly-degradable-rotating-usb-flash-drive\/","title":{"rendered":"Memoria USB giratoria ecol\u00f3gica y degradable"},"content":{"rendered":"<div class=\"wp-block-columns is-layout-flex wp-container-core-columns-is-layout-28f84493 wp-block-columns-is-layout-flex\">\n<div class=\"wp-block-column is-layout-flow wp-block-column-is-layout-flow\">\n<figure class=\"wp-block-image size-full\"><img alt=\"\" fetchpriority=\"high\" decoding=\"async\" width=\"800\" height=\"800\" src=\"https:\/\/www.usborkeychain.com\/wp-content\/uploads\/\u200bEco-Biodegradable-Rotating-USB-Drive\u200b.jpg\" class=\"wp-image-2567\" srcset=\"https:\/\/www.usborkeychain.com\/wp-content\/uploads\/\u200bEco-Biodegradable-Rotating-USB-Drive\u200b.jpg 800w, https:\/\/www.usborkeychain.com\/wp-content\/uploads\/\u200bEco-Biodegradable-Rotating-USB-Drive\u200b-300x300.jpg 300w, https:\/\/www.usborkeychain.com\/wp-content\/uploads\/\u200bEco-Biodegradable-Rotating-USB-Drive\u200b-150x150.jpg 150w, https:\/\/www.usborkeychain.com\/wp-content\/uploads\/\u200bEco-Biodegradable-Rotating-USB-Drive\u200b-768x768.jpg 768w, https:\/\/www.usborkeychain.com\/wp-content\/uploads\/\u200bEco-Biodegradable-Rotating-USB-Drive\u200b-12x12.jpg 12w, https:\/\/www.usborkeychain.com\/wp-content\/uploads\/\u200bEco-Biodegradable-Rotating-USB-Drive\u200b-600x600.jpg 600w, https:\/\/www.usborkeychain.com\/wp-content\/uploads\/\u200bEco-Biodegradable-Rotating-USB-Drive\u200b-100x100.jpg 100w\" sizes=\"(max-width: 800px) 100vw, 800px\" \/><\/figure>\n<\/div>\n\n\n\n<div class=\"wp-block-column is-vertically-aligned-center is-layout-flow wp-block-column-is-layout-flow\">\n<p>La memoria USB giratoria degradable ha surgido como un nuevo estilo popular en los \u00faltimos a\u00f1os, con un dise\u00f1o cl\u00e1sico de clip giratorio y material de paja de trigo respetuoso con el medio ambiente.<\/p>\n\n\n\n<p> Su dise\u00f1o de clip met\u00e1lico giratorio 360\u00b0 garantiza su portabilidad, mientras que la carcasa est\u00e1 fabricada con material compuesto de paja de trigo degradable 100%, producido en serie por fabricantes profesionales. Se ha convertido en un producto ecol\u00f3gico superventas en el mercado digital, ideal para la venta al por mayor.<\/p>\n<\/div>\n<\/div>\n\n\n\n<h3 class=\"wp-block-heading\">\u00bfCu\u00e1l es el material de la memoria USB giratoria degradable?<\/h3>\n\n\n\n<p>El material se compone de fibras naturales de paja de trigo y resina alimentaria, producidas por fabricantes de origen mediante procesos de prensado f\u00edsico. Con una densidad de 1,2-1,4 g\/cm\u00b3, puede soportar una ca\u00edda libre de 1,5 metros en pruebas de ca\u00edda. Se degrada en di\u00f3xido de carbono y agua en 1-2 a\u00f1os en entornos naturales, tres veces m\u00e1s r\u00e1pido que el pl\u00e1stico ABS tradicional, lo que lo hace muy adecuado para la venta al por mayor de regalos ecol\u00f3gicos.<\/p>\n\n\n\n<h3 class=\"wp-block-heading\">\u00bfEn qu\u00e9 colores est\u00e1 disponible la memoria USB giratoria degradable?<\/h3>\n\n\n\n<p>Actualmente est\u00e1 disponible en cinco colores: Rosa (Pantone 18-3940TPX), Azul (Pantone 2945TPX), Negro (Pantone 429TPX), Blanco (Pantone 11-0601TPX) y Paja de trigo natural. La saturaci\u00f3n del color se controla entre 30%-40%, presentando una paleta de colores Morandi con poca luz. El color paja de trigo natural, que conserva las texturas de las fibras vegetales, representa 62% de los pedidos al por mayor. Los fabricantes admiten pedidos de colores personalizados a partir de 100 unidades.<\/p>\n\n\n\n<div class=\"wp-block-columns is-layout-flex wp-container-core-columns-is-layout-28f84493 wp-block-columns-is-layout-flex\">\n<div class=\"wp-block-column is-layout-flow wp-block-column-is-layout-flow\">\n<figure class=\"wp-block-image size-full\"><img alt=\"\" decoding=\"async\" width=\"800\" height=\"800\" src=\"https:\/\/www.usborkeychain.com\/wp-content\/uploads\/\u200bCertified-Biodegradable-Rotatable-USB\u200b.jpg\" class=\"wp-image-2565\" srcset=\"https:\/\/www.usborkeychain.com\/wp-content\/uploads\/\u200bCertified-Biodegradable-Rotatable-USB\u200b.jpg 800w, https:\/\/www.usborkeychain.com\/wp-content\/uploads\/\u200bCertified-Biodegradable-Rotatable-USB\u200b-300x300.jpg 300w, https:\/\/www.usborkeychain.com\/wp-content\/uploads\/\u200bCertified-Biodegradable-Rotatable-USB\u200b-150x150.jpg 150w, https:\/\/www.usborkeychain.com\/wp-content\/uploads\/\u200bCertified-Biodegradable-Rotatable-USB\u200b-768x768.jpg 768w, https:\/\/www.usborkeychain.com\/wp-content\/uploads\/\u200bCertified-Biodegradable-Rotatable-USB\u200b-12x12.jpg 12w, https:\/\/www.usborkeychain.com\/wp-content\/uploads\/\u200bCertified-Biodegradable-Rotatable-USB\u200b-600x600.jpg 600w, https:\/\/www.usborkeychain.com\/wp-content\/uploads\/\u200bCertified-Biodegradable-Rotatable-USB\u200b-100x100.jpg 100w\" sizes=\"(max-width: 800px) 100vw, 800px\" \/><\/figure>\n<\/div>\n\n\n\n<div class=\"wp-block-column is-layout-flow wp-block-column-is-layout-flow\">\n<figure class=\"wp-block-image size-full\"><img alt=\"\" decoding=\"async\" width=\"800\" height=\"800\" src=\"https:\/\/www.usborkeychain.com\/wp-content\/uploads\/\u200bRotating-Eco-Flash-Drive-Biodegradable-Design\u200b-.jpg\" class=\"wp-image-2571\" srcset=\"https:\/\/www.usborkeychain.com\/wp-content\/uploads\/\u200bRotating-Eco-Flash-Drive-Biodegradable-Design\u200b-.jpg 800w, https:\/\/www.usborkeychain.com\/wp-content\/uploads\/\u200bRotating-Eco-Flash-Drive-Biodegradable-Design\u200b--300x300.jpg 300w, https:\/\/www.usborkeychain.com\/wp-content\/uploads\/\u200bRotating-Eco-Flash-Drive-Biodegradable-Design\u200b--150x150.jpg 150w, https:\/\/www.usborkeychain.com\/wp-content\/uploads\/\u200bRotating-Eco-Flash-Drive-Biodegradable-Design\u200b--768x768.jpg 768w, https:\/\/www.usborkeychain.com\/wp-content\/uploads\/\u200bRotating-Eco-Flash-Drive-Biodegradable-Design\u200b--12x12.jpg 12w, https:\/\/www.usborkeychain.com\/wp-content\/uploads\/\u200bRotating-Eco-Flash-Drive-Biodegradable-Design\u200b--600x600.jpg 600w, https:\/\/www.usborkeychain.com\/wp-content\/uploads\/\u200bRotating-Eco-Flash-Drive-Biodegradable-Design\u200b--100x100.jpg 100w\" sizes=\"(max-width: 800px) 100vw, 800px\" \/><\/figure>\n<\/div>\n\n\n\n<div class=\"wp-block-column is-layout-flow wp-block-column-is-layout-flow\">\n<figure class=\"wp-block-image size-full\"><img alt=\"\" loading=\"lazy\" decoding=\"async\" width=\"800\" height=\"800\" src=\"https:\/\/www.usborkeychain.com\/wp-content\/uploads\/\u200bGreenSpinBiodegradable-USB-Drive\u200b-.jpg\" class=\"wp-image-2569\" srcset=\"https:\/\/www.usborkeychain.com\/wp-content\/uploads\/\u200bGreenSpinBiodegradable-USB-Drive\u200b-.jpg 800w, https:\/\/www.usborkeychain.com\/wp-content\/uploads\/\u200bGreenSpinBiodegradable-USB-Drive\u200b--300x300.jpg 300w, https:\/\/www.usborkeychain.com\/wp-content\/uploads\/\u200bGreenSpinBiodegradable-USB-Drive\u200b--150x150.jpg 150w, https:\/\/www.usborkeychain.com\/wp-content\/uploads\/\u200bGreenSpinBiodegradable-USB-Drive\u200b--768x768.jpg 768w, https:\/\/www.usborkeychain.com\/wp-content\/uploads\/\u200bGreenSpinBiodegradable-USB-Drive\u200b--12x12.jpg 12w, https:\/\/www.usborkeychain.com\/wp-content\/uploads\/\u200bGreenSpinBiodegradable-USB-Drive\u200b--600x600.jpg 600w, https:\/\/www.usborkeychain.com\/wp-content\/uploads\/\u200bGreenSpinBiodegradable-USB-Drive\u200b--100x100.jpg 100w\" sizes=\"(max-width: 800px) 100vw, 800px\" \/><\/figure>\n<\/div>\n<\/div>\n\n\n\n<h3 class=\"wp-block-heading\">\u00bfCu\u00e1les son los par\u00e1metros de la memoria USB giratoria degradable?<\/h3>\n\n\n\n<figure class=\"wp-block-table\"><table class=\"has-fixed-layout\"><thead><tr><th>Tipo de par\u00e1metro<\/th><th>Par\u00e1metros espec\u00edficos<\/th><\/tr><\/thead><tbody><tr><td>Tipo de interfaz<\/td><td>USB2.0 (compatible con USB1.1), USB3.0 (compatible con USB2.0)<\/td><\/tr><tr><td>Capacidad de almacenamiento<\/td><td>1GB\/2GB\/4GB\/8GB\/16GB\/32GB\/64GB\/128GB\/256GB\/512GB\/1TB<\/td><\/tr><tr><td>Velocidad de lectura\/escritura<\/td><td>USB2.0: Lectura 15 MB\/s, Escritura 8 MB\/s; USB3.0: Lectura 60 MB\/s, escritura 30 MB\/s<\/td><\/tr><tr><td>Temperatura de funcionamiento<\/td><td>-10\u2103-55\u2103<\/td><\/tr><tr><td>Temperatura de almacenamiento<\/td><td>-20\u2103-85\u2103<\/td><\/tr><tr><td>Dimensiones del producto<\/td><td>5,8 cm (largo) \u00d7 1,8 cm (ancho) \u00d7 0,9 cm (alto)<\/td><\/tr><tr><td>Peso del producto<\/td><td>Aproximadamente 8,5 g (clip incluido)<\/td><\/tr><tr><td>Duraci\u00f3n de la rotaci\u00f3n<\/td><td>\u226510.000 pruebas de rotaci\u00f3n sin fallos<\/td><\/tr><tr><td>Personalizaci\u00f3n del logotipo<\/td><td>Serigraf\u00eda, impresi\u00f3n en color<\/td><\/tr><\/tbody><\/table><\/figure>\n\n\n\n<h3 class=\"wp-block-heading\">\u00bfSe puede personalizar la memoria USB giratoria degradable con un logotipo?<\/h3>\n\n\n\n<p>S\u00ed, admite dos procesos principales: serigraf\u00eda (precisi\u00f3n de 120 l\u00edneas) e impresi\u00f3n en color (cuatricrom\u00eda CMYK). El pedido m\u00ednimo es de 50 unidades para la serigraf\u00eda y de 100 unidades para la impresi\u00f3n en color. Los fabricantes proporcionan cajas de embalaje de paja de trigo a juego (dimensiones: 11 cm\u00d77 cm\u00d72 cm, peso: 15 g). Tanto la unidad USB como la caja pueden personalizarse en el mismo color. Los logotipos se pueden personalizar en la parte frontal de la unidad USB, en el lateral del clip y en la tapa de la caja de embalaje, lo que la hace perfecta para regalos de empresa corporativos y para la venta al por mayor.<\/p>\n\n\n\n<div class=\"wp-block-columns is-layout-flex wp-container-core-columns-is-layout-28f84493 wp-block-columns-is-layout-flex\">\n<div class=\"wp-block-column is-layout-flow wp-block-column-is-layout-flow\">\n<figure class=\"wp-block-image size-full\"><img alt=\"\" loading=\"lazy\" decoding=\"async\" width=\"800\" height=\"600\" src=\"https:\/\/www.usborkeychain.com\/wp-content\/uploads\/\u200bSustainable-Rotating-Flash-Drive-Biodegradable\u200b.jpg\" class=\"wp-image-2572\" srcset=\"https:\/\/www.usborkeychain.com\/wp-content\/uploads\/\u200bSustainable-Rotating-Flash-Drive-Biodegradable\u200b.jpg 800w, https:\/\/www.usborkeychain.com\/wp-content\/uploads\/\u200bSustainable-Rotating-Flash-Drive-Biodegradable\u200b-300x225.jpg 300w, https:\/\/www.usborkeychain.com\/wp-content\/uploads\/\u200bSustainable-Rotating-Flash-Drive-Biodegradable\u200b-768x576.jpg 768w, https:\/\/www.usborkeychain.com\/wp-content\/uploads\/\u200bSustainable-Rotating-Flash-Drive-Biodegradable\u200b-16x12.jpg 16w, https:\/\/www.usborkeychain.com\/wp-content\/uploads\/\u200bSustainable-Rotating-Flash-Drive-Biodegradable\u200b-600x450.jpg 600w\" sizes=\"(max-width: 800px) 100vw, 800px\" \/><\/figure>\n<\/div>\n\n\n\n<div class=\"wp-block-column is-layout-flow wp-block-column-is-layout-flow\">\n<figure class=\"wp-block-image size-full\"><img alt=\"\" loading=\"lazy\" decoding=\"async\" width=\"800\" height=\"600\" src=\"https:\/\/www.usborkeychain.com\/wp-content\/uploads\/\u200bBiodegradable-Rotating-USB.jpg\" class=\"wp-image-2563\" srcset=\"https:\/\/www.usborkeychain.com\/wp-content\/uploads\/\u200bBiodegradable-Rotating-USB.jpg 800w, https:\/\/www.usborkeychain.com\/wp-content\/uploads\/\u200bBiodegradable-Rotating-USB-300x225.jpg 300w, https:\/\/www.usborkeychain.com\/wp-content\/uploads\/\u200bBiodegradable-Rotating-USB-768x576.jpg 768w, https:\/\/www.usborkeychain.com\/wp-content\/uploads\/\u200bBiodegradable-Rotating-USB-16x12.jpg 16w, https:\/\/www.usborkeychain.com\/wp-content\/uploads\/\u200bBiodegradable-Rotating-USB-600x450.jpg 600w\" sizes=\"(max-width: 800px) 100vw, 800px\" \/><\/figure>\n<\/div>\n\n\n\n<div class=\"wp-block-column is-layout-flow wp-block-column-is-layout-flow\">\n<figure class=\"wp-block-image size-full\"><img alt=\"\" loading=\"lazy\" decoding=\"async\" width=\"800\" height=\"600\" src=\"https:\/\/www.usborkeychain.com\/wp-content\/uploads\/\u200bEarth-Conscious-360\u00b0-Rotatable-USB\u200b-.jpg\" class=\"wp-image-2566\" srcset=\"https:\/\/www.usborkeychain.com\/wp-content\/uploads\/\u200bEarth-Conscious-360\u00b0-Rotatable-USB\u200b-.jpg 800w, https:\/\/www.usborkeychain.com\/wp-content\/uploads\/\u200bEarth-Conscious-360\u00b0-Rotatable-USB\u200b--300x225.jpg 300w, https:\/\/www.usborkeychain.com\/wp-content\/uploads\/\u200bEarth-Conscious-360\u00b0-Rotatable-USB\u200b--768x576.jpg 768w, https:\/\/www.usborkeychain.com\/wp-content\/uploads\/\u200bEarth-Conscious-360\u00b0-Rotatable-USB\u200b--16x12.jpg 16w, https:\/\/www.usborkeychain.com\/wp-content\/uploads\/\u200bEarth-Conscious-360\u00b0-Rotatable-USB\u200b--600x450.jpg 600w\" sizes=\"(max-width: 800px) 100vw, 800px\" \/><\/figure>\n<\/div>\n<\/div>\n\n\n\n<p>Fabricada por potentes proveedores, la memoria USB giratoria degradable integra m\u00faltiples capacidades, materiales degradables y resistencia a las ca\u00eddas. Con posibilidad de personalizaci\u00f3n mediante serigraf\u00eda\/impresi\u00f3n en color y embalaje ecol\u00f3gico a juego, se erige como la mejor opci\u00f3n de regalos digitales ecol\u00f3gicos al por mayor del mercado actual.<\/p>\n\n\n\n<p><\/p>","protected":false},"excerpt":{"rendered":"<ul>\n<li>Fibras naturales de paja de trigo<\/li>\n<li>Dise\u00f1o giratorio 360<\/li>\n<li>Logotipo personalizado<\/li>\n<li>Rosa\uff0cblanco\uff0cnegro\uff0camarillo\uff0cazul<\/li>\n<li>MOQ:100pcs<\/li>\n<\/ul>","protected":false},"featured_media":2573,"comment_status":"open","ping_status":"closed","template":"","meta":{"_seopress_robots_primary_cat":"","_seopress_titles_title":"","_seopress_titles_desc":"","_seopress_robots_index":"","site-sidebar-layout":"default","site-content-layout":"","ast-site-content-layout":"","site-content-style":"default","site-sidebar-style":"default","ast-global-header-display":"","ast-banner-title-visibility":"","ast-main-header-display":"","ast-hfb-above-header-display":"","ast-hfb-below-header-display":"","ast-hfb-mobile-header-display":"","site-post-title":"","ast-breadcrumbs-content":"","ast-featured-img":"","footer-sml-layout":"","theme-transparent-header-meta":"","adv-header-id-meta":"","stick-header-meta":"","header-above-stick-meta":"","header-main-stick-meta":"","header-below-stick-meta":"","astra-migrate-meta-layouts":"default","ast-page-background-enabled":"default","ast-page-background-meta":{"desktop":{"background-color":"var(--ast-global-color-5)","background-image":"","background-repeat":"repeat","background-position":"center center","background-size":"auto","background-attachment":"scroll","background-type":"","background-media":"","overlay-type":"","overlay-color":"","overlay-opacity":"","overlay-gradient":""},"tablet":{"background-color":"","background-image":"","background-repeat":"repeat","background-position":"center center","background-size":"auto","background-attachment":"scroll","background-type":"","background-media":"","overlay-type":"","overlay-color":"","overlay-opacity":"","overlay-gradient":""},"mobile":{"background-color":"","background-image":"","background-repeat":"repeat","background-position":"center center","background-size":"auto","background-attachment":"scroll","background-type":"","background-media":"","overlay-type":"","overlay-color":"","overlay-opacity":"","overlay-gradient":""}},"ast-content-background-meta":{"desktop":{"background-color":"var(--ast-global-color-4)","background-image":"","background-repeat":"repeat","background-position":"center center","background-size":"auto","background-attachment":"scroll","background-type":"","background-media":"","overlay-type":"","overlay-color":"","overlay-opacity":"","overlay-gradient":""},"tablet":{"background-color":"var(--ast-global-color-4)","background-image":"","background-repeat":"repeat","background-position":"center center","background-size":"auto","background-attachment":"scroll","background-type":"","background-media":"","overlay-type":"","overlay-color":"","overlay-opacity":"","overlay-gradient":""},"mobile":{"background-color":"var(--ast-global-color-4)","background-image":"","background-repeat":"repeat","background-position":"center center","background-size":"auto","background-attachment":"scroll","background-type":"","background-media":"","overlay-type":"","overlay-color":"","overlay-opacity":"","overlay-gradient":""}}},"product_brand":[],"product_cat":[170,106],"product_tag":[404],"class_list":{"0":"post-2560","1":"product","2":"type-product","3":"status-publish","4":"has-post-thumbnail","6":"product_cat-biodegradable-usb-pendrive-2","7":"product_cat-rotating-usb-pendrive","8":"product_tag-wooden-rotating-usb-drive","9":"desktop-align-left","10":"tablet-align-left","11":"mobile-align-left","13":"first","14":"instock","15":"shipping-taxable","16":"product-type-simple"},"_links":{"self":[{"href":"https:\/\/www.usborkeychain.com\/es\/wp-json\/wp\/v2\/product\/2560","targetHints":{"allow":["GET"]}}],"collection":[{"href":"https:\/\/www.usborkeychain.com\/es\/wp-json\/wp\/v2\/product"}],"about":[{"href":"https:\/\/www.usborkeychain.com\/es\/wp-json\/wp\/v2\/types\/product"}],"replies":[{"embeddable":true,"href":"https:\/\/www.usborkeychain.com\/es\/wp-json\/wp\/v2\/comments?post=2560"}],"wp:featuredmedia":[{"embeddable":true,"href":"https:\/\/www.usborkeychain.com\/es\/wp-json\/wp\/v2\/media\/2573"}],"wp:attachment":[{"href":"https:\/\/www.usborkeychain.com\/es\/wp-json\/wp\/v2\/media?parent=2560"}],"wp:term":[{"taxonomy":"product_brand","embeddable":true,"href":"https:\/\/www.usborkeychain.com\/es\/wp-json\/wp\/v2\/product_brand?post=2560"},{"taxonomy":"product_cat","embeddable":true,"href":"https:\/\/www.usborkeychain.com\/es\/wp-json\/wp\/v2\/product_cat?post=2560"},{"taxonomy":"product_tag","embeddable":true,"href":"https:\/\/www.usborkeychain.com\/es\/wp-json\/wp\/v2\/product_tag?post=2560"}],"curies":[{"name":"wp","href":"https:\/\/api.w.org\/{rel}","templated":true}]}}