{"id":2577,"date":"2025-06-22T03:32:32","date_gmt":"2025-06-22T03:32:32","guid":{"rendered":"https:\/\/www.usborkeychain.com\/?post_type=product&#038;p=2577"},"modified":"2025-07-22T14:20:53","modified_gmt":"2025-07-22T14:20:53","slug":"custom-metal-flip-usb-flash-drive","status":"publish","type":"product","link":"https:\/\/www.usborkeychain.com\/es\/producto\/custom-metal-flip-usb-flash-drive\/","title":{"rendered":"Memoria USB Flip met\u00e1lica personalizada"},"content":{"rendered":"<p>La serie de unidades USB flip met\u00e1licas es una gama de unidades USB de almacenamiento que combinan est\u00e9tica y practicidad. Hay tres especificaciones diferentes en total. Comparten un estilo unificado pero difieren en aspecto y tama\u00f1o, lo que permite satisfacer a usuarios con necesidades diferentes. Es muy adecuada tanto para uso personal como para la venta al por mayor o la personalizaci\u00f3n por parte de fabricantes y f\u00e1bricas.<\/p>\n\n\n\n<h2 class=\"wp-block-heading\">Memoria USB Classic Metal Flip<\/h2>\n\n\n\n<p>\u00bfBusca una unidad USB que a\u00fane dise\u00f1o cl\u00e1sico y funcionalidad? Esta unidad USB de dise\u00f1o abatible cl\u00e1sico, fabricada \u00edntegramente en metal, cuenta con una interfaz USB que puede girar 360 grados para un funcionamiento extremadamente c\u00f3modo. Con l\u00edneas suaves y de aspecto sedoso, su dise\u00f1o general es sencillo pero elegante, y sirve de excelente ayuda para el almacenamiento diario de datos.<\/p>\n\n\n\n<div class=\"wp-block-columns is-layout-flex wp-container-core-columns-is-layout-28f84493 wp-block-columns-is-layout-flex\">\n<div class=\"wp-block-column is-layout-flow wp-block-column-is-layout-flow\">\n<figure class=\"wp-block-image size-full\"><img alt=\"\" fetchpriority=\"high\" decoding=\"async\" width=\"800\" height=\"800\" src=\"https:\/\/www.usborkeychain.com\/wp-content\/uploads\/china-metal-flip-usb-flash-drive-manufacturer.jpg\" class=\"wp-image-2581\" srcset=\"https:\/\/www.usborkeychain.com\/wp-content\/uploads\/china-metal-flip-usb-flash-drive-manufacturer.jpg 800w, https:\/\/www.usborkeychain.com\/wp-content\/uploads\/china-metal-flip-usb-flash-drive-manufacturer-300x300.jpg 300w, https:\/\/www.usborkeychain.com\/wp-content\/uploads\/china-metal-flip-usb-flash-drive-manufacturer-150x150.jpg 150w, https:\/\/www.usborkeychain.com\/wp-content\/uploads\/china-metal-flip-usb-flash-drive-manufacturer-768x768.jpg 768w, https:\/\/www.usborkeychain.com\/wp-content\/uploads\/china-metal-flip-usb-flash-drive-manufacturer-12x12.jpg 12w, https:\/\/www.usborkeychain.com\/wp-content\/uploads\/china-metal-flip-usb-flash-drive-manufacturer-600x600.jpg 600w, https:\/\/www.usborkeychain.com\/wp-content\/uploads\/china-metal-flip-usb-flash-drive-manufacturer-100x100.jpg 100w\" sizes=\"(max-width: 800px) 100vw, 800px\" \/><\/figure>\n<\/div>\n\n\n\n<div class=\"wp-block-column is-layout-flow wp-block-column-is-layout-flow\">\n<figure class=\"wp-block-image size-full\"><img alt=\"\" decoding=\"async\" width=\"800\" height=\"800\" src=\"https:\/\/www.usborkeychain.com\/wp-content\/uploads\/china-metal-flip-usb-flash-drive-factory.jpg\" class=\"wp-image-2580\" srcset=\"https:\/\/www.usborkeychain.com\/wp-content\/uploads\/china-metal-flip-usb-flash-drive-factory.jpg 800w, https:\/\/www.usborkeychain.com\/wp-content\/uploads\/china-metal-flip-usb-flash-drive-factory-300x300.jpg 300w, https:\/\/www.usborkeychain.com\/wp-content\/uploads\/china-metal-flip-usb-flash-drive-factory-150x150.jpg 150w, https:\/\/www.usborkeychain.com\/wp-content\/uploads\/china-metal-flip-usb-flash-drive-factory-768x768.jpg 768w, https:\/\/www.usborkeychain.com\/wp-content\/uploads\/china-metal-flip-usb-flash-drive-factory-12x12.jpg 12w, https:\/\/www.usborkeychain.com\/wp-content\/uploads\/china-metal-flip-usb-flash-drive-factory-600x600.jpg 600w, https:\/\/www.usborkeychain.com\/wp-content\/uploads\/china-metal-flip-usb-flash-drive-factory-100x100.jpg 100w\" sizes=\"(max-width: 800px) 100vw, 800px\" \/><\/figure>\n<\/div>\n\n\n\n<div class=\"wp-block-column is-layout-flow wp-block-column-is-layout-flow\">\n<figure class=\"wp-block-image size-full\"><img alt=\"\" decoding=\"async\" width=\"800\" height=\"800\" src=\"https:\/\/www.usborkeychain.com\/wp-content\/uploads\/metal-flip-usb-flash-drive-supplier.jpg\" class=\"wp-image-2584\" srcset=\"https:\/\/www.usborkeychain.com\/wp-content\/uploads\/metal-flip-usb-flash-drive-supplier.jpg 800w, https:\/\/www.usborkeychain.com\/wp-content\/uploads\/metal-flip-usb-flash-drive-supplier-300x300.jpg 300w, https:\/\/www.usborkeychain.com\/wp-content\/uploads\/metal-flip-usb-flash-drive-supplier-150x150.jpg 150w, https:\/\/www.usborkeychain.com\/wp-content\/uploads\/metal-flip-usb-flash-drive-supplier-768x768.jpg 768w, https:\/\/www.usborkeychain.com\/wp-content\/uploads\/metal-flip-usb-flash-drive-supplier-12x12.jpg 12w, https:\/\/www.usborkeychain.com\/wp-content\/uploads\/metal-flip-usb-flash-drive-supplier-600x600.jpg 600w, https:\/\/www.usborkeychain.com\/wp-content\/uploads\/metal-flip-usb-flash-drive-supplier-100x100.jpg 100w\" sizes=\"(max-width: 800px) 100vw, 800px\" \/><\/figure>\n<\/div>\n<\/div>\n\n\n\n<h2 class=\"wp-block-heading\">Gran unidad USB abatible de metal<\/h2>\n\n\n\n<p>\u00bfCumple sus expectativas para una unidad USB de gama alta? Como versi\u00f3n mejorada del modelo cl\u00e1sico, su tama\u00f1o total es casi la mitad de grande que \u00e9ste. Ofrece dos opciones de interfaz, USB 2.0 y USB 3.0, para satisfacer diferentes necesidades de transmisi\u00f3n de datos. El estilo de dise\u00f1o atmosf\u00e9rico le confiere un aspecto de alta gama y textura, lo que la hace muy adecuada tanto para uso personal como para regalo.<\/p>\n\n\n\n<div class=\"wp-block-columns is-layout-flex wp-container-core-columns-is-layout-28f84493 wp-block-columns-is-layout-flex\">\n<div class=\"wp-block-column is-layout-flow wp-block-column-is-layout-flow\">\n<figure class=\"wp-block-image size-full\"><img alt=\"\" loading=\"lazy\" decoding=\"async\" width=\"800\" height=\"800\" src=\"https:\/\/www.usborkeychain.com\/wp-content\/uploads\/custom-metal-flip-usb-flash-drive.jpg\" class=\"wp-image-2586\" srcset=\"https:\/\/www.usborkeychain.com\/wp-content\/uploads\/custom-metal-flip-usb-flash-drive.jpg 800w, https:\/\/www.usborkeychain.com\/wp-content\/uploads\/custom-metal-flip-usb-flash-drive-300x300.jpg 300w, https:\/\/www.usborkeychain.com\/wp-content\/uploads\/custom-metal-flip-usb-flash-drive-150x150.jpg 150w, https:\/\/www.usborkeychain.com\/wp-content\/uploads\/custom-metal-flip-usb-flash-drive-768x768.jpg 768w, https:\/\/www.usborkeychain.com\/wp-content\/uploads\/custom-metal-flip-usb-flash-drive-12x12.jpg 12w, https:\/\/www.usborkeychain.com\/wp-content\/uploads\/custom-metal-flip-usb-flash-drive-600x600.jpg 600w, https:\/\/www.usborkeychain.com\/wp-content\/uploads\/custom-metal-flip-usb-flash-drive-100x100.jpg 100w\" sizes=\"(max-width: 800px) 100vw, 800px\" \/><\/figure>\n<\/div>\n\n\n\n<div class=\"wp-block-column is-layout-flow wp-block-column-is-layout-flow\">\n<figure class=\"wp-block-image size-full\"><img alt=\"\" loading=\"lazy\" decoding=\"async\" width=\"800\" height=\"800\" src=\"https:\/\/www.usborkeychain.com\/wp-content\/uploads\/custom-metal-flip-usb-flash-disk-1.jpg\" class=\"wp-image-2589\" srcset=\"https:\/\/www.usborkeychain.com\/wp-content\/uploads\/custom-metal-flip-usb-flash-disk-1.jpg 800w, https:\/\/www.usborkeychain.com\/wp-content\/uploads\/custom-metal-flip-usb-flash-disk-1-300x300.jpg 300w, https:\/\/www.usborkeychain.com\/wp-content\/uploads\/custom-metal-flip-usb-flash-disk-1-150x150.jpg 150w, https:\/\/www.usborkeychain.com\/wp-content\/uploads\/custom-metal-flip-usb-flash-disk-1-768x768.jpg 768w, https:\/\/www.usborkeychain.com\/wp-content\/uploads\/custom-metal-flip-usb-flash-disk-1-12x12.jpg 12w, https:\/\/www.usborkeychain.com\/wp-content\/uploads\/custom-metal-flip-usb-flash-disk-1-600x600.jpg 600w, https:\/\/www.usborkeychain.com\/wp-content\/uploads\/custom-metal-flip-usb-flash-disk-1-100x100.jpg 100w\" sizes=\"(max-width: 800px) 100vw, 800px\" \/><\/figure>\n<\/div>\n\n\n\n<div class=\"wp-block-column is-layout-flow wp-block-column-is-layout-flow\">\n<figure class=\"wp-block-image size-full\"><img alt=\"\" loading=\"lazy\" decoding=\"async\" width=\"800\" height=\"800\" src=\"https:\/\/www.usborkeychain.com\/wp-content\/uploads\/custom-metal-flip-usb-flash.jpg\" class=\"wp-image-2588\" srcset=\"https:\/\/www.usborkeychain.com\/wp-content\/uploads\/custom-metal-flip-usb-flash.jpg 800w, https:\/\/www.usborkeychain.com\/wp-content\/uploads\/custom-metal-flip-usb-flash-300x300.jpg 300w, https:\/\/www.usborkeychain.com\/wp-content\/uploads\/custom-metal-flip-usb-flash-150x150.jpg 150w, https:\/\/www.usborkeychain.com\/wp-content\/uploads\/custom-metal-flip-usb-flash-768x768.jpg 768w, https:\/\/www.usborkeychain.com\/wp-content\/uploads\/custom-metal-flip-usb-flash-12x12.jpg 12w, https:\/\/www.usborkeychain.com\/wp-content\/uploads\/custom-metal-flip-usb-flash-600x600.jpg 600w, https:\/\/www.usborkeychain.com\/wp-content\/uploads\/custom-metal-flip-usb-flash-100x100.jpg 100w\" sizes=\"(max-width: 800px) 100vw, 800px\" \/><\/figure>\n<\/div>\n<\/div>\n\n\n\n<h2 class=\"wp-block-heading\">Mini unidad USB Flip de metal<\/h2>\n\n\n\n<p>\u00bfBusca un dispositivo de almacenamiento compacto y port\u00e1til? Esta mini unidad USB ultrafina ser\u00e1 su primera elecci\u00f3n. Con un grosor total de s\u00f3lo 3 mm, tiene la mitad de tama\u00f1o que las unidades USB flip grandes, por lo que es muy f\u00e1cil de transportar. A pesar de su peque\u00f1o tama\u00f1o, sus funciones no se ven comprometidas.<\/p>\n\n\n\n<div class=\"wp-block-columns is-layout-flex wp-container-core-columns-is-layout-28f84493 wp-block-columns-is-layout-flex\">\n<div class=\"wp-block-column is-layout-flow wp-block-column-is-layout-flow\">\n<figure class=\"wp-block-image size-full\"><img alt=\"\" loading=\"lazy\" decoding=\"async\" width=\"800\" height=\"800\" src=\"https:\/\/www.usborkeychain.com\/wp-content\/uploads\/metal-flip-usb-flash-drive-customized.jpg\" class=\"wp-image-2593\" srcset=\"https:\/\/www.usborkeychain.com\/wp-content\/uploads\/metal-flip-usb-flash-drive-customized.jpg 800w, https:\/\/www.usborkeychain.com\/wp-content\/uploads\/metal-flip-usb-flash-drive-customized-300x300.jpg 300w, https:\/\/www.usborkeychain.com\/wp-content\/uploads\/metal-flip-usb-flash-drive-customized-150x150.jpg 150w, https:\/\/www.usborkeychain.com\/wp-content\/uploads\/metal-flip-usb-flash-drive-customized-768x768.jpg 768w, https:\/\/www.usborkeychain.com\/wp-content\/uploads\/metal-flip-usb-flash-drive-customized-12x12.jpg 12w, https:\/\/www.usborkeychain.com\/wp-content\/uploads\/metal-flip-usb-flash-drive-customized-600x600.jpg 600w, https:\/\/www.usborkeychain.com\/wp-content\/uploads\/metal-flip-usb-flash-drive-customized-100x100.jpg 100w\" sizes=\"(max-width: 800px) 100vw, 800px\" \/><\/figure>\n<\/div>\n\n\n\n<div class=\"wp-block-column is-layout-flow wp-block-column-is-layout-flow\">\n<figure class=\"wp-block-image size-full\"><img alt=\"\" loading=\"lazy\" decoding=\"async\" width=\"800\" height=\"800\" src=\"https:\/\/www.usborkeychain.com\/wp-content\/uploads\/wholesale-metal-flip-usb-flash-drive.jpg\" class=\"wp-image-2596\" srcset=\"https:\/\/www.usborkeychain.com\/wp-content\/uploads\/wholesale-metal-flip-usb-flash-drive.jpg 800w, https:\/\/www.usborkeychain.com\/wp-content\/uploads\/wholesale-metal-flip-usb-flash-drive-300x300.jpg 300w, https:\/\/www.usborkeychain.com\/wp-content\/uploads\/wholesale-metal-flip-usb-flash-drive-150x150.jpg 150w, https:\/\/www.usborkeychain.com\/wp-content\/uploads\/wholesale-metal-flip-usb-flash-drive-768x768.jpg 768w, https:\/\/www.usborkeychain.com\/wp-content\/uploads\/wholesale-metal-flip-usb-flash-drive-12x12.jpg 12w, https:\/\/www.usborkeychain.com\/wp-content\/uploads\/wholesale-metal-flip-usb-flash-drive-600x600.jpg 600w, https:\/\/www.usborkeychain.com\/wp-content\/uploads\/wholesale-metal-flip-usb-flash-drive-100x100.jpg 100w\" sizes=\"(max-width: 800px) 100vw, 800px\" \/><\/figure>\n<\/div>\n\n\n\n<div class=\"wp-block-column is-layout-flow wp-block-column-is-layout-flow\">\n<figure class=\"wp-block-image size-full\"><img alt=\"\" loading=\"lazy\" decoding=\"async\" width=\"800\" height=\"800\" src=\"https:\/\/www.usborkeychain.com\/wp-content\/uploads\/odm-metal-flip-usb-flash-drive-china-customized.jpg\" class=\"wp-image-2594\" srcset=\"https:\/\/www.usborkeychain.com\/wp-content\/uploads\/odm-metal-flip-usb-flash-drive-china-customized.jpg 800w, https:\/\/www.usborkeychain.com\/wp-content\/uploads\/odm-metal-flip-usb-flash-drive-china-customized-300x300.jpg 300w, https:\/\/www.usborkeychain.com\/wp-content\/uploads\/odm-metal-flip-usb-flash-drive-china-customized-150x150.jpg 150w, https:\/\/www.usborkeychain.com\/wp-content\/uploads\/odm-metal-flip-usb-flash-drive-china-customized-768x768.jpg 768w, https:\/\/www.usborkeychain.com\/wp-content\/uploads\/odm-metal-flip-usb-flash-drive-china-customized-12x12.jpg 12w, https:\/\/www.usborkeychain.com\/wp-content\/uploads\/odm-metal-flip-usb-flash-drive-china-customized-600x600.jpg 600w, https:\/\/www.usborkeychain.com\/wp-content\/uploads\/odm-metal-flip-usb-flash-drive-china-customized-100x100.jpg 100w\" sizes=\"(max-width: 800px) 100vw, 800px\" \/><\/figure>\n<\/div>\n<\/div>\n\n\n\n<p>Las tres memorias USB presentan un dise\u00f1o muy redondeado con bordes curvados, lo que proporciona una excelente sensaci\u00f3n al tacto. Pueden personalizarse con logotipos grabados a l\u00e1ser o serigrafiados en color. Tanto por su dise\u00f1o como por su funcionalidad, la serie de unidades USB flip met\u00e1licas ofrece un rendimiento excepcional y es una soluci\u00f3n de almacenamiento que merece la pena tener en cuenta. Ya sea para personalizaci\u00f3n por parte de fabricantes o para venta al por mayor al por mayor, estas unidades USB pueden satisfacer sus necesidades.<\/p>","protected":false},"excerpt":{"rendered":"<ul>\n<li>Dise\u00f1o abatible<\/li>\n<li>Carcasa totalmente met\u00e1lica<\/li>\n<li>Cl\u00e1sico, mini, grande, tres estilos<\/li>\n<li>USB2.0,USB3.0 puede elegir<\/li>\n<li>Giro de 360 grados<\/li>\n<\/ul>","protected":false},"featured_media":2589,"comment_status":"open","ping_status":"closed","template":"","meta":{"_seopress_robots_primary_cat":"none","_seopress_titles_title":"","_seopress_titles_desc":"","_seopress_robots_index":"","site-sidebar-layout":"default","site-content-layout":"","ast-site-content-layout":"","site-content-style":"default","site-sidebar-style":"default","ast-global-header-display":"","ast-banner-title-visibility":"","ast-main-header-display":"","ast-hfb-above-header-display":"","ast-hfb-below-header-display":"","ast-hfb-mobile-header-display":"","site-post-title":"","ast-breadcrumbs-content":"","ast-featured-img":"","footer-sml-layout":"","theme-transparent-header-meta":"","adv-header-id-meta":"","stick-header-meta":"","header-above-stick-meta":"","header-main-stick-meta":"","header-below-stick-meta":"","astra-migrate-meta-layouts":"default","ast-page-background-enabled":"default","ast-page-background-meta":{"desktop":{"background-color":"var(--ast-global-color-5)","background-image":"","background-repeat":"repeat","background-position":"center center","background-size":"auto","background-attachment":"scroll","background-type":"","background-media":"","overlay-type":"","overlay-color":"","overlay-opacity":"","overlay-gradient":""},"tablet":{"background-color":"","background-image":"","background-repeat":"repeat","background-position":"center center","background-size":"auto","background-attachment":"scroll","background-type":"","background-media":"","overlay-type":"","overlay-color":"","overlay-opacity":"","overlay-gradient":""},"mobile":{"background-color":"","background-image":"","background-repeat":"repeat","background-position":"center center","background-size":"auto","background-attachment":"scroll","background-type":"","background-media":"","overlay-type":"","overlay-color":"","overlay-opacity":"","overlay-gradient":""}},"ast-content-background-meta":{"desktop":{"background-color":"var(--ast-global-color-4)","background-image":"","background-repeat":"repeat","background-position":"center center","background-size":"auto","background-attachment":"scroll","background-type":"","background-media":"","overlay-type":"","overlay-color":"","overlay-opacity":"","overlay-gradient":""},"tablet":{"background-color":"var(--ast-global-color-4)","background-image":"","background-repeat":"repeat","background-position":"center center","background-size":"auto","background-attachment":"scroll","background-type":"","background-media":"","overlay-type":"","overlay-color":"","overlay-opacity":"","overlay-gradient":""},"mobile":{"background-color":"var(--ast-global-color-4)","background-image":"","background-repeat":"repeat","background-position":"center center","background-size":"auto","background-attachment":"scroll","background-type":"","background-media":"","overlay-type":"","overlay-color":"","overlay-opacity":"","overlay-gradient":""}}},"product_brand":[],"product_cat":[89,101],"product_tag":[171],"class_list":{"0":"post-2577","1":"product","2":"type-product","3":"status-publish","4":"has-post-thumbnail","6":"product_cat-metal-usb-pendrive","7":"product_cat-usb-pendrive-with-keychain","8":"product_tag-flip-usb-flash-drive","9":"desktop-align-left","10":"tablet-align-left","11":"mobile-align-left","13":"first","14":"instock","15":"shipping-taxable","16":"product-type-simple"},"_links":{"self":[{"href":"https:\/\/www.usborkeychain.com\/es\/wp-json\/wp\/v2\/product\/2577","targetHints":{"allow":["GET"]}}],"collection":[{"href":"https:\/\/www.usborkeychain.com\/es\/wp-json\/wp\/v2\/product"}],"about":[{"href":"https:\/\/www.usborkeychain.com\/es\/wp-json\/wp\/v2\/types\/product"}],"replies":[{"embeddable":true,"href":"https:\/\/www.usborkeychain.com\/es\/wp-json\/wp\/v2\/comments?post=2577"}],"wp:featuredmedia":[{"embeddable":true,"href":"https:\/\/www.usborkeychain.com\/es\/wp-json\/wp\/v2\/media\/2589"}],"wp:attachment":[{"href":"https:\/\/www.usborkeychain.com\/es\/wp-json\/wp\/v2\/media?parent=2577"}],"wp:term":[{"taxonomy":"product_brand","embeddable":true,"href":"https:\/\/www.usborkeychain.com\/es\/wp-json\/wp\/v2\/product_brand?post=2577"},{"taxonomy":"product_cat","embeddable":true,"href":"https:\/\/www.usborkeychain.com\/es\/wp-json\/wp\/v2\/product_cat?post=2577"},{"taxonomy":"product_tag","embeddable":true,"href":"https:\/\/www.usborkeychain.com\/es\/wp-json\/wp\/v2\/product_tag?post=2577"}],"curies":[{"name":"wp","href":"https:\/\/api.w.org\/{rel}","templated":true}]}}