{"id":2664,"date":"2025-06-22T14:08:18","date_gmt":"2025-06-22T14:08:18","guid":{"rendered":"https:\/\/www.usborkeychain.com\/?post_type=product&#038;p=2664"},"modified":"2025-07-27T10:04:27","modified_gmt":"2025-07-27T10:04:27","slug":"classic-wristband-usb-drive","status":"publish","type":"product","link":"https:\/\/www.usborkeychain.com\/es\/producto\/classic-wristband-usb-drive\/","title":{"rendered":"Classic Rubber Wristband Memoria USB"},"content":{"rendered":"<p>Una unidad USB de pulsera es un dispositivo de almacenamiento muy creativo que integra ingeniosamente la funci\u00f3n de una unidad USB con la forma de una pulsera. Es un estilo de unidad USB muy popular en el sector de los regalos promocionales. Esta unidad USB no s\u00f3lo es c\u00f3moda de llevar, sino tambi\u00e9n muy pr\u00e1ctica, por lo que goza de gran aceptaci\u00f3n entre los usuarios.<\/p>\n\n\n\n<h2 class=\"wp-block-heading\">\u00bfPor qu\u00e9 la memoria USB de pulsera cl\u00e1sica es la m\u00e1s popular?<\/h2>\n\n\n\n<p>Su dise\u00f1o \u00fanico es la clave. Coloca de forma inteligente la interfaz USB en un extremo de la pulsera, lo que permite a los usuarios llevarla f\u00e1cilmente en la mu\u00f1eca y utilizarla r\u00e1pidamente como unidad USB cuando sea necesario. Este dise\u00f1o es a la vez elegante y pr\u00e1ctico, y aporta una gran comodidad a los usuarios tanto en la vida cotidiana como en el trabajo.<\/p>\n\n\n\n<div class=\"wp-block-columns is-layout-flex wp-container-core-columns-is-layout-28f84493 wp-block-columns-is-layout-flex\">\n<div class=\"wp-block-column is-layout-flow wp-block-column-is-layout-flow\">\n<figure class=\"wp-block-image size-full\"><img alt=\"\" fetchpriority=\"high\" decoding=\"async\" width=\"800\" height=\"800\" src=\"https:\/\/www.usborkeychain.com\/wp-content\/uploads\/Silicone-Bracelet-Wrist-Band-pendrive-USB-2.0-USB-Flash-Drive-Memory-Stick.jpg\" class=\"wp-image-2675\" srcset=\"https:\/\/www.usborkeychain.com\/wp-content\/uploads\/Silicone-Bracelet-Wrist-Band-pendrive-USB-2.0-USB-Flash-Drive-Memory-Stick.jpg 800w, https:\/\/www.usborkeychain.com\/wp-content\/uploads\/Silicone-Bracelet-Wrist-Band-pendrive-USB-2.0-USB-Flash-Drive-Memory-Stick-300x300.jpg 300w, https:\/\/www.usborkeychain.com\/wp-content\/uploads\/Silicone-Bracelet-Wrist-Band-pendrive-USB-2.0-USB-Flash-Drive-Memory-Stick-150x150.jpg 150w, https:\/\/www.usborkeychain.com\/wp-content\/uploads\/Silicone-Bracelet-Wrist-Band-pendrive-USB-2.0-USB-Flash-Drive-Memory-Stick-768x768.jpg 768w, https:\/\/www.usborkeychain.com\/wp-content\/uploads\/Silicone-Bracelet-Wrist-Band-pendrive-USB-2.0-USB-Flash-Drive-Memory-Stick-12x12.jpg 12w, https:\/\/www.usborkeychain.com\/wp-content\/uploads\/Silicone-Bracelet-Wrist-Band-pendrive-USB-2.0-USB-Flash-Drive-Memory-Stick-600x600.jpg 600w, https:\/\/www.usborkeychain.com\/wp-content\/uploads\/Silicone-Bracelet-Wrist-Band-pendrive-USB-2.0-USB-Flash-Drive-Memory-Stick-100x100.jpg 100w\" sizes=\"(max-width: 800px) 100vw, 800px\" \/><\/figure>\n<\/div>\n\n\n\n<div class=\"wp-block-column is-layout-flow wp-block-column-is-layout-flow\">\n<figure class=\"wp-block-image size-full\"><img alt=\"\" decoding=\"async\" width=\"800\" height=\"800\" src=\"https:\/\/www.usborkeychain.com\/wp-content\/uploads\/Wristband-USB-Flash-Drive-size.jpg\" class=\"wp-image-2677\" srcset=\"https:\/\/www.usborkeychain.com\/wp-content\/uploads\/Wristband-USB-Flash-Drive-size.jpg 800w, https:\/\/www.usborkeychain.com\/wp-content\/uploads\/Wristband-USB-Flash-Drive-size-300x300.jpg 300w, https:\/\/www.usborkeychain.com\/wp-content\/uploads\/Wristband-USB-Flash-Drive-size-150x150.jpg 150w, https:\/\/www.usborkeychain.com\/wp-content\/uploads\/Wristband-USB-Flash-Drive-size-768x768.jpg 768w, https:\/\/www.usborkeychain.com\/wp-content\/uploads\/Wristband-USB-Flash-Drive-size-12x12.jpg 12w, https:\/\/www.usborkeychain.com\/wp-content\/uploads\/Wristband-USB-Flash-Drive-size-600x600.jpg 600w, https:\/\/www.usborkeychain.com\/wp-content\/uploads\/Wristband-USB-Flash-Drive-size-100x100.jpg 100w\" sizes=\"(max-width: 800px) 100vw, 800px\" \/><\/figure>\n<\/div>\n\n\n\n<div class=\"wp-block-column is-layout-flow wp-block-column-is-layout-flow\">\n<figure class=\"wp-block-image size-full\"><img alt=\"\" decoding=\"async\" width=\"800\" height=\"800\" src=\"https:\/\/www.usborkeychain.com\/wp-content\/uploads\/Wristband-USB-Flash-Drive-use.jpg\" class=\"wp-image-2678\" srcset=\"https:\/\/www.usborkeychain.com\/wp-content\/uploads\/Wristband-USB-Flash-Drive-use.jpg 800w, https:\/\/www.usborkeychain.com\/wp-content\/uploads\/Wristband-USB-Flash-Drive-use-300x300.jpg 300w, https:\/\/www.usborkeychain.com\/wp-content\/uploads\/Wristband-USB-Flash-Drive-use-150x150.jpg 150w, https:\/\/www.usborkeychain.com\/wp-content\/uploads\/Wristband-USB-Flash-Drive-use-768x768.jpg 768w, https:\/\/www.usborkeychain.com\/wp-content\/uploads\/Wristband-USB-Flash-Drive-use-12x12.jpg 12w, https:\/\/www.usborkeychain.com\/wp-content\/uploads\/Wristband-USB-Flash-Drive-use-600x600.jpg 600w, https:\/\/www.usborkeychain.com\/wp-content\/uploads\/Wristband-USB-Flash-Drive-use-100x100.jpg 100w\" sizes=\"(max-width: 800px) 100vw, 800px\" \/><\/figure>\n<\/div>\n<\/div>\n\n\n\n<h2 class=\"wp-block-heading\">\u00bfCu\u00e1les son los materiales de la memoria USB de pulsera?<\/h2>\n\n\n\n<p>La unidad USB de pulsera suele tener dos materiales. Uno es el caucho blando PVC, que es el preferido por cerca de 90% de los clientes debido a su bajo coste, textura suave y buena durabilidad. El otro es de silicona, que, aunque es m\u00e1s caro, tiene mayor flexibilidad y es m\u00e1s respetuoso con el medio ambiente, por lo que es una buena opci\u00f3n para clientes con necesidades espec\u00edficas. Tanto si los fabricantes producen en serie como si los clientes personalizan, pueden elegir los materiales adecuados seg\u00fan sus propias necesidades.<\/p>\n\n\n\n<div class=\"wp-block-columns is-layout-flex wp-container-core-columns-is-layout-28f84493 wp-block-columns-is-layout-flex\">\n<div class=\"wp-block-column is-layout-flow wp-block-column-is-layout-flow\">\n<figure class=\"wp-block-image size-full\"><img alt=\"\" loading=\"lazy\" decoding=\"async\" width=\"640\" height=\"640\" src=\"https:\/\/www.usborkeychain.com\/wp-content\/uploads\/yellow-wristband-flash-drive.jpg\" class=\"wp-image-2679\" srcset=\"https:\/\/www.usborkeychain.com\/wp-content\/uploads\/yellow-wristband-flash-drive.jpg 640w, https:\/\/www.usborkeychain.com\/wp-content\/uploads\/yellow-wristband-flash-drive-300x300.jpg 300w, https:\/\/www.usborkeychain.com\/wp-content\/uploads\/yellow-wristband-flash-drive-150x150.jpg 150w, https:\/\/www.usborkeychain.com\/wp-content\/uploads\/yellow-wristband-flash-drive-12x12.jpg 12w, https:\/\/www.usborkeychain.com\/wp-content\/uploads\/yellow-wristband-flash-drive-600x600.jpg 600w, https:\/\/www.usborkeychain.com\/wp-content\/uploads\/yellow-wristband-flash-drive-100x100.jpg 100w\" sizes=\"(max-width: 640px) 100vw, 640px\" \/><\/figure>\n<\/div>\n\n\n\n<div class=\"wp-block-column is-layout-flow wp-block-column-is-layout-flow\">\n<figure class=\"wp-block-image size-full\"><img alt=\"\" loading=\"lazy\" decoding=\"async\" width=\"640\" height=\"640\" src=\"https:\/\/www.usborkeychain.com\/wp-content\/uploads\/red-wristband-flash-drive.jpg\" class=\"wp-image-2674\" srcset=\"https:\/\/www.usborkeychain.com\/wp-content\/uploads\/red-wristband-flash-drive.jpg 640w, https:\/\/www.usborkeychain.com\/wp-content\/uploads\/red-wristband-flash-drive-300x300.jpg 300w, https:\/\/www.usborkeychain.com\/wp-content\/uploads\/red-wristband-flash-drive-150x150.jpg 150w, https:\/\/www.usborkeychain.com\/wp-content\/uploads\/red-wristband-flash-drive-12x12.jpg 12w, https:\/\/www.usborkeychain.com\/wp-content\/uploads\/red-wristband-flash-drive-600x600.jpg 600w, https:\/\/www.usborkeychain.com\/wp-content\/uploads\/red-wristband-flash-drive-100x100.jpg 100w\" sizes=\"(max-width: 640px) 100vw, 640px\" \/><\/figure>\n<\/div>\n\n\n\n<div class=\"wp-block-column is-layout-flow wp-block-column-is-layout-flow\">\n<figure class=\"wp-block-image size-full\"><img alt=\"\" loading=\"lazy\" decoding=\"async\" width=\"640\" height=\"640\" src=\"https:\/\/www.usborkeychain.com\/wp-content\/uploads\/purple-wristband-flash-drive.jpg\" class=\"wp-image-2673\" srcset=\"https:\/\/www.usborkeychain.com\/wp-content\/uploads\/purple-wristband-flash-drive.jpg 640w, https:\/\/www.usborkeychain.com\/wp-content\/uploads\/purple-wristband-flash-drive-300x300.jpg 300w, https:\/\/www.usborkeychain.com\/wp-content\/uploads\/purple-wristband-flash-drive-150x150.jpg 150w, https:\/\/www.usborkeychain.com\/wp-content\/uploads\/purple-wristband-flash-drive-12x12.jpg 12w, https:\/\/www.usborkeychain.com\/wp-content\/uploads\/purple-wristband-flash-drive-600x600.jpg 600w, https:\/\/www.usborkeychain.com\/wp-content\/uploads\/purple-wristband-flash-drive-100x100.jpg 100w\" sizes=\"(max-width: 640px) 100vw, 640px\" \/><\/figure>\n<\/div>\n\n\n\n<div class=\"wp-block-column is-layout-flow wp-block-column-is-layout-flow\">\n<figure class=\"wp-block-image size-full\"><img alt=\"\" loading=\"lazy\" decoding=\"async\" width=\"640\" height=\"640\" src=\"https:\/\/www.usborkeychain.com\/wp-content\/uploads\/blue-usb-drive-bracelet.jpg\" class=\"wp-image-2668\" srcset=\"https:\/\/www.usborkeychain.com\/wp-content\/uploads\/blue-usb-drive-bracelet.jpg 640w, https:\/\/www.usborkeychain.com\/wp-content\/uploads\/blue-usb-drive-bracelet-300x300.jpg 300w, https:\/\/www.usborkeychain.com\/wp-content\/uploads\/blue-usb-drive-bracelet-150x150.jpg 150w, https:\/\/www.usborkeychain.com\/wp-content\/uploads\/blue-usb-drive-bracelet-12x12.jpg 12w, https:\/\/www.usborkeychain.com\/wp-content\/uploads\/blue-usb-drive-bracelet-600x600.jpg 600w, https:\/\/www.usborkeychain.com\/wp-content\/uploads\/blue-usb-drive-bracelet-100x100.jpg 100w\" sizes=\"(max-width: 640px) 100vw, 640px\" \/><\/figure>\n<\/div>\n<\/div>\n\n\n\n<div class=\"wp-block-columns is-layout-flex wp-container-core-columns-is-layout-28f84493 wp-block-columns-is-layout-flex\">\n<div class=\"wp-block-column is-layout-flow wp-block-column-is-layout-flow\">\n<figure class=\"wp-block-image size-full\"><img alt=\"\" loading=\"lazy\" decoding=\"async\" width=\"640\" height=\"640\" src=\"https:\/\/www.usborkeychain.com\/wp-content\/uploads\/pink-wristband-flash-drive.jpg\" class=\"wp-image-2672\" srcset=\"https:\/\/www.usborkeychain.com\/wp-content\/uploads\/pink-wristband-flash-drive.jpg 640w, https:\/\/www.usborkeychain.com\/wp-content\/uploads\/pink-wristband-flash-drive-300x300.jpg 300w, https:\/\/www.usborkeychain.com\/wp-content\/uploads\/pink-wristband-flash-drive-150x150.jpg 150w, https:\/\/www.usborkeychain.com\/wp-content\/uploads\/pink-wristband-flash-drive-12x12.jpg 12w, https:\/\/www.usborkeychain.com\/wp-content\/uploads\/pink-wristband-flash-drive-600x600.jpg 600w, https:\/\/www.usborkeychain.com\/wp-content\/uploads\/pink-wristband-flash-drive-100x100.jpg 100w\" sizes=\"(max-width: 640px) 100vw, 640px\" \/><\/figure>\n<\/div>\n\n\n\n<div class=\"wp-block-column is-layout-flow wp-block-column-is-layout-flow\">\n<figure class=\"wp-block-image size-full\"><img alt=\"\" loading=\"lazy\" decoding=\"async\" width=\"640\" height=\"640\" src=\"https:\/\/www.usborkeychain.com\/wp-content\/uploads\/green-wristband-flash-drive.jpg\" class=\"wp-image-2671\" srcset=\"https:\/\/www.usborkeychain.com\/wp-content\/uploads\/green-wristband-flash-drive.jpg 640w, https:\/\/www.usborkeychain.com\/wp-content\/uploads\/green-wristband-flash-drive-300x300.jpg 300w, https:\/\/www.usborkeychain.com\/wp-content\/uploads\/green-wristband-flash-drive-150x150.jpg 150w, https:\/\/www.usborkeychain.com\/wp-content\/uploads\/green-wristband-flash-drive-12x12.jpg 12w, https:\/\/www.usborkeychain.com\/wp-content\/uploads\/green-wristband-flash-drive-600x600.jpg 600w, https:\/\/www.usborkeychain.com\/wp-content\/uploads\/green-wristband-flash-drive-100x100.jpg 100w\" sizes=\"(max-width: 640px) 100vw, 640px\" \/><\/figure>\n<\/div>\n\n\n\n<div class=\"wp-block-column is-layout-flow wp-block-column-is-layout-flow\">\n<figure class=\"wp-block-image size-full\"><img alt=\"\" loading=\"lazy\" decoding=\"async\" width=\"640\" height=\"640\" src=\"https:\/\/www.usborkeychain.com\/wp-content\/uploads\/dark-blue-wristband-flash-drive.jpg\" class=\"wp-image-2670\" srcset=\"https:\/\/www.usborkeychain.com\/wp-content\/uploads\/dark-blue-wristband-flash-drive.jpg 640w, https:\/\/www.usborkeychain.com\/wp-content\/uploads\/dark-blue-wristband-flash-drive-300x300.jpg 300w, https:\/\/www.usborkeychain.com\/wp-content\/uploads\/dark-blue-wristband-flash-drive-150x150.jpg 150w, https:\/\/www.usborkeychain.com\/wp-content\/uploads\/dark-blue-wristband-flash-drive-12x12.jpg 12w, https:\/\/www.usborkeychain.com\/wp-content\/uploads\/dark-blue-wristband-flash-drive-600x600.jpg 600w, https:\/\/www.usborkeychain.com\/wp-content\/uploads\/dark-blue-wristband-flash-drive-100x100.jpg 100w\" sizes=\"(max-width: 640px) 100vw, 640px\" \/><\/figure>\n<\/div>\n\n\n\n<div class=\"wp-block-column is-layout-flow wp-block-column-is-layout-flow\">\n<figure class=\"wp-block-image size-full\"><img alt=\"\" loading=\"lazy\" decoding=\"async\" width=\"640\" height=\"640\" src=\"https:\/\/www.usborkeychain.com\/wp-content\/uploads\/black-usb-wristband.jpg\" class=\"wp-image-2667\" srcset=\"https:\/\/www.usborkeychain.com\/wp-content\/uploads\/black-usb-wristband.jpg 640w, https:\/\/www.usborkeychain.com\/wp-content\/uploads\/black-usb-wristband-300x300.jpg 300w, https:\/\/www.usborkeychain.com\/wp-content\/uploads\/black-usb-wristband-150x150.jpg 150w, https:\/\/www.usborkeychain.com\/wp-content\/uploads\/black-usb-wristband-12x12.jpg 12w, https:\/\/www.usborkeychain.com\/wp-content\/uploads\/black-usb-wristband-600x600.jpg 600w, https:\/\/www.usborkeychain.com\/wp-content\/uploads\/black-usb-wristband-100x100.jpg 100w\" sizes=\"(max-width: 640px) 100vw, 640px\" \/><\/figure>\n<\/div>\n<\/div>\n\n\n\n<h2 class=\"wp-block-heading\">Par\u00e1metros de la unidad USB de pulsera:<\/h2>\n\n\n\n<figure class=\"wp-block-table\"><table class=\"has-fixed-layout\"><thead><tr><th>Par\u00e1metro<\/th><th>Detalles<\/th><\/tr><\/thead><tbody><tr><td>Capacidad de almacenamiento<\/td><td>Los m\u00e1s comunes son 4 GB, 8 GB, 16 GB, 32 GB, etc., y se pueden personalizar seg\u00fan las necesidades del cliente.<\/td><\/tr><tr><td>Velocidad de transferencia de datos<\/td><td>La velocidad general de lectura de la interfaz USB2.0 es de 15 MB\/s; la velocidad de lectura de la interfaz USB3.0 puede alcanzar los 400 MB\/s.<\/td><\/tr><tr><td>Talla<\/td><td>La longitud de la pulsera suele oscilar entre 20 y 25 cm, la anchura entre 2 y 3 cm, y la parte de la unidad USB entre 3 y 5 cm de largo y entre 1 y 2 cm de ancho.<\/td><\/tr><tr><td>Peso<\/td><td>Alrededor de 15 - 25 g (var\u00eda con la capacidad y el material).<\/td><\/tr><\/tbody><\/table><\/figure>\n\n\n\n<h2 class=\"wp-block-heading\">\u00bfSe puede personalizar la memoria USB de pulsera con un logotipo?<\/h2>\n\n\n\n<p>La respuesta es s\u00ed. En cuanto a la personalizaci\u00f3n de la unidad USB de pulsera, existen m\u00faltiples opciones. Puede elegir imprimir en color el logotipo y los motivos en toda la pulsera para crear un aspecto muy personalizado. Si desea mantener la sencillez de la pulsera, tambi\u00e9n puede imprimir el logotipo s\u00f3lo en la posici\u00f3n de la interfaz de la pulsera, que es discreta pero puede reflejar las caracter\u00edsticas de la marca. Tanto si las f\u00e1bricas personalizan a granel como si los particulares lo hacen en peque\u00f1as cantidades, las necesidades pueden satisfacerse.<\/p>\n\n\n\n<p>En conclusi\u00f3n, la cl\u00e1sica unidad USB de pulsera, con su dise\u00f1o \u00fanico, sus diversas opciones de materiales, sus flexibles opciones de personalizaci\u00f3n y sus pr\u00e1cticas configuraciones de par\u00e1metros, se ha convertido en un producto muy competitivo en el mercado de las unidades USB, y es una buena opci\u00f3n tanto para la venta al por mayor como para la personalizaci\u00f3n.<\/p>","protected":false},"excerpt":{"rendered":"<ul>\n<li>Material de PVC<\/li>\n<li>Pulsera<\/li>\n<li>M\u00e1s de 20 colores<\/li>\n<li>206 mm de largo<\/li>\n<li>Puede cuctom logotipo en el wirstband<\/li>\n<\/ul>","protected":false},"featured_media":2675,"comment_status":"open","ping_status":"closed","template":"","meta":{"_seopress_robots_primary_cat":"","_seopress_titles_title":"","_seopress_titles_desc":"","_seopress_robots_index":"","site-sidebar-layout":"default","site-content-layout":"","ast-site-content-layout":"","site-content-style":"default","site-sidebar-style":"default","ast-global-header-display":"","ast-banner-title-visibility":"","ast-main-header-display":"","ast-hfb-above-header-display":"","ast-hfb-below-header-display":"","ast-hfb-mobile-header-display":"","site-post-title":"","ast-breadcrumbs-content":"","ast-featured-img":"","footer-sml-layout":"","theme-transparent-header-meta":"","adv-header-id-meta":"","stick-header-meta":"","header-above-stick-meta":"","header-main-stick-meta":"","header-below-stick-meta":"","astra-migrate-meta-layouts":"default","ast-page-background-enabled":"default","ast-page-background-meta":{"desktop":{"background-color":"var(--ast-global-color-5)","background-image":"","background-repeat":"repeat","background-position":"center center","background-size":"auto","background-attachment":"scroll","background-type":"","background-media":"","overlay-type":"","overlay-color":"","overlay-opacity":"","overlay-gradient":""},"tablet":{"background-color":"","background-image":"","background-repeat":"repeat","background-position":"center center","background-size":"auto","background-attachment":"scroll","background-type":"","background-media":"","overlay-type":"","overlay-color":"","overlay-opacity":"","overlay-gradient":""},"mobile":{"background-color":"","background-image":"","background-repeat":"repeat","background-position":"center center","background-size":"auto","background-attachment":"scroll","background-type":"","background-media":"","overlay-type":"","overlay-color":"","overlay-opacity":"","overlay-gradient":""}},"ast-content-background-meta":{"desktop":{"background-color":"var(--ast-global-color-4)","background-image":"","background-repeat":"repeat","background-position":"center center","background-size":"auto","background-attachment":"scroll","background-type":"","background-media":"","overlay-type":"","overlay-color":"","overlay-opacity":"","overlay-gradient":""},"tablet":{"background-color":"var(--ast-global-color-4)","background-image":"","background-repeat":"repeat","background-position":"center center","background-size":"auto","background-attachment":"scroll","background-type":"","background-media":"","overlay-type":"","overlay-color":"","overlay-opacity":"","overlay-gradient":""},"mobile":{"background-color":"var(--ast-global-color-4)","background-image":"","background-repeat":"repeat","background-position":"center center","background-size":"auto","background-attachment":"scroll","background-type":"","background-media":"","overlay-type":"","overlay-color":"","overlay-opacity":"","overlay-gradient":""}}},"product_brand":[],"product_cat":[97],"product_tag":[173],"class_list":{"0":"post-2664","1":"product","2":"type-product","3":"status-publish","4":"has-post-thumbnail","6":"product_cat-wristband-usb-drives","7":"product_tag-silicone-usb-flash-drive","8":"desktop-align-left","9":"tablet-align-left","10":"mobile-align-left","12":"first","13":"instock","14":"shipping-taxable","15":"product-type-simple"},"_links":{"self":[{"href":"https:\/\/www.usborkeychain.com\/es\/wp-json\/wp\/v2\/product\/2664","targetHints":{"allow":["GET"]}}],"collection":[{"href":"https:\/\/www.usborkeychain.com\/es\/wp-json\/wp\/v2\/product"}],"about":[{"href":"https:\/\/www.usborkeychain.com\/es\/wp-json\/wp\/v2\/types\/product"}],"replies":[{"embeddable":true,"href":"https:\/\/www.usborkeychain.com\/es\/wp-json\/wp\/v2\/comments?post=2664"}],"wp:featuredmedia":[{"embeddable":true,"href":"https:\/\/www.usborkeychain.com\/es\/wp-json\/wp\/v2\/media\/2675"}],"wp:attachment":[{"href":"https:\/\/www.usborkeychain.com\/es\/wp-json\/wp\/v2\/media?parent=2664"}],"wp:term":[{"taxonomy":"product_brand","embeddable":true,"href":"https:\/\/www.usborkeychain.com\/es\/wp-json\/wp\/v2\/product_brand?post=2664"},{"taxonomy":"product_cat","embeddable":true,"href":"https:\/\/www.usborkeychain.com\/es\/wp-json\/wp\/v2\/product_cat?post=2664"},{"taxonomy":"product_tag","embeddable":true,"href":"https:\/\/www.usborkeychain.com\/es\/wp-json\/wp\/v2\/product_tag?post=2664"}],"curies":[{"name":"wp","href":"https:\/\/api.w.org\/{rel}","templated":true}]}}