{"id":2692,"date":"2025-06-23T02:58:01","date_gmt":"2025-06-23T02:58:01","guid":{"rendered":"https:\/\/www.usborkeychain.com\/?post_type=product&#038;p=2692"},"modified":"2025-06-23T03:04:03","modified_gmt":"2025-06-23T03:04:03","slug":"swarovski-crystal-flash-drive","status":"publish","type":"product","link":"https:\/\/www.usborkeychain.com\/es\/producto\/swarovski-crystal-flash-drive\/","title":{"rendered":"Pendrive de cristal Swarovski de colores"},"content":{"rendered":"<h2 class=\"wp-block-heading\">Introducci\u00f3n a la memoria USB cl\u00e1sica de cristal Swarovski<\/h2>\n\n\n\n<div class=\"wp-block-columns is-layout-flex wp-container-core-columns-is-layout-28f84493 wp-block-columns-is-layout-flex\">\n<div class=\"wp-block-column is-layout-flow wp-block-column-is-layout-flow\">\n<figure class=\"wp-block-image size-full\"><img alt=\"\" fetchpriority=\"high\" decoding=\"async\" width=\"696\" height=\"696\" src=\"https:\/\/www.usborkeychain.com\/wp-content\/uploads\/O1CN01r5ofeI2DMZ93FvEIH_984728595-0-cib.jpg_.webp.jpg\" class=\"wp-image-2700\" srcset=\"https:\/\/www.usborkeychain.com\/wp-content\/uploads\/O1CN01r5ofeI2DMZ93FvEIH_984728595-0-cib.jpg_.webp.jpg 696w, https:\/\/www.usborkeychain.com\/wp-content\/uploads\/O1CN01r5ofeI2DMZ93FvEIH_984728595-0-cib.jpg_.webp-300x300.jpg 300w, https:\/\/www.usborkeychain.com\/wp-content\/uploads\/O1CN01r5ofeI2DMZ93FvEIH_984728595-0-cib.jpg_.webp-150x150.jpg 150w, https:\/\/www.usborkeychain.com\/wp-content\/uploads\/O1CN01r5ofeI2DMZ93FvEIH_984728595-0-cib.jpg_.webp-12x12.jpg 12w, https:\/\/www.usborkeychain.com\/wp-content\/uploads\/O1CN01r5ofeI2DMZ93FvEIH_984728595-0-cib.jpg_.webp-600x600.jpg 600w, https:\/\/www.usborkeychain.com\/wp-content\/uploads\/O1CN01r5ofeI2DMZ93FvEIH_984728595-0-cib.jpg_.webp-100x100.jpg 100w\" sizes=\"(max-width: 696px) 100vw, 696px\" \/><\/figure>\n<\/div>\n\n\n\n<div class=\"wp-block-column is-vertically-aligned-center is-layout-flow wp-block-column-is-layout-flow\">\n<p>Como unidad USB cl\u00e1sica de cristal Swarovski meticulosamente elaborada por el fabricante, se erige como un modelo altamente representativo de la serie de unidades USB de cristal. Con su dise\u00f1o \u00fanico y su alta calidad, se ha convertido en uno de los modelos de memoria USB m\u00e1s apreciados en el sector de los regalos promocionales. <\/p>\n\n\n\n<p>Combina a la perfecci\u00f3n el brillo de los cristales de Swarovski con la pr\u00e1ctica funci\u00f3n de una unidad USB, demostrando un gusto y un valor de alta gama y moda, ya sea para uso personal o como regalo.<\/p>\n<\/div>\n<\/div>\n\n\n\n<p><\/p>\n\n\n\n<h2 class=\"wp-block-heading\">\u00bfDe qu\u00e9 material es la memoria USB de cristal Swarovski?<\/h2>\n\n\n\n<p>La carcasa de esta unidad USB est\u00e1 hecha de material acr\u00edlico transparente de alta calidad, y la f\u00e1brica controla estrictamente el proceso de producci\u00f3n para garantizar la transparencia y durabilidad del material. El interior est\u00e1 lleno de cristales de Swarovski de varios colores, cuidadosamente seleccionados por su brillo y excelente textura. La interfaz es de metal brillante. Las ricas opciones de color pueden satisfacer las necesidades de diferentes clientes, ya sea para la personalizaci\u00f3n de regalos promocionales de empresa o para uso personal, lo que permite a los usuarios encontrar combinaciones de colores adecuadas.<\/p>\n\n\n\n<div class=\"wp-block-columns is-layout-flex wp-container-core-columns-is-layout-28f84493 wp-block-columns-is-layout-flex\">\n<div class=\"wp-block-column is-layout-flow wp-block-column-is-layout-flow\">\n<figure class=\"wp-block-image size-full\"><img alt=\"\" decoding=\"async\" width=\"800\" height=\"800\" src=\"https:\/\/www.usborkeychain.com\/wp-content\/uploads\/swarovski-flash-disk.jpg\" class=\"wp-image-2706\" srcset=\"https:\/\/www.usborkeychain.com\/wp-content\/uploads\/swarovski-flash-disk.jpg 800w, https:\/\/www.usborkeychain.com\/wp-content\/uploads\/swarovski-flash-disk-300x300.jpg 300w, https:\/\/www.usborkeychain.com\/wp-content\/uploads\/swarovski-flash-disk-150x150.jpg 150w, https:\/\/www.usborkeychain.com\/wp-content\/uploads\/swarovski-flash-disk-768x768.jpg 768w, https:\/\/www.usborkeychain.com\/wp-content\/uploads\/swarovski-flash-disk-12x12.jpg 12w, https:\/\/www.usborkeychain.com\/wp-content\/uploads\/swarovski-flash-disk-600x600.jpg 600w, https:\/\/www.usborkeychain.com\/wp-content\/uploads\/swarovski-flash-disk-100x100.jpg 100w\" sizes=\"(max-width: 800px) 100vw, 800px\" \/><\/figure>\n<\/div>\n\n\n\n<div class=\"wp-block-column is-layout-flow wp-block-column-is-layout-flow\">\n<figure class=\"wp-block-image size-full\"><img alt=\"\" decoding=\"async\" width=\"1000\" height=\"1000\" src=\"https:\/\/www.usborkeychain.com\/wp-content\/uploads\/colorful-swarovski-crystal-flip-usb-pendrive.jpg\" class=\"wp-image-2696\" srcset=\"https:\/\/www.usborkeychain.com\/wp-content\/uploads\/colorful-swarovski-crystal-flip-usb-pendrive.jpg 1000w, https:\/\/www.usborkeychain.com\/wp-content\/uploads\/colorful-swarovski-crystal-flip-usb-pendrive-300x300.jpg 300w, https:\/\/www.usborkeychain.com\/wp-content\/uploads\/colorful-swarovski-crystal-flip-usb-pendrive-150x150.jpg 150w, https:\/\/www.usborkeychain.com\/wp-content\/uploads\/colorful-swarovski-crystal-flip-usb-pendrive-768x768.jpg 768w, https:\/\/www.usborkeychain.com\/wp-content\/uploads\/colorful-swarovski-crystal-flip-usb-pendrive-12x12.jpg 12w, https:\/\/www.usborkeychain.com\/wp-content\/uploads\/colorful-swarovski-crystal-flip-usb-pendrive-600x600.jpg 600w, https:\/\/www.usborkeychain.com\/wp-content\/uploads\/colorful-swarovski-crystal-flip-usb-pendrive-100x100.jpg 100w\" sizes=\"(max-width: 1000px) 100vw, 1000px\" \/><\/figure>\n<\/div>\n\n\n\n<div class=\"wp-block-column is-layout-flow wp-block-column-is-layout-flow\">\n<figure class=\"wp-block-image size-full\"><img alt=\"\" loading=\"lazy\" decoding=\"async\" width=\"1000\" height=\"1000\" src=\"https:\/\/www.usborkeychain.com\/wp-content\/uploads\/High-Speed-Crystal-Glass-U-Disk.jpg\" class=\"wp-image-2698\" srcset=\"https:\/\/www.usborkeychain.com\/wp-content\/uploads\/High-Speed-Crystal-Glass-U-Disk.jpg 1000w, https:\/\/www.usborkeychain.com\/wp-content\/uploads\/High-Speed-Crystal-Glass-U-Disk-300x300.jpg 300w, https:\/\/www.usborkeychain.com\/wp-content\/uploads\/High-Speed-Crystal-Glass-U-Disk-150x150.jpg 150w, https:\/\/www.usborkeychain.com\/wp-content\/uploads\/High-Speed-Crystal-Glass-U-Disk-768x768.jpg 768w, https:\/\/www.usborkeychain.com\/wp-content\/uploads\/High-Speed-Crystal-Glass-U-Disk-12x12.jpg 12w, https:\/\/www.usborkeychain.com\/wp-content\/uploads\/High-Speed-Crystal-Glass-U-Disk-600x600.jpg 600w, https:\/\/www.usborkeychain.com\/wp-content\/uploads\/High-Speed-Crystal-Glass-U-Disk-100x100.jpg 100w\" sizes=\"(max-width: 1000px) 100vw, 1000px\" \/><\/figure>\n<\/div>\n<\/div>\n\n\n\n<h2 class=\"wp-block-heading\">\u00bfCu\u00e1les son los par\u00e1metros de la unidad USB de cristal Swarovski?<\/h2>\n\n\n\n<p>A continuaci\u00f3n se detallan los par\u00e1metros de la memoria USB de cristal Swarovski. Como producto lanzado por el fabricante, el dise\u00f1o de sus par\u00e1metros tiene plenamente en cuenta tanto la practicidad como la est\u00e9tica:<\/p>\n\n\n\n<figure class=\"wp-block-table\"><table class=\"has-fixed-layout\"><thead><tr><th>Categor\u00eda de par\u00e1metros<\/th><th>Par\u00e1metros<\/th><\/tr><\/thead><tbody><tr><td>Capacidad de almacenamiento<\/td><td>8 GB, 16 GB, 32 GB, 64 GB (se pueden personalizar capacidades mayores seg\u00fan las necesidades del cliente)<\/td><\/tr><tr><td>Tipo de interfaz<\/td><td>USB 2.0\/USB 3.0 (opcional)<\/td><\/tr><tr><td>Velocidad de transferencia<\/td><td>USB 2.0: Velocidad de lectura aprox. 25 MB\/s, velocidad de escritura aprox. 15 MB\/s; USB 3.0: Velocidad de lectura aprox. 450 MB\/s<\/td><\/tr><tr><td>Material<\/td><td>Carcasa: material acr\u00edlico transparente; interior: incrustaciones de cristales de Swarovski<\/td><\/tr><tr><td>Dimensiones<\/td><td>6,8 x 1,6 x 1 cm<\/td><\/tr><tr><td>Temperatura de funcionamiento<\/td><td>0\u2103 - 60\u2103<\/td><\/tr><tr><td>Temperatura de almacenamiento<\/td><td>-20\u2103 - 85\u2103<\/td><\/tr><tr><td>Peso<\/td><td>Aproximadamente 15 g<\/td><\/tr><\/tbody><\/table><\/figure>\n\n\n\n<h2 class=\"wp-block-heading\">\u00bfC\u00f3mo crear un conjunto con la unidad USB de cristal Swarovski?<\/h2>\n\n\n\n<p>El fabricante ofrece un juego de memoria USB de cristal de Swarovski, que combina la memoria USB de cristal con un bol\u00edgrafo USB de cristal. Esta combinaci\u00f3n se ha convertido en una elecci\u00f3n popular para eventos como bodas, desfiles de moda y exposiciones de joyas. El set tiene un dise\u00f1o exquisito, que hace gala de una calidad de gama alta y un estilo \u00fanico, tanto si se utiliza como regalo de devoluci\u00f3n para invitados en bodas o como regalo promocional para eventos de moda y exposiciones de joyas. La f\u00e1brica puede ofrecer un dise\u00f1o de embalaje personalizado para el set seg\u00fan los requisitos del cliente, lo que aumenta a\u00fan m\u00e1s el atractivo del producto.<\/p>\n\n\n\n<div class=\"wp-block-columns is-layout-flex wp-container-core-columns-is-layout-28f84493 wp-block-columns-is-layout-flex\">\n<div class=\"wp-block-column is-layout-flow wp-block-column-is-layout-flow\">\n<figure class=\"wp-block-image size-full\"><img alt=\"\" loading=\"lazy\" decoding=\"async\" width=\"800\" height=\"800\" src=\"https:\/\/www.usborkeychain.com\/wp-content\/uploads\/purple-swarovski-crystal-flip-usb-pendrive.jpg\" class=\"wp-image-2703\" srcset=\"https:\/\/www.usborkeychain.com\/wp-content\/uploads\/purple-swarovski-crystal-flip-usb-pendrive.jpg 800w, https:\/\/www.usborkeychain.com\/wp-content\/uploads\/purple-swarovski-crystal-flip-usb-pendrive-300x300.jpg 300w, https:\/\/www.usborkeychain.com\/wp-content\/uploads\/purple-swarovski-crystal-flip-usb-pendrive-150x150.jpg 150w, https:\/\/www.usborkeychain.com\/wp-content\/uploads\/purple-swarovski-crystal-flip-usb-pendrive-768x768.jpg 768w, https:\/\/www.usborkeychain.com\/wp-content\/uploads\/purple-swarovski-crystal-flip-usb-pendrive-12x12.jpg 12w, https:\/\/www.usborkeychain.com\/wp-content\/uploads\/purple-swarovski-crystal-flip-usb-pendrive-600x600.jpg 600w, https:\/\/www.usborkeychain.com\/wp-content\/uploads\/purple-swarovski-crystal-flip-usb-pendrive-100x100.jpg 100w\" sizes=\"(max-width: 800px) 100vw, 800px\" \/><\/figure>\n<\/div>\n\n\n\n<div class=\"wp-block-column is-layout-flow wp-block-column-is-layout-flow\">\n<figure class=\"wp-block-image size-full\"><img alt=\"\" loading=\"lazy\" decoding=\"async\" width=\"800\" height=\"800\" src=\"https:\/\/www.usborkeychain.com\/wp-content\/uploads\/swhtiewarovski-crystal-flip-usb-pendrive.jpg\" class=\"wp-image-2707\" srcset=\"https:\/\/www.usborkeychain.com\/wp-content\/uploads\/swhtiewarovski-crystal-flip-usb-pendrive.jpg 800w, https:\/\/www.usborkeychain.com\/wp-content\/uploads\/swhtiewarovski-crystal-flip-usb-pendrive-300x300.jpg 300w, https:\/\/www.usborkeychain.com\/wp-content\/uploads\/swhtiewarovski-crystal-flip-usb-pendrive-150x150.jpg 150w, https:\/\/www.usborkeychain.com\/wp-content\/uploads\/swhtiewarovski-crystal-flip-usb-pendrive-768x768.jpg 768w, https:\/\/www.usborkeychain.com\/wp-content\/uploads\/swhtiewarovski-crystal-flip-usb-pendrive-12x12.jpg 12w, https:\/\/www.usborkeychain.com\/wp-content\/uploads\/swhtiewarovski-crystal-flip-usb-pendrive-600x600.jpg 600w, https:\/\/www.usborkeychain.com\/wp-content\/uploads\/swhtiewarovski-crystal-flip-usb-pendrive-100x100.jpg 100w\" sizes=\"(max-width: 800px) 100vw, 800px\" \/><\/figure>\n<\/div>\n\n\n\n<div class=\"wp-block-column is-layout-flow wp-block-column-is-layout-flow\">\n<figure class=\"wp-block-image size-full\"><img alt=\"\" loading=\"lazy\" decoding=\"async\" width=\"800\" height=\"800\" src=\"https:\/\/www.usborkeychain.com\/wp-content\/uploads\/pink-swarovski-crystal-flip-usb-pendrive.jpg\" class=\"wp-image-2702\" srcset=\"https:\/\/www.usborkeychain.com\/wp-content\/uploads\/pink-swarovski-crystal-flip-usb-pendrive.jpg 800w, https:\/\/www.usborkeychain.com\/wp-content\/uploads\/pink-swarovski-crystal-flip-usb-pendrive-300x300.jpg 300w, https:\/\/www.usborkeychain.com\/wp-content\/uploads\/pink-swarovski-crystal-flip-usb-pendrive-150x150.jpg 150w, https:\/\/www.usborkeychain.com\/wp-content\/uploads\/pink-swarovski-crystal-flip-usb-pendrive-768x768.jpg 768w, https:\/\/www.usborkeychain.com\/wp-content\/uploads\/pink-swarovski-crystal-flip-usb-pendrive-12x12.jpg 12w, https:\/\/www.usborkeychain.com\/wp-content\/uploads\/pink-swarovski-crystal-flip-usb-pendrive-600x600.jpg 600w, https:\/\/www.usborkeychain.com\/wp-content\/uploads\/pink-swarovski-crystal-flip-usb-pendrive-100x100.jpg 100w\" sizes=\"(max-width: 800px) 100vw, 800px\" \/><\/figure>\n<\/div>\n<\/div>\n\n\n\n<div class=\"wp-block-columns is-layout-flex wp-container-core-columns-is-layout-28f84493 wp-block-columns-is-layout-flex\">\n<div class=\"wp-block-column is-layout-flow wp-block-column-is-layout-flow\">\n<figure class=\"wp-block-image size-full\"><img alt=\"\" loading=\"lazy\" decoding=\"async\" width=\"800\" height=\"800\" src=\"https:\/\/www.usborkeychain.com\/wp-content\/uploads\/orange-swarovski-flash-drive.jpg\" class=\"wp-image-2701\" srcset=\"https:\/\/www.usborkeychain.com\/wp-content\/uploads\/orange-swarovski-flash-drive.jpg 800w, https:\/\/www.usborkeychain.com\/wp-content\/uploads\/orange-swarovski-flash-drive-300x300.jpg 300w, https:\/\/www.usborkeychain.com\/wp-content\/uploads\/orange-swarovski-flash-drive-150x150.jpg 150w, https:\/\/www.usborkeychain.com\/wp-content\/uploads\/orange-swarovski-flash-drive-768x768.jpg 768w, https:\/\/www.usborkeychain.com\/wp-content\/uploads\/orange-swarovski-flash-drive-12x12.jpg 12w, https:\/\/www.usborkeychain.com\/wp-content\/uploads\/orange-swarovski-flash-drive-600x600.jpg 600w, https:\/\/www.usborkeychain.com\/wp-content\/uploads\/orange-swarovski-flash-drive-100x100.jpg 100w\" sizes=\"(max-width: 800px) 100vw, 800px\" \/><\/figure>\n<\/div>\n\n\n\n<div class=\"wp-block-column is-layout-flow wp-block-column-is-layout-flow\">\n<figure class=\"wp-block-image size-full\"><img alt=\"\" loading=\"lazy\" decoding=\"async\" width=\"800\" height=\"800\" src=\"https:\/\/www.usborkeychain.com\/wp-content\/uploads\/light-blue-swarovski-crystal-flip-usb-pendrive.jpg\" class=\"wp-image-2699\" srcset=\"https:\/\/www.usborkeychain.com\/wp-content\/uploads\/light-blue-swarovski-crystal-flip-usb-pendrive.jpg 800w, https:\/\/www.usborkeychain.com\/wp-content\/uploads\/light-blue-swarovski-crystal-flip-usb-pendrive-300x300.jpg 300w, https:\/\/www.usborkeychain.com\/wp-content\/uploads\/light-blue-swarovski-crystal-flip-usb-pendrive-150x150.jpg 150w, https:\/\/www.usborkeychain.com\/wp-content\/uploads\/light-blue-swarovski-crystal-flip-usb-pendrive-768x768.jpg 768w, https:\/\/www.usborkeychain.com\/wp-content\/uploads\/light-blue-swarovski-crystal-flip-usb-pendrive-12x12.jpg 12w, https:\/\/www.usborkeychain.com\/wp-content\/uploads\/light-blue-swarovski-crystal-flip-usb-pendrive-600x600.jpg 600w, https:\/\/www.usborkeychain.com\/wp-content\/uploads\/light-blue-swarovski-crystal-flip-usb-pendrive-100x100.jpg 100w\" sizes=\"(max-width: 800px) 100vw, 800px\" \/><\/figure>\n<\/div>\n\n\n\n<div class=\"wp-block-column is-layout-flow wp-block-column-is-layout-flow\">\n<figure class=\"wp-block-image size-full\"><img alt=\"\" loading=\"lazy\" decoding=\"async\" width=\"800\" height=\"800\" src=\"https:\/\/www.usborkeychain.com\/wp-content\/uploads\/green-swarovski-crystal-flip-usb-pendrive.jpg\" class=\"wp-image-2697\" srcset=\"https:\/\/www.usborkeychain.com\/wp-content\/uploads\/green-swarovski-crystal-flip-usb-pendrive.jpg 800w, https:\/\/www.usborkeychain.com\/wp-content\/uploads\/green-swarovski-crystal-flip-usb-pendrive-300x300.jpg 300w, https:\/\/www.usborkeychain.com\/wp-content\/uploads\/green-swarovski-crystal-flip-usb-pendrive-150x150.jpg 150w, https:\/\/www.usborkeychain.com\/wp-content\/uploads\/green-swarovski-crystal-flip-usb-pendrive-768x768.jpg 768w, https:\/\/www.usborkeychain.com\/wp-content\/uploads\/green-swarovski-crystal-flip-usb-pendrive-12x12.jpg 12w, https:\/\/www.usborkeychain.com\/wp-content\/uploads\/green-swarovski-crystal-flip-usb-pendrive-600x600.jpg 600w, https:\/\/www.usborkeychain.com\/wp-content\/uploads\/green-swarovski-crystal-flip-usb-pendrive-100x100.jpg 100w\" sizes=\"(max-width: 800px) 100vw, 800px\" \/><\/figure>\n<\/div>\n<\/div>\n\n\n\n<h2 class=\"wp-block-heading\">\u00bfSe puede personalizar la memoria USB de cristal Swarovski con un logotipo?<\/h2>\n\n\n\n<p>Para los clientes con necesidades de personalizaci\u00f3n, el fabricante ofrece servicios de personalizaci\u00f3n profesionales, que permiten el grabado por l\u00e1ser de logotipos y dise\u00f1os en las piezas met\u00e1licas. Este m\u00e9todo de personalizaci\u00f3n no s\u00f3lo realza la imagen de marca de la empresa, sino que convierte la unidad USB en un soporte promocional \u00fanico. Ya sea para regalos de empresa o como recuerdo de un evento, la unidad USB de cristal Swarovski con logotipo personalizado puede dejar una profunda huella. Mientras tanto, el fabricante tambi\u00e9n ofrece la posibilidad de realizar compras al por mayor, satisfaciendo as\u00ed las necesidades de diferentes clientes y proporcion\u00e1ndoles soluciones m\u00e1s rentables.<\/p>\n\n\n\n<p>La cl\u00e1sica unidad USB de cristal Swarovski, con sus materiales de alta calidad, exquisito dise\u00f1o, ricas opciones de personalizaci\u00f3n y los servicios profesionales del fabricante, se ha convertido en una opci\u00f3n ideal para los clientes B2B en regalos promocionales, sets para eventos, etc. Tanto si se trata de compras al por mayor como de necesidades de personalizaci\u00f3n, el fabricante y la f\u00e1brica pueden ofrecer un s\u00f3lido apoyo para ayudar a los clientes a llevar a cabo diversas actividades comerciales.<\/p>","protected":false},"excerpt":{"rendered":"<ul>\n<li>Swarovski de moda y a la \u00faltima<\/li>\n<li>Dise\u00f1o exclusivo<\/li>\n<li>Ideal para regalar<\/li>\n<li>Uso promocional<\/li>\n<li>Logotipo personalizado<\/li>\n<\/ul>","protected":false},"featured_media":2704,"comment_status":"open","ping_status":"closed","template":"","meta":{"_seopress_robots_primary_cat":"","_seopress_titles_title":"","_seopress_titles_desc":"","_seopress_robots_index":"","site-sidebar-layout":"default","site-content-layout":"","ast-site-content-layout":"","site-content-style":"default","site-sidebar-style":"default","ast-global-header-display":"","ast-banner-title-visibility":"","ast-main-header-display":"","ast-hfb-above-header-display":"","ast-hfb-below-header-display":"","ast-hfb-mobile-header-display":"","site-post-title":"","ast-breadcrumbs-content":"","ast-featured-img":"","footer-sml-layout":"","theme-transparent-header-meta":"","adv-header-id-meta":"","stick-header-meta":"","header-above-stick-meta":"","header-main-stick-meta":"","header-below-stick-meta":"","astra-migrate-meta-layouts":"default","ast-page-background-enabled":"default","ast-page-background-meta":{"desktop":{"background-color":"var(--ast-global-color-5)","background-image":"","background-repeat":"repeat","background-position":"center center","background-size":"auto","background-attachment":"scroll","background-type":"","background-media":"","overlay-type":"","overlay-color":"","overlay-opacity":"","overlay-gradient":""},"tablet":{"background-color":"","background-image":"","background-repeat":"repeat","background-position":"center center","background-size":"auto","background-attachment":"scroll","background-type":"","background-media":"","overlay-type":"","overlay-color":"","overlay-opacity":"","overlay-gradient":""},"mobile":{"background-color":"","background-image":"","background-repeat":"repeat","background-position":"center center","background-size":"auto","background-attachment":"scroll","background-type":"","background-media":"","overlay-type":"","overlay-color":"","overlay-opacity":"","overlay-gradient":""}},"ast-content-background-meta":{"desktop":{"background-color":"var(--ast-global-color-4)","background-image":"","background-repeat":"repeat","background-position":"center center","background-size":"auto","background-attachment":"scroll","background-type":"","background-media":"","overlay-type":"","overlay-color":"","overlay-opacity":"","overlay-gradient":""},"tablet":{"background-color":"var(--ast-global-color-4)","background-image":"","background-repeat":"repeat","background-position":"center center","background-size":"auto","background-attachment":"scroll","background-type":"","background-media":"","overlay-type":"","overlay-color":"","overlay-opacity":"","overlay-gradient":""},"mobile":{"background-color":"var(--ast-global-color-4)","background-image":"","background-repeat":"repeat","background-position":"center center","background-size":"auto","background-attachment":"scroll","background-type":"","background-media":"","overlay-type":"","overlay-color":"","overlay-opacity":"","overlay-gradient":""}}},"product_brand":[],"product_cat":[91,174],"product_tag":[177,176],"class_list":{"0":"post-2692","1":"product","2":"type-product","3":"status-publish","4":"has-post-thumbnail","6":"product_cat-acrylic-usb-pendrive","7":"product_cat-crystal-usb-pendrive","8":"product_tag-crystal-flash-drive","9":"product_tag-swarovski-crystal-flash-drive","10":"desktop-align-left","11":"tablet-align-left","12":"mobile-align-left","14":"first","15":"instock","16":"shipping-taxable","17":"product-type-simple"},"_links":{"self":[{"href":"https:\/\/www.usborkeychain.com\/es\/wp-json\/wp\/v2\/product\/2692","targetHints":{"allow":["GET"]}}],"collection":[{"href":"https:\/\/www.usborkeychain.com\/es\/wp-json\/wp\/v2\/product"}],"about":[{"href":"https:\/\/www.usborkeychain.com\/es\/wp-json\/wp\/v2\/types\/product"}],"replies":[{"embeddable":true,"href":"https:\/\/www.usborkeychain.com\/es\/wp-json\/wp\/v2\/comments?post=2692"}],"wp:featuredmedia":[{"embeddable":true,"href":"https:\/\/www.usborkeychain.com\/es\/wp-json\/wp\/v2\/media\/2704"}],"wp:attachment":[{"href":"https:\/\/www.usborkeychain.com\/es\/wp-json\/wp\/v2\/media?parent=2692"}],"wp:term":[{"taxonomy":"product_brand","embeddable":true,"href":"https:\/\/www.usborkeychain.com\/es\/wp-json\/wp\/v2\/product_brand?post=2692"},{"taxonomy":"product_cat","embeddable":true,"href":"https:\/\/www.usborkeychain.com\/es\/wp-json\/wp\/v2\/product_cat?post=2692"},{"taxonomy":"product_tag","embeddable":true,"href":"https:\/\/www.usborkeychain.com\/es\/wp-json\/wp\/v2\/product_tag?post=2692"}],"curies":[{"name":"wp","href":"https:\/\/api.w.org\/{rel}","templated":true}]}}