{"id":2708,"date":"2025-06-23T04:02:50","date_gmt":"2025-06-23T04:02:50","guid":{"rendered":"https:\/\/www.usborkeychain.com\/?post_type=product&#038;p=2708"},"modified":"2025-07-25T03:57:24","modified_gmt":"2025-07-25T03:57:24","slug":"plastic-lighter-usb-flash-drive%ef%bc%882-modles%ef%bc%89","status":"publish","type":"product","link":"https:\/\/www.usborkeychain.com\/es\/producto\/plastic-lighter-usb-flash-drive%ef%bc%882-modles%ef%bc%89\/","title":{"rendered":"Mechero de pl\u00e1stico Memoria USB\uff082 modles\uff09"},"content":{"rendered":"<h2 class=\"wp-block-heading\">Introducci\u00f3n a la memoria USB encendedor de pl\u00e1stico cl\u00e1sico<\/h2>\n\n\n\n<p>La cl\u00e1sica unidad USB con encendedor de pl\u00e1stico, un nombre especial dado por los fabricantes de unidades USB, es popular desde hace m\u00e1s de 20 a\u00f1os. Con su dise\u00f1o pr\u00e1ctico y ultrasencillo, se ha convertido en uno de los modelos de unidad USB con mayor volumen de exportaci\u00f3n. Cuenta con dos modelos principales muy reconocidos en el mercado: el modelo alargado de primera generaci\u00f3n y el modelo redondeado de segunda generaci\u00f3n, que brillan tanto en la venta al por mayor de comercio exterior como en la personalizaci\u00f3n para empresas, y que sirven de perenne en los escenarios de regalos promocionales y obsequios empresariales.<\/p>\n\n\n\n<div class=\"wp-block-columns is-layout-flex wp-container-core-columns-is-layout-28f84493 wp-block-columns-is-layout-flex\">\n<div class=\"wp-block-column is-layout-flow wp-block-column-is-layout-flow\">\n<figure class=\"wp-block-image size-full\"><img alt=\"\" fetchpriority=\"high\" decoding=\"async\" width=\"800\" height=\"800\" src=\"https:\/\/www.usborkeychain.com\/wp-content\/uploads\/Classic-Plastic-Lighter-USB-Drive.jpg\" class=\"wp-image-2719\" srcset=\"https:\/\/www.usborkeychain.com\/wp-content\/uploads\/Classic-Plastic-Lighter-USB-Drive.jpg 800w, https:\/\/www.usborkeychain.com\/wp-content\/uploads\/Classic-Plastic-Lighter-USB-Drive-300x300.jpg 300w, https:\/\/www.usborkeychain.com\/wp-content\/uploads\/Classic-Plastic-Lighter-USB-Drive-150x150.jpg 150w, https:\/\/www.usborkeychain.com\/wp-content\/uploads\/Classic-Plastic-Lighter-USB-Drive-768x768.jpg 768w, https:\/\/www.usborkeychain.com\/wp-content\/uploads\/Classic-Plastic-Lighter-USB-Drive-12x12.jpg 12w, https:\/\/www.usborkeychain.com\/wp-content\/uploads\/Classic-Plastic-Lighter-USB-Drive-600x600.jpg 600w, https:\/\/www.usborkeychain.com\/wp-content\/uploads\/Classic-Plastic-Lighter-USB-Drive-100x100.jpg 100w\" sizes=\"(max-width: 800px) 100vw, 800px\" \/><\/figure>\n<\/div>\n\n\n\n<div class=\"wp-block-column is-layout-flow wp-block-column-is-layout-flow\">\n<figure class=\"wp-block-image size-full\"><img alt=\"\" decoding=\"async\" width=\"800\" height=\"800\" src=\"https:\/\/www.usborkeychain.com\/wp-content\/uploads\/bulk-plastic-usb-drive.jpg\" class=\"wp-image-2732\" srcset=\"https:\/\/www.usborkeychain.com\/wp-content\/uploads\/bulk-plastic-usb-drive.jpg 800w, https:\/\/www.usborkeychain.com\/wp-content\/uploads\/bulk-plastic-usb-drive-300x300.jpg 300w, https:\/\/www.usborkeychain.com\/wp-content\/uploads\/bulk-plastic-usb-drive-150x150.jpg 150w, https:\/\/www.usborkeychain.com\/wp-content\/uploads\/bulk-plastic-usb-drive-768x768.jpg 768w, https:\/\/www.usborkeychain.com\/wp-content\/uploads\/bulk-plastic-usb-drive-12x12.jpg 12w, https:\/\/www.usborkeychain.com\/wp-content\/uploads\/bulk-plastic-usb-drive-600x600.jpg 600w, https:\/\/www.usborkeychain.com\/wp-content\/uploads\/bulk-plastic-usb-drive-100x100.jpg 100w\" sizes=\"(max-width: 800px) 100vw, 800px\" \/><\/figure>\n<\/div>\n<\/div>\n\n\n\n<h2 class=\"wp-block-heading\">\u00bfDe qu\u00e9 material es la unidad USB encendedor?<\/h2>\n\n\n\n<p>La carcasa est\u00e1 hecha de material pl\u00e1stico ABS tradicional, moldeado integralmente por la f\u00e1brica mediante moldeo por inyecci\u00f3n, con propiedades de resistencia a las ca\u00eddas y al desgaste. El material admite diversos tratamientos de superficie: el estado de materia prima permite la impresi\u00f3n directa del LOGO; el proceso de pulverizaci\u00f3n de aceite hace que la carcasa presente una suave textura de espejo a todo color; el proceso de esmerilado da un delicado toque granulado, mejorando el rendimiento antideslizante y realzando una sensaci\u00f3n de alta gama. Los tres procesos permiten la personalizaci\u00f3n por lotes para satisfacer las necesidades visuales de las distintas marcas.<\/p>\n\n\n\n<h2 class=\"wp-block-heading\">\u00bfCu\u00e1l es el dise\u00f1o de la primera generaci\u00f3n de la unidad USB cl\u00e1sica con encendedor?<\/h2>\n\n\n\n<p>Adopta una forma de tabla larga y recta, con bordes redondeados para un agarre c\u00f3modo con la palma de la mano. El dise\u00f1o de apertura y cierre abatible contin\u00faa la l\u00f3gica de funcionamiento cl\u00e1sica de los encendedores, y la estructura de conectores met\u00e1licos incorporada garantiza que la tapa no se caiga f\u00e1cilmente. Existe una amplia gama de opciones de color, como el cl\u00e1sico blanco\/negro, el naranja vibrante, el gris business y otros sistemas de colores b\u00e1sicos. La f\u00e1brica puede personalizar colores exclusivos seg\u00fan la carta de colores Pantone para adaptarse al sistema VI de la marca.<\/p>\n\n\n\n<div class=\"wp-block-columns is-layout-flex wp-container-core-columns-is-layout-28f84493 wp-block-columns-is-layout-flex\">\n<div class=\"wp-block-column is-layout-flow wp-block-column-is-layout-flow\">\n<figure class=\"wp-block-image size-full\"><img alt=\"\" decoding=\"async\" width=\"800\" height=\"800\" src=\"https:\/\/www.usborkeychain.com\/wp-content\/uploads\/white-all-plastic-usb-flash-drive-supplier.jpg\" class=\"wp-image-2725\" srcset=\"https:\/\/www.usborkeychain.com\/wp-content\/uploads\/white-all-plastic-usb-flash-drive-supplier.jpg 800w, https:\/\/www.usborkeychain.com\/wp-content\/uploads\/white-all-plastic-usb-flash-drive-supplier-300x300.jpg 300w, https:\/\/www.usborkeychain.com\/wp-content\/uploads\/white-all-plastic-usb-flash-drive-supplier-150x150.jpg 150w, https:\/\/www.usborkeychain.com\/wp-content\/uploads\/white-all-plastic-usb-flash-drive-supplier-768x768.jpg 768w, https:\/\/www.usborkeychain.com\/wp-content\/uploads\/white-all-plastic-usb-flash-drive-supplier-12x12.jpg 12w, https:\/\/www.usborkeychain.com\/wp-content\/uploads\/white-all-plastic-usb-flash-drive-supplier-600x600.jpg 600w, https:\/\/www.usborkeychain.com\/wp-content\/uploads\/white-all-plastic-usb-flash-drive-supplier-100x100.jpg 100w\" sizes=\"(max-width: 800px) 100vw, 800px\" \/><\/figure>\n<\/div>\n\n\n\n<div class=\"wp-block-column is-layout-flow wp-block-column-is-layout-flow\">\n<figure class=\"wp-block-image size-full\"><img alt=\"\" loading=\"lazy\" decoding=\"async\" width=\"1000\" height=\"1000\" src=\"https:\/\/www.usborkeychain.com\/wp-content\/uploads\/O1CN01ygXwHD1Eon2aagL8h_1008900399-0-cib.jpg\" class=\"wp-image-2723\" srcset=\"https:\/\/www.usborkeychain.com\/wp-content\/uploads\/O1CN01ygXwHD1Eon2aagL8h_1008900399-0-cib.jpg 1000w, https:\/\/www.usborkeychain.com\/wp-content\/uploads\/O1CN01ygXwHD1Eon2aagL8h_1008900399-0-cib-300x300.jpg 300w, https:\/\/www.usborkeychain.com\/wp-content\/uploads\/O1CN01ygXwHD1Eon2aagL8h_1008900399-0-cib-150x150.jpg 150w, https:\/\/www.usborkeychain.com\/wp-content\/uploads\/O1CN01ygXwHD1Eon2aagL8h_1008900399-0-cib-768x768.jpg 768w, https:\/\/www.usborkeychain.com\/wp-content\/uploads\/O1CN01ygXwHD1Eon2aagL8h_1008900399-0-cib-12x12.jpg 12w, https:\/\/www.usborkeychain.com\/wp-content\/uploads\/O1CN01ygXwHD1Eon2aagL8h_1008900399-0-cib-600x600.jpg 600w, https:\/\/www.usborkeychain.com\/wp-content\/uploads\/O1CN01ygXwHD1Eon2aagL8h_1008900399-0-cib-100x100.jpg 100w\" sizes=\"(max-width: 1000px) 100vw, 1000px\" \/><\/figure>\n<\/div>\n\n\n\n<div class=\"wp-block-column is-layout-flow wp-block-column-is-layout-flow\">\n<figure class=\"wp-block-image size-full\"><img alt=\"\" loading=\"lazy\" decoding=\"async\" width=\"1000\" height=\"1000\" src=\"https:\/\/www.usborkeychain.com\/wp-content\/uploads\/O1CN01eezEc21gJT18bKHrw_2215467894121-0-cib.jpg\" class=\"wp-image-2720\" srcset=\"https:\/\/www.usborkeychain.com\/wp-content\/uploads\/O1CN01eezEc21gJT18bKHrw_2215467894121-0-cib.jpg 1000w, https:\/\/www.usborkeychain.com\/wp-content\/uploads\/O1CN01eezEc21gJT18bKHrw_2215467894121-0-cib-300x300.jpg 300w, https:\/\/www.usborkeychain.com\/wp-content\/uploads\/O1CN01eezEc21gJT18bKHrw_2215467894121-0-cib-150x150.jpg 150w, https:\/\/www.usborkeychain.com\/wp-content\/uploads\/O1CN01eezEc21gJT18bKHrw_2215467894121-0-cib-768x768.jpg 768w, https:\/\/www.usborkeychain.com\/wp-content\/uploads\/O1CN01eezEc21gJT18bKHrw_2215467894121-0-cib-12x12.jpg 12w, https:\/\/www.usborkeychain.com\/wp-content\/uploads\/O1CN01eezEc21gJT18bKHrw_2215467894121-0-cib-600x600.jpg 600w, https:\/\/www.usborkeychain.com\/wp-content\/uploads\/O1CN01eezEc21gJT18bKHrw_2215467894121-0-cib-100x100.jpg 100w\" sizes=\"(max-width: 1000px) 100vw, 1000px\" \/><\/figure>\n<\/div>\n<\/div>\n\n\n\n<h2 class=\"wp-block-heading\">\u00bfCu\u00e1les son los par\u00e1metros de la primera generaci\u00f3n del encendedor cl\u00e1sico?<\/h2>\n\n\n\n<p>Los siguientes son los par\u00e1metros fundamentales del producto de primera generaci\u00f3n, desarrollado por el fabricante de acuerdo con las normas internacionales de exportaci\u00f3n, equilibrando el rendimiento y la portabilidad:<\/p>\n\n\n\n<figure class=\"wp-block-table\"><table class=\"has-fixed-layout\"><thead><tr><th>Categor\u00eda de par\u00e1metros<\/th><th>Par\u00e1metros espec\u00edficos<\/th><\/tr><\/thead><tbody><tr><td>Capacidad de almacenamiento<\/td><td>8 GB\/16 GB\/32 GB\/64 GB (admite la personalizaci\u00f3n de 128 GB y m\u00e1s de gran capacidad)<\/td><\/tr><tr><td>Tipo de interfaz<\/td><td>USB 2.0 (por defecto)\/USB 3.0 (opcional)<\/td><\/tr><tr><td>Velocidad de transferencia<\/td><td>USB 2.0: Lectura 25 MB\/s, Escritura 15 MB\/s; USB 3.0: Lectura 450 MB\/s, escritura 120 MB\/s<\/td><\/tr><tr><td>Material<\/td><td>Carcasa: Pl\u00e1stico ABS (proceso de rociado con aceite\/escarchado)<\/td><\/tr><tr><td>Dimensiones<\/td><td>723\u00d720\u00d73mm (Largo\u00d7Ancho\u00d7Grosor)<\/td><\/tr><tr><td>Temperatura de funcionamiento<\/td><td>0\u2103-60\u2103<\/td><\/tr><tr><td>Temperatura de almacenamiento<\/td><td>-20\u2103-85\u2103<\/td><\/tr><tr><td>Funciones adicionales<\/td><td>Indicador luminoso LED integrado (parpadea cuando est\u00e1 enchufado o desenchufado)<\/td><\/tr><\/tbody><\/table><\/figure>\n\n\n\n<div class=\"wp-block-columns is-layout-flex wp-container-core-columns-is-layout-28f84493 wp-block-columns-is-layout-flex\">\n<div class=\"wp-block-column is-layout-flow wp-block-column-is-layout-flow\">\n<figure class=\"wp-block-image size-full\"><img alt=\"\" loading=\"lazy\" decoding=\"async\" width=\"1000\" height=\"1000\" src=\"https:\/\/www.usborkeychain.com\/wp-content\/uploads\/Plastic-Lighter-USB-Flash-Drive.jpg\" class=\"wp-image-2738\" srcset=\"https:\/\/www.usborkeychain.com\/wp-content\/uploads\/Plastic-Lighter-USB-Flash-Drive.jpg 1000w, https:\/\/www.usborkeychain.com\/wp-content\/uploads\/Plastic-Lighter-USB-Flash-Drive-300x300.jpg 300w, https:\/\/www.usborkeychain.com\/wp-content\/uploads\/Plastic-Lighter-USB-Flash-Drive-150x150.jpg 150w, https:\/\/www.usborkeychain.com\/wp-content\/uploads\/Plastic-Lighter-USB-Flash-Drive-768x768.jpg 768w, https:\/\/www.usborkeychain.com\/wp-content\/uploads\/Plastic-Lighter-USB-Flash-Drive-12x12.jpg 12w, https:\/\/www.usborkeychain.com\/wp-content\/uploads\/Plastic-Lighter-USB-Flash-Drive-600x600.jpg 600w, https:\/\/www.usborkeychain.com\/wp-content\/uploads\/Plastic-Lighter-USB-Flash-Drive-100x100.jpg 100w\" sizes=\"(max-width: 1000px) 100vw, 1000px\" \/><\/figure>\n<\/div>\n\n\n\n<div class=\"wp-block-column is-layout-flow wp-block-column-is-layout-flow\">\n<figure class=\"wp-block-image size-full\"><img alt=\"\" loading=\"lazy\" decoding=\"async\" width=\"1024\" height=\"1024\" src=\"https:\/\/www.usborkeychain.com\/wp-content\/uploads\/plastic-case-for-usb-flash-drive.jpg\" class=\"wp-image-2724\" srcset=\"https:\/\/www.usborkeychain.com\/wp-content\/uploads\/plastic-case-for-usb-flash-drive.jpg 1024w, https:\/\/www.usborkeychain.com\/wp-content\/uploads\/plastic-case-for-usb-flash-drive-300x300.jpg 300w, https:\/\/www.usborkeychain.com\/wp-content\/uploads\/plastic-case-for-usb-flash-drive-150x150.jpg 150w, https:\/\/www.usborkeychain.com\/wp-content\/uploads\/plastic-case-for-usb-flash-drive-768x768.jpg 768w, https:\/\/www.usborkeychain.com\/wp-content\/uploads\/plastic-case-for-usb-flash-drive-12x12.jpg 12w, https:\/\/www.usborkeychain.com\/wp-content\/uploads\/plastic-case-for-usb-flash-drive-600x600.jpg 600w, https:\/\/www.usborkeychain.com\/wp-content\/uploads\/plastic-case-for-usb-flash-drive-100x100.jpg 100w\" sizes=\"(max-width: 1024px) 100vw, 1024px\" \/><\/figure>\n<\/div>\n\n\n\n<div class=\"wp-block-column is-layout-flow wp-block-column-is-layout-flow\">\n<figure class=\"wp-block-image size-full\"><img alt=\"\" loading=\"lazy\" decoding=\"async\" width=\"1000\" height=\"1000\" src=\"https:\/\/www.usborkeychain.com\/wp-content\/uploads\/O1CN01JmxRpW1Eon2XMct5t_1008900399-0-cib.jpg\" class=\"wp-image-2721\" srcset=\"https:\/\/www.usborkeychain.com\/wp-content\/uploads\/O1CN01JmxRpW1Eon2XMct5t_1008900399-0-cib.jpg 1000w, https:\/\/www.usborkeychain.com\/wp-content\/uploads\/O1CN01JmxRpW1Eon2XMct5t_1008900399-0-cib-300x300.jpg 300w, https:\/\/www.usborkeychain.com\/wp-content\/uploads\/O1CN01JmxRpW1Eon2XMct5t_1008900399-0-cib-150x150.jpg 150w, https:\/\/www.usborkeychain.com\/wp-content\/uploads\/O1CN01JmxRpW1Eon2XMct5t_1008900399-0-cib-768x768.jpg 768w, https:\/\/www.usborkeychain.com\/wp-content\/uploads\/O1CN01JmxRpW1Eon2XMct5t_1008900399-0-cib-12x12.jpg 12w, https:\/\/www.usborkeychain.com\/wp-content\/uploads\/O1CN01JmxRpW1Eon2XMct5t_1008900399-0-cib-600x600.jpg 600w, https:\/\/www.usborkeychain.com\/wp-content\/uploads\/O1CN01JmxRpW1Eon2XMct5t_1008900399-0-cib-100x100.jpg 100w\" sizes=\"(max-width: 1000px) 100vw, 1000px\" \/><\/figure>\n<\/div>\n<\/div>\n\n\n\n<h2 class=\"wp-block-heading\">\u00bfCu\u00e1les son las mejoras de la segunda generaci\u00f3n de la unidad USB del encendedor cl\u00e1sico?<\/h2>\n\n\n\n<p>Basada en el modelo alargado de la primera generaci\u00f3n, la segunda generaci\u00f3n se ha optimizado en un perfil rectangular redondeado, con dise\u00f1os de bordes de arco grandes en la cabeza y la cola, que hacen que la visi\u00f3n sea m\u00e1s redondeada y a la moda. El tama\u00f1o total es 15% menor que el de la generaci\u00f3n anterior, con un volumen medido de s\u00f3lo 680\u00d718\u00d72,8 mm. La capacidad de carga por caja durante el embalaje y el transporte aumenta en 20%, lo que reduce eficazmente los costes log\u00edsticos de exportaci\u00f3n. La f\u00e1brica puede suministrar cajas blancas neutras o embalajes de cajas de colores personalizados para adaptarse a las necesidades de adquisici\u00f3n del comercio electr\u00f3nico transfronterizo.<\/p>\n\n\n\n<div class=\"wp-block-columns is-layout-flex wp-container-core-columns-is-layout-28f84493 wp-block-columns-is-layout-flex\">\n<div class=\"wp-block-column is-layout-flow wp-block-column-is-layout-flow\">\n<figure class=\"wp-block-image size-full\"><img alt=\"\" loading=\"lazy\" decoding=\"async\" width=\"790\" height=\"564\" src=\"https:\/\/www.usborkeychain.com\/wp-content\/uploads\/Plastic-Lighter-USB-Flash-Drive-paper.jpg\" class=\"wp-image-2734\" srcset=\"https:\/\/www.usborkeychain.com\/wp-content\/uploads\/Plastic-Lighter-USB-Flash-Drive-paper.jpg 790w, https:\/\/www.usborkeychain.com\/wp-content\/uploads\/Plastic-Lighter-USB-Flash-Drive-paper-300x214.jpg 300w, https:\/\/www.usborkeychain.com\/wp-content\/uploads\/Plastic-Lighter-USB-Flash-Drive-paper-768x548.jpg 768w, https:\/\/www.usborkeychain.com\/wp-content\/uploads\/Plastic-Lighter-USB-Flash-Drive-paper-18x12.jpg 18w, https:\/\/www.usborkeychain.com\/wp-content\/uploads\/Plastic-Lighter-USB-Flash-Drive-paper-600x428.jpg 600w\" sizes=\"(max-width: 790px) 100vw, 790px\" \/><\/figure>\n<\/div>\n\n\n\n<div class=\"wp-block-column is-layout-flow wp-block-column-is-layout-flow\">\n<figure class=\"wp-block-image size-full\"><img alt=\"\" loading=\"lazy\" decoding=\"async\" width=\"790\" height=\"564\" src=\"https:\/\/www.usborkeychain.com\/wp-content\/uploads\/Plastic-Lighter-USB-Flash-Drive-plastic-box.jpg\" class=\"wp-image-2735\" srcset=\"https:\/\/www.usborkeychain.com\/wp-content\/uploads\/Plastic-Lighter-USB-Flash-Drive-plastic-box.jpg 790w, https:\/\/www.usborkeychain.com\/wp-content\/uploads\/Plastic-Lighter-USB-Flash-Drive-plastic-box-300x214.jpg 300w, https:\/\/www.usborkeychain.com\/wp-content\/uploads\/Plastic-Lighter-USB-Flash-Drive-plastic-box-768x548.jpg 768w, https:\/\/www.usborkeychain.com\/wp-content\/uploads\/Plastic-Lighter-USB-Flash-Drive-plastic-box-18x12.jpg 18w, https:\/\/www.usborkeychain.com\/wp-content\/uploads\/Plastic-Lighter-USB-Flash-Drive-plastic-box-600x428.jpg 600w\" sizes=\"(max-width: 790px) 100vw, 790px\" \/><\/figure>\n<\/div>\n\n\n\n<div class=\"wp-block-column is-layout-flow wp-block-column-is-layout-flow\">\n<figure class=\"wp-block-image size-full\"><img alt=\"\" loading=\"lazy\" decoding=\"async\" width=\"790\" height=\"564\" src=\"https:\/\/www.usborkeychain.com\/wp-content\/uploads\/Plastic-Lighter-USB-Flash-Drive-gift-box.jpg\" class=\"wp-image-2733\" srcset=\"https:\/\/www.usborkeychain.com\/wp-content\/uploads\/Plastic-Lighter-USB-Flash-Drive-gift-box.jpg 790w, https:\/\/www.usborkeychain.com\/wp-content\/uploads\/Plastic-Lighter-USB-Flash-Drive-gift-box-300x214.jpg 300w, https:\/\/www.usborkeychain.com\/wp-content\/uploads\/Plastic-Lighter-USB-Flash-Drive-gift-box-768x548.jpg 768w, https:\/\/www.usborkeychain.com\/wp-content\/uploads\/Plastic-Lighter-USB-Flash-Drive-gift-box-18x12.jpg 18w, https:\/\/www.usborkeychain.com\/wp-content\/uploads\/Plastic-Lighter-USB-Flash-Drive-gift-box-600x428.jpg 600w\" sizes=\"(max-width: 790px) 100vw, 790px\" \/><\/figure>\n<\/div>\n\n\n\n<div class=\"wp-block-column is-layout-flow wp-block-column-is-layout-flow\">\n<figure class=\"wp-block-image size-full\"><img alt=\"\" loading=\"lazy\" decoding=\"async\" width=\"790\" height=\"564\" src=\"https:\/\/www.usborkeychain.com\/wp-content\/uploads\/Plastic-Lighter-USB-Flash-Drive-tin-box.jpg\" class=\"wp-image-2737\" srcset=\"https:\/\/www.usborkeychain.com\/wp-content\/uploads\/Plastic-Lighter-USB-Flash-Drive-tin-box.jpg 790w, https:\/\/www.usborkeychain.com\/wp-content\/uploads\/Plastic-Lighter-USB-Flash-Drive-tin-box-300x214.jpg 300w, https:\/\/www.usborkeychain.com\/wp-content\/uploads\/Plastic-Lighter-USB-Flash-Drive-tin-box-768x548.jpg 768w, https:\/\/www.usborkeychain.com\/wp-content\/uploads\/Plastic-Lighter-USB-Flash-Drive-tin-box-18x12.jpg 18w, https:\/\/www.usborkeychain.com\/wp-content\/uploads\/Plastic-Lighter-USB-Flash-Drive-tin-box-600x428.jpg 600w\" sizes=\"(max-width: 790px) 100vw, 790px\" \/><\/figure>\n<\/div>\n<\/div>\n\n\n\n<h2 class=\"wp-block-heading\">\u00bfSe pueden personalizar con logotipos los dos modelos de memorias USB encendedor?<\/h2>\n\n\n\n<p>Admiten dos procesos de personalizaci\u00f3n: serigraf\u00eda y tampograf\u00eda, que pueden presentar LOGOTIPOS de marca, esl\u00f3ganes de eventos y otros patrones en la carcasa de pl\u00e1stico del cuerpo. La luz LED incorporada har\u00e1 parpadear la luz de color de la marca (el color puede personalizarse) cuando la unidad USB se inserte en el ordenador, reforzando el punto de memoria de la marca. El fabricante ofrece servicios de venta al por mayor con una cantidad m\u00ednima de pedido de 100 unidades, admitiendo lotes mixtos de las dos generaciones de modelos. Un inventario puntual suficiente lo hace adecuado para la adquisici\u00f3n al por mayor por parte de empresas de regalos y comerciantes de comercio exterior.<\/p>\n\n\n\n<p>La cl\u00e1sica unidad USB con encendedor de pl\u00e1stico, con sus 20 a\u00f1os de dise\u00f1o maduro verificado por el mercado, combinada con el tratamiento de proceso diversificado del pl\u00e1stico ABS y las ventajas de personalizaci\u00f3n y venta al por mayor del suministro directo del fabricante, se ha convertido en una opci\u00f3n rentable para los clientes B2B en los campos de los regalos promocionales y la exportaci\u00f3n transfronteriza.<\/p>","protected":false},"excerpt":{"rendered":"<p>Introduction to the Classic Plastic Lighter USB Drive The classic plastic lighter USB drive, a special name given by USB [&hellip;]<\/p>","protected":false},"featured_media":2736,"comment_status":"open","ping_status":"closed","template":"","meta":{"_seopress_robots_primary_cat":"none","_seopress_titles_title":"","_seopress_titles_desc":"","_seopress_robots_index":"","site-sidebar-layout":"default","site-content-layout":"","ast-site-content-layout":"","site-content-style":"default","site-sidebar-style":"default","ast-global-header-display":"","ast-banner-title-visibility":"","ast-main-header-display":"","ast-hfb-above-header-display":"","ast-hfb-below-header-display":"","ast-hfb-mobile-header-display":"","site-post-title":"","ast-breadcrumbs-content":"","ast-featured-img":"","footer-sml-layout":"","theme-transparent-header-meta":"","adv-header-id-meta":"","stick-header-meta":"","header-above-stick-meta":"","header-main-stick-meta":"","header-below-stick-meta":"","astra-migrate-meta-layouts":"default","ast-page-background-enabled":"default","ast-page-background-meta":{"desktop":{"background-color":"var(--ast-global-color-5)","background-image":"","background-repeat":"repeat","background-position":"center center","background-size":"auto","background-attachment":"scroll","background-type":"","background-media":"","overlay-type":"","overlay-color":"","overlay-opacity":"","overlay-gradient":""},"tablet":{"background-color":"","background-image":"","background-repeat":"repeat","background-position":"center center","background-size":"auto","background-attachment":"scroll","background-type":"","background-media":"","overlay-type":"","overlay-color":"","overlay-opacity":"","overlay-gradient":""},"mobile":{"background-color":"","background-image":"","background-repeat":"repeat","background-position":"center center","background-size":"auto","background-attachment":"scroll","background-type":"","background-media":"","overlay-type":"","overlay-color":"","overlay-opacity":"","overlay-gradient":""}},"ast-content-background-meta":{"desktop":{"background-color":"var(--ast-global-color-4)","background-image":"","background-repeat":"repeat","background-position":"center center","background-size":"auto","background-attachment":"scroll","background-type":"","background-media":"","overlay-type":"","overlay-color":"","overlay-opacity":"","overlay-gradient":""},"tablet":{"background-color":"var(--ast-global-color-4)","background-image":"","background-repeat":"repeat","background-position":"center center","background-size":"auto","background-attachment":"scroll","background-type":"","background-media":"","overlay-type":"","overlay-color":"","overlay-opacity":"","overlay-gradient":""},"mobile":{"background-color":"var(--ast-global-color-4)","background-image":"","background-repeat":"repeat","background-position":"center center","background-size":"auto","background-attachment":"scroll","background-type":"","background-media":"","overlay-type":"","overlay-color":"","overlay-opacity":"","overlay-gradient":""}}},"product_brand":[],"product_cat":[92],"product_tag":[178],"class_list":{"0":"post-2708","1":"product","2":"type-product","3":"status-publish","4":"has-post-thumbnail","6":"product_cat-plastic-usb-pendrive","7":"product_tag-lighter-usb-flash-drive","8":"desktop-align-left","9":"tablet-align-left","10":"mobile-align-left","12":"first","13":"instock","14":"shipping-taxable","15":"product-type-simple"},"_links":{"self":[{"href":"https:\/\/www.usborkeychain.com\/es\/wp-json\/wp\/v2\/product\/2708","targetHints":{"allow":["GET"]}}],"collection":[{"href":"https:\/\/www.usborkeychain.com\/es\/wp-json\/wp\/v2\/product"}],"about":[{"href":"https:\/\/www.usborkeychain.com\/es\/wp-json\/wp\/v2\/types\/product"}],"replies":[{"embeddable":true,"href":"https:\/\/www.usborkeychain.com\/es\/wp-json\/wp\/v2\/comments?post=2708"}],"wp:featuredmedia":[{"embeddable":true,"href":"https:\/\/www.usborkeychain.com\/es\/wp-json\/wp\/v2\/media\/2736"}],"wp:attachment":[{"href":"https:\/\/www.usborkeychain.com\/es\/wp-json\/wp\/v2\/media?parent=2708"}],"wp:term":[{"taxonomy":"product_brand","embeddable":true,"href":"https:\/\/www.usborkeychain.com\/es\/wp-json\/wp\/v2\/product_brand?post=2708"},{"taxonomy":"product_cat","embeddable":true,"href":"https:\/\/www.usborkeychain.com\/es\/wp-json\/wp\/v2\/product_cat?post=2708"},{"taxonomy":"product_tag","embeddable":true,"href":"https:\/\/www.usborkeychain.com\/es\/wp-json\/wp\/v2\/product_tag?post=2708"}],"curies":[{"name":"wp","href":"https:\/\/api.w.org\/{rel}","templated":true}]}}