{"id":2741,"date":"2025-06-23T05:36:45","date_gmt":"2025-06-23T05:36:45","guid":{"rendered":"https:\/\/www.usborkeychain.com\/?post_type=product&#038;p=2741"},"modified":"2025-06-23T08:04:40","modified_gmt":"2025-06-23T08:04:40","slug":"retro-key-metal-usb-drive","status":"publish","type":"product","link":"https:\/\/www.usborkeychain.com\/es\/producto\/retro-key-metal-usb-drive\/","title":{"rendered":"Memoria USB met\u00e1lica Retro Key"},"content":{"rendered":"<h2 class=\"wp-block-heading\"><strong>\u00bfQu\u00e9 es una memoria USB met\u00e1lica Retro Key? <\/strong><strong><\/strong><\/h2>\n\n\n\n<div class=\"wp-block-columns is-layout-flex wp-container-core-columns-is-layout-28f84493 wp-block-columns-is-layout-flex\">\n<div class=\"wp-block-column is-layout-flow wp-block-column-is-layout-flow\">\n<figure class=\"wp-block-image aligncenter size-full is-resized\"><img fetchpriority=\"high\" decoding=\"async\" width=\"800\" height=\"800\" src=\"https:\/\/www.usborkeychain.com\/wp-content\/uploads\/China-key-shape-metal-usb-flash-drive-supplier.jpg\" alt=\"China key shape metal usb flash drive supplier\" class=\"wp-image-2748\" style=\"width:450px\" srcset=\"https:\/\/www.usborkeychain.com\/wp-content\/uploads\/China-key-shape-metal-usb-flash-drive-supplier.jpg 800w, https:\/\/www.usborkeychain.com\/wp-content\/uploads\/China-key-shape-metal-usb-flash-drive-supplier-300x300.jpg 300w, https:\/\/www.usborkeychain.com\/wp-content\/uploads\/China-key-shape-metal-usb-flash-drive-supplier-150x150.jpg 150w, https:\/\/www.usborkeychain.com\/wp-content\/uploads\/China-key-shape-metal-usb-flash-drive-supplier-768x768.jpg 768w, https:\/\/www.usborkeychain.com\/wp-content\/uploads\/China-key-shape-metal-usb-flash-drive-supplier-12x12.jpg 12w, https:\/\/www.usborkeychain.com\/wp-content\/uploads\/China-key-shape-metal-usb-flash-drive-supplier-600x600.jpg 600w, https:\/\/www.usborkeychain.com\/wp-content\/uploads\/China-key-shape-metal-usb-flash-drive-supplier-100x100.jpg 100w\" sizes=\"(max-width: 800px) 100vw, 800px\" \/><\/figure>\n<\/div>\n\n\n\n<div class=\"wp-block-column is-vertically-aligned-center is-layout-flow wp-block-column-is-layout-flow\">\n<p>La memoria USB met\u00e1lica retro key es un producto que integra a la perfecci\u00f3n pr\u00e1cticas funciones de almacenamiento con un creativo dise\u00f1o en forma de llave. Fabricada en metal, presenta un aspecto de llave realista con un dise\u00f1o hueco en forma de coraz\u00f3n en el mango de la llave, conservando la forma cl\u00e1sica de una llave y a\u00f1adiendo al mismo tiempo un elemento rom\u00e1ntico \u00fanico.<\/p>\n\n\n\n<p>El material met\u00e1lico le confiere una caracter\u00edstica duradera, haci\u00e9ndolo resistente a los da\u00f1os en el uso diario. Mientras tanto, la forma de llave permite colgarlo f\u00e1cilmente en un llavero para llevarlo c\u00f3modamente, satisfaciendo sus necesidades de almacenamiento y transmisi\u00f3n de datos en cualquier momento y lugar. Es un art\u00edculo digital que combina practicidad y decoraci\u00f3n.<\/p>\n<\/div>\n<\/div>\n\n\n\n<h2 class=\"wp-block-heading\"><strong>Interfaz y <\/strong><strong>Capacidad<\/strong><strong>\u00a0de la memoria USB met\u00e1lica Retro Key <\/strong><\/h2>\n\n\n\n<p>La unidad USB Retro Key Metal est\u00e1 equipada con una interfaz USB3.0 de alta velocidad y admite m\u00faltiples opciones de capacidad, como 8 GB, 16 GB, 32 GB, 64 GB y 128 GB, para satisfacer de forma flexible diferentes necesidades de almacenamiento.<\/p>\n\n\n\n<h2 class=\"wp-block-heading\"><strong>Color de la memoria USB met\u00e1lica Retro Key <\/strong><strong><\/strong><\/h2>\n\n\n\n<p>Su color es el oro retro. Este dorado no es un color mon\u00f3tono ordinario, sino que lleva la textura fina \u00fanica y el encanto retro del metal. Bajo la iluminaci\u00f3n de la luz, presenta un brillo met\u00e1lico estratificado, como una llave antigua que ha pasado por la precipitaci\u00f3n del tiempo, exudando delicadeza de forma discreta.<\/p>\n\n\n\n<p>Tanto si brilla al sol como si emite un c\u00e1lido resplandor en la suave luz interior, puede convertirse en una presencia llamativa en el llavero, a\u00f1adiendo un toque de moda \u00fanica y ambiente retro a su colocaci\u00f3n diaria.<\/p>\n\n\n\n<div class=\"wp-block-columns is-layout-flex wp-container-core-columns-is-layout-28f84493 wp-block-columns-is-layout-flex\">\n<div class=\"wp-block-column is-layout-flow wp-block-column-is-layout-flow\">\n<figure class=\"wp-block-image aligncenter size-full is-resized\"><img decoding=\"async\" width=\"800\" height=\"800\" src=\"https:\/\/www.usborkeychain.com\/wp-content\/uploads\/bulk-key-shape-metal-usb-flash-drive.jpg\" alt=\"bulk key shape metal usb flash drive\" class=\"wp-image-2747\" style=\"width:450px\" srcset=\"https:\/\/www.usborkeychain.com\/wp-content\/uploads\/bulk-key-shape-metal-usb-flash-drive.jpg 800w, https:\/\/www.usborkeychain.com\/wp-content\/uploads\/bulk-key-shape-metal-usb-flash-drive-300x300.jpg 300w, https:\/\/www.usborkeychain.com\/wp-content\/uploads\/bulk-key-shape-metal-usb-flash-drive-150x150.jpg 150w, https:\/\/www.usborkeychain.com\/wp-content\/uploads\/bulk-key-shape-metal-usb-flash-drive-768x768.jpg 768w, https:\/\/www.usborkeychain.com\/wp-content\/uploads\/bulk-key-shape-metal-usb-flash-drive-12x12.jpg 12w, https:\/\/www.usborkeychain.com\/wp-content\/uploads\/bulk-key-shape-metal-usb-flash-drive-600x600.jpg 600w, https:\/\/www.usborkeychain.com\/wp-content\/uploads\/bulk-key-shape-metal-usb-flash-drive-100x100.jpg 100w\" sizes=\"(max-width: 800px) 100vw, 800px\" \/><\/figure>\n<\/div>\n\n\n\n<div class=\"wp-block-column is-layout-flow wp-block-column-is-layout-flow\">\n<figure class=\"wp-block-image aligncenter size-full is-resized\"><img decoding=\"async\" width=\"800\" height=\"800\" src=\"https:\/\/www.usborkeychain.com\/wp-content\/uploads\/key-shape-metal-usb-flash-drive.jpg\" alt=\"key shape metal usb flash drive\" class=\"wp-image-2749\" style=\"width:450px\" srcset=\"https:\/\/www.usborkeychain.com\/wp-content\/uploads\/key-shape-metal-usb-flash-drive.jpg 800w, https:\/\/www.usborkeychain.com\/wp-content\/uploads\/key-shape-metal-usb-flash-drive-300x300.jpg 300w, https:\/\/www.usborkeychain.com\/wp-content\/uploads\/key-shape-metal-usb-flash-drive-150x150.jpg 150w, https:\/\/www.usborkeychain.com\/wp-content\/uploads\/key-shape-metal-usb-flash-drive-768x768.jpg 768w, https:\/\/www.usborkeychain.com\/wp-content\/uploads\/key-shape-metal-usb-flash-drive-12x12.jpg 12w, https:\/\/www.usborkeychain.com\/wp-content\/uploads\/key-shape-metal-usb-flash-drive-600x600.jpg 600w, https:\/\/www.usborkeychain.com\/wp-content\/uploads\/key-shape-metal-usb-flash-drive-100x100.jpg 100w\" sizes=\"(max-width: 800px) 100vw, 800px\" \/><\/figure>\n<\/div>\n<\/div>\n\n\n\n<h2 class=\"wp-block-heading\"><strong>\u00bfSe puede personalizar la memoria USB met\u00e1lica Retro Key con un logotipo? <\/strong><strong><\/strong><\/h2>\n\n\n\n<div class=\"wp-block-columns is-layout-flex wp-container-core-columns-is-layout-28f84493 wp-block-columns-is-layout-flex\">\n<div class=\"wp-block-column is-layout-flow wp-block-column-is-layout-flow\">\n<figure class=\"wp-block-image aligncenter size-full is-resized\"><img loading=\"lazy\" decoding=\"async\" width=\"800\" height=\"800\" src=\"https:\/\/www.usborkeychain.com\/wp-content\/uploads\/Retro-Key-Metal-USB-Drive.jpg\" alt=\"Retro Key Metal USB Drive\" class=\"wp-image-2750\" style=\"width:450px\" srcset=\"https:\/\/www.usborkeychain.com\/wp-content\/uploads\/Retro-Key-Metal-USB-Drive.jpg 800w, https:\/\/www.usborkeychain.com\/wp-content\/uploads\/Retro-Key-Metal-USB-Drive-300x300.jpg 300w, https:\/\/www.usborkeychain.com\/wp-content\/uploads\/Retro-Key-Metal-USB-Drive-150x150.jpg 150w, https:\/\/www.usborkeychain.com\/wp-content\/uploads\/Retro-Key-Metal-USB-Drive-768x768.jpg 768w, https:\/\/www.usborkeychain.com\/wp-content\/uploads\/Retro-Key-Metal-USB-Drive-12x12.jpg 12w, https:\/\/www.usborkeychain.com\/wp-content\/uploads\/Retro-Key-Metal-USB-Drive-600x600.jpg 600w, https:\/\/www.usborkeychain.com\/wp-content\/uploads\/Retro-Key-Metal-USB-Drive-100x100.jpg 100w\" sizes=\"(max-width: 800px) 100vw, 800px\" \/><\/figure>\n<\/div>\n\n\n\n<div class=\"wp-block-column is-vertically-aligned-center is-layout-flow wp-block-column-is-layout-flow\">\n<p>Por supuesto. Tanto la parte delantera como la trasera de la unidad USB met\u00e1lica con llave retro admiten la personalizaci\u00f3n del logotipo. Gracias a la avanzada tecnolog\u00eda de grabado por l\u00e1ser, puede grabar con precisi\u00f3n su logotipo exclusivo, texto, patr\u00f3n, etc., en la superficie de la unidad USB.<\/p>\n\n\n\n<p>Las ventajas del grabado por l\u00e1ser son evidentes: no s\u00f3lo las l\u00edneas de grabado son finas y claras, lo que hace que el logotipo presente una textura de alta calidad, sino que adem\u00e1s la combinaci\u00f3n con el material met\u00e1lico es herm\u00e9tica, no es f\u00e1cil que se desgaste o se caiga, y puede mantener el efecto personalizado durante mucho tiempo.<\/p>\n\n\n\n<p>Tanto si lo personalizan las empresas como regalo de empresa con el logotipo de la compa\u00f1\u00eda para transmitir la imagen de marca como si lo personalizan los particulares con s\u00edmbolos exclusivos para crear un significado conmemorativo \u00fanico, se puede conseguir f\u00e1cilmente, lo que hace que esta unidad USB tenga m\u00e1s valor por su exclusividad.<\/p>\n<\/div>\n<\/div>\n\n\n\n<h2 class=\"wp-block-heading\"><strong>Resumen <\/strong><strong><\/strong><\/h2>\n\n\n\n<p>La unidad USB retro key metal, con su creativo dise\u00f1o de forma de llave + material met\u00e1lico, combinada con una interfaz USB3.0 de alta velocidad, ofrece un excelente rendimiento en par\u00e1metros como capacidad, dimensiones y velocidad de lectura\/escritura. Su color dorado retro es visualmente atractivo, y tambi\u00e9n admite la personalizaci\u00f3n flexible del logotipo.<\/p>\n\n\n\n<p>Tanto si es un usuario normal que almacena datos en la vida diaria como si es una empresa o un particular que personaliza regalos exclusivos, puede satisfacer sus necesidades con sus funciones pr\u00e1cticas y su aspecto \u00fanico, convirti\u00e9ndose en un ayudante pr\u00e1ctico y llamativo en la vida digital, digno de ser comprado y experimentado.<\/p>","protected":false},"excerpt":{"rendered":"<ul>\n<li>Dise\u00f1o en forma de llave<\/li>\n<li>Material met\u00e1lico<\/li>\n<li>Impermeable y duradero<\/li>\n<li>Mayor velocidad y alta calidad<\/li>\n<li>Fiabilidad y seguridad<\/li>\n<li>Ideal para todos los usos<\/li>\n<\/ul>","protected":false},"featured_media":2747,"comment_status":"open","ping_status":"closed","template":"","meta":{"_seopress_robots_primary_cat":"","_seopress_titles_title":"","_seopress_titles_desc":"","_seopress_robots_index":"","site-sidebar-layout":"default","site-content-layout":"","ast-site-content-layout":"","site-content-style":"default","site-sidebar-style":"default","ast-global-header-display":"","ast-banner-title-visibility":"","ast-main-header-display":"","ast-hfb-above-header-display":"","ast-hfb-below-header-display":"","ast-hfb-mobile-header-display":"","site-post-title":"","ast-breadcrumbs-content":"","ast-featured-img":"","footer-sml-layout":"","theme-transparent-header-meta":"","adv-header-id-meta":"","stick-header-meta":"","header-above-stick-meta":"","header-main-stick-meta":"","header-below-stick-meta":"","astra-migrate-meta-layouts":"default","ast-page-background-enabled":"default","ast-page-background-meta":{"desktop":{"background-color":"var(--ast-global-color-5)","background-image":"","background-repeat":"repeat","background-position":"center center","background-size":"auto","background-attachment":"scroll","background-type":"","background-media":"","overlay-type":"","overlay-color":"","overlay-opacity":"","overlay-gradient":""},"tablet":{"background-color":"","background-image":"","background-repeat":"repeat","background-position":"center center","background-size":"auto","background-attachment":"scroll","background-type":"","background-media":"","overlay-type":"","overlay-color":"","overlay-opacity":"","overlay-gradient":""},"mobile":{"background-color":"","background-image":"","background-repeat":"repeat","background-position":"center center","background-size":"auto","background-attachment":"scroll","background-type":"","background-media":"","overlay-type":"","overlay-color":"","overlay-opacity":"","overlay-gradient":""}},"ast-content-background-meta":{"desktop":{"background-color":"var(--ast-global-color-4)","background-image":"","background-repeat":"repeat","background-position":"center center","background-size":"auto","background-attachment":"scroll","background-type":"","background-media":"","overlay-type":"","overlay-color":"","overlay-opacity":"","overlay-gradient":""},"tablet":{"background-color":"var(--ast-global-color-4)","background-image":"","background-repeat":"repeat","background-position":"center center","background-size":"auto","background-attachment":"scroll","background-type":"","background-media":"","overlay-type":"","overlay-color":"","overlay-opacity":"","overlay-gradient":""},"mobile":{"background-color":"var(--ast-global-color-4)","background-image":"","background-repeat":"repeat","background-position":"center center","background-size":"auto","background-attachment":"scroll","background-type":"","background-media":"","overlay-type":"","overlay-color":"","overlay-opacity":"","overlay-gradient":""}}},"product_brand":[],"product_cat":[108,103],"product_tag":[179],"class_list":{"0":"post-2741","1":"product","2":"type-product","3":"status-publish","4":"has-post-thumbnail","6":"product_cat-key-shaped-usb-pendrive","7":"product_cat-usb2-0-usb-pendrive","8":"product_tag-retro-key-metal-usb-drive","9":"desktop-align-left","10":"tablet-align-left","11":"mobile-align-left","13":"first","14":"instock","15":"shipping-taxable","16":"product-type-simple"},"_links":{"self":[{"href":"https:\/\/www.usborkeychain.com\/es\/wp-json\/wp\/v2\/product\/2741","targetHints":{"allow":["GET"]}}],"collection":[{"href":"https:\/\/www.usborkeychain.com\/es\/wp-json\/wp\/v2\/product"}],"about":[{"href":"https:\/\/www.usborkeychain.com\/es\/wp-json\/wp\/v2\/types\/product"}],"replies":[{"embeddable":true,"href":"https:\/\/www.usborkeychain.com\/es\/wp-json\/wp\/v2\/comments?post=2741"}],"wp:featuredmedia":[{"embeddable":true,"href":"https:\/\/www.usborkeychain.com\/es\/wp-json\/wp\/v2\/media\/2747"}],"wp:attachment":[{"href":"https:\/\/www.usborkeychain.com\/es\/wp-json\/wp\/v2\/media?parent=2741"}],"wp:term":[{"taxonomy":"product_brand","embeddable":true,"href":"https:\/\/www.usborkeychain.com\/es\/wp-json\/wp\/v2\/product_brand?post=2741"},{"taxonomy":"product_cat","embeddable":true,"href":"https:\/\/www.usborkeychain.com\/es\/wp-json\/wp\/v2\/product_cat?post=2741"},{"taxonomy":"product_tag","embeddable":true,"href":"https:\/\/www.usborkeychain.com\/es\/wp-json\/wp\/v2\/product_tag?post=2741"}],"curies":[{"name":"wp","href":"https:\/\/api.w.org\/{rel}","templated":true}]}}