{"id":2751,"date":"2025-06-23T06:32:00","date_gmt":"2025-06-23T06:32:00","guid":{"rendered":"https:\/\/www.usborkeychain.com\/?post_type=product&#038;p=2751"},"modified":"2025-07-31T00:30:26","modified_gmt":"2025-07-31T00:30:26","slug":"metal-pen-usb-drive","status":"publish","type":"product","link":"https:\/\/www.usborkeychain.com\/es\/producto\/metal-pen-usb-drive\/","title":{"rendered":"Bol\u00edgrafo met\u00e1lico Unidad USB"},"content":{"rendered":"<h2 class=\"wp-block-heading\"><strong>\u00bfQu\u00e9 es una unidad USB Metal Pen? <\/strong><strong><\/strong><\/h2>\n\n\n\n<div class=\"wp-block-columns is-layout-flex wp-container-core-columns-is-layout-28f84493 wp-block-columns-is-layout-flex\">\n<div class=\"wp-block-column is-layout-flow wp-block-column-is-layout-flow\">\n<figure class=\"wp-block-image aligncenter size-full is-resized\"><img fetchpriority=\"high\" decoding=\"async\" width=\"800\" height=\"800\" src=\"https:\/\/www.usborkeychain.com\/wp-content\/uploads\/Metal-Pen-USB-Drive-supplier.jpg\" alt=\"Metal Pen USB Drive supplier\" class=\"wp-image-2756\" style=\"width:450px\" srcset=\"https:\/\/www.usborkeychain.com\/wp-content\/uploads\/Metal-Pen-USB-Drive-supplier.jpg 800w, https:\/\/www.usborkeychain.com\/wp-content\/uploads\/Metal-Pen-USB-Drive-supplier-300x300.jpg 300w, https:\/\/www.usborkeychain.com\/wp-content\/uploads\/Metal-Pen-USB-Drive-supplier-150x150.jpg 150w, https:\/\/www.usborkeychain.com\/wp-content\/uploads\/Metal-Pen-USB-Drive-supplier-768x768.jpg 768w, https:\/\/www.usborkeychain.com\/wp-content\/uploads\/Metal-Pen-USB-Drive-supplier-12x12.jpg 12w, https:\/\/www.usborkeychain.com\/wp-content\/uploads\/Metal-Pen-USB-Drive-supplier-600x600.jpg 600w, https:\/\/www.usborkeychain.com\/wp-content\/uploads\/Metal-Pen-USB-Drive-supplier-100x100.jpg 100w\" sizes=\"(max-width: 800px) 100vw, 800px\" \/><\/figure>\n<\/div>\n\n\n\n<div class=\"wp-block-column is-vertically-aligned-center is-layout-flow wp-block-column-is-layout-flow\">\n<p>El bol\u00edgrafo met\u00e1lico unidad USB es un producto innovador que integra inteligentemente las funciones de una herramienta de escritura y un dispositivo de almacenamiento. Presenta una forma cl\u00e1sica de bol\u00edgrafo, con el cuerpo de metal, que combina la textura y la durabilidad del metal.<\/p>\n\n\n\n<p>En el uso diario, se puede utilizar para escribir y grabar como un bol\u00edgrafo normal, mientras que la unidad USB oculta en el cuerpo del bol\u00edgrafo se puede utilizar para almacenar y transferir archivos en cualquier momento, lo que permite equilibrar las necesidades de escritura y almacenamiento de datos con un solo bol\u00edgrafo en situaciones de oficina y estudio, por lo que resulta pr\u00e1ctico y c\u00f3modo.<\/p>\n<\/div>\n<\/div>\n\n\n\n<h2 class=\"wp-block-heading\"><strong>Interfaz y par\u00e1metros de la unidad USB Metal Pen <\/strong><strong><\/strong><\/h2>\n\n\n\n<figure class=\"wp-block-table\"><table class=\"has-fixed-layout\"><tbody><tr><td>Categor\u00eda de par\u00e1metros<\/td><td>Detalles espec\u00edficos<\/td><\/tr><tr><td>Capacidad<\/td><td>Ofrece una rica selecci\u00f3n, que abarca 8 GB, 16 GB, 32 GB, 64 GB, 128 GB, etc., y puede adquirirse de forma flexible en funci\u00f3n de las necesidades.<\/td><\/tr><tr><td>Dimensiones<\/td><td>El cuerpo del bol\u00edgrafo mide 135 mm de longitud y 12 mm de di\u00e1metro, con una forma esbelta que se adapta al h\u00e1bito de agarre de la mano y no ocupa espacio cuando se introduce en una bolsa o bolsillo para bol\u00edgrafos.<\/td><\/tr><tr><td>Peso<\/td><td>S\u00f3lo 22 g, ligera y c\u00f3moda en la mano, sin peso evidente al escribir o llevarla durante mucho tiempo.<\/td><\/tr><\/tbody><\/table><\/figure>\n\n\n\n<h2 class=\"wp-block-heading\"><strong>\u4e09\u3001\u00bfQu\u00e9 colores tiene la unidad USB bol\u00edgrafo de metal? <\/strong><strong><\/strong><\/h2>\n\n\n\n<p>El bol\u00edgrafo met\u00e1lico USB est\u00e1 disponible en una variedad de encantadores colores, como plata, negro, rojo, oro, etc.<\/p>\n\n\n\n<p>El plateado fr\u00edo es tan brillante como un espejo met\u00e1lico, lleno de textura; el negro cl\u00e1sico desprende un estilo tranquilo y digno; el rojo vivo es como una llama apasionada, de gran impacto visual; el oro lujoso tiene su propio brillo noble; y el azul fresco aporta una experiencia visual refrescante.<\/p>\n\n\n\n<p>Bas\u00e1ndose en el material met\u00e1lico, estos colores presentan una textura delicada y brillante, y bajo diferentes irradiaciones de luz, mostrar\u00e1n cambios de color met\u00e1licos \u00fanicos, haciendo que cada unidad USB bol\u00edgrafo met\u00e1lico sea a la vez pr\u00e1ctico y hermoso, adapt\u00e1ndose f\u00e1cilmente a diferentes personalidades y necesidades de escena.<\/p>\n\n\n\n<div class=\"wp-block-columns is-layout-flex wp-container-core-columns-is-layout-28f84493 wp-block-columns-is-layout-flex\">\n<div class=\"wp-block-column is-layout-flow wp-block-column-is-layout-flow\">\n<figure class=\"wp-block-image aligncenter size-full is-resized\"><img decoding=\"async\" width=\"800\" height=\"800\" src=\"https:\/\/www.usborkeychain.com\/wp-content\/uploads\/Metal-Pen-USB-Drive.jpg\" alt=\"Metal Pen USB Drive\" class=\"wp-image-2757\" style=\"width:450px\" srcset=\"https:\/\/www.usborkeychain.com\/wp-content\/uploads\/Metal-Pen-USB-Drive.jpg 800w, https:\/\/www.usborkeychain.com\/wp-content\/uploads\/Metal-Pen-USB-Drive-300x300.jpg 300w, https:\/\/www.usborkeychain.com\/wp-content\/uploads\/Metal-Pen-USB-Drive-150x150.jpg 150w, https:\/\/www.usborkeychain.com\/wp-content\/uploads\/Metal-Pen-USB-Drive-768x768.jpg 768w, https:\/\/www.usborkeychain.com\/wp-content\/uploads\/Metal-Pen-USB-Drive-12x12.jpg 12w, https:\/\/www.usborkeychain.com\/wp-content\/uploads\/Metal-Pen-USB-Drive-600x600.jpg 600w, https:\/\/www.usborkeychain.com\/wp-content\/uploads\/Metal-Pen-USB-Drive-100x100.jpg 100w\" sizes=\"(max-width: 800px) 100vw, 800px\" \/><\/figure>\n<\/div>\n\n\n\n<div class=\"wp-block-column is-layout-flow wp-block-column-is-layout-flow\">\n<figure class=\"wp-block-image aligncenter size-full is-resized\"><img decoding=\"async\" width=\"800\" height=\"800\" src=\"https:\/\/www.usborkeychain.com\/wp-content\/uploads\/Metal-Pen-USB-Drive-factory.jpg\" alt=\"Metal Pen USB Drive factory\" class=\"wp-image-2755\" style=\"width:450px\" srcset=\"https:\/\/www.usborkeychain.com\/wp-content\/uploads\/Metal-Pen-USB-Drive-factory.jpg 800w, https:\/\/www.usborkeychain.com\/wp-content\/uploads\/Metal-Pen-USB-Drive-factory-300x300.jpg 300w, https:\/\/www.usborkeychain.com\/wp-content\/uploads\/Metal-Pen-USB-Drive-factory-150x150.jpg 150w, https:\/\/www.usborkeychain.com\/wp-content\/uploads\/Metal-Pen-USB-Drive-factory-768x768.jpg 768w, https:\/\/www.usborkeychain.com\/wp-content\/uploads\/Metal-Pen-USB-Drive-factory-12x12.jpg 12w, https:\/\/www.usborkeychain.com\/wp-content\/uploads\/Metal-Pen-USB-Drive-factory-600x600.jpg 600w, https:\/\/www.usborkeychain.com\/wp-content\/uploads\/Metal-Pen-USB-Drive-factory-100x100.jpg 100w\" sizes=\"(max-width: 800px) 100vw, 800px\" \/><\/figure>\n<\/div>\n<\/div>\n\n\n\n<h2 class=\"wp-block-heading\"><strong>\u56db\u3001\u00bfSe puede personalizar el bol\u00edgrafo de metal con un logotipo? <\/strong><strong><\/strong><\/h2>\n\n\n\n<p>El bol\u00edgrafo met\u00e1lico USB admite la personalizaci\u00f3n del logotipo tanto en la parte delantera como en la trasera.<\/p>\n\n\n\n<p>Mediante los procesos de impresi\u00f3n en color o tampograf\u00eda, puede presentar con precisi\u00f3n logotipos exclusivos. El proceso de impresi\u00f3n en color tiene una alta reducci\u00f3n del color y puede presentar claramente patrones complejos y colores brillantes; el proceso de tampograf\u00eda es adecuado para diferentes superficies curvas, lo que permite que el logotipo quede firmemente adherido al cuerpo del bol\u00edgrafo.<\/p>\n\n\n\n<p>Tanto si lo personalizan las empresas como regalo de empresa con el logotipo de la marca para transmitir la imagen como si lo hacen los particulares con s\u00edmbolos \u00fanicos para retener recuerdos, puede realizarse perfectamente, dotando a la unidad USB tipo bol\u00edgrafo de metal de un valor exclusivo.<\/p>\n\n\n\n<h2 class=\"wp-block-heading\"><strong>Resumen <\/strong><strong><\/strong><\/h2>\n\n\n\n<div class=\"wp-block-columns is-layout-flex wp-container-core-columns-is-layout-28f84493 wp-block-columns-is-layout-flex\">\n<div class=\"wp-block-column is-layout-flow wp-block-column-is-layout-flow\">\n<figure class=\"wp-block-image aligncenter size-full is-resized\"><img loading=\"lazy\" decoding=\"async\" width=\"800\" height=\"800\" src=\"https:\/\/www.usborkeychain.com\/wp-content\/uploads\/Metal-Pen-USB-Drive-bulk.jpg\" alt=\"Metal Pen USB Drive bulk\" class=\"wp-image-2754\" style=\"width:450px\" srcset=\"https:\/\/www.usborkeychain.com\/wp-content\/uploads\/Metal-Pen-USB-Drive-bulk.jpg 800w, https:\/\/www.usborkeychain.com\/wp-content\/uploads\/Metal-Pen-USB-Drive-bulk-300x300.jpg 300w, https:\/\/www.usborkeychain.com\/wp-content\/uploads\/Metal-Pen-USB-Drive-bulk-150x150.jpg 150w, https:\/\/www.usborkeychain.com\/wp-content\/uploads\/Metal-Pen-USB-Drive-bulk-768x768.jpg 768w, https:\/\/www.usborkeychain.com\/wp-content\/uploads\/Metal-Pen-USB-Drive-bulk-12x12.jpg 12w, https:\/\/www.usborkeychain.com\/wp-content\/uploads\/Metal-Pen-USB-Drive-bulk-600x600.jpg 600w, https:\/\/www.usborkeychain.com\/wp-content\/uploads\/Metal-Pen-USB-Drive-bulk-100x100.jpg 100w\" sizes=\"(max-width: 800px) 100vw, 800px\" \/><\/figure>\n<\/div>\n\n\n\n<div class=\"wp-block-column is-vertically-aligned-center is-layout-flow wp-block-column-is-layout-flow\">\n<p>El bol\u00edgrafo met\u00e1lico USB combina las funciones de escritura y almacenamiento en una sola, con una interfaz USB3.0 de alta velocidad para garantizar una transmisi\u00f3n eficiente. Su gran capacidad, tama\u00f1o compacto y peso ligero se adaptan a diversos escenarios. Los diversos colores con textura met\u00e1lica satisfacen las preferencias personalizadas, y tambi\u00e9n admite la personalizaci\u00f3n flexible del logotipo.<\/p>\n\n\n\n<p>Ya sea para el registro diario en la oficina, la transmisi\u00f3n de archivos, o como regalos de empresa y art\u00edculos personales exclusivos, puede convertirse en un asistente capaz y un art\u00edculo llamativo con sus funciones pr\u00e1cticas y dise\u00f1o \u00fanico, digno de ser comprado y experimentado.<\/p>\n<\/div>\n<\/div>\n\n\n\n<p><\/p>","protected":false},"excerpt":{"rendered":"<ul>\n<li>Dise\u00f1o funcional \"dos en uno<\/li>\n<li>Transmisi\u00f3n de datos a alta velocidad<\/li>\n<li>Construcci\u00f3n met\u00e1lica duradera con una est\u00e9tica elegante<\/li>\n<li>Dise\u00f1o port\u00e1til y ergon\u00f3mico<\/li>\n<li>Logotipo personalizable<\/li>\n<\/ul>","protected":false},"featured_media":2757,"comment_status":"open","ping_status":"closed","template":"","meta":{"_seopress_robots_primary_cat":"","_seopress_titles_title":"Metal Pen USB Drive","_seopress_titles_desc":"","_seopress_robots_index":"","site-sidebar-layout":"default","site-content-layout":"","ast-site-content-layout":"","site-content-style":"default","site-sidebar-style":"default","ast-global-header-display":"","ast-banner-title-visibility":"","ast-main-header-display":"","ast-hfb-above-header-display":"","ast-hfb-below-header-display":"","ast-hfb-mobile-header-display":"","site-post-title":"","ast-breadcrumbs-content":"","ast-featured-img":"","footer-sml-layout":"","theme-transparent-header-meta":"","adv-header-id-meta":"","stick-header-meta":"","header-above-stick-meta":"","header-main-stick-meta":"","header-below-stick-meta":"","astra-migrate-meta-layouts":"default","ast-page-background-enabled":"default","ast-page-background-meta":{"desktop":{"background-color":"var(--ast-global-color-5)","background-image":"","background-repeat":"repeat","background-position":"center center","background-size":"auto","background-attachment":"scroll","background-type":"","background-media":"","overlay-type":"","overlay-color":"","overlay-opacity":"","overlay-gradient":""},"tablet":{"background-color":"","background-image":"","background-repeat":"repeat","background-position":"center center","background-size":"auto","background-attachment":"scroll","background-type":"","background-media":"","overlay-type":"","overlay-color":"","overlay-opacity":"","overlay-gradient":""},"mobile":{"background-color":"","background-image":"","background-repeat":"repeat","background-position":"center center","background-size":"auto","background-attachment":"scroll","background-type":"","background-media":"","overlay-type":"","overlay-color":"","overlay-opacity":"","overlay-gradient":""}},"ast-content-background-meta":{"desktop":{"background-color":"var(--ast-global-color-4)","background-image":"","background-repeat":"repeat","background-position":"center center","background-size":"auto","background-attachment":"scroll","background-type":"","background-media":"","overlay-type":"","overlay-color":"","overlay-opacity":"","overlay-gradient":""},"tablet":{"background-color":"var(--ast-global-color-4)","background-image":"","background-repeat":"repeat","background-position":"center center","background-size":"auto","background-attachment":"scroll","background-type":"","background-media":"","overlay-type":"","overlay-color":"","overlay-opacity":"","overlay-gradient":""},"mobile":{"background-color":"var(--ast-global-color-4)","background-image":"","background-repeat":"repeat","background-position":"center center","background-size":"auto","background-attachment":"scroll","background-type":"","background-media":"","overlay-type":"","overlay-color":"","overlay-opacity":"","overlay-gradient":""}}},"product_brand":[],"product_cat":[100],"product_tag":[324,318],"class_list":{"0":"post-2751","1":"product","2":"type-product","3":"status-publish","4":"has-post-thumbnail","6":"product_cat-usb-drive-with-pen","7":"product_tag-ballpoint-usb-flash-drive-pen","8":"product_tag-colorful-pen-usb-flash","9":"desktop-align-left","10":"tablet-align-left","11":"mobile-align-left","13":"first","14":"instock","15":"shipping-taxable","16":"product-type-simple"},"_links":{"self":[{"href":"https:\/\/www.usborkeychain.com\/es\/wp-json\/wp\/v2\/product\/2751","targetHints":{"allow":["GET"]}}],"collection":[{"href":"https:\/\/www.usborkeychain.com\/es\/wp-json\/wp\/v2\/product"}],"about":[{"href":"https:\/\/www.usborkeychain.com\/es\/wp-json\/wp\/v2\/types\/product"}],"replies":[{"embeddable":true,"href":"https:\/\/www.usborkeychain.com\/es\/wp-json\/wp\/v2\/comments?post=2751"}],"wp:featuredmedia":[{"embeddable":true,"href":"https:\/\/www.usborkeychain.com\/es\/wp-json\/wp\/v2\/media\/2757"}],"wp:attachment":[{"href":"https:\/\/www.usborkeychain.com\/es\/wp-json\/wp\/v2\/media?parent=2751"}],"wp:term":[{"taxonomy":"product_brand","embeddable":true,"href":"https:\/\/www.usborkeychain.com\/es\/wp-json\/wp\/v2\/product_brand?post=2751"},{"taxonomy":"product_cat","embeddable":true,"href":"https:\/\/www.usborkeychain.com\/es\/wp-json\/wp\/v2\/product_cat?post=2751"},{"taxonomy":"product_tag","embeddable":true,"href":"https:\/\/www.usborkeychain.com\/es\/wp-json\/wp\/v2\/product_tag?post=2751"}],"curies":[{"name":"wp","href":"https:\/\/api.w.org\/{rel}","templated":true}]}}