{"id":3271,"date":"2025-06-24T03:38:21","date_gmt":"2025-06-24T03:38:21","guid":{"rendered":"https:\/\/www.usborkeychain.com\/?post_type=product&#038;p=3271"},"modified":"2025-06-24T04:28:07","modified_gmt":"2025-06-24T04:28:07","slug":"metal-keychain-usb-flash-drive","status":"publish","type":"product","link":"https:\/\/www.usborkeychain.com\/es\/producto\/metal-keychain-usb-flash-drive\/","title":{"rendered":"Llavero met\u00e1lico Memoria USB"},"content":{"rendered":"<h2 class=\"wp-block-heading\"><strong>\u00bfQu\u00e9 es una memoria USB llavero met\u00e1lica? <\/strong><strong><\/strong><\/h2>\n\n\n\n<div class=\"wp-block-columns is-layout-flex wp-container-core-columns-is-layout-28f84493 wp-block-columns-is-layout-flex\">\n<div class=\"wp-block-column is-layout-flow wp-block-column-is-layout-flow\">\n<figure class=\"wp-block-image aligncenter size-full is-resized\"><img fetchpriority=\"high\" decoding=\"async\" width=\"800\" height=\"800\" src=\"https:\/\/www.usborkeychain.com\/wp-content\/uploads\/Silver-Metal-Keychain-USB-Flash-Drive.jpg\" alt=\"Silver Metal Keychain USB Flash Drive\" class=\"wp-image-3277\" style=\"width:450px\" srcset=\"https:\/\/www.usborkeychain.com\/wp-content\/uploads\/Silver-Metal-Keychain-USB-Flash-Drive.jpg 800w, https:\/\/www.usborkeychain.com\/wp-content\/uploads\/Silver-Metal-Keychain-USB-Flash-Drive-300x300.jpg 300w, https:\/\/www.usborkeychain.com\/wp-content\/uploads\/Silver-Metal-Keychain-USB-Flash-Drive-150x150.jpg 150w, https:\/\/www.usborkeychain.com\/wp-content\/uploads\/Silver-Metal-Keychain-USB-Flash-Drive-768x768.jpg 768w, https:\/\/www.usborkeychain.com\/wp-content\/uploads\/Silver-Metal-Keychain-USB-Flash-Drive-12x12.jpg 12w, https:\/\/www.usborkeychain.com\/wp-content\/uploads\/Silver-Metal-Keychain-USB-Flash-Drive-600x600.jpg 600w, https:\/\/www.usborkeychain.com\/wp-content\/uploads\/Silver-Metal-Keychain-USB-Flash-Drive-100x100.jpg 100w\" sizes=\"(max-width: 800px) 100vw, 800px\" \/><\/figure>\n<\/div>\n\n\n\n<div class=\"wp-block-column is-vertically-aligned-center is-layout-flow wp-block-column-is-layout-flow\">\n<p>La memoria USB llavero met\u00e1lico es un producto que integra pr\u00e1cticas funciones de almacenamiento con un dise\u00f1o de llavero port\u00e1til. Presenta una elegante forma alargada rectangular, fabricada en material met\u00e1lico para ofrecer textura y durabilidad.<\/p>\n\n\n\n<p>Al parecerse a un llavero, puede colgarse f\u00e1cilmente de \u00e9l para llevarlo c\u00f3modamente, a la vez que sirve como unidad flash USB para almacenar datos, satisfaciendo las necesidades diarias de transferencia de archivos y copia de seguridad de datos. Es una combinaci\u00f3n de comodidad y practicidad.<\/p>\n<\/div>\n<\/div>\n\n\n\n<h2 class=\"wp-block-heading\"><strong>Interfaces y par\u00e1metros de la memoria USB llavero met\u00e1lico <\/strong><strong><\/strong><\/h2>\n\n\n\n<figure class=\"wp-block-table\"><table class=\"has-fixed-layout\"><tbody><tr><td>Categor\u00eda de par\u00e1metros<\/td><td>Detalles<\/td><\/tr><tr><td>Capacidad<\/td><td>8 GB, 16 GB, 32 GB, 64 GB, 128 GB, etc.<\/td><\/tr><tr><td>Velocidad de lectura\/escritura<\/td><td>Velocidad de lectura de aproximadamente 80-150 MB\/s, velocidad de escritura de aproximadamente 15-60 MB\/s<\/td><\/tr><tr><td>Dispositivos compatibles<\/td><td>Compatible con los principales sistemas operativos, como Windows, Mac OS y Linux; se puede conectar a dispositivos como ordenadores, port\u00e1tiles y televisores inteligentes para ampliar el almacenamiento o la transmisi\u00f3n de datos.<\/td><\/tr><\/tbody><\/table><\/figure>\n\n\n\n<h2 class=\"wp-block-heading\"><strong>\u00bfEn qu\u00e9 colores est\u00e1 disponible la memoria USB llavero met\u00e1lica? <\/strong><strong><\/strong><\/h2>\n\n\n\n<div class=\"wp-block-columns is-layout-flex wp-container-core-columns-is-layout-28f84493 wp-block-columns-is-layout-flex\">\n<div class=\"wp-block-column is-layout-flow wp-block-column-is-layout-flow\">\n<figure class=\"wp-block-image aligncenter size-full is-resized\"><img decoding=\"async\" width=\"800\" height=\"800\" src=\"https:\/\/www.usborkeychain.com\/wp-content\/uploads\/Metal-Keychain-USB-Flash-Drive.jpg\" alt=\"Metal Keychain USB Flash Drive\" class=\"wp-image-3276\" style=\"width:450px\" srcset=\"https:\/\/www.usborkeychain.com\/wp-content\/uploads\/Metal-Keychain-USB-Flash-Drive.jpg 800w, https:\/\/www.usborkeychain.com\/wp-content\/uploads\/Metal-Keychain-USB-Flash-Drive-300x300.jpg 300w, https:\/\/www.usborkeychain.com\/wp-content\/uploads\/Metal-Keychain-USB-Flash-Drive-150x150.jpg 150w, https:\/\/www.usborkeychain.com\/wp-content\/uploads\/Metal-Keychain-USB-Flash-Drive-768x768.jpg 768w, https:\/\/www.usborkeychain.com\/wp-content\/uploads\/Metal-Keychain-USB-Flash-Drive-12x12.jpg 12w, https:\/\/www.usborkeychain.com\/wp-content\/uploads\/Metal-Keychain-USB-Flash-Drive-600x600.jpg 600w, https:\/\/www.usborkeychain.com\/wp-content\/uploads\/Metal-Keychain-USB-Flash-Drive-100x100.jpg 100w\" sizes=\"(max-width: 800px) 100vw, 800px\" \/><\/figure>\n<\/div>\n\n\n\n<div class=\"wp-block-column is-vertically-aligned-center is-layout-flow wp-block-column-is-layout-flow\">\n<p>La memoria USB llavero met\u00e1lica est\u00e1 disponible en dos colores cl\u00e1sicos.<\/p>\n\n\n\n<p>El modelo plateado brilla como el resplandor de la plata derram\u00e1ndose suavemente, donde el material met\u00e1lico imparte un brillo fresco y de primera calidad que fluye con delicada textura bajo la luz, combinando sencillez con elegancia para adaptarse a diversos escenarios de uso.<\/p>\n\n\n\n<p>El modelo negro se asemeja a la profundidad de la noche, con la superficie met\u00e1lica tratada para presentar un negro mate tranquilo y sofisticado. Desprende un sutil refinamiento, mostrando un gusto \u00fanico al sostenerlo. Ambos colores aprovechan las propiedades del metal para ser resistente al desgaste y a la decoloraci\u00f3n, manteniendo la belleza durante mucho tiempo.<\/p>\n<\/div>\n<\/div>\n\n\n\n<h2 class=\"wp-block-heading\"><strong>\u00bfSe puede personalizar la memoria USB llavero met\u00e1lica con un logotipo? <\/strong><strong><\/strong><\/h2>\n\n\n\n<div class=\"wp-block-columns is-layout-flex wp-container-core-columns-is-layout-28f84493 wp-block-columns-is-layout-flex\">\n<div class=\"wp-block-column is-vertically-aligned-center is-layout-flow wp-block-column-is-layout-flow\">\n<p>La memoria USB llavero met\u00e1lica admite la personalizaci\u00f3n del logotipo. Tanto el anverso como el reverso pueden personalizarse mediante tecnolog\u00eda de grabado l\u00e1ser.<\/p>\n\n\n\n<p>El grabado por l\u00e1ser presenta con precisi\u00f3n los detalles del logotipo, integr\u00e1ndose profundamente en la superficie met\u00e1lica para resistir el desprendimiento y el desgaste, garantizando una visualizaci\u00f3n clara del logotipo de su marca o de motivos exclusivos.<\/p>\n\n\n\n<p>Tanto si lo personalizan empresas para regalos de empresa como si lo hacen particulares para recuerdos \u00fanicos, satisface necesidades personalizadas e imparte un significado \u00fanico a la memoria USB.<\/p>\n<\/div>\n\n\n\n<div class=\"wp-block-column is-layout-flow wp-block-column-is-layout-flow\">\n<figure class=\"wp-block-image aligncenter size-full is-resized\"><img decoding=\"async\" width=\"894\" height=\"894\" src=\"https:\/\/www.usborkeychain.com\/wp-content\/uploads\/Metal-Keychain-USB-Flash-Drive-with-Logo.jpg\" alt=\"Metal Keychain USB Flash Drive with Logo\" class=\"wp-image-3275\" style=\"width:448px\" srcset=\"https:\/\/www.usborkeychain.com\/wp-content\/uploads\/Metal-Keychain-USB-Flash-Drive-with-Logo.jpg 894w, https:\/\/www.usborkeychain.com\/wp-content\/uploads\/Metal-Keychain-USB-Flash-Drive-with-Logo-300x300.jpg 300w, https:\/\/www.usborkeychain.com\/wp-content\/uploads\/Metal-Keychain-USB-Flash-Drive-with-Logo-150x150.jpg 150w, https:\/\/www.usborkeychain.com\/wp-content\/uploads\/Metal-Keychain-USB-Flash-Drive-with-Logo-768x768.jpg 768w, https:\/\/www.usborkeychain.com\/wp-content\/uploads\/Metal-Keychain-USB-Flash-Drive-with-Logo-12x12.jpg 12w, https:\/\/www.usborkeychain.com\/wp-content\/uploads\/Metal-Keychain-USB-Flash-Drive-with-Logo-600x600.jpg 600w, https:\/\/www.usborkeychain.com\/wp-content\/uploads\/Metal-Keychain-USB-Flash-Drive-with-Logo-100x100.jpg 100w\" sizes=\"(max-width: 894px) 100vw, 894px\" \/><\/figure>\n<\/div>\n<\/div>\n\n\n\n<h2 class=\"wp-block-heading\"><strong>Resumen <\/strong><strong><\/strong><\/h2>\n\n\n\n<p>La memoria USB llavero met\u00e1lica integra un llavero port\u00e1til con funciones de almacenamiento de alta velocidad. La interfaz USB 3.0 garantiza una transmisi\u00f3n eficiente, las diversas capacidades se adaptan a las distintas necesidades, los colores plateado y negro equilibran la est\u00e9tica y la durabilidad, y admite la personalizaci\u00f3n con logotipo grabado con l\u00e1ser.<\/p>\n\n\n\n<p>Ya sea para el almacenamiento diario de archivos, el uso en oficinas de negocios o como regalo personalizado, se convierte en una excelente elecci\u00f3n gracias a su rendimiento pr\u00e1ctico y sus ventajas personalizadas, que resuelven f\u00e1cilmente los retos de almacenamiento y transporte de datos e integran los gadgets tecnol\u00f3gicos en la vida cotidiana.<\/p>","protected":false},"excerpt":{"rendered":"<ul>\n<li>Dise\u00f1o de llavero<\/li>\n<li>Material met\u00e1lico<\/li>\n<li>Impermeable y duradero<\/li>\n<li>Mayor velocidad y alta calidad<\/li>\n<li>Fiabilidad y seguridad<\/li>\n<li>Ideal para todos los usos<\/li>\n<\/ul>","protected":false},"featured_media":3276,"comment_status":"open","ping_status":"closed","template":"","meta":{"_seopress_robots_primary_cat":"none","_seopress_titles_title":"Metal Keychain USB Flash Drive","_seopress_titles_desc":"","_seopress_robots_index":"","site-sidebar-layout":"default","site-content-layout":"","ast-site-content-layout":"","site-content-style":"default","site-sidebar-style":"default","ast-global-header-display":"","ast-banner-title-visibility":"","ast-main-header-display":"","ast-hfb-above-header-display":"","ast-hfb-below-header-display":"","ast-hfb-mobile-header-display":"","site-post-title":"","ast-breadcrumbs-content":"","ast-featured-img":"","footer-sml-layout":"","theme-transparent-header-meta":"","adv-header-id-meta":"","stick-header-meta":"","header-above-stick-meta":"","header-main-stick-meta":"","header-below-stick-meta":"","astra-migrate-meta-layouts":"default","ast-page-background-enabled":"default","ast-page-background-meta":{"desktop":{"background-color":"var(--ast-global-color-5)","background-image":"","background-repeat":"repeat","background-position":"center center","background-size":"auto","background-attachment":"scroll","background-type":"","background-media":"","overlay-type":"","overlay-color":"","overlay-opacity":"","overlay-gradient":""},"tablet":{"background-color":"","background-image":"","background-repeat":"repeat","background-position":"center center","background-size":"auto","background-attachment":"scroll","background-type":"","background-media":"","overlay-type":"","overlay-color":"","overlay-opacity":"","overlay-gradient":""},"mobile":{"background-color":"","background-image":"","background-repeat":"repeat","background-position":"center center","background-size":"auto","background-attachment":"scroll","background-type":"","background-media":"","overlay-type":"","overlay-color":"","overlay-opacity":"","overlay-gradient":""}},"ast-content-background-meta":{"desktop":{"background-color":"var(--ast-global-color-4)","background-image":"","background-repeat":"repeat","background-position":"center center","background-size":"auto","background-attachment":"scroll","background-type":"","background-media":"","overlay-type":"","overlay-color":"","overlay-opacity":"","overlay-gradient":""},"tablet":{"background-color":"var(--ast-global-color-4)","background-image":"","background-repeat":"repeat","background-position":"center center","background-size":"auto","background-attachment":"scroll","background-type":"","background-media":"","overlay-type":"","overlay-color":"","overlay-opacity":"","overlay-gradient":""},"mobile":{"background-color":"var(--ast-global-color-4)","background-image":"","background-repeat":"repeat","background-position":"center center","background-size":"auto","background-attachment":"scroll","background-type":"","background-media":"","overlay-type":"","overlay-color":"","overlay-opacity":"","overlay-gradient":""}}},"product_brand":[],"product_cat":[101],"product_tag":[],"class_list":{"0":"post-3271","1":"product","2":"type-product","3":"status-publish","4":"has-post-thumbnail","6":"product_cat-usb-pendrive-with-keychain","7":"desktop-align-left","8":"tablet-align-left","9":"mobile-align-left","11":"first","12":"instock","13":"shipping-taxable","14":"product-type-simple"},"_links":{"self":[{"href":"https:\/\/www.usborkeychain.com\/es\/wp-json\/wp\/v2\/product\/3271","targetHints":{"allow":["GET"]}}],"collection":[{"href":"https:\/\/www.usborkeychain.com\/es\/wp-json\/wp\/v2\/product"}],"about":[{"href":"https:\/\/www.usborkeychain.com\/es\/wp-json\/wp\/v2\/types\/product"}],"replies":[{"embeddable":true,"href":"https:\/\/www.usborkeychain.com\/es\/wp-json\/wp\/v2\/comments?post=3271"}],"wp:featuredmedia":[{"embeddable":true,"href":"https:\/\/www.usborkeychain.com\/es\/wp-json\/wp\/v2\/media\/3276"}],"wp:attachment":[{"href":"https:\/\/www.usborkeychain.com\/es\/wp-json\/wp\/v2\/media?parent=3271"}],"wp:term":[{"taxonomy":"product_brand","embeddable":true,"href":"https:\/\/www.usborkeychain.com\/es\/wp-json\/wp\/v2\/product_brand?post=3271"},{"taxonomy":"product_cat","embeddable":true,"href":"https:\/\/www.usborkeychain.com\/es\/wp-json\/wp\/v2\/product_cat?post=3271"},{"taxonomy":"product_tag","embeddable":true,"href":"https:\/\/www.usborkeychain.com\/es\/wp-json\/wp\/v2\/product_tag?post=3271"}],"curies":[{"name":"wp","href":"https:\/\/api.w.org\/{rel}","templated":true}]}}