{"id":3300,"date":"2025-06-24T06:56:16","date_gmt":"2025-06-24T06:56:16","guid":{"rendered":"https:\/\/www.usborkeychain.com\/?post_type=product&#038;p=3300"},"modified":"2025-06-25T01:38:48","modified_gmt":"2025-06-25T01:38:48","slug":"super-mini-usb-flash-drive","status":"publish","type":"product","link":"https:\/\/www.usborkeychain.com\/es\/producto\/super-mini-usb-flash-drive\/","title":{"rendered":"Memoria USB Super Mini"},"content":{"rendered":"<h3 class=\"wp-block-heading\"><strong>\u00bfQu\u00e9 es una memoria USB Super Mini? <\/strong><strong><\/strong><\/h3>\n\n\n\n<div class=\"wp-block-columns is-layout-flex wp-container-core-columns-is-layout-28f84493 wp-block-columns-is-layout-flex\">\n<div class=\"wp-block-column is-layout-flow wp-block-column-is-layout-flow\">\n<figure class=\"wp-block-image aligncenter size-full is-resized\"><img fetchpriority=\"high\" decoding=\"async\" width=\"760\" height=\"760\" src=\"https:\/\/www.usborkeychain.com\/wp-content\/uploads\/Super-Mini-USB-Flash-Drive-Factory.jpg\" alt=\"Super Mini USB Flash Drive Factory\" class=\"wp-image-3306\" style=\"width:450px\" srcset=\"https:\/\/www.usborkeychain.com\/wp-content\/uploads\/Super-Mini-USB-Flash-Drive-Factory.jpg 760w, https:\/\/www.usborkeychain.com\/wp-content\/uploads\/Super-Mini-USB-Flash-Drive-Factory-300x300.jpg 300w, https:\/\/www.usborkeychain.com\/wp-content\/uploads\/Super-Mini-USB-Flash-Drive-Factory-150x150.jpg 150w, https:\/\/www.usborkeychain.com\/wp-content\/uploads\/Super-Mini-USB-Flash-Drive-Factory-12x12.jpg 12w, https:\/\/www.usborkeychain.com\/wp-content\/uploads\/Super-Mini-USB-Flash-Drive-Factory-600x600.jpg 600w, https:\/\/www.usborkeychain.com\/wp-content\/uploads\/Super-Mini-USB-Flash-Drive-Factory-100x100.jpg 100w\" sizes=\"(max-width: 760px) 100vw, 760px\" \/><\/figure>\n<\/div>\n\n\n\n<div class=\"wp-block-column is-vertically-aligned-center is-layout-flow wp-block-column-is-layout-flow\">\n<p>La memoria USB Super Mini es un producto de memoria USB ultraminiatura. Presenta un dise\u00f1o compacto y delicado, con una carcasa de material pl\u00e1stico duro resistente y duradero.<\/p>\n\n\n\n<p>Puede guardarse f\u00e1cilmente en espacios reducidos, como bolsillos o llaveros, por lo que resulta c\u00f3modo de llevar siempre encima.<\/p>\n\n\n\n<p>Proporciona a los usuarios una c\u00f3moda soluci\u00f3n de almacenamiento m\u00f3vil, que realiza sin esfuerzo tareas como la transferencia de documentos, la copia de seguridad de fotos o el almacenamiento de m\u00fasica y v\u00eddeos.<\/p>\n<\/div>\n<\/div>\n\n\n\n<h3 class=\"wp-block-heading\"><strong>Interfaz y par\u00e1metros de la unidad flash USB Super Mini <\/strong><strong><\/strong><\/h3>\n\n\n\n<figure class=\"wp-block-table\"><table class=\"has-fixed-layout\"><tbody><tr><td>Categor\u00eda de par\u00e1metros<\/td><td>Detalles<\/td><\/tr><tr><td>Capacidad<\/td><td>16GB, 32GB, 64GB, 128GB, 256GB, 512GB, 1TB<\/td><\/tr><tr><td>Talla<\/td><td>23*12mm<\/td><\/tr><tr><td>Velocidad de lectura\/escritura<\/td><td>La velocidad m\u00e1xima de lectura alcanza los 120 MB\/s, y la de escritura, los 40 MB\/s. Permite transferir eficazmente archivos de gran tama\u00f1o: incluso una pel\u00edcula de alta definici\u00f3n de 5 GB puede transferirse en poco m\u00e1s de un minuto, lo que supone un importante ahorro de tiempo de espera.<\/td><\/tr><tr><td>Dispositivos compatibles<\/td><td>Compatible con dispositivos con interfaces USB, incluidos ordenadores (Windows, Mac OS, etc.), port\u00e1tiles, televisores inteligentes, sistemas de audio para autom\u00f3viles, etc., ampliando los escenarios de almacenamiento.<\/td><\/tr><\/tbody><\/table><\/figure>\n\n\n\n<h3 class=\"wp-block-heading\"><strong>Color de la memoria USB Super Mini <\/strong><strong><\/strong><\/h3>\n\n\n\n<div class=\"wp-block-columns is-layout-flex wp-container-core-columns-is-layout-28f84493 wp-block-columns-is-layout-flex\">\n<div class=\"wp-block-column is-layout-flow wp-block-column-is-layout-flow\">\n<figure class=\"wp-block-image aligncenter size-full is-resized\"><img decoding=\"async\" width=\"760\" height=\"760\" src=\"https:\/\/www.usborkeychain.com\/wp-content\/uploads\/Super-Mini-USB-Flash-Drive-Supplier.jpg\" alt=\"Super Mini USB Flash Drive Supplier\" class=\"wp-image-3307\" style=\"width:450px\" srcset=\"https:\/\/www.usborkeychain.com\/wp-content\/uploads\/Super-Mini-USB-Flash-Drive-Supplier.jpg 760w, https:\/\/www.usborkeychain.com\/wp-content\/uploads\/Super-Mini-USB-Flash-Drive-Supplier-300x300.jpg 300w, https:\/\/www.usborkeychain.com\/wp-content\/uploads\/Super-Mini-USB-Flash-Drive-Supplier-150x150.jpg 150w, https:\/\/www.usborkeychain.com\/wp-content\/uploads\/Super-Mini-USB-Flash-Drive-Supplier-12x12.jpg 12w, https:\/\/www.usborkeychain.com\/wp-content\/uploads\/Super-Mini-USB-Flash-Drive-Supplier-600x600.jpg 600w, https:\/\/www.usborkeychain.com\/wp-content\/uploads\/Super-Mini-USB-Flash-Drive-Supplier-100x100.jpg 100w\" sizes=\"(max-width: 760px) 100vw, 760px\" \/><\/figure>\n<\/div>\n\n\n\n<div class=\"wp-block-column is-vertically-aligned-center is-layout-flow wp-block-column-is-layout-flow\">\n<p>La memoria USB Super Mini viene en un cl\u00e1sico color negro. Este negro no es mon\u00f3tono ni aburrido, sino que, gracias al material de pl\u00e1stico duro, presenta un negro profundo y texturizado. Bajo la luz, la superficie emite sutilmente un resplandor mate, que transmite tanto un comportamiento discreto y firme como una sensaci\u00f3n de refinamiento.<\/p>\n\n\n\n<p>A diferencia de los materiales met\u00e1licos, no deja f\u00e1cilmente huellas dactilares, manteniendo un aspecto limpio y ordenado en el uso diario, y adapt\u00e1ndose a diversos escenarios de uso y estilos de dispositivos.<\/p>\n<\/div>\n<\/div>\n\n\n\n<h3 class=\"wp-block-heading\"><strong>\u00bfSe puede personalizar la memoria USB Super Mini con un logotipo? <\/strong><strong><\/strong><\/h3>\n\n\n\n<p>La memoria USB Super Mini admite la personalizaci\u00f3n de logotipos. Se pueden presentar logotipos exclusivos tanto en el anverso como en el reverso de la unidad USB mediante serigraf\u00eda o procesos de impresi\u00f3n en color.<\/p>\n\n\n\n<p>Tanto si lo personalizan empresas para promocionar su marca, con logotipos de empresa impresos en \u00e9l como regalo de empresa, como si lo hacen particulares para crear unidades USB personalizadas \u00fanicas con motivos o textos favoritos, puede conseguirse f\u00e1cilmente, lo que hace que esta unidad USB sea a la vez pr\u00e1ctica y de valor conmemorativo exclusivo.<\/p>\n\n\n\n<div class=\"wp-block-columns is-layout-flex wp-container-core-columns-is-layout-28f84493 wp-block-columns-is-layout-flex\">\n<div class=\"wp-block-column is-layout-flow wp-block-column-is-layout-flow\">\n<figure class=\"wp-block-image aligncenter size-full is-resized\"><img decoding=\"async\" width=\"950\" height=\"950\" src=\"https:\/\/www.usborkeychain.com\/wp-content\/uploads\/Super-Mini-USB-Flash-Drive.jpg\" alt=\"Super Mini USB Flash Drive\" class=\"wp-image-3308\" style=\"width:450px\" srcset=\"https:\/\/www.usborkeychain.com\/wp-content\/uploads\/Super-Mini-USB-Flash-Drive.jpg 950w, https:\/\/www.usborkeychain.com\/wp-content\/uploads\/Super-Mini-USB-Flash-Drive-300x300.jpg 300w, https:\/\/www.usborkeychain.com\/wp-content\/uploads\/Super-Mini-USB-Flash-Drive-150x150.jpg 150w, https:\/\/www.usborkeychain.com\/wp-content\/uploads\/Super-Mini-USB-Flash-Drive-768x768.jpg 768w, https:\/\/www.usborkeychain.com\/wp-content\/uploads\/Super-Mini-USB-Flash-Drive-12x12.jpg 12w, https:\/\/www.usborkeychain.com\/wp-content\/uploads\/Super-Mini-USB-Flash-Drive-600x600.jpg 600w, https:\/\/www.usborkeychain.com\/wp-content\/uploads\/Super-Mini-USB-Flash-Drive-100x100.jpg 100w\" sizes=\"(max-width: 950px) 100vw, 950px\" \/><\/figure>\n<\/div>\n\n\n\n<div class=\"wp-block-column is-layout-flow wp-block-column-is-layout-flow\">\n<figure class=\"wp-block-image aligncenter size-full is-resized\"><img loading=\"lazy\" decoding=\"async\" width=\"760\" height=\"760\" src=\"https:\/\/www.usborkeychain.com\/wp-content\/uploads\/China-Super-Mini-USB-Flash-Drive.jpg\" alt=\"China Super Mini USB Flash Drive\" class=\"wp-image-3305\" style=\"width:450px\" srcset=\"https:\/\/www.usborkeychain.com\/wp-content\/uploads\/China-Super-Mini-USB-Flash-Drive.jpg 760w, https:\/\/www.usborkeychain.com\/wp-content\/uploads\/China-Super-Mini-USB-Flash-Drive-300x300.jpg 300w, https:\/\/www.usborkeychain.com\/wp-content\/uploads\/China-Super-Mini-USB-Flash-Drive-150x150.jpg 150w, https:\/\/www.usborkeychain.com\/wp-content\/uploads\/China-Super-Mini-USB-Flash-Drive-12x12.jpg 12w, https:\/\/www.usborkeychain.com\/wp-content\/uploads\/China-Super-Mini-USB-Flash-Drive-600x600.jpg 600w, https:\/\/www.usborkeychain.com\/wp-content\/uploads\/China-Super-Mini-USB-Flash-Drive-100x100.jpg 100w\" sizes=\"(max-width: 760px) 100vw, 760px\" \/><\/figure>\n<\/div>\n<\/div>\n\n\n\n<h3 class=\"wp-block-heading\"><strong>Resumen <\/strong><strong><\/strong><\/h3>\n\n\n\n<p>La memoria USB Super Mini destaca como una opci\u00f3n de alta calidad para el almacenamiento m\u00f3vil, con un dise\u00f1o de pl\u00e1stico duro ultraminiatura, una interfaz USB 3.0 de alta velocidad, diversas opciones de capacidad, un color negro texturizado cl\u00e1sico y compatibilidad con la personalizaci\u00f3n de logotipos.<\/p>\n\n\n\n<p>Ya sea para la transferencia diaria de documentos de oficina, el almacenamiento de m\u00fasica en el coche o la personalizaci\u00f3n de regalos exclusivos, satisface las necesidades sin esfuerzo, ofreciendo a los usuarios experiencias de almacenamiento c\u00f3modas y personalizadas.<\/p>\n\n\n\n<p><\/p>","protected":false},"excerpt":{"rendered":"<ul>\n<li>Dise\u00f1o ultracompacto<\/li>\n<li>Construcci\u00f3n duradera de pl\u00e1stico duro<\/li>\n<li>Transferencia de datos de alta velocidad<\/li>\n<li>Transferencia de datos de alta velocidad<\/li>\n<li>Opciones de logotipo personalizables<\/li>\n<\/ul>","protected":false},"featured_media":3306,"comment_status":"open","ping_status":"closed","template":"","meta":{"_seopress_robots_primary_cat":"none","_seopress_titles_title":"Super Mini USB Flash Drive","_seopress_titles_desc":"","_seopress_robots_index":"","site-sidebar-layout":"default","site-content-layout":"","ast-site-content-layout":"","site-content-style":"default","site-sidebar-style":"default","ast-global-header-display":"","ast-banner-title-visibility":"","ast-main-header-display":"","ast-hfb-above-header-display":"","ast-hfb-below-header-display":"","ast-hfb-mobile-header-display":"","site-post-title":"","ast-breadcrumbs-content":"","ast-featured-img":"","footer-sml-layout":"","theme-transparent-header-meta":"","adv-header-id-meta":"","stick-header-meta":"","header-above-stick-meta":"","header-main-stick-meta":"","header-below-stick-meta":"","astra-migrate-meta-layouts":"default","ast-page-background-enabled":"default","ast-page-background-meta":{"desktop":{"background-color":"var(--ast-global-color-5)","background-image":"","background-repeat":"repeat","background-position":"center center","background-size":"auto","background-attachment":"scroll","background-type":"","background-media":"","overlay-type":"","overlay-color":"","overlay-opacity":"","overlay-gradient":""},"tablet":{"background-color":"","background-image":"","background-repeat":"repeat","background-position":"center center","background-size":"auto","background-attachment":"scroll","background-type":"","background-media":"","overlay-type":"","overlay-color":"","overlay-opacity":"","overlay-gradient":""},"mobile":{"background-color":"","background-image":"","background-repeat":"repeat","background-position":"center center","background-size":"auto","background-attachment":"scroll","background-type":"","background-media":"","overlay-type":"","overlay-color":"","overlay-opacity":"","overlay-gradient":""}},"ast-content-background-meta":{"desktop":{"background-color":"var(--ast-global-color-4)","background-image":"","background-repeat":"repeat","background-position":"center center","background-size":"auto","background-attachment":"scroll","background-type":"","background-media":"","overlay-type":"","overlay-color":"","overlay-opacity":"","overlay-gradient":""},"tablet":{"background-color":"var(--ast-global-color-4)","background-image":"","background-repeat":"repeat","background-position":"center center","background-size":"auto","background-attachment":"scroll","background-type":"","background-media":"","overlay-type":"","overlay-color":"","overlay-opacity":"","overlay-gradient":""},"mobile":{"background-color":"var(--ast-global-color-4)","background-image":"","background-repeat":"repeat","background-position":"center center","background-size":"auto","background-attachment":"scroll","background-type":"","background-media":"","overlay-type":"","overlay-color":"","overlay-opacity":"","overlay-gradient":""}}},"product_brand":[],"product_cat":[113],"product_tag":[],"class_list":{"0":"post-3300","1":"product","2":"type-product","3":"status-publish","4":"has-post-thumbnail","6":"product_cat-mini-usb-pendrive","7":"desktop-align-left","8":"tablet-align-left","9":"mobile-align-left","11":"first","12":"instock","13":"shipping-taxable","14":"product-type-simple"},"_links":{"self":[{"href":"https:\/\/www.usborkeychain.com\/es\/wp-json\/wp\/v2\/product\/3300","targetHints":{"allow":["GET"]}}],"collection":[{"href":"https:\/\/www.usborkeychain.com\/es\/wp-json\/wp\/v2\/product"}],"about":[{"href":"https:\/\/www.usborkeychain.com\/es\/wp-json\/wp\/v2\/types\/product"}],"replies":[{"embeddable":true,"href":"https:\/\/www.usborkeychain.com\/es\/wp-json\/wp\/v2\/comments?post=3300"}],"wp:featuredmedia":[{"embeddable":true,"href":"https:\/\/www.usborkeychain.com\/es\/wp-json\/wp\/v2\/media\/3306"}],"wp:attachment":[{"href":"https:\/\/www.usborkeychain.com\/es\/wp-json\/wp\/v2\/media?parent=3300"}],"wp:term":[{"taxonomy":"product_brand","embeddable":true,"href":"https:\/\/www.usborkeychain.com\/es\/wp-json\/wp\/v2\/product_brand?post=3300"},{"taxonomy":"product_cat","embeddable":true,"href":"https:\/\/www.usborkeychain.com\/es\/wp-json\/wp\/v2\/product_cat?post=3300"},{"taxonomy":"product_tag","embeddable":true,"href":"https:\/\/www.usborkeychain.com\/es\/wp-json\/wp\/v2\/product_tag?post=3300"}],"curies":[{"name":"wp","href":"https:\/\/api.w.org\/{rel}","templated":true}]}}