{"id":3384,"date":"2025-06-25T03:50:45","date_gmt":"2025-06-25T03:50:45","guid":{"rendered":"https:\/\/www.usborkeychain.com\/?post_type=product&#038;p=3384"},"modified":"2025-06-25T07:34:00","modified_gmt":"2025-06-25T07:34:00","slug":"brightcolor-mobile-usb-flash-drive","status":"publish","type":"product","link":"https:\/\/www.usborkeychain.com\/es\/producto\/brightcolor-mobile-usb-flash-drive\/","title":{"rendered":"Unidad flash USB C de aluminio BrightColor"},"content":{"rendered":"<div class=\"wp-block-columns is-layout-flex wp-container-core-columns-is-layout-28f84493 wp-block-columns-is-layout-flex\">\n<div class=\"wp-block-column is-layout-flow wp-block-column-is-layout-flow\">\n<figure class=\"wp-block-image size-full\"><img fetchpriority=\"high\" decoding=\"async\" width=\"750\" height=\"750\" src=\"https:\/\/www.usborkeychain.com\/wp-content\/uploads\/usb-c-256gb-flash-drive.jpg\" alt=\"usb c 256gb flash drive\" class=\"wp-image-3396\" srcset=\"https:\/\/www.usborkeychain.com\/wp-content\/uploads\/usb-c-256gb-flash-drive.jpg 750w, https:\/\/www.usborkeychain.com\/wp-content\/uploads\/usb-c-256gb-flash-drive-300x300.jpg 300w, https:\/\/www.usborkeychain.com\/wp-content\/uploads\/usb-c-256gb-flash-drive-150x150.jpg 150w, https:\/\/www.usborkeychain.com\/wp-content\/uploads\/usb-c-256gb-flash-drive-12x12.jpg 12w, https:\/\/www.usborkeychain.com\/wp-content\/uploads\/usb-c-256gb-flash-drive-600x600.jpg 600w, https:\/\/www.usborkeychain.com\/wp-content\/uploads\/usb-c-256gb-flash-drive-100x100.jpg 100w\" sizes=\"(max-width: 750px) 100vw, 750px\" \/><\/figure>\n<\/div>\n\n\n\n<div class=\"wp-block-column is-vertically-aligned-center is-layout-flow wp-block-column-is-layout-flow\">\n<p>La unidad flash USB m\u00f3vil BrightColor es el primer modelo USB m\u00f3vil lanzado por YOUSAN USB Factory. <\/p>\n\n\n\n<p>Con un dise\u00f1o cl\u00e1sico de barra larga y una carcasa de aleaci\u00f3n de aluminio, puede utilizarse tanto en tel\u00e9fonos m\u00f3viles como en ordenadores.<\/p>\n\n\n\n<p> Es una opci\u00f3n excelente para que los fabricantes compren al por mayor o personalicen como regalo, y tambi\u00e9n uno de los modelos USB con mayor volumen de pedidos de unidades USB para m\u00f3viles.<\/p>\n<\/div>\n<\/div>\n\n\n\n<div style=\"height:50px\" aria-hidden=\"true\" class=\"wp-block-spacer\"><\/div>\n\n\n\n<h4 class=\"wp-block-heading\">\u00bfCu\u00e1l es el material de la unidad flash USB m\u00f3vil BrightColor?<\/h4>\n\n\n\n<div class=\"wp-block-columns is-layout-flex wp-container-core-columns-is-layout-28f84493 wp-block-columns-is-layout-flex\">\n<div class=\"wp-block-column is-vertically-aligned-center is-layout-flow wp-block-column-is-layout-flow\">\n<p>La memoria USB m\u00f3vil cl\u00e1sica BrightColor est\u00e1 fabricada en aleaci\u00f3n de aluminio, que es extremadamente ligera: toda la carcasa s\u00f3lo pesa 8 g. <\/p>\n\n\n\n<p>La superficie de la carcasa USB est\u00e1 tratada con un proceso de esmerilado, que no s\u00f3lo es antideslizante y resistente al desgaste, sino que tambi\u00e9n proporciona una sensaci\u00f3n delicada y c\u00f3moda en la mano. <\/p>\n\n\n\n<p>Tambi\u00e9n evita dejar huellas en la carcasa durante su uso. Gracias a la avanzada tecnolog\u00eda de oxidaci\u00f3n, la carcasa puede oxidarse en varios colores, especialmente en tonos vivos, para satisfacer las necesidades de aspecto personalizadas de los distintos clientes.<\/p>\n<\/div>\n\n\n\n<div class=\"wp-block-column is-layout-flow wp-block-column-is-layout-flow\">\n<figure class=\"wp-block-image size-full\"><img decoding=\"async\" width=\"805\" height=\"499\" src=\"https:\/\/www.usborkeychain.com\/wp-content\/uploads\/usb-c-storage-drive.jpg\" alt=\"usb c storage drive\" class=\"wp-image-3400\" srcset=\"https:\/\/www.usborkeychain.com\/wp-content\/uploads\/usb-c-storage-drive.jpg 805w, https:\/\/www.usborkeychain.com\/wp-content\/uploads\/usb-c-storage-drive-300x186.jpg 300w, https:\/\/www.usborkeychain.com\/wp-content\/uploads\/usb-c-storage-drive-768x476.jpg 768w, https:\/\/www.usborkeychain.com\/wp-content\/uploads\/usb-c-storage-drive-18x12.jpg 18w, https:\/\/www.usborkeychain.com\/wp-content\/uploads\/usb-c-storage-drive-600x372.jpg 600w\" sizes=\"(max-width: 805px) 100vw, 805px\" \/><\/figure>\n<\/div>\n<\/div>\n\n\n\n<h4 class=\"wp-block-heading\">Par\u00e1metros de la unidad flash USB m\u00f3vil BrightColor<\/h4>\n\n\n\n<p>La unidad flash USB m\u00f3vil BrightColor admite el uso dual en ordenadores y tel\u00e9fonos m\u00f3viles. <\/p>\n\n\n\n<p>Un extremo es una interfaz USB est\u00e1ndar, adecuada para varios dispositivos inform\u00e1ticos; el otro extremo es una interfaz Android, que puede insertarse directamente en tel\u00e9fonos Android para leer datos. Para los tel\u00e9fonos con interfaz Type-c, se puede conectar con un adaptador, y tambi\u00e9n admite la personalizaci\u00f3n de modelos exclusivos con interfaz Type-c a trav\u00e9s de la apertura del molde.<\/p>\n\n\n\n<div class=\"wp-block-columns is-layout-flex wp-container-core-columns-is-layout-28f84493 wp-block-columns-is-layout-flex\">\n<div class=\"wp-block-column is-layout-flow wp-block-column-is-layout-flow\">\n<figure class=\"wp-block-image size-full\"><img decoding=\"async\" width=\"800\" height=\"800\" src=\"https:\/\/www.usborkeychain.com\/wp-content\/uploads\/usb-c-storage-devices.jpg\" alt=\"usb c storage devices\" class=\"wp-image-3398\" srcset=\"https:\/\/www.usborkeychain.com\/wp-content\/uploads\/usb-c-storage-devices.jpg 800w, https:\/\/www.usborkeychain.com\/wp-content\/uploads\/usb-c-storage-devices-300x300.jpg 300w, https:\/\/www.usborkeychain.com\/wp-content\/uploads\/usb-c-storage-devices-150x150.jpg 150w, https:\/\/www.usborkeychain.com\/wp-content\/uploads\/usb-c-storage-devices-768x768.jpg 768w, https:\/\/www.usborkeychain.com\/wp-content\/uploads\/usb-c-storage-devices-12x12.jpg 12w, https:\/\/www.usborkeychain.com\/wp-content\/uploads\/usb-c-storage-devices-600x600.jpg 600w, https:\/\/www.usborkeychain.com\/wp-content\/uploads\/usb-c-storage-devices-100x100.jpg 100w\" sizes=\"(max-width: 800px) 100vw, 800px\" \/><\/figure>\n<\/div>\n\n\n\n<div class=\"wp-block-column is-layout-flow wp-block-column-is-layout-flow\">\n<figure class=\"wp-block-image size-full\"><img loading=\"lazy\" decoding=\"async\" width=\"800\" height=\"800\" src=\"https:\/\/www.usborkeychain.com\/wp-content\/uploads\/usb-type-c-storage-drive.jpg\" alt=\"usb type c storage drive\" class=\"wp-image-3401\" srcset=\"https:\/\/www.usborkeychain.com\/wp-content\/uploads\/usb-type-c-storage-drive.jpg 800w, https:\/\/www.usborkeychain.com\/wp-content\/uploads\/usb-type-c-storage-drive-300x300.jpg 300w, https:\/\/www.usborkeychain.com\/wp-content\/uploads\/usb-type-c-storage-drive-150x150.jpg 150w, https:\/\/www.usborkeychain.com\/wp-content\/uploads\/usb-type-c-storage-drive-768x768.jpg 768w, https:\/\/www.usborkeychain.com\/wp-content\/uploads\/usb-type-c-storage-drive-12x12.jpg 12w, https:\/\/www.usborkeychain.com\/wp-content\/uploads\/usb-type-c-storage-drive-600x600.jpg 600w, https:\/\/www.usborkeychain.com\/wp-content\/uploads\/usb-type-c-storage-drive-100x100.jpg 100w\" sizes=\"(max-width: 800px) 100vw, 800px\" \/><\/figure>\n<\/div>\n\n\n\n<div class=\"wp-block-column is-layout-flow wp-block-column-is-layout-flow\">\n<figure class=\"wp-block-image size-full\"><img loading=\"lazy\" decoding=\"async\" width=\"800\" height=\"800\" src=\"https:\/\/www.usborkeychain.com\/wp-content\/uploads\/pen-usb-type-c.jpg\" alt=\"pen usb type c\" class=\"wp-image-3392\" srcset=\"https:\/\/www.usborkeychain.com\/wp-content\/uploads\/pen-usb-type-c.jpg 800w, https:\/\/www.usborkeychain.com\/wp-content\/uploads\/pen-usb-type-c-300x300.jpg 300w, https:\/\/www.usborkeychain.com\/wp-content\/uploads\/pen-usb-type-c-150x150.jpg 150w, https:\/\/www.usborkeychain.com\/wp-content\/uploads\/pen-usb-type-c-768x768.jpg 768w, https:\/\/www.usborkeychain.com\/wp-content\/uploads\/pen-usb-type-c-12x12.jpg 12w, https:\/\/www.usborkeychain.com\/wp-content\/uploads\/pen-usb-type-c-600x600.jpg 600w, https:\/\/www.usborkeychain.com\/wp-content\/uploads\/pen-usb-type-c-100x100.jpg 100w\" sizes=\"(max-width: 800px) 100vw, 800px\" \/><\/figure>\n<\/div>\n<\/div>\n\n\n\n<p> En cuanto a la velocidad de transmisi\u00f3n, ofrece dos opciones de interfaz: USB2.0 y USB3.0 de alta velocidad, que satisfacen las necesidades de transmisi\u00f3n de datos en distintos escenarios. Los par\u00e1metros espec\u00edficos son los siguientes:<\/p>\n\n\n\n<figure class=\"wp-block-table\"><table class=\"has-fixed-layout\"><thead><tr><th>Proyecto<\/th><th>Par\u00e1metros<\/th><\/tr><\/thead><tbody><tr><td>Tipo de interfaz<\/td><td>Un extremo USB, un extremo Android (admite personalizaci\u00f3n Type-c)<\/td><\/tr><tr><td>Norma de transmisi\u00f3n<\/td><td>USB2.0\/USB3.0 (opcional)<\/td><\/tr><tr><td>Material<\/td><td>Aleaci\u00f3n de aluminio<\/td><\/tr><tr><td>Rango de capacidad<\/td><td>1 GB - 256 GB (personalizable)<\/td><\/tr><tr><td>Temperatura de funcionamiento<\/td><td>-25\u2103 ~ 85\u2103<\/td><\/tr><tr><td>Temperatura de almacenamiento<\/td><td>-40\u2103 ~ 95\u2103<\/td><\/tr><\/tbody><\/table><\/figure>\n\n\n\n<h4 class=\"wp-block-heading\">\u00bfC\u00f3mo utilizar la unidad flash USB m\u00f3vil BrightColor?<\/h4>\n\n\n\n<div class=\"wp-block-columns is-layout-flex wp-container-core-columns-is-layout-28f84493 wp-block-columns-is-layout-flex\">\n<div class=\"wp-block-column is-layout-flow wp-block-column-is-layout-flow\">\n<figure class=\"wp-block-image size-full\"><img loading=\"lazy\" decoding=\"async\" width=\"800\" height=\"800\" src=\"https:\/\/www.usborkeychain.com\/wp-content\/uploads\/best-usb-c-flash-drive.jpg\" alt=\"best usb c flash drive\" class=\"wp-image-3387\" srcset=\"https:\/\/www.usborkeychain.com\/wp-content\/uploads\/best-usb-c-flash-drive.jpg 800w, https:\/\/www.usborkeychain.com\/wp-content\/uploads\/best-usb-c-flash-drive-300x300.jpg 300w, https:\/\/www.usborkeychain.com\/wp-content\/uploads\/best-usb-c-flash-drive-150x150.jpg 150w, https:\/\/www.usborkeychain.com\/wp-content\/uploads\/best-usb-c-flash-drive-768x768.jpg 768w, https:\/\/www.usborkeychain.com\/wp-content\/uploads\/best-usb-c-flash-drive-12x12.jpg 12w, https:\/\/www.usborkeychain.com\/wp-content\/uploads\/best-usb-c-flash-drive-600x600.jpg 600w, https:\/\/www.usborkeychain.com\/wp-content\/uploads\/best-usb-c-flash-drive-100x100.jpg 100w\" sizes=\"(max-width: 800px) 100vw, 800px\" \/><\/figure>\n<\/div>\n\n\n\n<div class=\"wp-block-column is-vertically-aligned-center is-layout-flow wp-block-column-is-layout-flow\">\n<ul class=\"wp-block-list\">\n<li><strong>Conectar el dispositivo<\/strong>: Inserte directamente la interfaz Android de la unidad flash USB m\u00f3vil BrightColor en la interfaz correspondiente de un tel\u00e9fono Android. Es plug-and-play, no requiere controladores adicionales.<\/li>\n\n\n\n<li><strong>Leer datos<\/strong>: Una vez realizada la conexi\u00f3n correctamente, busque el dispositivo USB en la gesti\u00f3n de archivos del tel\u00e9fono para realizar operaciones como el almacenamiento, la lectura y la eliminaci\u00f3n de archivos.<\/li>\n\n\n\n<li><strong>Uso con iPhones<\/strong>Los usuarios de iPhone necesitan utilizar un adaptador espec\u00edfico para conectar la unidad USB al tel\u00e9fono y confiar en la APP correspondiente para lograr la transmisi\u00f3n y gesti\u00f3n de datos.<\/li>\n<\/ul>\n<\/div>\n<\/div>\n\n\n\n<h4 class=\"wp-block-heading\">\u00bfSe puede personalizar la unidad flash USB m\u00f3vil BrightColor con un logotipo?<\/h4>\n\n\n\n<p>Como f\u00e1brica de producci\u00f3n de USB, ofrecemos dos procesos principales de personalizaci\u00f3n para las memorias USB BrightColor para m\u00f3viles: el grabado l\u00e1ser y la serigraf\u00eda. El proceso de grabado l\u00e1ser presenta con precisi\u00f3n los detalles del logotipo, es resistente al desgaste y no desti\u00f1e; el proceso de serigraf\u00eda ofrece colores vivos y dise\u00f1os n\u00edtidos. Ambos procesos son adecuados para la personalizaci\u00f3n de regalos de empresa, y satisfacen las necesidades de distintos clientes, desde la producci\u00f3n en masa hasta la personalizaci\u00f3n a medida. Seg\u00fan los comentarios del mercado, la mayor\u00eda de los clientes B2B prefieren el proceso de grabado l\u00e1ser para la personalizaci\u00f3n del logotipo, con el fin de realzar la textura y la imagen de marca del regalo.<\/p>\n\n\n\n<div class=\"wp-block-columns is-layout-flex wp-container-core-columns-is-layout-28f84493 wp-block-columns-is-layout-flex\">\n<div class=\"wp-block-column is-layout-flow wp-block-column-is-layout-flow\">\n<figure class=\"wp-block-image size-full\"><img loading=\"lazy\" decoding=\"async\" width=\"800\" height=\"800\" src=\"https:\/\/www.usborkeychain.com\/wp-content\/uploads\/c-thumb-drive.jpg\" alt=\"c thumb drive\" class=\"wp-image-3389\" srcset=\"https:\/\/www.usborkeychain.com\/wp-content\/uploads\/c-thumb-drive.jpg 800w, https:\/\/www.usborkeychain.com\/wp-content\/uploads\/c-thumb-drive-300x300.jpg 300w, https:\/\/www.usborkeychain.com\/wp-content\/uploads\/c-thumb-drive-150x150.jpg 150w, https:\/\/www.usborkeychain.com\/wp-content\/uploads\/c-thumb-drive-768x768.jpg 768w, https:\/\/www.usborkeychain.com\/wp-content\/uploads\/c-thumb-drive-12x12.jpg 12w, https:\/\/www.usborkeychain.com\/wp-content\/uploads\/c-thumb-drive-600x600.jpg 600w, https:\/\/www.usborkeychain.com\/wp-content\/uploads\/c-thumb-drive-100x100.jpg 100w\" sizes=\"(max-width: 800px) 100vw, 800px\" \/><\/figure>\n<\/div>\n\n\n\n<div class=\"wp-block-column is-layout-flow wp-block-column-is-layout-flow\">\n<figure class=\"wp-block-image size-full\"><img loading=\"lazy\" decoding=\"async\" width=\"800\" height=\"800\" src=\"https:\/\/www.usborkeychain.com\/wp-content\/uploads\/usb-3.1-usb-stick-custom-logo.jpg\" alt=\"usb 3.1 usb stick custom logo\" class=\"wp-image-3395\" srcset=\"https:\/\/www.usborkeychain.com\/wp-content\/uploads\/usb-3.1-usb-stick-custom-logo.jpg 800w, https:\/\/www.usborkeychain.com\/wp-content\/uploads\/usb-3.1-usb-stick-custom-logo-300x300.jpg 300w, https:\/\/www.usborkeychain.com\/wp-content\/uploads\/usb-3.1-usb-stick-custom-logo-150x150.jpg 150w, https:\/\/www.usborkeychain.com\/wp-content\/uploads\/usb-3.1-usb-stick-custom-logo-768x768.jpg 768w, https:\/\/www.usborkeychain.com\/wp-content\/uploads\/usb-3.1-usb-stick-custom-logo-12x12.jpg 12w, https:\/\/www.usborkeychain.com\/wp-content\/uploads\/usb-3.1-usb-stick-custom-logo-600x600.jpg 600w, https:\/\/www.usborkeychain.com\/wp-content\/uploads\/usb-3.1-usb-stick-custom-logo-100x100.jpg 100w\" sizes=\"(max-width: 800px) 100vw, 800px\" \/><\/figure>\n<\/div>\n<\/div>\n\n\n\n<p><strong>Conclusi\u00f3n<\/strong>: Con su dise\u00f1o cl\u00e1sico, material de alta calidad, funciones pr\u00e1cticas y diversos procesos de personalizaci\u00f3n, la unidad flash USB m\u00f3vil BrightColor se ha convertido en una opci\u00f3n ideal para que fabricantes y mayoristas adquieran dispositivos de almacenamiento y personalicen regalos de empresa.<\/p>\n\n\n\n<p><\/p>","protected":false},"excerpt":{"rendered":"<ul>\n<li>USB C brillante y USB a Style<\/li>\n<li>Dise\u00f1o de tira larga<\/li>\n<li>Carcasa de aleaci\u00f3n de aluminio<\/li>\n<li>Adecuado para regalos personalizados<\/li>\n<li>Compras a granel de los fabricantes<\/li>\n<\/ul>","protected":false},"featured_media":3389,"comment_status":"open","ping_status":"closed","template":"","meta":{"_seopress_robots_primary_cat":"none","_seopress_titles_title":"","_seopress_titles_desc":"","_seopress_robots_index":"","site-sidebar-layout":"default","site-content-layout":"","ast-site-content-layout":"","site-content-style":"default","site-sidebar-style":"default","ast-global-header-display":"","ast-banner-title-visibility":"","ast-main-header-display":"","ast-hfb-above-header-display":"","ast-hfb-below-header-display":"","ast-hfb-mobile-header-display":"","site-post-title":"","ast-breadcrumbs-content":"","ast-featured-img":"","footer-sml-layout":"","theme-transparent-header-meta":"","adv-header-id-meta":"","stick-header-meta":"","header-above-stick-meta":"","header-main-stick-meta":"","header-below-stick-meta":"","astra-migrate-meta-layouts":"default","ast-page-background-enabled":"default","ast-page-background-meta":{"desktop":{"background-color":"var(--ast-global-color-5)","background-image":"","background-repeat":"repeat","background-position":"center center","background-size":"auto","background-attachment":"scroll","background-type":"","background-media":"","overlay-type":"","overlay-color":"","overlay-opacity":"","overlay-gradient":""},"tablet":{"background-color":"","background-image":"","background-repeat":"repeat","background-position":"center center","background-size":"auto","background-attachment":"scroll","background-type":"","background-media":"","overlay-type":"","overlay-color":"","overlay-opacity":"","overlay-gradient":""},"mobile":{"background-color":"","background-image":"","background-repeat":"repeat","background-position":"center center","background-size":"auto","background-attachment":"scroll","background-type":"","background-media":"","overlay-type":"","overlay-color":"","overlay-opacity":"","overlay-gradient":""}},"ast-content-background-meta":{"desktop":{"background-color":"var(--ast-global-color-4)","background-image":"","background-repeat":"repeat","background-position":"center center","background-size":"auto","background-attachment":"scroll","background-type":"","background-media":"","overlay-type":"","overlay-color":"","overlay-opacity":"","overlay-gradient":""},"tablet":{"background-color":"var(--ast-global-color-4)","background-image":"","background-repeat":"repeat","background-position":"center center","background-size":"auto","background-attachment":"scroll","background-type":"","background-media":"","overlay-type":"","overlay-color":"","overlay-opacity":"","overlay-gradient":""},"mobile":{"background-color":"var(--ast-global-color-4)","background-image":"","background-repeat":"repeat","background-position":"center center","background-size":"auto","background-attachment":"scroll","background-type":"","background-media":"","overlay-type":"","overlay-color":"","overlay-opacity":"","overlay-gradient":""}}},"product_brand":[],"product_cat":[105],"product_tag":[185,180],"class_list":{"0":"post-3384","1":"product","2":"type-product","3":"status-publish","4":"has-post-thumbnail","6":"product_cat-usb-c-pendrive","7":"product_tag-aluminium-usb-flash-drive","8":"product_tag-usb-flash-drive-for-cell-phones","9":"desktop-align-left","10":"tablet-align-left","11":"mobile-align-left","13":"first","14":"instock","15":"shipping-taxable","16":"product-type-grouped"},"_links":{"self":[{"href":"https:\/\/www.usborkeychain.com\/es\/wp-json\/wp\/v2\/product\/3384","targetHints":{"allow":["GET"]}}],"collection":[{"href":"https:\/\/www.usborkeychain.com\/es\/wp-json\/wp\/v2\/product"}],"about":[{"href":"https:\/\/www.usborkeychain.com\/es\/wp-json\/wp\/v2\/types\/product"}],"replies":[{"embeddable":true,"href":"https:\/\/www.usborkeychain.com\/es\/wp-json\/wp\/v2\/comments?post=3384"}],"wp:featuredmedia":[{"embeddable":true,"href":"https:\/\/www.usborkeychain.com\/es\/wp-json\/wp\/v2\/media\/3389"}],"wp:attachment":[{"href":"https:\/\/www.usborkeychain.com\/es\/wp-json\/wp\/v2\/media?parent=3384"}],"wp:term":[{"taxonomy":"product_brand","embeddable":true,"href":"https:\/\/www.usborkeychain.com\/es\/wp-json\/wp\/v2\/product_brand?post=3384"},{"taxonomy":"product_cat","embeddable":true,"href":"https:\/\/www.usborkeychain.com\/es\/wp-json\/wp\/v2\/product_cat?post=3384"},{"taxonomy":"product_tag","embeddable":true,"href":"https:\/\/www.usborkeychain.com\/es\/wp-json\/wp\/v2\/product_tag?post=3384"}],"curies":[{"name":"wp","href":"https:\/\/api.w.org\/{rel}","templated":true}]}}