{"id":3412,"date":"2025-06-25T06:44:47","date_gmt":"2025-06-25T06:44:47","guid":{"rendered":"https:\/\/www.usborkeychain.com\/?post_type=product&#038;p=3412"},"modified":"2025-06-25T10:39:15","modified_gmt":"2025-06-25T10:39:15","slug":"card-shaped-mobile-usb-flash-drive","status":"publish","type":"product","link":"https:\/\/www.usborkeychain.com\/es\/producto\/card-shaped-mobile-usb-flash-drive\/","title":{"rendered":"Memoria USB C en forma de tarjeta con OTG"},"content":{"rendered":"<div class=\"wp-block-columns is-layout-flex wp-container-core-columns-is-layout-28f84493 wp-block-columns-is-layout-flex\">\n<div class=\"wp-block-column is-layout-flow wp-block-column-is-layout-flow\">\n<figure class=\"wp-block-image size-large\"><img fetchpriority=\"high\" decoding=\"async\" width=\"1024\" height=\"1024\" src=\"https:\/\/www.usborkeychain.com\/wp-content\/uploads\/how-to-use-the-USB-Card-Flash-Drive-with-Type-C-1024x1024.jpg\" alt=\"how to use the USB Card Flash Drive with Type C\" class=\"wp-image-3417\" srcset=\"https:\/\/www.usborkeychain.com\/wp-content\/uploads\/how-to-use-the-USB-Card-Flash-Drive-with-Type-C-1024x1024.jpg 1024w, https:\/\/www.usborkeychain.com\/wp-content\/uploads\/how-to-use-the-USB-Card-Flash-Drive-with-Type-C-300x300.jpg 300w, https:\/\/www.usborkeychain.com\/wp-content\/uploads\/how-to-use-the-USB-Card-Flash-Drive-with-Type-C-150x150.jpg 150w, https:\/\/www.usborkeychain.com\/wp-content\/uploads\/how-to-use-the-USB-Card-Flash-Drive-with-Type-C-768x768.jpg 768w, https:\/\/www.usborkeychain.com\/wp-content\/uploads\/how-to-use-the-USB-Card-Flash-Drive-with-Type-C-12x12.jpg 12w, https:\/\/www.usborkeychain.com\/wp-content\/uploads\/how-to-use-the-USB-Card-Flash-Drive-with-Type-C-600x600.jpg 600w, https:\/\/www.usborkeychain.com\/wp-content\/uploads\/how-to-use-the-USB-Card-Flash-Drive-with-Type-C-100x100.jpg 100w, https:\/\/www.usborkeychain.com\/wp-content\/uploads\/how-to-use-the-USB-Card-Flash-Drive-with-Type-C.jpg 1080w\" sizes=\"(max-width: 1024px) 100vw, 1024px\" \/><\/figure>\n<\/div>\n\n\n\n<div class=\"wp-block-column is-vertically-aligned-center is-layout-flow wp-block-column-is-layout-flow\">\n<p>La memoria USB m\u00f3vil en forma de tarjeta a\u00f1ade una nueva funci\u00f3n al cl\u00e1sico USB de tarjeta, permitiendo la inserci\u00f3n directa en tel\u00e9fonos m\u00f3viles. <\/p>\n\n\n\n<p>Con un dise\u00f1o cl\u00e1sico de tarjeta y material pl\u00e1stico de alta calidad, admite un uso dual tanto en tel\u00e9fonos m\u00f3viles como en ordenadores. <\/p>\n\n\n\n<p>Es una opci\u00f3n popular para regalos promocionales USB, a menudo seleccionada por los fabricantes de tel\u00e9fonos m\u00f3viles como obsequio para los usuarios.<\/p>\n<\/div>\n<\/div>\n\n\n\n<div style=\"height:50px\" aria-hidden=\"true\" class=\"wp-block-spacer\"><\/div>\n\n\n\n<h3 class=\"wp-block-heading\">Dise\u00f1o de la cl\u00e1sica memoria USB m\u00f3vil con forma de tarjeta<\/h3>\n\n\n\n<div class=\"wp-block-columns is-layout-flex wp-container-core-columns-is-layout-28f84493 wp-block-columns-is-layout-flex\">\n<div class=\"wp-block-column is-vertically-aligned-center is-layout-flow wp-block-column-is-layout-flow\">\n<p>La cl\u00e1sica memoria USB m\u00f3vil con forma de tarjeta presenta un dise\u00f1o \u00fanico, similar al de las tarjetas de cr\u00e9dito y las tarjetas bancarias: 85<em>55<\/em>con un grosor de s\u00f3lo 2 mm, lo que lo convierte en un modelo ultrafino. <\/p>\n\n\n\n<p> Su naturaleza ligera y port\u00e1til permite colocarlo f\u00e1cilmente en carteras, tarjeteros o bolsillos sin que suponga una carga. <\/p>\n\n\n\n<p>Tanto si los profesionales de empresa necesitan transportar documentos importantes como si los usuarios normales quieren hacer copias de seguridad de los datos, ofrece una gran comodidad, lo que la convierte en un modelo popular para la producci\u00f3n en masa en las f\u00e1bricas.<\/p>\n<\/div>\n\n\n\n<div class=\"wp-block-column is-layout-flow wp-block-column-is-layout-flow\">\n<figure class=\"wp-block-image size-full\"><img decoding=\"async\" width=\"800\" height=\"800\" src=\"https:\/\/www.usborkeychain.com\/wp-content\/uploads\/Credit-Card-usb-c-USB-Pendrive.jpg\" alt=\"Credit Card usb c USB Pendrive\" class=\"wp-image-3416\" srcset=\"https:\/\/www.usborkeychain.com\/wp-content\/uploads\/Credit-Card-usb-c-USB-Pendrive.jpg 800w, https:\/\/www.usborkeychain.com\/wp-content\/uploads\/Credit-Card-usb-c-USB-Pendrive-300x300.jpg 300w, https:\/\/www.usborkeychain.com\/wp-content\/uploads\/Credit-Card-usb-c-USB-Pendrive-150x150.jpg 150w, https:\/\/www.usborkeychain.com\/wp-content\/uploads\/Credit-Card-usb-c-USB-Pendrive-768x768.jpg 768w, https:\/\/www.usborkeychain.com\/wp-content\/uploads\/Credit-Card-usb-c-USB-Pendrive-12x12.jpg 12w, https:\/\/www.usborkeychain.com\/wp-content\/uploads\/Credit-Card-usb-c-USB-Pendrive-600x600.jpg 600w, https:\/\/www.usborkeychain.com\/wp-content\/uploads\/Credit-Card-usb-c-USB-Pendrive-100x100.jpg 100w\" sizes=\"(max-width: 800px) 100vw, 800px\" \/><\/figure>\n<\/div>\n<\/div>\n\n\n\n<h3 class=\"wp-block-heading\">\u00bfCu\u00e1les son los par\u00e1metros de la memoria USB m\u00f3vil en forma de tarjeta?<\/h3>\n\n\n\n<div class=\"wp-block-columns is-layout-flex wp-container-core-columns-is-layout-28f84493 wp-block-columns-is-layout-flex\">\n<div class=\"wp-block-column is-layout-flow wp-block-column-is-layout-flow\">\n<figure class=\"wp-block-image size-full\"><img decoding=\"async\" width=\"600\" height=\"600\" src=\"https:\/\/www.usborkeychain.com\/wp-content\/uploads\/USB-Card-Flash-Drive-with-OTG.png\" alt=\"USB Card Flash Drive with OTG\" class=\"wp-image-3420\" srcset=\"https:\/\/www.usborkeychain.com\/wp-content\/uploads\/USB-Card-Flash-Drive-with-OTG.png 600w, https:\/\/www.usborkeychain.com\/wp-content\/uploads\/USB-Card-Flash-Drive-with-OTG-300x300.png 300w, https:\/\/www.usborkeychain.com\/wp-content\/uploads\/USB-Card-Flash-Drive-with-OTG-150x150.png 150w, https:\/\/www.usborkeychain.com\/wp-content\/uploads\/USB-Card-Flash-Drive-with-OTG-12x12.png 12w, https:\/\/www.usborkeychain.com\/wp-content\/uploads\/USB-Card-Flash-Drive-with-OTG-100x100.png 100w\" sizes=\"(max-width: 600px) 100vw, 600px\" \/><\/figure>\n<\/div>\n\n\n\n<div class=\"wp-block-column is-layout-flow wp-block-column-is-layout-flow\">\n<figure class=\"wp-block-image size-full\"><img loading=\"lazy\" decoding=\"async\" width=\"800\" height=\"800\" src=\"https:\/\/www.usborkeychain.com\/wp-content\/uploads\/Credit-Card-Shape-OTG-USB-Pendrive.jpg\" alt=\"Credit Card Shape OTG USB Pendrive\" class=\"wp-image-3415\" srcset=\"https:\/\/www.usborkeychain.com\/wp-content\/uploads\/Credit-Card-Shape-OTG-USB-Pendrive.jpg 800w, https:\/\/www.usborkeychain.com\/wp-content\/uploads\/Credit-Card-Shape-OTG-USB-Pendrive-300x300.jpg 300w, https:\/\/www.usborkeychain.com\/wp-content\/uploads\/Credit-Card-Shape-OTG-USB-Pendrive-150x150.jpg 150w, https:\/\/www.usborkeychain.com\/wp-content\/uploads\/Credit-Card-Shape-OTG-USB-Pendrive-768x768.jpg 768w, https:\/\/www.usborkeychain.com\/wp-content\/uploads\/Credit-Card-Shape-OTG-USB-Pendrive-12x12.jpg 12w, https:\/\/www.usborkeychain.com\/wp-content\/uploads\/Credit-Card-Shape-OTG-USB-Pendrive-600x600.jpg 600w, https:\/\/www.usborkeychain.com\/wp-content\/uploads\/Credit-Card-Shape-OTG-USB-Pendrive-100x100.jpg 100w\" sizes=\"(max-width: 800px) 100vw, 800px\" \/><\/figure>\n<\/div>\n\n\n\n<div class=\"wp-block-column is-vertically-aligned-center is-layout-flow wp-block-column-is-layout-flow\">\n<p>La memoria USB m\u00f3vil con forma de tarjeta admite un doble uso en ordenadores y tel\u00e9fonos m\u00f3viles. <\/p>\n\n\n\n<p>Un extremo es una interfaz USB est\u00e1ndar, compatible con varios ordenadores; el extremo del tel\u00e9fono m\u00f3vil ofrece dos opciones de interfaz: Tipo-c y Android. <\/p>\n\n\n\n<p>Los usuarios deben aclarar sus requisitos de interfaz en el momento de la compra para evitar problemas de uso de adaptadores m\u00e1s adelante.<\/p>\n\n\n\n<p><\/p>\n\n\n\n<p><\/p>\n<\/div>\n<\/div>\n\n\n\n<p> Utiliza un chip UDP impermeable para garantizar la seguridad de los datos. Los est\u00e1ndares de transmisi\u00f3n de la interfaz son opcionales entre USB2.0 y USB3.0 de alta velocidad, satisfaciendo las necesidades de transmisi\u00f3n de datos en diferentes escenarios. Los par\u00e1metros espec\u00edficos son los siguientes:<\/p>\n\n\n\n<figure class=\"wp-block-table\"><table class=\"has-fixed-layout\"><thead><tr><th>Proyecto<\/th><th>Par\u00e1metros<\/th><\/tr><\/thead><tbody><tr><td>Dimensiones<\/td><td>85<em>55<\/em>2 mm<\/td><\/tr><tr><td>Tipo de interfaz<\/td><td>USB + Tipo-c \/ Android (elija uno)<\/td><\/tr><tr><td>Norma de transmisi\u00f3n<\/td><td>USB2.0\/USB3.0 (opcional)<\/td><\/tr><tr><td>Tipo de chip<\/td><td>UDP impermeable<\/td><\/tr><tr><td>Material<\/td><td>Pl\u00e1stico de alta calidad<\/td><\/tr><tr><td>Rango de capacidad<\/td><td>8 GB - 256 GB (personalizable)<\/td><\/tr><\/tbody><\/table><\/figure>\n\n\n\n<div style=\"height:50px\" aria-hidden=\"true\" class=\"wp-block-spacer\"><\/div>\n\n\n\n<h3 class=\"wp-block-heading\">\u00bfC\u00f3mo utilizar la memoria USB m\u00f3vil en forma de tarjeta?<\/h3>\n\n\n\n<div style=\"height:50px\" aria-hidden=\"true\" class=\"wp-block-spacer\"><\/div>\n\n\n\n<div class=\"wp-block-columns is-layout-flex wp-container-core-columns-is-layout-28f84493 wp-block-columns-is-layout-flex\">\n<div class=\"wp-block-column is-layout-flow wp-block-column-is-layout-flow\">\n<figure class=\"wp-block-image size-full\"><img loading=\"lazy\" decoding=\"async\" width=\"1000\" height=\"1000\" src=\"https:\/\/www.usborkeychain.com\/wp-content\/uploads\/type-c-card-shaped-usb-drive.jpg\" alt=\"type c card shaped usb drive\" class=\"wp-image-3419\" srcset=\"https:\/\/www.usborkeychain.com\/wp-content\/uploads\/type-c-card-shaped-usb-drive.jpg 1000w, https:\/\/www.usborkeychain.com\/wp-content\/uploads\/type-c-card-shaped-usb-drive-300x300.jpg 300w, https:\/\/www.usborkeychain.com\/wp-content\/uploads\/type-c-card-shaped-usb-drive-150x150.jpg 150w, https:\/\/www.usborkeychain.com\/wp-content\/uploads\/type-c-card-shaped-usb-drive-768x768.jpg 768w, https:\/\/www.usborkeychain.com\/wp-content\/uploads\/type-c-card-shaped-usb-drive-12x12.jpg 12w, https:\/\/www.usborkeychain.com\/wp-content\/uploads\/type-c-card-shaped-usb-drive-600x600.jpg 600w, https:\/\/www.usborkeychain.com\/wp-content\/uploads\/type-c-card-shaped-usb-drive-100x100.jpg 100w\" sizes=\"(max-width: 1000px) 100vw, 1000px\" \/><\/figure>\n<\/div>\n\n\n\n<div class=\"wp-block-column is-vertically-aligned-center is-layout-flow wp-block-column-is-layout-flow\">\n<ul class=\"wp-block-list\">\n<li>Preparaci\u00f3n de la conexi\u00f3n: Extraiga suavemente la interfaz del extremo del tel\u00e9fono m\u00f3vil de la memoria USB m\u00f3vil en forma de tarjeta. La interfaz admite una rotaci\u00f3n de 360 grados, lo que facilita el ajuste del \u00e1ngulo para la inserci\u00f3n.<\/li>\n\n\n\n<li><\/li>\n\n\n\n<li>Conexi\u00f3n del dispositivo: Inserte directamente la interfaz del extremo del tel\u00e9fono m\u00f3vil en el puerto del tel\u00e9fono correspondiente (Tipo-c o Android). No es necesario instalar ninguna APP ni controlador para completar la conexi\u00f3n.<\/li>\n\n\n\n<li><\/li>\n\n\n\n<li>Uso multidispositivo: Para iPhones con interfaces Lightning, se necesita un adaptador dedicado; cuando se utiliza en un ordenador, basta con insertar la interfaz USB en el ordenador para lograr la transmisi\u00f3n de datos.<\/li>\n<\/ul>\n<\/div>\n<\/div>\n\n\n\n<div style=\"height:50px\" aria-hidden=\"true\" class=\"wp-block-spacer\"><\/div>\n\n\n\n<h3 class=\"wp-block-heading\">\u00bfSe puede personalizar la memoria USB m\u00f3vil con forma de tarjeta con un logotipo?<\/h3>\n\n\n\n<div style=\"height:50px\" aria-hidden=\"true\" class=\"wp-block-spacer\"><\/div>\n\n\n\n<div class=\"wp-block-columns is-layout-flex wp-container-core-columns-is-layout-28f84493 wp-block-columns-is-layout-flex\">\n<div class=\"wp-block-column is-vertically-aligned-center is-layout-flow wp-block-column-is-layout-flow\">\n<p>La memoria USB m\u00f3vil con forma de tarjeta tiene grandes \u00e1reas en blanco tanto en la parte delantera como en la trasera, lo que proporciona un amplio espacio para la impresi\u00f3n de logotipos y dise\u00f1os, especialmente adecuado para personalizar im\u00e1genes complejas, fotos, tarjetas de visita y otros materiales. <\/p>\n\n\n\n<p>Adoptamos una avanzada tecnolog\u00eda de impresi\u00f3n en color UV, que puede producir renders en 30 minutos y proporcionar muestras en tan solo 1 hora. <\/p>\n\n\n\n<p>Tanto si las empresas necesitan personalizar regalos de promoci\u00f3n de marca como si los mayoristas desean crear productos \u00fanicos, satisface eficazmente diversas necesidades.<\/p>\n<\/div>\n\n\n\n<div class=\"wp-block-column is-layout-flow wp-block-column-is-layout-flow\">\n<figure class=\"wp-block-image size-full\"><img loading=\"lazy\" decoding=\"async\" width=\"600\" height=\"600\" src=\"https:\/\/www.usborkeychain.com\/wp-content\/uploads\/otg-card-shaped-usb-drive.jpg\" alt=\"otg card shaped usb drive\" class=\"wp-image-3418\" srcset=\"https:\/\/www.usborkeychain.com\/wp-content\/uploads\/otg-card-shaped-usb-drive.jpg 600w, https:\/\/www.usborkeychain.com\/wp-content\/uploads\/otg-card-shaped-usb-drive-300x300.jpg 300w, https:\/\/www.usborkeychain.com\/wp-content\/uploads\/otg-card-shaped-usb-drive-150x150.jpg 150w, https:\/\/www.usborkeychain.com\/wp-content\/uploads\/otg-card-shaped-usb-drive-12x12.jpg 12w, https:\/\/www.usborkeychain.com\/wp-content\/uploads\/otg-card-shaped-usb-drive-100x100.jpg 100w\" sizes=\"(max-width: 600px) 100vw, 600px\" \/><\/figure>\n<\/div>\n\n\n\n<div class=\"wp-block-column is-layout-flow wp-block-column-is-layout-flow\">\n<figure class=\"wp-block-image size-full\"><img loading=\"lazy\" decoding=\"async\" width=\"700\" height=\"700\" src=\"https:\/\/www.usborkeychain.com\/wp-content\/uploads\/USB-Card-Flash-Drive-with-Type-C.webp\" alt=\"USB Card Flash Drive with Type C\" class=\"wp-image-3421\" srcset=\"https:\/\/www.usborkeychain.com\/wp-content\/uploads\/USB-Card-Flash-Drive-with-Type-C.webp 700w, https:\/\/www.usborkeychain.com\/wp-content\/uploads\/USB-Card-Flash-Drive-with-Type-C-300x300.webp 300w, https:\/\/www.usborkeychain.com\/wp-content\/uploads\/USB-Card-Flash-Drive-with-Type-C-150x150.webp 150w, https:\/\/www.usborkeychain.com\/wp-content\/uploads\/USB-Card-Flash-Drive-with-Type-C-12x12.webp 12w, https:\/\/www.usborkeychain.com\/wp-content\/uploads\/USB-Card-Flash-Drive-with-Type-C-600x600.webp 600w, https:\/\/www.usborkeychain.com\/wp-content\/uploads\/USB-Card-Flash-Drive-with-Type-C-100x100.webp 100w\" sizes=\"(max-width: 700px) 100vw, 700px\" \/><\/figure>\n<\/div>\n<\/div>\n\n\n\n<div style=\"height:50px\" aria-hidden=\"true\" class=\"wp-block-spacer\"><\/div>\n\n\n\n<p><strong>Conclusi\u00f3n<\/strong>: Gracias a su exclusivo dise\u00f1o de tarjeta, sus diversas opciones de interfaz, su gran resistencia al agua y sus eficaces servicios de personalizaci\u00f3n, la memoria USB m\u00f3vil con forma de tarjeta se ha convertido en una excelente opci\u00f3n para fabricantes y mayoristas a la hora de comprar al por mayor y personalizarla.<\/p>\n\n\n\n<p><\/p>","protected":false},"excerpt":{"rendered":"<ul>\n<li>Tarjeta cl\u00e1sica Tel\u00e9fono m\u00f3vil U-Disk<\/li>\n<li>Interfaz Type-C e interfaz Android<\/li>\n<li>Capacidad: 8 GB - 256 GB<\/li>\n<li>Tarjeta de tel\u00e9fono m\u00f3vil U-Disk personalizable con logotipo<\/li>\n<\/ul>","protected":false},"featured_media":3418,"comment_status":"open","ping_status":"closed","template":"","meta":{"_seopress_robots_primary_cat":"","_seopress_titles_title":"","_seopress_titles_desc":"","_seopress_robots_index":"","site-sidebar-layout":"default","site-content-layout":"","ast-site-content-layout":"","site-content-style":"default","site-sidebar-style":"default","ast-global-header-display":"","ast-banner-title-visibility":"","ast-main-header-display":"","ast-hfb-above-header-display":"","ast-hfb-below-header-display":"","ast-hfb-mobile-header-display":"","site-post-title":"","ast-breadcrumbs-content":"","ast-featured-img":"","footer-sml-layout":"","theme-transparent-header-meta":"","adv-header-id-meta":"","stick-header-meta":"","header-above-stick-meta":"","header-main-stick-meta":"","header-below-stick-meta":"","astra-migrate-meta-layouts":"default","ast-page-background-enabled":"default","ast-page-background-meta":{"desktop":{"background-color":"var(--ast-global-color-5)","background-image":"","background-repeat":"repeat","background-position":"center center","background-size":"auto","background-attachment":"scroll","background-type":"","background-media":"","overlay-type":"","overlay-color":"","overlay-opacity":"","overlay-gradient":""},"tablet":{"background-color":"","background-image":"","background-repeat":"repeat","background-position":"center center","background-size":"auto","background-attachment":"scroll","background-type":"","background-media":"","overlay-type":"","overlay-color":"","overlay-opacity":"","overlay-gradient":""},"mobile":{"background-color":"","background-image":"","background-repeat":"repeat","background-position":"center center","background-size":"auto","background-attachment":"scroll","background-type":"","background-media":"","overlay-type":"","overlay-color":"","overlay-opacity":"","overlay-gradient":""}},"ast-content-background-meta":{"desktop":{"background-color":"var(--ast-global-color-4)","background-image":"","background-repeat":"repeat","background-position":"center center","background-size":"auto","background-attachment":"scroll","background-type":"","background-media":"","overlay-type":"","overlay-color":"","overlay-opacity":"","overlay-gradient":""},"tablet":{"background-color":"var(--ast-global-color-4)","background-image":"","background-repeat":"repeat","background-position":"center center","background-size":"auto","background-attachment":"scroll","background-type":"","background-media":"","overlay-type":"","overlay-color":"","overlay-opacity":"","overlay-gradient":""},"mobile":{"background-color":"var(--ast-global-color-4)","background-image":"","background-repeat":"repeat","background-position":"center center","background-size":"auto","background-attachment":"scroll","background-type":"","background-media":"","overlay-type":"","overlay-color":"","overlay-opacity":"","overlay-gradient":""}}},"product_brand":[],"product_cat":[96,105],"product_tag":[184],"class_list":{"0":"post-3412","1":"product","2":"type-product","3":"status-publish","4":"has-post-thumbnail","6":"product_cat-card-usb-pendrive","7":"product_cat-usb-c-pendrive","8":"product_tag-card-shaepd-usb-flash-drive","9":"desktop-align-left","10":"tablet-align-left","11":"mobile-align-left","13":"first","14":"instock","15":"shipping-taxable","16":"product-type-simple"},"_links":{"self":[{"href":"https:\/\/www.usborkeychain.com\/es\/wp-json\/wp\/v2\/product\/3412","targetHints":{"allow":["GET"]}}],"collection":[{"href":"https:\/\/www.usborkeychain.com\/es\/wp-json\/wp\/v2\/product"}],"about":[{"href":"https:\/\/www.usborkeychain.com\/es\/wp-json\/wp\/v2\/types\/product"}],"replies":[{"embeddable":true,"href":"https:\/\/www.usborkeychain.com\/es\/wp-json\/wp\/v2\/comments?post=3412"}],"wp:featuredmedia":[{"embeddable":true,"href":"https:\/\/www.usborkeychain.com\/es\/wp-json\/wp\/v2\/media\/3418"}],"wp:attachment":[{"href":"https:\/\/www.usborkeychain.com\/es\/wp-json\/wp\/v2\/media?parent=3412"}],"wp:term":[{"taxonomy":"product_brand","embeddable":true,"href":"https:\/\/www.usborkeychain.com\/es\/wp-json\/wp\/v2\/product_brand?post=3412"},{"taxonomy":"product_cat","embeddable":true,"href":"https:\/\/www.usborkeychain.com\/es\/wp-json\/wp\/v2\/product_cat?post=3412"},{"taxonomy":"product_tag","embeddable":true,"href":"https:\/\/www.usborkeychain.com\/es\/wp-json\/wp\/v2\/product_tag?post=3412"}],"curies":[{"name":"wp","href":"https:\/\/api.w.org\/{rel}","templated":true}]}}