{"id":3448,"date":"2025-06-25T08:58:40","date_gmt":"2025-06-25T08:58:40","guid":{"rendered":"https:\/\/www.usborkeychain.com\/?post_type=product&#038;p=3448"},"modified":"2025-08-17T13:18:30","modified_gmt":"2025-08-17T13:18:30","slug":"wheat-straw-rotating-mobile-usb-flash-drive","status":"publish","type":"product","link":"https:\/\/www.usborkeychain.com\/es\/producto\/wheat-straw-rotating-mobile-usb-flash-drive\/","title":{"rendered":"Memoria USB Tipo-c giratoria de paja de trigo"},"content":{"rendered":"<p><\/p>\n\n\n\n<div class=\"wp-block-columns is-layout-flex wp-container-core-columns-is-layout-28f84493 wp-block-columns-is-layout-flex\">\n<div class=\"wp-block-column is-layout-flow wp-block-column-is-layout-flow\">\n<figure class=\"wp-block-image size-full\"><img fetchpriority=\"high\" decoding=\"async\" width=\"800\" height=\"800\" src=\"https:\/\/www.usborkeychain.com\/wp-content\/uploads\/tiny-usb-c-flash-drive.jpg\" alt=\"tiny usb c flash drive\" class=\"wp-image-3463\" srcset=\"https:\/\/www.usborkeychain.com\/wp-content\/uploads\/tiny-usb-c-flash-drive.jpg 800w, https:\/\/www.usborkeychain.com\/wp-content\/uploads\/tiny-usb-c-flash-drive-300x300.jpg 300w, https:\/\/www.usborkeychain.com\/wp-content\/uploads\/tiny-usb-c-flash-drive-150x150.jpg 150w, https:\/\/www.usborkeychain.com\/wp-content\/uploads\/tiny-usb-c-flash-drive-768x768.jpg 768w, https:\/\/www.usborkeychain.com\/wp-content\/uploads\/tiny-usb-c-flash-drive-12x12.jpg 12w, https:\/\/www.usborkeychain.com\/wp-content\/uploads\/tiny-usb-c-flash-drive-600x600.jpg 600w, https:\/\/www.usborkeychain.com\/wp-content\/uploads\/tiny-usb-c-flash-drive-100x100.jpg 100w\" sizes=\"(max-width: 800px) 100vw, 800px\" \/><\/figure>\n<\/div>\n\n\n\n<div class=\"wp-block-column is-vertically-aligned-center is-layout-flow wp-block-column-is-layout-flow\">\n<p>La memoria USB Tipo-c giratoria de paja de trigo es un USB de almacenamiento que integra a la perfecci\u00f3n los conceptos medioambientales con un rendimiento pr\u00e1ctico. Con un dise\u00f1o cl\u00e1sico de clip giratorio y una carcasa de paja de trigo respetuosa con el medio ambiente, admite un uso dual tanto en tel\u00e9fonos m\u00f3viles como en ordenadores.<\/p>\n\n\n\n<p> Como fabricante profesional de USB, proporcionamos servicios de personalizaci\u00f3n y venta al por mayor a gran escala, ofreciendo soluciones ideales para empresas que adquieren regalos ecol\u00f3gicos o mayoristas que ampl\u00edan sus l\u00edneas de productos ecol\u00f3gicos.<\/p>\n<\/div>\n<\/div>\n\n\n\n<h3 class=\"wp-block-heading\">Material de la memoria USB m\u00f3vil giratoria cl\u00e1sica de paja de trigo<\/h3>\n\n\n\n<p>La cl\u00e1sica memoria USB m\u00f3vil giratoria de paja de trigo utiliza paja de trigo ecol\u00f3gica como material central. La paja de trigo es un material degradable que puede descomponerse r\u00e1pidamente en entornos naturales sin contaminar el suelo ni los ecosistemas, cumpliendo plenamente los estrictos requisitos medioambientales actuales. En comparaci\u00f3n con los materiales pl\u00e1sticos tradicionales, el uso de paja de trigo no s\u00f3lo responde a la llamada mundial al desarrollo ecol\u00f3gico, sino que tambi\u00e9n confiere una textura natural al producto, lo que lo convierte en una opci\u00f3n \u00f3ptima para que las f\u00e1bricas elaboren productos ecol\u00f3gicos y respetuosos con el medio ambiente.<\/p>\n\n\n\n<div class=\"wp-block-columns alignfull is-layout-flex wp-container-core-columns-is-layout-28f84493 wp-block-columns-is-layout-flex\" style=\"border-style:none;border-width:0px;border-radius:0px\">\n<div class=\"wp-block-column is-layout-flow wp-block-column-is-layout-flow\">\n<figure class=\"wp-block-image alignfull size-full\"><img decoding=\"async\" width=\"800\" height=\"800\" src=\"https:\/\/www.usborkeychain.com\/wp-content\/uploads\/mini-usb-c-flash-drive-light-blue.jpg\" alt=\"mini usb c flash drive light blue\" class=\"wp-image-3461\" srcset=\"https:\/\/www.usborkeychain.com\/wp-content\/uploads\/mini-usb-c-flash-drive-light-blue.jpg 800w, https:\/\/www.usborkeychain.com\/wp-content\/uploads\/mini-usb-c-flash-drive-light-blue-300x300.jpg 300w, https:\/\/www.usborkeychain.com\/wp-content\/uploads\/mini-usb-c-flash-drive-light-blue-150x150.jpg 150w, https:\/\/www.usborkeychain.com\/wp-content\/uploads\/mini-usb-c-flash-drive-light-blue-768x768.jpg 768w, https:\/\/www.usborkeychain.com\/wp-content\/uploads\/mini-usb-c-flash-drive-light-blue-12x12.jpg 12w, https:\/\/www.usborkeychain.com\/wp-content\/uploads\/mini-usb-c-flash-drive-light-blue-600x600.jpg 600w, https:\/\/www.usborkeychain.com\/wp-content\/uploads\/mini-usb-c-flash-drive-light-blue-100x100.jpg 100w\" sizes=\"(max-width: 800px) 100vw, 800px\" \/><\/figure>\n<\/div>\n\n\n\n<div class=\"wp-block-column is-layout-flow wp-block-column-is-layout-flow\">\n<figure class=\"wp-block-image alignfull size-full\"><img decoding=\"async\" width=\"800\" height=\"800\" src=\"https:\/\/www.usborkeychain.com\/wp-content\/uploads\/flash-drive-for-phone-type-c.jpg\" alt=\"flash drive for phone type c\" class=\"wp-image-3458\" srcset=\"https:\/\/www.usborkeychain.com\/wp-content\/uploads\/flash-drive-for-phone-type-c.jpg 800w, https:\/\/www.usborkeychain.com\/wp-content\/uploads\/flash-drive-for-phone-type-c-300x300.jpg 300w, https:\/\/www.usborkeychain.com\/wp-content\/uploads\/flash-drive-for-phone-type-c-150x150.jpg 150w, https:\/\/www.usborkeychain.com\/wp-content\/uploads\/flash-drive-for-phone-type-c-768x768.jpg 768w, https:\/\/www.usborkeychain.com\/wp-content\/uploads\/flash-drive-for-phone-type-c-12x12.jpg 12w, https:\/\/www.usborkeychain.com\/wp-content\/uploads\/flash-drive-for-phone-type-c-600x600.jpg 600w, https:\/\/www.usborkeychain.com\/wp-content\/uploads\/flash-drive-for-phone-type-c-100x100.jpg 100w\" sizes=\"(max-width: 800px) 100vw, 800px\" \/><\/figure>\n<\/div>\n\n\n\n<div class=\"wp-block-column is-layout-flow wp-block-column-is-layout-flow\">\n<figure class=\"wp-block-image size-full\"><img loading=\"lazy\" decoding=\"async\" width=\"800\" height=\"800\" src=\"https:\/\/www.usborkeychain.com\/wp-content\/uploads\/fastest-usb-type-c-flash-drive-red.jpg\" alt=\"fastest usb type c flash drive red\" class=\"wp-image-3457\" srcset=\"https:\/\/www.usborkeychain.com\/wp-content\/uploads\/fastest-usb-type-c-flash-drive-red.jpg 800w, https:\/\/www.usborkeychain.com\/wp-content\/uploads\/fastest-usb-type-c-flash-drive-red-300x300.jpg 300w, https:\/\/www.usborkeychain.com\/wp-content\/uploads\/fastest-usb-type-c-flash-drive-red-150x150.jpg 150w, https:\/\/www.usborkeychain.com\/wp-content\/uploads\/fastest-usb-type-c-flash-drive-red-768x768.jpg 768w, https:\/\/www.usborkeychain.com\/wp-content\/uploads\/fastest-usb-type-c-flash-drive-red-12x12.jpg 12w, https:\/\/www.usborkeychain.com\/wp-content\/uploads\/fastest-usb-type-c-flash-drive-red-600x600.jpg 600w, https:\/\/www.usborkeychain.com\/wp-content\/uploads\/fastest-usb-type-c-flash-drive-red-100x100.jpg 100w\" sizes=\"(max-width: 800px) 100vw, 800px\" \/><\/figure>\n<\/div>\n\n\n\n<div class=\"wp-block-column is-layout-flow wp-block-column-is-layout-flow\">\n<figure class=\"wp-block-image size-full\"><img loading=\"lazy\" decoding=\"async\" width=\"800\" height=\"800\" src=\"https:\/\/www.usborkeychain.com\/wp-content\/uploads\/eco-friendly-usbc-thumb-drive.jpg\" alt=\"eco-friendly usbc thumb drive\" class=\"wp-image-3455\" srcset=\"https:\/\/www.usborkeychain.com\/wp-content\/uploads\/eco-friendly-usbc-thumb-drive.jpg 800w, https:\/\/www.usborkeychain.com\/wp-content\/uploads\/eco-friendly-usbc-thumb-drive-300x300.jpg 300w, https:\/\/www.usborkeychain.com\/wp-content\/uploads\/eco-friendly-usbc-thumb-drive-150x150.jpg 150w, https:\/\/www.usborkeychain.com\/wp-content\/uploads\/eco-friendly-usbc-thumb-drive-768x768.jpg 768w, https:\/\/www.usborkeychain.com\/wp-content\/uploads\/eco-friendly-usbc-thumb-drive-12x12.jpg 12w, https:\/\/www.usborkeychain.com\/wp-content\/uploads\/eco-friendly-usbc-thumb-drive-600x600.jpg 600w, https:\/\/www.usborkeychain.com\/wp-content\/uploads\/eco-friendly-usbc-thumb-drive-100x100.jpg 100w\" sizes=\"(max-width: 800px) 100vw, 800px\" \/><\/figure>\n<\/div>\n\n\n\n<div class=\"wp-block-column is-layout-flow wp-block-column-is-layout-flow\">\n<figure class=\"wp-block-image size-full\"><img loading=\"lazy\" decoding=\"async\" width=\"800\" height=\"800\" src=\"https:\/\/www.usborkeychain.com\/wp-content\/uploads\/white-pen-drive-with-type-c.jpg\" alt=\"white pen drive with type c\" class=\"wp-image-3469\" srcset=\"https:\/\/www.usborkeychain.com\/wp-content\/uploads\/white-pen-drive-with-type-c.jpg 800w, https:\/\/www.usborkeychain.com\/wp-content\/uploads\/white-pen-drive-with-type-c-300x300.jpg 300w, https:\/\/www.usborkeychain.com\/wp-content\/uploads\/white-pen-drive-with-type-c-150x150.jpg 150w, https:\/\/www.usborkeychain.com\/wp-content\/uploads\/white-pen-drive-with-type-c-768x768.jpg 768w, https:\/\/www.usborkeychain.com\/wp-content\/uploads\/white-pen-drive-with-type-c-12x12.jpg 12w, https:\/\/www.usborkeychain.com\/wp-content\/uploads\/white-pen-drive-with-type-c-600x600.jpg 600w, https:\/\/www.usborkeychain.com\/wp-content\/uploads\/white-pen-drive-with-type-c-100x100.jpg 100w\" sizes=\"(max-width: 800px) 100vw, 800px\" \/><\/figure>\n<\/div>\n<\/div>\n\n\n\n<h3 class=\"wp-block-heading\">Par\u00e1metros de la memoria USB-c giratoria de paja de trigo<\/h3>\n\n\n\n<p><\/p>\n\n\n\n<div class=\"wp-block-columns is-layout-flex wp-container-core-columns-is-layout-28f84493 wp-block-columns-is-layout-flex\">\n<div class=\"wp-block-column is-layout-flow wp-block-column-is-layout-flow\">\n<figure class=\"wp-block-image size-full\"><img loading=\"lazy\" decoding=\"async\" width=\"800\" height=\"600\" src=\"https:\/\/www.usborkeychain.com\/wp-content\/uploads\/type-c-thumb-drive-size.jpg\" alt=\"type c thumb drive size\" class=\"wp-image-3464\" srcset=\"https:\/\/www.usborkeychain.com\/wp-content\/uploads\/type-c-thumb-drive-size.jpg 800w, https:\/\/www.usborkeychain.com\/wp-content\/uploads\/type-c-thumb-drive-size-300x225.jpg 300w, https:\/\/www.usborkeychain.com\/wp-content\/uploads\/type-c-thumb-drive-size-768x576.jpg 768w, https:\/\/www.usborkeychain.com\/wp-content\/uploads\/type-c-thumb-drive-size-16x12.jpg 16w, https:\/\/www.usborkeychain.com\/wp-content\/uploads\/type-c-thumb-drive-size-600x450.jpg 600w\" sizes=\"(max-width: 800px) 100vw, 800px\" \/><\/figure>\n<\/div>\n\n\n\n<div class=\"wp-block-column is-vertically-aligned-center is-layout-flow wp-block-column-is-layout-flow\">\n<p>La memoria USB m\u00f3vil giratoria Wheat Straw admite un doble uso en ordenadores y tel\u00e9fonos m\u00f3viles. Un extremo es una interfaz USB est\u00e1ndar, compatible con varios dispositivos inform\u00e1ticos; el otro extremo es una interfaz Tipo-c para tel\u00e9fonos m\u00f3viles. Al comprarla, los usuarios deben aclarar sus necesidades para evitar usar adaptadores m\u00e1s adelante. <\/p>\n\n\n\n<p>Los est\u00e1ndares de transmisi\u00f3n ofrecen dos opciones: USB2.0 y USB3.0 de alta velocidad, que satisfacen las necesidades de eficiencia en la transmisi\u00f3n de datos en distintos escenarios. <\/p>\n<\/div>\n<\/div>\n\n\n\n<p>Mientras tanto, el producto est\u00e1 disponible en (esquemas de colores claros) como negro, blanco, color paja de trigo, azul cielo y verde claro, atendiendo a diversas preferencias est\u00e9ticas. Los par\u00e1metros espec\u00edficos son los siguientes:<\/p>\n\n\n\n<figure class=\"wp-block-table\"><table class=\"has-fixed-layout\"><thead><tr><th>Proyecto<\/th><th>Par\u00e1metros<\/th><\/tr><\/thead><tbody><tr><td>Tipo de interfaz<\/td><td>USB + Tipo-c<\/td><\/tr><tr><td>Norma de transmisi\u00f3n<\/td><td>USB2.0\/USB3.0 (opcional)<\/td><\/tr><tr><td>Material<\/td><td>Paja de trigo ecol\u00f3gica<\/td><\/tr><tr><td>Opciones de color<\/td><td>Negro, blanco, color paja de trigo, azul cielo, verde claro<\/td><\/tr><tr><td>Dise\u00f1o giratorio<\/td><td>Estructura giratoria<\/td><\/tr><tr><td>Rango de capacidad<\/td><td>8 GB - 256 GB (personalizable)<\/td><\/tr><\/tbody><\/table><\/figure>\n\n\n\n<h3 class=\"wp-block-heading\">Embalaje de la memoria USB m\u00f3vil giratoria de paja de trigo<\/h3>\n\n\n\n<p>La memoria USB m\u00f3vil giratoria Wheat Straw puede combinarse con una caja de embalaje del mismo material, formando un elegante conjunto con un dise\u00f1o unificado. La caja de embalaje hace juego con la unidad USB en material y color, al tiempo que ofrece dos opciones de proceso: superficie lisa y textura esmerilada granulada. La caja de textura esmerilada resalta la textura ecol\u00f3gica original, no s\u00f3lo mejorando la calidad del producto, sino tambi\u00e9n reforzando sus atributos medioambientales. Es una opci\u00f3n atractiva tanto para las empresas que personalizan regalos como para los mayoristas que crean productos diferenciados.<\/p>\n\n\n\n<div class=\"wp-block-columns is-layout-flex wp-container-core-columns-is-layout-28f84493 wp-block-columns-is-layout-flex\">\n<div class=\"wp-block-column is-layout-flow wp-block-column-is-layout-flow\">\n<figure class=\"wp-block-image size-full\"><img loading=\"lazy\" decoding=\"async\" width=\"800\" height=\"800\" src=\"https:\/\/www.usborkeychain.com\/wp-content\/uploads\/usb-c-thumb-drive-256gb-with-box.jpg\" alt=\"usb c thumb drive 256gb with box\" class=\"wp-image-3467\" srcset=\"https:\/\/www.usborkeychain.com\/wp-content\/uploads\/usb-c-thumb-drive-256gb-with-box.jpg 800w, https:\/\/www.usborkeychain.com\/wp-content\/uploads\/usb-c-thumb-drive-256gb-with-box-300x300.jpg 300w, https:\/\/www.usborkeychain.com\/wp-content\/uploads\/usb-c-thumb-drive-256gb-with-box-150x150.jpg 150w, https:\/\/www.usborkeychain.com\/wp-content\/uploads\/usb-c-thumb-drive-256gb-with-box-768x768.jpg 768w, https:\/\/www.usborkeychain.com\/wp-content\/uploads\/usb-c-thumb-drive-256gb-with-box-12x12.jpg 12w, https:\/\/www.usborkeychain.com\/wp-content\/uploads\/usb-c-thumb-drive-256gb-with-box-600x600.jpg 600w, https:\/\/www.usborkeychain.com\/wp-content\/uploads\/usb-c-thumb-drive-256gb-with-box-100x100.jpg 100w\" sizes=\"(max-width: 800px) 100vw, 800px\" \/><\/figure>\n<\/div>\n\n\n\n<div class=\"wp-block-column is-layout-flow wp-block-column-is-layout-flow\">\n<figure class=\"wp-block-image size-full\"><img loading=\"lazy\" decoding=\"async\" width=\"800\" height=\"800\" src=\"https:\/\/www.usborkeychain.com\/wp-content\/uploads\/pink-usbc-thumbdrive.jpg\" alt=\"pink usbc thumbdrive\" class=\"wp-image-3462\" srcset=\"https:\/\/www.usborkeychain.com\/wp-content\/uploads\/pink-usbc-thumbdrive.jpg 800w, https:\/\/www.usborkeychain.com\/wp-content\/uploads\/pink-usbc-thumbdrive-300x300.jpg 300w, https:\/\/www.usborkeychain.com\/wp-content\/uploads\/pink-usbc-thumbdrive-150x150.jpg 150w, https:\/\/www.usborkeychain.com\/wp-content\/uploads\/pink-usbc-thumbdrive-768x768.jpg 768w, https:\/\/www.usborkeychain.com\/wp-content\/uploads\/pink-usbc-thumbdrive-12x12.jpg 12w, https:\/\/www.usborkeychain.com\/wp-content\/uploads\/pink-usbc-thumbdrive-600x600.jpg 600w, https:\/\/www.usborkeychain.com\/wp-content\/uploads\/pink-usbc-thumbdrive-100x100.jpg 100w\" sizes=\"(max-width: 800px) 100vw, 800px\" \/><\/figure>\n<\/div>\n\n\n\n<div class=\"wp-block-column is-layout-flow wp-block-column-is-layout-flow\">\n<figure class=\"wp-block-image size-full\"><img loading=\"lazy\" decoding=\"async\" width=\"800\" height=\"800\" src=\"https:\/\/www.usborkeychain.com\/wp-content\/uploads\/fastest-usb-c-flash-drive.jpg\" alt=\"fastest usb c flash drive\" class=\"wp-image-3456\" srcset=\"https:\/\/www.usborkeychain.com\/wp-content\/uploads\/fastest-usb-c-flash-drive.jpg 800w, https:\/\/www.usborkeychain.com\/wp-content\/uploads\/fastest-usb-c-flash-drive-300x300.jpg 300w, https:\/\/www.usborkeychain.com\/wp-content\/uploads\/fastest-usb-c-flash-drive-150x150.jpg 150w, https:\/\/www.usborkeychain.com\/wp-content\/uploads\/fastest-usb-c-flash-drive-768x768.jpg 768w, https:\/\/www.usborkeychain.com\/wp-content\/uploads\/fastest-usb-c-flash-drive-12x12.jpg 12w, https:\/\/www.usborkeychain.com\/wp-content\/uploads\/fastest-usb-c-flash-drive-600x600.jpg 600w, https:\/\/www.usborkeychain.com\/wp-content\/uploads\/fastest-usb-c-flash-drive-100x100.jpg 100w\" sizes=\"(max-width: 800px) 100vw, 800px\" \/><\/figure>\n<\/div>\n\n\n\n<div class=\"wp-block-column is-layout-flow wp-block-column-is-layout-flow\">\n<figure class=\"wp-block-image size-full\"><img loading=\"lazy\" decoding=\"async\" width=\"800\" height=\"800\" src=\"https:\/\/www.usborkeychain.com\/wp-content\/uploads\/blue-type-c-memory.jpg\" alt=\"blue type c memory\" class=\"wp-image-3454\" srcset=\"https:\/\/www.usborkeychain.com\/wp-content\/uploads\/blue-type-c-memory.jpg 800w, https:\/\/www.usborkeychain.com\/wp-content\/uploads\/blue-type-c-memory-300x300.jpg 300w, https:\/\/www.usborkeychain.com\/wp-content\/uploads\/blue-type-c-memory-150x150.jpg 150w, https:\/\/www.usborkeychain.com\/wp-content\/uploads\/blue-type-c-memory-768x768.jpg 768w, https:\/\/www.usborkeychain.com\/wp-content\/uploads\/blue-type-c-memory-12x12.jpg 12w, https:\/\/www.usborkeychain.com\/wp-content\/uploads\/blue-type-c-memory-600x600.jpg 600w, https:\/\/www.usborkeychain.com\/wp-content\/uploads\/blue-type-c-memory-100x100.jpg 100w\" sizes=\"(max-width: 800px) 100vw, 800px\" \/><\/figure>\n<\/div>\n<\/div>\n\n\n\n<h3 class=\"wp-block-heading\">\u00bfSe puede personalizar la memoria USB m\u00f3vil giratoria Wheat Straw con un logotipo?<\/h3>\n\n\n\n<p>La memoria USB m\u00f3vil giratoria Wheat Straw admite la personalizaci\u00f3n de logotipos en varios lugares. Tanto en el clip giratorio como en la superficie de la caja de embalaje, se pueden presentar logotipos en color o monocromos mediante serigraf\u00eda. Un logotipo blanco serigrafiado sobre una carcasa de color crea un efecto visual sencillo y coordinado, mejorando eficazmente el reconocimiento de la marca. Como fabricante, podemos responder r\u00e1pidamente a las necesidades de personalizaci\u00f3n, ofreciendo servicios eficientes desde el dise\u00f1o hasta el muestreo para satisfacer los requisitos de promoci\u00f3n de marca de empresas y mayoristas.<\/p>\n\n\n\n<div class=\"wp-block-columns is-layout-flex wp-container-core-columns-is-layout-28f84493 wp-block-columns-is-layout-flex\">\n<div class=\"wp-block-column is-layout-flow wp-block-column-is-layout-flow\">\n<figure class=\"wp-block-image size-full\"><img loading=\"lazy\" decoding=\"async\" width=\"800\" height=\"600\" src=\"https:\/\/www.usborkeychain.com\/wp-content\/uploads\/usb-c-flash-drive-128gb-with-logo.jpg\" alt=\"usb c flash drive 128gb with logo\" class=\"wp-image-3465\" srcset=\"https:\/\/www.usborkeychain.com\/wp-content\/uploads\/usb-c-flash-drive-128gb-with-logo.jpg 800w, https:\/\/www.usborkeychain.com\/wp-content\/uploads\/usb-c-flash-drive-128gb-with-logo-300x225.jpg 300w, https:\/\/www.usborkeychain.com\/wp-content\/uploads\/usb-c-flash-drive-128gb-with-logo-768x576.jpg 768w, https:\/\/www.usborkeychain.com\/wp-content\/uploads\/usb-c-flash-drive-128gb-with-logo-16x12.jpg 16w, https:\/\/www.usborkeychain.com\/wp-content\/uploads\/usb-c-flash-drive-128gb-with-logo-600x450.jpg 600w\" sizes=\"(max-width: 800px) 100vw, 800px\" \/><\/figure>\n<\/div>\n\n\n\n<div class=\"wp-block-column is-layout-flow wp-block-column-is-layout-flow\">\n<figure class=\"wp-block-image size-full\"><img loading=\"lazy\" decoding=\"async\" width=\"800\" height=\"600\" src=\"https:\/\/www.usborkeychain.com\/wp-content\/uploads\/usb-c-mini-flash-drive.jpg\" alt=\"usb c mini flash drive\" class=\"wp-image-3466\" srcset=\"https:\/\/www.usborkeychain.com\/wp-content\/uploads\/usb-c-mini-flash-drive.jpg 800w, https:\/\/www.usborkeychain.com\/wp-content\/uploads\/usb-c-mini-flash-drive-300x225.jpg 300w, https:\/\/www.usborkeychain.com\/wp-content\/uploads\/usb-c-mini-flash-drive-768x576.jpg 768w, https:\/\/www.usborkeychain.com\/wp-content\/uploads\/usb-c-mini-flash-drive-16x12.jpg 16w, https:\/\/www.usborkeychain.com\/wp-content\/uploads\/usb-c-mini-flash-drive-600x450.jpg 600w\" sizes=\"(max-width: 800px) 100vw, 800px\" \/><\/figure>\n<\/div>\n\n\n\n<div class=\"wp-block-column is-layout-flow wp-block-column-is-layout-flow\">\n<figure class=\"wp-block-image size-full\"><img loading=\"lazy\" decoding=\"async\" width=\"800\" height=\"600\" src=\"https:\/\/www.usborkeychain.com\/wp-content\/uploads\/low-profile-usb-c-flash-drive.jpg\" alt=\"low profile usb c flash drive\" class=\"wp-image-3460\" srcset=\"https:\/\/www.usborkeychain.com\/wp-content\/uploads\/low-profile-usb-c-flash-drive.jpg 800w, https:\/\/www.usborkeychain.com\/wp-content\/uploads\/low-profile-usb-c-flash-drive-300x225.jpg 300w, https:\/\/www.usborkeychain.com\/wp-content\/uploads\/low-profile-usb-c-flash-drive-768x576.jpg 768w, https:\/\/www.usborkeychain.com\/wp-content\/uploads\/low-profile-usb-c-flash-drive-16x12.jpg 16w, https:\/\/www.usborkeychain.com\/wp-content\/uploads\/low-profile-usb-c-flash-drive-600x450.jpg 600w\" sizes=\"(max-width: 800px) 100vw, 800px\" \/><\/figure>\n<\/div>\n\n\n\n<div class=\"wp-block-column is-layout-flow wp-block-column-is-layout-flow\">\n<figure class=\"wp-block-image size-full\"><img alt=\"\" loading=\"lazy\" decoding=\"async\" width=\"800\" height=\"600\" src=\"https:\/\/www.usborkeychain.com\/wp-content\/uploads\/an1.jpg\" class=\"wp-image-3452\" srcset=\"https:\/\/www.usborkeychain.com\/wp-content\/uploads\/an1.jpg 800w, https:\/\/www.usborkeychain.com\/wp-content\/uploads\/an1-300x225.jpg 300w, https:\/\/www.usborkeychain.com\/wp-content\/uploads\/an1-768x576.jpg 768w, https:\/\/www.usborkeychain.com\/wp-content\/uploads\/an1-16x12.jpg 16w, https:\/\/www.usborkeychain.com\/wp-content\/uploads\/an1-600x450.jpg 600w\" sizes=\"(max-width: 800px) 100vw, 800px\" \/><\/figure>\n<\/div>\n<\/div>\n\n\n\n<p><strong>Conclusi\u00f3n<\/strong>: Gracias a su material ecol\u00f3gico, su rendimiento pr\u00e1ctico, su exquisito embalaje y sus flexibles servicios de personalizaci\u00f3n, la memoria USB m\u00f3vil giratoria de paja de trigo se ha convertido en una excelente opci\u00f3n para que fabricantes y mayoristas aprovechen el mercado ecol\u00f3gico y personalicen productos destacados.<\/p>","protected":false},"excerpt":{"rendered":"<ul>\n<li>USB A y tipo-c<\/li>\n<li>Paja de trigo metarial<\/li>\n<li>Dise\u00f1o giratorio<\/li>\n<li>USB3.0 y USB2.0 pueden elegir<\/li>\n<li>Logotipo personalizado en la carcasa y el envase<\/li>\n<\/ul>","protected":false},"featured_media":3453,"comment_status":"open","ping_status":"closed","template":"","meta":{"_seopress_robots_primary_cat":"","_seopress_titles_title":"","_seopress_titles_desc":"","_seopress_robots_index":"","site-sidebar-layout":"default","site-content-layout":"","ast-site-content-layout":"","site-content-style":"default","site-sidebar-style":"default","ast-global-header-display":"","ast-banner-title-visibility":"","ast-main-header-display":"","ast-hfb-above-header-display":"","ast-hfb-below-header-display":"","ast-hfb-mobile-header-display":"","site-post-title":"","ast-breadcrumbs-content":"","ast-featured-img":"","footer-sml-layout":"","theme-transparent-header-meta":"","adv-header-id-meta":"","stick-header-meta":"","header-above-stick-meta":"","header-main-stick-meta":"","header-below-stick-meta":"","astra-migrate-meta-layouts":"default","ast-page-background-enabled":"default","ast-page-background-meta":{"desktop":{"background-color":"var(--ast-global-color-5)","background-image":"","background-repeat":"repeat","background-position":"center center","background-size":"auto","background-attachment":"scroll","background-type":"","background-media":"","overlay-type":"","overlay-color":"","overlay-opacity":"","overlay-gradient":""},"tablet":{"background-color":"","background-image":"","background-repeat":"repeat","background-position":"center center","background-size":"auto","background-attachment":"scroll","background-type":"","background-media":"","overlay-type":"","overlay-color":"","overlay-opacity":"","overlay-gradient":""},"mobile":{"background-color":"","background-image":"","background-repeat":"repeat","background-position":"center center","background-size":"auto","background-attachment":"scroll","background-type":"","background-media":"","overlay-type":"","overlay-color":"","overlay-opacity":"","overlay-gradient":""}},"ast-content-background-meta":{"desktop":{"background-color":"var(--ast-global-color-4)","background-image":"","background-repeat":"repeat","background-position":"center center","background-size":"auto","background-attachment":"scroll","background-type":"","background-media":"","overlay-type":"","overlay-color":"","overlay-opacity":"","overlay-gradient":""},"tablet":{"background-color":"var(--ast-global-color-4)","background-image":"","background-repeat":"repeat","background-position":"center center","background-size":"auto","background-attachment":"scroll","background-type":"","background-media":"","overlay-type":"","overlay-color":"","overlay-opacity":"","overlay-gradient":""},"mobile":{"background-color":"var(--ast-global-color-4)","background-image":"","background-repeat":"repeat","background-position":"center center","background-size":"auto","background-attachment":"scroll","background-type":"","background-media":"","overlay-type":"","overlay-color":"","overlay-opacity":"","overlay-gradient":""}}},"product_brand":[],"product_cat":[170,106,105],"product_tag":[188,404],"class_list":{"0":"post-3448","1":"product","2":"type-product","3":"status-publish","4":"has-post-thumbnail","6":"product_cat-biodegradable-usb-pendrive-2","7":"product_cat-rotating-usb-pendrive","8":"product_cat-usb-c-pendrive","9":"product_tag-straw-usb-flash-drive","10":"product_tag-wooden-rotating-usb-drive","11":"desktop-align-left","12":"tablet-align-left","13":"mobile-align-left","15":"first","16":"instock","17":"shipping-taxable","18":"product-type-simple"},"_links":{"self":[{"href":"https:\/\/www.usborkeychain.com\/es\/wp-json\/wp\/v2\/product\/3448","targetHints":{"allow":["GET"]}}],"collection":[{"href":"https:\/\/www.usborkeychain.com\/es\/wp-json\/wp\/v2\/product"}],"about":[{"href":"https:\/\/www.usborkeychain.com\/es\/wp-json\/wp\/v2\/types\/product"}],"replies":[{"embeddable":true,"href":"https:\/\/www.usborkeychain.com\/es\/wp-json\/wp\/v2\/comments?post=3448"}],"wp:featuredmedia":[{"embeddable":true,"href":"https:\/\/www.usborkeychain.com\/es\/wp-json\/wp\/v2\/media\/3453"}],"wp:attachment":[{"href":"https:\/\/www.usborkeychain.com\/es\/wp-json\/wp\/v2\/media?parent=3448"}],"wp:term":[{"taxonomy":"product_brand","embeddable":true,"href":"https:\/\/www.usborkeychain.com\/es\/wp-json\/wp\/v2\/product_brand?post=3448"},{"taxonomy":"product_cat","embeddable":true,"href":"https:\/\/www.usborkeychain.com\/es\/wp-json\/wp\/v2\/product_cat?post=3448"},{"taxonomy":"product_tag","embeddable":true,"href":"https:\/\/www.usborkeychain.com\/es\/wp-json\/wp\/v2\/product_tag?post=3448"}],"curies":[{"name":"wp","href":"https:\/\/api.w.org\/{rel}","templated":true}]}}