{"id":3515,"date":"2025-06-26T02:20:23","date_gmt":"2025-06-26T02:20:23","guid":{"rendered":"https:\/\/www.usborkeychain.com\/?post_type=product&#038;p=3515"},"modified":"2025-08-19T03:37:10","modified_gmt":"2025-08-19T03:37:10","slug":"metal-rotate-usb-flash-drive-for-iphone","status":"publish","type":"product","link":"https:\/\/www.usborkeychain.com\/es\/producto\/metal-rotate-usb-flash-drive-for-iphone\/","title":{"rendered":"Memoria USB giratoria de metal para iPhone"},"content":{"rendered":"<div class=\"wp-block-columns is-layout-flex wp-container-core-columns-is-layout-28f84493 wp-block-columns-is-layout-flex\">\n<div class=\"wp-block-column is-layout-flow wp-block-column-is-layout-flow\">\n<figure class=\"wp-block-image aligncenter size-full is-resized\"><img fetchpriority=\"high\" decoding=\"async\" width=\"800\" height=\"800\" src=\"https:\/\/www.usborkeychain.com\/wp-content\/uploads\/New-rotating-USB-C-USB-flash-drive-for-pc.jpg\" alt=\"New rotating USB-C USB flash drive for pc\" class=\"wp-image-3519\" style=\"object-fit:cover;width:600px;height:600px\" srcset=\"https:\/\/www.usborkeychain.com\/wp-content\/uploads\/New-rotating-USB-C-USB-flash-drive-for-pc.jpg 800w, https:\/\/www.usborkeychain.com\/wp-content\/uploads\/New-rotating-USB-C-USB-flash-drive-for-pc-300x300.jpg 300w, https:\/\/www.usborkeychain.com\/wp-content\/uploads\/New-rotating-USB-C-USB-flash-drive-for-pc-150x150.jpg 150w, https:\/\/www.usborkeychain.com\/wp-content\/uploads\/New-rotating-USB-C-USB-flash-drive-for-pc-768x768.jpg 768w, https:\/\/www.usborkeychain.com\/wp-content\/uploads\/New-rotating-USB-C-USB-flash-drive-for-pc-12x12.jpg 12w, https:\/\/www.usborkeychain.com\/wp-content\/uploads\/New-rotating-USB-C-USB-flash-drive-for-pc-600x600.jpg 600w, https:\/\/www.usborkeychain.com\/wp-content\/uploads\/New-rotating-USB-C-USB-flash-drive-for-pc-100x100.jpg 100w\" sizes=\"(max-width: 800px) 100vw, 800px\" \/><\/figure>\n<\/div>\n\n\n\n<div class=\"wp-block-column is-vertically-aligned-center is-layout-flow wp-block-column-is-layout-flow\">\n<p>La unidad flash USB giratoria de metal para iPhone es un nuevo tipo de unidad flash USB m\u00f3vil lanzada por los fabricantes de USB en 2023. <\/p>\n\n\n\n<p>Presenta un dise\u00f1o giratorio cl\u00e1sico, y la carcasa totalmente met\u00e1lica no s\u00f3lo es resistente y duradera, sino que tambi\u00e9n muestra una sensaci\u00f3n de calidad. <\/p>\n\n\n\n<p>El m\u00e9todo de apertura y cierre giratorio de 360 grados resuelve por completo el problema de la f\u00e1cil p\u00e9rdida de la tapa tradicional de las memorias USB. <\/p>\n\n\n\n<p>Con la configuraci\u00f3n de doble interfaz de Tipo - c y USB, realiza la transferencia de datos entre tel\u00e9fonos m\u00f3viles y ordenadores, y puede adaptarse f\u00e1cilmente tanto a las necesidades de adquisici\u00f3n de las empresas como a las de mayoristas y clientes.<\/p>\n<\/div>\n<\/div>\n\n\n\n<h2 class=\"wp-block-heading\">\u00bfDe qu\u00e9 material es la memoria USB giratoria met\u00e1lica cl\u00e1sica para iPhone?<\/h2>\n\n\n\n<div class=\"wp-block-columns is-layout-flex wp-container-core-columns-is-layout-28f84493 wp-block-columns-is-layout-flex\">\n<div class=\"wp-block-column is-vertically-aligned-center is-layout-flow wp-block-column-is-layout-flow\">\n<p>La parte central de la memoria USB giratoria met\u00e1lica para iPhone tiene largas rayas verticales, que forman una textura antideslizante \u00fanica para un agarre m\u00e1s estable. <\/p>\n\n\n\n<p>as dos caras est\u00e1n tratadas con un proceso de esmerilado, que puede resistir eficazmente los residuos de huellas dactilares y mantenerla como nueva durante mucho tiempo. <\/p>\n\n\n\n<p>El dise\u00f1o de llavero plano facilita colgarlo en llaveros y mochilas. La estructura giratoria permite utilizar la interfaz inmediatamente al girarla, y los escenarios de uso pueden cambiarse a voluntad, lo que la convierte en una opci\u00f3n popular para la personalizaci\u00f3n y la venta al por mayor.<\/p>\n<\/div>\n\n\n\n<div class=\"wp-block-column is-layout-flow wp-block-column-is-layout-flow\">\n<figure class=\"wp-block-image aligncenter size-full is-resized\"><img decoding=\"async\" width=\"800\" height=\"800\" src=\"https:\/\/www.usborkeychain.com\/wp-content\/uploads\/New-rotating-USB-C-USB-flash-drive-for-phone.jpg\" alt=\"New rotating USB-C USB flash drive for phone\" class=\"wp-image-3520\" style=\"object-fit:cover;width:600px;height:600px\" srcset=\"https:\/\/www.usborkeychain.com\/wp-content\/uploads\/New-rotating-USB-C-USB-flash-drive-for-phone.jpg 800w, https:\/\/www.usborkeychain.com\/wp-content\/uploads\/New-rotating-USB-C-USB-flash-drive-for-phone-300x300.jpg 300w, https:\/\/www.usborkeychain.com\/wp-content\/uploads\/New-rotating-USB-C-USB-flash-drive-for-phone-150x150.jpg 150w, https:\/\/www.usborkeychain.com\/wp-content\/uploads\/New-rotating-USB-C-USB-flash-drive-for-phone-768x768.jpg 768w, https:\/\/www.usborkeychain.com\/wp-content\/uploads\/New-rotating-USB-C-USB-flash-drive-for-phone-12x12.jpg 12w, https:\/\/www.usborkeychain.com\/wp-content\/uploads\/New-rotating-USB-C-USB-flash-drive-for-phone-600x600.jpg 600w, https:\/\/www.usborkeychain.com\/wp-content\/uploads\/New-rotating-USB-C-USB-flash-drive-for-phone-100x100.jpg 100w\" sizes=\"(max-width: 800px) 100vw, 800px\" \/><\/figure>\n<\/div>\n<\/div>\n\n\n\n<div style=\"height:20px\" aria-hidden=\"true\" class=\"wp-block-spacer\"><\/div>\n\n\n\n<h2 class=\"wp-block-heading\">\u00bfCu\u00e1les son los par\u00e1metros de la memoria USB rotativa met\u00e1lica para iPhone?<\/h2>\n\n\n\n<div style=\"height:20px\" aria-hidden=\"true\" class=\"wp-block-spacer\"><\/div>\n\n\n\n<figure class=\"wp-block-table\"><table class=\"has-fixed-layout\"><thead><tr><th>Par\u00e1metros<\/th><th>Par\u00e1metros espec\u00edficos<\/th><\/tr><\/thead><tbody><tr><td>Especificaciones de interfaz<\/td><td>Interfaz tipo - c, interfaz USB3.0 (compatible con USB2.0)<\/td><\/tr><tr><td>Opciones de capacidad<\/td><td>8 GB\/16 GB\/32 GB\/64 GB\/128 GB\/256 GB (admite ampliaci\u00f3n de capacidad personalizada)<\/td><\/tr><tr><td>Velocidad de transferencia<\/td><td>USB3.0: Escritura 15 - 30 MB\/s, Lectura 60 - 120 MB\/s.<br>USB2.0: Escritura 5 - 10MB\/s, Lectura 15 - 30MB\/s<\/td><\/tr><tr><td>Entorno de trabajo<\/td><td>0\u2103 - 60\u2103 (trabajo); - 20\u2103 - 85\u2103 (almacenamiento)<\/td><\/tr><tr><td>Tama\u00f1o del producto<\/td><td>65mm\u00d718mm\u00d78mm<\/td><\/tr><tr><td>Peso del producto<\/td><td>Alrededor de 22 g<\/td><\/tr><\/tbody><\/table><\/figure>\n\n\n\n<div style=\"height:20px\" aria-hidden=\"true\" class=\"wp-block-spacer\"><\/div>\n\n\n\n<h2 class=\"wp-block-heading\">\u00bfSe puede personalizar con un logotipo la memoria USB giratoria met\u00e1lica para iPhone?<\/h2>\n\n\n\n<div style=\"height:20px\" aria-hidden=\"true\" class=\"wp-block-spacer\"><\/div>\n\n\n\n<div class=\"wp-block-columns is-layout-flex wp-container-core-columns-is-layout-28f84493 wp-block-columns-is-layout-flex\">\n<div class=\"wp-block-column is-layout-flow wp-block-column-is-layout-flow\">\n<figure class=\"wp-block-image aligncenter size-full is-resized\"><img decoding=\"async\" width=\"800\" height=\"800\" src=\"https:\/\/www.usborkeychain.com\/wp-content\/uploads\/silver-New-rotating-USB-C-USB-flash-drive-for-phone.jpg\" alt=\"silver-New rotating USB-C USB flash drive for phone\" class=\"wp-image-3521\" style=\"object-fit:cover;width:600px;height:600px\" srcset=\"https:\/\/www.usborkeychain.com\/wp-content\/uploads\/silver-New-rotating-USB-C-USB-flash-drive-for-phone.jpg 800w, https:\/\/www.usborkeychain.com\/wp-content\/uploads\/silver-New-rotating-USB-C-USB-flash-drive-for-phone-300x300.jpg 300w, https:\/\/www.usborkeychain.com\/wp-content\/uploads\/silver-New-rotating-USB-C-USB-flash-drive-for-phone-150x150.jpg 150w, https:\/\/www.usborkeychain.com\/wp-content\/uploads\/silver-New-rotating-USB-C-USB-flash-drive-for-phone-768x768.jpg 768w, https:\/\/www.usborkeychain.com\/wp-content\/uploads\/silver-New-rotating-USB-C-USB-flash-drive-for-phone-12x12.jpg 12w, https:\/\/www.usborkeychain.com\/wp-content\/uploads\/silver-New-rotating-USB-C-USB-flash-drive-for-phone-600x600.jpg 600w, https:\/\/www.usborkeychain.com\/wp-content\/uploads\/silver-New-rotating-USB-C-USB-flash-drive-for-phone-100x100.jpg 100w\" sizes=\"(max-width: 800px) 100vw, 800px\" \/><\/figure>\n<\/div>\n\n\n\n<div class=\"wp-block-column is-vertically-aligned-center is-layout-flow wp-block-column-is-layout-flow\">\n<p>S\u00ed, es posible. Los fabricantes de USB ofrecen servicios profesionales de personalizaci\u00f3n.<\/p>\n\n\n\n<p>El logotipo de la marca puede a\u00f1adirse a la parte posterior de la memoria USB mediante grabado por l\u00e1ser o serigraf\u00eda. El grabado por l\u00e1ser presenta un logotipo claro y tridimensional, resistente al desgaste y que no se desvanece. <\/p>\n\n\n\n<p>El proceso de serigraf\u00eda es adecuado para dise\u00f1os de l\u00edneas sencillas con colores brillantes. Ya sea para la personalizaci\u00f3n de regalos de empresa o la producci\u00f3n de recuerdos de eventos, puede ayudar a transmitir con precisi\u00f3n la imagen de marca.<\/p>\n<\/div>\n<\/div>\n\n\n\n<h2 class=\"wp-block-heading\">\u00bfQu\u00e9 colores tiene la memoria USB giratoria met\u00e1lica para iPhone?<\/h2>\n\n\n\n<div class=\"wp-block-columns is-layout-flex wp-container-core-columns-is-layout-28f84493 wp-block-columns-is-layout-flex\">\n<div class=\"wp-block-column is-vertically-aligned-center is-layout-flow wp-block-column-is-layout-flow\">\n<p>En la actualidad, los modelos producidos en serie tienen principalmente dos colores cl\u00e1sicos: plata y bronce. <\/p>\n\n\n\n<p>El modelo silver es sencillo y moderno, adecuado para diversos escenarios empresariales. <\/p>\n\n\n\n<p>El modelo gunmetal tiene una textura de gama alta, destacando un estilo personalizado, y hay suficientes productos al contado para la venta al por mayor y la adquisici\u00f3n. Si se necesitan otros colores, los fabricantes de USB admiten la producci\u00f3n personalizada de colores a juego para satisfacer necesidades diferenciadas.<\/p>\n<\/div>\n\n\n\n<div class=\"wp-block-column is-layout-flow wp-block-column-is-layout-flow\">\n<figure class=\"wp-block-image aligncenter size-full is-resized\"><img loading=\"lazy\" decoding=\"async\" width=\"800\" height=\"800\" src=\"https:\/\/www.usborkeychain.com\/wp-content\/uploads\/gunmetal-New-rotating-USB-C-USB-flash-drive-for-phone.jpg\" alt=\"gunmetal-New rotating USB-C USB flash drive for phone\" class=\"wp-image-3518\" style=\"object-fit:cover;width:600px;height:600px\" srcset=\"https:\/\/www.usborkeychain.com\/wp-content\/uploads\/gunmetal-New-rotating-USB-C-USB-flash-drive-for-phone.jpg 800w, https:\/\/www.usborkeychain.com\/wp-content\/uploads\/gunmetal-New-rotating-USB-C-USB-flash-drive-for-phone-300x300.jpg 300w, https:\/\/www.usborkeychain.com\/wp-content\/uploads\/gunmetal-New-rotating-USB-C-USB-flash-drive-for-phone-150x150.jpg 150w, https:\/\/www.usborkeychain.com\/wp-content\/uploads\/gunmetal-New-rotating-USB-C-USB-flash-drive-for-phone-768x768.jpg 768w, https:\/\/www.usborkeychain.com\/wp-content\/uploads\/gunmetal-New-rotating-USB-C-USB-flash-drive-for-phone-12x12.jpg 12w, https:\/\/www.usborkeychain.com\/wp-content\/uploads\/gunmetal-New-rotating-USB-C-USB-flash-drive-for-phone-600x600.jpg 600w, https:\/\/www.usborkeychain.com\/wp-content\/uploads\/gunmetal-New-rotating-USB-C-USB-flash-drive-for-phone-100x100.jpg 100w\" sizes=\"(max-width: 800px) 100vw, 800px\" \/><\/figure>\n<\/div>\n<\/div>\n\n\n\n<p>Con su dise\u00f1o innovador, sus par\u00e1metros de gran dureza y sus flexibles servicios de personalizaci\u00f3n, la memoria USB giratoria met\u00e1lica para iPhone se ha convertido en una excelente opci\u00f3n para la personalizaci\u00f3n de USB y los negocios al por mayor, y es un dispositivo de almacenamiento que combina valor pr\u00e1ctico y potencial comercial.<\/p>\n\n\n\n<p><\/p>","protected":false},"excerpt":{"rendered":"<p>1.Iphone metal rotatorio usb flash drive 2.Dual Interface Type-c USB3.0 3.Capacity:8GB\/16GB\/32GB\/64GB\/128GB\/256GB 4.Customized logo<\/p>","protected":false},"featured_media":3518,"comment_status":"open","ping_status":"closed","template":"","meta":{"_seopress_robots_primary_cat":"","_seopress_titles_title":"Metal rotating USB flash drive","_seopress_titles_desc":"","_seopress_robots_index":"","site-sidebar-layout":"default","site-content-layout":"","ast-site-content-layout":"","site-content-style":"default","site-sidebar-style":"default","ast-global-header-display":"","ast-banner-title-visibility":"","ast-main-header-display":"","ast-hfb-above-header-display":"","ast-hfb-below-header-display":"","ast-hfb-mobile-header-display":"","site-post-title":"","ast-breadcrumbs-content":"","ast-featured-img":"","footer-sml-layout":"","theme-transparent-header-meta":"","adv-header-id-meta":"","stick-header-meta":"","header-above-stick-meta":"","header-main-stick-meta":"","header-below-stick-meta":"","astra-migrate-meta-layouts":"default","ast-page-background-enabled":"default","ast-page-background-meta":{"desktop":{"background-color":"var(--ast-global-color-5)","background-image":"","background-repeat":"repeat","background-position":"center center","background-size":"auto","background-attachment":"scroll","background-type":"","background-media":"","overlay-type":"","overlay-color":"","overlay-opacity":"","overlay-gradient":""},"tablet":{"background-color":"","background-image":"","background-repeat":"repeat","background-position":"center center","background-size":"auto","background-attachment":"scroll","background-type":"","background-media":"","overlay-type":"","overlay-color":"","overlay-opacity":"","overlay-gradient":""},"mobile":{"background-color":"","background-image":"","background-repeat":"repeat","background-position":"center center","background-size":"auto","background-attachment":"scroll","background-type":"","background-media":"","overlay-type":"","overlay-color":"","overlay-opacity":"","overlay-gradient":""}},"ast-content-background-meta":{"desktop":{"background-color":"var(--ast-global-color-4)","background-image":"","background-repeat":"repeat","background-position":"center center","background-size":"auto","background-attachment":"scroll","background-type":"","background-media":"","overlay-type":"","overlay-color":"","overlay-opacity":"","overlay-gradient":""},"tablet":{"background-color":"var(--ast-global-color-4)","background-image":"","background-repeat":"repeat","background-position":"center center","background-size":"auto","background-attachment":"scroll","background-type":"","background-media":"","overlay-type":"","overlay-color":"","overlay-opacity":"","overlay-gradient":""},"mobile":{"background-color":"var(--ast-global-color-4)","background-image":"","background-repeat":"repeat","background-position":"center center","background-size":"auto","background-attachment":"scroll","background-type":"","background-media":"","overlay-type":"","overlay-color":"","overlay-opacity":"","overlay-gradient":""}}},"product_brand":[],"product_cat":[105,104],"product_tag":[189,406,187],"class_list":{"0":"post-3515","1":"product","2":"type-product","3":"status-publish","4":"has-post-thumbnail","6":"product_cat-usb-c-pendrive","7":"product_cat-usb3-0-usb-pendrive","8":"product_tag-metal-rotate-usb-flash-drive-for-iphone","9":"product_tag-metal-swivel-usb-drive","10":"product_tag-metal-usb-c-flash-drive","11":"desktop-align-left","12":"tablet-align-left","13":"mobile-align-left","15":"first","16":"instock","17":"shipping-taxable","18":"product-type-simple"},"_links":{"self":[{"href":"https:\/\/www.usborkeychain.com\/es\/wp-json\/wp\/v2\/product\/3515","targetHints":{"allow":["GET"]}}],"collection":[{"href":"https:\/\/www.usborkeychain.com\/es\/wp-json\/wp\/v2\/product"}],"about":[{"href":"https:\/\/www.usborkeychain.com\/es\/wp-json\/wp\/v2\/types\/product"}],"replies":[{"embeddable":true,"href":"https:\/\/www.usborkeychain.com\/es\/wp-json\/wp\/v2\/comments?post=3515"}],"wp:featuredmedia":[{"embeddable":true,"href":"https:\/\/www.usborkeychain.com\/es\/wp-json\/wp\/v2\/media\/3518"}],"wp:attachment":[{"href":"https:\/\/www.usborkeychain.com\/es\/wp-json\/wp\/v2\/media?parent=3515"}],"wp:term":[{"taxonomy":"product_brand","embeddable":true,"href":"https:\/\/www.usborkeychain.com\/es\/wp-json\/wp\/v2\/product_brand?post=3515"},{"taxonomy":"product_cat","embeddable":true,"href":"https:\/\/www.usborkeychain.com\/es\/wp-json\/wp\/v2\/product_cat?post=3515"},{"taxonomy":"product_tag","embeddable":true,"href":"https:\/\/www.usborkeychain.com\/es\/wp-json\/wp\/v2\/product_tag?post=3515"}],"curies":[{"name":"wp","href":"https:\/\/api.w.org\/{rel}","templated":true}]}}