{"id":3548,"date":"2025-06-27T02:39:22","date_gmt":"2025-06-27T02:39:22","guid":{"rendered":"https:\/\/www.usborkeychain.com\/?post_type=product&#038;p=3548"},"modified":"2025-07-08T01:53:19","modified_gmt":"2025-07-08T01:53:19","slug":"halloween-pvc-cartoon-usb-flash-drive","status":"publish","type":"product","link":"https:\/\/www.usborkeychain.com\/es\/producto\/halloween-pvc-cartoon-usb-flash-drive\/","title":{"rendered":"Memoria USB con forma de cerebro\/pulm\u00f3n\/ri\u00f1\u00f3n"},"content":{"rendered":"<h2 class=\"wp-block-heading\">Memoria USB con forma de cerebro<\/h2>\n\n\n\n<div class=\"wp-block-columns is-layout-flex wp-container-core-columns-is-layout-28f84493 wp-block-columns-is-layout-flex\">\n<div class=\"wp-block-column is-layout-flow wp-block-column-is-layout-flow\">\n<figure class=\"wp-block-image aligncenter size-full is-resized\"><img fetchpriority=\"high\" decoding=\"async\" width=\"800\" height=\"800\" src=\"https:\/\/www.usborkeychain.com\/wp-content\/uploads\/Brain-Shape-USB-Flash-Drive.jpg\" alt=\"Brain Shape USB Flash Drive\" class=\"wp-image-3552\" style=\"object-fit:cover;width:600px;height:600px\" srcset=\"https:\/\/www.usborkeychain.com\/wp-content\/uploads\/Brain-Shape-USB-Flash-Drive.jpg 800w, https:\/\/www.usborkeychain.com\/wp-content\/uploads\/Brain-Shape-USB-Flash-Drive-300x300.jpg 300w, https:\/\/www.usborkeychain.com\/wp-content\/uploads\/Brain-Shape-USB-Flash-Drive-150x150.jpg 150w, https:\/\/www.usborkeychain.com\/wp-content\/uploads\/Brain-Shape-USB-Flash-Drive-768x768.jpg 768w, https:\/\/www.usborkeychain.com\/wp-content\/uploads\/Brain-Shape-USB-Flash-Drive-12x12.jpg 12w, https:\/\/www.usborkeychain.com\/wp-content\/uploads\/Brain-Shape-USB-Flash-Drive-600x600.jpg 600w, https:\/\/www.usborkeychain.com\/wp-content\/uploads\/Brain-Shape-USB-Flash-Drive-100x100.jpg 100w\" sizes=\"(max-width: 800px) 100vw, 800px\" \/><\/figure>\n<\/div>\n\n\n\n<div class=\"wp-block-column is-vertically-aligned-center is-layout-flow wp-block-column-is-layout-flow\">\n<p>La memoria USB con forma de cerebro presenta una r\u00e9plica precisa del cerebro humano, con claros patrones de circunvoluciones y surcos entrecruzados sobre una base blanca gris\u00e1cea, acentuada por inquietantes vasos sangu\u00edneos morados, como si contuviera un misterioso poder mental. <\/p>\n\n\n\n<p>La superficie est\u00e1 hecha de material de PVC esmerilado, que no s\u00f3lo tiene un tacto realista, sino que tambi\u00e9n evita eficazmente los restos de huellas dactilares. <\/p>\n\n\n\n<p>Las instituciones de formaci\u00f3n educativa y las empresas tecnol\u00f3gicas suelen personalizarlo como regalo de eventos para estudiantes o asistentes, encajando en el ambiente de Halloween al tiempo que implica la exploraci\u00f3n y la b\u00fasqueda de la sabidur\u00eda, inspirando el deseo de conocimiento de los destinatarios.<\/p>\n<\/div>\n<\/div>\n\n\n\n<div style=\"height:38px\" aria-hidden=\"true\" class=\"wp-block-spacer\"><\/div>\n\n\n\n<h2 class=\"wp-block-heading\">Memoria USB en forma de coraz\u00f3n<\/h2>\n\n\n\n<div class=\"wp-block-columns is-layout-flex wp-container-core-columns-is-layout-28f84493 wp-block-columns-is-layout-flex\">\n<div class=\"wp-block-column is-vertically-aligned-center is-layout-flow wp-block-column-is-layout-flow\">\n<p>Este <a href=\"https:\/\/www.usborkeychain.com\/etiqueta-producto\/heart-shaped-usb-flash-drive\/\">memoria USB con forma de coraz\u00f3n<\/a> presenta un tono principal rojo vivo, que restituye con realismo la estructura tridimensional del coraz\u00f3n.<\/p>\n\n\n\n<p>La textura ondulante del miocardio y la intersecci\u00f3n de los vasos arteriales en la superficie parecen estar a punto de latir al segundo siguiente. <\/p>\n\n\n\n<p>El suave material de PVC le confiere una ligera elasticidad, similar al tacto de un coraz\u00f3n de verdad. <\/p>\n\n\n\n<p>Las empresas de organizaci\u00f3n de bodas y las marcas de productos sanitarios est\u00e1n deseando personalizar esta unidad USB para utilizarla en actividades de Halloween o de promoci\u00f3n de marca, transmitiendo la pasi\u00f3n y la vitalidad de la vida, e insinuando la preocupaci\u00f3n de la marca por la salud y una vida mejor de los usuarios.<\/p>\n<\/div>\n\n\n\n<div class=\"wp-block-column is-layout-flow wp-block-column-is-layout-flow\">\n<figure class=\"wp-block-image aligncenter size-full is-resized\"><img decoding=\"async\" width=\"800\" height=\"800\" src=\"https:\/\/www.usborkeychain.com\/wp-content\/uploads\/Heart-Shape-USB-Flash-Drive.jpg\" alt=\"Heart Shape USB Flash Drive\" class=\"wp-image-3554\" style=\"object-fit:cover;width:600px;height:600px\" srcset=\"https:\/\/www.usborkeychain.com\/wp-content\/uploads\/Heart-Shape-USB-Flash-Drive.jpg 800w, https:\/\/www.usborkeychain.com\/wp-content\/uploads\/Heart-Shape-USB-Flash-Drive-300x300.jpg 300w, https:\/\/www.usborkeychain.com\/wp-content\/uploads\/Heart-Shape-USB-Flash-Drive-150x150.jpg 150w, https:\/\/www.usborkeychain.com\/wp-content\/uploads\/Heart-Shape-USB-Flash-Drive-768x768.jpg 768w, https:\/\/www.usborkeychain.com\/wp-content\/uploads\/Heart-Shape-USB-Flash-Drive-12x12.jpg 12w, https:\/\/www.usborkeychain.com\/wp-content\/uploads\/Heart-Shape-USB-Flash-Drive-600x600.jpg 600w, https:\/\/www.usborkeychain.com\/wp-content\/uploads\/Heart-Shape-USB-Flash-Drive-100x100.jpg 100w\" sizes=\"(max-width: 800px) 100vw, 800px\" \/><\/figure>\n<\/div>\n<\/div>\n\n\n\n<h2 class=\"wp-block-heading\">Memoria USB con forma de pulm\u00f3n<\/h2>\n\n\n\n<div class=\"wp-block-columns is-layout-flex wp-container-core-columns-is-layout-28f84493 wp-block-columns-is-layout-flex\">\n<div class=\"wp-block-column is-layout-flow wp-block-column-is-layout-flow\">\n<figure class=\"wp-block-image aligncenter size-full is-resized\"><img decoding=\"async\" width=\"800\" height=\"800\" src=\"https:\/\/www.usborkeychain.com\/wp-content\/uploads\/Lung-Shape-USB-Flash-Drive.jpg\" alt=\"Lung Shape USB Flash Drive\" class=\"wp-image-3557\" style=\"object-fit:cover;width:600px;height:600px\" srcset=\"https:\/\/www.usborkeychain.com\/wp-content\/uploads\/Lung-Shape-USB-Flash-Drive.jpg 800w, https:\/\/www.usborkeychain.com\/wp-content\/uploads\/Lung-Shape-USB-Flash-Drive-300x300.jpg 300w, https:\/\/www.usborkeychain.com\/wp-content\/uploads\/Lung-Shape-USB-Flash-Drive-150x150.jpg 150w, https:\/\/www.usborkeychain.com\/wp-content\/uploads\/Lung-Shape-USB-Flash-Drive-768x768.jpg 768w, https:\/\/www.usborkeychain.com\/wp-content\/uploads\/Lung-Shape-USB-Flash-Drive-12x12.jpg 12w, https:\/\/www.usborkeychain.com\/wp-content\/uploads\/Lung-Shape-USB-Flash-Drive-600x600.jpg 600w, https:\/\/www.usborkeychain.com\/wp-content\/uploads\/Lung-Shape-USB-Flash-Drive-100x100.jpg 100w\" sizes=\"(max-width: 800px) 100vw, 800px\" \/><\/figure>\n<\/div>\n\n\n\n<div class=\"wp-block-column is-vertically-aligned-center is-layout-flow wp-block-column-is-layout-flow\">\n<p>En <a href=\"https:\/\/www.usborkeychain.com\/etiqueta-producto\/lung-shape-usb-drive\/\">memoria USB con forma de pulm\u00f3n<\/a> es principalmente negro gris\u00e1ceo, imitando los pliegues y la estructura alveolar de los pulmones.<\/p>\n\n\n\n<p>Las protuberancias irregulares y los diminutos agujeros de la superficie crean un efecto visual extra\u00f1o e impactante. El material de PVC mate hace que toda la unidad USB parezca m\u00e1s realista y llena de misterio. <\/p>\n\n\n\n<p>Las organizaciones de bienestar p\u00fablico de protecci\u00f3n medioambiental y las instituciones de medicina respiratoria lo personalizar\u00e1n como regalos promocionales, distribuidos durante las actividades de Halloween, que no s\u00f3lo encajan con el tema del festival, sino que tambi\u00e9n atraen la atenci\u00f3n del p\u00fablico a trav\u00e9s de la forma \u00fanica para promover conceptos de protecci\u00f3n medioambiental o conocimientos de salud respiratoria.<\/p>\n<\/div>\n<\/div>\n\n\n\n<div style=\"height:43px\" aria-hidden=\"true\" class=\"wp-block-spacer\"><\/div>\n\n\n\n<h2 class=\"wp-block-heading\">Memoria USB con forma de ri\u00f1\u00f3n<\/h2>\n\n\n\n<div class=\"wp-block-columns is-layout-flex wp-container-core-columns-is-layout-28f84493 wp-block-columns-is-layout-flex\">\n<div class=\"wp-block-column is-vertically-aligned-center is-layout-flow wp-block-column-is-layout-flow\">\n<p>En <a href=\"https:\/\/www.usborkeychain.com\/etiqueta-producto\/kidney-usb-drive\/\">memoria USB con forma de ri\u00f1\u00f3n<\/a> rompe las convenciones con un brillante dise\u00f1o de bloques de color naranja y azul.<\/p>\n\n\n\n<p>Su forma \u00fanica con bordes redondeados combina un sentido de la moda y la diversi\u00f3n. <\/p>\n\n\n\n<p>La superficie brillante del material de PVC hace que la unidad USB brille bajo la luz. <\/p>\n\n\n\n<p>Las empresas farmac\u00e9uticas de I+D y los clubes de salud suelen personalizarlo como regalo para los clientes durante las actividades de Halloween, que no s\u00f3lo puede transmitir informaci\u00f3n de la marca, sino tambi\u00e9n atraer la atenci\u00f3n de los clientes con su forma \u00fanica, recordando a todo el mundo que preste atenci\u00f3n a la salud de los ri\u00f1ones, a la vez pr\u00e1ctico y promocional.<\/p>\n<\/div>\n\n\n\n<div class=\"wp-block-column is-layout-flow wp-block-column-is-layout-flow\">\n<figure class=\"wp-block-image aligncenter size-full is-resized\"><img loading=\"lazy\" decoding=\"async\" width=\"800\" height=\"800\" src=\"https:\/\/www.usborkeychain.com\/wp-content\/uploads\/Kidney-Shape-USB-Flash-Drive-1.jpg\" alt=\"Kidney Shape USB Flash Drive\" class=\"wp-image-3560\" style=\"object-fit:cover;width:600px;height:600px\" srcset=\"https:\/\/www.usborkeychain.com\/wp-content\/uploads\/Kidney-Shape-USB-Flash-Drive-1.jpg 800w, https:\/\/www.usborkeychain.com\/wp-content\/uploads\/Kidney-Shape-USB-Flash-Drive-1-300x300.jpg 300w, https:\/\/www.usborkeychain.com\/wp-content\/uploads\/Kidney-Shape-USB-Flash-Drive-1-150x150.jpg 150w, https:\/\/www.usborkeychain.com\/wp-content\/uploads\/Kidney-Shape-USB-Flash-Drive-1-768x768.jpg 768w, https:\/\/www.usborkeychain.com\/wp-content\/uploads\/Kidney-Shape-USB-Flash-Drive-1-12x12.jpg 12w, https:\/\/www.usborkeychain.com\/wp-content\/uploads\/Kidney-Shape-USB-Flash-Drive-1-600x600.jpg 600w, https:\/\/www.usborkeychain.com\/wp-content\/uploads\/Kidney-Shape-USB-Flash-Drive-1-100x100.jpg 100w\" sizes=\"(max-width: 800px) 100vw, 800px\" \/><\/figure>\n<\/div>\n<\/div>\n\n\n\n<p>Empresas o instituciones de m\u00faltiples \u00e1mbitos, como la educaci\u00f3n, las bodas, la protecci\u00f3n del medio ambiente y la medicina, pueden alcanzar el doble objetivo de promoci\u00f3n de marca y entrega de regalos en actividades personalizando esta unidad USB, a\u00f1adiendo un ambiente festivo \u00fanico al evento y aportando a los usuarios art\u00edculos de almacenamiento con creatividad y valor pr\u00e1ctico.<\/p>\n\n\n\n<div class=\"wp-block-columns is-layout-flex wp-container-core-columns-is-layout-28f84493 wp-block-columns-is-layout-flex\">\n<div class=\"wp-block-column is-layout-flow wp-block-column-is-layout-flow\">\n<figure class=\"wp-block-image size-full\"><img loading=\"lazy\" decoding=\"async\" width=\"800\" height=\"800\" src=\"https:\/\/www.usborkeychain.com\/wp-content\/uploads\/brian-lung-shapd-usb-drive.jpg\" alt=\"brian-lung-shapd-usb-drive\" class=\"wp-image-3595\" srcset=\"https:\/\/www.usborkeychain.com\/wp-content\/uploads\/brian-lung-shapd-usb-drive.jpg 800w, https:\/\/www.usborkeychain.com\/wp-content\/uploads\/brian-lung-shapd-usb-drive-300x300.jpg 300w, https:\/\/www.usborkeychain.com\/wp-content\/uploads\/brian-lung-shapd-usb-drive-150x150.jpg 150w, https:\/\/www.usborkeychain.com\/wp-content\/uploads\/brian-lung-shapd-usb-drive-768x768.jpg 768w, https:\/\/www.usborkeychain.com\/wp-content\/uploads\/brian-lung-shapd-usb-drive-12x12.jpg 12w, https:\/\/www.usborkeychain.com\/wp-content\/uploads\/brian-lung-shapd-usb-drive-600x600.jpg 600w, https:\/\/www.usborkeychain.com\/wp-content\/uploads\/brian-lung-shapd-usb-drive-100x100.jpg 100w\" sizes=\"(max-width: 800px) 100vw, 800px\" \/><\/figure>\n<\/div>\n\n\n\n<div class=\"wp-block-column is-layout-flow wp-block-column-is-layout-flow\">\n<figure class=\"wp-block-image size-full\"><img loading=\"lazy\" decoding=\"async\" width=\"800\" height=\"800\" src=\"https:\/\/www.usborkeychain.com\/wp-content\/uploads\/O1CN01YJLqFT1vMsHYvIPLi_2216936226159-0-cib.jpg\" alt=\"pvc cartoon flash drive\" class=\"wp-image-3565\" srcset=\"https:\/\/www.usborkeychain.com\/wp-content\/uploads\/O1CN01YJLqFT1vMsHYvIPLi_2216936226159-0-cib.jpg 800w, https:\/\/www.usborkeychain.com\/wp-content\/uploads\/O1CN01YJLqFT1vMsHYvIPLi_2216936226159-0-cib-300x300.jpg 300w, https:\/\/www.usborkeychain.com\/wp-content\/uploads\/O1CN01YJLqFT1vMsHYvIPLi_2216936226159-0-cib-150x150.jpg 150w, https:\/\/www.usborkeychain.com\/wp-content\/uploads\/O1CN01YJLqFT1vMsHYvIPLi_2216936226159-0-cib-768x768.jpg 768w, https:\/\/www.usborkeychain.com\/wp-content\/uploads\/O1CN01YJLqFT1vMsHYvIPLi_2216936226159-0-cib-12x12.jpg 12w, https:\/\/www.usborkeychain.com\/wp-content\/uploads\/O1CN01YJLqFT1vMsHYvIPLi_2216936226159-0-cib-600x600.jpg 600w, https:\/\/www.usborkeychain.com\/wp-content\/uploads\/O1CN01YJLqFT1vMsHYvIPLi_2216936226159-0-cib-100x100.jpg 100w\" sizes=\"(max-width: 800px) 100vw, 800px\" \/><\/figure>\n<\/div>\n<\/div>\n\n\n\n<p>Con capacidades flexibles de 1 GB a 1 TB, diversos esquemas de color y moldeado personalizado del logotipo y embalaje para festivales, no s\u00f3lo puede satisfacer la visualizaci\u00f3n personal, sino tambi\u00e9n garantizar un almacenamiento seguro de los datos.<\/p>","protected":false},"excerpt":{"rendered":"<ul>\n<li>Material PVC<\/li>\n<li>Brian, pulm\u00f3n, ri\u00f1\u00f3n sheapd desgin<\/li>\n<li>$50 muestra de honorarios de molde<\/li>\n<li>Molde de PVC en 3 d\u00edas<\/li>\n<li>MOQ: 100 piezas<\/li>\n<li>Rango de capacidad: 1 GB - 1 TB<\/li>\n<\/ul>","protected":false},"featured_media":3595,"comment_status":"open","ping_status":"closed","template":"","meta":{"_seopress_robots_primary_cat":"none","_seopress_titles_title":"","_seopress_titles_desc":"","_seopress_robots_index":"","site-sidebar-layout":"default","site-content-layout":"","ast-site-content-layout":"","site-content-style":"default","site-sidebar-style":"default","ast-global-header-display":"","ast-banner-title-visibility":"","ast-main-header-display":"","ast-hfb-above-header-display":"","ast-hfb-below-header-display":"","ast-hfb-mobile-header-display":"","site-post-title":"","ast-breadcrumbs-content":"","ast-featured-img":"","footer-sml-layout":"","theme-transparent-header-meta":"","adv-header-id-meta":"","stick-header-meta":"","header-above-stick-meta":"","header-main-stick-meta":"","header-below-stick-meta":"","astra-migrate-meta-layouts":"default","ast-page-background-enabled":"default","ast-page-background-meta":{"desktop":{"background-color":"var(--ast-global-color-5)","background-image":"","background-repeat":"repeat","background-position":"center center","background-size":"auto","background-attachment":"scroll","background-type":"","background-media":"","overlay-type":"","overlay-color":"","overlay-opacity":"","overlay-gradient":""},"tablet":{"background-color":"","background-image":"","background-repeat":"repeat","background-position":"center center","background-size":"auto","background-attachment":"scroll","background-type":"","background-media":"","overlay-type":"","overlay-color":"","overlay-opacity":"","overlay-gradient":""},"mobile":{"background-color":"","background-image":"","background-repeat":"repeat","background-position":"center center","background-size":"auto","background-attachment":"scroll","background-type":"","background-media":"","overlay-type":"","overlay-color":"","overlay-opacity":"","overlay-gradient":""}},"ast-content-background-meta":{"desktop":{"background-color":"var(--ast-global-color-4)","background-image":"","background-repeat":"repeat","background-position":"center center","background-size":"auto","background-attachment":"scroll","background-type":"","background-media":"","overlay-type":"","overlay-color":"","overlay-opacity":"","overlay-gradient":""},"tablet":{"background-color":"var(--ast-global-color-4)","background-image":"","background-repeat":"repeat","background-position":"center center","background-size":"auto","background-attachment":"scroll","background-type":"","background-media":"","overlay-type":"","overlay-color":"","overlay-opacity":"","overlay-gradient":""},"mobile":{"background-color":"var(--ast-global-color-4)","background-image":"","background-repeat":"repeat","background-position":"center center","background-size":"auto","background-attachment":"scroll","background-type":"","background-media":"","overlay-type":"","overlay-color":"","overlay-opacity":"","overlay-gradient":""}}},"product_brand":[],"product_cat":[112,94],"product_tag":[197,196,195],"class_list":{"0":"post-3548","1":"product","2":"type-product","3":"status-publish","4":"has-post-thumbnail","6":"product_cat-cartton-usb-pendrive","7":"product_cat-pvc-usb-pendrive","8":"product_tag-heart-shaped-usb-flash-drive","9":"product_tag-kidney-usb-drive","10":"product_tag-lung-shape-usb-drive","11":"desktop-align-left","12":"tablet-align-left","13":"mobile-align-left","15":"first","16":"instock","17":"shipping-taxable","18":"product-type-simple"},"_links":{"self":[{"href":"https:\/\/www.usborkeychain.com\/es\/wp-json\/wp\/v2\/product\/3548","targetHints":{"allow":["GET"]}}],"collection":[{"href":"https:\/\/www.usborkeychain.com\/es\/wp-json\/wp\/v2\/product"}],"about":[{"href":"https:\/\/www.usborkeychain.com\/es\/wp-json\/wp\/v2\/types\/product"}],"replies":[{"embeddable":true,"href":"https:\/\/www.usborkeychain.com\/es\/wp-json\/wp\/v2\/comments?post=3548"}],"wp:featuredmedia":[{"embeddable":true,"href":"https:\/\/www.usborkeychain.com\/es\/wp-json\/wp\/v2\/media\/3595"}],"wp:attachment":[{"href":"https:\/\/www.usborkeychain.com\/es\/wp-json\/wp\/v2\/media?parent=3548"}],"wp:term":[{"taxonomy":"product_brand","embeddable":true,"href":"https:\/\/www.usborkeychain.com\/es\/wp-json\/wp\/v2\/product_brand?post=3548"},{"taxonomy":"product_cat","embeddable":true,"href":"https:\/\/www.usborkeychain.com\/es\/wp-json\/wp\/v2\/product_cat?post=3548"},{"taxonomy":"product_tag","embeddable":true,"href":"https:\/\/www.usborkeychain.com\/es\/wp-json\/wp\/v2\/product_tag?post=3548"}],"curies":[{"name":"wp","href":"https:\/\/api.w.org\/{rel}","templated":true}]}}