{"id":3570,"date":"2025-06-27T08:03:11","date_gmt":"2025-06-27T08:03:11","guid":{"rendered":"https:\/\/www.usborkeychain.com\/?post_type=product&#038;p=3570"},"modified":"2025-08-16T03:08:14","modified_gmt":"2025-08-16T03:08:14","slug":"metal-rotating-mobile-usb-flash-drive-with-dual-interfaces-type-c","status":"publish","type":"product","link":"https:\/\/www.usborkeychain.com\/es\/producto\/metal-rotating-mobile-usb-flash-drive-with-dual-interfaces-type-c\/","title":{"rendered":"Memoria USB OTG giratoria de metal con dos interfaces Tipo-c"},"content":{"rendered":"<div class=\"wp-block-columns is-layout-flex wp-container-core-columns-is-layout-28f84493 wp-block-columns-is-layout-flex\">\n<div class=\"wp-block-column is-layout-flow wp-block-column-is-layout-flow\">\n<figure class=\"wp-block-image aligncenter size-full is-resized\"><img fetchpriority=\"high\" decoding=\"async\" width=\"1000\" height=\"1000\" src=\"https:\/\/www.usborkeychain.com\/wp-content\/uploads\/O1CN01gXvHAo1QuXRHdiltL_2211016602036-0-cib.jpg_.webp.jpg\" alt=\"Rotating Metal USB Type C Cell Phone USB Flash Drive\" class=\"wp-image-3582\" style=\"object-fit:cover;width:600px;height:600px\" srcset=\"https:\/\/www.usborkeychain.com\/wp-content\/uploads\/O1CN01gXvHAo1QuXRHdiltL_2211016602036-0-cib.jpg_.webp.jpg 1000w, https:\/\/www.usborkeychain.com\/wp-content\/uploads\/O1CN01gXvHAo1QuXRHdiltL_2211016602036-0-cib.jpg_.webp-300x300.jpg 300w, https:\/\/www.usborkeychain.com\/wp-content\/uploads\/O1CN01gXvHAo1QuXRHdiltL_2211016602036-0-cib.jpg_.webp-150x150.jpg 150w, https:\/\/www.usborkeychain.com\/wp-content\/uploads\/O1CN01gXvHAo1QuXRHdiltL_2211016602036-0-cib.jpg_.webp-768x768.jpg 768w, https:\/\/www.usborkeychain.com\/wp-content\/uploads\/O1CN01gXvHAo1QuXRHdiltL_2211016602036-0-cib.jpg_.webp-12x12.jpg 12w, https:\/\/www.usborkeychain.com\/wp-content\/uploads\/O1CN01gXvHAo1QuXRHdiltL_2211016602036-0-cib.jpg_.webp-600x600.jpg 600w, https:\/\/www.usborkeychain.com\/wp-content\/uploads\/O1CN01gXvHAo1QuXRHdiltL_2211016602036-0-cib.jpg_.webp-100x100.jpg 100w\" sizes=\"(max-width: 1000px) 100vw, 1000px\" \/><\/figure>\n<\/div>\n\n\n\n<div class=\"wp-block-column is-vertically-aligned-center is-layout-flow wp-block-column-is-layout-flow\">\n<p>En el contexto de la creciente demanda de oficina y entretenimiento digital, la unidad flash USB m\u00f3vil giratoria met\u00e1lica con doble interfaz Type-c ha destacado por su excelente rendimiento y su dise\u00f1o innovador, convirti\u00e9ndose en un gadget de almacenamiento muy popular. <\/p>\n\n\n\n<p>Con un dise\u00f1o sencillo y elegante, est\u00e1 fabricado meticulosamente con materiales totalmente met\u00e1licos, no s\u00f3lo con una textura de alta calidad, sino tambi\u00e9n con un gran sentido de la calidad y el estilo. <\/p>\n\n\n\n<p>La robusta carcasa met\u00e1lica resiste eficazmente el desgaste diario y las colisiones, salvaguardando por completo la seguridad de los datos.<\/p>\n\n\n\n<p>Como estilo favorito de las memorias USB de regalo, integra a la perfecci\u00f3n funciones pr\u00e1cticas con un aspecto exquisito. Ya sea para interacciones de negocios o regalos festivos, puede transmitir plena sinceridad, por lo que es una excelente opci\u00f3n para mostrar consideraci\u00f3n.<\/p>\n<\/div>\n<\/div>\n\n\n\n<div style=\"height:53px\" aria-hidden=\"true\" class=\"wp-block-spacer\"><\/div>\n\n\n\n<h2 class=\"wp-block-heading\">Dise\u00f1o innovador: Un \"accionamiento\" para dos usos<\/h2>\n\n\n\n<div class=\"wp-block-columns is-layout-flex wp-container-core-columns-is-layout-28f84493 wp-block-columns-is-layout-flex\">\n<div class=\"wp-block-column is-vertically-aligned-center is-layout-flow wp-block-column-is-layout-flow\">\n<p>La unidad flash USB m\u00f3vil giratoria de metal con interfaces duales Tipo-c adopta un dise\u00f1o innovador, equipado con interfaces duales de Tipo-c y USB, permitiendo realmente la intercomunicaci\u00f3n de datos entre tel\u00e9fonos m\u00f3viles y ordenadores. <\/p>\n\n\n\n<p>No hay necesidad de depender de un convertidor, satisfaciendo f\u00e1cilmente las necesidades de transmisi\u00f3n de m\u00faltiples dispositivos. El dise\u00f1o sin tapa giratoria de 360 grados dice adi\u00f3s por completo al problema de que la tapa de la memoria USB tradicional se pierda con facilidad. <\/p>\n\n\n\n<p>Al usarlo, basta con darle un suave giro para conectarlo r\u00e1pidamente al dispositivo, con un funcionamiento suave y c\u00f3modo. <\/p>\n\n\n\n<p>El material totalmente met\u00e1lico, procesado con exquisita artesan\u00eda, tiene un tacto delicado y suave, es resistente al desgaste y a los ara\u00f1azos, y muestra una sensaci\u00f3n de tecnolog\u00eda de moda cuando se lleva y se usa, adapt\u00e1ndose f\u00e1cilmente a diversos escenarios.<\/p>\n<\/div>\n\n\n\n<div class=\"wp-block-column is-layout-flow wp-block-column-is-layout-flow\">\n<figure class=\"wp-block-image aligncenter size-full is-resized\"><img decoding=\"async\" width=\"1000\" height=\"1000\" src=\"https:\/\/www.usborkeychain.com\/wp-content\/uploads\/O1CN018gYYxH1QuXRE2TUV9_2211016602036-0-cib.jpg_.webp.jpg\" alt=\"Rotating Metal USB Type C 2.0 Cell Phone USB Flash Drive\" class=\"wp-image-3583\" style=\"object-fit:cover;width:600px;height:600px\" srcset=\"https:\/\/www.usborkeychain.com\/wp-content\/uploads\/O1CN018gYYxH1QuXRE2TUV9_2211016602036-0-cib.jpg_.webp.jpg 1000w, https:\/\/www.usborkeychain.com\/wp-content\/uploads\/O1CN018gYYxH1QuXRE2TUV9_2211016602036-0-cib.jpg_.webp-300x300.jpg 300w, https:\/\/www.usborkeychain.com\/wp-content\/uploads\/O1CN018gYYxH1QuXRE2TUV9_2211016602036-0-cib.jpg_.webp-150x150.jpg 150w, https:\/\/www.usborkeychain.com\/wp-content\/uploads\/O1CN018gYYxH1QuXRE2TUV9_2211016602036-0-cib.jpg_.webp-768x768.jpg 768w, https:\/\/www.usborkeychain.com\/wp-content\/uploads\/O1CN018gYYxH1QuXRE2TUV9_2211016602036-0-cib.jpg_.webp-12x12.jpg 12w, https:\/\/www.usborkeychain.com\/wp-content\/uploads\/O1CN018gYYxH1QuXRE2TUV9_2211016602036-0-cib.jpg_.webp-600x600.jpg 600w, https:\/\/www.usborkeychain.com\/wp-content\/uploads\/O1CN018gYYxH1QuXRE2TUV9_2211016602036-0-cib.jpg_.webp-100x100.jpg 100w\" sizes=\"(max-width: 1000px) 100vw, 1000px\" \/><\/figure>\n<\/div>\n<\/div>\n\n\n\n<h2 class=\"wp-block-heading\">Diversas interfaces: Transmisi\u00f3n ultrarr\u00e1pida<\/h2>\n\n\n\n<p>La unidad flash USB ofrece una rica selecci\u00f3n de interfaces, que abarcan USB 2.0, OTG, USB 3.0 y TYPE-C, satisfaciendo las necesidades de transmisi\u00f3n de diferentes dispositivos. Los par\u00e1metros espec\u00edficos son los siguientes:<\/p>\n\n\n\n<div class=\"wp-block-columns is-layout-flex wp-container-core-columns-is-layout-28f84493 wp-block-columns-is-layout-flex\">\n<div class=\"wp-block-column is-layout-flow wp-block-column-is-layout-flow\">\n<figure class=\"wp-block-image alignwide size-full\"><img decoding=\"async\" width=\"800\" height=\"800\" src=\"https:\/\/www.usborkeychain.com\/wp-content\/uploads\/rotating-metal-usb-type-c-flash-drive1.jpg\" alt=\"rotating metal usb type c flash drive1\" class=\"wp-image-3576\" srcset=\"https:\/\/www.usborkeychain.com\/wp-content\/uploads\/rotating-metal-usb-type-c-flash-drive1.jpg 800w, https:\/\/www.usborkeychain.com\/wp-content\/uploads\/rotating-metal-usb-type-c-flash-drive1-300x300.jpg 300w, https:\/\/www.usborkeychain.com\/wp-content\/uploads\/rotating-metal-usb-type-c-flash-drive1-150x150.jpg 150w, https:\/\/www.usborkeychain.com\/wp-content\/uploads\/rotating-metal-usb-type-c-flash-drive1-768x768.jpg 768w, https:\/\/www.usborkeychain.com\/wp-content\/uploads\/rotating-metal-usb-type-c-flash-drive1-12x12.jpg 12w, https:\/\/www.usborkeychain.com\/wp-content\/uploads\/rotating-metal-usb-type-c-flash-drive1-600x600.jpg 600w, https:\/\/www.usborkeychain.com\/wp-content\/uploads\/rotating-metal-usb-type-c-flash-drive1-100x100.jpg 100w\" sizes=\"(max-width: 800px) 100vw, 800px\" \/><\/figure>\n<\/div>\n\n\n\n<div class=\"wp-block-column is-layout-flow wp-block-column-is-layout-flow\">\n<figure class=\"wp-block-image alignwide size-full\"><img loading=\"lazy\" decoding=\"async\" width=\"800\" height=\"800\" src=\"https:\/\/www.usborkeychain.com\/wp-content\/uploads\/siliver-fastest-rotating-metal-usb-type-c-flash-drive.jpg\" alt=\"siliver-fastest rotating metal usb type c flash drive\" class=\"wp-image-3578\" srcset=\"https:\/\/www.usborkeychain.com\/wp-content\/uploads\/siliver-fastest-rotating-metal-usb-type-c-flash-drive.jpg 800w, https:\/\/www.usborkeychain.com\/wp-content\/uploads\/siliver-fastest-rotating-metal-usb-type-c-flash-drive-300x300.jpg 300w, https:\/\/www.usborkeychain.com\/wp-content\/uploads\/siliver-fastest-rotating-metal-usb-type-c-flash-drive-150x150.jpg 150w, https:\/\/www.usborkeychain.com\/wp-content\/uploads\/siliver-fastest-rotating-metal-usb-type-c-flash-drive-768x768.jpg 768w, https:\/\/www.usborkeychain.com\/wp-content\/uploads\/siliver-fastest-rotating-metal-usb-type-c-flash-drive-12x12.jpg 12w, https:\/\/www.usborkeychain.com\/wp-content\/uploads\/siliver-fastest-rotating-metal-usb-type-c-flash-drive-600x600.jpg 600w, https:\/\/www.usborkeychain.com\/wp-content\/uploads\/siliver-fastest-rotating-metal-usb-type-c-flash-drive-100x100.jpg 100w\" sizes=\"(max-width: 800px) 100vw, 800px\" \/><\/figure>\n<\/div>\n\n\n\n<div class=\"wp-block-column is-layout-flow wp-block-column-is-layout-flow\">\n<figure class=\"wp-block-image alignwide size-full\"><img loading=\"lazy\" decoding=\"async\" width=\"800\" height=\"800\" src=\"https:\/\/www.usborkeychain.com\/wp-content\/uploads\/rotating-metal-usb-type-c-flash-drive.jpg\" alt=\"rotating metal usb type c flash drive\" class=\"wp-image-3575\" srcset=\"https:\/\/www.usborkeychain.com\/wp-content\/uploads\/rotating-metal-usb-type-c-flash-drive.jpg 800w, https:\/\/www.usborkeychain.com\/wp-content\/uploads\/rotating-metal-usb-type-c-flash-drive-300x300.jpg 300w, https:\/\/www.usborkeychain.com\/wp-content\/uploads\/rotating-metal-usb-type-c-flash-drive-150x150.jpg 150w, https:\/\/www.usborkeychain.com\/wp-content\/uploads\/rotating-metal-usb-type-c-flash-drive-768x768.jpg 768w, https:\/\/www.usborkeychain.com\/wp-content\/uploads\/rotating-metal-usb-type-c-flash-drive-12x12.jpg 12w, https:\/\/www.usborkeychain.com\/wp-content\/uploads\/rotating-metal-usb-type-c-flash-drive-600x600.jpg 600w, https:\/\/www.usborkeychain.com\/wp-content\/uploads\/rotating-metal-usb-type-c-flash-drive-100x100.jpg 100w\" sizes=\"(max-width: 800px) 100vw, 800px\" \/><\/figure>\n<\/div>\n\n\n\n<div class=\"wp-block-column is-layout-flow wp-block-column-is-layout-flow\">\n<figure class=\"wp-block-image alignwide size-full\"><img loading=\"lazy\" decoding=\"async\" width=\"800\" height=\"800\" src=\"https:\/\/www.usborkeychain.com\/wp-content\/uploads\/gunmetal-fastest-rotating-metal-usb-type-c-flash-drive.jpg\" alt=\"gunmetal-fastest rotating metal usb type c flash drive\" class=\"wp-image-3574\" srcset=\"https:\/\/www.usborkeychain.com\/wp-content\/uploads\/gunmetal-fastest-rotating-metal-usb-type-c-flash-drive.jpg 800w, https:\/\/www.usborkeychain.com\/wp-content\/uploads\/gunmetal-fastest-rotating-metal-usb-type-c-flash-drive-300x300.jpg 300w, https:\/\/www.usborkeychain.com\/wp-content\/uploads\/gunmetal-fastest-rotating-metal-usb-type-c-flash-drive-150x150.jpg 150w, https:\/\/www.usborkeychain.com\/wp-content\/uploads\/gunmetal-fastest-rotating-metal-usb-type-c-flash-drive-768x768.jpg 768w, https:\/\/www.usborkeychain.com\/wp-content\/uploads\/gunmetal-fastest-rotating-metal-usb-type-c-flash-drive-12x12.jpg 12w, https:\/\/www.usborkeychain.com\/wp-content\/uploads\/gunmetal-fastest-rotating-metal-usb-type-c-flash-drive-600x600.jpg 600w, https:\/\/www.usborkeychain.com\/wp-content\/uploads\/gunmetal-fastest-rotating-metal-usb-type-c-flash-drive-100x100.jpg 100w\" sizes=\"(max-width: 800px) 100vw, 800px\" \/><\/figure>\n<\/div>\n\n\n\n<div class=\"wp-block-column is-layout-flow wp-block-column-is-layout-flow\">\n<figure class=\"wp-block-image alignwide size-full\"><img loading=\"lazy\" decoding=\"async\" width=\"800\" height=\"800\" src=\"https:\/\/www.usborkeychain.com\/wp-content\/uploads\/rotating-metal-usb-type-c-flash-drive2.jpg\" alt=\"rotating metal usb type c flash drive2\" class=\"wp-image-3577\" srcset=\"https:\/\/www.usborkeychain.com\/wp-content\/uploads\/rotating-metal-usb-type-c-flash-drive2.jpg 800w, https:\/\/www.usborkeychain.com\/wp-content\/uploads\/rotating-metal-usb-type-c-flash-drive2-300x300.jpg 300w, https:\/\/www.usborkeychain.com\/wp-content\/uploads\/rotating-metal-usb-type-c-flash-drive2-150x150.jpg 150w, https:\/\/www.usborkeychain.com\/wp-content\/uploads\/rotating-metal-usb-type-c-flash-drive2-768x768.jpg 768w, https:\/\/www.usborkeychain.com\/wp-content\/uploads\/rotating-metal-usb-type-c-flash-drive2-12x12.jpg 12w, https:\/\/www.usborkeychain.com\/wp-content\/uploads\/rotating-metal-usb-type-c-flash-drive2-600x600.jpg 600w, https:\/\/www.usborkeychain.com\/wp-content\/uploads\/rotating-metal-usb-type-c-flash-drive2-100x100.jpg 100w\" sizes=\"(max-width: 800px) 100vw, 800px\" \/><\/figure>\n<\/div>\n<\/div>\n\n\n\n<figure class=\"wp-block-table\"><table class=\"has-fixed-layout\"><thead><tr><th>Proyecto<\/th><th>Par\u00e1metros<\/th><\/tr><\/thead><tbody><tr><td>Talla<\/td><td>62mm\u00d715mm\u00d78mm<\/td><\/tr><tr><td>Material<\/td><td>Metal<\/td><\/tr><tr><td>Peso<\/td><td>20g<\/td><\/tr><tr><td>Capacidad<\/td><td>8 GB - 256 GB (personalizable)<\/td><\/tr><tr><td>Interfaces<\/td><td>USB 2.0, OTG, USB 3.0, TIPO-C<\/td><\/tr><\/tbody><\/table><\/figure>\n\n\n\n<div style=\"height:50px\" aria-hidden=\"true\" class=\"wp-block-spacer\"><\/div>\n\n\n\n<h2 class=\"wp-block-heading\">Opciones coloridas: Almacenamiento masivo<\/h2>\n\n\n\n<div class=\"wp-block-columns is-layout-flex wp-container-core-columns-is-layout-28f84493 wp-block-columns-is-layout-flex\">\n<div class=\"wp-block-column is-layout-flow wp-block-column-is-layout-flow\">\n<figure class=\"wp-block-image aligncenter size-full is-resized\"><img loading=\"lazy\" decoding=\"async\" width=\"800\" height=\"800\" src=\"https:\/\/www.usborkeychain.com\/wp-content\/uploads\/fastest-rotating-metal-usb-type-c-flash-drive.jpg\" alt=\"fastest rotating metal usb type c flash drive\" class=\"wp-image-3573\" style=\"object-fit:cover;width:600px;height:600px\" srcset=\"https:\/\/www.usborkeychain.com\/wp-content\/uploads\/fastest-rotating-metal-usb-type-c-flash-drive.jpg 800w, https:\/\/www.usborkeychain.com\/wp-content\/uploads\/fastest-rotating-metal-usb-type-c-flash-drive-300x300.jpg 300w, https:\/\/www.usborkeychain.com\/wp-content\/uploads\/fastest-rotating-metal-usb-type-c-flash-drive-150x150.jpg 150w, https:\/\/www.usborkeychain.com\/wp-content\/uploads\/fastest-rotating-metal-usb-type-c-flash-drive-768x768.jpg 768w, https:\/\/www.usborkeychain.com\/wp-content\/uploads\/fastest-rotating-metal-usb-type-c-flash-drive-12x12.jpg 12w, https:\/\/www.usborkeychain.com\/wp-content\/uploads\/fastest-rotating-metal-usb-type-c-flash-drive-600x600.jpg 600w, https:\/\/www.usborkeychain.com\/wp-content\/uploads\/fastest-rotating-metal-usb-type-c-flash-drive-100x100.jpg 100w\" sizes=\"(max-width: 800px) 100vw, 800px\" \/><\/figure>\n<\/div>\n\n\n\n<div class=\"wp-block-column is-vertically-aligned-center is-layout-flow wp-block-column-is-layout-flow\">\n<p>La memoria USB m\u00f3vil giratoria de metal con doble interfaz Type-c est\u00e1 disponible en tres colores cl\u00e1sicos: dorado, plateado y oro rosa.<\/p>\n\n\n\n<p>Entre ellos, el plateado, con sus caracter\u00edsticas discretas, tranquilas pero a la moda, se ha convertido en la primera opci\u00f3n para el 80% de los usuarios. <\/p>\n\n\n\n<p>El aspecto plateado es sencillo y elegante, vers\u00e1til y adecuado para cualquier ocasi\u00f3n, ya sea una reuni\u00f3n de negocios seria o un relajado viaje de ocio. <\/p>\n\n\n\n<p>El proceso especial de tratamiento de la superficie no s\u00f3lo hace que el color dure brillante, sino que tambi\u00e9n mejora la resistencia a la suciedad, manteni\u00e9ndola limpia y nueva tras un uso prolongado. <\/p>\n\n\n\n<p>En t\u00e9rminos de capacidad, ofrece una variedad de opciones como 8 GB, 16 GB, 32 GB, 64 GB y 128 GB, que pueden manejar f\u00e1cilmente el almacenamiento de archivos de trabajo, fotos preciosas o pel\u00edculas de alta definici\u00f3n.<\/p>\n<\/div>\n<\/div>\n\n\n\n<div style=\"height:40px\" aria-hidden=\"true\" class=\"wp-block-spacer\"><\/div>\n\n\n\n<h2 class=\"wp-block-heading\">Personalizaci\u00f3n a medida: Estilo exclusivo<\/h2>\n\n\n\n<div class=\"wp-block-columns is-layout-flex wp-container-core-columns-is-layout-28f84493 wp-block-columns-is-layout-flex\">\n<div class=\"wp-block-column is-vertically-aligned-center is-layout-flow wp-block-column-is-layout-flow\">\n<p>\u00bfQuiere que la unidad flash USB sea \u00fanica? La unidad flash USB m\u00f3vil giratoria met\u00e1lica con doble interfaz Type-c admite servicios de personalizaci\u00f3n en profundidad.<\/p>\n\n\n\n<p>Tanto el anverso como el reverso de la memoria USB pueden personalizarse con logotipos. El proceso de grabado por l\u00e1ser presenta un delicado y exquisito efecto hueco, y el logotipo es claro y duradero; el proceso de serigraf\u00eda es vistoso con una gran variedad de patrones.<\/p>\n\n\n\n<p> Adem\u00e1s, el embalaje tambi\u00e9n admite la personalizaci\u00f3n del logotipo, con bolsa de PP est\u00e1ndar o embalaje en caja de hierro. Puede elegir seg\u00fan sus necesidades para crear un logotipo exclusivo, haciendo que cada transmisi\u00f3n de datos est\u00e9 llena de encanto \u00fanico.<\/p>\n<\/div>\n\n\n\n<div class=\"wp-block-column is-layout-flow wp-block-column-is-layout-flow\">\n<figure class=\"wp-block-image aligncenter size-full is-resized\"><img loading=\"lazy\" decoding=\"async\" width=\"1000\" height=\"1000\" src=\"https:\/\/www.usborkeychain.com\/wp-content\/uploads\/O1CN018KiiH11QuXRGLR8i6_2211016602036-0-cib.jpg_.webp.jpg\" alt=\"Rotating Metal USB Type C 2.0\" class=\"wp-image-3584\" style=\"object-fit:cover;width:600px;height:600px\" srcset=\"https:\/\/www.usborkeychain.com\/wp-content\/uploads\/O1CN018KiiH11QuXRGLR8i6_2211016602036-0-cib.jpg_.webp.jpg 1000w, https:\/\/www.usborkeychain.com\/wp-content\/uploads\/O1CN018KiiH11QuXRGLR8i6_2211016602036-0-cib.jpg_.webp-300x300.jpg 300w, https:\/\/www.usborkeychain.com\/wp-content\/uploads\/O1CN018KiiH11QuXRGLR8i6_2211016602036-0-cib.jpg_.webp-150x150.jpg 150w, https:\/\/www.usborkeychain.com\/wp-content\/uploads\/O1CN018KiiH11QuXRGLR8i6_2211016602036-0-cib.jpg_.webp-768x768.jpg 768w, https:\/\/www.usborkeychain.com\/wp-content\/uploads\/O1CN018KiiH11QuXRGLR8i6_2211016602036-0-cib.jpg_.webp-12x12.jpg 12w, https:\/\/www.usborkeychain.com\/wp-content\/uploads\/O1CN018KiiH11QuXRGLR8i6_2211016602036-0-cib.jpg_.webp-600x600.jpg 600w, https:\/\/www.usborkeychain.com\/wp-content\/uploads\/O1CN018KiiH11QuXRGLR8i6_2211016602036-0-cib.jpg_.webp-100x100.jpg 100w\" sizes=\"(max-width: 1000px) 100vw, 1000px\" \/><\/figure>\n<\/div>\n<\/div>\n\n\n\n<div style=\"height:100px\" aria-hidden=\"true\" class=\"wp-block-spacer\"><\/div>\n\n\n\n<p>La unidad flash USB m\u00f3vil giratoria met\u00e1lica con doble interfaz Type-c rompe la barrera de transmisi\u00f3n entre dispositivos gracias a su innovador dise\u00f1o de doble interfaz, combinado con diversas interfaces, gran capacidad y servicios de personalizaci\u00f3n personalizados, lo que la convierte en la mejor opci\u00f3n para almacenar datos y hacer regalos. <\/p>\n\n\n\n<p>Tanto si se trata de un profesional que persigue una transmisi\u00f3n eficiente como de un usuario que presta atenci\u00f3n a la calidad y la personalidad, puede satisfacer con precisi\u00f3n las necesidades y aportar una experiencia de uso c\u00f3moda, eficiente y exclusiva.<\/p>","protected":false},"excerpt":{"rendered":"<ul>\n<li>Material met\u00e1lico<\/li>\n<li>Estilo giratorio<\/li>\n<li>USB2.0 USB3.0 USB3.1<\/li>\n<li>Logotipo personalizado<\/li>\n<li>Cantidad m\u00ednima: 100 unidades<\/li>\n<li>Rango de capacidad: 1 GB - 1 TB<\/li>\n<\/ul>","protected":false},"featured_media":3574,"comment_status":"open","ping_status":"closed","template":"","meta":{"_seopress_robots_primary_cat":"none","_seopress_titles_title":"","_seopress_titles_desc":"","_seopress_robots_index":"","site-sidebar-layout":"default","site-content-layout":"","ast-site-content-layout":"","site-content-style":"default","site-sidebar-style":"default","ast-global-header-display":"","ast-banner-title-visibility":"","ast-main-header-display":"","ast-hfb-above-header-display":"","ast-hfb-below-header-display":"","ast-hfb-mobile-header-display":"","site-post-title":"","ast-breadcrumbs-content":"","ast-featured-img":"","footer-sml-layout":"","theme-transparent-header-meta":"","adv-header-id-meta":"","stick-header-meta":"","header-above-stick-meta":"","header-main-stick-meta":"","header-below-stick-meta":"","astra-migrate-meta-layouts":"default","ast-page-background-enabled":"default","ast-page-background-meta":{"desktop":{"background-color":"var(--ast-global-color-5)","background-image":"","background-repeat":"repeat","background-position":"center center","background-size":"auto","background-attachment":"scroll","background-type":"","background-media":"","overlay-type":"","overlay-color":"","overlay-opacity":"","overlay-gradient":""},"tablet":{"background-color":"","background-image":"","background-repeat":"repeat","background-position":"center center","background-size":"auto","background-attachment":"scroll","background-type":"","background-media":"","overlay-type":"","overlay-color":"","overlay-opacity":"","overlay-gradient":""},"mobile":{"background-color":"","background-image":"","background-repeat":"repeat","background-position":"center center","background-size":"auto","background-attachment":"scroll","background-type":"","background-media":"","overlay-type":"","overlay-color":"","overlay-opacity":"","overlay-gradient":""}},"ast-content-background-meta":{"desktop":{"background-color":"var(--ast-global-color-4)","background-image":"","background-repeat":"repeat","background-position":"center center","background-size":"auto","background-attachment":"scroll","background-type":"","background-media":"","overlay-type":"","overlay-color":"","overlay-opacity":"","overlay-gradient":""},"tablet":{"background-color":"var(--ast-global-color-4)","background-image":"","background-repeat":"repeat","background-position":"center center","background-size":"auto","background-attachment":"scroll","background-type":"","background-media":"","overlay-type":"","overlay-color":"","overlay-opacity":"","overlay-gradient":""},"mobile":{"background-color":"var(--ast-global-color-4)","background-image":"","background-repeat":"repeat","background-position":"center center","background-size":"auto","background-attachment":"scroll","background-type":"","background-media":"","overlay-type":"","overlay-color":"","overlay-opacity":"","overlay-gradient":""}}},"product_brand":[],"product_cat":[89,105,104],"product_tag":[187,194,396],"class_list":{"0":"post-3570","1":"product","2":"type-product","3":"status-publish","4":"has-post-thumbnail","6":"product_cat-metal-usb-pendrive","7":"product_cat-usb-c-pendrive","8":"product_cat-usb3-0-usb-pendrive","9":"product_tag-metal-usb-c-flash-drive","10":"product_tag-rotating-otg-usb-flash-drive","11":"product_tag-stainless-steel-usb-flash-drive","12":"desktop-align-left","13":"tablet-align-left","14":"mobile-align-left","16":"first","17":"instock","18":"shipping-taxable","19":"product-type-simple"},"_links":{"self":[{"href":"https:\/\/www.usborkeychain.com\/es\/wp-json\/wp\/v2\/product\/3570","targetHints":{"allow":["GET"]}}],"collection":[{"href":"https:\/\/www.usborkeychain.com\/es\/wp-json\/wp\/v2\/product"}],"about":[{"href":"https:\/\/www.usborkeychain.com\/es\/wp-json\/wp\/v2\/types\/product"}],"replies":[{"embeddable":true,"href":"https:\/\/www.usborkeychain.com\/es\/wp-json\/wp\/v2\/comments?post=3570"}],"wp:featuredmedia":[{"embeddable":true,"href":"https:\/\/www.usborkeychain.com\/es\/wp-json\/wp\/v2\/media\/3574"}],"wp:attachment":[{"href":"https:\/\/www.usborkeychain.com\/es\/wp-json\/wp\/v2\/media?parent=3570"}],"wp:term":[{"taxonomy":"product_brand","embeddable":true,"href":"https:\/\/www.usborkeychain.com\/es\/wp-json\/wp\/v2\/product_brand?post=3570"},{"taxonomy":"product_cat","embeddable":true,"href":"https:\/\/www.usborkeychain.com\/es\/wp-json\/wp\/v2\/product_cat?post=3570"},{"taxonomy":"product_tag","embeddable":true,"href":"https:\/\/www.usborkeychain.com\/es\/wp-json\/wp\/v2\/product_tag?post=3570"}],"curies":[{"name":"wp","href":"https:\/\/api.w.org\/{rel}","templated":true}]}}