{"id":3599,"date":"2025-06-28T01:52:43","date_gmt":"2025-06-28T01:52:43","guid":{"rendered":"https:\/\/www.usborkeychain.com\/?post_type=product&#038;p=3599"},"modified":"2025-08-17T13:17:41","modified_gmt":"2025-08-17T13:17:41","slug":"ultra-thin-mini-swivel-usb-flash-drive","status":"publish","type":"product","link":"https:\/\/www.usborkeychain.com\/es\/producto\/ultra-thin-mini-swivel-usb-flash-drive\/","title":{"rendered":"Mini memoria USB giratoria ultrafina"},"content":{"rendered":"<p>La memoria USB giratoria mini met\u00e1lica ultrafina es un dise\u00f1o popular desde hace 20 a\u00f1os. Como modelo giratorio de la serie mini, no s\u00f3lo representa un almacenamiento c\u00f3modo, sino que tambi\u00e9n equilibra est\u00e9tica y durabilidad, favorecido por consumidores y clientes corporativos, especialmente en las exportaciones de comercio exterior, donde las ventas siempre se han situado entre los primeros puestos.<\/p>\n\n\n\n<div class=\"wp-block-columns is-layout-flex wp-container-core-columns-is-layout-28f84493 wp-block-columns-is-layout-flex\">\n<div class=\"wp-block-column is-layout-flow wp-block-column-is-layout-flow\">\n<figure class=\"wp-block-image size-full\"><img alt=\"sliver-mini swivel usb flash drive\" fetchpriority=\"high\" decoding=\"async\" width=\"800\" height=\"800\" src=\"https:\/\/www.usborkeychain.com\/wp-content\/uploads\/sliver-mini-swivel-usb-flash-drive.jpg\" class=\"wp-image-3606\" srcset=\"https:\/\/www.usborkeychain.com\/wp-content\/uploads\/sliver-mini-swivel-usb-flash-drive.jpg 800w, https:\/\/www.usborkeychain.com\/wp-content\/uploads\/sliver-mini-swivel-usb-flash-drive-300x300.jpg 300w, https:\/\/www.usborkeychain.com\/wp-content\/uploads\/sliver-mini-swivel-usb-flash-drive-150x150.jpg 150w, https:\/\/www.usborkeychain.com\/wp-content\/uploads\/sliver-mini-swivel-usb-flash-drive-768x768.jpg 768w, https:\/\/www.usborkeychain.com\/wp-content\/uploads\/sliver-mini-swivel-usb-flash-drive-12x12.jpg 12w, https:\/\/www.usborkeychain.com\/wp-content\/uploads\/sliver-mini-swivel-usb-flash-drive-600x600.jpg 600w, https:\/\/www.usborkeychain.com\/wp-content\/uploads\/sliver-mini-swivel-usb-flash-drive-100x100.jpg 100w\" sizes=\"(max-width: 800px) 100vw, 800px\" \/><\/figure>\n<\/div>\n\n\n\n<div class=\"wp-block-column is-layout-flow wp-block-column-is-layout-flow\">\n<figure class=\"wp-block-image size-full\"><img alt=\"mini thin swivel usb flash drive\" decoding=\"async\" width=\"800\" height=\"800\" src=\"https:\/\/www.usborkeychain.com\/wp-content\/uploads\/mini-thin-swivel-usb-flash-drive.jpg\" class=\"wp-image-3605\" srcset=\"https:\/\/www.usborkeychain.com\/wp-content\/uploads\/mini-thin-swivel-usb-flash-drive.jpg 800w, https:\/\/www.usborkeychain.com\/wp-content\/uploads\/mini-thin-swivel-usb-flash-drive-300x300.jpg 300w, https:\/\/www.usborkeychain.com\/wp-content\/uploads\/mini-thin-swivel-usb-flash-drive-150x150.jpg 150w, https:\/\/www.usborkeychain.com\/wp-content\/uploads\/mini-thin-swivel-usb-flash-drive-768x768.jpg 768w, https:\/\/www.usborkeychain.com\/wp-content\/uploads\/mini-thin-swivel-usb-flash-drive-12x12.jpg 12w, https:\/\/www.usborkeychain.com\/wp-content\/uploads\/mini-thin-swivel-usb-flash-drive-600x600.jpg 600w, https:\/\/www.usborkeychain.com\/wp-content\/uploads\/mini-thin-swivel-usb-flash-drive-100x100.jpg 100w\" sizes=\"(max-width: 800px) 100vw, 800px\" \/><\/figure>\n<\/div>\n\n\n\n<div class=\"wp-block-column is-layout-flow wp-block-column-is-layout-flow\">\n<figure class=\"wp-block-image size-full\"><img alt=\"mini swivel usb flash drive with keychain\" decoding=\"async\" width=\"800\" height=\"800\" src=\"https:\/\/www.usborkeychain.com\/wp-content\/uploads\/mini-swivel-usb-flash-drive-with-keychain.jpg\" class=\"wp-image-3603\" srcset=\"https:\/\/www.usborkeychain.com\/wp-content\/uploads\/mini-swivel-usb-flash-drive-with-keychain.jpg 800w, https:\/\/www.usborkeychain.com\/wp-content\/uploads\/mini-swivel-usb-flash-drive-with-keychain-300x300.jpg 300w, https:\/\/www.usborkeychain.com\/wp-content\/uploads\/mini-swivel-usb-flash-drive-with-keychain-150x150.jpg 150w, https:\/\/www.usborkeychain.com\/wp-content\/uploads\/mini-swivel-usb-flash-drive-with-keychain-768x768.jpg 768w, https:\/\/www.usborkeychain.com\/wp-content\/uploads\/mini-swivel-usb-flash-drive-with-keychain-12x12.jpg 12w, https:\/\/www.usborkeychain.com\/wp-content\/uploads\/mini-swivel-usb-flash-drive-with-keychain-600x600.jpg 600w, https:\/\/www.usborkeychain.com\/wp-content\/uploads\/mini-swivel-usb-flash-drive-with-keychain-100x100.jpg 100w\" sizes=\"(max-width: 800px) 100vw, 800px\" \/><\/figure>\n<\/div>\n<\/div>\n\n\n\n<h2 class=\"wp-block-heading\">Mini dise\u00f1o ultrafino con material de aleaci\u00f3n de aluminio<\/h2>\n\n\n\n<p>La minidrive USB giratoria met\u00e1lica ultrafina adopta un dise\u00f1o combinado de material de aleaci\u00f3n de aluminio y marco de pl\u00e1stico ABS. La carcasa de aleaci\u00f3n de aluminio ofrece una excelente durabilidad y textura y, mediante procesos de anodizado, puede presentar varios colores de moda, como gris espacial, oro rosa y oro champ\u00e1n. El marco de pl\u00e1stico ABS permite una personalizaci\u00f3n flexible para satisfacer las diversas necesidades de color de los clientes. Su mayor atractivo radica en el cuerpo ultrafino, de s\u00f3lo 2-3 mm de grosor, ligero y port\u00e1til, f\u00e1cil de guardar en carteras o bolsillos. El cl\u00e1sico dise\u00f1o giratorio con cabeza redonda no s\u00f3lo protege la interfaz USB, sino que tambi\u00e9n dota al producto de una est\u00e9tica mec\u00e1nica \u00fanica, combinando practicidad y valor ornamental como producto de ingenio desarrollado y fabricado por la f\u00e1brica.<\/p>\n\n\n\n<div class=\"wp-block-columns is-layout-flex wp-container-core-columns-is-layout-28f84493 wp-block-columns-is-layout-flex\">\n<div class=\"wp-block-column is-layout-flow wp-block-column-is-layout-flow\">\n<figure class=\"wp-block-image size-full\"><img alt=\"mini swivel usb flash drive\" loading=\"lazy\" decoding=\"async\" width=\"800\" height=\"800\" src=\"https:\/\/www.usborkeychain.com\/wp-content\/uploads\/mini-swivel-usb-flash-drive.jpg\" class=\"wp-image-3604\" srcset=\"https:\/\/www.usborkeychain.com\/wp-content\/uploads\/mini-swivel-usb-flash-drive.jpg 800w, https:\/\/www.usborkeychain.com\/wp-content\/uploads\/mini-swivel-usb-flash-drive-300x300.jpg 300w, https:\/\/www.usborkeychain.com\/wp-content\/uploads\/mini-swivel-usb-flash-drive-150x150.jpg 150w, https:\/\/www.usborkeychain.com\/wp-content\/uploads\/mini-swivel-usb-flash-drive-768x768.jpg 768w, https:\/\/www.usborkeychain.com\/wp-content\/uploads\/mini-swivel-usb-flash-drive-12x12.jpg 12w, https:\/\/www.usborkeychain.com\/wp-content\/uploads\/mini-swivel-usb-flash-drive-600x600.jpg 600w, https:\/\/www.usborkeychain.com\/wp-content\/uploads\/mini-swivel-usb-flash-drive-100x100.jpg 100w\" sizes=\"(max-width: 800px) 100vw, 800px\" \/><\/figure>\n<\/div>\n\n\n\n<div class=\"wp-block-column is-layout-flow wp-block-column-is-layout-flow\">\n<figure class=\"wp-block-image size-full\"><img alt=\"colorful mini swivel usb flash drive\" loading=\"lazy\" decoding=\"async\" width=\"800\" height=\"800\" src=\"https:\/\/www.usborkeychain.com\/wp-content\/uploads\/colorful-mini-swivel-usb-flash-drive.jpg\" class=\"wp-image-3602\" srcset=\"https:\/\/www.usborkeychain.com\/wp-content\/uploads\/colorful-mini-swivel-usb-flash-drive.jpg 800w, https:\/\/www.usborkeychain.com\/wp-content\/uploads\/colorful-mini-swivel-usb-flash-drive-300x300.jpg 300w, https:\/\/www.usborkeychain.com\/wp-content\/uploads\/colorful-mini-swivel-usb-flash-drive-150x150.jpg 150w, https:\/\/www.usborkeychain.com\/wp-content\/uploads\/colorful-mini-swivel-usb-flash-drive-768x768.jpg 768w, https:\/\/www.usborkeychain.com\/wp-content\/uploads\/colorful-mini-swivel-usb-flash-drive-12x12.jpg 12w, https:\/\/www.usborkeychain.com\/wp-content\/uploads\/colorful-mini-swivel-usb-flash-drive-600x600.jpg 600w, https:\/\/www.usborkeychain.com\/wp-content\/uploads\/colorful-mini-swivel-usb-flash-drive-100x100.jpg 100w\" sizes=\"(max-width: 800px) 100vw, 800px\" \/><\/figure>\n<\/div>\n<\/div>\n\n\n\n<p>Esta unidad flash USB ofrece dos opciones de interfaz: USB2.0 y USB3.0, que utilizan UDP impermeable ultrafino para satisfacer las necesidades de distintos dispositivos y velocidades de transmisi\u00f3n. La capacidad oscila entre 1GB y 1TB, manejando f\u00e1cilmente el almacenamiento diario de archivos de oficina, v\u00eddeos de alta definici\u00f3n y grandes copias de seguridad de datos. Los par\u00e1metros detallados son los siguientes:<\/p>\n\n\n\n<figure class=\"wp-block-table\"><table class=\"has-fixed-layout\"><thead><tr><th>Tipo de par\u00e1metro<\/th><th>Especificaciones<\/th><\/tr><\/thead><tbody><tr><td>Tipo de interfaz<\/td><td>USB2.0, USB3.0<\/td><\/tr><tr><td>Capacidad de almacenamiento<\/td><td>1GB, 2GB, 4GB, 8GB, 16GB, 32GB, 64GB, 128GB, 256GB, 512GB, 1TB<\/td><\/tr><tr><td>Especificaciones de tama\u00f1o<\/td><td>Dise\u00f1o ultrafino, grosor de 2-3 mm<\/td><\/tr><tr><td>Material<\/td><td>Cuerpo principal de aleaci\u00f3n de aluminio + marco de pl\u00e1stico ABS<\/td><\/tr><tr><td>Opciones de color<\/td><td>Aleaci\u00f3n de aluminio anodizado en varios colores, marco de pl\u00e1stico que permite la personalizaci\u00f3n<\/td><\/tr><tr><td>Velocidad de transmisi\u00f3n de datos<\/td><td>USB2.0: Velocidad de escritura aprox. 6 MB\/s, velocidad de lectura aprox. 15 MB\/s; USB3.0: Velocidad de escritura aprox. 20 MB\/s, velocidad de lectura aprox. 100 MB\/s<\/td><\/tr><\/tbody><\/table><\/figure>\n\n\n\n<h2 class=\"wp-block-heading\">Logotipo personalizable para la promoci\u00f3n de la marca<\/h2>\n\n\n\n<p>La unidad flash USB giratoria ultrafina de metal admite la personalizaci\u00f3n completa de logotipos en ambas caras, lo que la convierte en un soporte ideal para la promoci\u00f3n corporativa y la creaci\u00f3n de marca. Para la parte met\u00e1lica, el grabado por l\u00e1ser puede presentar patrones de logotipo claros y duraderos, resaltando la textura de alta gama; tambi\u00e9n puede elegirse la tecnolog\u00eda de serigraf\u00eda para conseguir colores vivos y una visualizaci\u00f3n detallada. Por sus caracter\u00edsticas de miniatura, ligereza y practicidad, se utiliza a menudo como regalo de empresa y para eventos, y goza de gran popularidad entre los clientes internacionales en las exportaciones de comercio exterior.<\/p>\n\n\n\n<p>Esta unidad flash USB giratoria ultrafina de metal mini, con su dise\u00f1o cl\u00e1sico, materiales de alta calidad, par\u00e1metros ricos y servicios de personalizaci\u00f3n flexibles, se ha convertido en una opci\u00f3n popular para la personalizaci\u00f3n de fabricantes y la compra al por mayor, sirviendo como un producto ideal de almacenamiento de datos que combina practicidad y valor de marca.<\/p>","protected":false},"excerpt":{"rendered":"<ul>\n<li>Mini estilo ultrafino<\/li>\n<li>Material de aleaci\u00f3n de aluminio<\/li>\n<li>UDP impermeable<\/li>\n<li>MOQ:100PCS<\/li>\n<li>Muchos colores a elegir<\/li>\n<\/ul>","protected":false},"featured_media":3606,"comment_status":"open","ping_status":"closed","template":"","meta":{"_seopress_robots_primary_cat":"","_seopress_titles_title":"","_seopress_titles_desc":"","_seopress_robots_index":"","site-sidebar-layout":"default","site-content-layout":"","ast-site-content-layout":"","site-content-style":"default","site-sidebar-style":"default","ast-global-header-display":"","ast-banner-title-visibility":"","ast-main-header-display":"","ast-hfb-above-header-display":"","ast-hfb-below-header-display":"","ast-hfb-mobile-header-display":"","site-post-title":"","ast-breadcrumbs-content":"","ast-featured-img":"","footer-sml-layout":"","theme-transparent-header-meta":"","adv-header-id-meta":"","stick-header-meta":"","header-above-stick-meta":"","header-main-stick-meta":"","header-below-stick-meta":"","astra-migrate-meta-layouts":"default","ast-page-background-enabled":"default","ast-page-background-meta":{"desktop":{"background-color":"var(--ast-global-color-5)","background-image":"","background-repeat":"repeat","background-position":"center center","background-size":"auto","background-attachment":"scroll","background-type":"","background-media":"","overlay-type":"","overlay-color":"","overlay-opacity":"","overlay-gradient":""},"tablet":{"background-color":"","background-image":"","background-repeat":"repeat","background-position":"center center","background-size":"auto","background-attachment":"scroll","background-type":"","background-media":"","overlay-type":"","overlay-color":"","overlay-opacity":"","overlay-gradient":""},"mobile":{"background-color":"","background-image":"","background-repeat":"repeat","background-position":"center center","background-size":"auto","background-attachment":"scroll","background-type":"","background-media":"","overlay-type":"","overlay-color":"","overlay-opacity":"","overlay-gradient":""}},"ast-content-background-meta":{"desktop":{"background-color":"var(--ast-global-color-4)","background-image":"","background-repeat":"repeat","background-position":"center center","background-size":"auto","background-attachment":"scroll","background-type":"","background-media":"","overlay-type":"","overlay-color":"","overlay-opacity":"","overlay-gradient":""},"tablet":{"background-color":"var(--ast-global-color-4)","background-image":"","background-repeat":"repeat","background-position":"center center","background-size":"auto","background-attachment":"scroll","background-type":"","background-media":"","overlay-type":"","overlay-color":"","overlay-opacity":"","overlay-gradient":""},"mobile":{"background-color":"var(--ast-global-color-4)","background-image":"","background-repeat":"repeat","background-position":"center center","background-size":"auto","background-attachment":"scroll","background-type":"","background-media":"","overlay-type":"","overlay-color":"","overlay-opacity":"","overlay-gradient":""}}},"product_brand":[],"product_cat":[89,113,106,101],"product_tag":[398,406,198],"class_list":{"0":"post-3599","1":"product","2":"type-product","3":"status-publish","4":"has-post-thumbnail","6":"product_cat-metal-usb-pendrive","7":"product_cat-mini-usb-pendrive","8":"product_cat-rotating-usb-pendrive","9":"product_cat-usb-pendrive-with-keychain","10":"product_tag-aluminum-usb-drive","11":"product_tag-metal-swivel-usb-drive","12":"product_tag-mini-metal-usb-drive","13":"desktop-align-left","14":"tablet-align-left","15":"mobile-align-left","17":"first","18":"instock","19":"shipping-taxable","20":"product-type-simple"},"_links":{"self":[{"href":"https:\/\/www.usborkeychain.com\/es\/wp-json\/wp\/v2\/product\/3599","targetHints":{"allow":["GET"]}}],"collection":[{"href":"https:\/\/www.usborkeychain.com\/es\/wp-json\/wp\/v2\/product"}],"about":[{"href":"https:\/\/www.usborkeychain.com\/es\/wp-json\/wp\/v2\/types\/product"}],"replies":[{"embeddable":true,"href":"https:\/\/www.usborkeychain.com\/es\/wp-json\/wp\/v2\/comments?post=3599"}],"wp:featuredmedia":[{"embeddable":true,"href":"https:\/\/www.usborkeychain.com\/es\/wp-json\/wp\/v2\/media\/3606"}],"wp:attachment":[{"href":"https:\/\/www.usborkeychain.com\/es\/wp-json\/wp\/v2\/media?parent=3599"}],"wp:term":[{"taxonomy":"product_brand","embeddable":true,"href":"https:\/\/www.usborkeychain.com\/es\/wp-json\/wp\/v2\/product_brand?post=3599"},{"taxonomy":"product_cat","embeddable":true,"href":"https:\/\/www.usborkeychain.com\/es\/wp-json\/wp\/v2\/product_cat?post=3599"},{"taxonomy":"product_tag","embeddable":true,"href":"https:\/\/www.usborkeychain.com\/es\/wp-json\/wp\/v2\/product_tag?post=3599"}],"curies":[{"name":"wp","href":"https:\/\/api.w.org\/{rel}","templated":true}]}}