{"id":3607,"date":"2025-06-28T03:08:42","date_gmt":"2025-06-28T03:08:42","guid":{"rendered":"https:\/\/www.usborkeychain.com\/?post_type=product&#038;p=3607"},"modified":"2025-07-18T02:31:46","modified_gmt":"2025-07-18T02:31:46","slug":"mini-metal-car-usb-flash-drive","status":"publish","type":"product","link":"https:\/\/www.usborkeychain.com\/es\/producto\/mini-metal-car-usb-flash-drive\/","title":{"rendered":"Mini memoria USB met\u00e1lica para coche"},"content":{"rendered":"<h1 class=\"wp-block-heading\">Mini memoria USB met\u00e1lica para coche: Dise\u00f1o Plug and Play<\/h1>\n\n\n\n<p>En el campo del almacenamiento electr\u00f3nico en el autom\u00f3vil, la memoria USB mini met\u00e1lica para coche se ha convertido en el accesorio preferido de los propietarios de veh\u00edculos por su tama\u00f1o compacto y su pr\u00e1ctico dise\u00f1o. Como modelo de dise\u00f1o plug-and-play, no requiere operaciones complicadas y puede utilizarse inmediatamente, adapt\u00e1ndose perfectamente a los sistemas de audio, navegaci\u00f3n y otros dispositivos del coche. El estilo mini especialmente dise\u00f1ado para el autom\u00f3vil no s\u00f3lo puede satisfacer la necesidad de lectura de datos de alta frecuencia, sino que adem\u00e1s no ocupa espacio en el coche, lo que lo convierte en un producto popular desarrollado por los fabricantes para el mercado del autom\u00f3vil.<\/p>\n\n\n\n<div class=\"wp-block-columns is-layout-flex wp-container-core-columns-is-layout-28f84493 wp-block-columns-is-layout-flex\">\n<div class=\"wp-block-column is-layout-flow wp-block-column-is-layout-flow\">\n<figure class=\"wp-block-image size-full\"><img alt=\"\" fetchpriority=\"high\" decoding=\"async\" width=\"800\" height=\"800\" src=\"https:\/\/www.usborkeychain.com\/wp-content\/uploads\/silver-Mini-Metal-Car-USB-Flash-Drive.jpg\" class=\"wp-image-3616\" srcset=\"https:\/\/www.usborkeychain.com\/wp-content\/uploads\/silver-Mini-Metal-Car-USB-Flash-Drive.jpg 800w, https:\/\/www.usborkeychain.com\/wp-content\/uploads\/silver-Mini-Metal-Car-USB-Flash-Drive-300x300.jpg 300w, https:\/\/www.usborkeychain.com\/wp-content\/uploads\/silver-Mini-Metal-Car-USB-Flash-Drive-150x150.jpg 150w, https:\/\/www.usborkeychain.com\/wp-content\/uploads\/silver-Mini-Metal-Car-USB-Flash-Drive-768x768.jpg 768w, https:\/\/www.usborkeychain.com\/wp-content\/uploads\/silver-Mini-Metal-Car-USB-Flash-Drive-12x12.jpg 12w, https:\/\/www.usborkeychain.com\/wp-content\/uploads\/silver-Mini-Metal-Car-USB-Flash-Drive-600x600.jpg 600w, https:\/\/www.usborkeychain.com\/wp-content\/uploads\/silver-Mini-Metal-Car-USB-Flash-Drive-100x100.jpg 100w\" sizes=\"(max-width: 800px) 100vw, 800px\" \/><\/figure>\n<\/div>\n\n\n\n<div class=\"wp-block-column is-layout-flow wp-block-column-is-layout-flow\">\n<figure class=\"wp-block-image size-full\"><img alt=\"\" decoding=\"async\" width=\"800\" height=\"800\" src=\"https:\/\/www.usborkeychain.com\/wp-content\/uploads\/Mini-Metal-Car-USB-Flash-Disk.jpg\" class=\"wp-image-3612\" srcset=\"https:\/\/www.usborkeychain.com\/wp-content\/uploads\/Mini-Metal-Car-USB-Flash-Disk.jpg 800w, https:\/\/www.usborkeychain.com\/wp-content\/uploads\/Mini-Metal-Car-USB-Flash-Disk-300x300.jpg 300w, https:\/\/www.usborkeychain.com\/wp-content\/uploads\/Mini-Metal-Car-USB-Flash-Disk-150x150.jpg 150w, https:\/\/www.usborkeychain.com\/wp-content\/uploads\/Mini-Metal-Car-USB-Flash-Disk-768x768.jpg 768w, https:\/\/www.usborkeychain.com\/wp-content\/uploads\/Mini-Metal-Car-USB-Flash-Disk-12x12.jpg 12w, https:\/\/www.usborkeychain.com\/wp-content\/uploads\/Mini-Metal-Car-USB-Flash-Disk-600x600.jpg 600w, https:\/\/www.usborkeychain.com\/wp-content\/uploads\/Mini-Metal-Car-USB-Flash-Disk-100x100.jpg 100w\" sizes=\"(max-width: 800px) 100vw, 800px\" \/><\/figure>\n<\/div>\n\n\n\n<div class=\"wp-block-column is-layout-flow wp-block-column-is-layout-flow\">\n<figure class=\"wp-block-image size-full\"><img alt=\"\" decoding=\"async\" width=\"800\" height=\"800\" src=\"https:\/\/www.usborkeychain.com\/wp-content\/uploads\/Mini-Metal-Car-USB-Flash-Drive.jpg\" class=\"wp-image-3614\" srcset=\"https:\/\/www.usborkeychain.com\/wp-content\/uploads\/Mini-Metal-Car-USB-Flash-Drive.jpg 800w, https:\/\/www.usborkeychain.com\/wp-content\/uploads\/Mini-Metal-Car-USB-Flash-Drive-300x300.jpg 300w, https:\/\/www.usborkeychain.com\/wp-content\/uploads\/Mini-Metal-Car-USB-Flash-Drive-150x150.jpg 150w, https:\/\/www.usborkeychain.com\/wp-content\/uploads\/Mini-Metal-Car-USB-Flash-Drive-768x768.jpg 768w, https:\/\/www.usborkeychain.com\/wp-content\/uploads\/Mini-Metal-Car-USB-Flash-Drive-12x12.jpg 12w, https:\/\/www.usborkeychain.com\/wp-content\/uploads\/Mini-Metal-Car-USB-Flash-Drive-600x600.jpg 600w, https:\/\/www.usborkeychain.com\/wp-content\/uploads\/Mini-Metal-Car-USB-Flash-Drive-100x100.jpg 100w\" sizes=\"(max-width: 800px) 100vw, 800px\" \/><\/figure>\n<\/div>\n<\/div>\n\n\n\n<h2 class=\"wp-block-heading\">1. Material met\u00e1lico y artesan\u00eda de alta calidad<\/h2>\n\n\n\n<p>La mini memoria USB met\u00e1lica para coche est\u00e1 hecha de material met\u00e1lico de alta calidad con un fino proceso de pulverizaci\u00f3n, y la superficie presenta una textura suave y delicada, mostrando una calidad de gama alta tanto desde el punto de vista visual como t\u00e1ctil. Hay tres colores cl\u00e1sicos: dorado, plateado y negro, entre los cuales el plateado es el m\u00e1s popular en las exportaciones de comercio exterior y las compras al por mayor por su sentido de la moda y su resistencia a la suciedad. S\u00f3lo tiene el tama\u00f1o de un dedo, unos 3,5 cm de largo y 1,5 cm de ancho, haciendo realidad la definici\u00f3n de \"mini\", y resulta muy c\u00f3modo tanto si se inserta en la interfaz USB del coche como si se lleva encima. Los fabricantes apoyan el proceso de pulverizaci\u00f3n personalizada para carcasas met\u00e1licas, que pueden depurar los colores de acuerdo con las necesidades corporativas, a\u00f1adiendo puntos destacados a la promoci\u00f3n de la marca.<\/p>\n\n\n\n<h2 class=\"wp-block-heading\">2. Par\u00e1metros para satisfacer las distintas necesidades de almacenamiento en el autom\u00f3vil<\/h2>\n\n\n\n<div class=\"wp-block-columns is-layout-flex wp-container-core-columns-is-layout-28f84493 wp-block-columns-is-layout-flex\">\n<div class=\"wp-block-column is-layout-flow wp-block-column-is-layout-flow\">\n<figure class=\"wp-block-image size-full\"><img alt=\"\" loading=\"lazy\" decoding=\"async\" width=\"600\" height=\"311\" src=\"https:\/\/www.usborkeychain.com\/wp-content\/uploads\/Mini-Metal-Car-USB-Flash-Drive-custom-logo.jpg\" class=\"wp-image-3613\" srcset=\"https:\/\/www.usborkeychain.com\/wp-content\/uploads\/Mini-Metal-Car-USB-Flash-Drive-custom-logo.jpg 600w, https:\/\/www.usborkeychain.com\/wp-content\/uploads\/Mini-Metal-Car-USB-Flash-Drive-custom-logo-300x156.jpg 300w, https:\/\/www.usborkeychain.com\/wp-content\/uploads\/Mini-Metal-Car-USB-Flash-Drive-custom-logo-18x9.jpg 18w\" sizes=\"(max-width: 600px) 100vw, 600px\" \/><\/figure>\n<\/div>\n\n\n\n<div class=\"wp-block-column is-layout-flow wp-block-column-is-layout-flow\">\n<p>Esta unidad flash USB ofrece dos opciones de interfaz, USB2.0 y USB3.0, que se adaptan a las configuraciones de interfaz de los distintos modelos del a\u00f1o: la interfaz USB3.0 admite la transmisi\u00f3n a alta velocidad de archivos de audio y v\u00eddeo en el coche, con una velocidad de lectura de hasta 100 MB\/s, lo que facilita la reproducci\u00f3n instant\u00e1nea de m\u00fasica y v\u00eddeos de alta definici\u00f3n;<\/p>\n\n\n\n<p> la interfaz USB2.0 es compatible con modelos antiguos para garantizar una conexi\u00f3n estable. La capacidad oscila entre 1 GB y 1 TB, y se puede seleccionar con flexibilidad desde el almacenamiento de listas de reproducci\u00f3n de m\u00fasica en el coche hasta la copia de seguridad de datos de mapas de navegaci\u00f3n. Los par\u00e1metros espec\u00edficos son los siguientes:<\/p>\n<\/div>\n<\/div>\n\n\n\n<p><\/p>\n\n\n\n<figure class=\"wp-block-table\"><table class=\"has-fixed-layout\"><thead><tr><th>Tipo de par\u00e1metro<\/th><th>Especificaciones<\/th><\/tr><\/thead><tbody><tr><td>Tipo de interfaz<\/td><td>USB2.0, USB3.0<\/td><\/tr><tr><td>Capacidad de almacenamiento<\/td><td>1GB, 2GB, 4GB, 8GB, 16GB, 32GB, 64GB, 128GB, 256GB, 512GB, 1TB<\/td><\/tr><tr><td>Dimensiones f\u00edsicas<\/td><td>3,5 cm (largo) \u00d7 1,5 cm (ancho) \u00d7 0,8 cm (alto) (dise\u00f1o mini plug-and-play)<\/td><\/tr><tr><td>Material y proceso<\/td><td>Cuerpo de aleaci\u00f3n de aluminio + proceso de pulverizaci\u00f3n, dureza superficial \u22653H<\/td><\/tr><tr><td>Opciones de color<\/td><td>Oro, plata, negro (admite colores Pantone personalizados)<\/td><\/tr><tr><td>Velocidad de transmisi\u00f3n<\/td><td>USB2.0: Lectura 15 MB\/s, Escritura 6 MB\/s; USB3.0: Lectura 100 MB\/s, escritura 20 MB\/s<\/td><\/tr><tr><td>Temperatura de funcionamiento<\/td><td>-20\u2103~60\u2103 (adaptaci\u00f3n a los cambios de temperatura en el entorno del autom\u00f3vil)<\/td><\/tr><\/tbody><\/table><\/figure>\n\n\n\n<h2 class=\"wp-block-heading\">3. \u00bfPor qu\u00e9 elegir la memoria USB Mini Metal para coche?<\/h2>\n\n\n\n<p>\u00bfPor qu\u00e9 la minitableta USB met\u00e1lica es m\u00e1s adecuada para su uso en el coche? Sus principales ventajas residen en la optimizaci\u00f3n definitiva del volumen y el dise\u00f1o:<\/p>\n\n\n\n<p>- Estructura plug-and-play que ahorra espacio: Despu\u00e9s de insertar en la interfaz USB del coche, s\u00f3lo 5 mm del cuerpo est\u00e1 expuesto, que puede adaptarse f\u00e1cilmente a las interfaces estrechas de la caja del reposabrazos central o salpicadero, evitando el problema de colisi\u00f3n causado por la protuberancia de las unidades flash USB tradicionales;<\/p>\n\n\n\n<p>- Dise\u00f1o duradero y resistente a las vibraciones: La carcasa met\u00e1lica puede soportar ligeras vibraciones en el entorno del coche, y el proceso de pulverizaci\u00f3n mejora la resistencia al desgaste de la superficie, por lo que no es f\u00e1cil que se decolore despu\u00e9s de enchufarla y desenchufarla durante mucho tiempo;<\/p>\n\n\n\n<p>- El dise\u00f1o minimalista se adapta a la est\u00e9tica del usuario: La forma plug-and-play sin botones ni adornos adicionales, combinada con el dise\u00f1o de estilo industrial de colores primarios met\u00e1licos, es especialmente favorecida por los propietarios de coches masculinos, en l\u00ednea con la est\u00e9tica pr\u00e1ctica de los escenarios en el coche;<\/p>\n\n\n\n<div class=\"wp-block-columns is-layout-flex wp-container-core-columns-is-layout-28f84493 wp-block-columns-is-layout-flex\">\n<div class=\"wp-block-column is-layout-flow wp-block-column-is-layout-flow\">\n<figure class=\"wp-block-image size-full\"><img alt=\"\" loading=\"lazy\" decoding=\"async\" width=\"800\" height=\"800\" src=\"https:\/\/www.usborkeychain.com\/wp-content\/uploads\/Mini-Metal-Car-USB-Flash-pendrive.jpg\" class=\"wp-image-3615\" srcset=\"https:\/\/www.usborkeychain.com\/wp-content\/uploads\/Mini-Metal-Car-USB-Flash-pendrive.jpg 800w, https:\/\/www.usborkeychain.com\/wp-content\/uploads\/Mini-Metal-Car-USB-Flash-pendrive-300x300.jpg 300w, https:\/\/www.usborkeychain.com\/wp-content\/uploads\/Mini-Metal-Car-USB-Flash-pendrive-150x150.jpg 150w, https:\/\/www.usborkeychain.com\/wp-content\/uploads\/Mini-Metal-Car-USB-Flash-pendrive-768x768.jpg 768w, https:\/\/www.usborkeychain.com\/wp-content\/uploads\/Mini-Metal-Car-USB-Flash-pendrive-12x12.jpg 12w, https:\/\/www.usborkeychain.com\/wp-content\/uploads\/Mini-Metal-Car-USB-Flash-pendrive-600x600.jpg 600w, https:\/\/www.usborkeychain.com\/wp-content\/uploads\/Mini-Metal-Car-USB-Flash-pendrive-100x100.jpg 100w\" sizes=\"(max-width: 800px) 100vw, 800px\" \/><\/figure>\n<\/div>\n\n\n\n<div class=\"wp-block-column is-layout-flow wp-block-column-is-layout-flow\">\n<figure class=\"wp-block-image size-full\"><img alt=\"\" loading=\"lazy\" decoding=\"async\" width=\"800\" height=\"800\" src=\"https:\/\/www.usborkeychain.com\/wp-content\/uploads\/black-Mini-Metal-Car-USB-Flash-Drive.jpg\" class=\"wp-image-3610\" srcset=\"https:\/\/www.usborkeychain.com\/wp-content\/uploads\/black-Mini-Metal-Car-USB-Flash-Drive.jpg 800w, https:\/\/www.usborkeychain.com\/wp-content\/uploads\/black-Mini-Metal-Car-USB-Flash-Drive-300x300.jpg 300w, https:\/\/www.usborkeychain.com\/wp-content\/uploads\/black-Mini-Metal-Car-USB-Flash-Drive-150x150.jpg 150w, https:\/\/www.usborkeychain.com\/wp-content\/uploads\/black-Mini-Metal-Car-USB-Flash-Drive-768x768.jpg 768w, https:\/\/www.usborkeychain.com\/wp-content\/uploads\/black-Mini-Metal-Car-USB-Flash-Drive-12x12.jpg 12w, https:\/\/www.usborkeychain.com\/wp-content\/uploads\/black-Mini-Metal-Car-USB-Flash-Drive-600x600.jpg 600w, https:\/\/www.usborkeychain.com\/wp-content\/uploads\/black-Mini-Metal-Car-USB-Flash-Drive-100x100.jpg 100w\" sizes=\"(max-width: 800px) 100vw, 800px\" \/><\/figure>\n<\/div>\n<\/div>\n\n\n\n<p>Personalizaci\u00f3n por lotes y ventajas al por mayor: Los fabricantes apoyan la personalizaci\u00f3n de grabado l\u00e1ser en ambos lados de la unidad flash USB. Las empresas pueden directamente grabado l\u00e1ser<strong> L<\/strong>OGO, esl\u00f3ganes de marca y otros en la superficie met\u00e1lica. Cuando se compran al por mayor como regalos para el coche o regalos promocionales, no solo pueden reducir costes, sino tambi\u00e9n mejorar la exposici\u00f3n de la marca.<\/p>\n\n\n\n<p>Resumen: Esta unidad flash USB met\u00e1lica mini para coche, con su dise\u00f1o mini plug-and-play, su artesan\u00eda met\u00e1lica de alta calidad y sus par\u00e1metros de adaptaci\u00f3n a todas las escenas, se ha convertido en la opci\u00f3n preferida para la personalizaci\u00f3n de los fabricantes y la adquisici\u00f3n al por mayor de almacenamiento en el coche. Ya sea para uso personal en el coche o para regalo de empresa, puede alcanzar un gran valor con un peque\u00f1o volumen.<\/p>","protected":false},"excerpt":{"rendered":"<ul>\n<li>Mini unidad USB peque\u00f1a<\/li>\n<li>Tobog\u00e1n met\u00e1lico usb<\/li>\n<li>Color dorado, plateado, negro<\/li>\n<li>1 GB-256 GB a elegir<\/li>\n<li>Para m\u00fasica de coche usb<\/li>\n<\/ul>","protected":false},"featured_media":3614,"comment_status":"open","ping_status":"closed","template":"","meta":{"_seopress_robots_primary_cat":"","_seopress_titles_title":"","_seopress_titles_desc":"","_seopress_robots_index":"","site-sidebar-layout":"default","site-content-layout":"","ast-site-content-layout":"","site-content-style":"default","site-sidebar-style":"default","ast-global-header-display":"","ast-banner-title-visibility":"","ast-main-header-display":"","ast-hfb-above-header-display":"","ast-hfb-below-header-display":"","ast-hfb-mobile-header-display":"","site-post-title":"","ast-breadcrumbs-content":"","ast-featured-img":"","footer-sml-layout":"","theme-transparent-header-meta":"","adv-header-id-meta":"","stick-header-meta":"","header-above-stick-meta":"","header-main-stick-meta":"","header-below-stick-meta":"","astra-migrate-meta-layouts":"default","ast-page-background-enabled":"default","ast-page-background-meta":{"desktop":{"background-color":"var(--ast-global-color-5)","background-image":"","background-repeat":"repeat","background-position":"center center","background-size":"auto","background-attachment":"scroll","background-type":"","background-media":"","overlay-type":"","overlay-color":"","overlay-opacity":"","overlay-gradient":""},"tablet":{"background-color":"","background-image":"","background-repeat":"repeat","background-position":"center center","background-size":"auto","background-attachment":"scroll","background-type":"","background-media":"","overlay-type":"","overlay-color":"","overlay-opacity":"","overlay-gradient":""},"mobile":{"background-color":"","background-image":"","background-repeat":"repeat","background-position":"center center","background-size":"auto","background-attachment":"scroll","background-type":"","background-media":"","overlay-type":"","overlay-color":"","overlay-opacity":"","overlay-gradient":""}},"ast-content-background-meta":{"desktop":{"background-color":"var(--ast-global-color-4)","background-image":"","background-repeat":"repeat","background-position":"center center","background-size":"auto","background-attachment":"scroll","background-type":"","background-media":"","overlay-type":"","overlay-color":"","overlay-opacity":"","overlay-gradient":""},"tablet":{"background-color":"var(--ast-global-color-4)","background-image":"","background-repeat":"repeat","background-position":"center center","background-size":"auto","background-attachment":"scroll","background-type":"","background-media":"","overlay-type":"","overlay-color":"","overlay-opacity":"","overlay-gradient":""},"mobile":{"background-color":"var(--ast-global-color-4)","background-image":"","background-repeat":"repeat","background-position":"center center","background-size":"auto","background-attachment":"scroll","background-type":"","background-media":"","overlay-type":"","overlay-color":"","overlay-opacity":"","overlay-gradient":""}}},"product_brand":[],"product_cat":[102,113,110],"product_tag":[201,200,199],"class_list":{"0":"post-3607","1":"product","2":"type-product","3":"status-publish","4":"has-post-thumbnail","6":"product_cat-car-music-usb-pendrive","7":"product_cat-mini-usb-pendrive","8":"product_cat-sliding-usb-pendrive","9":"product_tag-golden-usb-drive","10":"product_tag-silver-usb-drive","11":"product_tag-simple-usb-flash-drive","12":"desktop-align-left","13":"tablet-align-left","14":"mobile-align-left","16":"first","17":"instock","18":"shipping-taxable","19":"product-type-simple"},"_links":{"self":[{"href":"https:\/\/www.usborkeychain.com\/es\/wp-json\/wp\/v2\/product\/3607","targetHints":{"allow":["GET"]}}],"collection":[{"href":"https:\/\/www.usborkeychain.com\/es\/wp-json\/wp\/v2\/product"}],"about":[{"href":"https:\/\/www.usborkeychain.com\/es\/wp-json\/wp\/v2\/types\/product"}],"replies":[{"embeddable":true,"href":"https:\/\/www.usborkeychain.com\/es\/wp-json\/wp\/v2\/comments?post=3607"}],"wp:featuredmedia":[{"embeddable":true,"href":"https:\/\/www.usborkeychain.com\/es\/wp-json\/wp\/v2\/media\/3614"}],"wp:attachment":[{"href":"https:\/\/www.usborkeychain.com\/es\/wp-json\/wp\/v2\/media?parent=3607"}],"wp:term":[{"taxonomy":"product_brand","embeddable":true,"href":"https:\/\/www.usborkeychain.com\/es\/wp-json\/wp\/v2\/product_brand?post=3607"},{"taxonomy":"product_cat","embeddable":true,"href":"https:\/\/www.usborkeychain.com\/es\/wp-json\/wp\/v2\/product_cat?post=3607"},{"taxonomy":"product_tag","embeddable":true,"href":"https:\/\/www.usborkeychain.com\/es\/wp-json\/wp\/v2\/product_tag?post=3607"}],"curies":[{"name":"wp","href":"https:\/\/api.w.org\/{rel}","templated":true}]}}