{"id":3617,"date":"2025-06-29T08:37:41","date_gmt":"2025-06-29T08:37:41","guid":{"rendered":"https:\/\/www.usborkeychain.com\/?post_type=product&#038;p=3617"},"modified":"2025-08-17T13:17:28","modified_gmt":"2025-08-17T13:17:28","slug":"2025-hot-selling-metal-twist-usb-type-c-flash-memory","status":"publish","type":"product","link":"https:\/\/www.usborkeychain.com\/es\/producto\/2025-hot-selling-metal-twist-usb-type-c-flash-memory\/","title":{"rendered":"2025 Memoria flash USB tipo c con giro met\u00e1lico de gran venta"},"content":{"rendered":"<p><\/p>\n\n\n\n<div class=\"wp-block-columns is-layout-flex wp-container-core-columns-is-layout-28f84493 wp-block-columns-is-layout-flex\">\n<div class=\"wp-block-column is-layout-flow wp-block-column-is-layout-flow\">\n<figure class=\"wp-block-image size-full\"><img alt=\"\" fetchpriority=\"high\" decoding=\"async\" width=\"800\" height=\"800\" src=\"https:\/\/www.usborkeychain.com\/wp-content\/uploads\/flash-memory-type-c.jpg\" class=\"wp-image-3622\" srcset=\"https:\/\/www.usborkeychain.com\/wp-content\/uploads\/flash-memory-type-c.jpg 800w, https:\/\/www.usborkeychain.com\/wp-content\/uploads\/flash-memory-type-c-300x300.jpg 300w, https:\/\/www.usborkeychain.com\/wp-content\/uploads\/flash-memory-type-c-150x150.jpg 150w, https:\/\/www.usborkeychain.com\/wp-content\/uploads\/flash-memory-type-c-768x768.jpg 768w, https:\/\/www.usborkeychain.com\/wp-content\/uploads\/flash-memory-type-c-12x12.jpg 12w, https:\/\/www.usborkeychain.com\/wp-content\/uploads\/flash-memory-type-c-600x600.jpg 600w, https:\/\/www.usborkeychain.com\/wp-content\/uploads\/flash-memory-type-c-100x100.jpg 100w\" sizes=\"(max-width: 800px) 100vw, 800px\" \/><\/figure>\n<\/div>\n\n\n\n<div class=\"wp-block-column is-vertically-aligned-center is-layout-flow wp-block-column-is-layout-flow\">\n<p>En 2025, esta unidad flash USB m\u00f3vil giratoria de metal se ha convertido en un modelo muy popular en el mercado. Como producto estrella meticulosamente elaborado por fabricantes profesionales, est\u00e1 equipado con una interfaz Type-C, hecho de material totalmente met\u00e1lico, y soporta la rotaci\u00f3n de 360 grados. <\/p>\n\n\n\n<p>Tanto para la transmisi\u00f3n diaria de datos como para el almacenamiento de archivos empresariales, proporciona a los usuarios una experiencia de uso eficiente y c\u00f3moda, por lo que es una opci\u00f3n ideal para usuarios individuales y para la personalizaci\u00f3n mayorista de empresas.<\/p>\n<\/div>\n<\/div>\n\n\n\n<h2 class=\"wp-block-heading\">\u00bfPor qu\u00e9 es popular la memoria USB c giratoria de metal?<\/h2>\n\n\n\n<p>La unidad flash USB m\u00f3vil giratoria de metal est\u00e1 fabricada cuidadosamente por potentes fabricantes, utilizando materiales met\u00e1licos de alta calidad. La superficie exterior se procesa con tecnolog\u00eda de pulverizaci\u00f3n de aceite fino, con un tacto suave y delicado que demuestra plenamente la textura de gama alta. El producto est\u00e1 disponible en tres colores cl\u00e1sicos: dorado, plateado y bronce de ca\u00f1\u00f3n, entre los cuales el plateado se ha convertido en la elecci\u00f3n popular para la venta al por mayor y la personalizaci\u00f3n en el mercado debido a su estilo sencillo y elegante. <\/p>\n\n\n\n<p>La unidad flash USB adopta de forma innovadora un dise\u00f1o sin tapa, combinado con una estructura giratoria de 360 grados, que no s\u00f3lo resuelve el problema de la f\u00e1cil p\u00e9rdida de las tapas tradicionales de las unidades flash USB, sino que tambi\u00e9n mejora la est\u00e9tica y la practicidad del producto. Ya sea para uso personal o como regalo de empresa personalizado, resulta muy atractivo.<\/p>\n\n\n\n<div class=\"wp-block-columns is-layout-flex wp-container-core-columns-is-layout-28f84493 wp-block-columns-is-layout-flex\">\n<div class=\"wp-block-column is-layout-flow wp-block-column-is-layout-flow\">\n<figure class=\"wp-block-image size-full\"><img alt=\"\" decoding=\"async\" width=\"800\" height=\"800\" src=\"https:\/\/www.usborkeychain.com\/wp-content\/uploads\/usb-c-flash-storage.jpg\" class=\"wp-image-3632\" srcset=\"https:\/\/www.usborkeychain.com\/wp-content\/uploads\/usb-c-flash-storage.jpg 800w, https:\/\/www.usborkeychain.com\/wp-content\/uploads\/usb-c-flash-storage-300x300.jpg 300w, https:\/\/www.usborkeychain.com\/wp-content\/uploads\/usb-c-flash-storage-150x150.jpg 150w, https:\/\/www.usborkeychain.com\/wp-content\/uploads\/usb-c-flash-storage-768x768.jpg 768w, https:\/\/www.usborkeychain.com\/wp-content\/uploads\/usb-c-flash-storage-12x12.jpg 12w, https:\/\/www.usborkeychain.com\/wp-content\/uploads\/usb-c-flash-storage-600x600.jpg 600w, https:\/\/www.usborkeychain.com\/wp-content\/uploads\/usb-c-flash-storage-100x100.jpg 100w\" sizes=\"(max-width: 800px) 100vw, 800px\" \/><\/figure>\n<\/div>\n\n\n\n<div class=\"wp-block-column is-layout-flow wp-block-column-is-layout-flow\">\n<figure class=\"wp-block-image size-full\"><img alt=\"\" decoding=\"async\" width=\"800\" height=\"800\" src=\"https:\/\/www.usborkeychain.com\/wp-content\/uploads\/usb-c-flash-drive-for-phone.jpg\" class=\"wp-image-3631\" srcset=\"https:\/\/www.usborkeychain.com\/wp-content\/uploads\/usb-c-flash-drive-for-phone.jpg 800w, https:\/\/www.usborkeychain.com\/wp-content\/uploads\/usb-c-flash-drive-for-phone-300x300.jpg 300w, https:\/\/www.usborkeychain.com\/wp-content\/uploads\/usb-c-flash-drive-for-phone-150x150.jpg 150w, https:\/\/www.usborkeychain.com\/wp-content\/uploads\/usb-c-flash-drive-for-phone-768x768.jpg 768w, https:\/\/www.usborkeychain.com\/wp-content\/uploads\/usb-c-flash-drive-for-phone-12x12.jpg 12w, https:\/\/www.usborkeychain.com\/wp-content\/uploads\/usb-c-flash-drive-for-phone-600x600.jpg 600w, https:\/\/www.usborkeychain.com\/wp-content\/uploads\/usb-c-flash-drive-for-phone-100x100.jpg 100w\" sizes=\"(max-width: 800px) 100vw, 800px\" \/><\/figure>\n<\/div>\n\n\n\n<div class=\"wp-block-column is-layout-flow wp-block-column-is-layout-flow\">\n<figure class=\"wp-block-image size-full\"><img alt=\"\" loading=\"lazy\" decoding=\"async\" width=\"800\" height=\"800\" src=\"https:\/\/www.usborkeychain.com\/wp-content\/uploads\/Rose-Gold-Type-C-Cell-Phone-USB-Flash-Drive-Luxury-Meets-Versatility.jpg\" class=\"wp-image-3627\" srcset=\"https:\/\/www.usborkeychain.com\/wp-content\/uploads\/Rose-Gold-Type-C-Cell-Phone-USB-Flash-Drive-Luxury-Meets-Versatility.jpg 800w, https:\/\/www.usborkeychain.com\/wp-content\/uploads\/Rose-Gold-Type-C-Cell-Phone-USB-Flash-Drive-Luxury-Meets-Versatility-300x300.jpg 300w, https:\/\/www.usborkeychain.com\/wp-content\/uploads\/Rose-Gold-Type-C-Cell-Phone-USB-Flash-Drive-Luxury-Meets-Versatility-150x150.jpg 150w, https:\/\/www.usborkeychain.com\/wp-content\/uploads\/Rose-Gold-Type-C-Cell-Phone-USB-Flash-Drive-Luxury-Meets-Versatility-768x768.jpg 768w, https:\/\/www.usborkeychain.com\/wp-content\/uploads\/Rose-Gold-Type-C-Cell-Phone-USB-Flash-Drive-Luxury-Meets-Versatility-12x12.jpg 12w, https:\/\/www.usborkeychain.com\/wp-content\/uploads\/Rose-Gold-Type-C-Cell-Phone-USB-Flash-Drive-Luxury-Meets-Versatility-600x600.jpg 600w, https:\/\/www.usborkeychain.com\/wp-content\/uploads\/Rose-Gold-Type-C-Cell-Phone-USB-Flash-Drive-Luxury-Meets-Versatility-100x100.jpg 100w\" sizes=\"(max-width: 800px) 100vw, 800px\" \/><\/figure>\n<\/div>\n<\/div>\n\n\n\n<h2 class=\"wp-block-heading\">Informaci\u00f3n sobre el producto<\/h2>\n\n\n\n<figure class=\"wp-block-table\"><table class=\"has-fixed-layout\"><thead><tr><th>Tipo de par\u00e1metro<\/th><th>Par\u00e1metros espec\u00edficos<\/th><\/tr><\/thead><tbody><tr><td>Tipo de interfaz<\/td><td>USB2.0, USB3.0 (interfaz Type-C)<\/td><\/tr><tr><td>Capacidad de almacenamiento<\/td><td>1GB, 2GB, 4GB, 8GB, 16GB, 32GB, 64GB, 128GB, 256GB, 512GB, 1TB<\/td><\/tr><tr><td>Opciones de color<\/td><td>Oro, plata, bronce<\/td><\/tr><tr><td>Material<\/td><td>Full Metal<\/td><\/tr><tr><td>Dise\u00f1o de rotaci\u00f3n<\/td><td>Rotaci\u00f3n de 360 grados<\/td><\/tr><tr><td>Caracter\u00edsticas especiales<\/td><td>Dise\u00f1o sin tapa, llavero plano superior<\/td><\/tr><tr><td>Servicios de personalizaci\u00f3n<\/td><td>Admite la personalizaci\u00f3n del logotipo y del embalaje para satisfacer las necesidades de las empresas mayoristas.<\/td><\/tr><\/tbody><\/table><\/figure>\n\n\n\n<h2 class=\"wp-block-heading\">\u00bfC\u00f3mo funciona la unidad flash giratoria de metal a USB c de transporte?<\/h2>\n\n\n\n<p>Como el modelo de unidad flash USB m\u00f3vil m\u00e1s popular en 2025, la unidad flash USB m\u00f3vil giratoria de metal tiene un ingenio \u00fanico en el dise\u00f1o de los detalles. La parte superior de la unidad flash USB est\u00e1 equipado con un llavero plano, lo que permite a los usuarios conectar f\u00e1cilmente a las llaves, mochilas y otros art\u00edculos personales, lo que reduce en gran medida el riesgo de p\u00e9rdida. Ya sea para uso personal diario o para la venta al por mayor a gran escala por parte de empresas como beneficios para empleados o regalos para eventos, este dise\u00f1o port\u00e1til aporta una gran comodidad a los usuarios, por lo que es muy popular en el mercado de la personalizaci\u00f3n.<\/p>\n\n\n\n<div class=\"wp-block-columns is-layout-flex wp-container-core-columns-is-layout-28f84493 wp-block-columns-is-layout-flex\">\n<div class=\"wp-block-column is-layout-flow wp-block-column-is-layout-flow\">\n<figure class=\"wp-block-image size-full\"><img alt=\"\" loading=\"lazy\" decoding=\"async\" width=\"1000\" height=\"1000\" src=\"https:\/\/www.usborkeychain.com\/wp-content\/uploads\/usb-type-c-flash-memory.jpg\" class=\"wp-image-3633\" srcset=\"https:\/\/www.usborkeychain.com\/wp-content\/uploads\/usb-type-c-flash-memory.jpg 1000w, https:\/\/www.usborkeychain.com\/wp-content\/uploads\/usb-type-c-flash-memory-300x300.jpg 300w, https:\/\/www.usborkeychain.com\/wp-content\/uploads\/usb-type-c-flash-memory-150x150.jpg 150w, https:\/\/www.usborkeychain.com\/wp-content\/uploads\/usb-type-c-flash-memory-768x768.jpg 768w, https:\/\/www.usborkeychain.com\/wp-content\/uploads\/usb-type-c-flash-memory-12x12.jpg 12w, https:\/\/www.usborkeychain.com\/wp-content\/uploads\/usb-type-c-flash-memory-600x600.jpg 600w, https:\/\/www.usborkeychain.com\/wp-content\/uploads\/usb-type-c-flash-memory-100x100.jpg 100w\" sizes=\"(max-width: 1000px) 100vw, 1000px\" \/><\/figure>\n<\/div>\n\n\n\n<div class=\"wp-block-column is-layout-flow wp-block-column-is-layout-flow\">\n<figure class=\"wp-block-image size-full\"><img alt=\"\" loading=\"lazy\" decoding=\"async\" width=\"1000\" height=\"1000\" src=\"https:\/\/www.usborkeychain.com\/wp-content\/uploads\/type-c-and-usb-pen-drive.jpg\" class=\"wp-image-3629\" srcset=\"https:\/\/www.usborkeychain.com\/wp-content\/uploads\/type-c-and-usb-pen-drive.jpg 1000w, https:\/\/www.usborkeychain.com\/wp-content\/uploads\/type-c-and-usb-pen-drive-300x300.jpg 300w, https:\/\/www.usborkeychain.com\/wp-content\/uploads\/type-c-and-usb-pen-drive-150x150.jpg 150w, https:\/\/www.usborkeychain.com\/wp-content\/uploads\/type-c-and-usb-pen-drive-768x768.jpg 768w, https:\/\/www.usborkeychain.com\/wp-content\/uploads\/type-c-and-usb-pen-drive-12x12.jpg 12w, https:\/\/www.usborkeychain.com\/wp-content\/uploads\/type-c-and-usb-pen-drive-600x600.jpg 600w, https:\/\/www.usborkeychain.com\/wp-content\/uploads\/type-c-and-usb-pen-drive-100x100.jpg 100w\" sizes=\"(max-width: 1000px) 100vw, 1000px\" \/><\/figure>\n<\/div>\n<\/div>\n\n\n\n<h2 class=\"wp-block-heading\">\u00bfCu\u00e1ntas interfaces tiene la unidad flash USB tipo c de metal?<\/h2>\n\n\n\n<p>La unidad flash USB m\u00f3vil giratoria met\u00e1lica utiliza actualmente una interfaz TYPE-C unificada, compatible con dos protocolos de transmisi\u00f3n: USB2.0 y USB3.0. Si se persigue una velocidad de transmisi\u00f3n de datos r\u00e1pida, el protocolo USB3.0 es sin duda la mejor opci\u00f3n, con una velocidad de transmisi\u00f3n m\u00e1xima de hasta 5Gbps, que puede mejorar significativamente la eficiencia de la transferencia de archivos. Seg\u00fan los comentarios del mercado, la versi\u00f3n USB3.0 es actualmente la especificaci\u00f3n m\u00e1s personalizada. Tanto los clientes particulares como los pedidos al por mayor de empresas tienden a elegir esta configuraci\u00f3n de alta eficiencia, lo que demuestra plenamente su fuerte competitividad en el mercado.<\/p>\n\n\n\n<div class=\"wp-block-columns is-layout-flex wp-container-core-columns-is-layout-28f84493 wp-block-columns-is-layout-flex\">\n<div class=\"wp-block-column is-layout-flow wp-block-column-is-layout-flow\">\n<figure class=\"wp-block-image size-full\"><img alt=\"\" loading=\"lazy\" decoding=\"async\" width=\"1000\" height=\"1000\" src=\"https:\/\/www.usborkeychain.com\/wp-content\/uploads\/thumb-drive-usb-c.jpg\" class=\"wp-image-3628\" srcset=\"https:\/\/www.usborkeychain.com\/wp-content\/uploads\/thumb-drive-usb-c.jpg 1000w, https:\/\/www.usborkeychain.com\/wp-content\/uploads\/thumb-drive-usb-c-300x300.jpg 300w, https:\/\/www.usborkeychain.com\/wp-content\/uploads\/thumb-drive-usb-c-150x150.jpg 150w, https:\/\/www.usborkeychain.com\/wp-content\/uploads\/thumb-drive-usb-c-768x768.jpg 768w, https:\/\/www.usborkeychain.com\/wp-content\/uploads\/thumb-drive-usb-c-12x12.jpg 12w, https:\/\/www.usborkeychain.com\/wp-content\/uploads\/thumb-drive-usb-c-600x600.jpg 600w, https:\/\/www.usborkeychain.com\/wp-content\/uploads\/thumb-drive-usb-c-100x100.jpg 100w\" sizes=\"(max-width: 1000px) 100vw, 1000px\" \/><\/figure>\n<\/div>\n\n\n\n<div class=\"wp-block-column is-layout-flow wp-block-column-is-layout-flow\">\n<figure class=\"wp-block-image size-full\"><img alt=\"\" loading=\"lazy\" decoding=\"async\" width=\"1000\" height=\"1000\" src=\"https:\/\/www.usborkeychain.com\/wp-content\/uploads\/pendrive-type-c-and-usb.jpg\" class=\"wp-image-3625\" srcset=\"https:\/\/www.usborkeychain.com\/wp-content\/uploads\/pendrive-type-c-and-usb.jpg 1000w, https:\/\/www.usborkeychain.com\/wp-content\/uploads\/pendrive-type-c-and-usb-300x300.jpg 300w, https:\/\/www.usborkeychain.com\/wp-content\/uploads\/pendrive-type-c-and-usb-150x150.jpg 150w, https:\/\/www.usborkeychain.com\/wp-content\/uploads\/pendrive-type-c-and-usb-768x768.jpg 768w, https:\/\/www.usborkeychain.com\/wp-content\/uploads\/pendrive-type-c-and-usb-12x12.jpg 12w, https:\/\/www.usborkeychain.com\/wp-content\/uploads\/pendrive-type-c-and-usb-600x600.jpg 600w, https:\/\/www.usborkeychain.com\/wp-content\/uploads\/pendrive-type-c-and-usb-100x100.jpg 100w\" sizes=\"(max-width: 1000px) 100vw, 1000px\" \/><\/figure>\n<\/div>\n<\/div>\n\n\n\n<p>La unidad flash USB m\u00f3vil giratoria de metal, meticulosamente elaborada por fabricantes profesionales, tiene como ventajas principales materiales de alta calidad, par\u00e1metros ricos, dise\u00f1o considerado y diversas interfaces, admite la personalizaci\u00f3n y la venta al por mayor a gran escala, y es una opci\u00f3n de alta calidad para satisfacer las necesidades de almacenamiento m\u00f3vil de particulares y empresas.<\/p>","protected":false},"excerpt":{"rendered":"<ul>\n<li>Material met\u00e1lico<\/li>\n<li>Dise\u00f1o estilo twist<\/li>\n<li>USB2.0 y USB3.0 puede elegir<\/li>\n<li>LOGOTIPO personalizado<\/li>\n<li>MOQ:50pcs<\/li>\n<\/ul>","protected":false},"featured_media":3620,"comment_status":"open","ping_status":"closed","template":"","meta":{"_seopress_robots_primary_cat":"","_seopress_titles_title":"","_seopress_titles_desc":"","_seopress_robots_index":"","site-sidebar-layout":"default","site-content-layout":"","ast-site-content-layout":"","site-content-style":"default","site-sidebar-style":"default","ast-global-header-display":"","ast-banner-title-visibility":"","ast-main-header-display":"","ast-hfb-above-header-display":"","ast-hfb-below-header-display":"","ast-hfb-mobile-header-display":"","site-post-title":"","ast-breadcrumbs-content":"","ast-featured-img":"","footer-sml-layout":"","theme-transparent-header-meta":"","adv-header-id-meta":"","stick-header-meta":"","header-above-stick-meta":"","header-main-stick-meta":"","header-below-stick-meta":"","astra-migrate-meta-layouts":"default","ast-page-background-enabled":"default","ast-page-background-meta":{"desktop":{"background-color":"var(--ast-global-color-5)","background-image":"","background-repeat":"repeat","background-position":"center center","background-size":"auto","background-attachment":"scroll","background-type":"","background-media":"","overlay-type":"","overlay-color":"","overlay-opacity":"","overlay-gradient":""},"tablet":{"background-color":"","background-image":"","background-repeat":"repeat","background-position":"center center","background-size":"auto","background-attachment":"scroll","background-type":"","background-media":"","overlay-type":"","overlay-color":"","overlay-opacity":"","overlay-gradient":""},"mobile":{"background-color":"","background-image":"","background-repeat":"repeat","background-position":"center center","background-size":"auto","background-attachment":"scroll","background-type":"","background-media":"","overlay-type":"","overlay-color":"","overlay-opacity":"","overlay-gradient":""}},"ast-content-background-meta":{"desktop":{"background-color":"var(--ast-global-color-4)","background-image":"","background-repeat":"repeat","background-position":"center center","background-size":"auto","background-attachment":"scroll","background-type":"","background-media":"","overlay-type":"","overlay-color":"","overlay-opacity":"","overlay-gradient":""},"tablet":{"background-color":"var(--ast-global-color-4)","background-image":"","background-repeat":"repeat","background-position":"center center","background-size":"auto","background-attachment":"scroll","background-type":"","background-media":"","overlay-type":"","overlay-color":"","overlay-opacity":"","overlay-gradient":""},"mobile":{"background-color":"var(--ast-global-color-4)","background-image":"","background-repeat":"repeat","background-position":"center center","background-size":"auto","background-attachment":"scroll","background-type":"","background-media":"","overlay-type":"","overlay-color":"","overlay-opacity":"","overlay-gradient":""}}},"product_brand":[],"product_cat":[89,106,105],"product_tag":[406,396],"class_list":{"0":"post-3617","1":"product","2":"type-product","3":"status-publish","4":"has-post-thumbnail","6":"product_cat-metal-usb-pendrive","7":"product_cat-rotating-usb-pendrive","8":"product_cat-usb-c-pendrive","9":"product_tag-metal-swivel-usb-drive","10":"product_tag-stainless-steel-usb-flash-drive","11":"desktop-align-left","12":"tablet-align-left","13":"mobile-align-left","15":"first","16":"instock","17":"shipping-taxable","18":"product-type-simple"},"_links":{"self":[{"href":"https:\/\/www.usborkeychain.com\/es\/wp-json\/wp\/v2\/product\/3617","targetHints":{"allow":["GET"]}}],"collection":[{"href":"https:\/\/www.usborkeychain.com\/es\/wp-json\/wp\/v2\/product"}],"about":[{"href":"https:\/\/www.usborkeychain.com\/es\/wp-json\/wp\/v2\/types\/product"}],"replies":[{"embeddable":true,"href":"https:\/\/www.usborkeychain.com\/es\/wp-json\/wp\/v2\/comments?post=3617"}],"wp:featuredmedia":[{"embeddable":true,"href":"https:\/\/www.usborkeychain.com\/es\/wp-json\/wp\/v2\/media\/3620"}],"wp:attachment":[{"href":"https:\/\/www.usborkeychain.com\/es\/wp-json\/wp\/v2\/media?parent=3617"}],"wp:term":[{"taxonomy":"product_brand","embeddable":true,"href":"https:\/\/www.usborkeychain.com\/es\/wp-json\/wp\/v2\/product_brand?post=3617"},{"taxonomy":"product_cat","embeddable":true,"href":"https:\/\/www.usborkeychain.com\/es\/wp-json\/wp\/v2\/product_cat?post=3617"},{"taxonomy":"product_tag","embeddable":true,"href":"https:\/\/www.usborkeychain.com\/es\/wp-json\/wp\/v2\/product_tag?post=3617"}],"curies":[{"name":"wp","href":"https:\/\/api.w.org\/{rel}","templated":true}]}}