{"id":3640,"date":"2025-06-29T10:24:33","date_gmt":"2025-06-29T10:24:33","guid":{"rendered":"https:\/\/www.usborkeychain.com\/?post_type=product&#038;p=3640"},"modified":"2025-06-29T10:25:39","modified_gmt":"2025-06-29T10:25:39","slug":"adata-uv-push-pull-usb-flash-drive","status":"publish","type":"product","link":"https:\/\/www.usborkeychain.com\/es\/producto\/adata-uv-push-pull-usb-flash-drive\/","title":{"rendered":"Memoria USB ADATA UV Push-Pull"},"content":{"rendered":"<p><\/p>\n\n\n\n<div class=\"wp-block-columns is-layout-flex wp-container-core-columns-is-layout-28f84493 wp-block-columns-is-layout-flex\">\n<div class=\"wp-block-column is-layout-flow wp-block-column-is-layout-flow\">\n<figure class=\"wp-block-image size-full\"><img fetchpriority=\"high\" decoding=\"async\" width=\"1000\" height=\"1000\" src=\"https:\/\/www.usborkeychain.com\/wp-content\/uploads\/ADATA-UV-Push-Pull-USB-Flash-Drive.jpg\" alt=\"ADATA UV Push-Pull USB Flash Drive\" class=\"wp-image-3643\" srcset=\"https:\/\/www.usborkeychain.com\/wp-content\/uploads\/ADATA-UV-Push-Pull-USB-Flash-Drive.jpg 1000w, https:\/\/www.usborkeychain.com\/wp-content\/uploads\/ADATA-UV-Push-Pull-USB-Flash-Drive-300x300.jpg 300w, https:\/\/www.usborkeychain.com\/wp-content\/uploads\/ADATA-UV-Push-Pull-USB-Flash-Drive-150x150.jpg 150w, https:\/\/www.usborkeychain.com\/wp-content\/uploads\/ADATA-UV-Push-Pull-USB-Flash-Drive-768x768.jpg 768w, https:\/\/www.usborkeychain.com\/wp-content\/uploads\/ADATA-UV-Push-Pull-USB-Flash-Drive-12x12.jpg 12w, https:\/\/www.usborkeychain.com\/wp-content\/uploads\/ADATA-UV-Push-Pull-USB-Flash-Drive-600x600.jpg 600w, https:\/\/www.usborkeychain.com\/wp-content\/uploads\/ADATA-UV-Push-Pull-USB-Flash-Drive-100x100.jpg 100w\" sizes=\"(max-width: 1000px) 100vw, 1000px\" \/><\/figure>\n<\/div>\n\n\n\n<div class=\"wp-block-column is-vertically-aligned-center is-layout-flow wp-block-column-is-layout-flow\">\n<p>La unidad flash USB ADATA UV push-pull est\u00e1 fabricada por ADATA Technology, una marca l\u00edder mundial en almacenamiento. Desde su fundaci\u00f3n en 2001, ADATA siempre ha sido reconocida en todo el mundo por sus tecnolog\u00edas innovadoras y sus productos de alta calidad. <\/p>\n\n\n\n<p>Esta unidad USB contin\u00faa con el cl\u00e1sico dise\u00f1o push-pull, consiguiendo un c\u00f3modo almacenamiento de la interfaz USB a trav\u00e9s de una estructura mec\u00e1nica, a la vez que combina la durabilidad constante y el aspecto elegante de ADATA. Es una opci\u00f3n ideal para la oficina de negocios y el almacenamiento de datos, que admite la personalizaci\u00f3n del fabricante y la venta al por mayor al por mayor.<\/p>\n<\/div>\n<\/div>\n\n\n\n<h3 class=\"wp-block-heading\">1. \u00bfC\u00f3mo es el estilo de dise\u00f1o de la memoria USB ADATA UV Push-Pull?<\/h3>\n\n\n\n<p>La unidad flash USB ADATA UV push-pull adopta un dise\u00f1o estructural push-pull minimalista y pr\u00e1ctico: al pulsar suavemente el bot\u00f3n lateral, la interfaz USB se expulsa autom\u00e1ticamente, con un posicionamiento preciso que garantiza la estabilidad de la conexi\u00f3n y desconexi\u00f3n; al tirar del bot\u00f3n hacia atr\u00e1s, la interfaz se retrae completamente en la carcasa, lo que evita eficazmente la entrada de polvo y los da\u00f1os f\u00edsicos. Este dise\u00f1o resuelve completamente el problema de las unidades USB tradicionales con tapa, que son propensas a perderse. Junto con un cuerpo de pl\u00e1stico de ingenier\u00eda ABS, equilibra la ligereza y la resistencia al desgaste. <\/p>\n\n\n\n<p>La superficie del cuerpo est\u00e1 tratada con tecnolog\u00eda UV, presentando una delicada textura. Disponible en tres colores: negro azabache, blanco perla y oro rosa, admite la personalizaci\u00f3n del LOGO corporativo para satisfacer las necesidades personalizadas de los regalos de empresa y la venta al por mayor al por mayor.<\/p>\n\n\n\n<div class=\"wp-block-columns is-layout-flex wp-container-core-columns-is-layout-28f84493 wp-block-columns-is-layout-flex\">\n<div class=\"wp-block-column is-layout-flow wp-block-column-is-layout-flow\">\n<figure class=\"wp-block-image size-full\"><img alt=\"\" decoding=\"async\" width=\"750\" height=\"750\" src=\"https:\/\/www.usborkeychain.com\/wp-content\/uploads\/ADATA-UV-Push-Pull-USB-stick.jpg\" class=\"wp-image-3647\" srcset=\"https:\/\/www.usborkeychain.com\/wp-content\/uploads\/ADATA-UV-Push-Pull-USB-stick.jpg 750w, https:\/\/www.usborkeychain.com\/wp-content\/uploads\/ADATA-UV-Push-Pull-USB-stick-300x300.jpg 300w, https:\/\/www.usborkeychain.com\/wp-content\/uploads\/ADATA-UV-Push-Pull-USB-stick-150x150.jpg 150w, https:\/\/www.usborkeychain.com\/wp-content\/uploads\/ADATA-UV-Push-Pull-USB-stick-12x12.jpg 12w, https:\/\/www.usborkeychain.com\/wp-content\/uploads\/ADATA-UV-Push-Pull-USB-stick-600x600.jpg 600w, https:\/\/www.usborkeychain.com\/wp-content\/uploads\/ADATA-UV-Push-Pull-USB-stick-100x100.jpg 100w\" sizes=\"(max-width: 750px) 100vw, 750px\" \/><\/figure>\n<\/div>\n\n\n\n<div class=\"wp-block-column is-layout-flow wp-block-column-is-layout-flow\">\n<figure class=\"wp-block-image size-full\"><img alt=\"\" decoding=\"async\" width=\"750\" height=\"750\" src=\"https:\/\/www.usborkeychain.com\/wp-content\/uploads\/ADATA-UV-Push-Pull-USB-Flash-pendrive.jpg\" class=\"wp-image-3645\" srcset=\"https:\/\/www.usborkeychain.com\/wp-content\/uploads\/ADATA-UV-Push-Pull-USB-Flash-pendrive.jpg 750w, https:\/\/www.usborkeychain.com\/wp-content\/uploads\/ADATA-UV-Push-Pull-USB-Flash-pendrive-300x300.jpg 300w, https:\/\/www.usborkeychain.com\/wp-content\/uploads\/ADATA-UV-Push-Pull-USB-Flash-pendrive-150x150.jpg 150w, https:\/\/www.usborkeychain.com\/wp-content\/uploads\/ADATA-UV-Push-Pull-USB-Flash-pendrive-12x12.jpg 12w, https:\/\/www.usborkeychain.com\/wp-content\/uploads\/ADATA-UV-Push-Pull-USB-Flash-pendrive-600x600.jpg 600w, https:\/\/www.usborkeychain.com\/wp-content\/uploads\/ADATA-UV-Push-Pull-USB-Flash-pendrive-100x100.jpg 100w\" sizes=\"(max-width: 750px) 100vw, 750px\" \/><\/figure>\n<\/div>\n<\/div>\n\n\n\n<h3 class=\"wp-block-heading\">2. \u00bfCu\u00e1les son los par\u00e1metros de la memoria USB ADATA UV Push-Pull?<\/h3>\n\n\n\n<figure class=\"wp-block-table\"><table class=\"has-fixed-layout\"><thead><tr><th>Tipo de par\u00e1metro<\/th><th>Par\u00e1metros espec\u00edficos<\/th><\/tr><\/thead><tbody><tr><td>Tipo de interfaz<\/td><td>USB3.0<\/td><\/tr><tr><td>Capacidad de almacenamiento<\/td><td>32G 64G 128G 256G<\/td><\/tr><tr><td>Material de la carcasa<\/td><td>ABS <\/td><\/tr><tr><td>Caracter\u00edsticas f\u00edsicas<\/td><td>Temperatura de funcionamiento: -20\u2103~60\u2103, temperatura de almacenamiento: -40\u2103~85\u2103, superadas 100.000 pruebas de vida \u00fatil push-pull.<\/td><\/tr><tr><td>Servicios de personalizaci\u00f3n<\/td><td>Admite el grabado por l\u00e1ser de LOGOTIPO y la personalizaci\u00f3n mediante impresi\u00f3n UV; proporciona un dise\u00f1o personalizado de la caja de embalaje para pedidos de m\u00e1s de 100 unidades (suministro directo del fabricante).<\/td><\/tr><tr><td>Normas de certificaci\u00f3n<\/td><td>Cumple con las certificaciones internacionales CE\/FCC\/RoHS, proporciona informes de inspecci\u00f3n de calidad originales de ADATA<\/td><\/tr><\/tbody><\/table><\/figure>\n\n\n\n<h3 class=\"wp-block-heading\">3. \u00bfEl mecanismo Push-Pull de la memoria USB ADATA UV Push-Pull es propenso a da\u00f1arse?<\/h3>\n\n\n\n<p>La estructura push-pull de la unidad flash USB ADATA UV push-pull ha sido probada profesionalmente en el laboratorio de ADATA: utilizando una estructura compuesta de muelles met\u00e1licos y engranajes de pl\u00e1stico, puede soportar m\u00e1s de 100.000 operaciones push-pull sin fallos. El cuerpo de pl\u00e1stico de ingenier\u00eda ABS tiene resistencia a las ca\u00eddas y al desgaste, combinado con un dise\u00f1o de refuerzo interno, protegiendo eficazmente el chip incluso en caso de ca\u00eddas accidentales. <\/p>\n\n\n\n<p>Como fabricante de origen, ADATA realiza pruebas de vida de muestreo en cada lote de productos para garantizar la estabilidad del mecanismo push-pull. En la actualidad, la tasa de posventa debida a problemas estructurales en pedidos corporativos al por mayor de esta unidad USB es inferior a 0,5%, y su durabilidad ha sido reconocida por muchos clientes.<\/p>\n\n\n\n<div class=\"wp-block-columns is-layout-flex wp-container-core-columns-is-layout-28f84493 wp-block-columns-is-layout-flex\">\n<div class=\"wp-block-column is-layout-flow wp-block-column-is-layout-flow\">\n<figure class=\"wp-block-image size-full\"><img alt=\"\" loading=\"lazy\" decoding=\"async\" width=\"750\" height=\"750\" src=\"https:\/\/www.usborkeychain.com\/wp-content\/uploads\/ADATA-UV-Push-Pull-USB-memory.jpg\" class=\"wp-image-3646\" srcset=\"https:\/\/www.usborkeychain.com\/wp-content\/uploads\/ADATA-UV-Push-Pull-USB-memory.jpg 750w, https:\/\/www.usborkeychain.com\/wp-content\/uploads\/ADATA-UV-Push-Pull-USB-memory-300x300.jpg 300w, https:\/\/www.usborkeychain.com\/wp-content\/uploads\/ADATA-UV-Push-Pull-USB-memory-150x150.jpg 150w, https:\/\/www.usborkeychain.com\/wp-content\/uploads\/ADATA-UV-Push-Pull-USB-memory-12x12.jpg 12w, https:\/\/www.usborkeychain.com\/wp-content\/uploads\/ADATA-UV-Push-Pull-USB-memory-600x600.jpg 600w, https:\/\/www.usborkeychain.com\/wp-content\/uploads\/ADATA-UV-Push-Pull-USB-memory-100x100.jpg 100w\" sizes=\"(max-width: 750px) 100vw, 750px\" \/><\/figure>\n<\/div>\n\n\n\n<div class=\"wp-block-column is-layout-flow wp-block-column-is-layout-flow\">\n<figure class=\"wp-block-image size-full\"><img alt=\"\" loading=\"lazy\" decoding=\"async\" width=\"750\" height=\"750\" src=\"https:\/\/www.usborkeychain.com\/wp-content\/uploads\/ADATA-UV-Push-Pull-USB-Flash-Disk.jpg\" class=\"wp-image-3644\" srcset=\"https:\/\/www.usborkeychain.com\/wp-content\/uploads\/ADATA-UV-Push-Pull-USB-Flash-Disk.jpg 750w, https:\/\/www.usborkeychain.com\/wp-content\/uploads\/ADATA-UV-Push-Pull-USB-Flash-Disk-300x300.jpg 300w, https:\/\/www.usborkeychain.com\/wp-content\/uploads\/ADATA-UV-Push-Pull-USB-Flash-Disk-150x150.jpg 150w, https:\/\/www.usborkeychain.com\/wp-content\/uploads\/ADATA-UV-Push-Pull-USB-Flash-Disk-12x12.jpg 12w, https:\/\/www.usborkeychain.com\/wp-content\/uploads\/ADATA-UV-Push-Pull-USB-Flash-Disk-600x600.jpg 600w, https:\/\/www.usborkeychain.com\/wp-content\/uploads\/ADATA-UV-Push-Pull-USB-Flash-Disk-100x100.jpg 100w\" sizes=\"(max-width: 750px) 100vw, 750px\" \/><\/figure>\n<\/div>\n<\/div>\n\n\n\n<h3 class=\"wp-block-heading\">4. \u00bfQu\u00e9 capacidades de almacenamiento ofrece la memoria USB ADATA UV Push-Pull?<\/h3>\n\n\n\n<p>La unidad flash USB ADATA UV push-pull ofrece una amplia gama de capacidades de almacenamiento para satisfacer las necesidades de diferentes escenarios: las capacidades principales incluyen 32 GB, 64 GB, 128 GB y 256 GB, todas compatibles con el protocolo de transmisi\u00f3n de alta velocidad USB3.0, entre las cuales las capacidades de 128 GB y 256 GB se han convertido en opciones populares para la personalizaci\u00f3n corporativa debido a su alto coste-rendimiento. Para usuarios con necesidades de gran capacidad, tambi\u00e9n ofrece especificaciones de almacenamiento extragrande de 512 GB a 1 TB. Con la interfaz USB3.0, la transferencia de un archivo de 1 GB s\u00f3lo tarda unos 20 segundos, lo que mejora enormemente la eficiencia de la oficina. Todas las versiones de capacidad admiten servicios de personalizaci\u00f3n del fabricante, y el logotipo y el embalaje exclusivos pueden personalizarse a partir de 100 unidades.<\/p>\n\n\n\n<p>La unidad flash USB ADATA UV push-pull, respaldada por la tecnolog\u00eda de marca de ADATA, combina el cl\u00e1sico dise\u00f1o push-pull, amplias opciones de capacidad y transmisi\u00f3n de alta velocidad USB3.0, lo que la convierte en una excelente opci\u00f3n para la personalizaci\u00f3n de regalos corporativos y la venta al por mayor al por mayor. El fabricante de origen proporciona un servicio de proceso completo, desde la personalizaci\u00f3n del aspecto hasta la configuraci\u00f3n funcional, lo que ayuda a mejorar tanto la imagen de marca como la eficiencia del almacenamiento.<\/p>","protected":false},"excerpt":{"rendered":"<ul>\n<li>Modelo ADATA UV<\/li>\n<li>Memoria USB Push-Pull<\/li>\n<li>Marca USB<\/li>\n<li>Logotipo personalizado<\/li>\n<li>MOQ:100PCS<\/li>\n<\/ul>","protected":false},"featured_media":3643,"comment_status":"open","ping_status":"closed","template":"","meta":{"_seopress_robots_primary_cat":"","_seopress_titles_title":"","_seopress_titles_desc":"","_seopress_robots_index":"","site-sidebar-layout":"default","site-content-layout":"","ast-site-content-layout":"","site-content-style":"default","site-sidebar-style":"default","ast-global-header-display":"","ast-banner-title-visibility":"","ast-main-header-display":"","ast-hfb-above-header-display":"","ast-hfb-below-header-display":"","ast-hfb-mobile-header-display":"","site-post-title":"","ast-breadcrumbs-content":"","ast-featured-img":"","footer-sml-layout":"","theme-transparent-header-meta":"","adv-header-id-meta":"","stick-header-meta":"","header-above-stick-meta":"","header-main-stick-meta":"","header-below-stick-meta":"","astra-migrate-meta-layouts":"default","ast-page-background-enabled":"default","ast-page-background-meta":{"desktop":{"background-color":"var(--ast-global-color-5)","background-image":"","background-repeat":"repeat","background-position":"center center","background-size":"auto","background-attachment":"scroll","background-type":"","background-media":"","overlay-type":"","overlay-color":"","overlay-opacity":"","overlay-gradient":""},"tablet":{"background-color":"","background-image":"","background-repeat":"repeat","background-position":"center center","background-size":"auto","background-attachment":"scroll","background-type":"","background-media":"","overlay-type":"","overlay-color":"","overlay-opacity":"","overlay-gradient":""},"mobile":{"background-color":"","background-image":"","background-repeat":"repeat","background-position":"center center","background-size":"auto","background-attachment":"scroll","background-type":"","background-media":"","overlay-type":"","overlay-color":"","overlay-opacity":"","overlay-gradient":""}},"ast-content-background-meta":{"desktop":{"background-color":"var(--ast-global-color-4)","background-image":"","background-repeat":"repeat","background-position":"center center","background-size":"auto","background-attachment":"scroll","background-type":"","background-media":"","overlay-type":"","overlay-color":"","overlay-opacity":"","overlay-gradient":""},"tablet":{"background-color":"var(--ast-global-color-4)","background-image":"","background-repeat":"repeat","background-position":"center center","background-size":"auto","background-attachment":"scroll","background-type":"","background-media":"","overlay-type":"","overlay-color":"","overlay-opacity":"","overlay-gradient":""},"mobile":{"background-color":"var(--ast-global-color-4)","background-image":"","background-repeat":"repeat","background-position":"center center","background-size":"auto","background-attachment":"scroll","background-type":"","background-media":"","overlay-type":"","overlay-color":"","overlay-opacity":"","overlay-gradient":""}}},"product_brand":[],"product_cat":[111,109],"product_tag":[204],"class_list":{"0":"post-3640","1":"product","2":"type-product","3":"status-publish","4":"has-post-thumbnail","6":"product_cat-brand-usb-pendrive","7":"product_cat-retractable-usb-pendrive","8":"product_tag-adata-usb-drive","9":"desktop-align-left","10":"tablet-align-left","11":"mobile-align-left","13":"first","14":"instock","15":"shipping-taxable","16":"product-type-simple"},"_links":{"self":[{"href":"https:\/\/www.usborkeychain.com\/es\/wp-json\/wp\/v2\/product\/3640","targetHints":{"allow":["GET"]}}],"collection":[{"href":"https:\/\/www.usborkeychain.com\/es\/wp-json\/wp\/v2\/product"}],"about":[{"href":"https:\/\/www.usborkeychain.com\/es\/wp-json\/wp\/v2\/types\/product"}],"replies":[{"embeddable":true,"href":"https:\/\/www.usborkeychain.com\/es\/wp-json\/wp\/v2\/comments?post=3640"}],"wp:featuredmedia":[{"embeddable":true,"href":"https:\/\/www.usborkeychain.com\/es\/wp-json\/wp\/v2\/media\/3643"}],"wp:attachment":[{"href":"https:\/\/www.usborkeychain.com\/es\/wp-json\/wp\/v2\/media?parent=3640"}],"wp:term":[{"taxonomy":"product_brand","embeddable":true,"href":"https:\/\/www.usborkeychain.com\/es\/wp-json\/wp\/v2\/product_brand?post=3640"},{"taxonomy":"product_cat","embeddable":true,"href":"https:\/\/www.usborkeychain.com\/es\/wp-json\/wp\/v2\/product_cat?post=3640"},{"taxonomy":"product_tag","embeddable":true,"href":"https:\/\/www.usborkeychain.com\/es\/wp-json\/wp\/v2\/product_tag?post=3640"}],"curies":[{"name":"wp","href":"https:\/\/api.w.org\/{rel}","templated":true}]}}