{"id":3649,"date":"2025-06-29T13:08:08","date_gmt":"2025-06-29T13:08:08","guid":{"rendered":"https:\/\/www.usborkeychain.com\/?post_type=product&#038;p=3649"},"modified":"2025-07-12T10:21:58","modified_gmt":"2025-07-12T10:21:58","slug":"flower-metal-notepad-usb-flash-drive","status":"publish","type":"product","link":"https:\/\/www.usborkeychain.com\/es\/producto\/flower-metal-notepad-usb-flash-drive\/","title":{"rendered":"Bloc de notas met\u00e1lico Flor Memoria USB"},"content":{"rendered":"<p><\/p>\n\n\n\n<div class=\"wp-block-columns is-layout-flex wp-container-core-columns-is-layout-28f84493 wp-block-columns-is-layout-flex\">\n<div class=\"wp-block-column is-layout-flow wp-block-column-is-layout-flow\">\n<figure class=\"wp-block-image size-full\"><img alt=\"\" fetchpriority=\"high\" decoding=\"async\" width=\"800\" height=\"800\" src=\"https:\/\/www.usborkeychain.com\/wp-content\/uploads\/metal-flower-shaped-notebook-with-usb-flash-drive.jpg\" class=\"wp-image-3655\" srcset=\"https:\/\/www.usborkeychain.com\/wp-content\/uploads\/metal-flower-shaped-notebook-with-usb-flash-drive.jpg 800w, https:\/\/www.usborkeychain.com\/wp-content\/uploads\/metal-flower-shaped-notebook-with-usb-flash-drive-300x300.jpg 300w, https:\/\/www.usborkeychain.com\/wp-content\/uploads\/metal-flower-shaped-notebook-with-usb-flash-drive-150x150.jpg 150w, https:\/\/www.usborkeychain.com\/wp-content\/uploads\/metal-flower-shaped-notebook-with-usb-flash-drive-768x768.jpg 768w, https:\/\/www.usborkeychain.com\/wp-content\/uploads\/metal-flower-shaped-notebook-with-usb-flash-drive-12x12.jpg 12w, https:\/\/www.usborkeychain.com\/wp-content\/uploads\/metal-flower-shaped-notebook-with-usb-flash-drive-600x600.jpg 600w, https:\/\/www.usborkeychain.com\/wp-content\/uploads\/metal-flower-shaped-notebook-with-usb-flash-drive-100x100.jpg 100w\" sizes=\"(max-width: 800px) 100vw, 800px\" \/><\/figure>\n<\/div>\n\n\n\n<div class=\"wp-block-column is-vertically-aligned-center is-layout-flow wp-block-column-is-layout-flow\">\n<p>La unidad flash USB con bloc de notas met\u00e1lico en forma de flor est\u00e1 fabricada a medida por fabricantes profesionales, con una forma de flor \u00fanica como dise\u00f1o central, que integra de forma inteligente la funci\u00f3n de unidad flash USB y el escenario de uso de combinar con blocs de notas. Este producto se ha desarrollado especialmente para el mercado de los regalos de empresa.<\/p>\n\n\n\n<p> La forma de flor con textura met\u00e1lica se combina con pr\u00e1cticas funciones de almacenamiento. Se puede fijar en la tapa del port\u00e1til como decoraci\u00f3n, y tambi\u00e9n puede satisfacer las necesidades de transmisi\u00f3n de datos. Admite la personalizaci\u00f3n del logotipo corporativo y la venta al por mayor al por mayor, y es una opci\u00f3n popular para regalos de conferencias y obsequios a clientes.<\/p>\n<\/div>\n<\/div>\n\n\n\n<h3 class=\"wp-block-heading\">1. \u00bfCu\u00e1l es el material de la memoria USB con bloc de notas de metal en forma de flor?<\/h3>\n\n\n\n<p>El producto adopta un material compuesto de aleaci\u00f3n de zinc y acr\u00edlico: la parte met\u00e1lica es toda de aleaci\u00f3n de zinc por fundici\u00f3n a presi\u00f3n, y la superficie se trata con tecnolog\u00eda de galvanoplastia para presentar un delicado brillo met\u00e1lico; la parte en forma de flor es de acr\u00edlico de alta transparencia, que se forma con tecnolog\u00eda de corte por l\u00e1ser. Actualmente est\u00e1 disponible en cuatro colores est\u00e1ndar: rojo, morado, azul y blanco. El fabricante apoya el servicio de personalizaci\u00f3n de los colores de la flor, y puede personalizar el color seg\u00fan el sistema VI corporativo. Se puede disfrutar de la personalizaci\u00f3n del color con un pedido m\u00ednimo de 100 piezas para satisfacer las necesidades de personalizaci\u00f3n de los regalos de marca.<\/p>\n\n\n\n<div class=\"wp-block-columns is-layout-flex wp-container-core-columns-is-layout-28f84493 wp-block-columns-is-layout-flex\">\n<div class=\"wp-block-column is-layout-flow wp-block-column-is-layout-flow\">\n<figure class=\"wp-block-image size-full\"><img alt=\"\" decoding=\"async\" width=\"800\" height=\"800\" src=\"https:\/\/www.usborkeychain.com\/wp-content\/uploads\/purple-Flower-Metal-Notepad-USB-Flash-Drive.jpg\" class=\"wp-image-3656\" srcset=\"https:\/\/www.usborkeychain.com\/wp-content\/uploads\/purple-Flower-Metal-Notepad-USB-Flash-Drive.jpg 800w, https:\/\/www.usborkeychain.com\/wp-content\/uploads\/purple-Flower-Metal-Notepad-USB-Flash-Drive-300x300.jpg 300w, https:\/\/www.usborkeychain.com\/wp-content\/uploads\/purple-Flower-Metal-Notepad-USB-Flash-Drive-150x150.jpg 150w, https:\/\/www.usborkeychain.com\/wp-content\/uploads\/purple-Flower-Metal-Notepad-USB-Flash-Drive-768x768.jpg 768w, https:\/\/www.usborkeychain.com\/wp-content\/uploads\/purple-Flower-Metal-Notepad-USB-Flash-Drive-12x12.jpg 12w, https:\/\/www.usborkeychain.com\/wp-content\/uploads\/purple-Flower-Metal-Notepad-USB-Flash-Drive-600x600.jpg 600w, https:\/\/www.usborkeychain.com\/wp-content\/uploads\/purple-Flower-Metal-Notepad-USB-Flash-Drive-100x100.jpg 100w\" sizes=\"(max-width: 800px) 100vw, 800px\" \/><\/figure>\n<\/div>\n\n\n\n<div class=\"wp-block-column is-layout-flow wp-block-column-is-layout-flow\">\n<figure class=\"wp-block-image size-full\"><img alt=\"\" decoding=\"async\" width=\"800\" height=\"800\" src=\"https:\/\/www.usborkeychain.com\/wp-content\/uploads\/blue-Flower-Metal-Notepad-USB-Flash-Drive.jpg\" class=\"wp-image-3652\" srcset=\"https:\/\/www.usborkeychain.com\/wp-content\/uploads\/blue-Flower-Metal-Notepad-USB-Flash-Drive.jpg 800w, https:\/\/www.usborkeychain.com\/wp-content\/uploads\/blue-Flower-Metal-Notepad-USB-Flash-Drive-300x300.jpg 300w, https:\/\/www.usborkeychain.com\/wp-content\/uploads\/blue-Flower-Metal-Notepad-USB-Flash-Drive-150x150.jpg 150w, https:\/\/www.usborkeychain.com\/wp-content\/uploads\/blue-Flower-Metal-Notepad-USB-Flash-Drive-768x768.jpg 768w, https:\/\/www.usborkeychain.com\/wp-content\/uploads\/blue-Flower-Metal-Notepad-USB-Flash-Drive-12x12.jpg 12w, https:\/\/www.usborkeychain.com\/wp-content\/uploads\/blue-Flower-Metal-Notepad-USB-Flash-Drive-600x600.jpg 600w, https:\/\/www.usborkeychain.com\/wp-content\/uploads\/blue-Flower-Metal-Notepad-USB-Flash-Drive-100x100.jpg 100w\" sizes=\"(max-width: 800px) 100vw, 800px\" \/><\/figure>\n<\/div>\n<\/div>\n\n\n\n<h3 class=\"wp-block-heading\">2. \u00bfPor qu\u00e9 es popular la memoria USB con bloc de notas de metal en forma de flor?<\/h3>\n\n\n\n<p>Como unidad flash USB de soporte para port\u00e1tiles, este producto es adecuado principalmente para port\u00e1tiles A5, especialmente comunes en port\u00e1tiles de traje de negocios. Gracias al dise\u00f1o magn\u00e9tico o de hebilla de la parte posterior, puede fijarse firmemente a la tapa del port\u00e1til, lo que resulta c\u00f3modo de transportar y hace realidad el escenario de uso integrado de \"port\u00e1til + almacenamiento\". En las soluciones de trajes de negocios directamente proporcionadas por el fabricante, esta unidad flash USB se combina a menudo con un cuaderno personalizado y un bol\u00edgrafo con la firma de la marca en un traje de regalo, adecuado para reuniones corporativas, agradecimiento al cliente y otros escenarios. La venta al por mayor al por mayor puede disfrutar de embalaje personalizado y servicios de grabado de LOGO.<\/p>\n\n\n\n<h3 class=\"wp-block-heading\">3. \u00bfCu\u00e1les son los juegos de memorias USB con bloc de notas de metal en forma de flor?<\/h3>\n\n\n\n<p><\/p>\n\n\n\n<div class=\"wp-block-columns is-layout-flex wp-container-core-columns-is-layout-28f84493 wp-block-columns-is-layout-flex\">\n<div class=\"wp-block-column is-layout-flow wp-block-column-is-layout-flow\">\n<figure class=\"wp-block-image size-full\"><img alt=\"\" loading=\"lazy\" decoding=\"async\" width=\"1000\" height=\"1000\" src=\"https:\/\/www.usborkeychain.com\/wp-content\/uploads\/Flower-Metal-Notepad-USB-Flash-Drive.jpg\" class=\"wp-image-3653\" srcset=\"https:\/\/www.usborkeychain.com\/wp-content\/uploads\/Flower-Metal-Notepad-USB-Flash-Drive.jpg 1000w, https:\/\/www.usborkeychain.com\/wp-content\/uploads\/Flower-Metal-Notepad-USB-Flash-Drive-300x300.jpg 300w, https:\/\/www.usborkeychain.com\/wp-content\/uploads\/Flower-Metal-Notepad-USB-Flash-Drive-150x150.jpg 150w, https:\/\/www.usborkeychain.com\/wp-content\/uploads\/Flower-Metal-Notepad-USB-Flash-Drive-768x768.jpg 768w, https:\/\/www.usborkeychain.com\/wp-content\/uploads\/Flower-Metal-Notepad-USB-Flash-Drive-12x12.jpg 12w, https:\/\/www.usborkeychain.com\/wp-content\/uploads\/Flower-Metal-Notepad-USB-Flash-Drive-600x600.jpg 600w, https:\/\/www.usborkeychain.com\/wp-content\/uploads\/Flower-Metal-Notepad-USB-Flash-Drive-100x100.jpg 100w\" sizes=\"(max-width: 1000px) 100vw, 1000px\" \/><\/figure>\n<\/div>\n\n\n\n<div class=\"wp-block-column is-vertically-aligned-center is-layout-flow wp-block-column-is-layout-flow\">\n<p>El fabricante ofrece una gran variedad de modos de combinaci\u00f3n: el modelo b\u00e1sico es \"unidad flash USB + bloc de notas normal\", y la cubierta del bloc de notas se puede personalizar con el LOGO corporativo;<\/p>\n\n\n\n<p> el modelo mejorado es un juego de tres piezas de \"bloc de notas + unidad flash USB + bol\u00edgrafo de firma\", y el cuerpo del bol\u00edgrafo tambi\u00e9n admite el grabado por l\u00e1ser. Todos los juegos se presentan en cajas de regalo, y los pedidos al por mayor de m\u00e1s de 500 unidades pueden disfrutar de servicios exclusivos de dise\u00f1o de cajas de regalo.<\/p>\n\n\n\n<p> La f\u00e1brica admite combinaciones personalizadas flexibles, y puede a\u00f1adir o restar accesorios seg\u00fan las necesidades del cliente, como a\u00f1adir fuentes de alimentaci\u00f3n m\u00f3viles, blocs de notas adhesivas, etc., para crear lotes de regalo de empresa personalizados.<\/p>\n<\/div>\n<\/div>\n\n\n\n<h3 class=\"wp-block-heading\">4. \u00bfCu\u00e1les son las dimensiones de la memoria USB bloc de notas flor de metal?<\/h3>\n\n\n\n<p>El tama\u00f1o espec\u00edfico del producto es 43*.<em>14.5<\/em>*4,6 mm, y el peso es de unos 12 g. El peque\u00f1o tama\u00f1o es conveniente para llevar en el port\u00e1til. El grosor del cuerpo de aleaci\u00f3n de zinc es de s\u00f3lo 4,6 mm, lo que no aumenta la carga de almacenamiento del port\u00e1til. La parte en forma de flor est\u00e1 hecha de l\u00e1mina acr\u00edlica ultrafina, que tiene en cuenta tanto la belleza como la portabilidad. El fabricante puede ajustar el tama\u00f1o seg\u00fan las necesidades del cliente, como ampliar la proporci\u00f3n de la flor o ajustar las especificaciones de la hebilla fija, y admite el desarrollo de moldes personalizados para satisfacer las necesidades de adaptaci\u00f3n de los distintos modelos de port\u00e1til.<\/p>\n\n\n\n<p><\/p>","protected":false},"excerpt":{"rendered":"<ul>\n<li>Memoria USB<\/li>\n<li>Port\u00e1til con usb<\/li>\n<li>USB3.0 y USB2.0<\/li>\n<li>MOQ:100PCS<\/li>\n<li>Puede personalizar el logotipo y el envase<\/li>\n<\/ul>","protected":false},"featured_media":3653,"comment_status":"open","ping_status":"closed","template":"","meta":{"_seopress_robots_primary_cat":"","_seopress_titles_title":"","_seopress_titles_desc":"","_seopress_robots_index":"","site-sidebar-layout":"default","site-content-layout":"","ast-site-content-layout":"","site-content-style":"default","site-sidebar-style":"default","ast-global-header-display":"","ast-banner-title-visibility":"","ast-main-header-display":"","ast-hfb-above-header-display":"","ast-hfb-below-header-display":"","ast-hfb-mobile-header-display":"","site-post-title":"","ast-breadcrumbs-content":"","ast-featured-img":"","footer-sml-layout":"","theme-transparent-header-meta":"","adv-header-id-meta":"","stick-header-meta":"","header-above-stick-meta":"","header-main-stick-meta":"","header-below-stick-meta":"","astra-migrate-meta-layouts":"default","ast-page-background-enabled":"default","ast-page-background-meta":{"desktop":{"background-color":"var(--ast-global-color-5)","background-image":"","background-repeat":"repeat","background-position":"center center","background-size":"auto","background-attachment":"scroll","background-type":"","background-media":"","overlay-type":"","overlay-color":"","overlay-opacity":"","overlay-gradient":""},"tablet":{"background-color":"","background-image":"","background-repeat":"repeat","background-position":"center center","background-size":"auto","background-attachment":"scroll","background-type":"","background-media":"","overlay-type":"","overlay-color":"","overlay-opacity":"","overlay-gradient":""},"mobile":{"background-color":"","background-image":"","background-repeat":"repeat","background-position":"center center","background-size":"auto","background-attachment":"scroll","background-type":"","background-media":"","overlay-type":"","overlay-color":"","overlay-opacity":"","overlay-gradient":""}},"ast-content-background-meta":{"desktop":{"background-color":"var(--ast-global-color-4)","background-image":"","background-repeat":"repeat","background-position":"center center","background-size":"auto","background-attachment":"scroll","background-type":"","background-media":"","overlay-type":"","overlay-color":"","overlay-opacity":"","overlay-gradient":""},"tablet":{"background-color":"var(--ast-global-color-4)","background-image":"","background-repeat":"repeat","background-position":"center center","background-size":"auto","background-attachment":"scroll","background-type":"","background-media":"","overlay-type":"","overlay-color":"","overlay-opacity":"","overlay-gradient":""},"mobile":{"background-color":"var(--ast-global-color-4)","background-image":"","background-repeat":"repeat","background-position":"center center","background-size":"auto","background-attachment":"scroll","background-type":"","background-media":"","overlay-type":"","overlay-color":"","overlay-opacity":"","overlay-gradient":""}}},"product_brand":[],"product_cat":[99],"product_tag":[205],"class_list":{"0":"post-3649","1":"product","2":"type-product","3":"status-publish","4":"has-post-thumbnail","6":"product_cat-usb-pendrive-with-notebook","7":"product_tag-flower-usb-drive","8":"desktop-align-left","9":"tablet-align-left","10":"mobile-align-left","12":"first","13":"instock","14":"shipping-taxable","15":"product-type-simple"},"_links":{"self":[{"href":"https:\/\/www.usborkeychain.com\/es\/wp-json\/wp\/v2\/product\/3649","targetHints":{"allow":["GET"]}}],"collection":[{"href":"https:\/\/www.usborkeychain.com\/es\/wp-json\/wp\/v2\/product"}],"about":[{"href":"https:\/\/www.usborkeychain.com\/es\/wp-json\/wp\/v2\/types\/product"}],"replies":[{"embeddable":true,"href":"https:\/\/www.usborkeychain.com\/es\/wp-json\/wp\/v2\/comments?post=3649"}],"wp:featuredmedia":[{"embeddable":true,"href":"https:\/\/www.usborkeychain.com\/es\/wp-json\/wp\/v2\/media\/3653"}],"wp:attachment":[{"href":"https:\/\/www.usborkeychain.com\/es\/wp-json\/wp\/v2\/media?parent=3649"}],"wp:term":[{"taxonomy":"product_brand","embeddable":true,"href":"https:\/\/www.usborkeychain.com\/es\/wp-json\/wp\/v2\/product_brand?post=3649"},{"taxonomy":"product_cat","embeddable":true,"href":"https:\/\/www.usborkeychain.com\/es\/wp-json\/wp\/v2\/product_cat?post=3649"},{"taxonomy":"product_tag","embeddable":true,"href":"https:\/\/www.usborkeychain.com\/es\/wp-json\/wp\/v2\/product_tag?post=3649"}],"curies":[{"name":"wp","href":"https:\/\/api.w.org\/{rel}","templated":true}]}}