{"id":3658,"date":"2025-06-30T01:33:22","date_gmt":"2025-06-30T01:33:22","guid":{"rendered":"https:\/\/www.usborkeychain.com\/?post_type=product&#038;p=3658"},"modified":"2025-06-30T02:04:28","modified_gmt":"2025-06-30T02:04:28","slug":"bcu-2-encrypted-usb-flash-drives","status":"publish","type":"product","link":"https:\/\/www.usborkeychain.com\/es\/producto\/bcu-2-encrypted-usb-flash-drives\/","title":{"rendered":"BCU-2 Memorias USB encriptadas"},"content":{"rendered":"<h2 class=\"wp-block-heading\">\u00bfQu\u00e9 es una unidad USB cifrada mediante huella digital?<\/h2>\n\n\n\n<div class=\"wp-block-columns is-layout-flex wp-container-core-columns-is-layout-28f84493 wp-block-columns-is-layout-flex\">\n<div class=\"wp-block-column is-layout-flow wp-block-column-is-layout-flow\">\n<figure class=\"wp-block-image size-full\"><img fetchpriority=\"high\" decoding=\"async\" width=\"800\" height=\"800\" src=\"https:\/\/www.usborkeychain.com\/wp-content\/uploads\/Fingerprint-USB-Flash-Drive-for-Computer.jpg\" alt=\"Fingerprint USB Flash Drive for Computer\" class=\"wp-image-3662\" srcset=\"https:\/\/www.usborkeychain.com\/wp-content\/uploads\/Fingerprint-USB-Flash-Drive-for-Computer.jpg 800w, https:\/\/www.usborkeychain.com\/wp-content\/uploads\/Fingerprint-USB-Flash-Drive-for-Computer-300x300.jpg 300w, https:\/\/www.usborkeychain.com\/wp-content\/uploads\/Fingerprint-USB-Flash-Drive-for-Computer-150x150.jpg 150w, https:\/\/www.usborkeychain.com\/wp-content\/uploads\/Fingerprint-USB-Flash-Drive-for-Computer-768x768.jpg 768w, https:\/\/www.usborkeychain.com\/wp-content\/uploads\/Fingerprint-USB-Flash-Drive-for-Computer-12x12.jpg 12w, https:\/\/www.usborkeychain.com\/wp-content\/uploads\/Fingerprint-USB-Flash-Drive-for-Computer-600x600.jpg 600w, https:\/\/www.usborkeychain.com\/wp-content\/uploads\/Fingerprint-USB-Flash-Drive-for-Computer-100x100.jpg 100w\" sizes=\"(max-width: 800px) 100vw, 800px\" \/><\/figure>\n<\/div>\n\n\n\n<div class=\"wp-block-column is-vertically-aligned-center is-layout-flow wp-block-column-is-layout-flow\">\n<p>YOUSAN, fabricante profesional de memorias USB, se enorgullece de presentar la memoria USB con huella dactilar BCU-02, la primera memoria USB con cifrado de huella dactilar de la marca. <\/p>\n\n\n\n<p>Con un cuerpo totalmente met\u00e1lico y funci\u00f3n de gesti\u00f3n de huellas dactilares, equilibra la seguridad de los datos con una textura de gama alta. Espec\u00edficamente desarrollado para encriptaci\u00f3n de datos corporativos y regalos de empresa, este producto admite desbloqueo por huella dactilar, almacenamiento encriptado y otras funciones. <\/p>\n\n\n\n<p>Con suministro directo desde la f\u00e1brica de origen, admite la personalizaci\u00f3n a granel y la venta al por mayor, lo que la convierte en la opci\u00f3n de almacenamiento seguro preferida por sectores como el financiero y el gubernamental.<\/p>\n<\/div>\n<\/div>\n\n\n\n<p><\/p>\n\n\n\n<h3 class=\"wp-block-heading\">\u00bfCu\u00e1les son los materiales y colores de BCU-02 Fingerprint USB Flash Drive?<\/h3>\n\n\n\n<p>Fabricado con materiales totalmente met\u00e1licos de alta calidad, el BCU-02 se somete a un mecanizado de precisi\u00f3n CNC con bordes redondeados para un tacto suave, combinando durabilidad y resistencia a los ara\u00f1azos. Disponible en dos colores cl\u00e1sicos -plateado y negro-, la superficie se trata con un proceso de anodizado para evitar la decoloraci\u00f3n y los ara\u00f1azos. El dise\u00f1o minimalista con textura met\u00e1lica es adecuado para uso empresarial y facilita la personalizaci\u00f3n del LOGO corporativo para regalos de marca. El pedido m\u00ednimo de 100 unidades permite personalizar el color en f\u00e1brica.<\/p>\n\n\n\n<div class=\"wp-block-columns is-layout-flex wp-container-core-columns-is-layout-28f84493 wp-block-columns-is-layout-flex\">\n<div class=\"wp-block-column is-layout-flow wp-block-column-is-layout-flow\">\n<figure class=\"wp-block-image size-full\"><img alt=\"\" decoding=\"async\" width=\"800\" height=\"800\" src=\"https:\/\/www.usborkeychain.com\/wp-content\/uploads\/silver-Fingerprint-USB-Flash-Drive-for-Computer.jpg\" class=\"wp-image-3666\" srcset=\"https:\/\/www.usborkeychain.com\/wp-content\/uploads\/silver-Fingerprint-USB-Flash-Drive-for-Computer.jpg 800w, https:\/\/www.usborkeychain.com\/wp-content\/uploads\/silver-Fingerprint-USB-Flash-Drive-for-Computer-300x300.jpg 300w, https:\/\/www.usborkeychain.com\/wp-content\/uploads\/silver-Fingerprint-USB-Flash-Drive-for-Computer-150x150.jpg 150w, https:\/\/www.usborkeychain.com\/wp-content\/uploads\/silver-Fingerprint-USB-Flash-Drive-for-Computer-768x768.jpg 768w, https:\/\/www.usborkeychain.com\/wp-content\/uploads\/silver-Fingerprint-USB-Flash-Drive-for-Computer-12x12.jpg 12w, https:\/\/www.usborkeychain.com\/wp-content\/uploads\/silver-Fingerprint-USB-Flash-Drive-for-Computer-600x600.jpg 600w, https:\/\/www.usborkeychain.com\/wp-content\/uploads\/silver-Fingerprint-USB-Flash-Drive-for-Computer-100x100.jpg 100w\" sizes=\"(max-width: 800px) 100vw, 800px\" \/><\/figure>\n<\/div>\n\n\n\n<div class=\"wp-block-column is-layout-flow wp-block-column-is-layout-flow\">\n<figure class=\"wp-block-image size-full\"><img alt=\"\" decoding=\"async\" width=\"800\" height=\"800\" src=\"https:\/\/www.usborkeychain.com\/wp-content\/uploads\/Fingerprint-USB-Flash-Drive-use.jpg\" class=\"wp-image-3665\" srcset=\"https:\/\/www.usborkeychain.com\/wp-content\/uploads\/Fingerprint-USB-Flash-Drive-use.jpg 800w, https:\/\/www.usborkeychain.com\/wp-content\/uploads\/Fingerprint-USB-Flash-Drive-use-300x300.jpg 300w, https:\/\/www.usborkeychain.com\/wp-content\/uploads\/Fingerprint-USB-Flash-Drive-use-150x150.jpg 150w, https:\/\/www.usborkeychain.com\/wp-content\/uploads\/Fingerprint-USB-Flash-Drive-use-768x768.jpg 768w, https:\/\/www.usborkeychain.com\/wp-content\/uploads\/Fingerprint-USB-Flash-Drive-use-12x12.jpg 12w, https:\/\/www.usborkeychain.com\/wp-content\/uploads\/Fingerprint-USB-Flash-Drive-use-600x600.jpg 600w, https:\/\/www.usborkeychain.com\/wp-content\/uploads\/Fingerprint-USB-Flash-Drive-use-100x100.jpg 100w\" sizes=\"(max-width: 800px) 100vw, 800px\" \/><\/figure>\n<\/div>\n<\/div>\n\n\n\n<h3 class=\"wp-block-heading\">Par\u00e1metros<\/h3>\n\n\n\n<figure class=\"wp-block-table\"><table class=\"has-fixed-layout\"><thead><tr><th>Tipo de par\u00e1metro<\/th><th>Par\u00e1metros espec\u00edficos<\/th><\/tr><\/thead><tbody><tr><td>Tipo de interfaz<\/td><td>USB3.0 (velocidad m\u00e1xima de transmisi\u00f3n de 5 Gbps, compatible con dispositivos USB2.0)<\/td><\/tr><tr><td>Capacidad de almacenamiento<\/td><td>32 GB\/64 GB\/128 GB\/256 GB\/512 GB (todas las capacidades admiten personalizaci\u00f3n)<\/td><\/tr><tr><td>Material y proceso<\/td><td>Cuerpo de aleaci\u00f3n de aluminio de calidad aeroespacial, tratamiento superficial anodizado<\/td><\/tr><tr><td>Funci\u00f3n de huella dactilar<\/td><td>1 cuenta de administrador, admite la inscripci\u00f3n de 10 grupos de huellas dactilares, velocidad de reconocimiento de huellas dactilares &lt; 0,5 segundos<\/td><\/tr><tr><td>Tecnolog\u00eda de cifrado<\/td><td>Cifrado por hardware AES-256, almacenamiento cifrado al desbloquear la huella dactilar<\/td><\/tr><tr><td>Servicios de personalizaci\u00f3n<\/td><td>Admite el grabado por l\u00e1ser y la serigraf\u00eda para la personalizaci\u00f3n del LOGO; los pedidos al por mayor al por mayor pueden disfrutar de cajas de embalaje personalizadas (suministro directo de f\u00e1brica)<\/td><\/tr><tr><td>Caracter\u00edsticas f\u00edsicas<\/td><td>Temperatura de funcionamiento: -20\u2103~60\u2103, temperatura de almacenamiento: -40\u2103~85\u2103, super\u00f3 la prueba de ca\u00edda de 1,5 m.<\/td><\/tr><\/tbody><\/table><\/figure>\n\n\n\n<h3 class=\"wp-block-heading\">\u00bfC\u00f3mo personalizar el logotipo de la memoria USB BCU-02 Fingerprint?<\/h3>\n\n\n\n<p>BCU-02 admite dos procesos de personalizaci\u00f3n principales: el grabado por l\u00e1ser, que crea marcas permanentes con un LOGO con textura mate en la superficie met\u00e1lica, y la serigraf\u00eda, que admite la impresi\u00f3n multicolor para patrones complejos y colores corporativos VI. La f\u00e1brica ofrece servicios gratuitos de muestreo, y la personalizaci\u00f3n exclusiva del LOGO est\u00e1 disponible a partir de 100 piezas, que suelen utilizarse para regalos de empresa y beneficios para empleados. Los pedidos al por mayor de 500 unidades o m\u00e1s pueden disfrutar de un dise\u00f1o personalizado de la caja de embalaje, mejorando la comunicaci\u00f3n de la marca con los atributos premium de la unidad USB de huellas dactilares.<\/p>\n\n\n\n<div class=\"wp-block-columns is-layout-flex wp-container-core-columns-is-layout-28f84493 wp-block-columns-is-layout-flex\">\n<div class=\"wp-block-column is-layout-flow wp-block-column-is-layout-flow\">\n<figure class=\"wp-block-image size-full\"><img alt=\"\" loading=\"lazy\" decoding=\"async\" width=\"800\" height=\"800\" src=\"https:\/\/www.usborkeychain.com\/wp-content\/uploads\/Fingerprint-USB-Flash-Drive-for-Computer-for-iphone.jpg\" class=\"wp-image-3664\" srcset=\"https:\/\/www.usborkeychain.com\/wp-content\/uploads\/Fingerprint-USB-Flash-Drive-for-Computer-for-iphone.jpg 800w, https:\/\/www.usborkeychain.com\/wp-content\/uploads\/Fingerprint-USB-Flash-Drive-for-Computer-for-iphone-300x300.jpg 300w, https:\/\/www.usborkeychain.com\/wp-content\/uploads\/Fingerprint-USB-Flash-Drive-for-Computer-for-iphone-150x150.jpg 150w, https:\/\/www.usborkeychain.com\/wp-content\/uploads\/Fingerprint-USB-Flash-Drive-for-Computer-for-iphone-768x768.jpg 768w, https:\/\/www.usborkeychain.com\/wp-content\/uploads\/Fingerprint-USB-Flash-Drive-for-Computer-for-iphone-12x12.jpg 12w, https:\/\/www.usborkeychain.com\/wp-content\/uploads\/Fingerprint-USB-Flash-Drive-for-Computer-for-iphone-600x600.jpg 600w, https:\/\/www.usborkeychain.com\/wp-content\/uploads\/Fingerprint-USB-Flash-Drive-for-Computer-for-iphone-100x100.jpg 100w\" sizes=\"(max-width: 800px) 100vw, 800px\" \/><\/figure>\n<\/div>\n\n\n\n<div class=\"wp-block-column is-layout-flow wp-block-column-is-layout-flow\">\n<figure class=\"wp-block-image size-full\"><img alt=\"\" loading=\"lazy\" decoding=\"async\" width=\"800\" height=\"800\" src=\"https:\/\/www.usborkeychain.com\/wp-content\/uploads\/Fingerprint-USB-Flash-Drive-for-Computer-admin.jpg\" class=\"wp-image-3663\" srcset=\"https:\/\/www.usborkeychain.com\/wp-content\/uploads\/Fingerprint-USB-Flash-Drive-for-Computer-admin.jpg 800w, https:\/\/www.usborkeychain.com\/wp-content\/uploads\/Fingerprint-USB-Flash-Drive-for-Computer-admin-300x300.jpg 300w, https:\/\/www.usborkeychain.com\/wp-content\/uploads\/Fingerprint-USB-Flash-Drive-for-Computer-admin-150x150.jpg 150w, https:\/\/www.usborkeychain.com\/wp-content\/uploads\/Fingerprint-USB-Flash-Drive-for-Computer-admin-768x768.jpg 768w, https:\/\/www.usborkeychain.com\/wp-content\/uploads\/Fingerprint-USB-Flash-Drive-for-Computer-admin-12x12.jpg 12w, https:\/\/www.usborkeychain.com\/wp-content\/uploads\/Fingerprint-USB-Flash-Drive-for-Computer-admin-600x600.jpg 600w, https:\/\/www.usborkeychain.com\/wp-content\/uploads\/Fingerprint-USB-Flash-Drive-for-Computer-admin-100x100.jpg 100w\" sizes=\"(max-width: 800px) 100vw, 800px\" \/><\/figure>\n<\/div>\n<\/div>\n\n\n\n<h3 class=\"wp-block-heading\">PREGUNTAS FRECUENTES<\/h3>\n\n\n\n<h4 class=\"wp-block-heading\">\u00bfCu\u00e1les son las dimensiones de la memoria USB BCU-02 Fingerprint?<\/h4>\n\n\n\n<p>El BCU-02 mide 60mm\u00d720mm\u00d77mm y pesa aproximadamente 18g. Su dise\u00f1o port\u00e1til es adecuado para llevarlo encima o insertarlo en un ordenador port\u00e1til. El cuerpo met\u00e1lico de 7 mm de grosor cabe f\u00e1cilmente en carteras o bolsillos, equilibrando est\u00e9tica y portabilidad.<\/p>\n\n\n\n<h4 class=\"wp-block-heading\">\u00bfC\u00f3mo administrar las cuentas de la memoria USB de huellas dactilares BCU-02?<\/h4>\n\n\n\n<p>El producto admite la configuraci\u00f3n de 1 cuenta de administrador, que puede gestionar los permisos de huellas dactilares de 10 grupos de usuarios mediante la inscripci\u00f3n de huellas dactilares. Los administradores pueden a\u00f1adir o eliminar huellas dactilares de usuarios normales, lo que permite la gesti\u00f3n de permisos para el uso compartido por varias personas, ideal para escenarios de colaboraci\u00f3n en equipo.<\/p>\n\n\n\n<h4 class=\"wp-block-heading\">\u00bfNecesita una aplicaci\u00f3n la memoria USB de huellas dactilares BCU-02?<\/h4>\n\n\n\n<p>BCU-02 es plug-and-play sin necesidad de una app. Para usarla con el m\u00f3vil, se necesita un adaptador OTG (se adquiere por separado), compatible con sistemas Android\/iOS. La funci\u00f3n de desbloqueo por huella dactilar tambi\u00e9n se aplica a dispositivos m\u00f3viles, lo que garantiza un almacenamiento m\u00f3vil seguro.<\/p>\n\n\n\n<p>La unidad flash USB de huellas dactilares BCU-02, con su cuerpo totalmente met\u00e1lico, transmisi\u00f3n de alta velocidad USB3.0 y cifrado de huellas dactilares AES-256, es una opci\u00f3n ideal para el almacenamiento de seguridad de datos corporativos y la personalizaci\u00f3n de regalos de marca, con la f\u00e1brica de origen proporcionando servicios de proceso completo de personalizaci\u00f3n LOGO a la venta al por mayor a granel.<\/p>","protected":false},"excerpt":{"rendered":"<ul>\n<li>Pen drive encriptado<\/li>\n<li>Con protecci\u00f3n por contrase\u00f1a<\/li>\n<li>Material met\u00e1lico<\/li>\n<li>USB3.0<\/li>\n<li>Sin necesidad de aplicaci\u00f3n<\/li>\n<li>10 gesti\u00f3n flexible de huellas dactilares<\/li>\n<\/ul>","protected":false},"featured_media":3662,"comment_status":"open","ping_status":"closed","template":"","meta":{"_seopress_robots_primary_cat":"","_seopress_titles_title":"","_seopress_titles_desc":"","_seopress_robots_index":"","site-sidebar-layout":"default","site-content-layout":"","ast-site-content-layout":"","site-content-style":"default","site-sidebar-style":"default","ast-global-header-display":"","ast-banner-title-visibility":"","ast-main-header-display":"","ast-hfb-above-header-display":"","ast-hfb-below-header-display":"","ast-hfb-mobile-header-display":"","site-post-title":"","ast-breadcrumbs-content":"","ast-featured-img":"","footer-sml-layout":"","theme-transparent-header-meta":"","adv-header-id-meta":"","stick-header-meta":"","header-above-stick-meta":"","header-main-stick-meta":"","header-below-stick-meta":"","astra-migrate-meta-layouts":"default","ast-page-background-enabled":"default","ast-page-background-meta":{"desktop":{"background-color":"var(--ast-global-color-5)","background-image":"","background-repeat":"repeat","background-position":"center center","background-size":"auto","background-attachment":"scroll","background-type":"","background-media":"","overlay-type":"","overlay-color":"","overlay-opacity":"","overlay-gradient":""},"tablet":{"background-color":"","background-image":"","background-repeat":"repeat","background-position":"center center","background-size":"auto","background-attachment":"scroll","background-type":"","background-media":"","overlay-type":"","overlay-color":"","overlay-opacity":"","overlay-gradient":""},"mobile":{"background-color":"","background-image":"","background-repeat":"repeat","background-position":"center center","background-size":"auto","background-attachment":"scroll","background-type":"","background-media":"","overlay-type":"","overlay-color":"","overlay-opacity":"","overlay-gradient":""}},"ast-content-background-meta":{"desktop":{"background-color":"var(--ast-global-color-4)","background-image":"","background-repeat":"repeat","background-position":"center center","background-size":"auto","background-attachment":"scroll","background-type":"","background-media":"","overlay-type":"","overlay-color":"","overlay-opacity":"","overlay-gradient":""},"tablet":{"background-color":"var(--ast-global-color-4)","background-image":"","background-repeat":"repeat","background-position":"center center","background-size":"auto","background-attachment":"scroll","background-type":"","background-media":"","overlay-type":"","overlay-color":"","overlay-opacity":"","overlay-gradient":""},"mobile":{"background-color":"var(--ast-global-color-4)","background-image":"","background-repeat":"repeat","background-position":"center center","background-size":"auto","background-attachment":"scroll","background-type":"","background-media":"","overlay-type":"","overlay-color":"","overlay-opacity":"","overlay-gradient":""}}},"product_brand":[],"product_cat":[98,105],"product_tag":[207,206],"class_list":{"0":"post-3658","1":"product","2":"type-product","3":"status-publish","4":"has-post-thumbnail","6":"product_cat-biometric-fingerprint-usb-drive","7":"product_cat-usb-c-pendrive","8":"product_tag-encrypted-usb-drive","9":"product_tag-secure-usb-drive","10":"desktop-align-left","11":"tablet-align-left","12":"mobile-align-left","14":"first","15":"instock","16":"shipping-taxable","17":"product-type-simple"},"_links":{"self":[{"href":"https:\/\/www.usborkeychain.com\/es\/wp-json\/wp\/v2\/product\/3658","targetHints":{"allow":["GET"]}}],"collection":[{"href":"https:\/\/www.usborkeychain.com\/es\/wp-json\/wp\/v2\/product"}],"about":[{"href":"https:\/\/www.usborkeychain.com\/es\/wp-json\/wp\/v2\/types\/product"}],"replies":[{"embeddable":true,"href":"https:\/\/www.usborkeychain.com\/es\/wp-json\/wp\/v2\/comments?post=3658"}],"wp:featuredmedia":[{"embeddable":true,"href":"https:\/\/www.usborkeychain.com\/es\/wp-json\/wp\/v2\/media\/3662"}],"wp:attachment":[{"href":"https:\/\/www.usborkeychain.com\/es\/wp-json\/wp\/v2\/media?parent=3658"}],"wp:term":[{"taxonomy":"product_brand","embeddable":true,"href":"https:\/\/www.usborkeychain.com\/es\/wp-json\/wp\/v2\/product_brand?post=3658"},{"taxonomy":"product_cat","embeddable":true,"href":"https:\/\/www.usborkeychain.com\/es\/wp-json\/wp\/v2\/product_cat?post=3658"},{"taxonomy":"product_tag","embeddable":true,"href":"https:\/\/www.usborkeychain.com\/es\/wp-json\/wp\/v2\/product_tag?post=3658"}],"curies":[{"name":"wp","href":"https:\/\/api.w.org\/{rel}","templated":true}]}}