{"id":3669,"date":"2025-06-30T02:02:40","date_gmt":"2025-06-30T02:02:40","guid":{"rendered":"https:\/\/www.usborkeychain.com\/?post_type=product&#038;p=3669"},"modified":"2025-06-30T02:02:53","modified_gmt":"2025-06-30T02:02:53","slug":"bcu-03-fingerprint-usb-c-encrypted-flash-drive","status":"publish","type":"product","link":"https:\/\/www.usborkeychain.com\/es\/producto\/bcu-03-fingerprint-usb-c-encrypted-flash-drive\/","title":{"rendered":"BCU-03 Huella dactilar USB c Memoria USB encriptada"},"content":{"rendered":"<p>La unidad USB con huella dactilar BCU-03 es el \u00faltimo modelo de YOUSAN, fabricante profesional de USB. Con un cuerpo totalmente met\u00e1lico y cifrado de huellas dactilares, est\u00e1 dise\u00f1ado para empresas que necesitan un almacenamiento de datos seguro. Este nuevo modelo admite desbloqueo por huella dactilar y cifrado de particiones, y la f\u00e1brica ofrece servicios de venta directa al por mayor y personalizaci\u00f3n. Es la mejor opci\u00f3n para los sectores financiero y tecnol\u00f3gico como regalo de gama alta o herramienta de almacenamiento seguro.<\/p>\n\n\n\n<div class=\"wp-block-columns is-layout-flex wp-container-core-columns-is-layout-28f84493 wp-block-columns-is-layout-flex\">\n<div class=\"wp-block-column is-layout-flow wp-block-column-is-layout-flow\">\n<figure class=\"wp-block-image size-full\"><img alt=\"\" fetchpriority=\"high\" decoding=\"async\" width=\"800\" height=\"800\" src=\"https:\/\/www.usborkeychain.com\/wp-content\/uploads\/Fingerprint-Encrypted-USB-Flash-Drive-Solution.jpg\" class=\"wp-image-3677\" srcset=\"https:\/\/www.usborkeychain.com\/wp-content\/uploads\/Fingerprint-Encrypted-USB-Flash-Drive-Solution.jpg 800w, https:\/\/www.usborkeychain.com\/wp-content\/uploads\/Fingerprint-Encrypted-USB-Flash-Drive-Solution-300x300.jpg 300w, https:\/\/www.usborkeychain.com\/wp-content\/uploads\/Fingerprint-Encrypted-USB-Flash-Drive-Solution-150x150.jpg 150w, https:\/\/www.usborkeychain.com\/wp-content\/uploads\/Fingerprint-Encrypted-USB-Flash-Drive-Solution-768x768.jpg 768w, https:\/\/www.usborkeychain.com\/wp-content\/uploads\/Fingerprint-Encrypted-USB-Flash-Drive-Solution-12x12.jpg 12w, https:\/\/www.usborkeychain.com\/wp-content\/uploads\/Fingerprint-Encrypted-USB-Flash-Drive-Solution-600x600.jpg 600w, https:\/\/www.usborkeychain.com\/wp-content\/uploads\/Fingerprint-Encrypted-USB-Flash-Drive-Solution-100x100.jpg 100w\" sizes=\"(max-width: 800px) 100vw, 800px\" \/><\/figure>\n<\/div>\n\n\n\n<div class=\"wp-block-column is-layout-flow wp-block-column-is-layout-flow\">\n<figure class=\"wp-block-image size-full\"><img alt=\"\" decoding=\"async\" width=\"800\" height=\"800\" src=\"https:\/\/www.usborkeychain.com\/wp-content\/uploads\/Fingerprint-Encrypted-USB-Flash-Drive-Manufacturer.jpg\" class=\"wp-image-3674\" srcset=\"https:\/\/www.usborkeychain.com\/wp-content\/uploads\/Fingerprint-Encrypted-USB-Flash-Drive-Manufacturer.jpg 800w, https:\/\/www.usborkeychain.com\/wp-content\/uploads\/Fingerprint-Encrypted-USB-Flash-Drive-Manufacturer-300x300.jpg 300w, https:\/\/www.usborkeychain.com\/wp-content\/uploads\/Fingerprint-Encrypted-USB-Flash-Drive-Manufacturer-150x150.jpg 150w, https:\/\/www.usborkeychain.com\/wp-content\/uploads\/Fingerprint-Encrypted-USB-Flash-Drive-Manufacturer-768x768.jpg 768w, https:\/\/www.usborkeychain.com\/wp-content\/uploads\/Fingerprint-Encrypted-USB-Flash-Drive-Manufacturer-12x12.jpg 12w, https:\/\/www.usborkeychain.com\/wp-content\/uploads\/Fingerprint-Encrypted-USB-Flash-Drive-Manufacturer-600x600.jpg 600w, https:\/\/www.usborkeychain.com\/wp-content\/uploads\/Fingerprint-Encrypted-USB-Flash-Drive-Manufacturer-100x100.jpg 100w\" sizes=\"(max-width: 800px) 100vw, 800px\" \/><\/figure>\n<\/div>\n<\/div>\n\n\n\n<h2 class=\"wp-block-heading\">\u00bfQu\u00e9 tiene de especial el dise\u00f1o del BCU-03?<\/h2>\n\n\n\n<p>Fabricado en aluminio de alta calidad, el BCU-03 viene con una tapa met\u00e1lica desmontable y una anilla de llavero para evitar su p\u00e9rdida. Funciona tanto con ordenadores como con tel\u00e9fonos mediante USB3.0 (hasta 5 Gbps de velocidad) y adaptador OTG (no incluido). Disponible en plata y gris plomo, la superficie anodizada es resistente a los ara\u00f1azos. Colores personalizados a partir de 100 unidades.<\/p>\n\n\n\n<h2 class=\"wp-block-heading\">Especificaciones<\/h2>\n\n\n\n<figure class=\"wp-block-table\"><table class=\"has-fixed-layout\"><thead><tr><th>Par\u00e1metro<\/th><th>Detalles<\/th><\/tr><\/thead><tbody><tr><td>Interfaz<\/td><td>USB3.0 (funciona con USB2.0 y tel\u00e9fonos mediante OTG)<\/td><\/tr><tr><td>Capacidad<\/td><td>32GB\/64GB\/128GB\/256GB\/512GB (customizable)<\/td><\/tr><tr><td>Material<\/td><td>Cuerpo completo de aluminio, acabado anodizado, dise\u00f1o de llavero<\/td><\/tr><tr><td>Huella dactilar<\/td><td>Cifrado por hardware AES-256, doble seguridad, desbloqueo por huella dactilar en &lt;0,3 s<\/td><\/tr><tr><td>Particiones<\/td><td>1 cuenta de administrador + 10 huellas de usuario, 2 particiones: normal y cifrada<\/td><\/tr><tr><td>Personalizaci\u00f3n<\/td><td>Grabado l\u00e1ser\/logotipo en serigraf\u00eda, embalaje personalizado (m\u00e1s de 100 unidades, directo de f\u00e1brica)<\/td><\/tr><tr><td>Durabilidad<\/td><td>-20\u2103~60\u2103 temperatura de trabajo, prueba de ca\u00edda de 1,5 m superada<\/td><\/tr><\/tbody><\/table><\/figure>\n\n\n\n<h2 class=\"wp-block-heading\">\u00bfC\u00f3mo encripta los datos el BCU-03?<\/h2>\n\n\n\n<p>BCU-03 utiliza cifrado AES-256 (el mismo nivel que los bancos) con doble seguridad: primero se establece una huella digital de administrador y luego se utiliza para desbloquear la partici\u00f3n cifrada. Esto impide el acceso no autorizado y la manipulaci\u00f3n de datos. La f\u00e1brica proporciona informes de pruebas de cifrado para mayor tranquilidad.<\/p>\n\n\n\n<div class=\"wp-block-columns is-layout-flex wp-container-core-columns-is-layout-28f84493 wp-block-columns-is-layout-flex\">\n<div class=\"wp-block-column is-layout-flow wp-block-column-is-layout-flow\">\n<figure class=\"wp-block-image size-full\"><img alt=\"\" decoding=\"async\" width=\"800\" height=\"800\" src=\"https:\/\/www.usborkeychain.com\/wp-content\/uploads\/Fingerprint-Encrypted-USB-Flash-Drive-Solution-provider.jpg\" class=\"wp-image-3676\" srcset=\"https:\/\/www.usborkeychain.com\/wp-content\/uploads\/Fingerprint-Encrypted-USB-Flash-Drive-Solution-provider.jpg 800w, https:\/\/www.usborkeychain.com\/wp-content\/uploads\/Fingerprint-Encrypted-USB-Flash-Drive-Solution-provider-300x300.jpg 300w, https:\/\/www.usborkeychain.com\/wp-content\/uploads\/Fingerprint-Encrypted-USB-Flash-Drive-Solution-provider-150x150.jpg 150w, https:\/\/www.usborkeychain.com\/wp-content\/uploads\/Fingerprint-Encrypted-USB-Flash-Drive-Solution-provider-768x768.jpg 768w, https:\/\/www.usborkeychain.com\/wp-content\/uploads\/Fingerprint-Encrypted-USB-Flash-Drive-Solution-provider-12x12.jpg 12w, https:\/\/www.usborkeychain.com\/wp-content\/uploads\/Fingerprint-Encrypted-USB-Flash-Drive-Solution-provider-600x600.jpg 600w, https:\/\/www.usborkeychain.com\/wp-content\/uploads\/Fingerprint-Encrypted-USB-Flash-Drive-Solution-provider-100x100.jpg 100w\" sizes=\"(max-width: 800px) 100vw, 800px\" \/><\/figure>\n<\/div>\n\n\n\n<div class=\"wp-block-column is-layout-flow wp-block-column-is-layout-flow\">\n<figure class=\"wp-block-image size-full\"><img alt=\"\" loading=\"lazy\" decoding=\"async\" width=\"800\" height=\"800\" src=\"https:\/\/www.usborkeychain.com\/wp-content\/uploads\/Fingerprint-Encrypted-USB-Flash-Drive-Brand-1.jpg\" class=\"wp-image-3673\" srcset=\"https:\/\/www.usborkeychain.com\/wp-content\/uploads\/Fingerprint-Encrypted-USB-Flash-Drive-Brand-1.jpg 800w, https:\/\/www.usborkeychain.com\/wp-content\/uploads\/Fingerprint-Encrypted-USB-Flash-Drive-Brand-1-300x300.jpg 300w, https:\/\/www.usborkeychain.com\/wp-content\/uploads\/Fingerprint-Encrypted-USB-Flash-Drive-Brand-1-150x150.jpg 150w, https:\/\/www.usborkeychain.com\/wp-content\/uploads\/Fingerprint-Encrypted-USB-Flash-Drive-Brand-1-768x768.jpg 768w, https:\/\/www.usborkeychain.com\/wp-content\/uploads\/Fingerprint-Encrypted-USB-Flash-Drive-Brand-1-12x12.jpg 12w, https:\/\/www.usborkeychain.com\/wp-content\/uploads\/Fingerprint-Encrypted-USB-Flash-Drive-Brand-1-600x600.jpg 600w, https:\/\/www.usborkeychain.com\/wp-content\/uploads\/Fingerprint-Encrypted-USB-Flash-Drive-Brand-1-100x100.jpg 100w\" sizes=\"(max-width: 800px) 100vw, 800px\" \/><\/figure>\n<\/div>\n<\/div>\n\n\n\n<h2 class=\"wp-block-heading\">\u00bfC\u00f3mo funcionan las mamparas?<\/h2>\n\n\n\n<p>Tiene 2 particiones: una normal para archivos p\u00fablicos y otra cifrada que necesita acceso mediante huella digital. El administrador puede gestionar 10 huellas dactilares de usuarios y ajustar el tama\u00f1o de las particiones. Ideal para equipos de bufetes de abogados o empresas de dise\u00f1o que necesitan compartir y proteger archivos por separado.<\/p>\n\n\n\n<div class=\"wp-block-columns is-layout-flex wp-container-core-columns-is-layout-28f84493 wp-block-columns-is-layout-flex\">\n<div class=\"wp-block-column is-layout-flow wp-block-column-is-layout-flow\">\n<figure class=\"wp-block-image size-full\"><img alt=\"\" loading=\"lazy\" decoding=\"async\" width=\"800\" height=\"800\" src=\"https:\/\/www.usborkeychain.com\/wp-content\/uploads\/Fingerprint-Encrypted-USB-Flash-Drive-Producer.jpg\" class=\"wp-image-3675\" srcset=\"https:\/\/www.usborkeychain.com\/wp-content\/uploads\/Fingerprint-Encrypted-USB-Flash-Drive-Producer.jpg 800w, https:\/\/www.usborkeychain.com\/wp-content\/uploads\/Fingerprint-Encrypted-USB-Flash-Drive-Producer-300x300.jpg 300w, https:\/\/www.usborkeychain.com\/wp-content\/uploads\/Fingerprint-Encrypted-USB-Flash-Drive-Producer-150x150.jpg 150w, https:\/\/www.usborkeychain.com\/wp-content\/uploads\/Fingerprint-Encrypted-USB-Flash-Drive-Producer-768x768.jpg 768w, https:\/\/www.usborkeychain.com\/wp-content\/uploads\/Fingerprint-Encrypted-USB-Flash-Drive-Producer-12x12.jpg 12w, https:\/\/www.usborkeychain.com\/wp-content\/uploads\/Fingerprint-Encrypted-USB-Flash-Drive-Producer-600x600.jpg 600w, https:\/\/www.usborkeychain.com\/wp-content\/uploads\/Fingerprint-Encrypted-USB-Flash-Drive-Producer-100x100.jpg 100w\" sizes=\"(max-width: 800px) 100vw, 800px\" \/><\/figure>\n<\/div>\n\n\n\n<div class=\"wp-block-column is-layout-flow wp-block-column-is-layout-flow\">\n<figure class=\"wp-block-image size-full\"><img alt=\"\" loading=\"lazy\" decoding=\"async\" width=\"800\" height=\"800\" src=\"https:\/\/www.usborkeychain.com\/wp-content\/uploads\/Fingerprint-Encrypted-USB-Flash-Drive-Brand-Retailer.jpg\" class=\"wp-image-3672\" srcset=\"https:\/\/www.usborkeychain.com\/wp-content\/uploads\/Fingerprint-Encrypted-USB-Flash-Drive-Brand-Retailer.jpg 800w, https:\/\/www.usborkeychain.com\/wp-content\/uploads\/Fingerprint-Encrypted-USB-Flash-Drive-Brand-Retailer-300x300.jpg 300w, https:\/\/www.usborkeychain.com\/wp-content\/uploads\/Fingerprint-Encrypted-USB-Flash-Drive-Brand-Retailer-150x150.jpg 150w, https:\/\/www.usborkeychain.com\/wp-content\/uploads\/Fingerprint-Encrypted-USB-Flash-Drive-Brand-Retailer-768x768.jpg 768w, https:\/\/www.usborkeychain.com\/wp-content\/uploads\/Fingerprint-Encrypted-USB-Flash-Drive-Brand-Retailer-12x12.jpg 12w, https:\/\/www.usborkeychain.com\/wp-content\/uploads\/Fingerprint-Encrypted-USB-Flash-Drive-Brand-Retailer-600x600.jpg 600w, https:\/\/www.usborkeychain.com\/wp-content\/uploads\/Fingerprint-Encrypted-USB-Flash-Drive-Brand-Retailer-100x100.jpg 100w\" sizes=\"(max-width: 800px) 100vw, 800px\" \/><\/figure>\n<\/div>\n<\/div>\n\n\n\n<h2 class=\"wp-block-heading\">\u00bfNecesita una aplicaci\u00f3n?<\/h2>\n\n\n\n<p>No se necesita ninguna aplicaci\u00f3n. Para tel\u00e9fonos, utilice un adaptador OTG (se vende por separado). Funciona con Android\/iOS, y el bloqueo de huella dactilar permanece activo en el m\u00f3vil. La f\u00e1brica puede suministrar adaptadores para pedidos al por mayor.<\/p>\n\n\n\n<p>La unidad USB con huella dactilar BCU-03 combina un dise\u00f1o totalmente met\u00e1lico antip\u00e9rdida, una r\u00e1pida velocidad USB3.0 y cifrado AES-256. La f\u00e1brica ofrece servicios integrales, desde la personalizaci\u00f3n de la capacidad hasta el grabado del logotipo, por lo que es perfecta para empresas que desean almacenamiento seguro o regalos de marca.<\/p>","protected":false},"excerpt":{"rendered":"<ul>\n<li>Unidad c usb encriptada<\/li>\n<li>Material met\u00e1lico<\/li>\n<li>Unidad USB segura<\/li>\n<li>10 gesti\u00f3n flexible de huellas dactilares<\/li>\n<li>Sin necesidad de aplicaci\u00f3n<\/li>\n<li>Tiene 2 particiones<\/li>\n<\/ul>","protected":false},"featured_media":3678,"comment_status":"open","ping_status":"closed","template":"","meta":{"_seopress_robots_primary_cat":"","_seopress_titles_title":"","_seopress_titles_desc":"","_seopress_robots_index":"","site-sidebar-layout":"default","site-content-layout":"","ast-site-content-layout":"","site-content-style":"default","site-sidebar-style":"default","ast-global-header-display":"","ast-banner-title-visibility":"","ast-main-header-display":"","ast-hfb-above-header-display":"","ast-hfb-below-header-display":"","ast-hfb-mobile-header-display":"","site-post-title":"","ast-breadcrumbs-content":"","ast-featured-img":"","footer-sml-layout":"","theme-transparent-header-meta":"","adv-header-id-meta":"","stick-header-meta":"","header-above-stick-meta":"","header-main-stick-meta":"","header-below-stick-meta":"","astra-migrate-meta-layouts":"default","ast-page-background-enabled":"default","ast-page-background-meta":{"desktop":{"background-color":"var(--ast-global-color-5)","background-image":"","background-repeat":"repeat","background-position":"center center","background-size":"auto","background-attachment":"scroll","background-type":"","background-media":"","overlay-type":"","overlay-color":"","overlay-opacity":"","overlay-gradient":""},"tablet":{"background-color":"","background-image":"","background-repeat":"repeat","background-position":"center center","background-size":"auto","background-attachment":"scroll","background-type":"","background-media":"","overlay-type":"","overlay-color":"","overlay-opacity":"","overlay-gradient":""},"mobile":{"background-color":"","background-image":"","background-repeat":"repeat","background-position":"center center","background-size":"auto","background-attachment":"scroll","background-type":"","background-media":"","overlay-type":"","overlay-color":"","overlay-opacity":"","overlay-gradient":""}},"ast-content-background-meta":{"desktop":{"background-color":"var(--ast-global-color-4)","background-image":"","background-repeat":"repeat","background-position":"center center","background-size":"auto","background-attachment":"scroll","background-type":"","background-media":"","overlay-type":"","overlay-color":"","overlay-opacity":"","overlay-gradient":""},"tablet":{"background-color":"var(--ast-global-color-4)","background-image":"","background-repeat":"repeat","background-position":"center center","background-size":"auto","background-attachment":"scroll","background-type":"","background-media":"","overlay-type":"","overlay-color":"","overlay-opacity":"","overlay-gradient":""},"mobile":{"background-color":"var(--ast-global-color-4)","background-image":"","background-repeat":"repeat","background-position":"center center","background-size":"auto","background-attachment":"scroll","background-type":"","background-media":"","overlay-type":"","overlay-color":"","overlay-opacity":"","overlay-gradient":""}}},"product_brand":[],"product_cat":[98,105],"product_tag":[207,206],"class_list":{"0":"post-3669","1":"product","2":"type-product","3":"status-publish","4":"has-post-thumbnail","6":"product_cat-biometric-fingerprint-usb-drive","7":"product_cat-usb-c-pendrive","8":"product_tag-encrypted-usb-drive","9":"product_tag-secure-usb-drive","10":"desktop-align-left","11":"tablet-align-left","12":"mobile-align-left","14":"first","15":"instock","16":"shipping-taxable","17":"product-type-simple"},"_links":{"self":[{"href":"https:\/\/www.usborkeychain.com\/es\/wp-json\/wp\/v2\/product\/3669","targetHints":{"allow":["GET"]}}],"collection":[{"href":"https:\/\/www.usborkeychain.com\/es\/wp-json\/wp\/v2\/product"}],"about":[{"href":"https:\/\/www.usborkeychain.com\/es\/wp-json\/wp\/v2\/types\/product"}],"replies":[{"embeddable":true,"href":"https:\/\/www.usborkeychain.com\/es\/wp-json\/wp\/v2\/comments?post=3669"}],"wp:featuredmedia":[{"embeddable":true,"href":"https:\/\/www.usborkeychain.com\/es\/wp-json\/wp\/v2\/media\/3678"}],"wp:attachment":[{"href":"https:\/\/www.usborkeychain.com\/es\/wp-json\/wp\/v2\/media?parent=3669"}],"wp:term":[{"taxonomy":"product_brand","embeddable":true,"href":"https:\/\/www.usborkeychain.com\/es\/wp-json\/wp\/v2\/product_brand?post=3669"},{"taxonomy":"product_cat","embeddable":true,"href":"https:\/\/www.usborkeychain.com\/es\/wp-json\/wp\/v2\/product_cat?post=3669"},{"taxonomy":"product_tag","embeddable":true,"href":"https:\/\/www.usborkeychain.com\/es\/wp-json\/wp\/v2\/product_tag?post=3669"}],"curies":[{"name":"wp","href":"https:\/\/api.w.org\/{rel}","templated":true}]}}