{"id":3683,"date":"2025-06-30T03:32:54","date_gmt":"2025-06-30T03:32:54","guid":{"rendered":"https:\/\/www.usborkeychain.com\/?post_type=product&#038;p=3683"},"modified":"2025-08-17T13:17:15","modified_gmt":"2025-08-17T13:17:15","slug":"metal-twist-usb-flash-drive-for-iphone","status":"publish","type":"product","link":"https:\/\/www.usborkeychain.com\/es\/producto\/metal-twist-usb-flash-drive-for-iphone\/","title":{"rendered":"Memoria USB Twist de metal estampado para iphone"},"content":{"rendered":"<p>El USB giratorio met\u00e1lico estampado para tel\u00e9fonos es una novedad 2024 de YOUSAN, uno de los principales fabricantes de USB. Con un cuerpo de aleaci\u00f3n de zinc y un dise\u00f1o de doble interfaz, esta unidad USB permite transferir datos sin problemas entre tel\u00e9fonos y ordenadores. El cuerpo totalmente met\u00e1lico est\u00e1 grabado con texturas hexagonales antideslizantes, mientras que el ojo de cerradura triangular de la parte superior a\u00f1ade funcionalidad y distinci\u00f3n.<\/p>\n\n\n\n<div class=\"wp-block-columns is-layout-flex wp-container-core-columns-is-layout-28f84493 wp-block-columns-is-layout-flex\">\n<div class=\"wp-block-column is-layout-flow wp-block-column-is-layout-flow\">\n<figure class=\"wp-block-image size-full\"><img alt=\"\" fetchpriority=\"high\" decoding=\"async\" width=\"800\" height=\"800\" src=\"https:\/\/www.usborkeychain.com\/wp-content\/uploads\/siliver-colored-usb-a-and-usb-c-flash-drive-1.jpg\" class=\"wp-image-3691\" srcset=\"https:\/\/www.usborkeychain.com\/wp-content\/uploads\/siliver-colored-usb-a-and-usb-c-flash-drive-1.jpg 800w, https:\/\/www.usborkeychain.com\/wp-content\/uploads\/siliver-colored-usb-a-and-usb-c-flash-drive-1-300x300.jpg 300w, https:\/\/www.usborkeychain.com\/wp-content\/uploads\/siliver-colored-usb-a-and-usb-c-flash-drive-1-150x150.jpg 150w, https:\/\/www.usborkeychain.com\/wp-content\/uploads\/siliver-colored-usb-a-and-usb-c-flash-drive-1-768x768.jpg 768w, https:\/\/www.usborkeychain.com\/wp-content\/uploads\/siliver-colored-usb-a-and-usb-c-flash-drive-1-12x12.jpg 12w, https:\/\/www.usborkeychain.com\/wp-content\/uploads\/siliver-colored-usb-a-and-usb-c-flash-drive-1-600x600.jpg 600w, https:\/\/www.usborkeychain.com\/wp-content\/uploads\/siliver-colored-usb-a-and-usb-c-flash-drive-1-100x100.jpg 100w\" sizes=\"(max-width: 800px) 100vw, 800px\" \/><\/figure>\n<\/div>\n\n\n\n<div class=\"wp-block-column is-layout-flow wp-block-column-is-layout-flow\">\n<figure class=\"wp-block-image size-full\"><img alt=\"\" decoding=\"async\" width=\"800\" height=\"800\" src=\"https:\/\/www.usborkeychain.com\/wp-content\/uploads\/new-style-colored-usb-a-and-usb-c-flash-drive-1.jpg\" class=\"wp-image-3690\" srcset=\"https:\/\/www.usborkeychain.com\/wp-content\/uploads\/new-style-colored-usb-a-and-usb-c-flash-drive-1.jpg 800w, https:\/\/www.usborkeychain.com\/wp-content\/uploads\/new-style-colored-usb-a-and-usb-c-flash-drive-1-300x300.jpg 300w, https:\/\/www.usborkeychain.com\/wp-content\/uploads\/new-style-colored-usb-a-and-usb-c-flash-drive-1-150x150.jpg 150w, https:\/\/www.usborkeychain.com\/wp-content\/uploads\/new-style-colored-usb-a-and-usb-c-flash-drive-1-768x768.jpg 768w, https:\/\/www.usborkeychain.com\/wp-content\/uploads\/new-style-colored-usb-a-and-usb-c-flash-drive-1-12x12.jpg 12w, https:\/\/www.usborkeychain.com\/wp-content\/uploads\/new-style-colored-usb-a-and-usb-c-flash-drive-1-600x600.jpg 600w, https:\/\/www.usborkeychain.com\/wp-content\/uploads\/new-style-colored-usb-a-and-usb-c-flash-drive-1-100x100.jpg 100w\" sizes=\"(max-width: 800px) 100vw, 800px\" \/><\/figure>\n<\/div>\n<\/div>\n\n\n\n<p><\/p>\n\n\n\n<h2 class=\"wp-block-heading\">\u00bfQu\u00e9 tiene de especial el dise\u00f1o del USB giratorio met\u00e1lico?<\/h2>\n\n\n\n<p>A diferencia de las unidades USB tradicionales de metal liso, este modelo presenta innovadores patrones hexagonales en 3D en la carcasa de aleaci\u00f3n de zinc, que mejoran el agarre en 30%. El orificio triangular permite engancharlo directamente a llaveros o bolsos, y supera una prueba de ca\u00edda de 1,5 m para solucionar los problemas habituales de p\u00e9rdida. La cubierta giratoria con cierre magn\u00e9tico revela los puertos USB 3.0 y Type-C cuando se retuerce, lo que admite el uso plug-and-play en ordenadores Windows\/macOS y tel\u00e9fonos Android\/iOS.<\/p>\n\n\n\n<div class=\"wp-block-columns is-layout-flex wp-container-core-columns-is-layout-28f84493 wp-block-columns-is-layout-flex\">\n<div class=\"wp-block-column is-layout-flow wp-block-column-is-layout-flow\">\n<figure class=\"wp-block-image size-full\"><img alt=\"\" decoding=\"async\" width=\"800\" height=\"800\" src=\"https:\/\/www.usborkeychain.com\/wp-content\/uploads\/gun-colored-usb-a-and-usb-c-flash-drive-manuufacturer.jpg\" class=\"wp-image-3687\" srcset=\"https:\/\/www.usborkeychain.com\/wp-content\/uploads\/gun-colored-usb-a-and-usb-c-flash-drive-manuufacturer.jpg 800w, https:\/\/www.usborkeychain.com\/wp-content\/uploads\/gun-colored-usb-a-and-usb-c-flash-drive-manuufacturer-300x300.jpg 300w, https:\/\/www.usborkeychain.com\/wp-content\/uploads\/gun-colored-usb-a-and-usb-c-flash-drive-manuufacturer-150x150.jpg 150w, https:\/\/www.usborkeychain.com\/wp-content\/uploads\/gun-colored-usb-a-and-usb-c-flash-drive-manuufacturer-768x768.jpg 768w, https:\/\/www.usborkeychain.com\/wp-content\/uploads\/gun-colored-usb-a-and-usb-c-flash-drive-manuufacturer-12x12.jpg 12w, https:\/\/www.usborkeychain.com\/wp-content\/uploads\/gun-colored-usb-a-and-usb-c-flash-drive-manuufacturer-600x600.jpg 600w, https:\/\/www.usborkeychain.com\/wp-content\/uploads\/gun-colored-usb-a-and-usb-c-flash-drive-manuufacturer-100x100.jpg 100w\" sizes=\"(max-width: 800px) 100vw, 800px\" \/><\/figure>\n<\/div>\n\n\n\n<div class=\"wp-block-column is-layout-flow wp-block-column-is-layout-flow\">\n<figure class=\"wp-block-image size-full\"><img alt=\"\" loading=\"lazy\" decoding=\"async\" width=\"800\" height=\"800\" src=\"https:\/\/www.usborkeychain.com\/wp-content\/uploads\/gun-colored-usb-a-and-usb-c-flash-drive.jpg\" class=\"wp-image-3686\" srcset=\"https:\/\/www.usborkeychain.com\/wp-content\/uploads\/gun-colored-usb-a-and-usb-c-flash-drive.jpg 800w, https:\/\/www.usborkeychain.com\/wp-content\/uploads\/gun-colored-usb-a-and-usb-c-flash-drive-300x300.jpg 300w, https:\/\/www.usborkeychain.com\/wp-content\/uploads\/gun-colored-usb-a-and-usb-c-flash-drive-150x150.jpg 150w, https:\/\/www.usborkeychain.com\/wp-content\/uploads\/gun-colored-usb-a-and-usb-c-flash-drive-768x768.jpg 768w, https:\/\/www.usborkeychain.com\/wp-content\/uploads\/gun-colored-usb-a-and-usb-c-flash-drive-12x12.jpg 12w, https:\/\/www.usborkeychain.com\/wp-content\/uploads\/gun-colored-usb-a-and-usb-c-flash-drive-600x600.jpg 600w, https:\/\/www.usborkeychain.com\/wp-content\/uploads\/gun-colored-usb-a-and-usb-c-flash-drive-100x100.jpg 100w\" sizes=\"(max-width: 800px) 100vw, 800px\" \/><\/figure>\n<\/div>\n<\/div>\n\n\n\n<h2 class=\"wp-block-heading\">Especificaciones b\u00e1sicas<\/h2>\n\n\n\n<figure class=\"wp-block-table\"><table class=\"has-fixed-layout\"><thead><tr><th>Par\u00e1metro<\/th><th>Detalles<\/th><\/tr><\/thead><tbody><tr><td>Interfaces<\/td><td>Doble interfaz USB 3.0 + Type-C (compatible con OTG para tel\u00e9fonos\/tabletas)<\/td><\/tr><tr><td>Capacidad<\/td><td>32GB\/64GB\/128GB\/256GB<\/td><\/tr><tr><td>Material<\/td><td>Cuerpo de aleaci\u00f3n de zinc con grabado hexagonal en 3D, acabado anodizado resistente a los ara\u00f1azos<\/td><\/tr><tr><td>Velocidad de transferencia<\/td><td>Lectura m\u00e1xima: 130 MB\/s, escritura m\u00e1xima: 40 MB\/s (50% m\u00e1s r\u00e1pido para archivos grandes en las pruebas)<\/td><\/tr><tr><td>Personalizaci\u00f3n<\/td><td>Logotipo grabado con l\u00e1ser <\/td><\/tr><tr><td>Durabilidad<\/td><td>Temperatura de funcionamiento: -20\u2103~60\u2103, 1,5 m a prueba de ca\u00eddas, pesa 17 g (con llavero)<\/td><\/tr><tr><td>Colores<\/td><td>Plata mate \/ gris plomo cepillado (colores personalizados disponibles para pedidos al por mayor)<\/td><\/tr><\/tbody><\/table><\/figure>\n\n\n\n<h2 class=\"wp-block-heading\">\u00bfEl USB giratorio met\u00e1lico puede tener un logotipo personalizado?<\/h2>\n\n\n\n<p>Opciones de personalizaci\u00f3n del logotipo:<\/p>\n\n\n\n<ul class=\"wp-block-list\">\n<li><strong>Parte delantera<\/strong>: Mantiene los patrones hexagonales,\u00a0<strong>sin personalizaci\u00f3n del logotipo<\/strong><\/li>\n\n\n\n<li><strong>Parte trasera<\/strong>: La superficie plana totalmente met\u00e1lica admite el grabado por l\u00e1ser de nombres de empresa, informaci\u00f3n de contacto o dise\u00f1os con una profundidad de 0,1 mm para una visibilidad duradera.<br>La f\u00e1brica utiliza equipos l\u00e1ser importados de Alemania para una precisi\u00f3n de 0,01 mm. Los pedidos de m\u00e1s de 100 unidades obtienen servicios de dise\u00f1o 3D gratuitos, y la producci\u00f3n en masa comienza 3 d\u00edas laborables despu\u00e9s de la aprobaci\u00f3n de la muestra.<\/li>\n<\/ul>\n\n\n\n<p>El USB giratorio met\u00e1lico para tel\u00e9fonos combina un cuerpo de aleaci\u00f3n de zinc antigoteo, transferencia de alta velocidad USB 3.0 y dise\u00f1o de doble interfaz. Con servicios integrales desde la f\u00e1brica de origen, que van desde la personalizaci\u00f3n de la capacidad hasta el grabado del logotipo, es una opci\u00f3n ideal para el almacenamiento de datos corporativos y la venta al por mayor de regalos de marca.<\/p>\n\n\n\n<p><\/p>","protected":false},"excerpt":{"rendered":"<ul>\n<li>Estilos estampados<\/li>\n<li>Unidad flash USB Metal Twist<\/li>\n<li>USB3.0<\/li>\n<li>Logotipo de Cudtom<\/li>\n<li>MOQ:100PCS<\/li>\n<\/ul>","protected":false},"featured_media":3690,"comment_status":"open","ping_status":"closed","template":"","meta":{"_seopress_robots_primary_cat":"none","_seopress_titles_title":"","_seopress_titles_desc":"","_seopress_robots_index":"","site-sidebar-layout":"default","site-content-layout":"","ast-site-content-layout":"","site-content-style":"default","site-sidebar-style":"default","ast-global-header-display":"","ast-banner-title-visibility":"","ast-main-header-display":"","ast-hfb-above-header-display":"","ast-hfb-below-header-display":"","ast-hfb-mobile-header-display":"","site-post-title":"","ast-breadcrumbs-content":"","ast-featured-img":"","footer-sml-layout":"","theme-transparent-header-meta":"","adv-header-id-meta":"","stick-header-meta":"","header-above-stick-meta":"","header-main-stick-meta":"","header-below-stick-meta":"","astra-migrate-meta-layouts":"default","ast-page-background-enabled":"default","ast-page-background-meta":{"desktop":{"background-color":"var(--ast-global-color-5)","background-image":"","background-repeat":"repeat","background-position":"center center","background-size":"auto","background-attachment":"scroll","background-type":"","background-media":"","overlay-type":"","overlay-color":"","overlay-opacity":"","overlay-gradient":""},"tablet":{"background-color":"","background-image":"","background-repeat":"repeat","background-position":"center center","background-size":"auto","background-attachment":"scroll","background-type":"","background-media":"","overlay-type":"","overlay-color":"","overlay-opacity":"","overlay-gradient":""},"mobile":{"background-color":"","background-image":"","background-repeat":"repeat","background-position":"center center","background-size":"auto","background-attachment":"scroll","background-type":"","background-media":"","overlay-type":"","overlay-color":"","overlay-opacity":"","overlay-gradient":""}},"ast-content-background-meta":{"desktop":{"background-color":"var(--ast-global-color-4)","background-image":"","background-repeat":"repeat","background-position":"center center","background-size":"auto","background-attachment":"scroll","background-type":"","background-media":"","overlay-type":"","overlay-color":"","overlay-opacity":"","overlay-gradient":""},"tablet":{"background-color":"var(--ast-global-color-4)","background-image":"","background-repeat":"repeat","background-position":"center center","background-size":"auto","background-attachment":"scroll","background-type":"","background-media":"","overlay-type":"","overlay-color":"","overlay-opacity":"","overlay-gradient":""},"mobile":{"background-color":"var(--ast-global-color-4)","background-image":"","background-repeat":"repeat","background-position":"center center","background-size":"auto","background-attachment":"scroll","background-type":"","background-media":"","overlay-type":"","overlay-color":"","overlay-opacity":"","overlay-gradient":""}}},"product_brand":[],"product_cat":[106,105,104],"product_tag":[189,406],"class_list":{"0":"post-3683","1":"product","2":"type-product","3":"status-publish","4":"has-post-thumbnail","6":"product_cat-rotating-usb-pendrive","7":"product_cat-usb-c-pendrive","8":"product_cat-usb3-0-usb-pendrive","9":"product_tag-metal-rotate-usb-flash-drive-for-iphone","10":"product_tag-metal-swivel-usb-drive","11":"desktop-align-left","12":"tablet-align-left","13":"mobile-align-left","15":"first","16":"instock","17":"shipping-taxable","18":"product-type-simple"},"_links":{"self":[{"href":"https:\/\/www.usborkeychain.com\/es\/wp-json\/wp\/v2\/product\/3683","targetHints":{"allow":["GET"]}}],"collection":[{"href":"https:\/\/www.usborkeychain.com\/es\/wp-json\/wp\/v2\/product"}],"about":[{"href":"https:\/\/www.usborkeychain.com\/es\/wp-json\/wp\/v2\/types\/product"}],"replies":[{"embeddable":true,"href":"https:\/\/www.usborkeychain.com\/es\/wp-json\/wp\/v2\/comments?post=3683"}],"wp:featuredmedia":[{"embeddable":true,"href":"https:\/\/www.usborkeychain.com\/es\/wp-json\/wp\/v2\/media\/3690"}],"wp:attachment":[{"href":"https:\/\/www.usborkeychain.com\/es\/wp-json\/wp\/v2\/media?parent=3683"}],"wp:term":[{"taxonomy":"product_brand","embeddable":true,"href":"https:\/\/www.usborkeychain.com\/es\/wp-json\/wp\/v2\/product_brand?post=3683"},{"taxonomy":"product_cat","embeddable":true,"href":"https:\/\/www.usborkeychain.com\/es\/wp-json\/wp\/v2\/product_cat?post=3683"},{"taxonomy":"product_tag","embeddable":true,"href":"https:\/\/www.usborkeychain.com\/es\/wp-json\/wp\/v2\/product_tag?post=3683"}],"curies":[{"name":"wp","href":"https:\/\/api.w.org\/{rel}","templated":true}]}}