{"id":3693,"date":"2025-07-01T01:10:15","date_gmt":"2025-07-01T01:10:15","guid":{"rendered":"https:\/\/www.usborkeychain.com\/?post_type=product&#038;p=3693"},"modified":"2025-07-24T09:14:38","modified_gmt":"2025-07-24T09:14:38","slug":"biodegradable-key-shaped-usb-flash-drive","status":"publish","type":"product","link":"https:\/\/www.usborkeychain.com\/es\/producto\/biodegradable-key-shaped-usb-flash-drive\/","title":{"rendered":"Memoria USB biodegradable con forma de llave"},"content":{"rendered":"<p><\/p>\n\n\n\n<div class=\"wp-block-columns is-layout-flex wp-container-core-columns-is-layout-28f84493 wp-block-columns-is-layout-flex\">\n<div class=\"wp-block-column is-layout-flow wp-block-column-is-layout-flow\">\n<figure class=\"wp-block-image size-full\"><img fetchpriority=\"high\" decoding=\"async\" width=\"800\" height=\"800\" src=\"https:\/\/www.usborkeychain.com\/wp-content\/uploads\/key-shaped-usb-flash-drive.jpg\" alt=\"key-shaped-usb-flash-drive\" class=\"wp-image-3696\" srcset=\"https:\/\/www.usborkeychain.com\/wp-content\/uploads\/key-shaped-usb-flash-drive.jpg 800w, https:\/\/www.usborkeychain.com\/wp-content\/uploads\/key-shaped-usb-flash-drive-300x300.jpg 300w, https:\/\/www.usborkeychain.com\/wp-content\/uploads\/key-shaped-usb-flash-drive-150x150.jpg 150w, https:\/\/www.usborkeychain.com\/wp-content\/uploads\/key-shaped-usb-flash-drive-768x768.jpg 768w, https:\/\/www.usborkeychain.com\/wp-content\/uploads\/key-shaped-usb-flash-drive-12x12.jpg 12w, https:\/\/www.usborkeychain.com\/wp-content\/uploads\/key-shaped-usb-flash-drive-600x600.jpg 600w, https:\/\/www.usborkeychain.com\/wp-content\/uploads\/key-shaped-usb-flash-drive-100x100.jpg 100w\" sizes=\"(max-width: 800px) 100vw, 800px\" \/><\/figure>\n<\/div>\n\n\n\n<div class=\"wp-block-column is-vertically-aligned-center is-layout-flow wp-block-column-is-layout-flow\">\n<p>Nuestra f\u00e1brica presenta la serie de memorias USB biodegradables con forma de llave, con 4 dise\u00f1os cl\u00e1sicos de cabeza: triangular, redonda, con forma de casa y ovalada. <\/p>\n\n\n\n<p>Con un cuerpo superfino en forma de llave y material biodegradable, es respetuoso con el medio ambiente, admite la personalizaci\u00f3n corporativa y la venta al por mayor al por mayor, y se adapta a regalos publicitarios, almacenamiento de datos y mucho m\u00e1s.<\/p>\n<\/div>\n<\/div>\n\n\n\n<h4 class=\"wp-block-heading\">1. Material biodegradable respetuoso con el medio ambiente<\/h4>\n\n\n\n<p>Fabricado con material compuesto de \u00e1cido polil\u00e1ctico (PLA) y PBAT, derivado de recursos renovables como el ma\u00edz. Se degrada de forma natural en agua y di\u00f3xido de carbono, con un ciclo de degradaci\u00f3n de s\u00f3lo 1\/10 del pl\u00e1stico ordinario, cumpliendo las normas EN 13432 de la UE. Permite personalizar el color del material y el logotipo para transmitir los conceptos ecol\u00f3gicos de la marca.<\/p>\n\n\n\n<p><\/p>\n\n\n\n<h4 class=\"wp-block-heading\">2. Unidad USB triangular con forma de llave<\/h4>\n\n\n\n<p>Presenta un cabezal triangular con un orificio redondo de 5 mm para engancharlo al llavero. Dispone de interfaces USB 2.0\/USB 3.0 y tecnolog\u00eda UDP resistente al agua (sobrevive 30 minutos en 1 metro de agua). Con un grosor de 3,5 mm y un peso de 8 g, admite la personalizaci\u00f3n de la capacidad de 8 GB a 128 GB con logotipos de marca grabados con l\u00e1ser, ideal para la venta al por mayor.<\/p>\n\n\n\n<div class=\"wp-block-columns is-layout-flex wp-container-core-columns-is-layout-28f84493 wp-block-columns-is-layout-flex\">\n<div class=\"wp-block-column is-layout-flow wp-block-column-is-layout-flow\">\n<figure class=\"wp-block-image size-full\"><img alt=\"Triangular Key-Shaped USB Drive\" decoding=\"async\" width=\"800\" height=\"800\" src=\"https:\/\/www.usborkeychain.com\/wp-content\/uploads\/Triangular-Key-Shaped-USB-Drive.jpg\" class=\"wp-image-3698\" srcset=\"https:\/\/www.usborkeychain.com\/wp-content\/uploads\/Triangular-Key-Shaped-USB-Drive.jpg 800w, https:\/\/www.usborkeychain.com\/wp-content\/uploads\/Triangular-Key-Shaped-USB-Drive-300x300.jpg 300w, https:\/\/www.usborkeychain.com\/wp-content\/uploads\/Triangular-Key-Shaped-USB-Drive-150x150.jpg 150w, https:\/\/www.usborkeychain.com\/wp-content\/uploads\/Triangular-Key-Shaped-USB-Drive-768x768.jpg 768w, https:\/\/www.usborkeychain.com\/wp-content\/uploads\/Triangular-Key-Shaped-USB-Drive-12x12.jpg 12w, https:\/\/www.usborkeychain.com\/wp-content\/uploads\/Triangular-Key-Shaped-USB-Drive-600x600.jpg 600w, https:\/\/www.usborkeychain.com\/wp-content\/uploads\/Triangular-Key-Shaped-USB-Drive-100x100.jpg 100w\" sizes=\"(max-width: 800px) 100vw, 800px\" \/><\/figure>\n<\/div>\n\n\n\n<div class=\"wp-block-column is-layout-flow wp-block-column-is-layout-flow\">\n<figure class=\"wp-block-image size-full\"><img decoding=\"async\" width=\"800\" height=\"800\" src=\"https:\/\/www.usborkeychain.com\/wp-content\/uploads\/key-shaped-usb-flash-drive-custom-logo.jpg\" alt=\"key-shaped-usb-flash-drive-custom-logo\" class=\"wp-image-3697\" srcset=\"https:\/\/www.usborkeychain.com\/wp-content\/uploads\/key-shaped-usb-flash-drive-custom-logo.jpg 800w, https:\/\/www.usborkeychain.com\/wp-content\/uploads\/key-shaped-usb-flash-drive-custom-logo-300x300.jpg 300w, https:\/\/www.usborkeychain.com\/wp-content\/uploads\/key-shaped-usb-flash-drive-custom-logo-150x150.jpg 150w, https:\/\/www.usborkeychain.com\/wp-content\/uploads\/key-shaped-usb-flash-drive-custom-logo-768x768.jpg 768w, https:\/\/www.usborkeychain.com\/wp-content\/uploads\/key-shaped-usb-flash-drive-custom-logo-12x12.jpg 12w, https:\/\/www.usborkeychain.com\/wp-content\/uploads\/key-shaped-usb-flash-drive-custom-logo-600x600.jpg 600w, https:\/\/www.usborkeychain.com\/wp-content\/uploads\/key-shaped-usb-flash-drive-custom-logo-100x100.jpg 100w\" sizes=\"(max-width: 800px) 100vw, 800px\" \/><\/figure>\n<\/div>\n<\/div>\n\n\n\n<h4 class=\"wp-block-heading\">3. Unidad USB redonda con forma de llave<\/h4>\n\n\n\n<p>Disponible en dos estilos: cabeza redonda cl\u00e1sica de 20 mm (admite impresi\u00f3n en color UV) y cabeza ovalada plana de 15 mm (2,5 mm de grosor para facilitar el almacenamiento), ambas con bocallaves est\u00e1ndar. El modelo m\u00e1s solicitado, permite la personalizaci\u00f3n mediante serigraf\u00eda en la carcasa de material ecol\u00f3gico. Interfaz USB 3.0 (retrocompatible con USB 2.0), compatible con varios sistemas. La f\u00e1brica ofrece personalizaci\u00f3n de capacidad y aspecto para compras de regalos al por mayor.<\/p>\n\n\n\n<div class=\"wp-block-columns is-layout-flex wp-container-core-columns-is-layout-28f84493 wp-block-columns-is-layout-flex\">\n<div class=\"wp-block-column is-layout-flow wp-block-column-is-layout-flow\">\n<figure class=\"wp-block-image size-full\"><img alt=\"\" loading=\"lazy\" decoding=\"async\" width=\"800\" height=\"800\" src=\"https:\/\/www.usborkeychain.com\/wp-content\/uploads\/Round-Key-Shaped-USB-Drive-pendrive.jpg\" class=\"wp-image-3703\" srcset=\"https:\/\/www.usborkeychain.com\/wp-content\/uploads\/Round-Key-Shaped-USB-Drive-pendrive.jpg 800w, https:\/\/www.usborkeychain.com\/wp-content\/uploads\/Round-Key-Shaped-USB-Drive-pendrive-300x300.jpg 300w, https:\/\/www.usborkeychain.com\/wp-content\/uploads\/Round-Key-Shaped-USB-Drive-pendrive-150x150.jpg 150w, https:\/\/www.usborkeychain.com\/wp-content\/uploads\/Round-Key-Shaped-USB-Drive-pendrive-768x768.jpg 768w, https:\/\/www.usborkeychain.com\/wp-content\/uploads\/Round-Key-Shaped-USB-Drive-pendrive-12x12.jpg 12w, https:\/\/www.usborkeychain.com\/wp-content\/uploads\/Round-Key-Shaped-USB-Drive-pendrive-600x600.jpg 600w, https:\/\/www.usborkeychain.com\/wp-content\/uploads\/Round-Key-Shaped-USB-Drive-pendrive-100x100.jpg 100w\" sizes=\"(max-width: 800px) 100vw, 800px\" \/><\/figure>\n<\/div>\n\n\n\n<div class=\"wp-block-column is-layout-flow wp-block-column-is-layout-flow\">\n<figure class=\"wp-block-image size-full\"><img alt=\"\" loading=\"lazy\" decoding=\"async\" width=\"800\" height=\"800\" src=\"https:\/\/www.usborkeychain.com\/wp-content\/uploads\/Biodegradable-Key-Shaped-USB-Drive.jpg\" class=\"wp-image-3699\" srcset=\"https:\/\/www.usborkeychain.com\/wp-content\/uploads\/Biodegradable-Key-Shaped-USB-Drive.jpg 800w, https:\/\/www.usborkeychain.com\/wp-content\/uploads\/Biodegradable-Key-Shaped-USB-Drive-300x300.jpg 300w, https:\/\/www.usborkeychain.com\/wp-content\/uploads\/Biodegradable-Key-Shaped-USB-Drive-150x150.jpg 150w, https:\/\/www.usborkeychain.com\/wp-content\/uploads\/Biodegradable-Key-Shaped-USB-Drive-768x768.jpg 768w, https:\/\/www.usborkeychain.com\/wp-content\/uploads\/Biodegradable-Key-Shaped-USB-Drive-12x12.jpg 12w, https:\/\/www.usborkeychain.com\/wp-content\/uploads\/Biodegradable-Key-Shaped-USB-Drive-600x600.jpg 600w, https:\/\/www.usborkeychain.com\/wp-content\/uploads\/Biodegradable-Key-Shaped-USB-Drive-100x100.jpg 100w\" sizes=\"(max-width: 800px) 100vw, 800px\" \/><\/figure>\n<\/div>\n<\/div>\n\n\n\n<h4 class=\"wp-block-heading\">4. Unidad USB con llave en forma de casa<\/h4>\n\n\n\n<p>El cabezal imita el dise\u00f1o de un tejado inclinado, con un cuerpo de 2 mm de grosor (5 g de peso) que cabe en carteras. Resistente a ca\u00eddas de 1,5 m, la interfaz USB 2.0 garantiza una transmisi\u00f3n estable y una vida \u00fatil de 100.000 ciclos. El \u00e1rea del techo puede imprimir LOGOTIPOS, perfecto para marcas inmobiliarias y de creatividad cultural. La f\u00e1brica ofrece personalizaci\u00f3n integral para impulsar la promoci\u00f3n de la marca.<\/p>\n\n\n\n<div class=\"wp-block-columns is-layout-flex wp-container-core-columns-is-layout-28f84493 wp-block-columns-is-layout-flex\">\n<div class=\"wp-block-column is-layout-flow wp-block-column-is-layout-flow\">\n<figure class=\"wp-block-image size-full\"><img alt=\"\" loading=\"lazy\" decoding=\"async\" width=\"800\" height=\"800\" src=\"https:\/\/www.usborkeychain.com\/wp-content\/uploads\/house-shaepd-usb-flash-drive.jpg\" class=\"wp-image-3700\" srcset=\"https:\/\/www.usborkeychain.com\/wp-content\/uploads\/house-shaepd-usb-flash-drive.jpg 800w, https:\/\/www.usborkeychain.com\/wp-content\/uploads\/house-shaepd-usb-flash-drive-300x300.jpg 300w, https:\/\/www.usborkeychain.com\/wp-content\/uploads\/house-shaepd-usb-flash-drive-150x150.jpg 150w, https:\/\/www.usborkeychain.com\/wp-content\/uploads\/house-shaepd-usb-flash-drive-768x768.jpg 768w, https:\/\/www.usborkeychain.com\/wp-content\/uploads\/house-shaepd-usb-flash-drive-12x12.jpg 12w, https:\/\/www.usborkeychain.com\/wp-content\/uploads\/house-shaepd-usb-flash-drive-600x600.jpg 600w, https:\/\/www.usborkeychain.com\/wp-content\/uploads\/house-shaepd-usb-flash-drive-100x100.jpg 100w\" sizes=\"(max-width: 800px) 100vw, 800px\" \/><\/figure>\n<\/div>\n\n\n\n<div class=\"wp-block-column is-layout-flow wp-block-column-is-layout-flow\">\n<figure class=\"wp-block-image size-full\"><img alt=\"\" loading=\"lazy\" decoding=\"async\" width=\"800\" height=\"800\" src=\"https:\/\/www.usborkeychain.com\/wp-content\/uploads\/house-shape-usb-drive.jpg\" class=\"wp-image-3701\" srcset=\"https:\/\/www.usborkeychain.com\/wp-content\/uploads\/house-shape-usb-drive.jpg 800w, https:\/\/www.usborkeychain.com\/wp-content\/uploads\/house-shape-usb-drive-300x300.jpg 300w, https:\/\/www.usborkeychain.com\/wp-content\/uploads\/house-shape-usb-drive-150x150.jpg 150w, https:\/\/www.usborkeychain.com\/wp-content\/uploads\/house-shape-usb-drive-768x768.jpg 768w, https:\/\/www.usborkeychain.com\/wp-content\/uploads\/house-shape-usb-drive-12x12.jpg 12w, https:\/\/www.usborkeychain.com\/wp-content\/uploads\/house-shape-usb-drive-600x600.jpg 600w, https:\/\/www.usborkeychain.com\/wp-content\/uploads\/house-shape-usb-drive-100x100.jpg 100w\" sizes=\"(max-width: 800px) 100vw, 800px\" \/><\/figure>\n<\/div>\n<\/div>\n\n\n\n<p>Las memorias USB biodegradables combinan 4 dise\u00f1os creativos, materiales ecol\u00f3gicos y funciones pr\u00e1cticas para satisfacer diversas necesidades. Gracias a la personalizaci\u00f3n completa y a la venta al por mayor al por mayor, nuestra f\u00e1brica permite a las empresas promover una marca ecol\u00f3gica: elegirnos significa elegir un futuro sostenible.<\/p>","protected":false},"excerpt":{"rendered":"<ul>\n<li>Triangular en forma de llave<\/li>\n<li>Llave redonda<\/li>\n<li>En forma de casa<\/li>\n<li>Logotipo personalizado<\/li>\n<li>2 mm de grosor<\/li>\n<\/ul>","protected":false},"featured_media":3702,"comment_status":"open","ping_status":"closed","template":"","meta":{"_seopress_robots_primary_cat":"","_seopress_titles_title":"","_seopress_titles_desc":"","_seopress_robots_index":"","site-sidebar-layout":"default","site-content-layout":"","ast-site-content-layout":"","site-content-style":"default","site-sidebar-style":"default","ast-global-header-display":"","ast-banner-title-visibility":"","ast-main-header-display":"","ast-hfb-above-header-display":"","ast-hfb-below-header-display":"","ast-hfb-mobile-header-display":"","site-post-title":"","ast-breadcrumbs-content":"","ast-featured-img":"","footer-sml-layout":"","theme-transparent-header-meta":"","adv-header-id-meta":"","stick-header-meta":"","header-above-stick-meta":"","header-main-stick-meta":"","header-below-stick-meta":"","astra-migrate-meta-layouts":"default","ast-page-background-enabled":"default","ast-page-background-meta":{"desktop":{"background-color":"var(--ast-global-color-5)","background-image":"","background-repeat":"repeat","background-position":"center center","background-size":"auto","background-attachment":"scroll","background-type":"","background-media":"","overlay-type":"","overlay-color":"","overlay-opacity":"","overlay-gradient":""},"tablet":{"background-color":"","background-image":"","background-repeat":"repeat","background-position":"center center","background-size":"auto","background-attachment":"scroll","background-type":"","background-media":"","overlay-type":"","overlay-color":"","overlay-opacity":"","overlay-gradient":""},"mobile":{"background-color":"","background-image":"","background-repeat":"repeat","background-position":"center center","background-size":"auto","background-attachment":"scroll","background-type":"","background-media":"","overlay-type":"","overlay-color":"","overlay-opacity":"","overlay-gradient":""}},"ast-content-background-meta":{"desktop":{"background-color":"var(--ast-global-color-4)","background-image":"","background-repeat":"repeat","background-position":"center center","background-size":"auto","background-attachment":"scroll","background-type":"","background-media":"","overlay-type":"","overlay-color":"","overlay-opacity":"","overlay-gradient":""},"tablet":{"background-color":"var(--ast-global-color-4)","background-image":"","background-repeat":"repeat","background-position":"center center","background-size":"auto","background-attachment":"scroll","background-type":"","background-media":"","overlay-type":"","overlay-color":"","overlay-opacity":"","overlay-gradient":""},"mobile":{"background-color":"var(--ast-global-color-4)","background-image":"","background-repeat":"repeat","background-position":"center center","background-size":"auto","background-attachment":"scroll","background-type":"","background-media":"","overlay-type":"","overlay-color":"","overlay-opacity":"","overlay-gradient":""}}},"product_brand":[],"product_cat":[170,108],"product_tag":[208],"class_list":{"0":"post-3693","1":"product","2":"type-product","3":"status-publish","4":"has-post-thumbnail","6":"product_cat-biodegradable-usb-pendrive-2","7":"product_cat-key-shaped-usb-pendrive","8":"product_tag-eco-friendly-usb-drive","9":"desktop-align-left","10":"tablet-align-left","11":"mobile-align-left","13":"first","14":"instock","15":"shipping-taxable","16":"product-type-simple"},"_links":{"self":[{"href":"https:\/\/www.usborkeychain.com\/es\/wp-json\/wp\/v2\/product\/3693","targetHints":{"allow":["GET"]}}],"collection":[{"href":"https:\/\/www.usborkeychain.com\/es\/wp-json\/wp\/v2\/product"}],"about":[{"href":"https:\/\/www.usborkeychain.com\/es\/wp-json\/wp\/v2\/types\/product"}],"replies":[{"embeddable":true,"href":"https:\/\/www.usborkeychain.com\/es\/wp-json\/wp\/v2\/comments?post=3693"}],"wp:featuredmedia":[{"embeddable":true,"href":"https:\/\/www.usborkeychain.com\/es\/wp-json\/wp\/v2\/media\/3702"}],"wp:attachment":[{"href":"https:\/\/www.usborkeychain.com\/es\/wp-json\/wp\/v2\/media?parent=3693"}],"wp:term":[{"taxonomy":"product_brand","embeddable":true,"href":"https:\/\/www.usborkeychain.com\/es\/wp-json\/wp\/v2\/product_brand?post=3693"},{"taxonomy":"product_cat","embeddable":true,"href":"https:\/\/www.usborkeychain.com\/es\/wp-json\/wp\/v2\/product_cat?post=3693"},{"taxonomy":"product_tag","embeddable":true,"href":"https:\/\/www.usborkeychain.com\/es\/wp-json\/wp\/v2\/product_tag?post=3693"}],"curies":[{"name":"wp","href":"https:\/\/api.w.org\/{rel}","templated":true}]}}