{"id":3709,"date":"2025-07-01T02:53:24","date_gmt":"2025-07-01T02:53:24","guid":{"rendered":"https:\/\/www.usborkeychain.com\/?post_type=product&#038;p=3709"},"modified":"2025-08-17T13:16:59","modified_gmt":"2025-08-17T13:16:59","slug":"the-most-popular-twist-flash-drive-for-android-phone","status":"publish","type":"product","link":"https:\/\/www.usborkeychain.com\/es\/producto\/the-most-popular-twist-flash-drive-for-android-phone\/","title":{"rendered":"El twist flash drive m\u00e1s popular para tel\u00e9fono android"},"content":{"rendered":"<p><\/p>\n\n\n\n<div class=\"wp-block-columns is-layout-flex wp-container-core-columns-is-layout-28f84493 wp-block-columns-is-layout-flex\">\n<div class=\"wp-block-column is-layout-flow wp-block-column-is-layout-flow\">\n<figure class=\"wp-block-image size-full\"><img alt=\"\" fetchpriority=\"high\" decoding=\"async\" width=\"800\" height=\"800\" src=\"https:\/\/www.usborkeychain.com\/wp-content\/uploads\/usb-flash-drive-for-android-phone.jpg\" class=\"wp-image-3719\" srcset=\"https:\/\/www.usborkeychain.com\/wp-content\/uploads\/usb-flash-drive-for-android-phone.jpg 800w, https:\/\/www.usborkeychain.com\/wp-content\/uploads\/usb-flash-drive-for-android-phone-300x300.jpg 300w, https:\/\/www.usborkeychain.com\/wp-content\/uploads\/usb-flash-drive-for-android-phone-150x150.jpg 150w, https:\/\/www.usborkeychain.com\/wp-content\/uploads\/usb-flash-drive-for-android-phone-768x768.jpg 768w, https:\/\/www.usborkeychain.com\/wp-content\/uploads\/usb-flash-drive-for-android-phone-12x12.jpg 12w, https:\/\/www.usborkeychain.com\/wp-content\/uploads\/usb-flash-drive-for-android-phone-600x600.jpg 600w, https:\/\/www.usborkeychain.com\/wp-content\/uploads\/usb-flash-drive-for-android-phone-100x100.jpg 100w\" sizes=\"(max-width: 800px) 100vw, 800px\" \/><\/figure>\n<\/div>\n\n\n\n<div class=\"wp-block-column is-vertically-aligned-center is-layout-flow wp-block-column-is-layout-flow\">\n<h1 class=\"wp-block-heading\">Clip giratorio OTG USB Drive<\/h1>\n\n\n\n<p>Como modelo m\u00e1s vendido de unidades USB OTG, la unidad USB con clip giratorio se ha optimizado sobre la base del dise\u00f1o cl\u00e1sico, con un clip de metal duradero y ligero + cuerpo de pl\u00e1stico. Es compatible con la personalizaci\u00f3n de f\u00e1brica y la venta al por mayor, por lo que es una opci\u00f3n ideal para el almacenamiento personal y la adquisici\u00f3n de negocios.<\/p>\n<\/div>\n<\/div>\n\n\n\n<h2 class=\"wp-block-heading\">1\u3001\u00bfPor qu\u00e9 es popular la unidad USB m\u00f3vil giratoria con clip?<\/h2>\n\n\n\n<p>Como una de las primeras unidades USB para m\u00f3viles con interfaz Micro USB (compatible con Android), gan\u00f3 popularidad por su sencillo dise\u00f1o de clip giratorio, su precio asequible y sus m\u00faltiples opciones de color (rojo\/azul\/negro, etc.), que la hacen adecuada para la venta al por mayor. El fabricante ofrece servicios de personalizaci\u00f3n, como la impresi\u00f3n del logotipo, con un pedido m\u00ednimo de 500 unidades, lo que lo convierte en una opci\u00f3n popular para regalos promocionales.<\/p>\n\n\n\n<p>La producci\u00f3n a escala industrial proporciona a esta unidad USB una ventaja de precio significativa, con precios unitarios muy inferiores a los de unidades USB inteligentes similares, lo que resulta perfecto para compras al por mayor. Ofrece colores b\u00e1sicos como rojo, azul, negro y plata para satisfacer necesidades personalizadas. Para las empresas, las compras al por mayor no s\u00f3lo disfrutan de precios m\u00e1s bajos, sino que tambi\u00e9n permiten imprimir el logotipo de la marca o patrones exclusivos en la carcasa a trav\u00e9s de la personalizaci\u00f3n de f\u00e1brica, por lo que es un regalo promocional o corporativo rentable.<\/p>\n\n\n\n<div class=\"wp-block-columns is-layout-flex wp-container-core-columns-is-layout-28f84493 wp-block-columns-is-layout-flex\">\n<div class=\"wp-block-column is-layout-flow wp-block-column-is-layout-flow\">\n<figure class=\"wp-block-image size-full\"><img alt=\"\" decoding=\"async\" width=\"800\" height=\"800\" src=\"https:\/\/www.usborkeychain.com\/wp-content\/uploads\/usb-flash-drive-for-android-phone-usb3.0.jpg\" class=\"wp-image-3718\" srcset=\"https:\/\/www.usborkeychain.com\/wp-content\/uploads\/usb-flash-drive-for-android-phone-usb3.0.jpg 800w, https:\/\/www.usborkeychain.com\/wp-content\/uploads\/usb-flash-drive-for-android-phone-usb3.0-300x300.jpg 300w, https:\/\/www.usborkeychain.com\/wp-content\/uploads\/usb-flash-drive-for-android-phone-usb3.0-150x150.jpg 150w, https:\/\/www.usborkeychain.com\/wp-content\/uploads\/usb-flash-drive-for-android-phone-usb3.0-768x768.jpg 768w, https:\/\/www.usborkeychain.com\/wp-content\/uploads\/usb-flash-drive-for-android-phone-usb3.0-12x12.jpg 12w, https:\/\/www.usborkeychain.com\/wp-content\/uploads\/usb-flash-drive-for-android-phone-usb3.0-600x600.jpg 600w, https:\/\/www.usborkeychain.com\/wp-content\/uploads\/usb-flash-drive-for-android-phone-usb3.0-100x100.jpg 100w\" sizes=\"(max-width: 800px) 100vw, 800px\" \/><\/figure>\n<\/div>\n\n\n\n<div class=\"wp-block-column is-layout-flow wp-block-column-is-layout-flow\">\n<figure class=\"wp-block-image size-full\"><img alt=\"\" decoding=\"async\" width=\"800\" height=\"800\" src=\"https:\/\/www.usborkeychain.com\/wp-content\/uploads\/usb-flash-drive-for-android-phone-size.jpg\" class=\"wp-image-3717\" srcset=\"https:\/\/www.usborkeychain.com\/wp-content\/uploads\/usb-flash-drive-for-android-phone-size.jpg 800w, https:\/\/www.usborkeychain.com\/wp-content\/uploads\/usb-flash-drive-for-android-phone-size-300x300.jpg 300w, https:\/\/www.usborkeychain.com\/wp-content\/uploads\/usb-flash-drive-for-android-phone-size-150x150.jpg 150w, https:\/\/www.usborkeychain.com\/wp-content\/uploads\/usb-flash-drive-for-android-phone-size-768x768.jpg 768w, https:\/\/www.usborkeychain.com\/wp-content\/uploads\/usb-flash-drive-for-android-phone-size-12x12.jpg 12w, https:\/\/www.usborkeychain.com\/wp-content\/uploads\/usb-flash-drive-for-android-phone-size-600x600.jpg 600w, https:\/\/www.usborkeychain.com\/wp-content\/uploads\/usb-flash-drive-for-android-phone-size-100x100.jpg 100w\" sizes=\"(max-width: 800px) 100vw, 800px\" \/><\/figure>\n<\/div>\n<\/div>\n\n\n\n<h2 class=\"wp-block-heading\">2\u3001Par\u00e1metros del n\u00facleo: Clip de aleaci\u00f3n de zinc + Cuerpo ABS<\/h2>\n\n\n\n<p>El clip met\u00e1lico est\u00e1 fabricado en aleaci\u00f3n de zinc y ha sido probado para resistir 5.000 ciclos de apertura y cierre sin deformarse, sujetando con firmeza diversos objetos. El cuerpo de pl\u00e1stico utiliza material ABS de alta resistencia, resistente a las ca\u00eddas y sometido a pruebas de desgaste para que no sufra da\u00f1os tras una ca\u00edda de 1,5 m. La estructura giratoria de 360\u00b0 est\u00e1 optimizada para una amortiguaci\u00f3n moderada, lo que garantiza la estabilidad durante el uso y un f\u00e1cil ajuste del \u00e1ngulo para mayor portabilidad.<\/p>\n\n\n\n<figure class=\"wp-block-table\"><table class=\"has-fixed-layout\"><thead><tr><th>Par\u00e1metro<\/th><th>Especificaci\u00f3n<\/th><\/tr><\/thead><tbody><tr><td>Interfaz<\/td><td>Micro USB (Android)<\/td><\/tr><tr><td>Capacidad<\/td><td>8\/16\/32\/64 GB (personalizable)<\/td><\/tr><tr><td>Material<\/td><td>Clip de aleaci\u00f3n de zinc + pl\u00e1stico ABS<\/td><\/tr><tr><td>Dise\u00f1o<\/td><td>Rotaci\u00f3n de 360\u00b0, peso ligero de 12 g, resistente a ca\u00eddas de 1,5 m<\/td><\/tr><tr><td>Velocidad<\/td><td>Lectura: 10 MB\/s, Escritura: 5 MB\/s (USB 2.0)<\/td><\/tr><\/tbody><\/table><\/figure>\n\n\n\n<h2 class=\"wp-block-heading\">3\u3001Compatibilidad de interfaz: Conexi\u00f3n directa con Android, adaptador para uso universal<\/h2>\n\n\n\n<p>Equipado con una interfaz Micro USB est\u00e1ndar para la transferencia directa de datos plug-and-play con tel\u00e9fonos Android. Los usuarios de Apple\/Lightning\/Type-C deben adquirir un adaptador por separado (requiere que el dispositivo admita OTG). El fabricante ofrece orientaci\u00f3n sobre compatibilidad.<\/p>\n\n\n\n<p>Nota: Cuando utilices un adaptador, confirma que el dispositivo es compatible con la funci\u00f3n OTG (On-The-Go), que est\u00e1 activada por defecto en la mayor\u00eda de los modelos convencionales.<\/p>\n\n\n\n<div class=\"wp-block-columns is-layout-flex wp-container-core-columns-is-layout-28f84493 wp-block-columns-is-layout-flex\">\n<div class=\"wp-block-column is-layout-flow wp-block-column-is-layout-flow\">\n<figure class=\"wp-block-image size-full\"><img alt=\"\" loading=\"lazy\" decoding=\"async\" width=\"800\" height=\"800\" src=\"https:\/\/www.usborkeychain.com\/wp-content\/uploads\/green-flash-drive-for-android-phone.jpg\" class=\"wp-image-3714\" srcset=\"https:\/\/www.usborkeychain.com\/wp-content\/uploads\/green-flash-drive-for-android-phone.jpg 800w, https:\/\/www.usborkeychain.com\/wp-content\/uploads\/green-flash-drive-for-android-phone-300x300.jpg 300w, https:\/\/www.usborkeychain.com\/wp-content\/uploads\/green-flash-drive-for-android-phone-150x150.jpg 150w, https:\/\/www.usborkeychain.com\/wp-content\/uploads\/green-flash-drive-for-android-phone-768x768.jpg 768w, https:\/\/www.usborkeychain.com\/wp-content\/uploads\/green-flash-drive-for-android-phone-12x12.jpg 12w, https:\/\/www.usborkeychain.com\/wp-content\/uploads\/green-flash-drive-for-android-phone-600x600.jpg 600w, https:\/\/www.usborkeychain.com\/wp-content\/uploads\/green-flash-drive-for-android-phone-100x100.jpg 100w\" sizes=\"(max-width: 800px) 100vw, 800px\" \/><\/figure>\n<\/div>\n\n\n\n<div class=\"wp-block-column is-layout-flow wp-block-column-is-layout-flow\">\n<figure class=\"wp-block-image size-full\"><img alt=\"\" loading=\"lazy\" decoding=\"async\" width=\"800\" height=\"800\" src=\"https:\/\/www.usborkeychain.com\/wp-content\/uploads\/blue-twist-flash-drive-for-android-phone.jpg\" class=\"wp-image-3713\" srcset=\"https:\/\/www.usborkeychain.com\/wp-content\/uploads\/blue-twist-flash-drive-for-android-phone.jpg 800w, https:\/\/www.usborkeychain.com\/wp-content\/uploads\/blue-twist-flash-drive-for-android-phone-300x300.jpg 300w, https:\/\/www.usborkeychain.com\/wp-content\/uploads\/blue-twist-flash-drive-for-android-phone-150x150.jpg 150w, https:\/\/www.usborkeychain.com\/wp-content\/uploads\/blue-twist-flash-drive-for-android-phone-768x768.jpg 768w, https:\/\/www.usborkeychain.com\/wp-content\/uploads\/blue-twist-flash-drive-for-android-phone-12x12.jpg 12w, https:\/\/www.usborkeychain.com\/wp-content\/uploads\/blue-twist-flash-drive-for-android-phone-600x600.jpg 600w, https:\/\/www.usborkeychain.com\/wp-content\/uploads\/blue-twist-flash-drive-for-android-phone-100x100.jpg 100w\" sizes=\"(max-width: 800px) 100vw, 800px\" \/><\/figure>\n<\/div>\n\n\n\n<div class=\"wp-block-column is-layout-flow wp-block-column-is-layout-flow\">\n<figure class=\"wp-block-image size-full\"><img alt=\"\" loading=\"lazy\" decoding=\"async\" width=\"800\" height=\"800\" src=\"https:\/\/www.usborkeychain.com\/wp-content\/uploads\/black-twist-flash-drive-for-android-phone.jpg\" class=\"wp-image-3712\" srcset=\"https:\/\/www.usborkeychain.com\/wp-content\/uploads\/black-twist-flash-drive-for-android-phone.jpg 800w, https:\/\/www.usborkeychain.com\/wp-content\/uploads\/black-twist-flash-drive-for-android-phone-300x300.jpg 300w, https:\/\/www.usborkeychain.com\/wp-content\/uploads\/black-twist-flash-drive-for-android-phone-150x150.jpg 150w, https:\/\/www.usborkeychain.com\/wp-content\/uploads\/black-twist-flash-drive-for-android-phone-768x768.jpg 768w, https:\/\/www.usborkeychain.com\/wp-content\/uploads\/black-twist-flash-drive-for-android-phone-12x12.jpg 12w, https:\/\/www.usborkeychain.com\/wp-content\/uploads\/black-twist-flash-drive-for-android-phone-600x600.jpg 600w, https:\/\/www.usborkeychain.com\/wp-content\/uploads\/black-twist-flash-drive-for-android-phone-100x100.jpg 100w\" sizes=\"(max-width: 800px) 100vw, 800px\" \/><\/figure>\n<\/div>\n<\/div>\n\n\n\n<div class=\"wp-block-columns is-layout-flex wp-container-core-columns-is-layout-28f84493 wp-block-columns-is-layout-flex\">\n<div class=\"wp-block-column is-layout-flow wp-block-column-is-layout-flow\">\n<figure class=\"wp-block-image size-full\"><img alt=\"\" loading=\"lazy\" decoding=\"async\" width=\"800\" height=\"800\" src=\"https:\/\/www.usborkeychain.com\/wp-content\/uploads\/yellow-flash-drive-for-android-phone.jpg\" class=\"wp-image-3721\" srcset=\"https:\/\/www.usborkeychain.com\/wp-content\/uploads\/yellow-flash-drive-for-android-phone.jpg 800w, https:\/\/www.usborkeychain.com\/wp-content\/uploads\/yellow-flash-drive-for-android-phone-300x300.jpg 300w, https:\/\/www.usborkeychain.com\/wp-content\/uploads\/yellow-flash-drive-for-android-phone-150x150.jpg 150w, https:\/\/www.usborkeychain.com\/wp-content\/uploads\/yellow-flash-drive-for-android-phone-768x768.jpg 768w, https:\/\/www.usborkeychain.com\/wp-content\/uploads\/yellow-flash-drive-for-android-phone-12x12.jpg 12w, https:\/\/www.usborkeychain.com\/wp-content\/uploads\/yellow-flash-drive-for-android-phone-600x600.jpg 600w, https:\/\/www.usborkeychain.com\/wp-content\/uploads\/yellow-flash-drive-for-android-phone-100x100.jpg 100w\" sizes=\"(max-width: 800px) 100vw, 800px\" \/><\/figure>\n<\/div>\n\n\n\n<div class=\"wp-block-column is-layout-flow wp-block-column-is-layout-flow\">\n<figure class=\"wp-block-image size-full\"><img alt=\"\" loading=\"lazy\" decoding=\"async\" width=\"800\" height=\"800\" src=\"https:\/\/www.usborkeychain.com\/wp-content\/uploads\/white-flash-drive-for-android-phone.jpg\" class=\"wp-image-3720\" srcset=\"https:\/\/www.usborkeychain.com\/wp-content\/uploads\/white-flash-drive-for-android-phone.jpg 800w, https:\/\/www.usborkeychain.com\/wp-content\/uploads\/white-flash-drive-for-android-phone-300x300.jpg 300w, https:\/\/www.usborkeychain.com\/wp-content\/uploads\/white-flash-drive-for-android-phone-150x150.jpg 150w, https:\/\/www.usborkeychain.com\/wp-content\/uploads\/white-flash-drive-for-android-phone-768x768.jpg 768w, https:\/\/www.usborkeychain.com\/wp-content\/uploads\/white-flash-drive-for-android-phone-12x12.jpg 12w, https:\/\/www.usborkeychain.com\/wp-content\/uploads\/white-flash-drive-for-android-phone-600x600.jpg 600w, https:\/\/www.usborkeychain.com\/wp-content\/uploads\/white-flash-drive-for-android-phone-100x100.jpg 100w\" sizes=\"(max-width: 800px) 100vw, 800px\" \/><\/figure>\n<\/div>\n\n\n\n<div class=\"wp-block-column is-layout-flow wp-block-column-is-layout-flow\">\n<figure class=\"wp-block-image size-full\"><img alt=\"\" loading=\"lazy\" decoding=\"async\" width=\"800\" height=\"800\" src=\"https:\/\/www.usborkeychain.com\/wp-content\/uploads\/red-usb-flash-drive-for-android-phone.jpg\" class=\"wp-image-3715\" srcset=\"https:\/\/www.usborkeychain.com\/wp-content\/uploads\/red-usb-flash-drive-for-android-phone.jpg 800w, https:\/\/www.usborkeychain.com\/wp-content\/uploads\/red-usb-flash-drive-for-android-phone-300x300.jpg 300w, https:\/\/www.usborkeychain.com\/wp-content\/uploads\/red-usb-flash-drive-for-android-phone-150x150.jpg 150w, https:\/\/www.usborkeychain.com\/wp-content\/uploads\/red-usb-flash-drive-for-android-phone-768x768.jpg 768w, https:\/\/www.usborkeychain.com\/wp-content\/uploads\/red-usb-flash-drive-for-android-phone-12x12.jpg 12w, https:\/\/www.usborkeychain.com\/wp-content\/uploads\/red-usb-flash-drive-for-android-phone-600x600.jpg 600w, https:\/\/www.usborkeychain.com\/wp-content\/uploads\/red-usb-flash-drive-for-android-phone-100x100.jpg 100w\" sizes=\"(max-width: 800px) 100vw, 800px\" \/><\/figure>\n<\/div>\n<\/div>\n\n\n\n<h2 class=\"wp-block-heading\">4\u3001Opciones de color y personalizaci\u00f3n<\/h2>\n\n\n\n<p>Todos los colores utilizan la tecnolog\u00eda de pulverizaci\u00f3n UV para un mayor brillo y resistencia a la decoloraci\u00f3n. El dise\u00f1o de pinza giratoria de 360\u00b0 mejora la portabilidad y muestra los colores desde todos los \u00e1ngulos, lo que permite a los usuarios elegir seg\u00fan los atuendos o escenarios diarios.<\/p>\n\n\n\n<p>Para clientes corporativos o compradores al por mayor, el fabricante ofrece servicios flexibles de personalizaci\u00f3n:<\/p>\n\n\n\n<ul class=\"wp-block-list\">\n<li><strong>Personalizaci\u00f3n del color<\/strong>: Admite la personalizaci\u00f3n de la carta de colores Pantone con un pedido m\u00ednimo de 1.000 piezas (se requiere c\u00f3digo de color o muestra).<\/li>\n\n\n\n<li><strong>Impresi\u00f3n de LOGOTIPOS<\/strong>: Serigraf\u00eda o grabado por l\u00e1ser de logotipos de marca en el cuerpo o el clip, con un pedido m\u00ednimo de 100 unidades.<\/li>\n\n\n\n<li><strong>Personalizaci\u00f3n de envases<\/strong>: Proporciona envases neutros, cajas de colores, cajas de regalo, etc.<\/li>\n<\/ul>\n\n\n\n<p>El proceso de personalizaci\u00f3n es eficiente, y se ofrecen servicios de pruebas de dise\u00f1o. La entrega a granel est\u00e1 disponible en un plazo de 7-15 d\u00edas laborables tras la confirmaci\u00f3n de la muestra, respondiendo r\u00e1pidamente a las necesidades de regalos de empresa o modelos exclusivos de comercio electr\u00f3nico.<\/p>","protected":false},"excerpt":{"rendered":"<ul>\n<li>USB OTG<\/li>\n<li>Estilos<\/li>\n<li>Muchos colores a elegir<\/li>\n<li>Logotipo personalizado<\/li>\n<li>Compatible con Android<\/li>\n<\/ul>","protected":false},"featured_media":3716,"comment_status":"open","ping_status":"closed","template":"","meta":{"_seopress_robots_primary_cat":"","_seopress_titles_title":"","_seopress_titles_desc":"","_seopress_robots_index":"","site-sidebar-layout":"default","site-content-layout":"","ast-site-content-layout":"","site-content-style":"default","site-sidebar-style":"default","ast-global-header-display":"","ast-banner-title-visibility":"","ast-main-header-display":"","ast-hfb-above-header-display":"","ast-hfb-below-header-display":"","ast-hfb-mobile-header-display":"","site-post-title":"","ast-breadcrumbs-content":"","ast-featured-img":"","footer-sml-layout":"","theme-transparent-header-meta":"","adv-header-id-meta":"","stick-header-meta":"","header-above-stick-meta":"","header-main-stick-meta":"","header-below-stick-meta":"","astra-migrate-meta-layouts":"default","ast-page-background-enabled":"default","ast-page-background-meta":{"desktop":{"background-color":"var(--ast-global-color-5)","background-image":"","background-repeat":"repeat","background-position":"center center","background-size":"auto","background-attachment":"scroll","background-type":"","background-media":"","overlay-type":"","overlay-color":"","overlay-opacity":"","overlay-gradient":""},"tablet":{"background-color":"","background-image":"","background-repeat":"repeat","background-position":"center center","background-size":"auto","background-attachment":"scroll","background-type":"","background-media":"","overlay-type":"","overlay-color":"","overlay-opacity":"","overlay-gradient":""},"mobile":{"background-color":"","background-image":"","background-repeat":"repeat","background-position":"center center","background-size":"auto","background-attachment":"scroll","background-type":"","background-media":"","overlay-type":"","overlay-color":"","overlay-opacity":"","overlay-gradient":""}},"ast-content-background-meta":{"desktop":{"background-color":"var(--ast-global-color-4)","background-image":"","background-repeat":"repeat","background-position":"center center","background-size":"auto","background-attachment":"scroll","background-type":"","background-media":"","overlay-type":"","overlay-color":"","overlay-opacity":"","overlay-gradient":""},"tablet":{"background-color":"var(--ast-global-color-4)","background-image":"","background-repeat":"repeat","background-position":"center center","background-size":"auto","background-attachment":"scroll","background-type":"","background-media":"","overlay-type":"","overlay-color":"","overlay-opacity":"","overlay-gradient":""},"mobile":{"background-color":"var(--ast-global-color-4)","background-image":"","background-repeat":"repeat","background-position":"center center","background-size":"auto","background-attachment":"scroll","background-type":"","background-media":"","overlay-type":"","overlay-color":"","overlay-opacity":"","overlay-gradient":""}}},"product_brand":[],"product_cat":[106,105],"product_tag":[209,405],"class_list":{"0":"post-3709","1":"product","2":"type-product","3":"status-publish","4":"has-post-thumbnail","6":"product_cat-rotating-usb-pendrive","7":"product_cat-usb-c-pendrive","8":"product_tag-otg-usb-drives","9":"product_tag-plastic-rotating-usb-drive","10":"desktop-align-left","11":"tablet-align-left","12":"mobile-align-left","14":"first","15":"instock","16":"shipping-taxable","17":"product-type-simple"},"_links":{"self":[{"href":"https:\/\/www.usborkeychain.com\/es\/wp-json\/wp\/v2\/product\/3709","targetHints":{"allow":["GET"]}}],"collection":[{"href":"https:\/\/www.usborkeychain.com\/es\/wp-json\/wp\/v2\/product"}],"about":[{"href":"https:\/\/www.usborkeychain.com\/es\/wp-json\/wp\/v2\/types\/product"}],"replies":[{"embeddable":true,"href":"https:\/\/www.usborkeychain.com\/es\/wp-json\/wp\/v2\/comments?post=3709"}],"wp:featuredmedia":[{"embeddable":true,"href":"https:\/\/www.usborkeychain.com\/es\/wp-json\/wp\/v2\/media\/3716"}],"wp:attachment":[{"href":"https:\/\/www.usborkeychain.com\/es\/wp-json\/wp\/v2\/media?parent=3709"}],"wp:term":[{"taxonomy":"product_brand","embeddable":true,"href":"https:\/\/www.usborkeychain.com\/es\/wp-json\/wp\/v2\/product_brand?post=3709"},{"taxonomy":"product_cat","embeddable":true,"href":"https:\/\/www.usborkeychain.com\/es\/wp-json\/wp\/v2\/product_cat?post=3709"},{"taxonomy":"product_tag","embeddable":true,"href":"https:\/\/www.usborkeychain.com\/es\/wp-json\/wp\/v2\/product_tag?post=3709"}],"curies":[{"name":"wp","href":"https:\/\/api.w.org\/{rel}","templated":true}]}}