{"id":3724,"date":"2025-07-03T01:28:35","date_gmt":"2025-07-03T01:28:35","guid":{"rendered":"https:\/\/www.usborkeychain.com\/?post_type=product&#038;p=3724"},"modified":"2025-08-14T12:24:23","modified_gmt":"2025-08-14T12:24:23","slug":"degradable-ultra-thin-circular-usb-flash-drive","status":"publish","type":"product","link":"https:\/\/www.usborkeychain.com\/es\/producto\/degradable-ultra-thin-circular-usb-flash-drive\/","title":{"rendered":"Memoria USB circular ultrafina degradable"},"content":{"rendered":"<div class=\"wp-block-columns is-layout-flex wp-container-core-columns-is-layout-28f84493 wp-block-columns-is-layout-flex\">\n<div class=\"wp-block-column is-layout-flow wp-block-column-is-layout-flow\">\n<figure class=\"wp-block-image size-full\"><img alt=\"\" fetchpriority=\"high\" decoding=\"async\" width=\"800\" height=\"800\" src=\"https:\/\/www.usborkeychain.com\/wp-content\/uploads\/Eco-friendly-Degradable-USB-Flash-Drive-Circular-Card-Style.jpg\" class=\"wp-image-3732\" srcset=\"https:\/\/www.usborkeychain.com\/wp-content\/uploads\/Eco-friendly-Degradable-USB-Flash-Drive-Circular-Card-Style.jpg 800w, https:\/\/www.usborkeychain.com\/wp-content\/uploads\/Eco-friendly-Degradable-USB-Flash-Drive-Circular-Card-Style-300x300.jpg 300w, https:\/\/www.usborkeychain.com\/wp-content\/uploads\/Eco-friendly-Degradable-USB-Flash-Drive-Circular-Card-Style-150x150.jpg 150w, https:\/\/www.usborkeychain.com\/wp-content\/uploads\/Eco-friendly-Degradable-USB-Flash-Drive-Circular-Card-Style-768x768.jpg 768w, https:\/\/www.usborkeychain.com\/wp-content\/uploads\/Eco-friendly-Degradable-USB-Flash-Drive-Circular-Card-Style-12x12.jpg 12w, https:\/\/www.usborkeychain.com\/wp-content\/uploads\/Eco-friendly-Degradable-USB-Flash-Drive-Circular-Card-Style-600x600.jpg 600w, https:\/\/www.usborkeychain.com\/wp-content\/uploads\/Eco-friendly-Degradable-USB-Flash-Drive-Circular-Card-Style-100x100.jpg 100w\" sizes=\"(max-width: 800px) 100vw, 800px\" \/><\/figure>\n<\/div>\n\n\n\n<div class=\"wp-block-column is-vertically-aligned-center is-layout-flow wp-block-column-is-layout-flow\">\n<p>Con el continuo aumento de la concienciaci\u00f3n medioambiental, los fabricantes de memorias USB han lanzado recientemente esta memoria USB circular degradable respetuosa con el medio ambiente. <\/p>\n\n\n\n<p>Este producto presenta un dise\u00f1o ultrafino en forma de tarjeta circular, con un grosor de s\u00f3lo 3 mm, un di\u00e1metro de 50 mm y un peso de unos 8 g, lo que lo hace compacto, port\u00e1til y f\u00e1cil de guardar.<\/p>\n<\/div>\n<\/div>\n\n\n\n<h2 class=\"wp-block-heading\">\u00bfDe qu\u00e9 material es la memoria USB circular degradable?<\/h2>\n\n\n\n<p>La memoria USB circular degradable est\u00e1 fabricada con material ecol\u00f3gico de paja de trigo, procesado mediante una tecnolog\u00eda especial. Este material cumple las normas medioambientales internacionales y puede alcanzar m\u00e1s de 90% de degradaci\u00f3n en 180 d\u00edas en un entorno natural. La superficie USB est\u00e1 esmerilada para resistir el desgaste y los ara\u00f1azos. El dise\u00f1o tipo tarjeta con un di\u00e1metro de 50 mm y un grosor de 3 mm puede colocarse f\u00e1cilmente en carteras o tarjeteros, lo que garantiza que no suponga una carga para el transporte diario, al tiempo que equilibra la protecci\u00f3n del medio ambiente y la durabilidad.<\/p>\n\n\n\n<div class=\"wp-block-columns is-layout-flex wp-container-core-columns-is-layout-28232c24 wp-block-columns-is-layout-flex\">\n<div class=\"wp-block-column is-layout-flow wp-block-column-is-layout-flow\">\n<figure class=\"wp-block-image size-full\"><img alt=\"\" decoding=\"async\" width=\"800\" height=\"800\" src=\"https:\/\/www.usborkeychain.com\/wp-content\/uploads\/Degradable-Card-style-USB-Flash-Drive-Circular-Wheat-Straw.jpg\" class=\"wp-image-3730\" srcset=\"https:\/\/www.usborkeychain.com\/wp-content\/uploads\/Degradable-Card-style-USB-Flash-Drive-Circular-Wheat-Straw.jpg 800w, https:\/\/www.usborkeychain.com\/wp-content\/uploads\/Degradable-Card-style-USB-Flash-Drive-Circular-Wheat-Straw-300x300.jpg 300w, https:\/\/www.usborkeychain.com\/wp-content\/uploads\/Degradable-Card-style-USB-Flash-Drive-Circular-Wheat-Straw-150x150.jpg 150w, https:\/\/www.usborkeychain.com\/wp-content\/uploads\/Degradable-Card-style-USB-Flash-Drive-Circular-Wheat-Straw-768x768.jpg 768w, https:\/\/www.usborkeychain.com\/wp-content\/uploads\/Degradable-Card-style-USB-Flash-Drive-Circular-Wheat-Straw-12x12.jpg 12w, https:\/\/www.usborkeychain.com\/wp-content\/uploads\/Degradable-Card-style-USB-Flash-Drive-Circular-Wheat-Straw-600x600.jpg 600w, https:\/\/www.usborkeychain.com\/wp-content\/uploads\/Degradable-Card-style-USB-Flash-Drive-Circular-Wheat-Straw-100x100.jpg 100w\" sizes=\"(max-width: 800px) 100vw, 800px\" \/><\/figure>\n<\/div>\n\n\n\n<div class=\"wp-block-column is-layout-flow wp-block-column-is-layout-flow\">\n<figure class=\"wp-block-image size-full\"><img alt=\"\" decoding=\"async\" width=\"800\" height=\"800\" src=\"https:\/\/www.usborkeychain.com\/wp-content\/uploads\/Circular-Degradable-USB-Flash-Drive-Wheat-Straw-Card-Design.jpg\" class=\"wp-image-3729\" srcset=\"https:\/\/www.usborkeychain.com\/wp-content\/uploads\/Circular-Degradable-USB-Flash-Drive-Wheat-Straw-Card-Design.jpg 800w, https:\/\/www.usborkeychain.com\/wp-content\/uploads\/Circular-Degradable-USB-Flash-Drive-Wheat-Straw-Card-Design-300x300.jpg 300w, https:\/\/www.usborkeychain.com\/wp-content\/uploads\/Circular-Degradable-USB-Flash-Drive-Wheat-Straw-Card-Design-150x150.jpg 150w, https:\/\/www.usborkeychain.com\/wp-content\/uploads\/Circular-Degradable-USB-Flash-Drive-Wheat-Straw-Card-Design-768x768.jpg 768w, https:\/\/www.usborkeychain.com\/wp-content\/uploads\/Circular-Degradable-USB-Flash-Drive-Wheat-Straw-Card-Design-12x12.jpg 12w, https:\/\/www.usborkeychain.com\/wp-content\/uploads\/Circular-Degradable-USB-Flash-Drive-Wheat-Straw-Card-Design-600x600.jpg 600w, https:\/\/www.usborkeychain.com\/wp-content\/uploads\/Circular-Degradable-USB-Flash-Drive-Wheat-Straw-Card-Design-100x100.jpg 100w\" sizes=\"(max-width: 800px) 100vw, 800px\" \/><\/figure>\n<\/div>\n\n\n\n<div class=\"wp-block-column is-layout-flow wp-block-column-is-layout-flow\">\n<figure class=\"wp-block-image size-full\"><img alt=\"\" loading=\"lazy\" decoding=\"async\" width=\"800\" height=\"800\" src=\"https:\/\/www.usborkeychain.com\/wp-content\/uploads\/Circular-Card-style-Degradable-USB-Flash-Drive-Wheat-Straw.jpg\" class=\"wp-image-3728\" srcset=\"https:\/\/www.usborkeychain.com\/wp-content\/uploads\/Circular-Card-style-Degradable-USB-Flash-Drive-Wheat-Straw.jpg 800w, https:\/\/www.usborkeychain.com\/wp-content\/uploads\/Circular-Card-style-Degradable-USB-Flash-Drive-Wheat-Straw-300x300.jpg 300w, https:\/\/www.usborkeychain.com\/wp-content\/uploads\/Circular-Card-style-Degradable-USB-Flash-Drive-Wheat-Straw-150x150.jpg 150w, https:\/\/www.usborkeychain.com\/wp-content\/uploads\/Circular-Card-style-Degradable-USB-Flash-Drive-Wheat-Straw-768x768.jpg 768w, https:\/\/www.usborkeychain.com\/wp-content\/uploads\/Circular-Card-style-Degradable-USB-Flash-Drive-Wheat-Straw-12x12.jpg 12w, https:\/\/www.usborkeychain.com\/wp-content\/uploads\/Circular-Card-style-Degradable-USB-Flash-Drive-Wheat-Straw-600x600.jpg 600w, https:\/\/www.usborkeychain.com\/wp-content\/uploads\/Circular-Card-style-Degradable-USB-Flash-Drive-Wheat-Straw-100x100.jpg 100w\" sizes=\"(max-width: 800px) 100vw, 800px\" \/><\/figure>\n<\/div>\n<\/div>\n\n\n\n<h2 class=\"wp-block-heading\">\u00bfQu\u00e9 chip para la memoria USB circular degradable?<\/h2>\n\n\n\n<p>En cuanto a la configuraci\u00f3n del n\u00facleo, la memoria USB circular degradable est\u00e1 equipada con un chip UDP resistente al agua, que ofrece opciones de interfaz dual USB2.0 y USB3.0. La interfaz USB2.0 tiene una velocidad de lectura de hasta 15MB\/s y una velocidad de escritura de unos 5MB\/s; la interfaz USB3.0 alcanza una velocidad m\u00e1xima de lectura de 100MB\/s y una velocidad de escritura de 25MB\/s, satisfaciendo diferentes necesidades de transmisi\u00f3n de datos. Adem\u00e1s, la memoria USB admite m\u00faltiples capacidades de almacenamiento, desde 8 GB hasta 128 GB, y es resistente al agua (nivel IPX4), lo que garantiza la seguridad de los datos incluso en caso de salpicaduras accidentales.<\/p>\n\n\n\n<div class=\"wp-block-columns is-layout-flex wp-container-core-columns-is-layout-9c22b1e3 wp-block-columns-is-layout-flex\">\n<div class=\"wp-block-column is-layout-flow wp-block-column-is-layout-flow\">\n<figure class=\"wp-block-image size-full\"><img alt=\"\" loading=\"lazy\" decoding=\"async\" width=\"800\" height=\"800\" src=\"https:\/\/www.usborkeychain.com\/wp-content\/uploads\/Recycled-Paper-Disk-Flash-Drive-china-factory-600x600-1.jpg\" class=\"wp-image-3735\" srcset=\"https:\/\/www.usborkeychain.com\/wp-content\/uploads\/Recycled-Paper-Disk-Flash-Drive-china-factory-600x600-1.jpg 800w, https:\/\/www.usborkeychain.com\/wp-content\/uploads\/Recycled-Paper-Disk-Flash-Drive-china-factory-600x600-1-300x300.jpg 300w, https:\/\/www.usborkeychain.com\/wp-content\/uploads\/Recycled-Paper-Disk-Flash-Drive-china-factory-600x600-1-150x150.jpg 150w, https:\/\/www.usborkeychain.com\/wp-content\/uploads\/Recycled-Paper-Disk-Flash-Drive-china-factory-600x600-1-768x768.jpg 768w, https:\/\/www.usborkeychain.com\/wp-content\/uploads\/Recycled-Paper-Disk-Flash-Drive-china-factory-600x600-1-12x12.jpg 12w, https:\/\/www.usborkeychain.com\/wp-content\/uploads\/Recycled-Paper-Disk-Flash-Drive-china-factory-600x600-1-600x600.jpg 600w, https:\/\/www.usborkeychain.com\/wp-content\/uploads\/Recycled-Paper-Disk-Flash-Drive-china-factory-600x600-1-100x100.jpg 100w\" sizes=\"(max-width: 800px) 100vw, 800px\" \/><\/figure>\n<\/div>\n\n\n\n<div class=\"wp-block-column is-layout-flow wp-block-column-is-layout-flow\">\n<figure class=\"wp-block-image size-full\"><img alt=\"\" fetchpriority=\"high\" decoding=\"async\" width=\"800\" height=\"800\" src=\"https:\/\/www.usborkeychain.com\/wp-content\/uploads\/Eco-friendly-Degradable-USB-Flash-Drive-Circular-Card-Style.jpg\" class=\"wp-image-3732\" srcset=\"https:\/\/www.usborkeychain.com\/wp-content\/uploads\/Eco-friendly-Degradable-USB-Flash-Drive-Circular-Card-Style.jpg 800w, https:\/\/www.usborkeychain.com\/wp-content\/uploads\/Eco-friendly-Degradable-USB-Flash-Drive-Circular-Card-Style-300x300.jpg 300w, https:\/\/www.usborkeychain.com\/wp-content\/uploads\/Eco-friendly-Degradable-USB-Flash-Drive-Circular-Card-Style-150x150.jpg 150w, https:\/\/www.usborkeychain.com\/wp-content\/uploads\/Eco-friendly-Degradable-USB-Flash-Drive-Circular-Card-Style-768x768.jpg 768w, https:\/\/www.usborkeychain.com\/wp-content\/uploads\/Eco-friendly-Degradable-USB-Flash-Drive-Circular-Card-Style-12x12.jpg 12w, https:\/\/www.usborkeychain.com\/wp-content\/uploads\/Eco-friendly-Degradable-USB-Flash-Drive-Circular-Card-Style-600x600.jpg 600w, https:\/\/www.usborkeychain.com\/wp-content\/uploads\/Eco-friendly-Degradable-USB-Flash-Drive-Circular-Card-Style-100x100.jpg 100w\" sizes=\"(max-width: 800px) 100vw, 800px\" \/><\/figure>\n<\/div>\n<\/div>\n\n\n\n<h2 class=\"wp-block-heading\">\u00bfPara qu\u00e9 escenarios es adecuada la memoria USB circular degradable?<\/h2>\n\n\n\n<p>La memoria USB circular degradable tiene una amplia gama de aplicaciones. Las empresas pueden presentar con precisi\u00f3n contenidos personalizados, como logotipos de marcas y esl\u00f3ganes promocionales, mediante procesos como el grabado por l\u00e1ser y la serigraf\u00eda. En el caso de empresas agr\u00edcolas, forestales y de protecci\u00f3n del medio ambiente, las memorias USB personalizadas pueden utilizarse en reuniones con clientes, promociones en ferias y recompensas a empleados. Tomemos el ejemplo de una empresa forestal: tras personalizar 1.000 unidades como obsequios para clientes, la exposici\u00f3n de su marca aument\u00f3 en 30%, lo que mejor\u00f3 la fidelidad de los clientes y la imagen medioambiental de la empresa.<\/p>\n\n\n\n<div class=\"wp-block-columns is-layout-flex wp-container-core-columns-is-layout-9c22b1e3 wp-block-columns-is-layout-flex\">\n<div class=\"wp-block-column is-layout-flow wp-block-column-is-layout-flow\">\n<figure class=\"wp-block-image size-full\"><img alt=\"\" loading=\"lazy\" decoding=\"async\" width=\"800\" height=\"800\" src=\"https:\/\/www.usborkeychain.com\/wp-content\/uploads\/Eco-friendly-Wheat-Straw-Circular-USB-Flash-Drive-Card-style.jpg\" class=\"wp-image-3733\" srcset=\"https:\/\/www.usborkeychain.com\/wp-content\/uploads\/Eco-friendly-Wheat-Straw-Circular-USB-Flash-Drive-Card-style.jpg 800w, https:\/\/www.usborkeychain.com\/wp-content\/uploads\/Eco-friendly-Wheat-Straw-Circular-USB-Flash-Drive-Card-style-300x300.jpg 300w, https:\/\/www.usborkeychain.com\/wp-content\/uploads\/Eco-friendly-Wheat-Straw-Circular-USB-Flash-Drive-Card-style-150x150.jpg 150w, https:\/\/www.usborkeychain.com\/wp-content\/uploads\/Eco-friendly-Wheat-Straw-Circular-USB-Flash-Drive-Card-style-768x768.jpg 768w, https:\/\/www.usborkeychain.com\/wp-content\/uploads\/Eco-friendly-Wheat-Straw-Circular-USB-Flash-Drive-Card-style-12x12.jpg 12w, https:\/\/www.usborkeychain.com\/wp-content\/uploads\/Eco-friendly-Wheat-Straw-Circular-USB-Flash-Drive-Card-style-600x600.jpg 600w, https:\/\/www.usborkeychain.com\/wp-content\/uploads\/Eco-friendly-Wheat-Straw-Circular-USB-Flash-Drive-Card-style-100x100.jpg 100w\" sizes=\"(max-width: 800px) 100vw, 800px\" \/><\/figure>\n<\/div>\n\n\n\n<div class=\"wp-block-column is-layout-flow wp-block-column-is-layout-flow\">\n<figure class=\"wp-block-image size-full\"><img alt=\"\" loading=\"lazy\" decoding=\"async\" width=\"800\" height=\"800\" src=\"https:\/\/www.usborkeychain.com\/wp-content\/uploads\/Degradable-Ultra-thin-Circular-USB-Flash-Drive.jpg\" class=\"wp-image-3731\" srcset=\"https:\/\/www.usborkeychain.com\/wp-content\/uploads\/Degradable-Ultra-thin-Circular-USB-Flash-Drive.jpg 800w, https:\/\/www.usborkeychain.com\/wp-content\/uploads\/Degradable-Ultra-thin-Circular-USB-Flash-Drive-300x300.jpg 300w, https:\/\/www.usborkeychain.com\/wp-content\/uploads\/Degradable-Ultra-thin-Circular-USB-Flash-Drive-150x150.jpg 150w, https:\/\/www.usborkeychain.com\/wp-content\/uploads\/Degradable-Ultra-thin-Circular-USB-Flash-Drive-768x768.jpg 768w, https:\/\/www.usborkeychain.com\/wp-content\/uploads\/Degradable-Ultra-thin-Circular-USB-Flash-Drive-12x12.jpg 12w, https:\/\/www.usborkeychain.com\/wp-content\/uploads\/Degradable-Ultra-thin-Circular-USB-Flash-Drive-600x600.jpg 600w, https:\/\/www.usborkeychain.com\/wp-content\/uploads\/Degradable-Ultra-thin-Circular-USB-Flash-Drive-100x100.jpg 100w\" sizes=\"(max-width: 800px) 100vw, 800px\" \/><\/figure>\n<\/div>\n\n\n\n<div class=\"wp-block-column is-layout-flow wp-block-column-is-layout-flow\">\n<figure class=\"wp-block-image size-full\"><img alt=\"\" loading=\"lazy\" decoding=\"async\" width=\"800\" height=\"800\" src=\"https:\/\/www.usborkeychain.com\/wp-content\/uploads\/Card-style-Degradable-USB-Flash-Drive-Eco-friendly-Wheat-Straw.jpg\" class=\"wp-image-3727\" srcset=\"https:\/\/www.usborkeychain.com\/wp-content\/uploads\/Card-style-Degradable-USB-Flash-Drive-Eco-friendly-Wheat-Straw.jpg 800w, https:\/\/www.usborkeychain.com\/wp-content\/uploads\/Card-style-Degradable-USB-Flash-Drive-Eco-friendly-Wheat-Straw-300x300.jpg 300w, https:\/\/www.usborkeychain.com\/wp-content\/uploads\/Card-style-Degradable-USB-Flash-Drive-Eco-friendly-Wheat-Straw-150x150.jpg 150w, https:\/\/www.usborkeychain.com\/wp-content\/uploads\/Card-style-Degradable-USB-Flash-Drive-Eco-friendly-Wheat-Straw-768x768.jpg 768w, https:\/\/www.usborkeychain.com\/wp-content\/uploads\/Card-style-Degradable-USB-Flash-Drive-Eco-friendly-Wheat-Straw-12x12.jpg 12w, https:\/\/www.usborkeychain.com\/wp-content\/uploads\/Card-style-Degradable-USB-Flash-Drive-Eco-friendly-Wheat-Straw-600x600.jpg 600w, https:\/\/www.usborkeychain.com\/wp-content\/uploads\/Card-style-Degradable-USB-Flash-Drive-Eco-friendly-Wheat-Straw-100x100.jpg 100w\" sizes=\"(max-width: 800px) 100vw, 800px\" \/><\/figure>\n<\/div>\n<\/div>\n\n\n\n<p>Esta memoria USB degradable circular ultrafina y ecol\u00f3gica, con su material de paja de trigo respetuoso con el medio ambiente, su chip UDP de alto rendimiento, sus numerosas opciones de personalizaci\u00f3n y su aplicabilidad en m\u00faltiples escenarios, se ha convertido en un producto de referencia que combina practicidad y protecci\u00f3n medioambiental en el mercado de la personalizaci\u00f3n USB. Es una opci\u00f3n ideal para que las empresas transmitan valor de marca y pongan en pr\u00e1ctica conceptos de protecci\u00f3n medioambiental.<\/p>","protected":false},"excerpt":{"rendered":"<ul>\n<li>Mini forma circular<\/li>\n<li>Dise\u00f1o tipo tarjeta<\/li>\n<li>Paja de trigo degradable<\/li>\n<li>S\u00f3lo 3 mm de grosor<\/li>\n<li>UDP<\/li>\n<\/ul>","protected":false},"featured_media":3727,"comment_status":"open","ping_status":"closed","template":"","meta":{"_seopress_robots_primary_cat":"none","_seopress_titles_title":"","_seopress_titles_desc":"","_seopress_robots_index":"","site-sidebar-layout":"default","site-content-layout":"","ast-site-content-layout":"","site-content-style":"default","site-sidebar-style":"default","ast-global-header-display":"","ast-banner-title-visibility":"","ast-main-header-display":"","ast-hfb-above-header-display":"","ast-hfb-below-header-display":"","ast-hfb-mobile-header-display":"","site-post-title":"","ast-breadcrumbs-content":"","ast-featured-img":"","footer-sml-layout":"","theme-transparent-header-meta":"","adv-header-id-meta":"","stick-header-meta":"","header-above-stick-meta":"","header-main-stick-meta":"","header-below-stick-meta":"","astra-migrate-meta-layouts":"default","ast-page-background-enabled":"default","ast-page-background-meta":{"desktop":{"background-color":"var(--ast-global-color-5)","background-image":"","background-repeat":"repeat","background-position":"center center","background-size":"auto","background-attachment":"scroll","background-type":"","background-media":"","overlay-type":"","overlay-color":"","overlay-opacity":"","overlay-gradient":""},"tablet":{"background-color":"","background-image":"","background-repeat":"repeat","background-position":"center center","background-size":"auto","background-attachment":"scroll","background-type":"","background-media":"","overlay-type":"","overlay-color":"","overlay-opacity":"","overlay-gradient":""},"mobile":{"background-color":"","background-image":"","background-repeat":"repeat","background-position":"center center","background-size":"auto","background-attachment":"scroll","background-type":"","background-media":"","overlay-type":"","overlay-color":"","overlay-opacity":"","overlay-gradient":""}},"ast-content-background-meta":{"desktop":{"background-color":"var(--ast-global-color-4)","background-image":"","background-repeat":"repeat","background-position":"center center","background-size":"auto","background-attachment":"scroll","background-type":"","background-media":"","overlay-type":"","overlay-color":"","overlay-opacity":"","overlay-gradient":""},"tablet":{"background-color":"var(--ast-global-color-4)","background-image":"","background-repeat":"repeat","background-position":"center center","background-size":"auto","background-attachment":"scroll","background-type":"","background-media":"","overlay-type":"","overlay-color":"","overlay-opacity":"","overlay-gradient":""},"mobile":{"background-color":"var(--ast-global-color-4)","background-image":"","background-repeat":"repeat","background-position":"center center","background-size":"auto","background-attachment":"scroll","background-type":"","background-media":"","overlay-type":"","overlay-color":"","overlay-opacity":"","overlay-gradient":""}}},"product_brand":[],"product_cat":[170],"product_tag":[210],"class_list":{"0":"post-3724","1":"product","2":"type-product","3":"status-publish","4":"has-post-thumbnail","6":"product_cat-biodegradable-usb-pendrive-2","7":"product_tag-round-usb-flash-drive","8":"desktop-align-left","9":"tablet-align-left","10":"mobile-align-left","12":"first","13":"instock","14":"shipping-taxable","15":"product-type-simple"},"_links":{"self":[{"href":"https:\/\/www.usborkeychain.com\/es\/wp-json\/wp\/v2\/product\/3724","targetHints":{"allow":["GET"]}}],"collection":[{"href":"https:\/\/www.usborkeychain.com\/es\/wp-json\/wp\/v2\/product"}],"about":[{"href":"https:\/\/www.usborkeychain.com\/es\/wp-json\/wp\/v2\/types\/product"}],"replies":[{"embeddable":true,"href":"https:\/\/www.usborkeychain.com\/es\/wp-json\/wp\/v2\/comments?post=3724"}],"wp:featuredmedia":[{"embeddable":true,"href":"https:\/\/www.usborkeychain.com\/es\/wp-json\/wp\/v2\/media\/3727"}],"wp:attachment":[{"href":"https:\/\/www.usborkeychain.com\/es\/wp-json\/wp\/v2\/media?parent=3724"}],"wp:term":[{"taxonomy":"product_brand","embeddable":true,"href":"https:\/\/www.usborkeychain.com\/es\/wp-json\/wp\/v2\/product_brand?post=3724"},{"taxonomy":"product_cat","embeddable":true,"href":"https:\/\/www.usborkeychain.com\/es\/wp-json\/wp\/v2\/product_cat?post=3724"},{"taxonomy":"product_tag","embeddable":true,"href":"https:\/\/www.usborkeychain.com\/es\/wp-json\/wp\/v2\/product_tag?post=3724"}],"curies":[{"name":"wp","href":"https:\/\/api.w.org\/{rel}","templated":true}]}}