{"id":3751,"date":"2025-07-04T10:52:33","date_gmt":"2025-07-04T10:52:33","guid":{"rendered":"https:\/\/www.usborkeychain.com\/?post_type=product&#038;p=3751"},"modified":"2025-07-08T01:53:48","modified_gmt":"2025-07-08T01:53:48","slug":"pvc-microphone-usb-flash-drive","status":"publish","type":"product","link":"https:\/\/www.usborkeychain.com\/es\/producto\/pvc-microphone-usb-flash-drive\/","title":{"rendered":"Micr\u00f3fono de PVC Memoria USB"},"content":{"rendered":"<p><\/p>\n\n\n\n<div class=\"wp-block-columns is-layout-flex wp-container-core-columns-is-layout-28f84493 wp-block-columns-is-layout-flex\">\n<div class=\"wp-block-column is-layout-flow wp-block-column-is-layout-flow\">\n<figure class=\"wp-block-image size-full\"><img alt=\"USB Drive for KTV Opening Ceremony Gifts\" fetchpriority=\"high\" decoding=\"async\" width=\"750\" height=\"750\" src=\"https:\/\/www.usborkeychain.com\/wp-content\/uploads\/USB-Drive-for-KTV-Opening-Ceremony-Gifts.jpg\" class=\"wp-image-3754\" srcset=\"https:\/\/www.usborkeychain.com\/wp-content\/uploads\/USB-Drive-for-KTV-Opening-Ceremony-Gifts.jpg 750w, https:\/\/www.usborkeychain.com\/wp-content\/uploads\/USB-Drive-for-KTV-Opening-Ceremony-Gifts-300x300.jpg 300w, https:\/\/www.usborkeychain.com\/wp-content\/uploads\/USB-Drive-for-KTV-Opening-Ceremony-Gifts-150x150.jpg 150w, https:\/\/www.usborkeychain.com\/wp-content\/uploads\/USB-Drive-for-KTV-Opening-Ceremony-Gifts-12x12.jpg 12w, https:\/\/www.usborkeychain.com\/wp-content\/uploads\/USB-Drive-for-KTV-Opening-Ceremony-Gifts-600x600.jpg 600w, https:\/\/www.usborkeychain.com\/wp-content\/uploads\/USB-Drive-for-KTV-Opening-Ceremony-Gifts-100x100.jpg 100w\" sizes=\"(max-width: 750px) 100vw, 750px\" \/><\/figure>\n<\/div>\n\n\n\n<div class=\"wp-block-column is-vertically-aligned-center is-layout-flow wp-block-column-is-layout-flow\">\n<p>La unidad flash USB con micr\u00f3fono de PVC rompe con el dise\u00f1o USB tradicional gracias a su forma de micr\u00f3fono (simulado) muy copiado, convirti\u00e9ndose en una opci\u00f3n popular para regalos USB personalizados corporativos y en el modelo de regalo oficial especificado para los eventos musicales de Huawei. <\/p>\n\n\n\n<p>Como producto de referencia en el sector de los USB simulados, integra profundamente la artesan\u00eda del caucho blando de PVC con pr\u00e1cticas funciones de almacenamiento, demostrando ventajas precisas de personalizaci\u00f3n desde el material hasta la aplicaci\u00f3n en el escenario.<\/p>\n<\/div>\n<\/div>\n\n\n\n<h3 class=\"wp-block-heading\">\u00bfDe qu\u00e9 material es la memoria USB con micr\u00f3fono de PVC?<\/h3>\n\n\n\n<p>A diferencia de la textura dura de los modelos met\u00e1licos, la memoria USB con micr\u00f3fono de PVC est\u00e1 fabricada con material de goma blanda de PVC, moldeado por inyecci\u00f3n para ofrecer flexibilidad y resistencia a las ca\u00eddas. La serie incluye 3 dise\u00f1os con los cl\u00e1sicos rojo y negro como tonos principales (tipo de micr\u00f3fono est\u00e1ndar, tipo de micr\u00f3fono vintage y tipo de micr\u00f3fono de dibujos animados), que recuperan la sensaci\u00f3n de agarre de los micr\u00f3fonos reales. Reproduce detalles como las ondulaciones de la cabeza de malla y los arcos de la cabeza de sonido en una proporci\u00f3n 1:1, con una precisi\u00f3n de simulaci\u00f3n de m\u00e1s de 95%. La ventaja el\u00e1stica del material de goma blanda le permite resistir una prueba de ca\u00edda de 1,5 m, adecuado para m\u00faltiples escenarios, como actuaciones al aire libre y regalos para eventos.<\/p>\n\n\n\n<div class=\"wp-block-columns is-layout-flex wp-container-core-columns-is-layout-28f84493 wp-block-columns-is-layout-flex\">\n<div class=\"wp-block-column is-layout-flow wp-block-column-is-layout-flow\">\n<figure class=\"wp-block-image size-full\"><img alt=\"\" decoding=\"async\" width=\"800\" height=\"800\" src=\"https:\/\/www.usborkeychain.com\/wp-content\/uploads\/PVC-Microphone-USB-Flash-Drive.jpg\" class=\"wp-image-3758\" srcset=\"https:\/\/www.usborkeychain.com\/wp-content\/uploads\/PVC-Microphone-USB-Flash-Drive.jpg 800w, https:\/\/www.usborkeychain.com\/wp-content\/uploads\/PVC-Microphone-USB-Flash-Drive-300x300.jpg 300w, https:\/\/www.usborkeychain.com\/wp-content\/uploads\/PVC-Microphone-USB-Flash-Drive-150x150.jpg 150w, https:\/\/www.usborkeychain.com\/wp-content\/uploads\/PVC-Microphone-USB-Flash-Drive-768x768.jpg 768w, https:\/\/www.usborkeychain.com\/wp-content\/uploads\/PVC-Microphone-USB-Flash-Drive-12x12.jpg 12w, https:\/\/www.usborkeychain.com\/wp-content\/uploads\/PVC-Microphone-USB-Flash-Drive-600x600.jpg 600w, https:\/\/www.usborkeychain.com\/wp-content\/uploads\/PVC-Microphone-USB-Flash-Drive-100x100.jpg 100w\" sizes=\"(max-width: 800px) 100vw, 800px\" \/><\/figure>\n<\/div>\n\n\n\n<div class=\"wp-block-column is-layout-flow wp-block-column-is-layout-flow\">\n<figure class=\"wp-block-image size-full\"><img alt=\"\" decoding=\"async\" width=\"800\" height=\"800\" src=\"https:\/\/www.usborkeychain.com\/wp-content\/uploads\/USB-Flash-Drive-for-Concert-Event-Souvenirs.jpg\" class=\"wp-image-3759\" srcset=\"https:\/\/www.usborkeychain.com\/wp-content\/uploads\/USB-Flash-Drive-for-Concert-Event-Souvenirs.jpg 800w, https:\/\/www.usborkeychain.com\/wp-content\/uploads\/USB-Flash-Drive-for-Concert-Event-Souvenirs-300x300.jpg 300w, https:\/\/www.usborkeychain.com\/wp-content\/uploads\/USB-Flash-Drive-for-Concert-Event-Souvenirs-150x150.jpg 150w, https:\/\/www.usborkeychain.com\/wp-content\/uploads\/USB-Flash-Drive-for-Concert-Event-Souvenirs-768x768.jpg 768w, https:\/\/www.usborkeychain.com\/wp-content\/uploads\/USB-Flash-Drive-for-Concert-Event-Souvenirs-12x12.jpg 12w, https:\/\/www.usborkeychain.com\/wp-content\/uploads\/USB-Flash-Drive-for-Concert-Event-Souvenirs-600x600.jpg 600w, https:\/\/www.usborkeychain.com\/wp-content\/uploads\/USB-Flash-Drive-for-Concert-Event-Souvenirs-100x100.jpg 100w\" sizes=\"(max-width: 800px) 100vw, 800px\" \/><\/figure>\n<\/div>\n<\/div>\n\n\n\n<h3 class=\"wp-block-heading\">\u00bfCu\u00e1les son las aplicaciones de las unidades USB con micr\u00f3fono personalizadas por Huawei?<\/h3>\n\n\n\n<p>Como regalo oficial personalizado para los eventos musicales de Huawei, esta unidad USB adopta un embalaje de caja de regalo con tapa negra (de dos piezas). La caja utiliza cart\u00f3n duro de 2 mm de grosor con tecnolog\u00eda LOGO estampado en oro, junto con algod\u00f3n EVA a prueba de golpes en el interior para su protecci\u00f3n. El cuerpo del USB est\u00e1 grabado con l\u00e1ser con el logotipo de la marca Huawei, de serie con 16 GB de almacenamiento (8-64 GB opcionales), compatible con la transmisi\u00f3n de alta velocidad USB 2.0 a una velocidad de lectura-escritura de 15 MB\/s. Actualmente se utiliza en festivales de m\u00fasica y lanzamientos de nuevos productos de Huawei como recuerdo para los invitados y premio para los fans, y mejora la memorizaci\u00f3n del evento gracias a la combinaci\u00f3n personalizada de \"logotipo de la marca + elementos musicales\".<\/p>\n\n\n\n<div class=\"wp-block-columns is-layout-flex wp-container-core-columns-is-layout-28f84493 wp-block-columns-is-layout-flex\">\n<div class=\"wp-block-column is-layout-flow wp-block-column-is-layout-flow\">\n<figure class=\"wp-block-image size-full\"><img alt=\"\" loading=\"lazy\" decoding=\"async\" width=\"800\" height=\"800\" src=\"https:\/\/www.usborkeychain.com\/wp-content\/uploads\/Microphone-shaped-USB-Drive.jpg\" class=\"wp-image-3756\" srcset=\"https:\/\/www.usborkeychain.com\/wp-content\/uploads\/Microphone-shaped-USB-Drive.jpg 800w, https:\/\/www.usborkeychain.com\/wp-content\/uploads\/Microphone-shaped-USB-Drive-300x300.jpg 300w, https:\/\/www.usborkeychain.com\/wp-content\/uploads\/Microphone-shaped-USB-Drive-150x150.jpg 150w, https:\/\/www.usborkeychain.com\/wp-content\/uploads\/Microphone-shaped-USB-Drive-768x768.jpg 768w, https:\/\/www.usborkeychain.com\/wp-content\/uploads\/Microphone-shaped-USB-Drive-12x12.jpg 12w, https:\/\/www.usborkeychain.com\/wp-content\/uploads\/Microphone-shaped-USB-Drive-600x600.jpg 600w, https:\/\/www.usborkeychain.com\/wp-content\/uploads\/Microphone-shaped-USB-Drive-100x100.jpg 100w\" sizes=\"(max-width: 800px) 100vw, 800px\" \/><\/figure>\n<\/div>\n\n\n\n<div class=\"wp-block-column is-layout-flow wp-block-column-is-layout-flow\">\n<figure class=\"wp-block-image size-full\"><img alt=\"\" loading=\"lazy\" decoding=\"async\" width=\"800\" height=\"800\" src=\"https:\/\/www.usborkeychain.com\/wp-content\/uploads\/PVC-Microphone-Model-USB-Flash-Drive.jpg\" class=\"wp-image-3757\" srcset=\"https:\/\/www.usborkeychain.com\/wp-content\/uploads\/PVC-Microphone-Model-USB-Flash-Drive.jpg 800w, https:\/\/www.usborkeychain.com\/wp-content\/uploads\/PVC-Microphone-Model-USB-Flash-Drive-300x300.jpg 300w, https:\/\/www.usborkeychain.com\/wp-content\/uploads\/PVC-Microphone-Model-USB-Flash-Drive-150x150.jpg 150w, https:\/\/www.usborkeychain.com\/wp-content\/uploads\/PVC-Microphone-Model-USB-Flash-Drive-768x768.jpg 768w, https:\/\/www.usborkeychain.com\/wp-content\/uploads\/PVC-Microphone-Model-USB-Flash-Drive-12x12.jpg 12w, https:\/\/www.usborkeychain.com\/wp-content\/uploads\/PVC-Microphone-Model-USB-Flash-Drive-600x600.jpg 600w, https:\/\/www.usborkeychain.com\/wp-content\/uploads\/PVC-Microphone-Model-USB-Flash-Drive-100x100.jpg 100w\" sizes=\"(max-width: 800px) 100vw, 800px\" \/><\/figure>\n<\/div>\n<\/div>\n\n\n\n<h3 class=\"wp-block-heading\">\u00bfQu\u00e9 caracter\u00edsticas tienen las memorias USB personalizadas para regalo de KTV?<\/h3>\n\n\n\n<p><\/p>\n\n\n\n<div class=\"wp-block-columns is-layout-flex wp-container-core-columns-is-layout-28f84493 wp-block-columns-is-layout-flex\">\n<div class=\"wp-block-column is-layout-flow wp-block-column-is-layout-flow\">\n<figure class=\"wp-block-image size-full\"><img alt=\"\" loading=\"lazy\" decoding=\"async\" width=\"1000\" height=\"1000\" src=\"https:\/\/www.usborkeychain.com\/wp-content\/uploads\/Microphone-USB-Drive.jpg\" class=\"wp-image-3755\" srcset=\"https:\/\/www.usborkeychain.com\/wp-content\/uploads\/Microphone-USB-Drive.jpg 1000w, https:\/\/www.usborkeychain.com\/wp-content\/uploads\/Microphone-USB-Drive-300x300.jpg 300w, https:\/\/www.usborkeychain.com\/wp-content\/uploads\/Microphone-USB-Drive-150x150.jpg 150w, https:\/\/www.usborkeychain.com\/wp-content\/uploads\/Microphone-USB-Drive-768x768.jpg 768w, https:\/\/www.usborkeychain.com\/wp-content\/uploads\/Microphone-USB-Drive-12x12.jpg 12w, https:\/\/www.usborkeychain.com\/wp-content\/uploads\/Microphone-USB-Drive-600x600.jpg 600w, https:\/\/www.usborkeychain.com\/wp-content\/uploads\/Microphone-USB-Drive-100x100.jpg 100w\" sizes=\"(max-width: 1000px) 100vw, 1000px\" \/><\/figure>\n<\/div>\n\n\n\n<div class=\"wp-block-column is-vertically-aligned-center is-layout-flow wp-block-column-is-layout-flow\">\n<p>La unidad USB con micr\u00f3fono rojo personalizada para el sector KTV est\u00e1 especialmente dise\u00f1ada para celebraciones de aniversarios y aperturas de nuevos establecimientos. El cuerpo principal utiliza goma blanda de PVC de color rojo brillante con un anillo decorativo de cabeza de malla dorada, con un tama\u00f1o de 12 cm*3,5 cm (incluida la base) y un peso de solo 28 g para facilitar su transporte. <\/p>\n\n\n\n<p>La cola USB est\u00e1 dise\u00f1ada con un orificio para cord\u00f3n, compatible con los cordones o llaveros de la marca KTV. Las opciones de personalizaci\u00f3n incluyen nombres de tiendas impresos en seda, logotipos de aniversario y esl\u00f3ganes exclusivos (por ejemplo, \"XX KTV 10th Anniversary - Because of You\").<\/p>\n\n\n\n<p> A menudo se utiliza como regalo de recarga de socios o de consumo completo en salones privados, y combina 64 GB de almacenamiento (capaz de prealmacenar acompa\u00f1amientos de canciones populares) para lograr una doble integraci\u00f3n de funciones de marketing y valor pr\u00e1ctico.<\/p>\n<\/div>\n<\/div>\n\n\n\n<p>La unidad flash USB con micr\u00f3fono de PVC, con su artesan\u00eda simulada de material de goma blanda de PVC, est\u00e1ndares de personalizaci\u00f3n de nivel Huawei y soluciones de personalizaci\u00f3n basadas en escenarios KTV, se ha convertido en un producto de referencia para que los fabricantes de USB ofrezcan servicios de personalizaci\u00f3n para las industrias de la m\u00fasica y el entretenimiento. Su capacidad de personalizaci\u00f3n integral, desde la selecci\u00f3n del material hasta el dise\u00f1o del embalaje, permite una comunicaci\u00f3n precisa de la marca a trav\u00e9s de regalos pr\u00e1cticos.<\/p>","protected":false},"excerpt":{"rendered":"<ul>\n<li>Material de PVC<\/li>\n<li>Estilo con forma de micr\u00f3fono<\/li>\n<li>3 modelos<\/li>\n<li>Molde de PVC<\/li>\n<li>MOQ:100PCS<\/li>\n<\/ul>","protected":false},"featured_media":3754,"comment_status":"open","ping_status":"closed","template":"","meta":{"_seopress_robots_primary_cat":"","_seopress_titles_title":"","_seopress_titles_desc":"","_seopress_robots_index":"","site-sidebar-layout":"default","site-content-layout":"","ast-site-content-layout":"","site-content-style":"default","site-sidebar-style":"default","ast-global-header-display":"","ast-banner-title-visibility":"","ast-main-header-display":"","ast-hfb-above-header-display":"","ast-hfb-below-header-display":"","ast-hfb-mobile-header-display":"","site-post-title":"","ast-breadcrumbs-content":"","ast-featured-img":"","footer-sml-layout":"","theme-transparent-header-meta":"","adv-header-id-meta":"","stick-header-meta":"","header-above-stick-meta":"","header-main-stick-meta":"","header-below-stick-meta":"","astra-migrate-meta-layouts":"default","ast-page-background-enabled":"default","ast-page-background-meta":{"desktop":{"background-color":"var(--ast-global-color-5)","background-image":"","background-repeat":"repeat","background-position":"center center","background-size":"auto","background-attachment":"scroll","background-type":"","background-media":"","overlay-type":"","overlay-color":"","overlay-opacity":"","overlay-gradient":""},"tablet":{"background-color":"","background-image":"","background-repeat":"repeat","background-position":"center center","background-size":"auto","background-attachment":"scroll","background-type":"","background-media":"","overlay-type":"","overlay-color":"","overlay-opacity":"","overlay-gradient":""},"mobile":{"background-color":"","background-image":"","background-repeat":"repeat","background-position":"center center","background-size":"auto","background-attachment":"scroll","background-type":"","background-media":"","overlay-type":"","overlay-color":"","overlay-opacity":"","overlay-gradient":""}},"ast-content-background-meta":{"desktop":{"background-color":"var(--ast-global-color-4)","background-image":"","background-repeat":"repeat","background-position":"center center","background-size":"auto","background-attachment":"scroll","background-type":"","background-media":"","overlay-type":"","overlay-color":"","overlay-opacity":"","overlay-gradient":""},"tablet":{"background-color":"var(--ast-global-color-4)","background-image":"","background-repeat":"repeat","background-position":"center center","background-size":"auto","background-attachment":"scroll","background-type":"","background-media":"","overlay-type":"","overlay-color":"","overlay-opacity":"","overlay-gradient":""},"mobile":{"background-color":"var(--ast-global-color-4)","background-image":"","background-repeat":"repeat","background-position":"center center","background-size":"auto","background-attachment":"scroll","background-type":"","background-media":"","overlay-type":"","overlay-color":"","overlay-opacity":"","overlay-gradient":""}}},"product_brand":[],"product_cat":[94],"product_tag":[],"class_list":{"0":"post-3751","1":"product","2":"type-product","3":"status-publish","4":"has-post-thumbnail","6":"product_cat-pvc-usb-pendrive","7":"desktop-align-left","8":"tablet-align-left","9":"mobile-align-left","11":"first","12":"instock","13":"shipping-taxable","14":"product-type-simple"},"_links":{"self":[{"href":"https:\/\/www.usborkeychain.com\/es\/wp-json\/wp\/v2\/product\/3751","targetHints":{"allow":["GET"]}}],"collection":[{"href":"https:\/\/www.usborkeychain.com\/es\/wp-json\/wp\/v2\/product"}],"about":[{"href":"https:\/\/www.usborkeychain.com\/es\/wp-json\/wp\/v2\/types\/product"}],"replies":[{"embeddable":true,"href":"https:\/\/www.usborkeychain.com\/es\/wp-json\/wp\/v2\/comments?post=3751"}],"wp:featuredmedia":[{"embeddable":true,"href":"https:\/\/www.usborkeychain.com\/es\/wp-json\/wp\/v2\/media\/3754"}],"wp:attachment":[{"href":"https:\/\/www.usborkeychain.com\/es\/wp-json\/wp\/v2\/media?parent=3751"}],"wp:term":[{"taxonomy":"product_brand","embeddable":true,"href":"https:\/\/www.usborkeychain.com\/es\/wp-json\/wp\/v2\/product_brand?post=3751"},{"taxonomy":"product_cat","embeddable":true,"href":"https:\/\/www.usborkeychain.com\/es\/wp-json\/wp\/v2\/product_cat?post=3751"},{"taxonomy":"product_tag","embeddable":true,"href":"https:\/\/www.usborkeychain.com\/es\/wp-json\/wp\/v2\/product_tag?post=3751"}],"curies":[{"name":"wp","href":"https:\/\/api.w.org\/{rel}","templated":true}]}}