{"id":3761,"date":"2025-07-04T12:30:01","date_gmt":"2025-07-04T12:30:01","guid":{"rendered":"https:\/\/www.usborkeychain.com\/?post_type=product&#038;p=3761"},"modified":"2025-07-05T08:53:11","modified_gmt":"2025-07-05T08:53:11","slug":"eco-credit-card-usb-drive-for-prosperkolleg-circular-economy","status":"publish","type":"product","link":"https:\/\/www.usborkeychain.com\/es\/producto\/eco-credit-card-usb-drive-for-prosperkolleg-circular-economy\/","title":{"rendered":"Unidad USB de tarjeta de cr\u00e9dito ecol\u00f3gica para la econom\u00eda circular de Prosperkolleg"},"content":{"rendered":"<p><\/p>\n\n\n\n<div class=\"wp-block-columns is-layout-flex wp-container-core-columns-is-layout-28f84493 wp-block-columns-is-layout-flex\">\n<div class=\"wp-block-column is-layout-flow wp-block-column-is-layout-flow\">\n<figure class=\"wp-block-image size-full\"><img alt=\"\" fetchpriority=\"high\" decoding=\"async\" width=\"800\" height=\"800\" src=\"https:\/\/www.usborkeychain.com\/wp-content\/uploads\/Eco-friendly-card-shaped-usbstick-ODM-Factory.jpg\" class=\"wp-image-3766\" srcset=\"https:\/\/www.usborkeychain.com\/wp-content\/uploads\/Eco-friendly-card-shaped-usbstick-ODM-Factory.jpg 800w, https:\/\/www.usborkeychain.com\/wp-content\/uploads\/Eco-friendly-card-shaped-usbstick-ODM-Factory-300x300.jpg 300w, https:\/\/www.usborkeychain.com\/wp-content\/uploads\/Eco-friendly-card-shaped-usbstick-ODM-Factory-150x150.jpg 150w, https:\/\/www.usborkeychain.com\/wp-content\/uploads\/Eco-friendly-card-shaped-usbstick-ODM-Factory-768x768.jpg 768w, https:\/\/www.usborkeychain.com\/wp-content\/uploads\/Eco-friendly-card-shaped-usbstick-ODM-Factory-12x12.jpg 12w, https:\/\/www.usborkeychain.com\/wp-content\/uploads\/Eco-friendly-card-shaped-usbstick-ODM-Factory-600x600.jpg 600w, https:\/\/www.usborkeychain.com\/wp-content\/uploads\/Eco-friendly-card-shaped-usbstick-ODM-Factory-100x100.jpg 100w\" sizes=\"(max-width: 800px) 100vw, 800px\" \/><\/figure>\n<\/div>\n\n\n\n<div class=\"wp-block-column is-vertically-aligned-center is-layout-flow wp-block-column-is-layout-flow\">\n<p><strong>Acerca de Prosperkolleg Econom\u00eda circular en los oficios cualificados<\/strong><br>Prosperkolleg Circular Economy in the skilled trades es una empresa con visi\u00f3n de futuro en el sector de los oficios cualificados. <\/p>\n\n\n\n<p>Centrada en el concepto de econom\u00eda circular, explora activamente c\u00f3mo lograr una utilizaci\u00f3n eficiente de los recursos y un desarrollo sostenible en los campos relacionados. Mediante modelos y pr\u00e1cticas innovadores, ha establecido una imagen \u00fanica en el sector.<\/p>\n<\/div>\n<\/div>\n\n\n\n<h2 class=\"wp-block-heading\">Unidad USB tipo tarjeta degradable<\/h2>\n\n\n\n<h3 class=\"wp-block-heading\">1. Material degradable respetuoso con el medio ambiente<\/h3>\n\n\n\n<p>Esta memoria USB Eco Credit Card personalizada para Prosperkolleg Circular Economy en los oficios especializados est\u00e1 fabricada con materiales degradables respetuosos con el medio ambiente. En la era actual de conciencia medioambiental, este material es sin duda un elemento destacado. Tras su vida \u00fatil, puede descomponerse gradualmente en el entorno natural, reduciendo la contaminaci\u00f3n ambiental. En comparaci\u00f3n con los materiales tradicionales de las unidades USB, minimiza significativamente el impacto negativo en el entorno ecol\u00f3gico, aline\u00e1ndose con la tendencia mundial de protecci\u00f3n del medio ambiente.<\/p>\n\n\n\n<div class=\"wp-block-columns is-layout-flex wp-container-core-columns-is-layout-28f84493 wp-block-columns-is-layout-flex\">\n<div class=\"wp-block-column is-layout-flow wp-block-column-is-layout-flow\">\n<figure class=\"wp-block-image size-full\"><img alt=\"\" decoding=\"async\" width=\"800\" height=\"800\" src=\"https:\/\/www.usborkeychain.com\/wp-content\/uploads\/Prosperkolleg-Circular-Economy-in-the-skilled-trades.jpg\" class=\"wp-image-3767\" srcset=\"https:\/\/www.usborkeychain.com\/wp-content\/uploads\/Prosperkolleg-Circular-Economy-in-the-skilled-trades.jpg 800w, https:\/\/www.usborkeychain.com\/wp-content\/uploads\/Prosperkolleg-Circular-Economy-in-the-skilled-trades-300x300.jpg 300w, https:\/\/www.usborkeychain.com\/wp-content\/uploads\/Prosperkolleg-Circular-Economy-in-the-skilled-trades-150x150.jpg 150w, https:\/\/www.usborkeychain.com\/wp-content\/uploads\/Prosperkolleg-Circular-Economy-in-the-skilled-trades-768x768.jpg 768w, https:\/\/www.usborkeychain.com\/wp-content\/uploads\/Prosperkolleg-Circular-Economy-in-the-skilled-trades-12x12.jpg 12w, https:\/\/www.usborkeychain.com\/wp-content\/uploads\/Prosperkolleg-Circular-Economy-in-the-skilled-trades-600x600.jpg 600w, https:\/\/www.usborkeychain.com\/wp-content\/uploads\/Prosperkolleg-Circular-Economy-in-the-skilled-trades-100x100.jpg 100w\" sizes=\"(max-width: 800px) 100vw, 800px\" \/><\/figure>\n<\/div>\n\n\n\n<div class=\"wp-block-column is-layout-flow wp-block-column-is-layout-flow\">\n<figure class=\"wp-block-image size-full\"><img alt=\"\" decoding=\"async\" width=\"800\" height=\"800\" src=\"https:\/\/www.usborkeychain.com\/wp-content\/uploads\/Business-Credit-Card-Type-Usb-Flash-Drive.jpg\" class=\"wp-image-3764\" srcset=\"https:\/\/www.usborkeychain.com\/wp-content\/uploads\/Business-Credit-Card-Type-Usb-Flash-Drive.jpg 800w, https:\/\/www.usborkeychain.com\/wp-content\/uploads\/Business-Credit-Card-Type-Usb-Flash-Drive-300x300.jpg 300w, https:\/\/www.usborkeychain.com\/wp-content\/uploads\/Business-Credit-Card-Type-Usb-Flash-Drive-150x150.jpg 150w, https:\/\/www.usborkeychain.com\/wp-content\/uploads\/Business-Credit-Card-Type-Usb-Flash-Drive-768x768.jpg 768w, https:\/\/www.usborkeychain.com\/wp-content\/uploads\/Business-Credit-Card-Type-Usb-Flash-Drive-12x12.jpg 12w, https:\/\/www.usborkeychain.com\/wp-content\/uploads\/Business-Credit-Card-Type-Usb-Flash-Drive-600x600.jpg 600w, https:\/\/www.usborkeychain.com\/wp-content\/uploads\/Business-Credit-Card-Type-Usb-Flash-Drive-100x100.jpg 100w\" sizes=\"(max-width: 800px) 100vw, 800px\" \/><\/figure>\n<\/div>\n<\/div>\n\n\n\n<h3 class=\"wp-block-heading\">2. Dise\u00f1o tipo tarjeta<\/h3>\n\n\n\n<p>El dise\u00f1o tipo tarjeta da a esta unidad USB un toque \u00fanico. Con forma de tarjeta de cr\u00e9dito, es compacta, ligera y f\u00e1cil de transportar. Tanto si se coloca en una cartera como si se engancha en un port\u00e1til, ocupa un espacio m\u00ednimo. Este dise\u00f1o no s\u00f3lo destaca visualmente, sino que tambi\u00e9n sobresale por su practicidad, lo que permite a los usuarios utilizarla en cualquier momento y lugar.<\/p>\n\n\n\n<h2 class=\"wp-block-heading\">Logotipo personalizado<\/h2>\n\n\n\n<p>Como regalo de empresa personalizado, tanto el anverso como el reverso de la memoria USB Eco Credit Card est\u00e1n meticulosamente dise\u00f1ados con el nombre de la empresa, el logotipo y el eslogan de Prosperkolleg Circular Economy in the skilled trades. Este dise\u00f1o promueve eficazmente la imagen de la empresa: cuando los clientes reciban y utilicen esta memoria USB, se acordar\u00e1n cada vez de la empresa, lo que servir\u00e1 como potente herramienta de promoci\u00f3n de la marca. Tambi\u00e9n refleja el \u00e9nfasis y la profesionalidad de la empresa en la promoci\u00f3n de la marca.<\/p>\n\n\n\n<p><\/p>","protected":false},"excerpt":{"rendered":"<ul>\n<li>Empresa de econom\u00eda circular Prosperkolleg<\/li>\n<li>USB personalizado de regalo<\/li>\n<li>Forma de la tarjeta de cr\u00e9dito<\/li>\n<li>Material ecol\u00f3gico<\/li>\n<li>Logotipo impreso en color<\/li>\n<\/ul>","protected":false},"featured_media":3802,"comment_status":"open","ping_status":"closed","template":"","meta":{"_seopress_robots_primary_cat":"none","_seopress_titles_title":"","_seopress_titles_desc":"","_seopress_robots_index":"","site-sidebar-layout":"default","site-content-layout":"","ast-site-content-layout":"","site-content-style":"default","site-sidebar-style":"default","ast-global-header-display":"","ast-banner-title-visibility":"","ast-main-header-display":"","ast-hfb-above-header-display":"","ast-hfb-below-header-display":"","ast-hfb-mobile-header-display":"","site-post-title":"","ast-breadcrumbs-content":"","ast-featured-img":"","footer-sml-layout":"","theme-transparent-header-meta":"","adv-header-id-meta":"","stick-header-meta":"","header-above-stick-meta":"","header-main-stick-meta":"","header-below-stick-meta":"","astra-migrate-meta-layouts":"default","ast-page-background-enabled":"default","ast-page-background-meta":{"desktop":{"background-color":"var(--ast-global-color-5)","background-image":"","background-repeat":"repeat","background-position":"center center","background-size":"auto","background-attachment":"scroll","background-type":"","background-media":"","overlay-type":"","overlay-color":"","overlay-opacity":"","overlay-gradient":""},"tablet":{"background-color":"","background-image":"","background-repeat":"repeat","background-position":"center center","background-size":"auto","background-attachment":"scroll","background-type":"","background-media":"","overlay-type":"","overlay-color":"","overlay-opacity":"","overlay-gradient":""},"mobile":{"background-color":"","background-image":"","background-repeat":"repeat","background-position":"center center","background-size":"auto","background-attachment":"scroll","background-type":"","background-media":"","overlay-type":"","overlay-color":"","overlay-opacity":"","overlay-gradient":""}},"ast-content-background-meta":{"desktop":{"background-color":"var(--ast-global-color-4)","background-image":"","background-repeat":"repeat","background-position":"center center","background-size":"auto","background-attachment":"scroll","background-type":"","background-media":"","overlay-type":"","overlay-color":"","overlay-opacity":"","overlay-gradient":""},"tablet":{"background-color":"var(--ast-global-color-4)","background-image":"","background-repeat":"repeat","background-position":"center center","background-size":"auto","background-attachment":"scroll","background-type":"","background-media":"","overlay-type":"","overlay-color":"","overlay-opacity":"","overlay-gradient":""},"mobile":{"background-color":"var(--ast-global-color-4)","background-image":"","background-repeat":"repeat","background-position":"center center","background-size":"auto","background-attachment":"scroll","background-type":"","background-media":"","overlay-type":"","overlay-color":"","overlay-opacity":"","overlay-gradient":""}}},"product_brand":[],"product_cat":[95],"product_tag":[212],"class_list":{"0":"post-3761","1":"product","2":"type-product","3":"status-publish","4":"has-post-thumbnail","6":"product_cat-promotional-usb-drive","7":"product_tag-eco-credit-card-usb-drive","8":"desktop-align-left","9":"tablet-align-left","10":"mobile-align-left","12":"first","13":"instock","14":"shipping-taxable","15":"product-type-simple"},"_links":{"self":[{"href":"https:\/\/www.usborkeychain.com\/es\/wp-json\/wp\/v2\/product\/3761","targetHints":{"allow":["GET"]}}],"collection":[{"href":"https:\/\/www.usborkeychain.com\/es\/wp-json\/wp\/v2\/product"}],"about":[{"href":"https:\/\/www.usborkeychain.com\/es\/wp-json\/wp\/v2\/types\/product"}],"replies":[{"embeddable":true,"href":"https:\/\/www.usborkeychain.com\/es\/wp-json\/wp\/v2\/comments?post=3761"}],"wp:featuredmedia":[{"embeddable":true,"href":"https:\/\/www.usborkeychain.com\/es\/wp-json\/wp\/v2\/media\/3802"}],"wp:attachment":[{"href":"https:\/\/www.usborkeychain.com\/es\/wp-json\/wp\/v2\/media?parent=3761"}],"wp:term":[{"taxonomy":"product_brand","embeddable":true,"href":"https:\/\/www.usborkeychain.com\/es\/wp-json\/wp\/v2\/product_brand?post=3761"},{"taxonomy":"product_cat","embeddable":true,"href":"https:\/\/www.usborkeychain.com\/es\/wp-json\/wp\/v2\/product_cat?post=3761"},{"taxonomy":"product_tag","embeddable":true,"href":"https:\/\/www.usborkeychain.com\/es\/wp-json\/wp\/v2\/product_tag?post=3761"}],"curies":[{"name":"wp","href":"https:\/\/api.w.org\/{rel}","templated":true}]}}