{"id":3770,"date":"2025-07-05T07:17:20","date_gmt":"2025-07-05T07:17:20","guid":{"rendered":"https:\/\/www.usborkeychain.com\/?post_type=product&#038;p=3770"},"modified":"2025-07-08T01:55:38","modified_gmt":"2025-07-08T01:55:38","slug":"bowling-ball-shaped-usb-flash-drive","status":"publish","type":"product","link":"https:\/\/www.usborkeychain.com\/es\/producto\/bowling-ball-shaped-usb-flash-drive\/","title":{"rendered":"Memoria USB con forma de bola de bolos"},"content":{"rendered":"<p>Rompiendo con el tradicional dise\u00f1o cuadrado de las memorias USB, la memoria USB Bowling destaca por su forma de bola de bolos de alta fidelidad 1:1, que combina a la perfecci\u00f3n los elementos deportivos con la funcionalidad de almacenamiento de datos. Mide aproximadamente 6,5 cm de di\u00e1metro y 7 cm de altura, imitando la proporci\u00f3n de una bola de bolos real a la vez que equilibra portabilidad y diversi\u00f3n.<\/p>\n\n\n\n<h2 class=\"wp-block-heading\">\u00bfQu\u00e9 hace especial el dise\u00f1o de la memoria USB Bowling?<\/h2>\n\n\n\n<p><\/p>\n\n\n\n<div class=\"wp-block-columns is-layout-flex wp-container-core-columns-is-layout-28f84493 wp-block-columns-is-layout-flex\">\n<div class=\"wp-block-column is-layout-flow wp-block-column-is-layout-flow\">\n<figure class=\"wp-block-image size-full\"><img fetchpriority=\"high\" decoding=\"async\" width=\"800\" height=\"800\" src=\"https:\/\/www.usborkeychain.com\/wp-content\/uploads\/Bowling-Ball-USB-Flash-Drive.jpg\" alt=\"Bowling Ball USB Flash Drive\" class=\"wp-image-3773\" srcset=\"https:\/\/www.usborkeychain.com\/wp-content\/uploads\/Bowling-Ball-USB-Flash-Drive.jpg 800w, https:\/\/www.usborkeychain.com\/wp-content\/uploads\/Bowling-Ball-USB-Flash-Drive-300x300.jpg 300w, https:\/\/www.usborkeychain.com\/wp-content\/uploads\/Bowling-Ball-USB-Flash-Drive-150x150.jpg 150w, https:\/\/www.usborkeychain.com\/wp-content\/uploads\/Bowling-Ball-USB-Flash-Drive-768x768.jpg 768w, https:\/\/www.usborkeychain.com\/wp-content\/uploads\/Bowling-Ball-USB-Flash-Drive-12x12.jpg 12w, https:\/\/www.usborkeychain.com\/wp-content\/uploads\/Bowling-Ball-USB-Flash-Drive-600x600.jpg 600w, https:\/\/www.usborkeychain.com\/wp-content\/uploads\/Bowling-Ball-USB-Flash-Drive-100x100.jpg 100w\" sizes=\"(max-width: 800px) 100vw, 800px\" \/><\/figure>\n<\/div>\n\n\n\n<div class=\"wp-block-column is-vertically-aligned-center is-layout-flow wp-block-column-is-layout-flow\">\n<p>La unidad reproduce los detalles de la bola de bolos con un dise\u00f1o de alta fidelidad 1:1: las texturas de la superficie y las posiciones de los agujeros se han modelado a partir de bolas de bolos reales, emulando incluso la textura mate con un realismo de m\u00e1s de 95%. <\/p>\n\n\n\n<p>Fabricado con gel blando de PVC ecol\u00f3gico, se somete a un proceso de moldeo por inyecci\u00f3n a alta temperatura de una sola pieza que ofrece un tacto suave y agradable para la piel, as\u00ed como resistencia a la abrasi\u00f3n y a las ca\u00eddas. Ha superado una prueba de ca\u00edda de 1,5 m, con una carcasa de 3 mm de grosor y una clasificaci\u00f3n IP65 de protecci\u00f3n frente al agua y el polvo, lo que garantiza la seguridad de los datos frente a derrames accidentales o suciedad.<\/p>\n<\/div>\n<\/div>\n\n\n\n<h2 class=\"wp-block-heading\">\u00bfPor qu\u00e9 las asociaciones de equipamiento deportivo lo eligen como regalo personalizado?<\/h2>\n\n\n\n<p>La memoria USB Bowling encaja perfectamente con la industria del deporte, lo que la convierte en una elecci\u00f3n popular para eventos anuales y acuerdos de cooperaci\u00f3n de asociaciones de equipamiento deportivo. Su dise\u00f1o de tem\u00e1tica deportiva transmite vitalidad de marca y, con el logotipo exclusivo de la asociaci\u00f3n, mejora significativamente el reconocimiento de la marca. Est\u00e1 disponible en varias capacidades, de 8 GB a 128 GB, para satisfacer diferentes necesidades.<\/p>\n\n\n\n<div class=\"wp-block-columns is-layout-flex wp-container-core-columns-is-layout-28f84493 wp-block-columns-is-layout-flex\">\n<div class=\"wp-block-column is-layout-flow wp-block-column-is-layout-flow\">\n<figure class=\"wp-block-image size-full\"><img decoding=\"async\" width=\"800\" height=\"800\" src=\"https:\/\/www.usborkeychain.com\/wp-content\/uploads\/Bowling-Ball-shaped-USB-Flash-Drive.jpg\" alt=\"Bowling Ball-shaped USB Flash Drive\" class=\"wp-image-3774\" srcset=\"https:\/\/www.usborkeychain.com\/wp-content\/uploads\/Bowling-Ball-shaped-USB-Flash-Drive.jpg 800w, https:\/\/www.usborkeychain.com\/wp-content\/uploads\/Bowling-Ball-shaped-USB-Flash-Drive-300x300.jpg 300w, https:\/\/www.usborkeychain.com\/wp-content\/uploads\/Bowling-Ball-shaped-USB-Flash-Drive-150x150.jpg 150w, https:\/\/www.usborkeychain.com\/wp-content\/uploads\/Bowling-Ball-shaped-USB-Flash-Drive-768x768.jpg 768w, https:\/\/www.usborkeychain.com\/wp-content\/uploads\/Bowling-Ball-shaped-USB-Flash-Drive-12x12.jpg 12w, https:\/\/www.usborkeychain.com\/wp-content\/uploads\/Bowling-Ball-shaped-USB-Flash-Drive-600x600.jpg 600w, https:\/\/www.usborkeychain.com\/wp-content\/uploads\/Bowling-Ball-shaped-USB-Flash-Drive-100x100.jpg 100w\" sizes=\"(max-width: 800px) 100vw, 800px\" \/><\/figure>\n<\/div>\n\n\n\n<div class=\"wp-block-column is-layout-flow wp-block-column-is-layout-flow\">\n<figure class=\"wp-block-image size-full\"><img decoding=\"async\" width=\"800\" height=\"800\" src=\"https:\/\/www.usborkeychain.com\/wp-content\/uploads\/Sports-Equipment-Association-USB-Flash-Drive.jpg\" alt=\"Sports Equipment Association USB Flash Drive\" class=\"wp-image-3775\" srcset=\"https:\/\/www.usborkeychain.com\/wp-content\/uploads\/Sports-Equipment-Association-USB-Flash-Drive.jpg 800w, https:\/\/www.usborkeychain.com\/wp-content\/uploads\/Sports-Equipment-Association-USB-Flash-Drive-300x300.jpg 300w, https:\/\/www.usborkeychain.com\/wp-content\/uploads\/Sports-Equipment-Association-USB-Flash-Drive-150x150.jpg 150w, https:\/\/www.usborkeychain.com\/wp-content\/uploads\/Sports-Equipment-Association-USB-Flash-Drive-768x768.jpg 768w, https:\/\/www.usborkeychain.com\/wp-content\/uploads\/Sports-Equipment-Association-USB-Flash-Drive-12x12.jpg 12w, https:\/\/www.usborkeychain.com\/wp-content\/uploads\/Sports-Equipment-Association-USB-Flash-Drive-600x600.jpg 600w, https:\/\/www.usborkeychain.com\/wp-content\/uploads\/Sports-Equipment-Association-USB-Flash-Drive-100x100.jpg 100w\" sizes=\"(max-width: 800px) 100vw, 800px\" \/><\/figure>\n<\/div>\n<\/div>\n\n\n\n<h2 class=\"wp-block-heading\">\u00bfPuede la memoria USB Bowling tener un logotipo personalizado?<\/h2>\n\n\n\n<p>S\u00ed: gracias a la tecnolog\u00eda de inyecci\u00f3n de moldes de PVC de alta precisi\u00f3n, el logotipo se integra en la carcasa para que sea resistente al desgaste y a la decoloraci\u00f3n. Ya sea el emblema de una asociaci\u00f3n, el nombre de una empresa o un patr\u00f3n personalizado, los detalles pueden reproducirse mediante tecnolog\u00eda de modelado 3D.<\/p>\n\n\n\n<p>La memoria USB Bowling, con su dise\u00f1o de alta fidelidad, rendimiento robusto y personalizaci\u00f3n flexible, establece un punto de referencia creativo en el mercado de la personalizaci\u00f3n USB, sirviendo como una opci\u00f3n ideal para los regalos de la industria del deporte y la promoci\u00f3n corporativa.<\/p>","protected":false},"excerpt":{"rendered":"<ul>\n<li>USB con forma de bola de bolos<\/li>\n<li>Material de PVC<\/li>\n<li>Molde de PVC logotipo personalizado<\/li>\n<li>MOQ:100PCS<\/li>\n<li>USB2.0 y USB3.0<\/li>\n<\/ul>","protected":false},"featured_media":3773,"comment_status":"open","ping_status":"closed","template":"","meta":{"_seopress_robots_primary_cat":"","_seopress_titles_title":"","_seopress_titles_desc":"","_seopress_robots_index":"","site-sidebar-layout":"default","site-content-layout":"","ast-site-content-layout":"","site-content-style":"default","site-sidebar-style":"default","ast-global-header-display":"","ast-banner-title-visibility":"","ast-main-header-display":"","ast-hfb-above-header-display":"","ast-hfb-below-header-display":"","ast-hfb-mobile-header-display":"","site-post-title":"","ast-breadcrumbs-content":"","ast-featured-img":"","footer-sml-layout":"","theme-transparent-header-meta":"","adv-header-id-meta":"","stick-header-meta":"","header-above-stick-meta":"","header-main-stick-meta":"","header-below-stick-meta":"","astra-migrate-meta-layouts":"default","ast-page-background-enabled":"default","ast-page-background-meta":{"desktop":{"background-color":"var(--ast-global-color-5)","background-image":"","background-repeat":"repeat","background-position":"center center","background-size":"auto","background-attachment":"scroll","background-type":"","background-media":"","overlay-type":"","overlay-color":"","overlay-opacity":"","overlay-gradient":""},"tablet":{"background-color":"","background-image":"","background-repeat":"repeat","background-position":"center center","background-size":"auto","background-attachment":"scroll","background-type":"","background-media":"","overlay-type":"","overlay-color":"","overlay-opacity":"","overlay-gradient":""},"mobile":{"background-color":"","background-image":"","background-repeat":"repeat","background-position":"center center","background-size":"auto","background-attachment":"scroll","background-type":"","background-media":"","overlay-type":"","overlay-color":"","overlay-opacity":"","overlay-gradient":""}},"ast-content-background-meta":{"desktop":{"background-color":"var(--ast-global-color-4)","background-image":"","background-repeat":"repeat","background-position":"center center","background-size":"auto","background-attachment":"scroll","background-type":"","background-media":"","overlay-type":"","overlay-color":"","overlay-opacity":"","overlay-gradient":""},"tablet":{"background-color":"var(--ast-global-color-4)","background-image":"","background-repeat":"repeat","background-position":"center center","background-size":"auto","background-attachment":"scroll","background-type":"","background-media":"","overlay-type":"","overlay-color":"","overlay-opacity":"","overlay-gradient":""},"mobile":{"background-color":"var(--ast-global-color-4)","background-image":"","background-repeat":"repeat","background-position":"center center","background-size":"auto","background-attachment":"scroll","background-type":"","background-media":"","overlay-type":"","overlay-color":"","overlay-opacity":"","overlay-gradient":""}}},"product_brand":[],"product_cat":[94],"product_tag":[213],"class_list":{"0":"post-3770","1":"product","2":"type-product","3":"status-publish","4":"has-post-thumbnail","6":"product_cat-pvc-usb-pendrive","7":"product_tag-ball-shape-usb-drive","8":"desktop-align-left","9":"tablet-align-left","10":"mobile-align-left","12":"first","13":"instock","14":"shipping-taxable","15":"product-type-simple"},"_links":{"self":[{"href":"https:\/\/www.usborkeychain.com\/es\/wp-json\/wp\/v2\/product\/3770","targetHints":{"allow":["GET"]}}],"collection":[{"href":"https:\/\/www.usborkeychain.com\/es\/wp-json\/wp\/v2\/product"}],"about":[{"href":"https:\/\/www.usborkeychain.com\/es\/wp-json\/wp\/v2\/types\/product"}],"replies":[{"embeddable":true,"href":"https:\/\/www.usborkeychain.com\/es\/wp-json\/wp\/v2\/comments?post=3770"}],"wp:featuredmedia":[{"embeddable":true,"href":"https:\/\/www.usborkeychain.com\/es\/wp-json\/wp\/v2\/media\/3773"}],"wp:attachment":[{"href":"https:\/\/www.usborkeychain.com\/es\/wp-json\/wp\/v2\/media?parent=3770"}],"wp:term":[{"taxonomy":"product_brand","embeddable":true,"href":"https:\/\/www.usborkeychain.com\/es\/wp-json\/wp\/v2\/product_brand?post=3770"},{"taxonomy":"product_cat","embeddable":true,"href":"https:\/\/www.usborkeychain.com\/es\/wp-json\/wp\/v2\/product_cat?post=3770"},{"taxonomy":"product_tag","embeddable":true,"href":"https:\/\/www.usborkeychain.com\/es\/wp-json\/wp\/v2\/product_tag?post=3770"}],"curies":[{"name":"wp","href":"https:\/\/api.w.org\/{rel}","templated":true}]}}