{"id":3776,"date":"2025-07-05T07:41:24","date_gmt":"2025-07-05T07:41:24","guid":{"rendered":"https:\/\/www.usborkeychain.com\/?post_type=product&#038;p=3776"},"modified":"2025-07-08T01:55:47","modified_gmt":"2025-07-08T01:55:47","slug":"rugby-shaped-usb-flash-drive","status":"publish","type":"product","link":"https:\/\/www.usborkeychain.com\/es\/producto\/rugby-shaped-usb-flash-drive\/","title":{"rendered":"Memoria USB con forma de rugby"},"content":{"rendered":"<p><\/p>\n\n\n\n<div class=\"wp-block-columns is-layout-flex wp-container-core-columns-is-layout-28f84493 wp-block-columns-is-layout-flex\">\n<div class=\"wp-block-column is-layout-flow wp-block-column-is-layout-flow\">\n<figure class=\"wp-block-image size-full\"><img fetchpriority=\"high\" decoding=\"async\" width=\"800\" height=\"800\" src=\"https:\/\/www.usborkeychain.com\/wp-content\/uploads\/red-Rugby-Shaped-USB-Flash-Drive.png\" alt=\"red Rugby Shaped USB Flash Drive\" class=\"wp-image-3781\" srcset=\"https:\/\/www.usborkeychain.com\/wp-content\/uploads\/red-Rugby-Shaped-USB-Flash-Drive.png 800w, https:\/\/www.usborkeychain.com\/wp-content\/uploads\/red-Rugby-Shaped-USB-Flash-Drive-300x300.png 300w, https:\/\/www.usborkeychain.com\/wp-content\/uploads\/red-Rugby-Shaped-USB-Flash-Drive-150x150.png 150w, https:\/\/www.usborkeychain.com\/wp-content\/uploads\/red-Rugby-Shaped-USB-Flash-Drive-768x768.png 768w, https:\/\/www.usborkeychain.com\/wp-content\/uploads\/red-Rugby-Shaped-USB-Flash-Drive-12x12.png 12w, https:\/\/www.usborkeychain.com\/wp-content\/uploads\/red-Rugby-Shaped-USB-Flash-Drive-600x600.png 600w, https:\/\/www.usborkeychain.com\/wp-content\/uploads\/red-Rugby-Shaped-USB-Flash-Drive-100x100.png 100w\" sizes=\"(max-width: 800px) 100vw, 800px\" \/><\/figure>\n<\/div>\n\n\n\n<div class=\"wp-block-column is-vertically-aligned-center is-layout-flow wp-block-column-is-layout-flow\">\n<p>La memoria USB Rugby presenta un aspecto personalizado \u00fanico con un contorno de rugby de alta fidelidad 1:1,2. Su forma elipsoidal -aproximadamente 8,5 cm de eje mayor y 5 cm de eje menor- reproduce a la perfecci\u00f3n el arco cl\u00e1sico de un bal\u00f3n de rugby americano.<\/p>\n\n\n\n<p> La superficie adopta un dise\u00f1o de textura de cosido tridimensional, combinado con el tacto esmerilado del material de gel blando de PVC, que equilibra la est\u00e9tica deportiva y la comodidad de agarre.<\/p>\n<\/div>\n<\/div>\n\n\n\n<p><\/p>\n\n\n\n<h2 class=\"wp-block-heading\">Dise\u00f1o especial de la memoria USB Rugby<\/h2>\n\n\n\n<p>Con una relaci\u00f3n 1:1,2, restaura los detalles del rugby americano: la l\u00ednea 3D (costura tridimensional) de la superficie tiene un espaciado preciso de 0,8 cm, y la textura c\u00f3ncavo-convexa logra una simulaci\u00f3n de alta fidelidad 98%, que permite a los usuarios sentir incluso el tacto real de las costuras del bal\u00f3n. Fabricado con gel blando de PVC de calidad alimentaria, se somete a moldeo por inyecci\u00f3n a alta temperatura en una sola pieza a 200\u2103. La carcasa de 2,5 mm de grosor ha superado una prueba de ca\u00edda de 2 metros y ha obtenido la certificaci\u00f3n IP66 de protecci\u00f3n contra el agua y el polvo. La exclusiva forma elipsoidal con patrones antideslizantes se adapta a la curvatura de la palma de la mano cuando se sujeta, lo que garantiza la seguridad de los datos al tiempo que mejora la experiencia del usuario.<\/p>\n\n\n\n<div class=\"wp-block-columns is-layout-flex wp-container-core-columns-is-layout-28f84493 wp-block-columns-is-layout-flex\">\n<div class=\"wp-block-column is-layout-flow wp-block-column-is-layout-flow\">\n<figure class=\"wp-block-image size-full\"><img alt=\"\" decoding=\"async\" width=\"800\" height=\"800\" src=\"https:\/\/www.usborkeychain.com\/wp-content\/uploads\/Rugby-Shaped-USB-Flash-Drive.png\" class=\"wp-image-3782\" srcset=\"https:\/\/www.usborkeychain.com\/wp-content\/uploads\/Rugby-Shaped-USB-Flash-Drive.png 800w, https:\/\/www.usborkeychain.com\/wp-content\/uploads\/Rugby-Shaped-USB-Flash-Drive-300x300.png 300w, https:\/\/www.usborkeychain.com\/wp-content\/uploads\/Rugby-Shaped-USB-Flash-Drive-150x150.png 150w, https:\/\/www.usborkeychain.com\/wp-content\/uploads\/Rugby-Shaped-USB-Flash-Drive-768x768.png 768w, https:\/\/www.usborkeychain.com\/wp-content\/uploads\/Rugby-Shaped-USB-Flash-Drive-12x12.png 12w, https:\/\/www.usborkeychain.com\/wp-content\/uploads\/Rugby-Shaped-USB-Flash-Drive-600x600.png 600w, https:\/\/www.usborkeychain.com\/wp-content\/uploads\/Rugby-Shaped-USB-Flash-Drive-100x100.png 100w\" sizes=\"(max-width: 800px) 100vw, 800px\" \/><\/figure>\n<\/div>\n\n\n\n<div class=\"wp-block-column is-vertically-aligned-center is-layout-flow wp-block-column-is-layout-flow\">\n<h2 class=\"wp-block-heading\">\u00bfQu\u00e9 modelos personalizados ofrece la unidad USB Rugby?<\/h2>\n\n\n\n<p>Existen dos pr\u00e1cticos modelos:<\/p>\n\n\n\n<ul class=\"wp-block-list\">\n<li><strong>Modelo port\u00e1til est\u00e1ndar<\/strong>: Dise\u00f1o sin base, pesa s\u00f3lo 28 g y se puede conectar directamente a los dispositivos. Equipado con un orificio para cord\u00f3n met\u00e1lico que facilita su transporte.<\/li>\n\n\n\n<li><strong>Modelo de exposici\u00f3n y recogida<\/strong>: Emparejado con una base trapezoidal de material ABS (tama\u00f1o: 10cm\u00d76cm\u00d73cm), que soporta una visualizaci\u00f3n de 360\u00b0 de la unidad USB, ideal para la exposici\u00f3n en escritorios de oficina o stands de exposiciones.<\/li>\n<\/ul>\n<\/div>\n<\/div>\n\n\n\n<h2 class=\"wp-block-heading\">\u00bfPara qu\u00e9 sectores es adecuada como regalo la memoria USB Rugby?<\/h2>\n\n\n\n<ul class=\"wp-block-list\">\n<li><strong>Industria del deporte<\/strong>: Las asociaciones de f\u00fatbol y los clubes de rugby pueden personalizar los modelos conmemorativos de eventos, preinstalando los res\u00famenes de los partidos y los manuales de los socios. Junto con el logotipo de la asociaci\u00f3n, refuerza la identidad de la marca.<\/li>\n\n\n\n<li><strong>\u00c1mbito educativo<\/strong>: Los colegios deportivos de las universidades pueden utilizarlo como regalo de graduaci\u00f3n, grabando los v\u00eddeos de la carrera deportiva de los estudiantes. En la base se pueden grabar los carn\u00e9s de estudiante y los a\u00f1os de graduaci\u00f3n, combinando practicidad y memorabilidad.<\/li>\n\n\n\n<li><strong>Sector cultural y creativo<\/strong>: Las tiendas culturales y creativas de tem\u00e1tica deportiva pueden desarrollar modelos de marca compartida. Se puede personalizar el color del cuerpo del bal\u00f3n (colores normales: rojo\/azul\/negro; los colores especiales requieren personalizaci\u00f3n), para satisfacer las necesidades de consumo personalizadas.<\/li>\n<\/ul>\n\n\n\n<div class=\"wp-block-columns is-layout-flex wp-container-core-columns-is-layout-28f84493 wp-block-columns-is-layout-flex\">\n<div class=\"wp-block-column is-layout-flow wp-block-column-is-layout-flow\">\n<figure class=\"wp-block-image size-full\"><img alt=\"\" decoding=\"async\" width=\"800\" height=\"800\" src=\"https:\/\/www.usborkeychain.com\/wp-content\/uploads\/yellw-Rugby-Shaped-USB-Flash-Drive.png\" class=\"wp-image-3783\" srcset=\"https:\/\/www.usborkeychain.com\/wp-content\/uploads\/yellw-Rugby-Shaped-USB-Flash-Drive.png 800w, https:\/\/www.usborkeychain.com\/wp-content\/uploads\/yellw-Rugby-Shaped-USB-Flash-Drive-300x300.png 300w, https:\/\/www.usborkeychain.com\/wp-content\/uploads\/yellw-Rugby-Shaped-USB-Flash-Drive-150x150.png 150w, https:\/\/www.usborkeychain.com\/wp-content\/uploads\/yellw-Rugby-Shaped-USB-Flash-Drive-768x768.png 768w, https:\/\/www.usborkeychain.com\/wp-content\/uploads\/yellw-Rugby-Shaped-USB-Flash-Drive-12x12.png 12w, https:\/\/www.usborkeychain.com\/wp-content\/uploads\/yellw-Rugby-Shaped-USB-Flash-Drive-600x600.png 600w, https:\/\/www.usborkeychain.com\/wp-content\/uploads\/yellw-Rugby-Shaped-USB-Flash-Drive-100x100.png 100w\" sizes=\"(max-width: 800px) 100vw, 800px\" \/><\/figure>\n<\/div>\n\n\n\n<div class=\"wp-block-column is-layout-flow wp-block-column-is-layout-flow\">\n<figure class=\"wp-block-image size-full\"><img alt=\"\" loading=\"lazy\" decoding=\"async\" width=\"800\" height=\"800\" src=\"https:\/\/www.usborkeychain.com\/wp-content\/uploads\/orange-Rugby-Shaped-USB-Flash-Drive.png\" class=\"wp-image-3780\" srcset=\"https:\/\/www.usborkeychain.com\/wp-content\/uploads\/orange-Rugby-Shaped-USB-Flash-Drive.png 800w, https:\/\/www.usborkeychain.com\/wp-content\/uploads\/orange-Rugby-Shaped-USB-Flash-Drive-300x300.png 300w, https:\/\/www.usborkeychain.com\/wp-content\/uploads\/orange-Rugby-Shaped-USB-Flash-Drive-150x150.png 150w, https:\/\/www.usborkeychain.com\/wp-content\/uploads\/orange-Rugby-Shaped-USB-Flash-Drive-768x768.png 768w, https:\/\/www.usborkeychain.com\/wp-content\/uploads\/orange-Rugby-Shaped-USB-Flash-Drive-12x12.png 12w, https:\/\/www.usborkeychain.com\/wp-content\/uploads\/orange-Rugby-Shaped-USB-Flash-Drive-600x600.png 600w, https:\/\/www.usborkeychain.com\/wp-content\/uploads\/orange-Rugby-Shaped-USB-Flash-Drive-100x100.png 100w\" sizes=\"(max-width: 800px) 100vw, 800px\" \/><\/figure>\n<\/div>\n\n\n\n<div class=\"wp-block-column is-layout-flow wp-block-column-is-layout-flow\">\n<figure class=\"wp-block-image size-full\"><img alt=\"\" loading=\"lazy\" decoding=\"async\" width=\"800\" height=\"800\" src=\"https:\/\/www.usborkeychain.com\/wp-content\/uploads\/custom-Rugby-Shaped-USB-Flash-pendrive.png\" class=\"wp-image-3779\" srcset=\"https:\/\/www.usborkeychain.com\/wp-content\/uploads\/custom-Rugby-Shaped-USB-Flash-pendrive.png 800w, https:\/\/www.usborkeychain.com\/wp-content\/uploads\/custom-Rugby-Shaped-USB-Flash-pendrive-300x300.png 300w, https:\/\/www.usborkeychain.com\/wp-content\/uploads\/custom-Rugby-Shaped-USB-Flash-pendrive-150x150.png 150w, https:\/\/www.usborkeychain.com\/wp-content\/uploads\/custom-Rugby-Shaped-USB-Flash-pendrive-768x768.png 768w, https:\/\/www.usborkeychain.com\/wp-content\/uploads\/custom-Rugby-Shaped-USB-Flash-pendrive-12x12.png 12w, https:\/\/www.usborkeychain.com\/wp-content\/uploads\/custom-Rugby-Shaped-USB-Flash-pendrive-600x600.png 600w, https:\/\/www.usborkeychain.com\/wp-content\/uploads\/custom-Rugby-Shaped-USB-Flash-pendrive-100x100.png 100w\" sizes=\"(max-width: 800px) 100vw, 800px\" \/><\/figure>\n<\/div>\n<\/div>\n\n\n\n<p>Con su dise\u00f1o deportivo de alta fidelidad (modelado), su personalizaci\u00f3n flexible de doble modelo y su adaptabilidad a diversos sectores, la memoria USB Rugby se ha convertido en un producto de referencia en el mercado de la personalizaci\u00f3n USB, integrando la visualizaci\u00f3n creativa y el valor pr\u00e1ctico para ofrecer soluciones diferenciadas para el desarrollo de la propiedad intelectual deportiva y la personalizaci\u00f3n de regalos corporativos.<\/p>","protected":false},"excerpt":{"rendered":"<ul>\n<li>Dise\u00f1o en forma de rugby<\/li>\n<li>Material de PVC<\/li>\n<li>Regalo deportivo<\/li>\n<li>Logotipo personalizado<\/li>\n<li>MOQ:100pcs<\/li>\n<\/ul>","protected":false},"featured_media":3781,"comment_status":"open","ping_status":"closed","template":"","meta":{"_seopress_robots_primary_cat":"","_seopress_titles_title":"","_seopress_titles_desc":"","_seopress_robots_index":"","site-sidebar-layout":"default","site-content-layout":"","ast-site-content-layout":"","site-content-style":"default","site-sidebar-style":"default","ast-global-header-display":"","ast-banner-title-visibility":"","ast-main-header-display":"","ast-hfb-above-header-display":"","ast-hfb-below-header-display":"","ast-hfb-mobile-header-display":"","site-post-title":"","ast-breadcrumbs-content":"","ast-featured-img":"","footer-sml-layout":"","theme-transparent-header-meta":"","adv-header-id-meta":"","stick-header-meta":"","header-above-stick-meta":"","header-main-stick-meta":"","header-below-stick-meta":"","astra-migrate-meta-layouts":"default","ast-page-background-enabled":"default","ast-page-background-meta":{"desktop":{"background-color":"var(--ast-global-color-5)","background-image":"","background-repeat":"repeat","background-position":"center center","background-size":"auto","background-attachment":"scroll","background-type":"","background-media":"","overlay-type":"","overlay-color":"","overlay-opacity":"","overlay-gradient":""},"tablet":{"background-color":"","background-image":"","background-repeat":"repeat","background-position":"center center","background-size":"auto","background-attachment":"scroll","background-type":"","background-media":"","overlay-type":"","overlay-color":"","overlay-opacity":"","overlay-gradient":""},"mobile":{"background-color":"","background-image":"","background-repeat":"repeat","background-position":"center center","background-size":"auto","background-attachment":"scroll","background-type":"","background-media":"","overlay-type":"","overlay-color":"","overlay-opacity":"","overlay-gradient":""}},"ast-content-background-meta":{"desktop":{"background-color":"var(--ast-global-color-4)","background-image":"","background-repeat":"repeat","background-position":"center center","background-size":"auto","background-attachment":"scroll","background-type":"","background-media":"","overlay-type":"","overlay-color":"","overlay-opacity":"","overlay-gradient":""},"tablet":{"background-color":"var(--ast-global-color-4)","background-image":"","background-repeat":"repeat","background-position":"center center","background-size":"auto","background-attachment":"scroll","background-type":"","background-media":"","overlay-type":"","overlay-color":"","overlay-opacity":"","overlay-gradient":""},"mobile":{"background-color":"var(--ast-global-color-4)","background-image":"","background-repeat":"repeat","background-position":"center center","background-size":"auto","background-attachment":"scroll","background-type":"","background-media":"","overlay-type":"","overlay-color":"","overlay-opacity":"","overlay-gradient":""}}},"product_brand":[],"product_cat":[94],"product_tag":[213],"class_list":{"0":"post-3776","1":"product","2":"type-product","3":"status-publish","4":"has-post-thumbnail","6":"product_cat-pvc-usb-pendrive","7":"product_tag-ball-shape-usb-drive","8":"desktop-align-left","9":"tablet-align-left","10":"mobile-align-left","12":"first","13":"instock","14":"shipping-taxable","15":"product-type-simple"},"_links":{"self":[{"href":"https:\/\/www.usborkeychain.com\/es\/wp-json\/wp\/v2\/product\/3776","targetHints":{"allow":["GET"]}}],"collection":[{"href":"https:\/\/www.usborkeychain.com\/es\/wp-json\/wp\/v2\/product"}],"about":[{"href":"https:\/\/www.usborkeychain.com\/es\/wp-json\/wp\/v2\/types\/product"}],"replies":[{"embeddable":true,"href":"https:\/\/www.usborkeychain.com\/es\/wp-json\/wp\/v2\/comments?post=3776"}],"wp:featuredmedia":[{"embeddable":true,"href":"https:\/\/www.usborkeychain.com\/es\/wp-json\/wp\/v2\/media\/3781"}],"wp:attachment":[{"href":"https:\/\/www.usborkeychain.com\/es\/wp-json\/wp\/v2\/media?parent=3776"}],"wp:term":[{"taxonomy":"product_brand","embeddable":true,"href":"https:\/\/www.usborkeychain.com\/es\/wp-json\/wp\/v2\/product_brand?post=3776"},{"taxonomy":"product_cat","embeddable":true,"href":"https:\/\/www.usborkeychain.com\/es\/wp-json\/wp\/v2\/product_cat?post=3776"},{"taxonomy":"product_tag","embeddable":true,"href":"https:\/\/www.usborkeychain.com\/es\/wp-json\/wp\/v2\/product_tag?post=3776"}],"curies":[{"name":"wp","href":"https:\/\/api.w.org\/{rel}","templated":true}]}}