{"id":3785,"date":"2025-07-05T08:34:12","date_gmt":"2025-07-05T08:34:12","guid":{"rendered":"https:\/\/www.usborkeychain.com\/?post_type=product&#038;p=3785"},"modified":"2025-07-08T01:55:56","modified_gmt":"2025-07-08T01:55:56","slug":"golf-shape-usb-flash-drive","status":"publish","type":"product","link":"https:\/\/www.usborkeychain.com\/es\/producto\/golf-shape-usb-flash-drive\/","title":{"rendered":"Memoria USB con forma de golf"},"content":{"rendered":"<p><\/p>\n\n\n\n<div class=\"wp-block-columns is-layout-flex wp-container-core-columns-is-layout-28f84493 wp-block-columns-is-layout-flex\">\n<div class=\"wp-block-column is-layout-flow wp-block-column-is-layout-flow\">\n<figure class=\"wp-block-image size-full\"><img fetchpriority=\"high\" decoding=\"async\" width=\"750\" height=\"750\" src=\"https:\/\/www.usborkeychain.com\/wp-content\/uploads\/Golf-shaped-USB-Flash-Drive.jpg\" alt=\"Golf shaped USB Flash Drive\" class=\"wp-image-3788\" srcset=\"https:\/\/www.usborkeychain.com\/wp-content\/uploads\/Golf-shaped-USB-Flash-Drive.jpg 750w, https:\/\/www.usborkeychain.com\/wp-content\/uploads\/Golf-shaped-USB-Flash-Drive-300x300.jpg 300w, https:\/\/www.usborkeychain.com\/wp-content\/uploads\/Golf-shaped-USB-Flash-Drive-150x150.jpg 150w, https:\/\/www.usborkeychain.com\/wp-content\/uploads\/Golf-shaped-USB-Flash-Drive-12x12.jpg 12w, https:\/\/www.usborkeychain.com\/wp-content\/uploads\/Golf-shaped-USB-Flash-Drive-600x600.jpg 600w, https:\/\/www.usborkeychain.com\/wp-content\/uploads\/Golf-shaped-USB-Flash-Drive-100x100.jpg 100w\" sizes=\"(max-width: 750px) 100vw, 750px\" \/><\/figure>\n<\/div>\n\n\n\n<div class=\"wp-block-column is-vertically-aligned-center is-layout-flow wp-block-column-is-layout-flow\">\n<p>La memoria USB Golf es un dispositivo de almacenamiento \u00fanico que rompe con el dise\u00f1o USB tradicional. En cuanto a su aspecto, se asemeja a una pelota de golf, con una esfera redonda y lisa que imita a la perfecci\u00f3n el aspecto de una pelota de golf real. <\/p>\n\n\n\n<p>Funcionalmente, dispone de capacidades de almacenamiento USB est\u00e1ndar, lo que permite almacenar y transferir f\u00e1cilmente diversos datos, ya sean archivos de oficina o documentos personales.<\/p>\n<\/div>\n<\/div>\n\n\n\n<h2 class=\"wp-block-heading\">Dise\u00f1o creativo de la memoria USB Golf<\/h2>\n\n\n\n<p>La unidad USB Golf destaca por su forma de pelota de golf altamente \u4eff\u771f (simulada). Fabricada con gel blando de PVC, el material ofrece una buena flexibilidad y durabilidad. Se utilizan procesos de fabricaci\u00f3n avanzados para presentar la textura y el tacto de una pelota de golf, proporcionando un agarre c\u00f3modo que hace que los usuarios se sientan como si estuvieran sosteniendo una pelota de golf real. El material de gel blando de PVC tambi\u00e9n es algo resistente a las ca\u00eddas, protegiendo eficazmente el chip de almacenamiento interno.<\/p>\n\n\n\n<div class=\"wp-block-columns is-layout-flex wp-container-core-columns-is-layout-28f84493 wp-block-columns-is-layout-flex\">\n<div class=\"wp-block-column is-layout-flow wp-block-column-is-layout-flow\">\n<figure class=\"wp-block-image size-full\"><img alt=\"\" decoding=\"async\" width=\"750\" height=\"750\" src=\"https:\/\/www.usborkeychain.com\/wp-content\/uploads\/white-Golf-USB-Flash-Drive.jpg\" class=\"wp-image-3791\" srcset=\"https:\/\/www.usborkeychain.com\/wp-content\/uploads\/white-Golf-USB-Flash-Drive.jpg 750w, https:\/\/www.usborkeychain.com\/wp-content\/uploads\/white-Golf-USB-Flash-Drive-300x300.jpg 300w, https:\/\/www.usborkeychain.com\/wp-content\/uploads\/white-Golf-USB-Flash-Drive-150x150.jpg 150w, https:\/\/www.usborkeychain.com\/wp-content\/uploads\/white-Golf-USB-Flash-Drive-12x12.jpg 12w, https:\/\/www.usborkeychain.com\/wp-content\/uploads\/white-Golf-USB-Flash-Drive-600x600.jpg 600w, https:\/\/www.usborkeychain.com\/wp-content\/uploads\/white-Golf-USB-Flash-Drive-100x100.jpg 100w\" sizes=\"(max-width: 750px) 100vw, 750px\" \/><\/figure>\n<\/div>\n\n\n\n<div class=\"wp-block-column is-layout-flow wp-block-column-is-layout-flow\">\n<figure class=\"wp-block-image size-full\"><img alt=\"\" decoding=\"async\" width=\"750\" height=\"750\" src=\"https:\/\/www.usborkeychain.com\/wp-content\/uploads\/Golf-USB-Flash-Drive.jpg\" class=\"wp-image-3790\" srcset=\"https:\/\/www.usborkeychain.com\/wp-content\/uploads\/Golf-USB-Flash-Drive.jpg 750w, https:\/\/www.usborkeychain.com\/wp-content\/uploads\/Golf-USB-Flash-Drive-300x300.jpg 300w, https:\/\/www.usborkeychain.com\/wp-content\/uploads\/Golf-USB-Flash-Drive-150x150.jpg 150w, https:\/\/www.usborkeychain.com\/wp-content\/uploads\/Golf-USB-Flash-Drive-12x12.jpg 12w, https:\/\/www.usborkeychain.com\/wp-content\/uploads\/Golf-USB-Flash-Drive-600x600.jpg 600w, https:\/\/www.usborkeychain.com\/wp-content\/uploads\/Golf-USB-Flash-Drive-100x100.jpg 100w\" sizes=\"(max-width: 750px) 100vw, 750px\" \/><\/figure>\n<\/div>\n<\/div>\n\n\n\n<h2 class=\"wp-block-heading\">Dos modelos de unidad USB para golf<\/h2>\n\n\n\n<p>Hay dos modelos disponibles:<\/p>\n\n\n\n<ul class=\"wp-block-list\">\n<li><strong>Con el modelo base<\/strong>: La base sirve de soporte estable, lo que facilita la exposici\u00f3n de la unidad USB en un escritorio u otras superficies planas. La base tambi\u00e9n puede personalizarse con logotipos corporativos o personales para darle un toque personal.<\/li>\n\n\n\n<li><strong>Sin modelo base<\/strong>: Este modelo es m\u00e1s ligero y port\u00e1til, adecuado para personas que necesitan utilizarlo en movimiento.<\/li>\n<\/ul>\n\n\n\n<p>Ambos modelos permiten imprimir logotipos exclusivos en el cuerpo o la base del bal\u00f3n mediante t\u00e9cnicas de personalizaci\u00f3n profesionales, satisfaciendo as\u00ed las diversas necesidades de personalizaci\u00f3n de los usuarios.<\/p>\n\n\n\n<h2 class=\"wp-block-heading\">Memorias USB de golf como regalo para distintos sectores<\/h2>\n\n\n\n<ul class=\"wp-block-list\">\n<li><strong>Industria del deporte<\/strong>: Los clubes y organizadores de eventos relacionados con el golf pueden utilizarlo como recuerdo para los socios o participantes, lo que encaja bien con la tem\u00e1tica del sector.<\/li>\n\n\n\n<li><strong>Sector de actividad<\/strong>: Las empresas pueden personalizar las memorias USB Golf con el logotipo de su empresa como regalos de empresa para sus socios, combinando elegancia y practicidad.<\/li>\n\n\n\n<li><strong>Industria de la educaci\u00f3n<\/strong>: Puede utilizarse para premiar a los alumnos destacados o como material did\u00e1ctico para los profesores, demostrando as\u00ed el amor y la promoci\u00f3n del golf.<\/li>\n<\/ul>\n\n\n\n<p><\/p>","protected":false},"excerpt":{"rendered":"<ul>\n<li>Estilos de formas de golf<\/li>\n<li>Material de PVC<\/li>\n<li>Molde de PVC<\/li>\n<li>MOQ:100PCS<\/li>\n<li>Unidad USB con forma de bola<\/li>\n<\/ul>","protected":false},"featured_media":3792,"comment_status":"open","ping_status":"closed","template":"","meta":{"_seopress_robots_primary_cat":"","_seopress_titles_title":"","_seopress_titles_desc":"","_seopress_robots_index":"","site-sidebar-layout":"default","site-content-layout":"","ast-site-content-layout":"","site-content-style":"default","site-sidebar-style":"default","ast-global-header-display":"","ast-banner-title-visibility":"","ast-main-header-display":"","ast-hfb-above-header-display":"","ast-hfb-below-header-display":"","ast-hfb-mobile-header-display":"","site-post-title":"","ast-breadcrumbs-content":"","ast-featured-img":"","footer-sml-layout":"","theme-transparent-header-meta":"","adv-header-id-meta":"","stick-header-meta":"","header-above-stick-meta":"","header-main-stick-meta":"","header-below-stick-meta":"","astra-migrate-meta-layouts":"default","ast-page-background-enabled":"default","ast-page-background-meta":{"desktop":{"background-color":"var(--ast-global-color-5)","background-image":"","background-repeat":"repeat","background-position":"center center","background-size":"auto","background-attachment":"scroll","background-type":"","background-media":"","overlay-type":"","overlay-color":"","overlay-opacity":"","overlay-gradient":""},"tablet":{"background-color":"","background-image":"","background-repeat":"repeat","background-position":"center center","background-size":"auto","background-attachment":"scroll","background-type":"","background-media":"","overlay-type":"","overlay-color":"","overlay-opacity":"","overlay-gradient":""},"mobile":{"background-color":"","background-image":"","background-repeat":"repeat","background-position":"center center","background-size":"auto","background-attachment":"scroll","background-type":"","background-media":"","overlay-type":"","overlay-color":"","overlay-opacity":"","overlay-gradient":""}},"ast-content-background-meta":{"desktop":{"background-color":"var(--ast-global-color-4)","background-image":"","background-repeat":"repeat","background-position":"center center","background-size":"auto","background-attachment":"scroll","background-type":"","background-media":"","overlay-type":"","overlay-color":"","overlay-opacity":"","overlay-gradient":""},"tablet":{"background-color":"var(--ast-global-color-4)","background-image":"","background-repeat":"repeat","background-position":"center center","background-size":"auto","background-attachment":"scroll","background-type":"","background-media":"","overlay-type":"","overlay-color":"","overlay-opacity":"","overlay-gradient":""},"mobile":{"background-color":"var(--ast-global-color-4)","background-image":"","background-repeat":"repeat","background-position":"center center","background-size":"auto","background-attachment":"scroll","background-type":"","background-media":"","overlay-type":"","overlay-color":"","overlay-opacity":"","overlay-gradient":""}}},"product_brand":[],"product_cat":[94],"product_tag":[213],"class_list":{"0":"post-3785","1":"product","2":"type-product","3":"status-publish","4":"has-post-thumbnail","6":"product_cat-pvc-usb-pendrive","7":"product_tag-ball-shape-usb-drive","8":"desktop-align-left","9":"tablet-align-left","10":"mobile-align-left","12":"first","13":"instock","14":"shipping-taxable","15":"product-type-simple"},"_links":{"self":[{"href":"https:\/\/www.usborkeychain.com\/es\/wp-json\/wp\/v2\/product\/3785","targetHints":{"allow":["GET"]}}],"collection":[{"href":"https:\/\/www.usborkeychain.com\/es\/wp-json\/wp\/v2\/product"}],"about":[{"href":"https:\/\/www.usborkeychain.com\/es\/wp-json\/wp\/v2\/types\/product"}],"replies":[{"embeddable":true,"href":"https:\/\/www.usborkeychain.com\/es\/wp-json\/wp\/v2\/comments?post=3785"}],"wp:featuredmedia":[{"embeddable":true,"href":"https:\/\/www.usborkeychain.com\/es\/wp-json\/wp\/v2\/media\/3792"}],"wp:attachment":[{"href":"https:\/\/www.usborkeychain.com\/es\/wp-json\/wp\/v2\/media?parent=3785"}],"wp:term":[{"taxonomy":"product_brand","embeddable":true,"href":"https:\/\/www.usborkeychain.com\/es\/wp-json\/wp\/v2\/product_brand?post=3785"},{"taxonomy":"product_cat","embeddable":true,"href":"https:\/\/www.usborkeychain.com\/es\/wp-json\/wp\/v2\/product_cat?post=3785"},{"taxonomy":"product_tag","embeddable":true,"href":"https:\/\/www.usborkeychain.com\/es\/wp-json\/wp\/v2\/product_tag?post=3785"}],"curies":[{"name":"wp","href":"https:\/\/api.w.org\/{rel}","templated":true}]}}