{"id":3793,"date":"2025-07-05T08:49:58","date_gmt":"2025-07-05T08:49:58","guid":{"rendered":"https:\/\/www.usborkeychain.com\/?post_type=product&#038;p=3793"},"modified":"2025-07-05T08:50:01","modified_gmt":"2025-07-05T08:50:01","slug":"golf-ball-usb-drive-for-real-estate-corporate-gifts","status":"publish","type":"product","link":"https:\/\/www.usborkeychain.com\/es\/producto\/golf-ball-usb-drive-for-real-estate-corporate-gifts\/","title":{"rendered":"Memoria USB Bola de Golf para Regalos de Empresa Inmobiliarios"},"content":{"rendered":"<p><\/p>\n\n\n\n<div class=\"wp-block-columns is-layout-flex wp-container-core-columns-is-layout-28f84493 wp-block-columns-is-layout-flex\">\n<div class=\"wp-block-column is-layout-flow wp-block-column-is-layout-flow\">\n<figure class=\"wp-block-image size-full\"><img fetchpriority=\"high\" decoding=\"async\" width=\"800\" height=\"485\" src=\"https:\/\/www.usborkeychain.com\/wp-content\/uploads\/Corporate-Golf-USB-Flash-Drive-Printing.jpg\" alt=\"Corporate Golf USB Flash Drive Printing\" class=\"wp-image-3797\" srcset=\"https:\/\/www.usborkeychain.com\/wp-content\/uploads\/Corporate-Golf-USB-Flash-Drive-Printing.jpg 800w, https:\/\/www.usborkeychain.com\/wp-content\/uploads\/Corporate-Golf-USB-Flash-Drive-Printing-300x182.jpg 300w, https:\/\/www.usborkeychain.com\/wp-content\/uploads\/Corporate-Golf-USB-Flash-Drive-Printing-768x466.jpg 768w, https:\/\/www.usborkeychain.com\/wp-content\/uploads\/Corporate-Golf-USB-Flash-Drive-Printing-18x12.jpg 18w, https:\/\/www.usborkeychain.com\/wp-content\/uploads\/Corporate-Golf-USB-Flash-Drive-Printing-600x364.jpg 600w\" sizes=\"(max-width: 800px) 100vw, 800px\" \/><\/figure>\n<\/div>\n\n\n\n<div class=\"wp-block-column is-vertically-aligned-center is-layout-flow wp-block-column-is-layout-flow\">\n<p>La memoria USB con forma de pelota de golf personalizada para inmobiliarias presenta un exquisito dise\u00f1o en forma de pelota de golf. La esfera blanca est\u00e1 adornada con delicadas texturas que reproducen con realismo el aspecto de una pelota de golf. <\/p>\n\n\n\n<p>Funcionalmente, no difiere de una unidad USB normal, equipada con una interfaz USB est\u00e1ndar para un almacenamiento y lectura de datos r\u00e1pidos. Puede alojar y reproducir f\u00e1cilmente materiales de proyectos inmobiliarios de gran volumen o exquisitos v\u00eddeos promocionales.<\/p>\n<\/div>\n<\/div>\n\n\n\n<p>Country Garden, empresa de renombre en el sector inmobiliario, cuenta con numerosos proyectos inmobiliarios en todo el pa\u00eds e incluso en todo el mundo. Es c\u00e9lebre por sus residencias de alta calidad y sus completas instalaciones de apoyo a la comunidad, dedicadas a crear entornos de vida c\u00f3modos y habitables para los clientes. Con una innovaci\u00f3n continua, Country Garden ha logrado resultados notables en dise\u00f1o arquitect\u00f3nico, servicios inmobiliarios y otros aspectos, gan\u00e1ndose la confianza de los consumidores.<\/p>\n\n\n\n<div class=\"wp-block-columns is-layout-flex wp-container-core-columns-is-layout-9c22b1e3 wp-block-columns-is-layout-flex\">\n<div class=\"wp-block-column is-layout-flow wp-block-column-is-layout-flow\">\n<figure class=\"wp-block-image size-full\"><img alt=\"\" decoding=\"async\" width=\"800\" height=\"800\" src=\"https:\/\/www.usborkeychain.com\/wp-content\/uploads\/Personalized-Golf-USB-Memory-Stick.png\" class=\"wp-image-3801\" srcset=\"https:\/\/www.usborkeychain.com\/wp-content\/uploads\/Personalized-Golf-USB-Memory-Stick.png 800w, https:\/\/www.usborkeychain.com\/wp-content\/uploads\/Personalized-Golf-USB-Memory-Stick-300x300.png 300w, https:\/\/www.usborkeychain.com\/wp-content\/uploads\/Personalized-Golf-USB-Memory-Stick-150x150.png 150w, https:\/\/www.usborkeychain.com\/wp-content\/uploads\/Personalized-Golf-USB-Memory-Stick-768x768.png 768w, https:\/\/www.usborkeychain.com\/wp-content\/uploads\/Personalized-Golf-USB-Memory-Stick-12x12.png 12w, https:\/\/www.usborkeychain.com\/wp-content\/uploads\/Personalized-Golf-USB-Memory-Stick-600x600.png 600w, https:\/\/www.usborkeychain.com\/wp-content\/uploads\/Personalized-Golf-USB-Memory-Stick-100x100.png 100w\" sizes=\"(max-width: 800px) 100vw, 800px\" \/><\/figure>\n<\/div>\n\n\n\n<div class=\"wp-block-column is-layout-flow wp-block-column-is-layout-flow\">\n<figure class=\"wp-block-image size-full\"><img alt=\"\" decoding=\"async\" width=\"800\" height=\"800\" src=\"https:\/\/www.usborkeychain.com\/wp-content\/uploads\/Custom-Golf-Ball-USB-Drive.png\" class=\"wp-image-3798\" srcset=\"https:\/\/www.usborkeychain.com\/wp-content\/uploads\/Custom-Golf-Ball-USB-Drive.png 800w, https:\/\/www.usborkeychain.com\/wp-content\/uploads\/Custom-Golf-Ball-USB-Drive-300x300.png 300w, https:\/\/www.usborkeychain.com\/wp-content\/uploads\/Custom-Golf-Ball-USB-Drive-150x150.png 150w, https:\/\/www.usborkeychain.com\/wp-content\/uploads\/Custom-Golf-Ball-USB-Drive-768x768.png 768w, https:\/\/www.usborkeychain.com\/wp-content\/uploads\/Custom-Golf-Ball-USB-Drive-12x12.png 12w, https:\/\/www.usborkeychain.com\/wp-content\/uploads\/Custom-Golf-Ball-USB-Drive-600x600.png 600w, https:\/\/www.usborkeychain.com\/wp-content\/uploads\/Custom-Golf-Ball-USB-Drive-100x100.png 100w\" sizes=\"(max-width: 800px) 100vw, 800px\" \/><\/figure>\n<\/div>\n\n\n\n<div class=\"wp-block-column is-layout-flow wp-block-column-is-layout-flow\">\n<figure class=\"wp-block-image size-full\"><img alt=\"\" loading=\"lazy\" decoding=\"async\" width=\"800\" height=\"800\" src=\"https:\/\/www.usborkeychain.com\/wp-content\/uploads\/Branded-Golf-Ball-USB-Gift.png\" class=\"wp-image-3796\" srcset=\"https:\/\/www.usborkeychain.com\/wp-content\/uploads\/Branded-Golf-Ball-USB-Gift.png 800w, https:\/\/www.usborkeychain.com\/wp-content\/uploads\/Branded-Golf-Ball-USB-Gift-300x300.png 300w, https:\/\/www.usborkeychain.com\/wp-content\/uploads\/Branded-Golf-Ball-USB-Gift-150x150.png 150w, https:\/\/www.usborkeychain.com\/wp-content\/uploads\/Branded-Golf-Ball-USB-Gift-768x768.png 768w, https:\/\/www.usborkeychain.com\/wp-content\/uploads\/Branded-Golf-Ball-USB-Gift-12x12.png 12w, https:\/\/www.usborkeychain.com\/wp-content\/uploads\/Branded-Golf-Ball-USB-Gift-600x600.png 600w, https:\/\/www.usborkeychain.com\/wp-content\/uploads\/Branded-Golf-Ball-USB-Gift-100x100.png 100w\" sizes=\"(max-width: 800px) 100vw, 800px\" \/><\/figure>\n<\/div>\n<\/div>\n\n\n\n<h2 class=\"wp-block-heading\">1. Regalo conmemorativo personalizado del cliente para el jard\u00edn del campo<\/h2>\n\n\n\n<div class=\"wp-block-columns is-layout-flex wp-container-core-columns-is-layout-28f84493 wp-block-columns-is-layout-flex\">\n<div class=\"wp-block-column is-layout-flow wp-block-column-is-layout-flow\">\n<figure class=\"wp-block-image size-full\"><img alt=\"\" loading=\"lazy\" decoding=\"async\" width=\"800\" height=\"599\" src=\"https:\/\/www.usborkeychain.com\/wp-content\/uploads\/High-fidelity-Golf-USB-Customization.jpg\" class=\"wp-image-3800\" srcset=\"https:\/\/www.usborkeychain.com\/wp-content\/uploads\/High-fidelity-Golf-USB-Customization.jpg 800w, https:\/\/www.usborkeychain.com\/wp-content\/uploads\/High-fidelity-Golf-USB-Customization-300x225.jpg 300w, https:\/\/www.usborkeychain.com\/wp-content\/uploads\/High-fidelity-Golf-USB-Customization-768x575.jpg 768w, https:\/\/www.usborkeychain.com\/wp-content\/uploads\/High-fidelity-Golf-USB-Customization-16x12.jpg 16w, https:\/\/www.usborkeychain.com\/wp-content\/uploads\/High-fidelity-Golf-USB-Customization-600x449.jpg 600w\" sizes=\"(max-width: 800px) 100vw, 800px\" \/><\/figure>\n<\/div>\n\n\n\n<div class=\"wp-block-column is-vertically-aligned-center is-layout-flow wp-block-column-is-layout-flow\">\n<p>Esta unidad USB blanca con forma de pelota de golf est\u00e1 especialmente personalizada como regalo conmemorativo para un cliente de Country Garden. <\/p>\n\n\n\n<p>La pelota de golf simboliza la elegancia y la calidad, en consonancia con el concepto de estilo de vida de alta gama de Country Garden. El logotipo exclusivo de Country Garden puede personalizarse en la esfera de la memoria USB, realzando su significado conmemorativo. <\/p>\n\n\n\n<p>Este dise\u00f1o \u00fanico no s\u00f3lo es pr\u00e1ctico, sino que tambi\u00e9n permite a los clientes sentir constantemente el encanto de la marca Country Garden durante su uso.<\/p>\n<\/div>\n<\/div>\n\n\n\n<h2 class=\"wp-block-heading\">2. Unidad USB con bola de golf sin base como regalo de empresa<\/h2>\n\n\n\n<p><\/p>\n\n\n\n<div class=\"wp-block-columns is-layout-flex wp-container-core-columns-is-layout-28f84493 wp-block-columns-is-layout-flex\">\n<div class=\"wp-block-column is-layout-flow wp-block-column-is-layout-flow\">\n<figure class=\"wp-block-image size-full\"><img alt=\"\" loading=\"lazy\" decoding=\"async\" width=\"503\" height=\"296\" src=\"https:\/\/www.usborkeychain.com\/wp-content\/uploads\/Custom-Golf-Ball-USB-pendrive.jpg\" class=\"wp-image-3799\" srcset=\"https:\/\/www.usborkeychain.com\/wp-content\/uploads\/Custom-Golf-Ball-USB-pendrive.jpg 503w, https:\/\/www.usborkeychain.com\/wp-content\/uploads\/Custom-Golf-Ball-USB-pendrive-300x177.jpg 300w, https:\/\/www.usborkeychain.com\/wp-content\/uploads\/Custom-Golf-Ball-USB-pendrive-18x12.jpg 18w\" sizes=\"(max-width: 503px) 100vw, 503px\" \/><\/figure>\n<\/div>\n\n\n\n<div class=\"wp-block-column is-vertically-aligned-center is-layout-flow wp-block-column-is-layout-flow\">\n<p>Con un dise\u00f1o sin base, esta unidad USB con forma de pelota de golf es sencilla, ligera y f\u00e1cil de transportar. Como regalo de empresa de Country Garden, transmite eficazmente la gratitud de la empresa a los clientes. Para los clientes, es un regalo pr\u00e1ctico y memorable. <\/p>\n\n\n\n<p>La presentaci\u00f3n de estas memorias USB en eventos de ventas inmobiliarias o reuniones de agradecimiento a los clientes puede mejorar la imagen de marca de Country Garden, al tiempo que permite a los clientes utilizar este atento regalo en el almacenamiento diario de datos.<\/p>\n<\/div>\n<\/div>\n\n\n\n<p>Esta unidad USB con pelota de golf personalizada para Country Garden, meticulosamente dise\u00f1ada y producida por fabricantes profesionales de unidades USB mediante servicios de personalizaci\u00f3n USB, encarna a la perfecci\u00f3n las caracter\u00edsticas de la marca Country Garden. Es un regalo conmemorativo para el cliente muy creativo y pr\u00e1ctico en el sector inmobiliario.<\/p>","protected":false},"excerpt":{"rendered":"<ul>\n<li>Memoria USB de pelotas de golf<\/li>\n<li>Como regalo<\/li>\n<li>MOQ:100PCS<\/li>\n<li>LOGOTIPO personalizado<\/li>\n<li>Color blanco<\/li>\n<\/ul>","protected":false},"featured_media":3796,"comment_status":"open","ping_status":"closed","template":"","meta":{"_seopress_robots_primary_cat":"","_seopress_titles_title":"","_seopress_titles_desc":"","_seopress_robots_index":"","site-sidebar-layout":"default","site-content-layout":"","ast-site-content-layout":"","site-content-style":"default","site-sidebar-style":"default","ast-global-header-display":"","ast-banner-title-visibility":"","ast-main-header-display":"","ast-hfb-above-header-display":"","ast-hfb-below-header-display":"","ast-hfb-mobile-header-display":"","site-post-title":"","ast-breadcrumbs-content":"","ast-featured-img":"","footer-sml-layout":"","theme-transparent-header-meta":"","adv-header-id-meta":"","stick-header-meta":"","header-above-stick-meta":"","header-main-stick-meta":"","header-below-stick-meta":"","astra-migrate-meta-layouts":"default","ast-page-background-enabled":"default","ast-page-background-meta":{"desktop":{"background-color":"var(--ast-global-color-5)","background-image":"","background-repeat":"repeat","background-position":"center center","background-size":"auto","background-attachment":"scroll","background-type":"","background-media":"","overlay-type":"","overlay-color":"","overlay-opacity":"","overlay-gradient":""},"tablet":{"background-color":"","background-image":"","background-repeat":"repeat","background-position":"center center","background-size":"auto","background-attachment":"scroll","background-type":"","background-media":"","overlay-type":"","overlay-color":"","overlay-opacity":"","overlay-gradient":""},"mobile":{"background-color":"","background-image":"","background-repeat":"repeat","background-position":"center center","background-size":"auto","background-attachment":"scroll","background-type":"","background-media":"","overlay-type":"","overlay-color":"","overlay-opacity":"","overlay-gradient":""}},"ast-content-background-meta":{"desktop":{"background-color":"var(--ast-global-color-4)","background-image":"","background-repeat":"repeat","background-position":"center center","background-size":"auto","background-attachment":"scroll","background-type":"","background-media":"","overlay-type":"","overlay-color":"","overlay-opacity":"","overlay-gradient":""},"tablet":{"background-color":"var(--ast-global-color-4)","background-image":"","background-repeat":"repeat","background-position":"center center","background-size":"auto","background-attachment":"scroll","background-type":"","background-media":"","overlay-type":"","overlay-color":"","overlay-opacity":"","overlay-gradient":""},"mobile":{"background-color":"var(--ast-global-color-4)","background-image":"","background-repeat":"repeat","background-position":"center center","background-size":"auto","background-attachment":"scroll","background-type":"","background-media":"","overlay-type":"","overlay-color":"","overlay-opacity":"","overlay-gradient":""}}},"product_brand":[],"product_cat":[95],"product_tag":[213],"class_list":{"0":"post-3793","1":"product","2":"type-product","3":"status-publish","4":"has-post-thumbnail","6":"product_cat-promotional-usb-drive","7":"product_tag-ball-shape-usb-drive","8":"desktop-align-left","9":"tablet-align-left","10":"mobile-align-left","12":"first","13":"instock","14":"shipping-taxable","15":"product-type-simple"},"_links":{"self":[{"href":"https:\/\/www.usborkeychain.com\/es\/wp-json\/wp\/v2\/product\/3793","targetHints":{"allow":["GET"]}}],"collection":[{"href":"https:\/\/www.usborkeychain.com\/es\/wp-json\/wp\/v2\/product"}],"about":[{"href":"https:\/\/www.usborkeychain.com\/es\/wp-json\/wp\/v2\/types\/product"}],"replies":[{"embeddable":true,"href":"https:\/\/www.usborkeychain.com\/es\/wp-json\/wp\/v2\/comments?post=3793"}],"wp:featuredmedia":[{"embeddable":true,"href":"https:\/\/www.usborkeychain.com\/es\/wp-json\/wp\/v2\/media\/3796"}],"wp:attachment":[{"href":"https:\/\/www.usborkeychain.com\/es\/wp-json\/wp\/v2\/media?parent=3793"}],"wp:term":[{"taxonomy":"product_brand","embeddable":true,"href":"https:\/\/www.usborkeychain.com\/es\/wp-json\/wp\/v2\/product_brand?post=3793"},{"taxonomy":"product_cat","embeddable":true,"href":"https:\/\/www.usborkeychain.com\/es\/wp-json\/wp\/v2\/product_cat?post=3793"},{"taxonomy":"product_tag","embeddable":true,"href":"https:\/\/www.usborkeychain.com\/es\/wp-json\/wp\/v2\/product_tag?post=3793"}],"curies":[{"name":"wp","href":"https:\/\/api.w.org\/{rel}","templated":true}]}}