{"id":3803,"date":"2025-07-05T14:24:08","date_gmt":"2025-07-05T14:24:08","guid":{"rendered":"https:\/\/www.usborkeychain.com\/?post_type=product&#038;p=3803"},"modified":"2025-07-05T14:24:13","modified_gmt":"2025-07-05T14:24:13","slug":"clown-shaped-usb-flash-drive","status":"publish","type":"product","link":"https:\/\/www.usborkeychain.com\/es\/producto\/clown-shaped-usb-flash-drive\/","title":{"rendered":"Memoria USB con forma de payaso"},"content":{"rendered":"<p><\/p>\n\n\n\n<div class=\"wp-block-columns is-layout-flex wp-container-core-columns-is-layout-28f84493 wp-block-columns-is-layout-flex\">\n<div class=\"wp-block-column is-layout-flow wp-block-column-is-layout-flow\">\n<figure class=\"wp-block-image size-full\"><img fetchpriority=\"high\" decoding=\"async\" width=\"800\" height=\"800\" src=\"https:\/\/www.usborkeychain.com\/wp-content\/uploads\/Comic-Clown-USB-Memory-Stick.png\" alt=\"Comic Clown USB Memory Stick\" class=\"wp-image-3808\" srcset=\"https:\/\/www.usborkeychain.com\/wp-content\/uploads\/Comic-Clown-USB-Memory-Stick.png 800w, https:\/\/www.usborkeychain.com\/wp-content\/uploads\/Comic-Clown-USB-Memory-Stick-300x300.png 300w, https:\/\/www.usborkeychain.com\/wp-content\/uploads\/Comic-Clown-USB-Memory-Stick-150x150.png 150w, https:\/\/www.usborkeychain.com\/wp-content\/uploads\/Comic-Clown-USB-Memory-Stick-768x768.png 768w, https:\/\/www.usborkeychain.com\/wp-content\/uploads\/Comic-Clown-USB-Memory-Stick-12x12.png 12w, https:\/\/www.usborkeychain.com\/wp-content\/uploads\/Comic-Clown-USB-Memory-Stick-600x600.png 600w, https:\/\/www.usborkeychain.com\/wp-content\/uploads\/Comic-Clown-USB-Memory-Stick-100x100.png 100w\" sizes=\"(max-width: 800px) 100vw, 800px\" \/><\/figure>\n<\/div>\n\n\n\n<div class=\"wp-block-column is-vertically-aligned-center is-layout-flow wp-block-column-is-layout-flow\">\n<p>La memoria USB con forma de payaso destaca en el sector del regalo por su dise\u00f1o \u00fanico.<\/p>\n\n\n\n<p>Combina ingeniosamente la ic\u00f3nica imagen del payaso -con rizos de un rojo vibrante, una sonrisa radiante y una carcasa negra que acent\u00faa el contraste de colores- con una funci\u00f3n estable de almacenamiento de datos.<\/p>\n\n\n\n<p> Su dise\u00f1o l\u00fadico y art\u00edstico lo convierte en un regalo memorable y pr\u00e1ctico para diversas ocasiones.<\/p>\n<\/div>\n<\/div>\n\n\n\n<h2 class=\"wp-block-heading\">Proceso de personalizaci\u00f3n del moldeado de PVC de la memoria USB de payaso<\/h2>\n\n\n\n<p>El proceso de personalizaci\u00f3n de la memoria USB de payaso mediante moldeado de PVC es meticuloso:<\/p>\n\n\n\n<ol class=\"wp-block-list\">\n<li><strong>Planificaci\u00f3n del dise\u00f1o<\/strong>: Dise\u00f1adores profesionales crean bocetos creativos basados en im\u00e1genes cl\u00e1sicas de payasos, refinando los esquemas de color y las expresiones faciales.<\/li>\n\n\n\n<li><strong>Fabricaci\u00f3n de moldes<\/strong>: Los moldes de alta precisi\u00f3n se fabrican para ajustarse perfectamente a las especificaciones del dise\u00f1o.<\/li>\n\n\n\n<li><strong>Moldeo por inyecci\u00f3n<\/strong>: Para dar forma a la figura del payaso se utilizan materiales ecol\u00f3gicos de primera calidad que garantizan detalles realistas.<\/li>\n\n\n\n<li><strong>Inspecci\u00f3n de calidad<\/strong>: Cada unidad USB se somete a rigurosos controles de aspecto y rendimiento de lectura y escritura de datos para garantizar un alto nivel de calidad.<\/li>\n<\/ol>\n\n\n\n<div class=\"wp-block-columns is-layout-flex wp-container-core-columns-is-layout-28f84493 wp-block-columns-is-layout-flex\">\n<div class=\"wp-block-column is-layout-flow wp-block-column-is-layout-flow\">\n<figure class=\"wp-block-image size-full\"><img alt=\"\" decoding=\"async\" width=\"800\" height=\"800\" src=\"https:\/\/www.usborkeychain.com\/wp-content\/uploads\/Clown-shaped-USB-Drive.png\" class=\"wp-image-3807\" srcset=\"https:\/\/www.usborkeychain.com\/wp-content\/uploads\/Clown-shaped-USB-Drive.png 800w, https:\/\/www.usborkeychain.com\/wp-content\/uploads\/Clown-shaped-USB-Drive-300x300.png 300w, https:\/\/www.usborkeychain.com\/wp-content\/uploads\/Clown-shaped-USB-Drive-150x150.png 150w, https:\/\/www.usborkeychain.com\/wp-content\/uploads\/Clown-shaped-USB-Drive-768x768.png 768w, https:\/\/www.usborkeychain.com\/wp-content\/uploads\/Clown-shaped-USB-Drive-12x12.png 12w, https:\/\/www.usborkeychain.com\/wp-content\/uploads\/Clown-shaped-USB-Drive-600x600.png 600w, https:\/\/www.usborkeychain.com\/wp-content\/uploads\/Clown-shaped-USB-Drive-100x100.png 100w\" sizes=\"(max-width: 800px) 100vw, 800px\" \/><\/figure>\n<\/div>\n\n\n\n<div class=\"wp-block-column is-layout-flow wp-block-column-is-layout-flow\">\n<figure class=\"wp-block-image size-full\"><img alt=\"\" decoding=\"async\" width=\"800\" height=\"800\" src=\"https:\/\/www.usborkeychain.com\/wp-content\/uploads\/Jester-themed-USB-Flash-Drive.png\" class=\"wp-image-3809\" srcset=\"https:\/\/www.usborkeychain.com\/wp-content\/uploads\/Jester-themed-USB-Flash-Drive.png 800w, https:\/\/www.usborkeychain.com\/wp-content\/uploads\/Jester-themed-USB-Flash-Drive-300x300.png 300w, https:\/\/www.usborkeychain.com\/wp-content\/uploads\/Jester-themed-USB-Flash-Drive-150x150.png 150w, https:\/\/www.usborkeychain.com\/wp-content\/uploads\/Jester-themed-USB-Flash-Drive-768x768.png 768w, https:\/\/www.usborkeychain.com\/wp-content\/uploads\/Jester-themed-USB-Flash-Drive-12x12.png 12w, https:\/\/www.usborkeychain.com\/wp-content\/uploads\/Jester-themed-USB-Flash-Drive-600x600.png 600w, https:\/\/www.usborkeychain.com\/wp-content\/uploads\/Jester-themed-USB-Flash-Drive-100x100.png 100w\" sizes=\"(max-width: 800px) 100vw, 800px\" \/><\/figure>\n<\/div>\n<\/div>\n\n\n\n<h2 class=\"wp-block-heading\">Escenarios ideales para regalar una memoria USB de payaso<\/h2>\n\n\n\n<ul class=\"wp-block-list\">\n<li><strong>Fiestas de cumplea\u00f1os infantiles<\/strong>: Un regalo de vuelta lleno de diversi\u00f3n que atrae a los ni\u00f1os.<\/li>\n\n\n\n<li><strong>Eventos escolares<\/strong>: Premio para alumnos destacados en actividades de educaci\u00f3n infantil o primaria.<\/li>\n\n\n\n<li><strong>Espect\u00e1culos de circo y payasos<\/strong>: Un recuerdo tem\u00e1tico para que el p\u00fablico recuerde la representaci\u00f3n.<\/li>\n\n\n\n<li><strong>Empresas de productos infantiles<\/strong>: Un regalo para promocionar la marca y mostrar una imagen adaptada a los ni\u00f1os.<\/li>\n<\/ul>\n\n\n\n<p>En resumen, la memoria USB con forma de payaso -con su dise\u00f1o \u00fanico, su preciso proceso de personalizaci\u00f3n y sus vers\u00e1tiles aplicaciones- ofrece una combinaci\u00f3n ideal de creatividad y sentido pr\u00e1ctico para regalar.<\/p>","protected":false},"excerpt":{"rendered":"<ul>\n<li>Forma de payaso rojo<\/li>\n<li>Molde de PVC<\/li>\n<li>Circo\/Payaso Espect\u00e1culos de regalo<\/li>\n<li>Paquete personalizado<\/li>\n<li>MOQ:100PCS<\/li>\n<\/ul>","protected":false},"featured_media":3808,"comment_status":"open","ping_status":"closed","template":"","meta":{"_seopress_robots_primary_cat":"","_seopress_titles_title":"","_seopress_titles_desc":"","_seopress_robots_index":"","site-sidebar-layout":"default","site-content-layout":"","ast-site-content-layout":"","site-content-style":"default","site-sidebar-style":"default","ast-global-header-display":"","ast-banner-title-visibility":"","ast-main-header-display":"","ast-hfb-above-header-display":"","ast-hfb-below-header-display":"","ast-hfb-mobile-header-display":"","site-post-title":"","ast-breadcrumbs-content":"","ast-featured-img":"","footer-sml-layout":"","theme-transparent-header-meta":"","adv-header-id-meta":"","stick-header-meta":"","header-above-stick-meta":"","header-main-stick-meta":"","header-below-stick-meta":"","astra-migrate-meta-layouts":"default","ast-page-background-enabled":"default","ast-page-background-meta":{"desktop":{"background-color":"var(--ast-global-color-5)","background-image":"","background-repeat":"repeat","background-position":"center center","background-size":"auto","background-attachment":"scroll","background-type":"","background-media":"","overlay-type":"","overlay-color":"","overlay-opacity":"","overlay-gradient":""},"tablet":{"background-color":"","background-image":"","background-repeat":"repeat","background-position":"center center","background-size":"auto","background-attachment":"scroll","background-type":"","background-media":"","overlay-type":"","overlay-color":"","overlay-opacity":"","overlay-gradient":""},"mobile":{"background-color":"","background-image":"","background-repeat":"repeat","background-position":"center center","background-size":"auto","background-attachment":"scroll","background-type":"","background-media":"","overlay-type":"","overlay-color":"","overlay-opacity":"","overlay-gradient":""}},"ast-content-background-meta":{"desktop":{"background-color":"var(--ast-global-color-4)","background-image":"","background-repeat":"repeat","background-position":"center center","background-size":"auto","background-attachment":"scroll","background-type":"","background-media":"","overlay-type":"","overlay-color":"","overlay-opacity":"","overlay-gradient":""},"tablet":{"background-color":"var(--ast-global-color-4)","background-image":"","background-repeat":"repeat","background-position":"center center","background-size":"auto","background-attachment":"scroll","background-type":"","background-media":"","overlay-type":"","overlay-color":"","overlay-opacity":"","overlay-gradient":""},"mobile":{"background-color":"var(--ast-global-color-4)","background-image":"","background-repeat":"repeat","background-position":"center center","background-size":"auto","background-attachment":"scroll","background-type":"","background-media":"","overlay-type":"","overlay-color":"","overlay-opacity":"","overlay-gradient":""}}},"product_brand":[],"product_cat":[95],"product_tag":[214],"class_list":{"0":"post-3803","1":"product","2":"type-product","3":"status-publish","4":"has-post-thumbnail","6":"product_cat-promotional-usb-drive","7":"product_tag-cute-usb-flash-drive","8":"desktop-align-left","9":"tablet-align-left","10":"mobile-align-left","12":"first","13":"instock","14":"shipping-taxable","15":"product-type-simple"},"_links":{"self":[{"href":"https:\/\/www.usborkeychain.com\/es\/wp-json\/wp\/v2\/product\/3803","targetHints":{"allow":["GET"]}}],"collection":[{"href":"https:\/\/www.usborkeychain.com\/es\/wp-json\/wp\/v2\/product"}],"about":[{"href":"https:\/\/www.usborkeychain.com\/es\/wp-json\/wp\/v2\/types\/product"}],"replies":[{"embeddable":true,"href":"https:\/\/www.usborkeychain.com\/es\/wp-json\/wp\/v2\/comments?post=3803"}],"wp:featuredmedia":[{"embeddable":true,"href":"https:\/\/www.usborkeychain.com\/es\/wp-json\/wp\/v2\/media\/3808"}],"wp:attachment":[{"href":"https:\/\/www.usborkeychain.com\/es\/wp-json\/wp\/v2\/media?parent=3803"}],"wp:term":[{"taxonomy":"product_brand","embeddable":true,"href":"https:\/\/www.usborkeychain.com\/es\/wp-json\/wp\/v2\/product_brand?post=3803"},{"taxonomy":"product_cat","embeddable":true,"href":"https:\/\/www.usborkeychain.com\/es\/wp-json\/wp\/v2\/product_cat?post=3803"},{"taxonomy":"product_tag","embeddable":true,"href":"https:\/\/www.usborkeychain.com\/es\/wp-json\/wp\/v2\/product_tag?post=3803"}],"curies":[{"name":"wp","href":"https:\/\/api.w.org\/{rel}","templated":true}]}}