{"id":3810,"date":"2025-07-05T23:43:52","date_gmt":"2025-07-05T23:43:52","guid":{"rendered":"https:\/\/www.usborkeychain.com\/?post_type=product&#038;p=3810"},"modified":"2025-07-05T23:49:22","modified_gmt":"2025-07-05T23:49:22","slug":"custom-pink-wristband-usb-drive-with-soft-rubber-strap","status":"publish","type":"product","link":"https:\/\/www.usborkeychain.com\/es\/producto\/custom-pink-wristband-usb-drive-with-soft-rubber-strap\/","title":{"rendered":"Memoria USB de pulsera rosa personalizada con correa de goma suave"},"content":{"rendered":"<p><\/p>\n\n\n\n<div class=\"wp-block-columns is-layout-flex wp-container-core-columns-is-layout-28f84493 wp-block-columns-is-layout-flex\">\n<div class=\"wp-block-column is-layout-flow wp-block-column-is-layout-flow\">\n<figure class=\"wp-block-image size-full\"><img fetchpriority=\"high\" decoding=\"async\" width=\"800\" height=\"800\" src=\"https:\/\/www.usborkeychain.com\/wp-content\/uploads\/Pink-Silicone-USB-Bracelet-Drive.png\" alt=\"Pink Silicone USB Bracelet Drive\" class=\"wp-image-3814\" srcset=\"https:\/\/www.usborkeychain.com\/wp-content\/uploads\/Pink-Silicone-USB-Bracelet-Drive.png 800w, https:\/\/www.usborkeychain.com\/wp-content\/uploads\/Pink-Silicone-USB-Bracelet-Drive-300x300.png 300w, https:\/\/www.usborkeychain.com\/wp-content\/uploads\/Pink-Silicone-USB-Bracelet-Drive-150x150.png 150w, https:\/\/www.usborkeychain.com\/wp-content\/uploads\/Pink-Silicone-USB-Bracelet-Drive-768x768.png 768w, https:\/\/www.usborkeychain.com\/wp-content\/uploads\/Pink-Silicone-USB-Bracelet-Drive-12x12.png 12w, https:\/\/www.usborkeychain.com\/wp-content\/uploads\/Pink-Silicone-USB-Bracelet-Drive-600x600.png 600w, https:\/\/www.usborkeychain.com\/wp-content\/uploads\/Pink-Silicone-USB-Bracelet-Drive-100x100.png 100w\" sizes=\"(max-width: 800px) 100vw, 800px\" \/><\/figure>\n<\/div>\n\n\n\n<div class=\"wp-block-column is-vertically-aligned-center is-layout-flow wp-block-column-is-layout-flow\">\n<p>Esta unidad USB de pulsera rosa es un regalo promocional elegante y pr\u00e1ctico, fabricado a medida por YOUSAN USB Factory. <\/p>\n\n\n\n<p>Fabricada en caucho blando, la pulsera es flexible y c\u00f3moda de llevar, y puede utilizarse tambi\u00e9n como llavero o accesorio tecnol\u00f3gico. Con su llamativo color rosa y su dise\u00f1o funcional, es ideal para promociones de marca, obsequios o regalos de empresa.<\/p>\n<\/div>\n<\/div>\n\n\n\n<p><strong>Caracter\u00edsticas principales<\/strong><\/p>\n\n\n\n<ol class=\"wp-block-list\">\n<li><strong>Correa de goma suave para mayor comodidad y durabilidad<\/strong><br>Fabricada con caucho blando de alta calidad, la mu\u00f1equera es resistente al desgaste, flexible y c\u00f3moda de usar durante todo el d\u00eda. No se deforma ni se rompe con facilidad, por lo que es perfecta para llevarla a diario o de viaje.<\/li>\n\n\n\n<li><strong>Chip impermeable ultrafino UDP<\/strong><br>Fabricada con un chip UDP avanzado, esta unidad USB de pulsera ofrece un excelente rendimiento a prueba de agua, golpes y polvo. Su dise\u00f1o ultrafino garantiza la portabilidad y la seguridad de los datos.<\/li>\n\n\n\n<li><strong>Amplia \u00e1rea de personalizaci\u00f3n del logotipo<\/strong><br>La secci\u00f3n met\u00e1lica del cierre admite el grabado l\u00e1ser preciso de logotipos, lo que proporciona un acabado elegante y profesional. La correa de caucho admite serigraf\u00eda e impresi\u00f3n a todo color, con una amplia superficie para personalizar la marca, ideal para dise\u00f1os de logotipos llamativos o detallados.<\/li>\n<\/ol>\n\n\n\n<div class=\"wp-block-columns is-layout-flex wp-container-core-columns-is-layout-28f84493 wp-block-columns-is-layout-flex\">\n<div class=\"wp-block-column is-layout-flow wp-block-column-is-layout-flow\">\n<figure class=\"wp-block-image size-full\"><img decoding=\"async\" width=\"800\" height=\"800\" src=\"https:\/\/www.usborkeychain.com\/wp-content\/uploads\/Wearable-Pink-USB-Memory-Stick.png\" alt=\"Wearable Pink USB Memory Stick\" class=\"wp-image-3816\" srcset=\"https:\/\/www.usborkeychain.com\/wp-content\/uploads\/Wearable-Pink-USB-Memory-Stick.png 800w, https:\/\/www.usborkeychain.com\/wp-content\/uploads\/Wearable-Pink-USB-Memory-Stick-300x300.png 300w, https:\/\/www.usborkeychain.com\/wp-content\/uploads\/Wearable-Pink-USB-Memory-Stick-150x150.png 150w, https:\/\/www.usborkeychain.com\/wp-content\/uploads\/Wearable-Pink-USB-Memory-Stick-768x768.png 768w, https:\/\/www.usborkeychain.com\/wp-content\/uploads\/Wearable-Pink-USB-Memory-Stick-12x12.png 12w, https:\/\/www.usborkeychain.com\/wp-content\/uploads\/Wearable-Pink-USB-Memory-Stick-600x600.png 600w, https:\/\/www.usborkeychain.com\/wp-content\/uploads\/Wearable-Pink-USB-Memory-Stick-100x100.png 100w\" sizes=\"(max-width: 800px) 100vw, 800px\" \/><\/figure>\n<\/div>\n\n\n\n<div class=\"wp-block-column is-layout-flow wp-block-column-is-layout-flow\">\n<figure class=\"wp-block-image size-full\"><img decoding=\"async\" width=\"800\" height=\"800\" src=\"https:\/\/www.usborkeychain.com\/wp-content\/uploads\/Pink-Wristband-USB-Flash-Drive.png\" alt=\"Pink Wristband USB Flash Drive\" class=\"wp-image-3815\" srcset=\"https:\/\/www.usborkeychain.com\/wp-content\/uploads\/Pink-Wristband-USB-Flash-Drive.png 800w, https:\/\/www.usborkeychain.com\/wp-content\/uploads\/Pink-Wristband-USB-Flash-Drive-300x300.png 300w, https:\/\/www.usborkeychain.com\/wp-content\/uploads\/Pink-Wristband-USB-Flash-Drive-150x150.png 150w, https:\/\/www.usborkeychain.com\/wp-content\/uploads\/Pink-Wristband-USB-Flash-Drive-768x768.png 768w, https:\/\/www.usborkeychain.com\/wp-content\/uploads\/Pink-Wristband-USB-Flash-Drive-12x12.png 12w, https:\/\/www.usborkeychain.com\/wp-content\/uploads\/Pink-Wristband-USB-Flash-Drive-600x600.png 600w, https:\/\/www.usborkeychain.com\/wp-content\/uploads\/Pink-Wristband-USB-Flash-Drive-100x100.png 100w\" sizes=\"(max-width: 800px) 100vw, 800px\" \/><\/figure>\n<\/div>\n<\/div>\n\n\n\n<p><strong>Casos pr\u00e1cticos y antecedentes del cliente<\/strong><\/p>\n\n\n\n<div class=\"wp-block-columns is-layout-flex wp-container-core-columns-is-layout-28f84493 wp-block-columns-is-layout-flex\">\n<div class=\"wp-block-column is-layout-flow wp-block-column-is-layout-flow\">\n<figure class=\"wp-block-image size-full\"><img loading=\"lazy\" decoding=\"async\" width=\"800\" height=\"800\" src=\"https:\/\/www.usborkeychain.com\/wp-content\/uploads\/Custom-Pink-USB-Wristband.png\" alt=\"Custom Pink USB Wristband\" class=\"wp-image-3813\" srcset=\"https:\/\/www.usborkeychain.com\/wp-content\/uploads\/Custom-Pink-USB-Wristband.png 800w, https:\/\/www.usborkeychain.com\/wp-content\/uploads\/Custom-Pink-USB-Wristband-300x300.png 300w, https:\/\/www.usborkeychain.com\/wp-content\/uploads\/Custom-Pink-USB-Wristband-150x150.png 150w, https:\/\/www.usborkeychain.com\/wp-content\/uploads\/Custom-Pink-USB-Wristband-768x768.png 768w, https:\/\/www.usborkeychain.com\/wp-content\/uploads\/Custom-Pink-USB-Wristband-12x12.png 12w, https:\/\/www.usborkeychain.com\/wp-content\/uploads\/Custom-Pink-USB-Wristband-600x600.png 600w, https:\/\/www.usborkeychain.com\/wp-content\/uploads\/Custom-Pink-USB-Wristband-100x100.png 100w\" sizes=\"(max-width: 800px) 100vw, 800px\" \/><\/figure>\n<\/div>\n\n\n\n<div class=\"wp-block-column is-vertically-aligned-center is-layout-flow wp-block-column-is-layout-flow\">\n<ol class=\"wp-block-list\">\n<li><strong>Industria qu\u00edmica Personalizaci\u00f3n del cliente<\/strong><br>Este modelo fue personalizado por OCI NITROGEN, un cliente de la industria qu\u00edmica, como unidad USB corporativa de marca. Precargada con folletos de la empresa, documentos de seguridad y especificaciones t\u00e9cnicas, se dise\u00f1\u00f3 para que fuera una herramienta \u00fatil y un potente activo de marca.<\/li>\n\n\n\n<li><strong>Regalo promocional para ferias y eventos<\/strong><br>Utilizada en ferias internacionales como obsequio promocional, esta memoria USB de pulsera atrajo la atenci\u00f3n por su elegante aspecto y su gran funcionalidad. Su formato llevable y su gran superficie personalizable la convirtieron en un art\u00edculo destacado para aumentar la exposici\u00f3n de la marca y dejar una impresi\u00f3n duradera.<\/li>\n<\/ol>\n<\/div>\n<\/div>","protected":false},"excerpt":{"rendered":"<ul>\n<li>Color rosa<\/li>\n<li>Personalizado por OCI NITROGEN<\/li>\n<li>Pulsera y USB<\/li>\n<li>Chip impermeable ultrafino UDP<\/li>\n<li>Logotipo personalizado<\/li>\n<li>\u00a0<\/li>\n<\/ul>","protected":false},"featured_media":3817,"comment_status":"open","ping_status":"closed","template":"","meta":{"_seopress_robots_primary_cat":"none","_seopress_titles_title":"","_seopress_titles_desc":"","_seopress_robots_index":"","site-sidebar-layout":"default","site-content-layout":"","ast-site-content-layout":"","site-content-style":"default","site-sidebar-style":"default","ast-global-header-display":"","ast-banner-title-visibility":"","ast-main-header-display":"","ast-hfb-above-header-display":"","ast-hfb-below-header-display":"","ast-hfb-mobile-header-display":"","site-post-title":"","ast-breadcrumbs-content":"","ast-featured-img":"","footer-sml-layout":"","theme-transparent-header-meta":"","adv-header-id-meta":"","stick-header-meta":"","header-above-stick-meta":"","header-main-stick-meta":"","header-below-stick-meta":"","astra-migrate-meta-layouts":"default","ast-page-background-enabled":"default","ast-page-background-meta":{"desktop":{"background-color":"var(--ast-global-color-5)","background-image":"","background-repeat":"repeat","background-position":"center center","background-size":"auto","background-attachment":"scroll","background-type":"","background-media":"","overlay-type":"","overlay-color":"","overlay-opacity":"","overlay-gradient":""},"tablet":{"background-color":"","background-image":"","background-repeat":"repeat","background-position":"center center","background-size":"auto","background-attachment":"scroll","background-type":"","background-media":"","overlay-type":"","overlay-color":"","overlay-opacity":"","overlay-gradient":""},"mobile":{"background-color":"","background-image":"","background-repeat":"repeat","background-position":"center center","background-size":"auto","background-attachment":"scroll","background-type":"","background-media":"","overlay-type":"","overlay-color":"","overlay-opacity":"","overlay-gradient":""}},"ast-content-background-meta":{"desktop":{"background-color":"var(--ast-global-color-4)","background-image":"","background-repeat":"repeat","background-position":"center center","background-size":"auto","background-attachment":"scroll","background-type":"","background-media":"","overlay-type":"","overlay-color":"","overlay-opacity":"","overlay-gradient":""},"tablet":{"background-color":"var(--ast-global-color-4)","background-image":"","background-repeat":"repeat","background-position":"center center","background-size":"auto","background-attachment":"scroll","background-type":"","background-media":"","overlay-type":"","overlay-color":"","overlay-opacity":"","overlay-gradient":""},"mobile":{"background-color":"var(--ast-global-color-4)","background-image":"","background-repeat":"repeat","background-position":"center center","background-size":"auto","background-attachment":"scroll","background-type":"","background-media":"","overlay-type":"","overlay-color":"","overlay-opacity":"","overlay-gradient":""}}},"product_brand":[],"product_cat":[95,101,97],"product_tag":[215],"class_list":{"0":"post-3810","1":"product","2":"type-product","3":"status-publish","4":"has-post-thumbnail","6":"product_cat-promotional-usb-drive","7":"product_cat-usb-pendrive-with-keychain","8":"product_cat-wristband-usb-drives","9":"product_tag-pink-usb-flash-drive","10":"desktop-align-left","11":"tablet-align-left","12":"mobile-align-left","14":"first","15":"instock","16":"shipping-taxable","17":"product-type-simple"},"_links":{"self":[{"href":"https:\/\/www.usborkeychain.com\/es\/wp-json\/wp\/v2\/product\/3810","targetHints":{"allow":["GET"]}}],"collection":[{"href":"https:\/\/www.usborkeychain.com\/es\/wp-json\/wp\/v2\/product"}],"about":[{"href":"https:\/\/www.usborkeychain.com\/es\/wp-json\/wp\/v2\/types\/product"}],"replies":[{"embeddable":true,"href":"https:\/\/www.usborkeychain.com\/es\/wp-json\/wp\/v2\/comments?post=3810"}],"wp:featuredmedia":[{"embeddable":true,"href":"https:\/\/www.usborkeychain.com\/es\/wp-json\/wp\/v2\/media\/3817"}],"wp:attachment":[{"href":"https:\/\/www.usborkeychain.com\/es\/wp-json\/wp\/v2\/media?parent=3810"}],"wp:term":[{"taxonomy":"product_brand","embeddable":true,"href":"https:\/\/www.usborkeychain.com\/es\/wp-json\/wp\/v2\/product_brand?post=3810"},{"taxonomy":"product_cat","embeddable":true,"href":"https:\/\/www.usborkeychain.com\/es\/wp-json\/wp\/v2\/product_cat?post=3810"},{"taxonomy":"product_tag","embeddable":true,"href":"https:\/\/www.usborkeychain.com\/es\/wp-json\/wp\/v2\/product_tag?post=3810"}],"curies":[{"name":"wp","href":"https:\/\/api.w.org\/{rel}","templated":true}]}}