{"id":3818,"date":"2025-07-06T00:19:38","date_gmt":"2025-07-06T00:19:38","guid":{"rendered":"https:\/\/www.usborkeychain.com\/?post_type=product&#038;p=3818"},"modified":"2025-07-08T01:56:05","modified_gmt":"2025-07-08T01:56:05","slug":"creative-leaf-shaped-usb-drives-custom","status":"publish","type":"product","link":"https:\/\/www.usborkeychain.com\/es\/producto\/creative-leaf-shaped-usb-drives-custom\/","title":{"rendered":"Creativas memorias USB con forma de hoja personalizadas"},"content":{"rendered":"<p>Esta colecci\u00f3n de memorias USB con forma de hoja es una serie de regalos creativos hechos a medida por YOUSAN, fabricante profesional de memorias USB. Fabricadas con material de goma blanda de PVC respetuoso con el medio ambiente y moldeadas con herramientas personalizadas de precisi\u00f3n, cada unidad USB est\u00e1 inspirada en dise\u00f1os de hojas naturales, disponibles en varios colores y formas. Estas memorias ofrecen un aspecto realista con un atractivo art\u00edstico y una funcionalidad pr\u00e1ctica, lo que las hace ideales para promociones de marca, productos culturales y creativos y regalos de empresa.<\/p>\n\n\n\n<h2 class=\"wp-block-heading\"><strong>Memoria USB Tr\u00e9bol de Cuatro Hojas Verde Oscuro<\/strong><\/h2>\n\n\n\n<div class=\"wp-block-columns is-layout-flex wp-container-core-columns-is-layout-28f84493 wp-block-columns-is-layout-flex\">\n<div class=\"wp-block-column is-layout-flow wp-block-column-is-layout-flow\">\n<figure class=\"wp-block-image size-full\"><img fetchpriority=\"high\" decoding=\"async\" width=\"800\" height=\"800\" src=\"https:\/\/www.usborkeychain.com\/wp-content\/uploads\/Custom-Leaf-Shaped-USB-Driv.png\" alt=\"Custom Leaf Shaped USB Driv\" class=\"wp-image-3822\" srcset=\"https:\/\/www.usborkeychain.com\/wp-content\/uploads\/Custom-Leaf-Shaped-USB-Driv.png 800w, https:\/\/www.usborkeychain.com\/wp-content\/uploads\/Custom-Leaf-Shaped-USB-Driv-300x300.png 300w, https:\/\/www.usborkeychain.com\/wp-content\/uploads\/Custom-Leaf-Shaped-USB-Driv-150x150.png 150w, https:\/\/www.usborkeychain.com\/wp-content\/uploads\/Custom-Leaf-Shaped-USB-Driv-768x768.png 768w, https:\/\/www.usborkeychain.com\/wp-content\/uploads\/Custom-Leaf-Shaped-USB-Driv-12x12.png 12w, https:\/\/www.usborkeychain.com\/wp-content\/uploads\/Custom-Leaf-Shaped-USB-Driv-600x600.png 600w, https:\/\/www.usborkeychain.com\/wp-content\/uploads\/Custom-Leaf-Shaped-USB-Driv-100x100.png 100w\" sizes=\"(max-width: 800px) 100vw, 800px\" \/><\/figure>\n<\/div>\n\n\n\n<div class=\"wp-block-column is-vertically-aligned-center is-layout-flow wp-block-column-is-layout-flow\">\n<p>Inspirada en el emblem\u00e1tico tr\u00e9bol de cuatro hojas que simboliza la suerte y las bendiciones, esta unidad USB de color verde oscuro presenta un dise\u00f1o completo y tridimensional con un elegante conector USB oculto en el interior de la hoja. <\/p>\n\n\n\n<p>La textura de goma blanda es suave y flexible, lo que proporciona un agarre c\u00f3modo. Es perfecto como regalo de empresa o para conferencias, ya que transmite un mensaje de buena suerte.<\/p>\n<\/div>\n<\/div>\n\n\n\n<h2 class=\"wp-block-heading\"><strong>Unidad USB de tres hojas <\/strong><\/h2>\n\n\n\n<div class=\"wp-block-columns is-layout-flex wp-container-core-columns-is-layout-28f84493 wp-block-columns-is-layout-flex\">\n<div class=\"wp-block-column is-layout-flow wp-block-column-is-layout-flow\">\n<figure class=\"wp-block-image size-full\"><img decoding=\"async\" width=\"800\" height=\"800\" src=\"https:\/\/www.usborkeychain.com\/wp-content\/uploads\/Creative-Leaf-USB-Drive-.png\" alt=\"Creative Leaf USB Drive\" class=\"wp-image-3821\" srcset=\"https:\/\/www.usborkeychain.com\/wp-content\/uploads\/Creative-Leaf-USB-Drive-.png 800w, https:\/\/www.usborkeychain.com\/wp-content\/uploads\/Creative-Leaf-USB-Drive--300x300.png 300w, https:\/\/www.usborkeychain.com\/wp-content\/uploads\/Creative-Leaf-USB-Drive--150x150.png 150w, https:\/\/www.usborkeychain.com\/wp-content\/uploads\/Creative-Leaf-USB-Drive--768x768.png 768w, https:\/\/www.usborkeychain.com\/wp-content\/uploads\/Creative-Leaf-USB-Drive--12x12.png 12w, https:\/\/www.usborkeychain.com\/wp-content\/uploads\/Creative-Leaf-USB-Drive--600x600.png 600w, https:\/\/www.usborkeychain.com\/wp-content\/uploads\/Creative-Leaf-USB-Drive--100x100.png 100w\" sizes=\"(max-width: 800px) 100vw, 800px\" \/><\/figure>\n<\/div>\n\n\n\n<div class=\"wp-block-column is-vertically-aligned-center is-layout-flow wp-block-column-is-layout-flow\">\n<p>Dise\u00f1ada con una forma de hoja m\u00e1s realista, esta unidad USB de tres hojas presenta claras texturas de las venas de la hoja y un tono verde intenso, creando una fuerte impresi\u00f3n ecol\u00f3gica.<\/p>\n\n\n\n<p>La combinaci\u00f3n de material de caucho blando y moldeado de alta precisi\u00f3n mejora tanto su textura como su durabilidad. Es muy utilizado por empresas agr\u00edcolas, ONG medioambientales y proyectos impulsados por la sostenibilidad para transmitir el compromiso de una marca con la naturaleza y los valores ecol\u00f3gicos.<\/p>\n<\/div>\n<\/div>\n\n\n\n<p><\/p>\n\n\n\n<h2 class=\"wp-block-heading\"><strong>Unidad USB Tr\u00e9bol de Cuatro Hojas Verde Brillante<\/strong><\/h2>\n\n\n\n<div class=\"wp-block-columns is-layout-flex wp-container-core-columns-is-layout-28f84493 wp-block-columns-is-layout-flex\">\n<div class=\"wp-block-column is-layout-flow wp-block-column-is-layout-flow\">\n<figure class=\"wp-block-image size-full\"><img decoding=\"async\" width=\"800\" height=\"800\" src=\"https:\/\/www.usborkeychain.com\/wp-content\/uploads\/Soft-Rubber-Leaf-USB-Stick-\u2013.png\" alt=\"Soft Rubber Leaf USB Stick \u2013\" class=\"wp-image-3825\" srcset=\"https:\/\/www.usborkeychain.com\/wp-content\/uploads\/Soft-Rubber-Leaf-USB-Stick-\u2013.png 800w, https:\/\/www.usborkeychain.com\/wp-content\/uploads\/Soft-Rubber-Leaf-USB-Stick-\u2013-300x300.png 300w, https:\/\/www.usborkeychain.com\/wp-content\/uploads\/Soft-Rubber-Leaf-USB-Stick-\u2013-150x150.png 150w, https:\/\/www.usborkeychain.com\/wp-content\/uploads\/Soft-Rubber-Leaf-USB-Stick-\u2013-768x768.png 768w, https:\/\/www.usborkeychain.com\/wp-content\/uploads\/Soft-Rubber-Leaf-USB-Stick-\u2013-12x12.png 12w, https:\/\/www.usborkeychain.com\/wp-content\/uploads\/Soft-Rubber-Leaf-USB-Stick-\u2013-600x600.png 600w, https:\/\/www.usborkeychain.com\/wp-content\/uploads\/Soft-Rubber-Leaf-USB-Stick-\u2013-100x100.png 100w\" sizes=\"(max-width: 800px) 100vw, 800px\" \/><\/figure>\n<\/div>\n\n\n\n<div class=\"wp-block-column is-vertically-aligned-center is-layout-flow wp-block-column-is-layout-flow\">\n<p><br>Con su vibrante color verde y su forma redondeada, esta unidad USB destaca visualmente. El dise\u00f1o de la hoja se ha realizado con precisi\u00f3n mediante la personalizaci\u00f3n con moldes de PVC, lo que la convierte no solo en un dispositivo funcional de almacenamiento de datos, sino tambi\u00e9n en un art\u00edculo de regalo coleccionable.<\/p>\n\n\n\n<p> Es especialmente popular entre las promociones orientadas a los j\u00f3venes, las campa\u00f1as de tem\u00e1tica ecol\u00f3gica, los colegios y las marcas creativas que buscan algo divertido pero con sentido.<\/p>\n<\/div>\n<\/div>\n\n\n\n<p><br>Una unidad USB con hojas no es s\u00f3lo un dispositivo de almacenamiento: es una forma de expresi\u00f3n creativa. Gracias al moldeado profesional de PVC y a la personalizaci\u00f3n con goma blanda, YOUSAN ofrece memorias USB que combinan est\u00e9tica, funcionalidad y valor de marca. Ya sea para uso promocional, regalos de empresa o campa\u00f1as tem\u00e1ticas, esta es una soluci\u00f3n \u00fanica que ayuda a que su mensaje destaque.<\/p>","protected":false},"excerpt":{"rendered":"<ul>\n<li>Dise\u00f1o en forma de hoja<\/li>\n<li>Molde de PVC<\/li>\n<li>MOQ:100PCS<\/li>\n<li>USB 2.0 y USB 3.1 puede elegir<\/li>\n<li>Verde brillante y verde oscuro, los m\u00e1s populares<\/li>\n<\/ul>","protected":false},"featured_media":3821,"comment_status":"open","ping_status":"closed","template":"","meta":{"_seopress_robots_primary_cat":"","_seopress_titles_title":"","_seopress_titles_desc":"","_seopress_robots_index":"","site-sidebar-layout":"default","site-content-layout":"","ast-site-content-layout":"","site-content-style":"default","site-sidebar-style":"default","ast-global-header-display":"","ast-banner-title-visibility":"","ast-main-header-display":"","ast-hfb-above-header-display":"","ast-hfb-below-header-display":"","ast-hfb-mobile-header-display":"","site-post-title":"","ast-breadcrumbs-content":"","ast-featured-img":"","footer-sml-layout":"","theme-transparent-header-meta":"","adv-header-id-meta":"","stick-header-meta":"","header-above-stick-meta":"","header-main-stick-meta":"","header-below-stick-meta":"","astra-migrate-meta-layouts":"default","ast-page-background-enabled":"default","ast-page-background-meta":{"desktop":{"background-color":"var(--ast-global-color-5)","background-image":"","background-repeat":"repeat","background-position":"center center","background-size":"auto","background-attachment":"scroll","background-type":"","background-media":"","overlay-type":"","overlay-color":"","overlay-opacity":"","overlay-gradient":""},"tablet":{"background-color":"","background-image":"","background-repeat":"repeat","background-position":"center center","background-size":"auto","background-attachment":"scroll","background-type":"","background-media":"","overlay-type":"","overlay-color":"","overlay-opacity":"","overlay-gradient":""},"mobile":{"background-color":"","background-image":"","background-repeat":"repeat","background-position":"center center","background-size":"auto","background-attachment":"scroll","background-type":"","background-media":"","overlay-type":"","overlay-color":"","overlay-opacity":"","overlay-gradient":""}},"ast-content-background-meta":{"desktop":{"background-color":"var(--ast-global-color-4)","background-image":"","background-repeat":"repeat","background-position":"center center","background-size":"auto","background-attachment":"scroll","background-type":"","background-media":"","overlay-type":"","overlay-color":"","overlay-opacity":"","overlay-gradient":""},"tablet":{"background-color":"var(--ast-global-color-4)","background-image":"","background-repeat":"repeat","background-position":"center center","background-size":"auto","background-attachment":"scroll","background-type":"","background-media":"","overlay-type":"","overlay-color":"","overlay-opacity":"","overlay-gradient":""},"mobile":{"background-color":"var(--ast-global-color-4)","background-image":"","background-repeat":"repeat","background-position":"center center","background-size":"auto","background-attachment":"scroll","background-type":"","background-media":"","overlay-type":"","overlay-color":"","overlay-opacity":"","overlay-gradient":""}}},"product_brand":[],"product_cat":[94],"product_tag":[],"class_list":{"0":"post-3818","1":"product","2":"type-product","3":"status-publish","4":"has-post-thumbnail","6":"product_cat-pvc-usb-pendrive","7":"desktop-align-left","8":"tablet-align-left","9":"mobile-align-left","11":"first","12":"instock","13":"shipping-taxable","14":"product-type-simple"},"_links":{"self":[{"href":"https:\/\/www.usborkeychain.com\/es\/wp-json\/wp\/v2\/product\/3818","targetHints":{"allow":["GET"]}}],"collection":[{"href":"https:\/\/www.usborkeychain.com\/es\/wp-json\/wp\/v2\/product"}],"about":[{"href":"https:\/\/www.usborkeychain.com\/es\/wp-json\/wp\/v2\/types\/product"}],"replies":[{"embeddable":true,"href":"https:\/\/www.usborkeychain.com\/es\/wp-json\/wp\/v2\/comments?post=3818"}],"wp:featuredmedia":[{"embeddable":true,"href":"https:\/\/www.usborkeychain.com\/es\/wp-json\/wp\/v2\/media\/3821"}],"wp:attachment":[{"href":"https:\/\/www.usborkeychain.com\/es\/wp-json\/wp\/v2\/media?parent=3818"}],"wp:term":[{"taxonomy":"product_brand","embeddable":true,"href":"https:\/\/www.usborkeychain.com\/es\/wp-json\/wp\/v2\/product_brand?post=3818"},{"taxonomy":"product_cat","embeddable":true,"href":"https:\/\/www.usborkeychain.com\/es\/wp-json\/wp\/v2\/product_cat?post=3818"},{"taxonomy":"product_tag","embeddable":true,"href":"https:\/\/www.usborkeychain.com\/es\/wp-json\/wp\/v2\/product_tag?post=3818"}],"curies":[{"name":"wp","href":"https:\/\/api.w.org\/{rel}","templated":true}]}}