{"id":3826,"date":"2025-07-06T06:34:51","date_gmt":"2025-07-06T06:34:51","guid":{"rendered":"https:\/\/www.usborkeychain.com\/?post_type=product&#038;p=3826"},"modified":"2025-07-08T01:56:14","modified_gmt":"2025-07-08T01:56:14","slug":"soft-pvc-cloud-usb-stick-custom-made","status":"publish","type":"product","link":"https:\/\/www.usborkeychain.com\/es\/producto\/soft-pvc-cloud-usb-stick-custom-made\/","title":{"rendered":"Memoria USB nube de PVC blando a medida"},"content":{"rendered":"<p>En la era actual de la personalizaci\u00f3n y el reconocimiento de marca, las memorias USB personalizadas se han convertido en una opci\u00f3n muy popular como regalo de empresa. YOUSAN ha creado una serie de <strong>unidades USB con forma de nube<\/strong> fabricado con materiales ecol\u00f3gicos <strong>Goma blanda de PVC<\/strong>, utilizando t\u00e9cnicas de moldeado profesionales para producir dise\u00f1os suaves y encantadores con un tacto suave. Estos accionamientos combinan la practicidad con un toque art\u00edstico. <\/p>\n\n\n\n<h2 class=\"wp-block-heading\"><strong>Unidad USB personalizada con dise\u00f1o de panda<\/strong><\/h2>\n\n\n\n<p>Este USB con forma de nube lleva un <strong>gr\u00e1fico panda<\/strong>El dise\u00f1o de la nube combina la suavidad del contorno de una nube con el simp\u00e1tico dise\u00f1o de un panda. El panda de dibujos animados se sit\u00faa en el centro de la nube, creando una fuerte identidad visual y una sensaci\u00f3n de calidez, perfecta para transmitir temas de conciencia medioambiental y simpat\u00eda por la marca. Este dise\u00f1o tuvo una buena acogida, especialmente entre el p\u00fablico m\u00e1s joven y los sectores relacionados con las familias y los ni\u00f1os. Es un regalo de empresa divertido y memorable.<\/p>\n\n\n\n<div class=\"wp-block-columns is-layout-flex wp-container-core-columns-is-layout-28f84493 wp-block-columns-is-layout-flex\">\n<div class=\"wp-block-column is-layout-flow wp-block-column-is-layout-flow\">\n<figure class=\"wp-block-image size-full\"><img alt=\"\" fetchpriority=\"high\" decoding=\"async\" width=\"800\" height=\"800\" src=\"https:\/\/www.usborkeychain.com\/wp-content\/uploads\/Custom-Cloud-Shaped-USB-Drive.png\" class=\"wp-image-3831\" srcset=\"https:\/\/www.usborkeychain.com\/wp-content\/uploads\/Custom-Cloud-Shaped-USB-Drive.png 800w, https:\/\/www.usborkeychain.com\/wp-content\/uploads\/Custom-Cloud-Shaped-USB-Drive-300x300.png 300w, https:\/\/www.usborkeychain.com\/wp-content\/uploads\/Custom-Cloud-Shaped-USB-Drive-150x150.png 150w, https:\/\/www.usborkeychain.com\/wp-content\/uploads\/Custom-Cloud-Shaped-USB-Drive-768x768.png 768w, https:\/\/www.usborkeychain.com\/wp-content\/uploads\/Custom-Cloud-Shaped-USB-Drive-12x12.png 12w, https:\/\/www.usborkeychain.com\/wp-content\/uploads\/Custom-Cloud-Shaped-USB-Drive-600x600.png 600w, https:\/\/www.usborkeychain.com\/wp-content\/uploads\/Custom-Cloud-Shaped-USB-Drive-100x100.png 100w\" sizes=\"(max-width: 800px) 100vw, 800px\" \/><\/figure>\n<\/div>\n\n\n\n<div class=\"wp-block-column is-layout-flow wp-block-column-is-layout-flow\">\n<figure class=\"wp-block-image size-full\"><img decoding=\"async\" width=\"800\" height=\"800\" src=\"https:\/\/www.usborkeychain.com\/wp-content\/uploads\/Creative-Cloud-USB-Flash-Drive-Gift.png\" alt=\"Creative Cloud USB Flash Drive Gift\" class=\"wp-image-3830\" srcset=\"https:\/\/www.usborkeychain.com\/wp-content\/uploads\/Creative-Cloud-USB-Flash-Drive-Gift.png 800w, https:\/\/www.usborkeychain.com\/wp-content\/uploads\/Creative-Cloud-USB-Flash-Drive-Gift-300x300.png 300w, https:\/\/www.usborkeychain.com\/wp-content\/uploads\/Creative-Cloud-USB-Flash-Drive-Gift-150x150.png 150w, https:\/\/www.usborkeychain.com\/wp-content\/uploads\/Creative-Cloud-USB-Flash-Drive-Gift-768x768.png 768w, https:\/\/www.usborkeychain.com\/wp-content\/uploads\/Creative-Cloud-USB-Flash-Drive-Gift-12x12.png 12w, https:\/\/www.usborkeychain.com\/wp-content\/uploads\/Creative-Cloud-USB-Flash-Drive-Gift-600x600.png 600w, https:\/\/www.usborkeychain.com\/wp-content\/uploads\/Creative-Cloud-USB-Flash-Drive-Gift-100x100.png 100w\" sizes=\"(max-width: 800px) 100vw, 800px\" \/><\/figure>\n<\/div>\n<\/div>\n\n\n\n<h2 class=\"wp-block-heading\"><strong>Logotipo de empresa Unidad USB personalizada con forma de nube<\/strong><\/h2>\n\n\n\n<p><\/p>\n\n\n\n<div class=\"wp-block-columns is-layout-flex wp-container-core-columns-is-layout-28f84493 wp-block-columns-is-layout-flex\">\n<div class=\"wp-block-column is-layout-flow wp-block-column-is-layout-flow\">\n<figure class=\"wp-block-image size-full\"><img decoding=\"async\" width=\"800\" height=\"800\" src=\"https:\/\/www.usborkeychain.com\/wp-content\/uploads\/Soft-PVC-Cloud-USB-Stick-Custom-Made.png\" alt=\"Soft PVC Cloud USB Stick Custom Made\" class=\"wp-image-3835\" srcset=\"https:\/\/www.usborkeychain.com\/wp-content\/uploads\/Soft-PVC-Cloud-USB-Stick-Custom-Made.png 800w, https:\/\/www.usborkeychain.com\/wp-content\/uploads\/Soft-PVC-Cloud-USB-Stick-Custom-Made-300x300.png 300w, https:\/\/www.usborkeychain.com\/wp-content\/uploads\/Soft-PVC-Cloud-USB-Stick-Custom-Made-150x150.png 150w, https:\/\/www.usborkeychain.com\/wp-content\/uploads\/Soft-PVC-Cloud-USB-Stick-Custom-Made-768x768.png 768w, https:\/\/www.usborkeychain.com\/wp-content\/uploads\/Soft-PVC-Cloud-USB-Stick-Custom-Made-12x12.png 12w, https:\/\/www.usborkeychain.com\/wp-content\/uploads\/Soft-PVC-Cloud-USB-Stick-Custom-Made-600x600.png 600w, https:\/\/www.usborkeychain.com\/wp-content\/uploads\/Soft-PVC-Cloud-USB-Stick-Custom-Made-100x100.png 100w\" sizes=\"(max-width: 800px) 100vw, 800px\" \/><\/figure>\n<\/div>\n\n\n\n<div class=\"wp-block-column is-vertically-aligned-center is-layout-flow wp-block-column-is-layout-flow\">\n<p>El segundo estilo se hizo a medida para una empresa de tecnolog\u00eda, manteniendo la sencillez de la forma de nube e incrustando el logotipo de la empresa. <strong>logotipo de la empresa<\/strong> en un lugar destacado de la parte delantera. El logotipo se recre\u00f3 en 3D utilizando material de PVC blando, con un detalle preciso de sus colores y contornos. <\/p>\n\n\n\n<p>Este tipo de personalizaci\u00f3n no s\u00f3lo mejora el atractivo visual, sino que tambi\u00e9n convierte el USB en una herramienta reconocible y pr\u00e1ctica para conferencias, reuniones y eventos empresariales.<\/p>\n<\/div>\n<\/div>\n\n\n\n<h2 class=\"wp-block-heading\"><strong>URL del sitio web y logotipo Unidad USB personalizada<\/strong><\/h2>\n\n\n\n<p>La tercera versi\u00f3n presenta el <strong>URL del sitio web de la empresa<\/strong> grabada en la parte inferior del USB en forma de nube. Fabricado con t\u00e9cnicas de grabado en relieve, la direcci\u00f3n web no s\u00f3lo se integra visualmente, sino que tambi\u00e9n funciona como una sutil pero eficaz herramienta de marketing. Este enfoque pr\u00e1ctico y promocional lo convierte en una opci\u00f3n inteligente para el lanzamiento de productos o eventos de promoci\u00f3n de la marca, fomentando el tr\u00e1fico al sitio web de la empresa y aumentando el compromiso.<\/p>\n\n\n\n<div class=\"wp-block-columns is-layout-flex wp-container-core-columns-is-layout-28f84493 wp-block-columns-is-layout-flex\">\n<div class=\"wp-block-column is-layout-flow wp-block-column-is-layout-flow\">\n<figure class=\"wp-block-image size-full\"><img loading=\"lazy\" decoding=\"async\" width=\"800\" height=\"800\" src=\"https:\/\/www.usborkeychain.com\/wp-content\/uploads\/Logo-Printed-Cloud-USB-Flash-Drive.png\" alt=\"Logo Printed Cloud USB Flash Drive\" class=\"wp-image-3833\" srcset=\"https:\/\/www.usborkeychain.com\/wp-content\/uploads\/Logo-Printed-Cloud-USB-Flash-Drive.png 800w, https:\/\/www.usborkeychain.com\/wp-content\/uploads\/Logo-Printed-Cloud-USB-Flash-Drive-300x300.png 300w, https:\/\/www.usborkeychain.com\/wp-content\/uploads\/Logo-Printed-Cloud-USB-Flash-Drive-150x150.png 150w, https:\/\/www.usborkeychain.com\/wp-content\/uploads\/Logo-Printed-Cloud-USB-Flash-Drive-768x768.png 768w, https:\/\/www.usborkeychain.com\/wp-content\/uploads\/Logo-Printed-Cloud-USB-Flash-Drive-12x12.png 12w, https:\/\/www.usborkeychain.com\/wp-content\/uploads\/Logo-Printed-Cloud-USB-Flash-Drive-600x600.png 600w, https:\/\/www.usborkeychain.com\/wp-content\/uploads\/Logo-Printed-Cloud-USB-Flash-Drive-100x100.png 100w\" sizes=\"(max-width: 800px) 100vw, 800px\" \/><\/figure>\n<\/div>\n\n\n\n<div class=\"wp-block-column is-layout-flow wp-block-column-is-layout-flow\">\n<figure class=\"wp-block-image size-full\"><img loading=\"lazy\" decoding=\"async\" width=\"800\" height=\"800\" src=\"https:\/\/www.usborkeychain.com\/wp-content\/uploads\/Bulk-Custom-Cloud-USB-Drives.png\" alt=\"Bulk Custom Cloud USB Drives\" class=\"wp-image-3829\" srcset=\"https:\/\/www.usborkeychain.com\/wp-content\/uploads\/Bulk-Custom-Cloud-USB-Drives.png 800w, https:\/\/www.usborkeychain.com\/wp-content\/uploads\/Bulk-Custom-Cloud-USB-Drives-300x300.png 300w, https:\/\/www.usborkeychain.com\/wp-content\/uploads\/Bulk-Custom-Cloud-USB-Drives-150x150.png 150w, https:\/\/www.usborkeychain.com\/wp-content\/uploads\/Bulk-Custom-Cloud-USB-Drives-768x768.png 768w, https:\/\/www.usborkeychain.com\/wp-content\/uploads\/Bulk-Custom-Cloud-USB-Drives-12x12.png 12w, https:\/\/www.usborkeychain.com\/wp-content\/uploads\/Bulk-Custom-Cloud-USB-Drives-600x600.png 600w, https:\/\/www.usborkeychain.com\/wp-content\/uploads\/Bulk-Custom-Cloud-USB-Drives-100x100.png 100w\" sizes=\"(max-width: 800px) 100vw, 800px\" \/><\/figure>\n<\/div>\n<\/div>\n\n\n\n<p>Estas tres unidades USB en forma de nube, cada una de ellas hecha de <strong>caucho blando de PVC ecol\u00f3gico<\/strong>-destacan por su dise\u00f1o exclusivo, su tacto c\u00f3modo y su fuerte impacto de marca. Como regalos de empresa, ayudan a mejorar la visibilidad de la marca y a profundizar la conexi\u00f3n con el cliente. YOUSAN sigue ofreciendo soluciones USB personalizadas, creativas y de alta calidad adaptadas a las necesidades de marca de cada cliente.<\/p>","protected":false},"excerpt":{"rendered":"<ul>\n<li>USB en forma de nube<\/li>\n<li>USB2.0<\/li>\n<li>Molde de PVC estilos usb<\/li>\n<li>Muchos colores puede elegir<\/li>\n<li>MOQ:100pcs<\/li>\n<\/ul>","protected":false},"featured_media":3835,"comment_status":"open","ping_status":"closed","template":"","meta":{"_seopress_robots_primary_cat":"","_seopress_titles_title":"","_seopress_titles_desc":"","_seopress_robots_index":"","site-sidebar-layout":"default","site-content-layout":"","ast-site-content-layout":"","site-content-style":"default","site-sidebar-style":"default","ast-global-header-display":"","ast-banner-title-visibility":"","ast-main-header-display":"","ast-hfb-above-header-display":"","ast-hfb-below-header-display":"","ast-hfb-mobile-header-display":"","site-post-title":"","ast-breadcrumbs-content":"","ast-featured-img":"","footer-sml-layout":"","theme-transparent-header-meta":"","adv-header-id-meta":"","stick-header-meta":"","header-above-stick-meta":"","header-main-stick-meta":"","header-below-stick-meta":"","astra-migrate-meta-layouts":"default","ast-page-background-enabled":"default","ast-page-background-meta":{"desktop":{"background-color":"var(--ast-global-color-5)","background-image":"","background-repeat":"repeat","background-position":"center center","background-size":"auto","background-attachment":"scroll","background-type":"","background-media":"","overlay-type":"","overlay-color":"","overlay-opacity":"","overlay-gradient":""},"tablet":{"background-color":"","background-image":"","background-repeat":"repeat","background-position":"center center","background-size":"auto","background-attachment":"scroll","background-type":"","background-media":"","overlay-type":"","overlay-color":"","overlay-opacity":"","overlay-gradient":""},"mobile":{"background-color":"","background-image":"","background-repeat":"repeat","background-position":"center center","background-size":"auto","background-attachment":"scroll","background-type":"","background-media":"","overlay-type":"","overlay-color":"","overlay-opacity":"","overlay-gradient":""}},"ast-content-background-meta":{"desktop":{"background-color":"var(--ast-global-color-4)","background-image":"","background-repeat":"repeat","background-position":"center center","background-size":"auto","background-attachment":"scroll","background-type":"","background-media":"","overlay-type":"","overlay-color":"","overlay-opacity":"","overlay-gradient":""},"tablet":{"background-color":"var(--ast-global-color-4)","background-image":"","background-repeat":"repeat","background-position":"center center","background-size":"auto","background-attachment":"scroll","background-type":"","background-media":"","overlay-type":"","overlay-color":"","overlay-opacity":"","overlay-gradient":""},"mobile":{"background-color":"var(--ast-global-color-4)","background-image":"","background-repeat":"repeat","background-position":"center center","background-size":"auto","background-attachment":"scroll","background-type":"","background-media":"","overlay-type":"","overlay-color":"","overlay-opacity":"","overlay-gradient":""}}},"product_brand":[],"product_cat":[94],"product_tag":[],"class_list":{"0":"post-3826","1":"product","2":"type-product","3":"status-publish","4":"has-post-thumbnail","6":"product_cat-pvc-usb-pendrive","7":"desktop-align-left","8":"tablet-align-left","9":"mobile-align-left","11":"first","12":"instock","13":"shipping-taxable","14":"product-type-simple"},"_links":{"self":[{"href":"https:\/\/www.usborkeychain.com\/es\/wp-json\/wp\/v2\/product\/3826","targetHints":{"allow":["GET"]}}],"collection":[{"href":"https:\/\/www.usborkeychain.com\/es\/wp-json\/wp\/v2\/product"}],"about":[{"href":"https:\/\/www.usborkeychain.com\/es\/wp-json\/wp\/v2\/types\/product"}],"replies":[{"embeddable":true,"href":"https:\/\/www.usborkeychain.com\/es\/wp-json\/wp\/v2\/comments?post=3826"}],"wp:featuredmedia":[{"embeddable":true,"href":"https:\/\/www.usborkeychain.com\/es\/wp-json\/wp\/v2\/media\/3835"}],"wp:attachment":[{"href":"https:\/\/www.usborkeychain.com\/es\/wp-json\/wp\/v2\/media?parent=3826"}],"wp:term":[{"taxonomy":"product_brand","embeddable":true,"href":"https:\/\/www.usborkeychain.com\/es\/wp-json\/wp\/v2\/product_brand?post=3826"},{"taxonomy":"product_cat","embeddable":true,"href":"https:\/\/www.usborkeychain.com\/es\/wp-json\/wp\/v2\/product_cat?post=3826"},{"taxonomy":"product_tag","embeddable":true,"href":"https:\/\/www.usborkeychain.com\/es\/wp-json\/wp\/v2\/product_tag?post=3826"}],"curies":[{"name":"wp","href":"https:\/\/api.w.org\/{rel}","templated":true}]}}