{"id":3892,"date":"2025-07-07T03:13:07","date_gmt":"2025-07-07T03:13:07","guid":{"rendered":"https:\/\/www.usborkeychain.com\/?post_type=product&#038;p=3892"},"modified":"2025-07-12T10:22:06","modified_gmt":"2025-07-12T10:22:06","slug":"notebook-with-semi-round-metal-usb-flash-drive","status":"publish","type":"product","link":"https:\/\/www.usborkeychain.com\/es\/producto\/notebook-with-semi-round-metal-usb-flash-drive\/","title":{"rendered":"Port\u00e1til con memoria USB met\u00e1lica semiredonda"},"content":{"rendered":"<p>Eleve el nivel de sus regalos de empresa y art\u00edculos de papeler\u00eda corporativa con nuestra memoria USB met\u00e1lica semiredonda, dise\u00f1ada espec\u00edficamente para su integraci\u00f3n en cuadernos personalizados. Fabricada en aleaci\u00f3n de zinc duradera, esta elegante y compacta unidad flash presenta un dise\u00f1o de hebilla de torre semirredonda, que la hace elegante y muy funcional.<\/p>\n\n\n\n<div class=\"wp-block-columns is-layout-flex wp-container-core-columns-is-layout-28f84493 wp-block-columns-is-layout-flex\">\n<div class=\"wp-block-column is-layout-flow wp-block-column-is-layout-flow\">\n<figure class=\"wp-block-image size-full\"><img alt=\"\" fetchpriority=\"high\" decoding=\"async\" width=\"800\" height=\"800\" src=\"https:\/\/www.usborkeychain.com\/wp-content\/uploads\/New-Design-Notebook-Button-Metal-USB-Flash-Drive.jpg\" class=\"wp-image-3897\" srcset=\"https:\/\/www.usborkeychain.com\/wp-content\/uploads\/New-Design-Notebook-Button-Metal-USB-Flash-Drive.jpg 800w, https:\/\/www.usborkeychain.com\/wp-content\/uploads\/New-Design-Notebook-Button-Metal-USB-Flash-Drive-300x300.jpg 300w, https:\/\/www.usborkeychain.com\/wp-content\/uploads\/New-Design-Notebook-Button-Metal-USB-Flash-Drive-150x150.jpg 150w, https:\/\/www.usborkeychain.com\/wp-content\/uploads\/New-Design-Notebook-Button-Metal-USB-Flash-Drive-768x768.jpg 768w, https:\/\/www.usborkeychain.com\/wp-content\/uploads\/New-Design-Notebook-Button-Metal-USB-Flash-Drive-12x12.jpg 12w, https:\/\/www.usborkeychain.com\/wp-content\/uploads\/New-Design-Notebook-Button-Metal-USB-Flash-Drive-600x600.jpg 600w, https:\/\/www.usborkeychain.com\/wp-content\/uploads\/New-Design-Notebook-Button-Metal-USB-Flash-Drive-100x100.jpg 100w\" sizes=\"(max-width: 800px) 100vw, 800px\" \/><\/figure>\n<\/div>\n\n\n\n<div class=\"wp-block-column is-layout-flow wp-block-column-is-layout-flow\">\n<figure class=\"wp-block-image size-full\"><img alt=\"\" decoding=\"async\" width=\"800\" height=\"800\" src=\"https:\/\/www.usborkeychain.com\/wp-content\/uploads\/Best-notebook-with-usb-flash-drive.jpg\" class=\"wp-image-3895\" srcset=\"https:\/\/www.usborkeychain.com\/wp-content\/uploads\/Best-notebook-with-usb-flash-drive.jpg 800w, https:\/\/www.usborkeychain.com\/wp-content\/uploads\/Best-notebook-with-usb-flash-drive-300x300.jpg 300w, https:\/\/www.usborkeychain.com\/wp-content\/uploads\/Best-notebook-with-usb-flash-drive-150x150.jpg 150w, https:\/\/www.usborkeychain.com\/wp-content\/uploads\/Best-notebook-with-usb-flash-drive-768x768.jpg 768w, https:\/\/www.usborkeychain.com\/wp-content\/uploads\/Best-notebook-with-usb-flash-drive-12x12.jpg 12w, https:\/\/www.usborkeychain.com\/wp-content\/uploads\/Best-notebook-with-usb-flash-drive-600x600.jpg 600w, https:\/\/www.usborkeychain.com\/wp-content\/uploads\/Best-notebook-with-usb-flash-drive-100x100.jpg 100w\" sizes=\"(max-width: 800px) 100vw, 800px\" \/><\/figure>\n<\/div>\n<\/div>\n\n\n\n<p>Con su perfil delgado de 33\u00d713\u00d74,5 mm, encaja perfectamente en port\u00e1tiles de cuero PU o de tapa dura como soluci\u00f3n integrada de almacenamiento de datos. Ideal para reuniones de negocios, actos promocionales y regalos de empresa, esta unidad USB combina a la perfecci\u00f3n funcionalidad y elegancia.<\/p>\n\n\n\n<div class=\"wp-block-columns is-layout-flex wp-container-core-columns-is-layout-28f84493 wp-block-columns-is-layout-flex\">\n<div class=\"wp-block-column is-layout-flow wp-block-column-is-layout-flow\">\n<figure class=\"wp-block-image size-full\"><img alt=\"\" decoding=\"async\" width=\"800\" height=\"800\" src=\"https:\/\/www.usborkeychain.com\/wp-content\/uploads\/notebook-with-flash-drive.jpg\" class=\"wp-image-3898\" srcset=\"https:\/\/www.usborkeychain.com\/wp-content\/uploads\/notebook-with-flash-drive.jpg 800w, https:\/\/www.usborkeychain.com\/wp-content\/uploads\/notebook-with-flash-drive-300x300.jpg 300w, https:\/\/www.usborkeychain.com\/wp-content\/uploads\/notebook-with-flash-drive-150x150.jpg 150w, https:\/\/www.usborkeychain.com\/wp-content\/uploads\/notebook-with-flash-drive-768x768.jpg 768w, https:\/\/www.usborkeychain.com\/wp-content\/uploads\/notebook-with-flash-drive-12x12.jpg 12w, https:\/\/www.usborkeychain.com\/wp-content\/uploads\/notebook-with-flash-drive-600x600.jpg 600w, https:\/\/www.usborkeychain.com\/wp-content\/uploads\/notebook-with-flash-drive-100x100.jpg 100w\" sizes=\"(max-width: 800px) 100vw, 800px\" \/><\/figure>\n<\/div>\n\n\n\n<div class=\"wp-block-column is-layout-flow wp-block-column-is-layout-flow\">\n<figure class=\"wp-block-image size-full\"><img alt=\"\" loading=\"lazy\" decoding=\"async\" width=\"800\" height=\"800\" src=\"https:\/\/www.usborkeychain.com\/wp-content\/uploads\/Best-notebook-with-usb-flash-drive-128gb.jpg\" class=\"wp-image-3896\" srcset=\"https:\/\/www.usborkeychain.com\/wp-content\/uploads\/Best-notebook-with-usb-flash-drive-128gb.jpg 800w, https:\/\/www.usborkeychain.com\/wp-content\/uploads\/Best-notebook-with-usb-flash-drive-128gb-300x300.jpg 300w, https:\/\/www.usborkeychain.com\/wp-content\/uploads\/Best-notebook-with-usb-flash-drive-128gb-150x150.jpg 150w, https:\/\/www.usborkeychain.com\/wp-content\/uploads\/Best-notebook-with-usb-flash-drive-128gb-768x768.jpg 768w, https:\/\/www.usborkeychain.com\/wp-content\/uploads\/Best-notebook-with-usb-flash-drive-128gb-12x12.jpg 12w, https:\/\/www.usborkeychain.com\/wp-content\/uploads\/Best-notebook-with-usb-flash-drive-128gb-600x600.jpg 600w, https:\/\/www.usborkeychain.com\/wp-content\/uploads\/Best-notebook-with-usb-flash-drive-128gb-100x100.jpg 100w\" sizes=\"(max-width: 800px) 100vw, 800px\" \/><\/figure>\n<\/div>\n<\/div>\n\n\n\n<p><strong>Caracter\u00edsticas principales:<\/strong><\/p>\n\n\n\n<ul class=\"wp-block-list\">\n<li><strong>Material:<\/strong> Aleaci\u00f3n de zinc de primera calidad<\/li>\n\n\n\n<li><strong>Tama\u00f1o:<\/strong> 33 \u00d7 13 \u00d7 4,5 mm<\/li>\n\n\n\n<li><strong>Dise\u00f1o:<\/strong> Hebilla de torre semiredonda para una fijaci\u00f3n segura<\/li>\n\n\n\n<li><strong>Aplicaci\u00f3n:<\/strong> Unidad USB integrada para port\u00e1tiles personalizados<\/li>\n\n\n\n<li><strong>Casos pr\u00e1cticos:<\/strong> Cuadernos de empresa, regalos para conferencias, obsequios promocionales<\/li>\n\n\n\n<li><strong>Personalizaci\u00f3n:<\/strong> Grabado de logotipo y personalizaci\u00f3n completa del juego de bloc de notas-USB disponibles<\/li>\n<\/ul>\n\n\n\n<p>Tanto si es un fabricante de port\u00e1tiles como una marca corporativa que busca una soluci\u00f3n de regalo USB refinada, esta unidad flash met\u00e1lica incrustada es el complemento perfecto.<\/p>","protected":false},"excerpt":{"rendered":"<ul>\n<li>Aleaci\u00f3n de zinc de primera calidad<\/li>\n<li>Port\u00e1til con USB Flash<\/li>\n<li>MOQ:100PCS<\/li>\n<li>Logotipo de Csutom<\/li>\n<li>Se puede pedir con cuaderno<\/li>\n<\/ul>","protected":false},"featured_media":3896,"comment_status":"open","ping_status":"closed","template":"","meta":{"_seopress_robots_primary_cat":"","_seopress_titles_title":"","_seopress_titles_desc":"","_seopress_robots_index":"","site-sidebar-layout":"default","site-content-layout":"","ast-site-content-layout":"","site-content-style":"default","site-sidebar-style":"default","ast-global-header-display":"","ast-banner-title-visibility":"","ast-main-header-display":"","ast-hfb-above-header-display":"","ast-hfb-below-header-display":"","ast-hfb-mobile-header-display":"","site-post-title":"","ast-breadcrumbs-content":"","ast-featured-img":"","footer-sml-layout":"","theme-transparent-header-meta":"","adv-header-id-meta":"","stick-header-meta":"","header-above-stick-meta":"","header-main-stick-meta":"","header-below-stick-meta":"","astra-migrate-meta-layouts":"default","ast-page-background-enabled":"default","ast-page-background-meta":{"desktop":{"background-color":"var(--ast-global-color-5)","background-image":"","background-repeat":"repeat","background-position":"center center","background-size":"auto","background-attachment":"scroll","background-type":"","background-media":"","overlay-type":"","overlay-color":"","overlay-opacity":"","overlay-gradient":""},"tablet":{"background-color":"","background-image":"","background-repeat":"repeat","background-position":"center center","background-size":"auto","background-attachment":"scroll","background-type":"","background-media":"","overlay-type":"","overlay-color":"","overlay-opacity":"","overlay-gradient":""},"mobile":{"background-color":"","background-image":"","background-repeat":"repeat","background-position":"center center","background-size":"auto","background-attachment":"scroll","background-type":"","background-media":"","overlay-type":"","overlay-color":"","overlay-opacity":"","overlay-gradient":""}},"ast-content-background-meta":{"desktop":{"background-color":"var(--ast-global-color-4)","background-image":"","background-repeat":"repeat","background-position":"center center","background-size":"auto","background-attachment":"scroll","background-type":"","background-media":"","overlay-type":"","overlay-color":"","overlay-opacity":"","overlay-gradient":""},"tablet":{"background-color":"var(--ast-global-color-4)","background-image":"","background-repeat":"repeat","background-position":"center center","background-size":"auto","background-attachment":"scroll","background-type":"","background-media":"","overlay-type":"","overlay-color":"","overlay-opacity":"","overlay-gradient":""},"mobile":{"background-color":"var(--ast-global-color-4)","background-image":"","background-repeat":"repeat","background-position":"center center","background-size":"auto","background-attachment":"scroll","background-type":"","background-media":"","overlay-type":"","overlay-color":"","overlay-opacity":"","overlay-gradient":""}}},"product_brand":[],"product_cat":[99],"product_tag":[],"class_list":{"0":"post-3892","1":"product","2":"type-product","3":"status-publish","4":"has-post-thumbnail","6":"product_cat-usb-pendrive-with-notebook","7":"desktop-align-left","8":"tablet-align-left","9":"mobile-align-left","11":"first","12":"instock","13":"shipping-taxable","14":"product-type-simple"},"_links":{"self":[{"href":"https:\/\/www.usborkeychain.com\/es\/wp-json\/wp\/v2\/product\/3892","targetHints":{"allow":["GET"]}}],"collection":[{"href":"https:\/\/www.usborkeychain.com\/es\/wp-json\/wp\/v2\/product"}],"about":[{"href":"https:\/\/www.usborkeychain.com\/es\/wp-json\/wp\/v2\/types\/product"}],"replies":[{"embeddable":true,"href":"https:\/\/www.usborkeychain.com\/es\/wp-json\/wp\/v2\/comments?post=3892"}],"wp:featuredmedia":[{"embeddable":true,"href":"https:\/\/www.usborkeychain.com\/es\/wp-json\/wp\/v2\/media\/3896"}],"wp:attachment":[{"href":"https:\/\/www.usborkeychain.com\/es\/wp-json\/wp\/v2\/media?parent=3892"}],"wp:term":[{"taxonomy":"product_brand","embeddable":true,"href":"https:\/\/www.usborkeychain.com\/es\/wp-json\/wp\/v2\/product_brand?post=3892"},{"taxonomy":"product_cat","embeddable":true,"href":"https:\/\/www.usborkeychain.com\/es\/wp-json\/wp\/v2\/product_cat?post=3892"},{"taxonomy":"product_tag","embeddable":true,"href":"https:\/\/www.usborkeychain.com\/es\/wp-json\/wp\/v2\/product_tag?post=3892"}],"curies":[{"name":"wp","href":"https:\/\/api.w.org\/{rel}","templated":true}]}}