{"id":3902,"date":"2025-07-07T13:08:15","date_gmt":"2025-07-07T13:08:15","guid":{"rendered":"https:\/\/www.usborkeychain.com\/?post_type=product&#038;p=3902"},"modified":"2025-07-18T02:24:47","modified_gmt":"2025-07-18T02:24:47","slug":"sandisk-ultra-flair-cz73-usb-3-0-flash-drive","status":"publish","type":"product","link":"https:\/\/www.usborkeychain.com\/es\/producto\/sandisk-ultra-flair-cz73-usb-3-0-flash-drive\/","title":{"rendered":"Unidad flash USB 3.0 SanDisk Ultra Flair CZ73"},"content":{"rendered":"<p><\/p>\n\n\n\n<p><\/p>\n\n\n\n<div class=\"wp-block-columns is-layout-flex wp-container-core-columns-is-layout-28f84493 wp-block-columns-is-layout-flex\">\n<div class=\"wp-block-column is-layout-flow wp-block-column-is-layout-flow\">\n<figure class=\"wp-block-image size-full\"><img fetchpriority=\"high\" decoding=\"async\" width=\"800\" height=\"800\" src=\"https:\/\/www.usborkeychain.com\/wp-content\/uploads\/SanDisk-32GB-Ultra-Flair-CZ73-USB-3.0-Flash-Drive.jpg\" alt=\"SanDisk 32GB Ultra Flair CZ73 USB 3.0 Flash Drive\" class=\"wp-image-3906\" srcset=\"https:\/\/www.usborkeychain.com\/wp-content\/uploads\/SanDisk-32GB-Ultra-Flair-CZ73-USB-3.0-Flash-Drive.jpg 800w, https:\/\/www.usborkeychain.com\/wp-content\/uploads\/SanDisk-32GB-Ultra-Flair-CZ73-USB-3.0-Flash-Drive-300x300.jpg 300w, https:\/\/www.usborkeychain.com\/wp-content\/uploads\/SanDisk-32GB-Ultra-Flair-CZ73-USB-3.0-Flash-Drive-150x150.jpg 150w, https:\/\/www.usborkeychain.com\/wp-content\/uploads\/SanDisk-32GB-Ultra-Flair-CZ73-USB-3.0-Flash-Drive-768x768.jpg 768w, https:\/\/www.usborkeychain.com\/wp-content\/uploads\/SanDisk-32GB-Ultra-Flair-CZ73-USB-3.0-Flash-Drive-12x12.jpg 12w, https:\/\/www.usborkeychain.com\/wp-content\/uploads\/SanDisk-32GB-Ultra-Flair-CZ73-USB-3.0-Flash-Drive-600x600.jpg 600w, https:\/\/www.usborkeychain.com\/wp-content\/uploads\/SanDisk-32GB-Ultra-Flair-CZ73-USB-3.0-Flash-Drive-100x100.jpg 100w\" sizes=\"(max-width: 800px) 100vw, 800px\" \/><\/figure>\n<\/div>\n\n\n\n<div class=\"wp-block-column is-vertically-aligned-center is-layout-flow wp-block-column-is-layout-flow\">\n<p>La unidad flash USB 3.0 SanDisk Ultra Flair CZ73 cuenta con una elegante carcasa de metal cepillado que es a la vez duradera y moderna. Funciona con una interfaz USB 3.0.<\/p>\n\n\n\n<p>Ofrece velocidades de transferencia ultrarr\u00e1pidas de hasta 150 MB\/s, perfectas para transferir r\u00e1pidamente archivos de gran tama\u00f1o, como v\u00eddeos en alta definici\u00f3n, fotos o documentos importantes.<\/p>\n<\/div>\n<\/div>\n\n\n\n<p><strong>Caracter\u00edsticas principales:<\/strong><\/p>\n\n\n\n<ul class=\"wp-block-list\">\n<li><strong>Velocidades de transferencia superr\u00e1pidas:<\/strong> Rendimiento USB 3.0 con velocidades de lectura de hasta 150 MB\/s; retrocompatible con USB 2.0.<\/li>\n\n\n\n<li><strong>Dise\u00f1o elegante y duradero:<\/strong> Fabricado con un elegante cuerpo met\u00e1lico y un lazo transparente para un aspecto moderno y profesional.<\/li>\n\n\n\n<li><strong>Comodidad port\u00e1til:<\/strong> Ligera y compacta, con llavero integrado, ideal para engancharla a llaveros o bolsos.<\/li>\n\n\n\n<li><strong>M\u00faltiples opciones de almacenamiento:<\/strong> Disponible en una gama de capacidades de 16 GB a 128 GB, adecuada para el uso diario, el almacenamiento multimedia y las necesidades de trabajo.<\/li>\n\n\n\n<li><strong>Protecci\u00f3n segura de archivos:<\/strong> Incluye el software SanDisk SecureAccess\u2122 para crear una carpeta privada protegida con contrase\u00f1a para tus datos confidenciales.<\/li>\n<\/ul>\n\n\n\n<div class=\"wp-block-columns is-layout-flex wp-container-core-columns-is-layout-28f84493 wp-block-columns-is-layout-flex\">\n<div class=\"wp-block-column is-layout-flow wp-block-column-is-layout-flow\">\n<figure class=\"wp-block-image size-full\"><img alt=\"\" decoding=\"async\" width=\"800\" height=\"800\" src=\"https:\/\/www.usborkeychain.com\/wp-content\/uploads\/32GB-Black-SanDisk-Ultra-Flair-USB-3.0-Flash-Drive.jpg\" class=\"wp-image-3905\" srcset=\"https:\/\/www.usborkeychain.com\/wp-content\/uploads\/32GB-Black-SanDisk-Ultra-Flair-USB-3.0-Flash-Drive.jpg 800w, https:\/\/www.usborkeychain.com\/wp-content\/uploads\/32GB-Black-SanDisk-Ultra-Flair-USB-3.0-Flash-Drive-300x300.jpg 300w, https:\/\/www.usborkeychain.com\/wp-content\/uploads\/32GB-Black-SanDisk-Ultra-Flair-USB-3.0-Flash-Drive-150x150.jpg 150w, https:\/\/www.usborkeychain.com\/wp-content\/uploads\/32GB-Black-SanDisk-Ultra-Flair-USB-3.0-Flash-Drive-768x768.jpg 768w, https:\/\/www.usborkeychain.com\/wp-content\/uploads\/32GB-Black-SanDisk-Ultra-Flair-USB-3.0-Flash-Drive-12x12.jpg 12w, https:\/\/www.usborkeychain.com\/wp-content\/uploads\/32GB-Black-SanDisk-Ultra-Flair-USB-3.0-Flash-Drive-600x600.jpg 600w, https:\/\/www.usborkeychain.com\/wp-content\/uploads\/32GB-Black-SanDisk-Ultra-Flair-USB-3.0-Flash-Drive-100x100.jpg 100w\" sizes=\"(max-width: 800px) 100vw, 800px\" \/><\/figure>\n<\/div>\n\n\n\n<div class=\"wp-block-column is-layout-flow wp-block-column-is-layout-flow\">\n<figure class=\"wp-block-image size-full\"><img alt=\"\" decoding=\"async\" width=\"800\" height=\"800\" src=\"https:\/\/www.usborkeychain.com\/wp-content\/uploads\/SanDisk-128GB-Ultra-Flair-USB-3.0-Flash-Drive.jpg\" class=\"wp-image-3907\" srcset=\"https:\/\/www.usborkeychain.com\/wp-content\/uploads\/SanDisk-128GB-Ultra-Flair-USB-3.0-Flash-Drive.jpg 800w, https:\/\/www.usborkeychain.com\/wp-content\/uploads\/SanDisk-128GB-Ultra-Flair-USB-3.0-Flash-Drive-300x300.jpg 300w, https:\/\/www.usborkeychain.com\/wp-content\/uploads\/SanDisk-128GB-Ultra-Flair-USB-3.0-Flash-Drive-150x150.jpg 150w, https:\/\/www.usborkeychain.com\/wp-content\/uploads\/SanDisk-128GB-Ultra-Flair-USB-3.0-Flash-Drive-768x768.jpg 768w, https:\/\/www.usborkeychain.com\/wp-content\/uploads\/SanDisk-128GB-Ultra-Flair-USB-3.0-Flash-Drive-12x12.jpg 12w, https:\/\/www.usborkeychain.com\/wp-content\/uploads\/SanDisk-128GB-Ultra-Flair-USB-3.0-Flash-Drive-600x600.jpg 600w, https:\/\/www.usborkeychain.com\/wp-content\/uploads\/SanDisk-128GB-Ultra-Flair-USB-3.0-Flash-Drive-100x100.jpg 100w\" sizes=\"(max-width: 800px) 100vw, 800px\" \/><\/figure>\n<\/div>\n<\/div>\n\n\n\n<h2 class=\"wp-block-heading\">P: \u00bfQu\u00e9 opciones de color hay disponibles para la unidad flash USB 3.0 SanDisk Ultra Flair CZ73?<\/h2>\n\n\n\n<p><\/p>\n\n\n\n<div class=\"wp-block-columns is-layout-flex wp-container-core-columns-is-layout-28f84493 wp-block-columns-is-layout-flex\">\n<div class=\"wp-block-column is-layout-flow wp-block-column-is-layout-flow\">\n<figure class=\"wp-block-image size-full\"><img alt=\"\" loading=\"lazy\" decoding=\"async\" width=\"800\" height=\"496\" src=\"https:\/\/www.usborkeychain.com\/wp-content\/uploads\/SanDisk-Ultra-Flair-USB-3.0-Flash-pendrive.jpg\" class=\"wp-image-3910\" srcset=\"https:\/\/www.usborkeychain.com\/wp-content\/uploads\/SanDisk-Ultra-Flair-USB-3.0-Flash-pendrive.jpg 800w, https:\/\/www.usborkeychain.com\/wp-content\/uploads\/SanDisk-Ultra-Flair-USB-3.0-Flash-pendrive-300x186.jpg 300w, https:\/\/www.usborkeychain.com\/wp-content\/uploads\/SanDisk-Ultra-Flair-USB-3.0-Flash-pendrive-768x476.jpg 768w, https:\/\/www.usborkeychain.com\/wp-content\/uploads\/SanDisk-Ultra-Flair-USB-3.0-Flash-pendrive-18x12.jpg 18w, https:\/\/www.usborkeychain.com\/wp-content\/uploads\/SanDisk-Ultra-Flair-USB-3.0-Flash-pendrive-600x372.jpg 600w\" sizes=\"(max-width: 800px) 100vw, 800px\" \/><\/figure>\n<\/div>\n\n\n\n<div class=\"wp-block-column is-vertically-aligned-center is-layout-flow wp-block-column-is-layout-flow\">\n<p>R: La SanDisk Ultra Flair CZ73 est\u00e1 disponible en dos elegantes colores: negro cl\u00e1sico y azul cielo. Entre los dos, la versi\u00f3n en negro suele ser la m\u00e1s popular debido a su aspecto elegante y profesional, lo que la convierte en la opci\u00f3n preferida para usuarios empresariales y regalos de empresa.<\/p>\n\n\n\n<p> Sin embargo, la opci\u00f3n azul cielo tambi\u00e9n es bien recibida por su aspecto fresco y moderno, especialmente entre los estudiantes y los usuarios m\u00e1s j\u00f3venes que prefieren un estilo m\u00e1s vibrante.<\/p>\n<\/div>\n<\/div>\n\n\n\n<h2 class=\"wp-block-heading\"><br><strong>P: \u00bfQu\u00e9 capacidades hay disponibles para la unidad flash USB 3.0 SanDisk Ultra Flair CZ73?<\/strong><\/h2>\n\n\n\n<p><strong>A:<\/strong> El SanDisk Ultra Flair CZ73 est\u00e1 disponible en una amplia gama de capacidades: 32 GB, 64 GB, 128 GB, 256 GB y 512 GB. Esta variedad permite a los usuarios elegir el tama\u00f1o adecuado en funci\u00f3n de sus necesidades de almacenamiento, desde las transferencias diarias de documentos y fotos hasta el almacenamiento de archivos de v\u00eddeo y software de gran tama\u00f1o. Las capacidades m\u00e1s bajas, como 32 GB y 64 GB, son ideales para un uso b\u00e1sico o para regalos promocionales, mientras que las capacidades m\u00e1s altas, como 256 GB y 512 GB, son las preferidas por los profesionales y los usuarios de medios de comunicaci\u00f3n que necesitan un gran volumen de almacenamiento y un rendimiento r\u00e1pido.<\/p>\n\n\n\n<div class=\"wp-block-columns is-layout-flex wp-container-core-columns-is-layout-28f84493 wp-block-columns-is-layout-flex\">\n<div class=\"wp-block-column is-layout-flow wp-block-column-is-layout-flow\">\n<figure class=\"wp-block-image size-full\"><img alt=\"\" loading=\"lazy\" decoding=\"async\" width=\"800\" height=\"800\" src=\"https:\/\/www.usborkeychain.com\/wp-content\/uploads\/SanDisk-Ultra-Flair-16GB.jpg\" class=\"wp-image-3908\" srcset=\"https:\/\/www.usborkeychain.com\/wp-content\/uploads\/SanDisk-Ultra-Flair-16GB.jpg 800w, https:\/\/www.usborkeychain.com\/wp-content\/uploads\/SanDisk-Ultra-Flair-16GB-300x300.jpg 300w, https:\/\/www.usborkeychain.com\/wp-content\/uploads\/SanDisk-Ultra-Flair-16GB-150x150.jpg 150w, https:\/\/www.usborkeychain.com\/wp-content\/uploads\/SanDisk-Ultra-Flair-16GB-768x768.jpg 768w, https:\/\/www.usborkeychain.com\/wp-content\/uploads\/SanDisk-Ultra-Flair-16GB-12x12.jpg 12w, https:\/\/www.usborkeychain.com\/wp-content\/uploads\/SanDisk-Ultra-Flair-16GB-600x600.jpg 600w, https:\/\/www.usborkeychain.com\/wp-content\/uploads\/SanDisk-Ultra-Flair-16GB-100x100.jpg 100w\" sizes=\"(max-width: 800px) 100vw, 800px\" \/><\/figure>\n<\/div>\n\n\n\n<div class=\"wp-block-column is-layout-flow wp-block-column-is-layout-flow\">\n<figure class=\"wp-block-image size-full\"><img alt=\"\" loading=\"lazy\" decoding=\"async\" width=\"800\" height=\"800\" src=\"https:\/\/www.usborkeychain.com\/wp-content\/uploads\/SanDisk-Ultra-Flair-USB-3.0-Flash-Drive.jpg\" class=\"wp-image-3909\" srcset=\"https:\/\/www.usborkeychain.com\/wp-content\/uploads\/SanDisk-Ultra-Flair-USB-3.0-Flash-Drive.jpg 800w, https:\/\/www.usborkeychain.com\/wp-content\/uploads\/SanDisk-Ultra-Flair-USB-3.0-Flash-Drive-300x300.jpg 300w, https:\/\/www.usborkeychain.com\/wp-content\/uploads\/SanDisk-Ultra-Flair-USB-3.0-Flash-Drive-150x150.jpg 150w, https:\/\/www.usborkeychain.com\/wp-content\/uploads\/SanDisk-Ultra-Flair-USB-3.0-Flash-Drive-768x768.jpg 768w, https:\/\/www.usborkeychain.com\/wp-content\/uploads\/SanDisk-Ultra-Flair-USB-3.0-Flash-Drive-12x12.jpg 12w, https:\/\/www.usborkeychain.com\/wp-content\/uploads\/SanDisk-Ultra-Flair-USB-3.0-Flash-Drive-600x600.jpg 600w, https:\/\/www.usborkeychain.com\/wp-content\/uploads\/SanDisk-Ultra-Flair-USB-3.0-Flash-Drive-100x100.jpg 100w\" sizes=\"(max-width: 800px) 100vw, 800px\" \/><\/figure>\n<\/div>\n<\/div>","protected":false},"excerpt":{"rendered":"<ul>\n<li>Marca SanDisk<\/li>\n<li>Memoria USB 3.0<\/li>\n<li>Modelo Ultra Flair CZ73<\/li>\n<li>Negro cl\u00e1sico y azul cielo<\/li>\n<li>MOQ:100pcs<\/li>\n<\/ul>","protected":false},"featured_media":3906,"comment_status":"open","ping_status":"closed","template":"","meta":{"_seopress_robots_primary_cat":"","_seopress_titles_title":"","_seopress_titles_desc":"","_seopress_robots_index":"","site-sidebar-layout":"default","site-content-layout":"","ast-site-content-layout":"","site-content-style":"default","site-sidebar-style":"default","ast-global-header-display":"","ast-banner-title-visibility":"","ast-main-header-display":"","ast-hfb-above-header-display":"","ast-hfb-below-header-display":"","ast-hfb-mobile-header-display":"","site-post-title":"","ast-breadcrumbs-content":"","ast-featured-img":"","footer-sml-layout":"","theme-transparent-header-meta":"","adv-header-id-meta":"","stick-header-meta":"","header-above-stick-meta":"","header-main-stick-meta":"","header-below-stick-meta":"","astra-migrate-meta-layouts":"default","ast-page-background-enabled":"default","ast-page-background-meta":{"desktop":{"background-color":"var(--ast-global-color-5)","background-image":"","background-repeat":"repeat","background-position":"center center","background-size":"auto","background-attachment":"scroll","background-type":"","background-media":"","overlay-type":"","overlay-color":"","overlay-opacity":"","overlay-gradient":""},"tablet":{"background-color":"","background-image":"","background-repeat":"repeat","background-position":"center center","background-size":"auto","background-attachment":"scroll","background-type":"","background-media":"","overlay-type":"","overlay-color":"","overlay-opacity":"","overlay-gradient":""},"mobile":{"background-color":"","background-image":"","background-repeat":"repeat","background-position":"center center","background-size":"auto","background-attachment":"scroll","background-type":"","background-media":"","overlay-type":"","overlay-color":"","overlay-opacity":"","overlay-gradient":""}},"ast-content-background-meta":{"desktop":{"background-color":"var(--ast-global-color-4)","background-image":"","background-repeat":"repeat","background-position":"center center","background-size":"auto","background-attachment":"scroll","background-type":"","background-media":"","overlay-type":"","overlay-color":"","overlay-opacity":"","overlay-gradient":""},"tablet":{"background-color":"var(--ast-global-color-4)","background-image":"","background-repeat":"repeat","background-position":"center center","background-size":"auto","background-attachment":"scroll","background-type":"","background-media":"","overlay-type":"","overlay-color":"","overlay-opacity":"","overlay-gradient":""},"mobile":{"background-color":"var(--ast-global-color-4)","background-image":"","background-repeat":"repeat","background-position":"center center","background-size":"auto","background-attachment":"scroll","background-type":"","background-media":"","overlay-type":"","overlay-color":"","overlay-opacity":"","overlay-gradient":""}}},"product_brand":[],"product_cat":[111],"product_tag":[216],"class_list":{"0":"post-3902","1":"product","2":"type-product","3":"status-publish","4":"has-post-thumbnail","6":"product_cat-brand-usb-pendrive","7":"product_tag-sandisk-usb-flash-drive","8":"desktop-align-left","9":"tablet-align-left","10":"mobile-align-left","12":"first","13":"instock","14":"shipping-taxable","15":"product-type-simple"},"_links":{"self":[{"href":"https:\/\/www.usborkeychain.com\/es\/wp-json\/wp\/v2\/product\/3902","targetHints":{"allow":["GET"]}}],"collection":[{"href":"https:\/\/www.usborkeychain.com\/es\/wp-json\/wp\/v2\/product"}],"about":[{"href":"https:\/\/www.usborkeychain.com\/es\/wp-json\/wp\/v2\/types\/product"}],"replies":[{"embeddable":true,"href":"https:\/\/www.usborkeychain.com\/es\/wp-json\/wp\/v2\/comments?post=3902"}],"wp:featuredmedia":[{"embeddable":true,"href":"https:\/\/www.usborkeychain.com\/es\/wp-json\/wp\/v2\/media\/3906"}],"wp:attachment":[{"href":"https:\/\/www.usborkeychain.com\/es\/wp-json\/wp\/v2\/media?parent=3902"}],"wp:term":[{"taxonomy":"product_brand","embeddable":true,"href":"https:\/\/www.usborkeychain.com\/es\/wp-json\/wp\/v2\/product_brand?post=3902"},{"taxonomy":"product_cat","embeddable":true,"href":"https:\/\/www.usborkeychain.com\/es\/wp-json\/wp\/v2\/product_cat?post=3902"},{"taxonomy":"product_tag","embeddable":true,"href":"https:\/\/www.usborkeychain.com\/es\/wp-json\/wp\/v2\/product_tag?post=3902"}],"curies":[{"name":"wp","href":"https:\/\/api.w.org\/{rel}","templated":true}]}}