{"id":3953,"date":"2025-07-08T01:52:00","date_gmt":"2025-07-08T01:52:00","guid":{"rendered":"https:\/\/www.usborkeychain.com\/?post_type=product&#038;p=3953"},"modified":"2025-07-08T01:56:30","modified_gmt":"2025-07-08T01:56:30","slug":"coca-cola-bottle-shape-usb-flash-drive","status":"publish","type":"product","link":"https:\/\/www.usborkeychain.com\/es\/producto\/coca-cola-bottle-shape-usb-flash-drive\/","title":{"rendered":"Memoria USB con forma de botella de Coca-Cola"},"content":{"rendered":"<p><\/p>\n\n\n\n<div class=\"wp-block-columns is-layout-flex wp-container-core-columns-is-layout-28f84493 wp-block-columns-is-layout-flex\">\n<div class=\"wp-block-column is-layout-flow wp-block-column-is-layout-flow\">\n<figure class=\"wp-block-image size-full\"><img alt=\"\" fetchpriority=\"high\" decoding=\"async\" width=\"800\" height=\"800\" src=\"https:\/\/www.usborkeychain.com\/wp-content\/uploads\/Creative-Pepsi-Bottle-USB-Drive-for-Promotional-Use.jpg\" class=\"wp-image-3923\" srcset=\"https:\/\/www.usborkeychain.com\/wp-content\/uploads\/Creative-Pepsi-Bottle-USB-Drive-for-Promotional-Use.jpg 800w, https:\/\/www.usborkeychain.com\/wp-content\/uploads\/Creative-Pepsi-Bottle-USB-Drive-for-Promotional-Use-300x300.jpg 300w, https:\/\/www.usborkeychain.com\/wp-content\/uploads\/Creative-Pepsi-Bottle-USB-Drive-for-Promotional-Use-150x150.jpg 150w, https:\/\/www.usborkeychain.com\/wp-content\/uploads\/Creative-Pepsi-Bottle-USB-Drive-for-Promotional-Use-768x768.jpg 768w, https:\/\/www.usborkeychain.com\/wp-content\/uploads\/Creative-Pepsi-Bottle-USB-Drive-for-Promotional-Use-12x12.jpg 12w, https:\/\/www.usborkeychain.com\/wp-content\/uploads\/Creative-Pepsi-Bottle-USB-Drive-for-Promotional-Use-600x600.jpg 600w, https:\/\/www.usborkeychain.com\/wp-content\/uploads\/Creative-Pepsi-Bottle-USB-Drive-for-Promotional-Use-100x100.jpg 100w\" sizes=\"(max-width: 800px) 100vw, 800px\" \/><\/figure>\n<\/div>\n\n\n\n<div class=\"wp-block-column is-vertically-aligned-center is-layout-flow wp-block-column-is-layout-flow\">\n<p>Esta serie de memorias USB de botellas de Coca-Cola incluye tres modelos distintos, todos ellos fabricados con goma blanda de PVC respetuosa con el medio ambiente.<\/p>\n\n\n\n<p> El dise\u00f1o reproduce con precisi\u00f3n la botella real de Coca-Cola a escala 1:6 aproximadamente. Cada unidad mide menos de 60 mm de altura y ofrece una textura suave al tacto y caracter\u00edsticas detalladas en la superficie. <\/p>\n\n\n\n<p>Las unidades son a prueba de golpes, agua y polvo. Equipadas con interfaz USB 2.0, son compatibles con los sistemas Windows, Mac OS y Linux. Las capacidades de almacenamiento van de 4 GB a 64 GB, ideales para uso promocional, almacenamiento de datos o regalos corporativos de marca.<\/p>\n<\/div>\n<\/div>\n\n\n\n<h2 class=\"wp-block-heading\"><strong>1: Unidad USB 3D Cl\u00e1sica Botella Roja de Coca-Cola<\/strong><\/h2>\n\n\n\n<ul class=\"wp-block-list\">\n<li><strong>Color<\/strong>: Rojo Coca-Cola<\/li>\n\n\n\n<li><strong>Talla<\/strong>: Aprox. 58 mm (alto) \u00d7 18 mm (di\u00e1metro)<\/li>\n\n\n\n<li><strong>Interfaz<\/strong>: USB 2.0<\/li>\n\n\n\n<li><strong>Material<\/strong>: Caucho blando de PVC de alta elasticidad, moldeado integrado<\/li>\n\n\n\n<li><strong>Dise\u00f1o<\/strong>: La tapa desmontable de la botella oculta el conector USB; logotipo blanco impreso en la botella; detalles esculpidos en 3D que se asemejan mucho a la cl\u00e1sica botella de cristal.<\/li>\n<\/ul>\n\n\n\n<p>Este modelo es la versi\u00f3n est\u00e1ndar y m\u00e1s vendida de la serie, muy utilizada para promociones, regalos de marca y merchandising de eventos.<\/p>\n\n\n\n<div class=\"wp-block-columns is-layout-flex wp-container-core-columns-is-layout-28f84493 wp-block-columns-is-layout-flex\">\n<div class=\"wp-block-column is-layout-flow wp-block-column-is-layout-flow\">\n<figure class=\"wp-block-image size-full\"><img alt=\"\" decoding=\"async\" width=\"800\" height=\"800\" src=\"https:\/\/www.usborkeychain.com\/wp-content\/uploads\/Coca-Cola-bottle-shaped-pen-drive.jpg\" class=\"wp-image-3957\" srcset=\"https:\/\/www.usborkeychain.com\/wp-content\/uploads\/Coca-Cola-bottle-shaped-pen-drive.jpg 800w, https:\/\/www.usborkeychain.com\/wp-content\/uploads\/Coca-Cola-bottle-shaped-pen-drive-300x300.jpg 300w, https:\/\/www.usborkeychain.com\/wp-content\/uploads\/Coca-Cola-bottle-shaped-pen-drive-150x150.jpg 150w, https:\/\/www.usborkeychain.com\/wp-content\/uploads\/Coca-Cola-bottle-shaped-pen-drive-768x768.jpg 768w, https:\/\/www.usborkeychain.com\/wp-content\/uploads\/Coca-Cola-bottle-shaped-pen-drive-12x12.jpg 12w, https:\/\/www.usborkeychain.com\/wp-content\/uploads\/Coca-Cola-bottle-shaped-pen-drive-600x600.jpg 600w, https:\/\/www.usborkeychain.com\/wp-content\/uploads\/Coca-Cola-bottle-shaped-pen-drive-100x100.jpg 100w\" sizes=\"(max-width: 800px) 100vw, 800px\" \/><\/figure>\n<\/div>\n\n\n\n<div class=\"wp-block-column is-layout-flow wp-block-column-is-layout-flow\">\n<figure class=\"wp-block-image size-full\"><img alt=\"\" decoding=\"async\" width=\"800\" height=\"800\" src=\"https:\/\/www.usborkeychain.com\/wp-content\/uploads\/Coca-Cola-bottle-memory-stick.jpg\" class=\"wp-image-3956\" srcset=\"https:\/\/www.usborkeychain.com\/wp-content\/uploads\/Coca-Cola-bottle-memory-stick.jpg 800w, https:\/\/www.usborkeychain.com\/wp-content\/uploads\/Coca-Cola-bottle-memory-stick-300x300.jpg 300w, https:\/\/www.usborkeychain.com\/wp-content\/uploads\/Coca-Cola-bottle-memory-stick-150x150.jpg 150w, https:\/\/www.usborkeychain.com\/wp-content\/uploads\/Coca-Cola-bottle-memory-stick-768x768.jpg 768w, https:\/\/www.usborkeychain.com\/wp-content\/uploads\/Coca-Cola-bottle-memory-stick-12x12.jpg 12w, https:\/\/www.usborkeychain.com\/wp-content\/uploads\/Coca-Cola-bottle-memory-stick-600x600.jpg 600w, https:\/\/www.usborkeychain.com\/wp-content\/uploads\/Coca-Cola-bottle-memory-stick-100x100.jpg 100w\" sizes=\"(max-width: 800px) 100vw, 800px\" \/><\/figure>\n<\/div>\n<\/div>\n\n\n\n<h2 class=\"wp-block-heading\"><strong> 2: Botella de Coca-Cola negra y roja de edici\u00f3n limitada Unidad USB<\/strong><\/h2>\n\n\n\n<ul class=\"wp-block-list\">\n<li><strong>Color<\/strong>: Cuerpo negro con tapa roja<\/li>\n\n\n\n<li><strong>T\u00e9cnica del logotipo<\/strong>: Moldeado (etiquetado en molde), formado directamente durante el moldeo por inyecci\u00f3n, sin impresi\u00f3n, para garantizar la durabilidad y la resistencia a la decoloraci\u00f3n.<\/li>\n\n\n\n<li><strong>Talla<\/strong>: Igual que el modelo 1<\/li>\n\n\n\n<li><strong>Caracter\u00edsticas<\/strong>: Aspecto \u00fanico y moderno, adecuado para ediciones limitadas, regalos de primera calidad o eventos de marca de alto nivel.<\/li>\n<\/ul>\n\n\n\n<p>Gracias a su logotipo moldeado y a los colores en contraste, este modelo ofrece una identidad visual m\u00e1s premium y duradera.<\/p>\n\n\n\n<div class=\"wp-block-columns is-layout-flex wp-container-core-columns-is-layout-28f84493 wp-block-columns-is-layout-flex\">\n<div class=\"wp-block-column is-layout-flow wp-block-column-is-layout-flow\">\n<figure class=\"wp-block-image size-full\"><img alt=\"\" loading=\"lazy\" decoding=\"async\" width=\"800\" height=\"800\" src=\"https:\/\/www.usborkeychain.com\/wp-content\/uploads\/Coca-Cola-bottle-USB-drive.jpg\" class=\"wp-image-3959\" srcset=\"https:\/\/www.usborkeychain.com\/wp-content\/uploads\/Coca-Cola-bottle-USB-drive.jpg 800w, https:\/\/www.usborkeychain.com\/wp-content\/uploads\/Coca-Cola-bottle-USB-drive-300x300.jpg 300w, https:\/\/www.usborkeychain.com\/wp-content\/uploads\/Coca-Cola-bottle-USB-drive-150x150.jpg 150w, https:\/\/www.usborkeychain.com\/wp-content\/uploads\/Coca-Cola-bottle-USB-drive-768x768.jpg 768w, https:\/\/www.usborkeychain.com\/wp-content\/uploads\/Coca-Cola-bottle-USB-drive-12x12.jpg 12w, https:\/\/www.usborkeychain.com\/wp-content\/uploads\/Coca-Cola-bottle-USB-drive-600x600.jpg 600w, https:\/\/www.usborkeychain.com\/wp-content\/uploads\/Coca-Cola-bottle-USB-drive-100x100.jpg 100w\" sizes=\"(max-width: 800px) 100vw, 800px\" \/><\/figure>\n<\/div>\n\n\n\n<div class=\"wp-block-column is-layout-flow wp-block-column-is-layout-flow\">\n<figure class=\"wp-block-image size-full\"><img alt=\"\" loading=\"lazy\" decoding=\"async\" width=\"800\" height=\"800\" src=\"https:\/\/www.usborkeychain.com\/wp-content\/uploads\/Coca-Cola-bottle-USB-stick.jpg\" class=\"wp-image-3961\" srcset=\"https:\/\/www.usborkeychain.com\/wp-content\/uploads\/Coca-Cola-bottle-USB-stick.jpg 800w, https:\/\/www.usborkeychain.com\/wp-content\/uploads\/Coca-Cola-bottle-USB-stick-300x300.jpg 300w, https:\/\/www.usborkeychain.com\/wp-content\/uploads\/Coca-Cola-bottle-USB-stick-150x150.jpg 150w, https:\/\/www.usborkeychain.com\/wp-content\/uploads\/Coca-Cola-bottle-USB-stick-768x768.jpg 768w, https:\/\/www.usborkeychain.com\/wp-content\/uploads\/Coca-Cola-bottle-USB-stick-12x12.jpg 12w, https:\/\/www.usborkeychain.com\/wp-content\/uploads\/Coca-Cola-bottle-USB-stick-600x600.jpg 600w, https:\/\/www.usborkeychain.com\/wp-content\/uploads\/Coca-Cola-bottle-USB-stick-100x100.jpg 100w\" sizes=\"(max-width: 800px) 100vw, 800px\" \/><\/figure>\n<\/div>\n<\/div>\n\n\n\n<h2 class=\"wp-block-heading\"><strong>3: Inspirado por <strong>Coca-Cola<\/strong>Campa\u00f1a de promoci\u00f3n<\/strong><\/h2>\n\n\n\n<p><strong>Coca-Cola <\/strong>ya hab\u00eda utilizado una memoria USB con forma de botella como parte de sus campa\u00f1as de marketing. Se distribuyeron m\u00e1s de 100.000 unidades entre promociones en supermercados, activaciones offline y eventos de interacci\u00f3n con la marca. Los comentarios del mercado mostraron que, en comparaci\u00f3n con las memorias USB est\u00e1ndar, las memorias USB con forma de botella ten\u00edan un \u00edndice de retenci\u00f3n tres veces superior y un ciclo de uso medio de m\u00e1s de 6 meses, lo que ofrec\u00eda una mayor exposici\u00f3n de la marca.<\/p>\n\n\n\n<div class=\"wp-block-columns is-layout-flex wp-container-core-columns-is-layout-28f84493 wp-block-columns-is-layout-flex\">\n<div class=\"wp-block-column is-layout-flow wp-block-column-is-layout-flow\">\n<figure class=\"wp-block-image size-full\"><img alt=\"\" loading=\"lazy\" decoding=\"async\" width=\"800\" height=\"800\" src=\"https:\/\/www.usborkeychain.com\/wp-content\/uploads\/Coca-Cola-bottle-USB-flash-drive.jpg\" class=\"wp-image-3960\" srcset=\"https:\/\/www.usborkeychain.com\/wp-content\/uploads\/Coca-Cola-bottle-USB-flash-drive.jpg 800w, https:\/\/www.usborkeychain.com\/wp-content\/uploads\/Coca-Cola-bottle-USB-flash-drive-300x300.jpg 300w, https:\/\/www.usborkeychain.com\/wp-content\/uploads\/Coca-Cola-bottle-USB-flash-drive-150x150.jpg 150w, https:\/\/www.usborkeychain.com\/wp-content\/uploads\/Coca-Cola-bottle-USB-flash-drive-768x768.jpg 768w, https:\/\/www.usborkeychain.com\/wp-content\/uploads\/Coca-Cola-bottle-USB-flash-drive-12x12.jpg 12w, https:\/\/www.usborkeychain.com\/wp-content\/uploads\/Coca-Cola-bottle-USB-flash-drive-600x600.jpg 600w, https:\/\/www.usborkeychain.com\/wp-content\/uploads\/Coca-Cola-bottle-USB-flash-drive-100x100.jpg 100w\" sizes=\"(max-width: 800px) 100vw, 800px\" \/><\/figure>\n<\/div>\n\n\n\n<div class=\"wp-block-column is-layout-flow wp-block-column-is-layout-flow\">\n<figure class=\"wp-block-image size-full\"><img alt=\"\" loading=\"lazy\" decoding=\"async\" width=\"800\" height=\"800\" src=\"https:\/\/www.usborkeychain.com\/wp-content\/uploads\/Coca-Cola-bottle-style-flash-disk.jpg\" class=\"wp-image-3958\" srcset=\"https:\/\/www.usborkeychain.com\/wp-content\/uploads\/Coca-Cola-bottle-style-flash-disk.jpg 800w, https:\/\/www.usborkeychain.com\/wp-content\/uploads\/Coca-Cola-bottle-style-flash-disk-300x300.jpg 300w, https:\/\/www.usborkeychain.com\/wp-content\/uploads\/Coca-Cola-bottle-style-flash-disk-150x150.jpg 150w, https:\/\/www.usborkeychain.com\/wp-content\/uploads\/Coca-Cola-bottle-style-flash-disk-768x768.jpg 768w, https:\/\/www.usborkeychain.com\/wp-content\/uploads\/Coca-Cola-bottle-style-flash-disk-12x12.jpg 12w, https:\/\/www.usborkeychain.com\/wp-content\/uploads\/Coca-Cola-bottle-style-flash-disk-600x600.jpg 600w, https:\/\/www.usborkeychain.com\/wp-content\/uploads\/Coca-Cola-bottle-style-flash-disk-100x100.jpg 100w\" sizes=\"(max-width: 800px) 100vw, 800px\" \/><\/figure>\n<\/div>\n<\/div>\n\n\n\n<p>La adopci\u00f3n por parte de Coca-Cola de una estrategia similar -aprovechar los USB realistas con forma de botella para festivales, lanzamientos o regalos- puede aumentar significativamente la participaci\u00f3n de los consumidores y mejorar la visibilidad de la marca a trav\u00e9s de un dise\u00f1o de producto \u00fanico y personalizado.<\/p>","protected":false},"excerpt":{"rendered":"<ul>\n<li>Forma de botella de Coca-Cola<\/li>\n<li>Molde de PVC<\/li>\n<li>Tres estilos<\/li>\n<li>MOQ:100PCS<\/li>\n<li>Regalo para la empresa Coca-cola<\/li>\n<\/ul>","protected":false},"featured_media":3957,"comment_status":"open","ping_status":"closed","template":"","meta":{"_seopress_robots_primary_cat":"","_seopress_titles_title":"","_seopress_titles_desc":"","_seopress_robots_index":"","site-sidebar-layout":"default","site-content-layout":"","ast-site-content-layout":"","site-content-style":"default","site-sidebar-style":"default","ast-global-header-display":"","ast-banner-title-visibility":"","ast-main-header-display":"","ast-hfb-above-header-display":"","ast-hfb-below-header-display":"","ast-hfb-mobile-header-display":"","site-post-title":"","ast-breadcrumbs-content":"","ast-featured-img":"","footer-sml-layout":"","theme-transparent-header-meta":"","adv-header-id-meta":"","stick-header-meta":"","header-above-stick-meta":"","header-main-stick-meta":"","header-below-stick-meta":"","astra-migrate-meta-layouts":"default","ast-page-background-enabled":"default","ast-page-background-meta":{"desktop":{"background-color":"var(--ast-global-color-5)","background-image":"","background-repeat":"repeat","background-position":"center center","background-size":"auto","background-attachment":"scroll","background-type":"","background-media":"","overlay-type":"","overlay-color":"","overlay-opacity":"","overlay-gradient":""},"tablet":{"background-color":"","background-image":"","background-repeat":"repeat","background-position":"center center","background-size":"auto","background-attachment":"scroll","background-type":"","background-media":"","overlay-type":"","overlay-color":"","overlay-opacity":"","overlay-gradient":""},"mobile":{"background-color":"","background-image":"","background-repeat":"repeat","background-position":"center center","background-size":"auto","background-attachment":"scroll","background-type":"","background-media":"","overlay-type":"","overlay-color":"","overlay-opacity":"","overlay-gradient":""}},"ast-content-background-meta":{"desktop":{"background-color":"var(--ast-global-color-4)","background-image":"","background-repeat":"repeat","background-position":"center center","background-size":"auto","background-attachment":"scroll","background-type":"","background-media":"","overlay-type":"","overlay-color":"","overlay-opacity":"","overlay-gradient":""},"tablet":{"background-color":"var(--ast-global-color-4)","background-image":"","background-repeat":"repeat","background-position":"center center","background-size":"auto","background-attachment":"scroll","background-type":"","background-media":"","overlay-type":"","overlay-color":"","overlay-opacity":"","overlay-gradient":""},"mobile":{"background-color":"var(--ast-global-color-4)","background-image":"","background-repeat":"repeat","background-position":"center center","background-size":"auto","background-attachment":"scroll","background-type":"","background-media":"","overlay-type":"","overlay-color":"","overlay-opacity":"","overlay-gradient":""}}},"product_brand":[],"product_cat":[94],"product_tag":[218],"class_list":{"0":"post-3953","1":"product","2":"type-product","3":"status-publish","4":"has-post-thumbnail","6":"product_cat-pvc-usb-pendrive","7":"product_tag-bottle-usb-drive","8":"desktop-align-left","9":"tablet-align-left","10":"mobile-align-left","12":"first","13":"instock","14":"shipping-taxable","15":"product-type-simple"},"_links":{"self":[{"href":"https:\/\/www.usborkeychain.com\/es\/wp-json\/wp\/v2\/product\/3953","targetHints":{"allow":["GET"]}}],"collection":[{"href":"https:\/\/www.usborkeychain.com\/es\/wp-json\/wp\/v2\/product"}],"about":[{"href":"https:\/\/www.usborkeychain.com\/es\/wp-json\/wp\/v2\/types\/product"}],"replies":[{"embeddable":true,"href":"https:\/\/www.usborkeychain.com\/es\/wp-json\/wp\/v2\/comments?post=3953"}],"wp:featuredmedia":[{"embeddable":true,"href":"https:\/\/www.usborkeychain.com\/es\/wp-json\/wp\/v2\/media\/3957"}],"wp:attachment":[{"href":"https:\/\/www.usborkeychain.com\/es\/wp-json\/wp\/v2\/media?parent=3953"}],"wp:term":[{"taxonomy":"product_brand","embeddable":true,"href":"https:\/\/www.usborkeychain.com\/es\/wp-json\/wp\/v2\/product_brand?post=3953"},{"taxonomy":"product_cat","embeddable":true,"href":"https:\/\/www.usborkeychain.com\/es\/wp-json\/wp\/v2\/product_cat?post=3953"},{"taxonomy":"product_tag","embeddable":true,"href":"https:\/\/www.usborkeychain.com\/es\/wp-json\/wp\/v2\/product_tag?post=3953"}],"curies":[{"name":"wp","href":"https:\/\/api.w.org\/{rel}","templated":true}]}}