{"id":3969,"date":"2025-07-10T00:19:20","date_gmt":"2025-07-10T00:19:20","guid":{"rendered":"https:\/\/www.usborkeychain.com\/?post_type=product&#038;p=3969"},"modified":"2025-07-10T00:21:34","modified_gmt":"2025-07-10T00:21:34","slug":"glass-bottle-usb-drive-with-wooden-cork","status":"publish","type":"product","link":"https:\/\/www.usborkeychain.com\/es\/producto\/glass-bottle-usb-drive-with-wooden-cork\/","title":{"rendered":"Botella de cristal Unidad USB con corcho de madera"},"content":{"rendered":"<p><\/p>\n\n\n\n<div class=\"wp-block-columns is-layout-flex wp-container-core-columns-is-layout-28f84493 wp-block-columns-is-layout-flex\">\n<div class=\"wp-block-column is-layout-flow wp-block-column-is-layout-flow\">\n<figure class=\"wp-block-image size-large\"><img alt=\"Creative Glass Bottle USB Flash Drive\" fetchpriority=\"high\" decoding=\"async\" width=\"1024\" height=\"1024\" src=\"https:\/\/www.usborkeychain.com\/wp-content\/uploads\/Creative-Glass-Bottle-USB-Flash-Drive-1024x1024.jpg\" class=\"wp-image-3972\" srcset=\"https:\/\/www.usborkeychain.com\/wp-content\/uploads\/Creative-Glass-Bottle-USB-Flash-Drive-1024x1024.jpg 1024w, https:\/\/www.usborkeychain.com\/wp-content\/uploads\/Creative-Glass-Bottle-USB-Flash-Drive-300x300.jpg 300w, https:\/\/www.usborkeychain.com\/wp-content\/uploads\/Creative-Glass-Bottle-USB-Flash-Drive-150x150.jpg 150w, https:\/\/www.usborkeychain.com\/wp-content\/uploads\/Creative-Glass-Bottle-USB-Flash-Drive-768x768.jpg 768w, https:\/\/www.usborkeychain.com\/wp-content\/uploads\/Creative-Glass-Bottle-USB-Flash-Drive-12x12.jpg 12w, https:\/\/www.usborkeychain.com\/wp-content\/uploads\/Creative-Glass-Bottle-USB-Flash-Drive-600x600.jpg 600w, https:\/\/www.usborkeychain.com\/wp-content\/uploads\/Creative-Glass-Bottle-USB-Flash-Drive-100x100.jpg 100w, https:\/\/www.usborkeychain.com\/wp-content\/uploads\/Creative-Glass-Bottle-USB-Flash-Drive.jpg 1200w\" sizes=\"(max-width: 1024px) 100vw, 1024px\" \/><\/figure>\n<\/div>\n\n\n\n<div class=\"wp-block-column is-vertically-aligned-center is-layout-flow wp-block-column-is-layout-flow\">\n<p>Como fabricante profesional de unidades USB, hemos lanzado la exclusiva unidad USB de botella de cristal.<\/p>\n\n\n\n<p> El cuerpo de la botella es de cristal transparente y el tap\u00f3n de corcho texturizado, con un chip USB ingeniosamente incrustado en el interior del corcho. Esta perfecta combinaci\u00f3n de practicidad y est\u00e9tica permite a nuestra f\u00e1brica producirla en serie para satisfacer la demanda del mercado.<\/p>\n<\/div>\n<\/div>\n\n\n\n<h3 class=\"wp-block-heading\">\u00bfQu\u00e9 caracter\u00edsticas tiene la unidad USB para botellas de vidrio?<\/h3>\n\n\n\n<p>Esta unidad USB con forma de botella de cristal tiene un cuerpo de cristal transparente, que muestra una textura pura y transl\u00facida, mientras que el tap\u00f3n de corcho a\u00f1ade un toque natural. La forma general de la botella es \u00fanica y novedosa, lo que la convierte en un estilo muy representativo entre las unidades USB transparentes. El fabricante presta atenci\u00f3n a los detalles en el dise\u00f1o, lo que hace que el producto sea m\u00e1s atractivo.<\/p>\n\n\n\n<p>Una de las principales ventajas de la unidad USB para botellas de vidrio es su alto grado de personalizaci\u00f3n, que la hace especialmente adecuada para el marketing corporativo o la expresi\u00f3n emocional personal:<\/p>\n\n\n\n<div class=\"wp-block-columns is-layout-flex wp-container-core-columns-is-layout-9c22b1e3 wp-block-columns-is-layout-flex\">\n<div class=\"wp-block-column is-layout-flow wp-block-column-is-layout-flow\">\n<figure class=\"wp-block-image size-large\"><img alt=\"Glass Bottle Shaped USB Drive\" decoding=\"async\" width=\"1024\" height=\"1024\" src=\"https:\/\/www.usborkeychain.com\/wp-content\/uploads\/Glass-Bottle-Shaped-USB-Drive-1024x1024.jpg\" class=\"wp-image-3973\" srcset=\"https:\/\/www.usborkeychain.com\/wp-content\/uploads\/Glass-Bottle-Shaped-USB-Drive-1024x1024.jpg 1024w, https:\/\/www.usborkeychain.com\/wp-content\/uploads\/Glass-Bottle-Shaped-USB-Drive-300x300.jpg 300w, https:\/\/www.usborkeychain.com\/wp-content\/uploads\/Glass-Bottle-Shaped-USB-Drive-150x150.jpg 150w, https:\/\/www.usborkeychain.com\/wp-content\/uploads\/Glass-Bottle-Shaped-USB-Drive-768x768.jpg 768w, https:\/\/www.usborkeychain.com\/wp-content\/uploads\/Glass-Bottle-Shaped-USB-Drive-12x12.jpg 12w, https:\/\/www.usborkeychain.com\/wp-content\/uploads\/Glass-Bottle-Shaped-USB-Drive-600x600.jpg 600w, https:\/\/www.usborkeychain.com\/wp-content\/uploads\/Glass-Bottle-Shaped-USB-Drive-100x100.jpg 100w, https:\/\/www.usborkeychain.com\/wp-content\/uploads\/Glass-Bottle-Shaped-USB-Drive.jpg 1200w\" sizes=\"(max-width: 1024px) 100vw, 1024px\" \/><\/figure>\n<\/div>\n\n\n\n<div class=\"wp-block-column is-layout-flow wp-block-column-is-layout-flow\">\n<figure class=\"wp-block-image size-large\"><img alt=\"Glass Bottle USB Drive Custom\" decoding=\"async\" width=\"1024\" height=\"1024\" src=\"https:\/\/www.usborkeychain.com\/wp-content\/uploads\/Glass-Bottle-USB-Drive-Custom-1024x1024.jpg\" class=\"wp-image-3974\" srcset=\"https:\/\/www.usborkeychain.com\/wp-content\/uploads\/Glass-Bottle-USB-Drive-Custom-1024x1024.jpg 1024w, https:\/\/www.usborkeychain.com\/wp-content\/uploads\/Glass-Bottle-USB-Drive-Custom-300x300.jpg 300w, https:\/\/www.usborkeychain.com\/wp-content\/uploads\/Glass-Bottle-USB-Drive-Custom-150x150.jpg 150w, https:\/\/www.usborkeychain.com\/wp-content\/uploads\/Glass-Bottle-USB-Drive-Custom-768x768.jpg 768w, https:\/\/www.usborkeychain.com\/wp-content\/uploads\/Glass-Bottle-USB-Drive-Custom-12x12.jpg 12w, https:\/\/www.usborkeychain.com\/wp-content\/uploads\/Glass-Bottle-USB-Drive-Custom-600x600.jpg 600w, https:\/\/www.usborkeychain.com\/wp-content\/uploads\/Glass-Bottle-USB-Drive-Custom-100x100.jpg 100w, https:\/\/www.usborkeychain.com\/wp-content\/uploads\/Glass-Bottle-USB-Drive-Custom.jpg 1200w\" sizes=\"(max-width: 1024px) 100vw, 1024px\" \/><\/figure>\n<\/div>\n<\/div>\n\n\n\n<p>Transporte de contenidos emocionales: El interior de la botella tiene espacio para guardar peque\u00f1as notas, fotos, flores secas u otros objetos f\u00edsicos. Combinado con archivos digitales (como v\u00eddeos y documentos), permite una transmisi\u00f3n bidimensional de informaci\u00f3n \"digital + f\u00edsica\". Por ejemplo, en las bodas pueden guardarse fotos y bendiciones de los reci\u00e9n casados; en los actos corporativos, pueden colocarse en su interior programas de actos o cartas de agradecimiento, lo que aumenta la interactividad y la memorabilidad.<\/p>\n\n\n\n<h3 class=\"wp-block-heading\">\u00bfCu\u00e1les son los par\u00e1metros de la unidad USB para botellas de vidrio?<\/h3>\n\n\n\n<figure class=\"wp-block-table\"><table class=\"has-fixed-layout\"><thead><tr><th>Par\u00e1metro<\/th><th>Detalles<\/th><\/tr><\/thead><tbody><tr><td>Capacidad de almacenamiento<\/td><td>4GB, 8GB, 16GB, 32GB, 64GB, 128GB<\/td><\/tr><tr><td>Tipo de interfaz<\/td><td>USB 2.0, USB 3.0 (opcional)<\/td><\/tr><tr><td>Velocidad de lectura<\/td><td>USB 2.0: 15-20 MB\/s; USB 3.0: 80-100 MB\/s<\/td><\/tr><tr><td>Velocidad de escritura<\/td><td>USB 2.0: 3-6 MB\/s; USB 3.0: 15-30 MB\/s<\/td><\/tr><tr><td>Temperatura de funcionamiento<\/td><td>0-60\u2103<\/td><\/tr><tr><td>Temperatura de almacenamiento<\/td><td>-20-85\u2103<\/td><\/tr><tr><td>Material<\/td><td>Vidrio borosilicato, corcho natural<\/td><\/tr><tr><td>Talla<\/td><td>Altura 6-8cm, di\u00e1metro 2-3cm (se puede personalizar seg\u00fan las necesidades)<\/td><\/tr><\/tbody><\/table><\/figure>\n\n\n\n<h3 class=\"wp-block-heading\">\u00bfSe puede personalizar la unidad USB para botellas de vidrio con un logotipo?<\/h3>\n\n\n\n<p>Por supuesto, los logotipos se pueden imprimir con rodillo en la unidad USB de la botella de cristal, consiguiendo un efecto UV que hace que el logotipo sea m\u00e1s claro, duradero y lleno de textura. La f\u00e1brica est\u00e1 equipada con avanzados equipos de personalizaci\u00f3n para satisfacer las necesidades de personalizaci\u00f3n de los distintos clientes.<\/p>\n\n\n\n<div class=\"wp-block-columns is-layout-flex wp-container-core-columns-is-layout-28f84493 wp-block-columns-is-layout-flex\">\n<div class=\"wp-block-column is-layout-flow wp-block-column-is-layout-flow\">\n<figure class=\"wp-block-image size-large\"><img alt=\"Glass Bottle USB Stick with Cork\" loading=\"lazy\" decoding=\"async\" width=\"1024\" height=\"1024\" src=\"https:\/\/www.usborkeychain.com\/wp-content\/uploads\/Glass-Bottle-USB-Stick-with-Cork-1024x1024.jpg\" class=\"wp-image-3975\" srcset=\"https:\/\/www.usborkeychain.com\/wp-content\/uploads\/Glass-Bottle-USB-Stick-with-Cork-1024x1024.jpg 1024w, https:\/\/www.usborkeychain.com\/wp-content\/uploads\/Glass-Bottle-USB-Stick-with-Cork-300x300.jpg 300w, https:\/\/www.usborkeychain.com\/wp-content\/uploads\/Glass-Bottle-USB-Stick-with-Cork-150x150.jpg 150w, https:\/\/www.usborkeychain.com\/wp-content\/uploads\/Glass-Bottle-USB-Stick-with-Cork-768x768.jpg 768w, https:\/\/www.usborkeychain.com\/wp-content\/uploads\/Glass-Bottle-USB-Stick-with-Cork-12x12.jpg 12w, https:\/\/www.usborkeychain.com\/wp-content\/uploads\/Glass-Bottle-USB-Stick-with-Cork-600x600.jpg 600w, https:\/\/www.usborkeychain.com\/wp-content\/uploads\/Glass-Bottle-USB-Stick-with-Cork-100x100.jpg 100w, https:\/\/www.usborkeychain.com\/wp-content\/uploads\/Glass-Bottle-USB-Stick-with-Cork.jpg 1200w\" sizes=\"(max-width: 1024px) 100vw, 1024px\" \/><\/figure>\n<\/div>\n\n\n\n<div class=\"wp-block-column is-layout-flow wp-block-column-is-layout-flow\">\n<figure class=\"wp-block-image size-large\"><img alt=\"Glass Bottle USB Stick with Cork\" loading=\"lazy\" decoding=\"async\" width=\"1024\" height=\"1024\" src=\"https:\/\/www.usborkeychain.com\/wp-content\/uploads\/Promotional-Glass-Bottle-USB-Gift-1024x1024.jpg\" class=\"wp-image-3976\" srcset=\"https:\/\/www.usborkeychain.com\/wp-content\/uploads\/Promotional-Glass-Bottle-USB-Gift-1024x1024.jpg 1024w, https:\/\/www.usborkeychain.com\/wp-content\/uploads\/Promotional-Glass-Bottle-USB-Gift-300x300.jpg 300w, https:\/\/www.usborkeychain.com\/wp-content\/uploads\/Promotional-Glass-Bottle-USB-Gift-150x150.jpg 150w, https:\/\/www.usborkeychain.com\/wp-content\/uploads\/Promotional-Glass-Bottle-USB-Gift-768x768.jpg 768w, https:\/\/www.usborkeychain.com\/wp-content\/uploads\/Promotional-Glass-Bottle-USB-Gift-12x12.jpg 12w, https:\/\/www.usborkeychain.com\/wp-content\/uploads\/Promotional-Glass-Bottle-USB-Gift-600x600.jpg 600w, https:\/\/www.usborkeychain.com\/wp-content\/uploads\/Promotional-Glass-Bottle-USB-Gift-100x100.jpg 100w, https:\/\/www.usborkeychain.com\/wp-content\/uploads\/Promotional-Glass-Bottle-USB-Gift.jpg 1200w\" sizes=\"(max-width: 1024px) 100vw, 1024px\" \/><\/figure>\n<\/div>\n<\/div>\n\n\n\n<h3 class=\"wp-block-heading\">\u00bfQu\u00e9 sectores son adecuados para utilizarlo como regalo?<\/h3>\n\n\n\n<p>La industria de las bodas lo utiliza a menudo como regalo de recuerdo, y la impresi\u00f3n del logotipo de los reci\u00e9n casados en \u00e9l es muy memorable; la industria de la fotograf\u00eda puede utilizarlo como regalo de obras para demostrar profesionalidad; la industria de la protecci\u00f3n medioambiental tambi\u00e9n lo favorece, ya que se ajusta al concepto de protecci\u00f3n medioambiental. Nuestra f\u00e1brica puede suministrar al por mayor de acuerdo con las necesidades de diferentes industrias y apoya la producci\u00f3n personalizada.<\/p>\n\n\n\n<p>En conclusi\u00f3n, esta unidad USB para botellas de vidrio es un producto caracter\u00edstico y pr\u00e1ctico. Se vende directamente por el fabricante, apoya la personalizaci\u00f3n y venta al por mayor, y es una excelente opci\u00f3n para diversas industrias para comprar regalos.<\/p>","protected":false},"excerpt":{"rendered":"<ul>\n<li>En forma de botella<\/li>\n<li>Material de vidrio y cubierta de madera<\/li>\n<li>Personalizaci\u00f3n del logotipo de la marca<\/li>\n<li>Transmisi\u00f3n de contenidos emocionales<\/li>\n<li>Regalo de recuerdo<\/li>\n<li>MOQ:100pcs<\/li>\n<\/ul>","protected":false},"featured_media":3975,"comment_status":"open","ping_status":"closed","template":"","meta":{"_seopress_robots_primary_cat":"","_seopress_titles_title":"","_seopress_titles_desc":"","_seopress_robots_index":"","site-sidebar-layout":"default","site-content-layout":"","ast-site-content-layout":"","site-content-style":"default","site-sidebar-style":"default","ast-global-header-display":"","ast-banner-title-visibility":"","ast-main-header-display":"","ast-hfb-above-header-display":"","ast-hfb-below-header-display":"","ast-hfb-mobile-header-display":"","site-post-title":"","ast-breadcrumbs-content":"","ast-featured-img":"","footer-sml-layout":"","theme-transparent-header-meta":"","adv-header-id-meta":"","stick-header-meta":"","header-above-stick-meta":"","header-main-stick-meta":"","header-below-stick-meta":"","astra-migrate-meta-layouts":"default","ast-page-background-enabled":"default","ast-page-background-meta":{"desktop":{"background-color":"var(--ast-global-color-5)","background-image":"","background-repeat":"repeat","background-position":"center center","background-size":"auto","background-attachment":"scroll","background-type":"","background-media":"","overlay-type":"","overlay-color":"","overlay-opacity":"","overlay-gradient":""},"tablet":{"background-color":"","background-image":"","background-repeat":"repeat","background-position":"center center","background-size":"auto","background-attachment":"scroll","background-type":"","background-media":"","overlay-type":"","overlay-color":"","overlay-opacity":"","overlay-gradient":""},"mobile":{"background-color":"","background-image":"","background-repeat":"repeat","background-position":"center center","background-size":"auto","background-attachment":"scroll","background-type":"","background-media":"","overlay-type":"","overlay-color":"","overlay-opacity":"","overlay-gradient":""}},"ast-content-background-meta":{"desktop":{"background-color":"var(--ast-global-color-4)","background-image":"","background-repeat":"repeat","background-position":"center center","background-size":"auto","background-attachment":"scroll","background-type":"","background-media":"","overlay-type":"","overlay-color":"","overlay-opacity":"","overlay-gradient":""},"tablet":{"background-color":"var(--ast-global-color-4)","background-image":"","background-repeat":"repeat","background-position":"center center","background-size":"auto","background-attachment":"scroll","background-type":"","background-media":"","overlay-type":"","overlay-color":"","overlay-opacity":"","overlay-gradient":""},"mobile":{"background-color":"var(--ast-global-color-4)","background-image":"","background-repeat":"repeat","background-position":"center center","background-size":"auto","background-attachment":"scroll","background-type":"","background-media":"","overlay-type":"","overlay-color":"","overlay-opacity":"","overlay-gradient":""}}},"product_brand":[],"product_cat":[168],"product_tag":[219],"class_list":{"0":"post-3969","1":"product","2":"type-product","3":"status-publish","4":"has-post-thumbnail","6":"product_cat-wood-usb-flash-drive","7":"product_tag-bottle-shape-usb-flash-drive","8":"desktop-align-left","9":"tablet-align-left","10":"mobile-align-left","12":"first","13":"instock","14":"shipping-taxable","15":"product-type-simple"},"_links":{"self":[{"href":"https:\/\/www.usborkeychain.com\/es\/wp-json\/wp\/v2\/product\/3969","targetHints":{"allow":["GET"]}}],"collection":[{"href":"https:\/\/www.usborkeychain.com\/es\/wp-json\/wp\/v2\/product"}],"about":[{"href":"https:\/\/www.usborkeychain.com\/es\/wp-json\/wp\/v2\/types\/product"}],"replies":[{"embeddable":true,"href":"https:\/\/www.usborkeychain.com\/es\/wp-json\/wp\/v2\/comments?post=3969"}],"wp:featuredmedia":[{"embeddable":true,"href":"https:\/\/www.usborkeychain.com\/es\/wp-json\/wp\/v2\/media\/3975"}],"wp:attachment":[{"href":"https:\/\/www.usborkeychain.com\/es\/wp-json\/wp\/v2\/media?parent=3969"}],"wp:term":[{"taxonomy":"product_brand","embeddable":true,"href":"https:\/\/www.usborkeychain.com\/es\/wp-json\/wp\/v2\/product_brand?post=3969"},{"taxonomy":"product_cat","embeddable":true,"href":"https:\/\/www.usborkeychain.com\/es\/wp-json\/wp\/v2\/product_cat?post=3969"},{"taxonomy":"product_tag","embeddable":true,"href":"https:\/\/www.usborkeychain.com\/es\/wp-json\/wp\/v2\/product_tag?post=3969"}],"curies":[{"name":"wp","href":"https:\/\/api.w.org\/{rel}","templated":true}]}}